{"id":93838,"date":"2023-08-18T14:57:56","date_gmt":"2023-08-18T14:57:56","guid":{"rendered":"https:\/\/www.eliassen.nl\/?product=beeld-viool-op-standaard-135cm-terrazzo-145874717"},"modified":"2026-02-21T15:19:47","modified_gmt":"2026-02-21T14:19:47","slug":"bildgitarre-auf-standard-135-cm-verbundwerkstoff","status":"publish","type":"product","link":"https:\/\/www.eliassen.nl\/de\/bildgitarre-auf-standard-135-cm-verbundwerkstoff\/","title":{"rendered":"Statue Gitarre auf St\u00e4nder 135cm Komposit"},"content":{"rendered":"<p>Mit dieser Geige auf einem Sockel aus hochwertigem Verbundwerkstoff, der nicht weniger als 135 cm hoch und 46 cm breit ist, wird Ihr Garten, Ihr Gesch\u00e4ft oder Ihr Haus eine besondere Atmosph\u00e4re haben. Diese Skulptur kann sowohl im Innen- als auch im Au\u00dfenbereich aufgestellt werden.<br \/>\nDie Farbe ist grau. Das Foto kann immer in Form und Farbe variieren.<br \/>\nSie k\u00f6nnen sich diese Serie gerne in unseren Gesch\u00e4ftsr\u00e4umen ansehen, am besten nach Ihrem Anruf.<\/p>\n<p>Diese Skulptur ist aus Verbundstein gefertigt. Dieses Material enth\u00e4lt Steinstaub und -k\u00f6rner, Kunstharz und verschiedene andere F\u00fcllstoffe. Das Ergebnis ist ein steinhartes Material, das nicht rei\u00dft, farbecht ist und vom Gewicht her mit Beton vergleichbar ist.<\/p>\n<ul>\n<li>Gr\u00f6\u00dfe der H\u00f6he: 46x135cm<\/li>\n<li>Hochwertiger Verbundwerkstoff<\/li>\n<li>Handgemacht<\/li>\n<li><strong>Vieles aus dieser Serie ist auch in unserem Gesch\u00e4ft zu sehen<\/strong><\/li>\n<\/ul>\n","protected":false},"excerpt":{"rendered":"<p>Komposit aus Kunstharz und Marmormehl.<\/p>\n","protected":false},"featured_media":93829,"template":"","meta":{"_acf_changed":false,"_genesis_title":"","_genesis_description":""},"product_brand":[7505],"product_cat":[704,677,7239],"product_tag":[],"class_list":{"0":"post-93838","1":"product","2":"type-product","3":"status-publish","4":"has-post-thumbnail","6":"product_brand-sonstige","7":"product_cat-andere-modelle-gartenstatuen","8":"product_cat-betonstatuen","9":"product_cat-bilder","11":"first","12":"instock","13":"sale","14":"taxable","15":"shipping-taxable","16":"purchasable","17":"product-type-simple"},"acf":[],"meta_all":{"total_sales":"0","wcml_sync_hash":{"postmeta_fields":"d8b896c2b9ebe36a15b6b0422e8965ff"},"attr_label_translations":[],"cor_restricted_countries":[]},"meta_all_flat":{"total_sales":"0","wcml_sync_hash.postmeta_fields":"d8b896c2b9ebe36a15b6b0422e8965ff"},"yoast_head":"<!-- This site is optimized with the Yoast SEO Premium plugin v26.2 (Yoast SEO v27.2) - https:\/\/yoast.com\/product\/yoast-seo-premium-wordpress\/ -->\n<title>Statue Violine auf St\u00e4nder 135cm Komposit<\/title>\n<meta name=\"description\" content=\"Zusammengesetzte Bilder? Kommen Sie zu uns und \u00fcberzeugen Sie sich selbst von der Qualit\u00e4t !!!\" \/>\n<meta name=\"robots\" content=\"index, follow, max-snippet:-1, max-image-preview:large, max-video-preview:-1\" \/>\n<link rel=\"canonical\" href=\"https:\/\/www.eliassen.nl\/de\/bildgitarre-auf-standard-135-cm-verbundwerkstoff\/\" \/>\n<meta property=\"og:locale\" content=\"de_DE\" \/>\n<meta property=\"og:type\" content=\"article\" \/>\n<meta property=\"og:title\" content=\"Sonstige Statue Gitarre auf St\u00e4nder 135cm Komposit - Eliassen.nl\" \/>\n<meta property=\"og:description\" content=\"Zusammengesetzte Bilder? Kommen Sie zu uns und \u00fcberzeugen Sie sich selbst von der Qualit\u00e4t !!!\" \/>\n<meta property=\"og:url\" content=\"https:\/\/www.eliassen.nl\/de\/bildgitarre-auf-standard-135-cm-verbundwerkstoff\/\" \/>\n<meta property=\"og:site_name\" content=\"Eliassen.nl\" \/>\n<meta property=\"article:publisher\" content=\"https:\/\/www.facebook.com\/TuincentrumEliassenAmmerzoden\" \/>\n<meta property=\"article:modified_time\" content=\"2026-02-21T14:19:47+00:00\" \/>\n<meta property=\"og:image\" content=\"https:\/\/www.eliassen.nl\/wp-content\/uploads\/2024\/01\/myproject15_2nd.png\" \/>\n\t<meta property=\"og:image:width\" content=\"1080\" \/>\n\t<meta property=\"og:image:height\" content=\"1920\" \/>\n\t<meta property=\"og:image:type\" content=\"image\/png\" \/>\n<meta name=\"twitter:card\" content=\"summary_large_image\" \/>\n<script type=\"application\/ld+json\" class=\"yoast-schema-graph\">{\"@context\":\"https:\/\/schema.org\",\"@graph\":[{\"@type\":\"WebPage\",\"@id\":\"https:\/\/www.eliassen.nl\/de\/bildgitarre-auf-standard-135-cm-verbundwerkstoff\/\",\"url\":\"https:\/\/www.eliassen.nl\/de\/bildgitarre-auf-standard-135-cm-verbundwerkstoff\/\",\"name\":\"Statue Violine auf St\u00e4nder 135cm Komposit\",\"isPartOf\":{\"@id\":\"https:\/\/www.eliassen.nl\/de\/#website\"},\"primaryImageOfPage\":{\"@id\":\"https:\/\/www.eliassen.nl\/de\/bildgitarre-auf-standard-135-cm-verbundwerkstoff\/#primaryimage\"},\"image\":{\"@id\":\"https:\/\/www.eliassen.nl\/de\/bildgitarre-auf-standard-135-cm-verbundwerkstoff\/#primaryimage\"},\"thumbnailUrl\":\"https:\/\/www.eliassen.nl\/wp-content\/uploads\/2024\/01\/myproject15_2nd.png\",\"datePublished\":\"2023-08-18T14:57:56+00:00\",\"dateModified\":\"2026-02-21T14:19:47+00:00\",\"description\":\"Zusammengesetzte Bilder? Kommen Sie zu uns und \u00fcberzeugen Sie sich selbst von der Qualit\u00e4t !!!\",\"breadcrumb\":{\"@id\":\"https:\/\/www.eliassen.nl\/de\/bildgitarre-auf-standard-135-cm-verbundwerkstoff\/#breadcrumb\"},\"inLanguage\":\"de\",\"potentialAction\":[{\"@type\":\"ReadAction\",\"target\":[\"https:\/\/www.eliassen.nl\/de\/bildgitarre-auf-standard-135-cm-verbundwerkstoff\/\"]}]},{\"@type\":\"ImageObject\",\"inLanguage\":\"de\",\"@id\":\"https:\/\/www.eliassen.nl\/de\/bildgitarre-auf-standard-135-cm-verbundwerkstoff\/#primaryimage\",\"url\":\"https:\/\/www.eliassen.nl\/wp-content\/uploads\/2024\/01\/myproject15_2nd.png\",\"contentUrl\":\"https:\/\/www.eliassen.nl\/wp-content\/uploads\/2024\/01\/myproject15_2nd.png\",\"width\":1080,\"height\":1920,\"caption\":\"Mein Projekt-1 (5)\"},{\"@type\":\"BreadcrumbList\",\"@id\":\"https:\/\/www.eliassen.nl\/de\/bildgitarre-auf-standard-135-cm-verbundwerkstoff\/#breadcrumb\",\"itemListElement\":[{\"@type\":\"ListItem\",\"position\":1,\"name\":\"Home\",\"item\":\"https:\/\/www.eliassen.nl\/de\/\"},{\"@type\":\"ListItem\",\"position\":2,\"name\":\"Shop\",\"item\":\"https:\/\/www.eliassen.nl\/de\/shop\/\"},{\"@type\":\"ListItem\",\"position\":3,\"name\":\"Bilder\",\"item\":\"https:\/\/www.eliassen.nl\/de\/bilder\/\"},{\"@type\":\"ListItem\",\"position\":4,\"name\":\"Betonstatuen\",\"item\":\"https:\/\/www.eliassen.nl\/de\/bilder\/betonstatuen\/\"},{\"@type\":\"ListItem\",\"position\":5,\"name\":\"Andere Modelle Gartenstatuen\",\"item\":\"https:\/\/www.eliassen.nl\/de\/bilder\/betonstatuen\/andere-modelle-gartenstatuen\/\"},{\"@type\":\"ListItem\",\"position\":6,\"name\":\"Statue Gitarre auf St\u00e4nder 135cm Komposit\"}]},{\"@type\":\"WebSite\",\"@id\":\"https:\/\/www.eliassen.nl\/de\/#website\",\"url\":\"https:\/\/www.eliassen.nl\/de\/\",\"name\":\"Eliassen Home & Garden Pleasure\",\"description\":\"\",\"publisher\":{\"@id\":\"https:\/\/www.eliassen.nl\/de\/#organization\"},\"alternateName\":\"Eliassen.nl\",\"potentialAction\":[{\"@type\":\"SearchAction\",\"target\":{\"@type\":\"EntryPoint\",\"urlTemplate\":\"https:\/\/www.eliassen.nl\/de\/?s={search_term_string}\"},\"query-input\":{\"@type\":\"PropertyValueSpecification\",\"valueRequired\":true,\"valueName\":\"search_term_string\"}}],\"inLanguage\":\"de\"},{\"@type\":[\"Organization\",\"Place\"],\"@id\":\"https:\/\/www.eliassen.nl\/de\/#organization\",\"name\":\"Eliassen Home & Garden Pleasure\",\"url\":\"https:\/\/www.eliassen.nl\/de\/\",\"logo\":{\"@id\":\"https:\/\/www.eliassen.nl\/de\/bildgitarre-auf-standard-135-cm-verbundwerkstoff\/#local-main-organization-logo\"},\"image\":{\"@id\":\"https:\/\/www.eliassen.nl\/de\/bildgitarre-auf-standard-135-cm-verbundwerkstoff\/#local-main-organization-logo\"},\"sameAs\":[\"https:\/\/www.facebook.com\/TuincentrumEliassenAmmerzoden\",\"https:\/\/www.instagram.com\/eliassenhomeandgarden\/\",\"https:\/\/nl.pinterest.com\/eliassenhomeandgarden\/\",\"https:\/\/www.youtube.com\/@eliassenhomegardenpleasure4558\"],\"telephone\":[],\"openingHoursSpecification\":[{\"@type\":\"OpeningHoursSpecification\",\"dayOfWeek\":[\"Monday\",\"Tuesday\",\"Wednesday\",\"Thursday\",\"Friday\",\"Saturday\",\"Sunday\"],\"opens\":\"09:00\",\"closes\":\"17:00\"}]},{\"@type\":\"ImageObject\",\"inLanguage\":\"de\",\"@id\":\"https:\/\/www.eliassen.nl\/de\/bildgitarre-auf-standard-135-cm-verbundwerkstoff\/#local-main-organization-logo\",\"url\":\"https:\/\/www.eliassen.nl\/wp-content\/uploads\/2024\/01\/logo_4nd.jpg\",\"contentUrl\":\"https:\/\/www.eliassen.nl\/wp-content\/uploads\/2024\/01\/logo_4nd.jpg\",\"width\":500,\"height\":500,\"caption\":\"Eliassen Home & Garden Pleasure\"}]}<\/script>\n<meta property=\"product:price:amount\" content=\"299.00\" \/>\n<meta property=\"product:price:currency\" content=\"EUR\" \/>\n<meta property=\"og:availability\" content=\"instock\" \/>\n<meta property=\"product:availability\" content=\"instock\" \/>\n<meta property=\"product:retailer_item_id\" content=\"Rogs126\" \/>\n<meta property=\"product:condition\" content=\"new\" \/>\n<!-- \/ Yoast SEO Premium plugin. -->","yoast_head_json":{"title":"Statue Violine auf St\u00e4nder 135cm Komposit","description":"Zusammengesetzte Bilder? Kommen Sie zu uns und \u00fcberzeugen Sie sich selbst von der Qualit\u00e4t !!!","robots":{"index":"index","follow":"follow","max-snippet":"max-snippet:-1","max-image-preview":"max-image-preview:large","max-video-preview":"max-video-preview:-1"},"canonical":"https:\/\/www.eliassen.nl\/de\/bildgitarre-auf-standard-135-cm-verbundwerkstoff\/","og_locale":"de_DE","og_type":"article","og_title":"Sonstige Statue Gitarre auf St\u00e4nder 135cm Komposit - Eliassen.nl","og_description":"Zusammengesetzte Bilder? Kommen Sie zu uns und \u00fcberzeugen Sie sich selbst von der Qualit\u00e4t !!!","og_url":"https:\/\/www.eliassen.nl\/de\/bildgitarre-auf-standard-135-cm-verbundwerkstoff\/","og_site_name":"Eliassen.nl","article_publisher":"https:\/\/www.facebook.com\/TuincentrumEliassenAmmerzoden","article_modified_time":"2026-02-21T14:19:47+00:00","og_image":[{"width":1080,"height":1920,"url":"https:\/\/www.eliassen.nl\/wp-content\/uploads\/2024\/01\/myproject15_2nd.png","type":"image\/png"}],"twitter_card":"summary_large_image","schema":{"@context":"https:\/\/schema.org","@graph":[{"@type":"WebPage","@id":"https:\/\/www.eliassen.nl\/de\/bildgitarre-auf-standard-135-cm-verbundwerkstoff\/","url":"https:\/\/www.eliassen.nl\/de\/bildgitarre-auf-standard-135-cm-verbundwerkstoff\/","name":"Statue Violine auf St\u00e4nder 135cm Komposit","isPartOf":{"@id":"https:\/\/www.eliassen.nl\/de\/#website"},"primaryImageOfPage":{"@id":"https:\/\/www.eliassen.nl\/de\/bildgitarre-auf-standard-135-cm-verbundwerkstoff\/#primaryimage"},"image":{"@id":"https:\/\/www.eliassen.nl\/de\/bildgitarre-auf-standard-135-cm-verbundwerkstoff\/#primaryimage"},"thumbnailUrl":"https:\/\/www.eliassen.nl\/wp-content\/uploads\/2024\/01\/myproject15_2nd.png","datePublished":"2023-08-18T14:57:56+00:00","dateModified":"2026-02-21T14:19:47+00:00","description":"Zusammengesetzte Bilder? Kommen Sie zu uns und \u00fcberzeugen Sie sich selbst von der Qualit\u00e4t !!!","breadcrumb":{"@id":"https:\/\/www.eliassen.nl\/de\/bildgitarre-auf-standard-135-cm-verbundwerkstoff\/#breadcrumb"},"inLanguage":"de","potentialAction":[{"@type":"ReadAction","target":["https:\/\/www.eliassen.nl\/de\/bildgitarre-auf-standard-135-cm-verbundwerkstoff\/"]}]},{"@type":"ImageObject","inLanguage":"de","@id":"https:\/\/www.eliassen.nl\/de\/bildgitarre-auf-standard-135-cm-verbundwerkstoff\/#primaryimage","url":"https:\/\/www.eliassen.nl\/wp-content\/uploads\/2024\/01\/myproject15_2nd.png","contentUrl":"https:\/\/www.eliassen.nl\/wp-content\/uploads\/2024\/01\/myproject15_2nd.png","width":1080,"height":1920,"caption":"Mein Projekt-1 (5)"},{"@type":"BreadcrumbList","@id":"https:\/\/www.eliassen.nl\/de\/bildgitarre-auf-standard-135-cm-verbundwerkstoff\/#breadcrumb","itemListElement":[{"@type":"ListItem","position":1,"name":"Home","item":"https:\/\/www.eliassen.nl\/de\/"},{"@type":"ListItem","position":2,"name":"Shop","item":"https:\/\/www.eliassen.nl\/de\/shop\/"},{"@type":"ListItem","position":3,"name":"Bilder","item":"https:\/\/www.eliassen.nl\/de\/bilder\/"},{"@type":"ListItem","position":4,"name":"Betonstatuen","item":"https:\/\/www.eliassen.nl\/de\/bilder\/betonstatuen\/"},{"@type":"ListItem","position":5,"name":"Andere Modelle Gartenstatuen","item":"https:\/\/www.eliassen.nl\/de\/bilder\/betonstatuen\/andere-modelle-gartenstatuen\/"},{"@type":"ListItem","position":6,"name":"Statue Gitarre auf St\u00e4nder 135cm Komposit"}]},{"@type":"WebSite","@id":"https:\/\/www.eliassen.nl\/de\/#website","url":"https:\/\/www.eliassen.nl\/de\/","name":"Eliassen Home & Garden Pleasure","description":"","publisher":{"@id":"https:\/\/www.eliassen.nl\/de\/#organization"},"alternateName":"Eliassen.nl","potentialAction":[{"@type":"SearchAction","target":{"@type":"EntryPoint","urlTemplate":"https:\/\/www.eliassen.nl\/de\/?s={search_term_string}"},"query-input":{"@type":"PropertyValueSpecification","valueRequired":true,"valueName":"search_term_string"}}],"inLanguage":"de"},{"@type":["Organization","Place"],"@id":"https:\/\/www.eliassen.nl\/de\/#organization","name":"Eliassen Home & Garden Pleasure","url":"https:\/\/www.eliassen.nl\/de\/","logo":{"@id":"https:\/\/www.eliassen.nl\/de\/bildgitarre-auf-standard-135-cm-verbundwerkstoff\/#local-main-organization-logo"},"image":{"@id":"https:\/\/www.eliassen.nl\/de\/bildgitarre-auf-standard-135-cm-verbundwerkstoff\/#local-main-organization-logo"},"sameAs":["https:\/\/www.facebook.com\/TuincentrumEliassenAmmerzoden","https:\/\/www.instagram.com\/eliassenhomeandgarden\/","https:\/\/nl.pinterest.com\/eliassenhomeandgarden\/","https:\/\/www.youtube.com\/@eliassenhomegardenpleasure4558"],"telephone":[],"openingHoursSpecification":[{"@type":"OpeningHoursSpecification","dayOfWeek":["Monday","Tuesday","Wednesday","Thursday","Friday","Saturday","Sunday"],"opens":"09:00","closes":"17:00"}]},{"@type":"ImageObject","inLanguage":"de","@id":"https:\/\/www.eliassen.nl\/de\/bildgitarre-auf-standard-135-cm-verbundwerkstoff\/#local-main-organization-logo","url":"https:\/\/www.eliassen.nl\/wp-content\/uploads\/2024\/01\/logo_4nd.jpg","contentUrl":"https:\/\/www.eliassen.nl\/wp-content\/uploads\/2024\/01\/logo_4nd.jpg","width":500,"height":500,"caption":"Eliassen Home & Garden Pleasure"}]},"product_price_amount":"299.00","product_price_currency":"EUR","og_availability":"instock","product_availability":"instock","product_retailer_item_id":"Rogs126","product_condition":"new"},"df_price":299,"df_sale_price":299,"df_regular_price":450,"df_image_link":"https:\/\/www.eliassen.nl\/wp-content\/uploads\/2024\/01\/myproject15_2nd.png","image":"https:\/\/www.eliassen.nl\/wp-content\/uploads\/2024\/01\/myproject15_2nd.png","price_search":"<span class=\"woocommerce-Price-amount amount\"><bdi><span class=\"woocommerce-Price-currencySymbol\">&euro;<\/span>&nbsp;299,00<\/bdi><\/span>","category":"Andere Modelle Gartenstatuen","global_unique_id":"6096518215238","_links":{"self":[{"href":"https:\/\/www.eliassen.nl\/de\/wp-json\/wp\/v2\/product\/93838","targetHints":{"allow":["GET"]}}],"collection":[{"href":"https:\/\/www.eliassen.nl\/de\/wp-json\/wp\/v2\/product"}],"about":[{"href":"https:\/\/www.eliassen.nl\/de\/wp-json\/wp\/v2\/types\/product"}],"wp:featuredmedia":[{"embeddable":true,"href":"https:\/\/www.eliassen.nl\/de\/wp-json\/wp\/v2\/media\/93829"}],"wp:attachment":[{"href":"https:\/\/www.eliassen.nl\/de\/wp-json\/wp\/v2\/media?parent=93838"}],"wp:term":[{"taxonomy":"product_brand","embeddable":true,"href":"https:\/\/www.eliassen.nl\/de\/wp-json\/wp\/v2\/product_brand?post=93838"},{"taxonomy":"product_cat","embeddable":true,"href":"https:\/\/www.eliassen.nl\/de\/wp-json\/wp\/v2\/product_cat?post=93838"},{"taxonomy":"product_tag","embeddable":true,"href":"https:\/\/www.eliassen.nl\/de\/wp-json\/wp\/v2\/product_tag?post=93838"}],"curies":[{"name":"wp","href":"https:\/\/api.w.org\/{rel}","templated":true}]}}