{"id":92647,"date":"2023-08-02T12:17:05","date_gmt":"2023-08-02T12:17:05","guid":{"rendered":"https:\/\/www.eliassen.nl\/?product=watertafel-aluminium-rechthoek-2-fonteinen-150x60x"},"modified":"2026-02-23T17:20:02","modified_gmt":"2026-02-23T16:20:02","slug":"wassertisch-aluminium-rechteck-2-brunnen-150x60x40cm","status":"publish","type":"product","link":"https:\/\/www.eliassen.nl\/de\/wassertisch-aluminium-rechteck-2-brunnen-150x60x40cm\/","title":{"rendered":"Wassertisch Aluminium Rechteck 2 Font\u00e4nen 150x60x40cm"},"content":{"rendered":"<p><a href=\"https:\/\/cdn.adezz.com\/production\/ERP_handleidingen\/Productmodellen\/646\/591\/ADEZZ%20Waterelementen%20NL.pdf\"><strong><u>Handbuch<\/u><\/strong><\/a><strong> <u>|<\/u> <a href=\"https:\/\/cdn.adezz.com\/production\/ERP_handleidingen\/Producten\/1472\/313\/AB3.%204000x1000x400%20Sheet%201.PDF\"><u>Skizze<\/u><\/a><\/strong><\/p>\n<p><strong><a href=\"https:\/\/www.youtube.com\/watch?v=zdflGbngZCM\" target=\"_blank\" rel=\"noopener\"><img decoding=\"async\" src=\"https:\/\/www.eliassen.nl\/wp-content\/uploads\/2025\/12\/youtube-play.png\" alt=\"\" width=\"27\" height=\"27\"><\/a><\/strong><strong><a href=\"https:\/\/www.youtube.com\/watch?v=zdflGbngZCM\" target=\"_blank\" rel=\"noopener\">Seien Sie<\/a><\/strong><strong><a href=\"https:\/\/www.youtube.com\/watch?v=zdflGbngZCM\" target=\"_blank\" rel=\"noopener\">Video ansehen<\/a><\/strong><\/p>\n<p>Sehr sch\u00f6ner handgefertigter und solide verarbeiteter Wassertisch aus 3mm dickem Aluminium. Aluminium f\u00e4rbt nicht ab, ist leicht und rostet nicht. Auf der Oberseite bildet das Wasser eine 2 cm dicke Wasserschicht, die an den R\u00e4ndern subtil abflie\u00dft. Wenn Sie m\u00f6chten, k\u00f6nnen Sie auch Kieselsteine auf das Plateau streuen.<\/p>\n<p>Oben befindet sich eine LED-Beleuchtung, die im Dunkeln ein sehr sch\u00f6nes Ambiente schafft. Die Schn\u00fcre laufen durch das Rohr im Boden.<\/p>\n<p>Da diese Modelle besonders gro\u00df sind und \u00fcber einen sehr gro\u00dfen Wasservorrat verf\u00fcgen, eignen sich diese Wassertische auch hervorragend f\u00fcr die Ausstattung von Unternehmen oder anderen \u00f6ffentlichen Geb\u00e4uden.<\/p>\n<p>Der Wassertisch wird mit einem Oase LED-Licht und einer hochwertigen Pontec-Pumpe geliefert. Beide mit 10m Kabel.<\/p>\n<ul>\n<li>Material: Pulverbeschichtetes Aluminium 3 mm<\/li>\n<li>Inklusive Oase LED-Licht und Pumpe<\/li>\n<li>5 Jahre Garantie<\/li>\n<li>Kostenloser Versand in NL und BE!<\/li>\n<\/ul>\n<p>Kommen Sie vorbei und sehen Sie sich einen Gro\u00dfteil unserer Kollektion <strong>live<\/strong> in unserem Ausstellungsraum an!<\/p>\n<p>Haben Sie eine Frage zu diesem Produkt? <a href=\"mailto:info@eliassen.nl\">Mailen Sie<\/a> uns und stellen Sie Ihre Frage.<\/p>\n","protected":false},"excerpt":{"rendered":"<p>5 Jahre Garantie auf das Metall<\/p>\n","protected":false},"featured_media":92632,"template":"","meta":{"_acf_changed":false,"_genesis_title":"","_genesis_description":""},"product_brand":[6920],"product_cat":[773,557,536],"product_tag":[],"class_list":{"0":"post-92647","1":"product","2":"type-product","3":"status-publish","4":"has-post-thumbnail","6":"product_brand-adezz-de","7":"product_cat-adezz-produkte","8":"product_cat-wasserspiegel-wasserspiele-teichbecken-adezz","9":"product_cat-wassereigenschaften","11":"first","12":"onbackorder","13":"taxable","14":"shipping-taxable","15":"purchasable","16":"product-type-simple"},"acf":[],"meta_all":{"total_sales":"0","wcml_sync_hash":{"postmeta_fields":"ad32601ed0db0817816bd29187497a64"},"attr_label_translations":[],"cor_restricted_countries":[]},"meta_all_flat":{"total_sales":"0","wcml_sync_hash.postmeta_fields":"ad32601ed0db0817816bd29187497a64"},"yoast_head":"<!-- This site is optimized with the Yoast SEO Premium plugin v26.2 (Yoast SEO v27.2) - https:\/\/yoast.com\/product\/yoast-seo-premium-wordpress\/ -->\n<title>Wassertisch Aluminium Rechteck 2 Font\u00e4nen 150x60x40cm<\/title>\n<meta name=\"description\" content=\"Aluminium-Wassertische; kommen Sie und sehen Sie sie live bei uns !!! Viele weitere Adezz-Produkte - kostenloses Parken\" \/>\n<meta name=\"robots\" content=\"index, follow, max-snippet:-1, max-image-preview:large, max-video-preview:-1\" \/>\n<link rel=\"canonical\" href=\"https:\/\/www.eliassen.nl\/de\/wassertisch-aluminium-rechteck-2-brunnen-150x60x40cm\/\" \/>\n<meta property=\"og:locale\" content=\"de_DE\" \/>\n<meta property=\"og:type\" content=\"article\" \/>\n<meta property=\"og:title\" content=\"Adezz Wassertisch Aluminium Rechteck 2 Font\u00e4nen 150x60x40cm - Eliassen.nl\" \/>\n<meta property=\"og:description\" content=\"Aluminium-Wassertische; kommen Sie und sehen Sie sie live bei uns !!! Viele weitere Adezz-Produkte - kostenloses Parken\" \/>\n<meta property=\"og:url\" content=\"https:\/\/www.eliassen.nl\/de\/wassertisch-aluminium-rechteck-2-brunnen-150x60x40cm\/\" \/>\n<meta property=\"og:site_name\" content=\"Eliassen.nl\" \/>\n<meta property=\"article:publisher\" content=\"https:\/\/www.facebook.com\/TuincentrumEliassenAmmerzoden\" \/>\n<meta property=\"article:modified_time\" content=\"2026-02-23T16:20:02+00:00\" \/>\n<meta property=\"og:image\" content=\"https:\/\/www.eliassen.nl\/wp-content\/uploads\/2024\/01\/ab61.png\" \/>\n\t<meta property=\"og:image:width\" content=\"699\" \/>\n\t<meta property=\"og:image:height\" content=\"699\" \/>\n\t<meta property=\"og:image:type\" content=\"image\/png\" \/>\n<meta name=\"twitter:card\" content=\"summary_large_image\" \/>\n<script type=\"application\/ld+json\" class=\"yoast-schema-graph\">{\"@context\":\"https:\/\/schema.org\",\"@graph\":[{\"@type\":\"WebPage\",\"@id\":\"https:\/\/www.eliassen.nl\/de\/wassertisch-aluminium-rechteck-2-brunnen-150x60x40cm\/\",\"url\":\"https:\/\/www.eliassen.nl\/de\/wassertisch-aluminium-rechteck-2-brunnen-150x60x40cm\/\",\"name\":\"Wassertisch Aluminium Rechteck 2 Font\u00e4nen 150x60x40cm\",\"isPartOf\":{\"@id\":\"https:\/\/www.eliassen.nl\/de\/#website\"},\"primaryImageOfPage\":{\"@id\":\"https:\/\/www.eliassen.nl\/de\/wassertisch-aluminium-rechteck-2-brunnen-150x60x40cm\/#primaryimage\"},\"image\":{\"@id\":\"https:\/\/www.eliassen.nl\/de\/wassertisch-aluminium-rechteck-2-brunnen-150x60x40cm\/#primaryimage\"},\"thumbnailUrl\":\"https:\/\/www.eliassen.nl\/wp-content\/uploads\/2024\/01\/ab61.png\",\"datePublished\":\"2023-08-02T12:17:05+00:00\",\"dateModified\":\"2026-02-23T16:20:02+00:00\",\"description\":\"Aluminium-Wassertische; kommen Sie und sehen Sie sie live bei uns !!! Viele weitere Adezz-Produkte - kostenloses Parken\",\"breadcrumb\":{\"@id\":\"https:\/\/www.eliassen.nl\/de\/wassertisch-aluminium-rechteck-2-brunnen-150x60x40cm\/#breadcrumb\"},\"inLanguage\":\"de\",\"potentialAction\":[{\"@type\":\"ReadAction\",\"target\":[\"https:\/\/www.eliassen.nl\/de\/wassertisch-aluminium-rechteck-2-brunnen-150x60x40cm\/\"]}]},{\"@type\":\"ImageObject\",\"inLanguage\":\"de\",\"@id\":\"https:\/\/www.eliassen.nl\/de\/wassertisch-aluminium-rechteck-2-brunnen-150x60x40cm\/#primaryimage\",\"url\":\"https:\/\/www.eliassen.nl\/wp-content\/uploads\/2024\/01\/ab61.png\",\"contentUrl\":\"https:\/\/www.eliassen.nl\/wp-content\/uploads\/2024\/01\/ab61.png\",\"width\":699,\"height\":699,\"caption\":\"AB6 (1)\"},{\"@type\":\"BreadcrumbList\",\"@id\":\"https:\/\/www.eliassen.nl\/de\/wassertisch-aluminium-rechteck-2-brunnen-150x60x40cm\/#breadcrumb\",\"itemListElement\":[{\"@type\":\"ListItem\",\"position\":1,\"name\":\"Home\",\"item\":\"https:\/\/www.eliassen.nl\/de\/\"},{\"@type\":\"ListItem\",\"position\":2,\"name\":\"Shop\",\"item\":\"https:\/\/www.eliassen.nl\/de\/shop\/\"},{\"@type\":\"ListItem\",\"position\":3,\"name\":\"Wasserspiele\",\"item\":\"https:\/\/www.eliassen.nl\/de\/wassereigenschaften\/\"},{\"@type\":\"ListItem\",\"position\":4,\"name\":\"Wasserspiegel Wasserspiele Teichbecken Adezz\",\"item\":\"https:\/\/www.eliassen.nl\/de\/wassereigenschaften\/wasserspiegel-wasserspiele-teichbecken-adezz\/\"},{\"@type\":\"ListItem\",\"position\":5,\"name\":\"Wassertisch Aluminium Rechteck 2 Font\u00e4nen 150x60x40cm\"}]},{\"@type\":\"WebSite\",\"@id\":\"https:\/\/www.eliassen.nl\/de\/#website\",\"url\":\"https:\/\/www.eliassen.nl\/de\/\",\"name\":\"Eliassen Home & Garden Pleasure\",\"description\":\"\",\"publisher\":{\"@id\":\"https:\/\/www.eliassen.nl\/de\/#organization\"},\"alternateName\":\"Eliassen.nl\",\"potentialAction\":[{\"@type\":\"SearchAction\",\"target\":{\"@type\":\"EntryPoint\",\"urlTemplate\":\"https:\/\/www.eliassen.nl\/de\/?s={search_term_string}\"},\"query-input\":{\"@type\":\"PropertyValueSpecification\",\"valueRequired\":true,\"valueName\":\"search_term_string\"}}],\"inLanguage\":\"de\"},{\"@type\":[\"Organization\",\"Place\"],\"@id\":\"https:\/\/www.eliassen.nl\/de\/#organization\",\"name\":\"Eliassen Home & Garden Pleasure\",\"url\":\"https:\/\/www.eliassen.nl\/de\/\",\"logo\":{\"@id\":\"https:\/\/www.eliassen.nl\/de\/wassertisch-aluminium-rechteck-2-brunnen-150x60x40cm\/#local-main-organization-logo\"},\"image\":{\"@id\":\"https:\/\/www.eliassen.nl\/de\/wassertisch-aluminium-rechteck-2-brunnen-150x60x40cm\/#local-main-organization-logo\"},\"sameAs\":[\"https:\/\/www.facebook.com\/TuincentrumEliassenAmmerzoden\",\"https:\/\/www.instagram.com\/eliassenhomeandgarden\/\",\"https:\/\/nl.pinterest.com\/eliassenhomeandgarden\/\",\"https:\/\/www.youtube.com\/@eliassenhomegardenpleasure4558\"],\"telephone\":[],\"openingHoursSpecification\":[{\"@type\":\"OpeningHoursSpecification\",\"dayOfWeek\":[\"Monday\",\"Tuesday\",\"Wednesday\",\"Thursday\",\"Friday\",\"Saturday\",\"Sunday\"],\"opens\":\"09:00\",\"closes\":\"17:00\"}]},{\"@type\":\"ImageObject\",\"inLanguage\":\"de\",\"@id\":\"https:\/\/www.eliassen.nl\/de\/wassertisch-aluminium-rechteck-2-brunnen-150x60x40cm\/#local-main-organization-logo\",\"url\":\"https:\/\/www.eliassen.nl\/wp-content\/uploads\/2024\/01\/logo_4nd.jpg\",\"contentUrl\":\"https:\/\/www.eliassen.nl\/wp-content\/uploads\/2024\/01\/logo_4nd.jpg\",\"width\":500,\"height\":500,\"caption\":\"Eliassen Home & Garden Pleasure\"}]}<\/script>\n<meta property=\"product:price:amount\" content=\"1749.00\" \/>\n<meta property=\"product:price:currency\" content=\"EUR\" \/>\n<meta property=\"og:availability\" content=\"backorder\" \/>\n<meta property=\"product:availability\" content=\"available for order\" \/>\n<meta property=\"product:retailer_item_id\" content=\"Ab6.2\" \/>\n<meta property=\"product:condition\" content=\"new\" \/>\n<!-- \/ Yoast SEO Premium plugin. -->","yoast_head_json":{"title":"Wassertisch Aluminium Rechteck 2 Font\u00e4nen 150x60x40cm","description":"Aluminium-Wassertische; kommen Sie und sehen Sie sie live bei uns !!! Viele weitere Adezz-Produkte - kostenloses Parken","robots":{"index":"index","follow":"follow","max-snippet":"max-snippet:-1","max-image-preview":"max-image-preview:large","max-video-preview":"max-video-preview:-1"},"canonical":"https:\/\/www.eliassen.nl\/de\/wassertisch-aluminium-rechteck-2-brunnen-150x60x40cm\/","og_locale":"de_DE","og_type":"article","og_title":"Adezz Wassertisch Aluminium Rechteck 2 Font\u00e4nen 150x60x40cm - Eliassen.nl","og_description":"Aluminium-Wassertische; kommen Sie und sehen Sie sie live bei uns !!! Viele weitere Adezz-Produkte - kostenloses Parken","og_url":"https:\/\/www.eliassen.nl\/de\/wassertisch-aluminium-rechteck-2-brunnen-150x60x40cm\/","og_site_name":"Eliassen.nl","article_publisher":"https:\/\/www.facebook.com\/TuincentrumEliassenAmmerzoden","article_modified_time":"2026-02-23T16:20:02+00:00","og_image":[{"width":699,"height":699,"url":"https:\/\/www.eliassen.nl\/wp-content\/uploads\/2024\/01\/ab61.png","type":"image\/png"}],"twitter_card":"summary_large_image","schema":{"@context":"https:\/\/schema.org","@graph":[{"@type":"WebPage","@id":"https:\/\/www.eliassen.nl\/de\/wassertisch-aluminium-rechteck-2-brunnen-150x60x40cm\/","url":"https:\/\/www.eliassen.nl\/de\/wassertisch-aluminium-rechteck-2-brunnen-150x60x40cm\/","name":"Wassertisch Aluminium Rechteck 2 Font\u00e4nen 150x60x40cm","isPartOf":{"@id":"https:\/\/www.eliassen.nl\/de\/#website"},"primaryImageOfPage":{"@id":"https:\/\/www.eliassen.nl\/de\/wassertisch-aluminium-rechteck-2-brunnen-150x60x40cm\/#primaryimage"},"image":{"@id":"https:\/\/www.eliassen.nl\/de\/wassertisch-aluminium-rechteck-2-brunnen-150x60x40cm\/#primaryimage"},"thumbnailUrl":"https:\/\/www.eliassen.nl\/wp-content\/uploads\/2024\/01\/ab61.png","datePublished":"2023-08-02T12:17:05+00:00","dateModified":"2026-02-23T16:20:02+00:00","description":"Aluminium-Wassertische; kommen Sie und sehen Sie sie live bei uns !!! Viele weitere Adezz-Produkte - kostenloses Parken","breadcrumb":{"@id":"https:\/\/www.eliassen.nl\/de\/wassertisch-aluminium-rechteck-2-brunnen-150x60x40cm\/#breadcrumb"},"inLanguage":"de","potentialAction":[{"@type":"ReadAction","target":["https:\/\/www.eliassen.nl\/de\/wassertisch-aluminium-rechteck-2-brunnen-150x60x40cm\/"]}]},{"@type":"ImageObject","inLanguage":"de","@id":"https:\/\/www.eliassen.nl\/de\/wassertisch-aluminium-rechteck-2-brunnen-150x60x40cm\/#primaryimage","url":"https:\/\/www.eliassen.nl\/wp-content\/uploads\/2024\/01\/ab61.png","contentUrl":"https:\/\/www.eliassen.nl\/wp-content\/uploads\/2024\/01\/ab61.png","width":699,"height":699,"caption":"AB6 (1)"},{"@type":"BreadcrumbList","@id":"https:\/\/www.eliassen.nl\/de\/wassertisch-aluminium-rechteck-2-brunnen-150x60x40cm\/#breadcrumb","itemListElement":[{"@type":"ListItem","position":1,"name":"Home","item":"https:\/\/www.eliassen.nl\/de\/"},{"@type":"ListItem","position":2,"name":"Shop","item":"https:\/\/www.eliassen.nl\/de\/shop\/"},{"@type":"ListItem","position":3,"name":"Wasserspiele","item":"https:\/\/www.eliassen.nl\/de\/wassereigenschaften\/"},{"@type":"ListItem","position":4,"name":"Wasserspiegel Wasserspiele Teichbecken Adezz","item":"https:\/\/www.eliassen.nl\/de\/wassereigenschaften\/wasserspiegel-wasserspiele-teichbecken-adezz\/"},{"@type":"ListItem","position":5,"name":"Wassertisch Aluminium Rechteck 2 Font\u00e4nen 150x60x40cm"}]},{"@type":"WebSite","@id":"https:\/\/www.eliassen.nl\/de\/#website","url":"https:\/\/www.eliassen.nl\/de\/","name":"Eliassen Home & Garden Pleasure","description":"","publisher":{"@id":"https:\/\/www.eliassen.nl\/de\/#organization"},"alternateName":"Eliassen.nl","potentialAction":[{"@type":"SearchAction","target":{"@type":"EntryPoint","urlTemplate":"https:\/\/www.eliassen.nl\/de\/?s={search_term_string}"},"query-input":{"@type":"PropertyValueSpecification","valueRequired":true,"valueName":"search_term_string"}}],"inLanguage":"de"},{"@type":["Organization","Place"],"@id":"https:\/\/www.eliassen.nl\/de\/#organization","name":"Eliassen Home & Garden Pleasure","url":"https:\/\/www.eliassen.nl\/de\/","logo":{"@id":"https:\/\/www.eliassen.nl\/de\/wassertisch-aluminium-rechteck-2-brunnen-150x60x40cm\/#local-main-organization-logo"},"image":{"@id":"https:\/\/www.eliassen.nl\/de\/wassertisch-aluminium-rechteck-2-brunnen-150x60x40cm\/#local-main-organization-logo"},"sameAs":["https:\/\/www.facebook.com\/TuincentrumEliassenAmmerzoden","https:\/\/www.instagram.com\/eliassenhomeandgarden\/","https:\/\/nl.pinterest.com\/eliassenhomeandgarden\/","https:\/\/www.youtube.com\/@eliassenhomegardenpleasure4558"],"telephone":[],"openingHoursSpecification":[{"@type":"OpeningHoursSpecification","dayOfWeek":["Monday","Tuesday","Wednesday","Thursday","Friday","Saturday","Sunday"],"opens":"09:00","closes":"17:00"}]},{"@type":"ImageObject","inLanguage":"de","@id":"https:\/\/www.eliassen.nl\/de\/wassertisch-aluminium-rechteck-2-brunnen-150x60x40cm\/#local-main-organization-logo","url":"https:\/\/www.eliassen.nl\/wp-content\/uploads\/2024\/01\/logo_4nd.jpg","contentUrl":"https:\/\/www.eliassen.nl\/wp-content\/uploads\/2024\/01\/logo_4nd.jpg","width":500,"height":500,"caption":"Eliassen Home & Garden Pleasure"}]},"product_price_amount":"1749.00","product_price_currency":"EUR","og_availability":"backorder","product_availability":"available for order","product_retailer_item_id":"Ab6.2","product_condition":"new"},"df_price":1749,"df_sale_price":"","df_regular_price":1749,"df_image_link":"https:\/\/www.eliassen.nl\/wp-content\/uploads\/2024\/01\/ab61.png","image":"https:\/\/www.eliassen.nl\/wp-content\/uploads\/2024\/01\/ab61.png","price_search":"<span class=\"woocommerce-Price-amount amount\"><bdi><span class=\"woocommerce-Price-currencySymbol\">&euro;<\/span>&nbsp;1.749,00<\/bdi><\/span>","category":"Adezz-Produkte","global_unique_id":"8720966841500","_links":{"self":[{"href":"https:\/\/www.eliassen.nl\/de\/wp-json\/wp\/v2\/product\/92647","targetHints":{"allow":["GET"]}}],"collection":[{"href":"https:\/\/www.eliassen.nl\/de\/wp-json\/wp\/v2\/product"}],"about":[{"href":"https:\/\/www.eliassen.nl\/de\/wp-json\/wp\/v2\/types\/product"}],"wp:featuredmedia":[{"embeddable":true,"href":"https:\/\/www.eliassen.nl\/de\/wp-json\/wp\/v2\/media\/92632"}],"wp:attachment":[{"href":"https:\/\/www.eliassen.nl\/de\/wp-json\/wp\/v2\/media?parent=92647"}],"wp:term":[{"taxonomy":"product_brand","embeddable":true,"href":"https:\/\/www.eliassen.nl\/de\/wp-json\/wp\/v2\/product_brand?post=92647"},{"taxonomy":"product_cat","embeddable":true,"href":"https:\/\/www.eliassen.nl\/de\/wp-json\/wp\/v2\/product_cat?post=92647"},{"taxonomy":"product_tag","embeddable":true,"href":"https:\/\/www.eliassen.nl\/de\/wp-json\/wp\/v2\/product_tag?post=92647"}],"curies":[{"name":"wp","href":"https:\/\/api.w.org\/{rel}","templated":true}]}}