{"id":91858,"date":"2023-07-14T13:38:54","date_gmt":"2023-07-14T13:38:54","guid":{"rendered":"https:\/\/www.eliassen.nl\/?product=bronzen-urn-bladeren-kleine-maat"},"modified":"2026-01-16T14:40:46","modified_gmt":"2026-01-16T13:40:46","slug":"bronzeurnenblatter-kleine-grosse-6-cm","status":"publish","type":"product","link":"https:\/\/www.eliassen.nl\/de\/bronzeurnenblatter-kleine-grosse-6-cm\/","title":{"rendered":"Bronze Urne Bl\u00e4tter klein Gr\u00f6\u00dfe 6cm"},"content":{"rendered":"<p>Eine sch\u00f6n gestaltete Bronzeurne in Form einer Kugel mit Bl\u00e4ttern rundherum und einem Aschebeh\u00e4lter, in dem ein Teil der Kremationsasche aufbewahrt werden kann. Auf diese Weise besitzen Sie ein wundersch\u00f6nes Erinnerungsornament.<\/p>\n<p>Dieses Bronzeobjekt wurde mit dem sogenannten Wachsausschmelzverfahren hergestellt.<\/p>\n<p>Dies geschieht folgenderma\u00dfen: Ein Wachsmodell wird in eine feuerfeste Masse wie Ton eingebettet. Danach wird das Wachs ausgeschmolzen und die Form getrocknet. In den entstandenen Hohlraum wird dann Bronze gegossen. Nach dem Abk\u00fchlen wird die Form demontiert und die \u00d6ffnung, durch die die Bronze in die Form gegossen wurde, abges\u00e4gt, so dass die Skulptur \u00fcbrig bleibt. Zum Schluss wird die Skulptur fertiggestellt, indem L\u00f6cher gestopft, Unreinheiten weggeschliffen und mit einer S\u00e4ure gef\u00e4rbt werden. Gr\u00f6\u00dfere Bronzeskulpturen werden in Teilen gegossen, dann zusammengeschwei\u00dft und anschlie\u00dfend glatt geschliffen.<\/p>\n<p>Bronze ist eine Legierung aus Kupfer und Zinn. Je h\u00f6her der Kupfergehalt ist, desto hochwertiger ist die Bronze. Diese Skulptur hat einen Mindestkupfergehalt von 75%, was eine lange Lebensdauer garantiert.<\/p>\n<p>Im Freien wird die Farbe von Bronzestatuen etwas stumpfer; Sie k\u00f6nnen sie wieder zum Gl\u00e4nzen bringen, indem Sie sie mit Bienenwachs pflegen.<\/p>\n<ul>\n<li>Gr\u00f6\u00dfe: 6x6x6cm hoch<\/li>\n<li>Inhalt 65ml.<\/li>\n<li>Gewicht: &lt; 1kg<\/li>\n<li>Material: Bronze<\/li>\n<li>Wird mit Zertifikat geliefert<\/li>\n<li>Schnelle Lieferung<\/li>\n<li>30 Jahre Garantie<\/li>\n<li><strong>Sehr viele aus dieser Serie von Bronzeskulpturen sind auch live in unserem Shop zu sehen<\/strong><\/li>\n<\/ul>\n","protected":false},"excerpt":{"rendered":"<p>6x6x6cm hoch<br \/>\nSch\u00f6ne Bronzeurne mit einem Durchmesser von 6 cm.<\/p>\n","protected":false},"featured_media":91855,"template":"","meta":{"_acf_changed":false,"_genesis_title":"","_genesis_description":""},"product_brand":[7505],"product_cat":[613,656,7239],"product_tag":[],"class_list":{"0":"post-91858","1":"product","2":"type-product","3":"status-publish","4":"has-post-thumbnail","6":"product_brand-sonstige","7":"product_cat-bronzestatuen","8":"product_cat-urnen-und-grabschmuck","9":"product_cat-bilder","11":"first","12":"instock","13":"taxable","14":"shipping-taxable","15":"purchasable","16":"product-type-simple"},"acf":[],"meta_all":{"total_sales":"0","wcml_sync_hash":{"postmeta_fields":"56fde7d85d2f853ef4a5c8c303b298ca"},"attr_label_translations":[]},"meta_all_flat":{"total_sales":"0","wcml_sync_hash.postmeta_fields":"56fde7d85d2f853ef4a5c8c303b298ca"},"yoast_head":"<!-- This site is optimized with the Yoast SEO Premium plugin v26.2 (Yoast SEO v27.2) - https:\/\/yoast.com\/product\/yoast-seo-premium-wordpress\/ -->\n<title>Bronze Urne Bl\u00e4tter klein - Home &amp; Gardenpleasure<\/title>\n<meta name=\"description\" content=\"Eine kleine dekorative Urne f\u00fcr ein Haustier oder einen geliebten Menschen. Sch\u00f6nes Aussehen und hohe Qualit\u00e4t. Urne aus Bronze. Schnelle Lieferung.\" \/>\n<meta name=\"robots\" content=\"index, follow, max-snippet:-1, max-image-preview:large, max-video-preview:-1\" \/>\n<link rel=\"canonical\" href=\"https:\/\/www.eliassen.nl\/de\/bronzeurnenblatter-kleine-grosse-6-cm\/\" \/>\n<meta property=\"og:locale\" content=\"de_DE\" \/>\n<meta property=\"og:type\" content=\"article\" \/>\n<meta property=\"og:title\" content=\"Sonstige Bronze Urne Bl\u00e4tter klein Gr\u00f6\u00dfe 6cm - Eliassen.nl\" \/>\n<meta property=\"og:description\" content=\"Eine kleine dekorative Urne f\u00fcr ein Haustier oder einen geliebten Menschen. Sch\u00f6nes Aussehen und hohe Qualit\u00e4t. Urne aus Bronze. Schnelle Lieferung.\" \/>\n<meta property=\"og:url\" content=\"https:\/\/www.eliassen.nl\/de\/bronzeurnenblatter-kleine-grosse-6-cm\/\" \/>\n<meta property=\"og:site_name\" content=\"Eliassen.nl\" \/>\n<meta property=\"article:publisher\" content=\"https:\/\/www.facebook.com\/TuincentrumEliassenAmmerzoden\" \/>\n<meta property=\"article:modified_time\" content=\"2026-01-16T13:40:46+00:00\" \/>\n<meta property=\"og:image\" content=\"https:\/\/www.eliassen.nl\/wp-content\/uploads\/2024\/01\/bronzenurnbladereneliassennl.jpg\" \/>\n\t<meta property=\"og:image:width\" content=\"1024\" \/>\n\t<meta property=\"og:image:height\" content=\"768\" \/>\n\t<meta property=\"og:image:type\" content=\"image\/jpeg\" \/>\n<meta name=\"twitter:card\" content=\"summary_large_image\" \/>\n<script type=\"application\/ld+json\" class=\"yoast-schema-graph\">{\"@context\":\"https:\/\/schema.org\",\"@graph\":[{\"@type\":\"WebPage\",\"@id\":\"https:\/\/www.eliassen.nl\/de\/bronzeurnenblatter-kleine-grosse-6-cm\/\",\"url\":\"https:\/\/www.eliassen.nl\/de\/bronzeurnenblatter-kleine-grosse-6-cm\/\",\"name\":\"Bronze Urne Bl\u00e4tter klein - Home & Gardenpleasure\",\"isPartOf\":{\"@id\":\"https:\/\/www.eliassen.nl\/de\/#website\"},\"primaryImageOfPage\":{\"@id\":\"https:\/\/www.eliassen.nl\/de\/bronzeurnenblatter-kleine-grosse-6-cm\/#primaryimage\"},\"image\":{\"@id\":\"https:\/\/www.eliassen.nl\/de\/bronzeurnenblatter-kleine-grosse-6-cm\/#primaryimage\"},\"thumbnailUrl\":\"https:\/\/www.eliassen.nl\/wp-content\/uploads\/2024\/01\/bronzenurnbladereneliassennl.jpg\",\"datePublished\":\"2023-07-14T13:38:54+00:00\",\"dateModified\":\"2026-01-16T13:40:46+00:00\",\"description\":\"Eine kleine dekorative Urne f\u00fcr ein Haustier oder einen geliebten Menschen. Sch\u00f6nes Aussehen und hohe Qualit\u00e4t. Urne aus Bronze. Schnelle Lieferung.\",\"breadcrumb\":{\"@id\":\"https:\/\/www.eliassen.nl\/de\/bronzeurnenblatter-kleine-grosse-6-cm\/#breadcrumb\"},\"inLanguage\":\"de\",\"potentialAction\":[{\"@type\":\"ReadAction\",\"target\":[\"https:\/\/www.eliassen.nl\/de\/bronzeurnenblatter-kleine-grosse-6-cm\/\"]}]},{\"@type\":\"ImageObject\",\"inLanguage\":\"de\",\"@id\":\"https:\/\/www.eliassen.nl\/de\/bronzeurnenblatter-kleine-grosse-6-cm\/#primaryimage\",\"url\":\"https:\/\/www.eliassen.nl\/wp-content\/uploads\/2024\/01\/bronzenurnbladereneliassennl.jpg\",\"contentUrl\":\"https:\/\/www.eliassen.nl\/wp-content\/uploads\/2024\/01\/bronzenurnbladereneliassennl.jpg\",\"width\":1024,\"height\":768,\"caption\":\"Bronze-Urnenbl\u00e4tter - eliassen.nl\"},{\"@type\":\"BreadcrumbList\",\"@id\":\"https:\/\/www.eliassen.nl\/de\/bronzeurnenblatter-kleine-grosse-6-cm\/#breadcrumb\",\"itemListElement\":[{\"@type\":\"ListItem\",\"position\":1,\"name\":\"Home\",\"item\":\"https:\/\/www.eliassen.nl\/de\/\"},{\"@type\":\"ListItem\",\"position\":2,\"name\":\"Shop\",\"item\":\"https:\/\/www.eliassen.nl\/de\/shop\/\"},{\"@type\":\"ListItem\",\"position\":3,\"name\":\"Bronzestatuen\",\"item\":\"https:\/\/www.eliassen.nl\/de\/bronzestatuen\/\"},{\"@type\":\"ListItem\",\"position\":4,\"name\":\"Urnen und Grabschmuck\",\"item\":\"https:\/\/www.eliassen.nl\/de\/bilder\/bronzestatuen\/urnen-und-grabschmuck\/\"},{\"@type\":\"ListItem\",\"position\":5,\"name\":\"Bronze Urne Bl\u00e4tter klein Gr\u00f6\u00dfe 6cm\"}]},{\"@type\":\"WebSite\",\"@id\":\"https:\/\/www.eliassen.nl\/de\/#website\",\"url\":\"https:\/\/www.eliassen.nl\/de\/\",\"name\":\"Eliassen Home & Garden Pleasure\",\"description\":\"\",\"publisher\":{\"@id\":\"https:\/\/www.eliassen.nl\/de\/#organization\"},\"alternateName\":\"Eliassen.nl\",\"potentialAction\":[{\"@type\":\"SearchAction\",\"target\":{\"@type\":\"EntryPoint\",\"urlTemplate\":\"https:\/\/www.eliassen.nl\/de\/?s={search_term_string}\"},\"query-input\":{\"@type\":\"PropertyValueSpecification\",\"valueRequired\":true,\"valueName\":\"search_term_string\"}}],\"inLanguage\":\"de\"},{\"@type\":[\"Organization\",\"Place\"],\"@id\":\"https:\/\/www.eliassen.nl\/de\/#organization\",\"name\":\"Eliassen Home & Garden Pleasure\",\"url\":\"https:\/\/www.eliassen.nl\/de\/\",\"logo\":{\"@id\":\"https:\/\/www.eliassen.nl\/de\/bronzeurnenblatter-kleine-grosse-6-cm\/#local-main-organization-logo\"},\"image\":{\"@id\":\"https:\/\/www.eliassen.nl\/de\/bronzeurnenblatter-kleine-grosse-6-cm\/#local-main-organization-logo\"},\"sameAs\":[\"https:\/\/www.facebook.com\/TuincentrumEliassenAmmerzoden\",\"https:\/\/www.instagram.com\/eliassenhomeandgarden\/\",\"https:\/\/nl.pinterest.com\/eliassenhomeandgarden\/\",\"https:\/\/www.youtube.com\/@eliassenhomegardenpleasure4558\"],\"telephone\":[],\"openingHoursSpecification\":[{\"@type\":\"OpeningHoursSpecification\",\"dayOfWeek\":[\"Monday\",\"Tuesday\",\"Wednesday\",\"Thursday\",\"Friday\",\"Saturday\",\"Sunday\"],\"opens\":\"09:00\",\"closes\":\"17:00\"}]},{\"@type\":\"ImageObject\",\"inLanguage\":\"de\",\"@id\":\"https:\/\/www.eliassen.nl\/de\/bronzeurnenblatter-kleine-grosse-6-cm\/#local-main-organization-logo\",\"url\":\"https:\/\/www.eliassen.nl\/wp-content\/uploads\/2024\/01\/logo_4nd.jpg\",\"contentUrl\":\"https:\/\/www.eliassen.nl\/wp-content\/uploads\/2024\/01\/logo_4nd.jpg\",\"width\":500,\"height\":500,\"caption\":\"Eliassen Home & Garden Pleasure\"}]}<\/script>\n<meta property=\"product:price:amount\" content=\"110.00\" \/>\n<meta property=\"product:price:currency\" content=\"EUR\" \/>\n<meta property=\"og:availability\" content=\"instock\" \/>\n<meta property=\"product:availability\" content=\"instock\" \/>\n<meta property=\"product:retailer_item_id\" content=\"Fv0670 klein\" \/>\n<meta property=\"product:condition\" content=\"new\" \/>\n<!-- \/ Yoast SEO Premium plugin. -->","yoast_head_json":{"title":"Bronze Urne Bl\u00e4tter klein - Home & Gardenpleasure","description":"Eine kleine dekorative Urne f\u00fcr ein Haustier oder einen geliebten Menschen. Sch\u00f6nes Aussehen und hohe Qualit\u00e4t. Urne aus Bronze. Schnelle Lieferung.","robots":{"index":"index","follow":"follow","max-snippet":"max-snippet:-1","max-image-preview":"max-image-preview:large","max-video-preview":"max-video-preview:-1"},"canonical":"https:\/\/www.eliassen.nl\/de\/bronzeurnenblatter-kleine-grosse-6-cm\/","og_locale":"de_DE","og_type":"article","og_title":"Sonstige Bronze Urne Bl\u00e4tter klein Gr\u00f6\u00dfe 6cm - Eliassen.nl","og_description":"Eine kleine dekorative Urne f\u00fcr ein Haustier oder einen geliebten Menschen. Sch\u00f6nes Aussehen und hohe Qualit\u00e4t. Urne aus Bronze. Schnelle Lieferung.","og_url":"https:\/\/www.eliassen.nl\/de\/bronzeurnenblatter-kleine-grosse-6-cm\/","og_site_name":"Eliassen.nl","article_publisher":"https:\/\/www.facebook.com\/TuincentrumEliassenAmmerzoden","article_modified_time":"2026-01-16T13:40:46+00:00","og_image":[{"width":1024,"height":768,"url":"https:\/\/www.eliassen.nl\/wp-content\/uploads\/2024\/01\/bronzenurnbladereneliassennl.jpg","type":"image\/jpeg"}],"twitter_card":"summary_large_image","schema":{"@context":"https:\/\/schema.org","@graph":[{"@type":"WebPage","@id":"https:\/\/www.eliassen.nl\/de\/bronzeurnenblatter-kleine-grosse-6-cm\/","url":"https:\/\/www.eliassen.nl\/de\/bronzeurnenblatter-kleine-grosse-6-cm\/","name":"Bronze Urne Bl\u00e4tter klein - Home & Gardenpleasure","isPartOf":{"@id":"https:\/\/www.eliassen.nl\/de\/#website"},"primaryImageOfPage":{"@id":"https:\/\/www.eliassen.nl\/de\/bronzeurnenblatter-kleine-grosse-6-cm\/#primaryimage"},"image":{"@id":"https:\/\/www.eliassen.nl\/de\/bronzeurnenblatter-kleine-grosse-6-cm\/#primaryimage"},"thumbnailUrl":"https:\/\/www.eliassen.nl\/wp-content\/uploads\/2024\/01\/bronzenurnbladereneliassennl.jpg","datePublished":"2023-07-14T13:38:54+00:00","dateModified":"2026-01-16T13:40:46+00:00","description":"Eine kleine dekorative Urne f\u00fcr ein Haustier oder einen geliebten Menschen. Sch\u00f6nes Aussehen und hohe Qualit\u00e4t. Urne aus Bronze. Schnelle Lieferung.","breadcrumb":{"@id":"https:\/\/www.eliassen.nl\/de\/bronzeurnenblatter-kleine-grosse-6-cm\/#breadcrumb"},"inLanguage":"de","potentialAction":[{"@type":"ReadAction","target":["https:\/\/www.eliassen.nl\/de\/bronzeurnenblatter-kleine-grosse-6-cm\/"]}]},{"@type":"ImageObject","inLanguage":"de","@id":"https:\/\/www.eliassen.nl\/de\/bronzeurnenblatter-kleine-grosse-6-cm\/#primaryimage","url":"https:\/\/www.eliassen.nl\/wp-content\/uploads\/2024\/01\/bronzenurnbladereneliassennl.jpg","contentUrl":"https:\/\/www.eliassen.nl\/wp-content\/uploads\/2024\/01\/bronzenurnbladereneliassennl.jpg","width":1024,"height":768,"caption":"Bronze-Urnenbl\u00e4tter - eliassen.nl"},{"@type":"BreadcrumbList","@id":"https:\/\/www.eliassen.nl\/de\/bronzeurnenblatter-kleine-grosse-6-cm\/#breadcrumb","itemListElement":[{"@type":"ListItem","position":1,"name":"Home","item":"https:\/\/www.eliassen.nl\/de\/"},{"@type":"ListItem","position":2,"name":"Shop","item":"https:\/\/www.eliassen.nl\/de\/shop\/"},{"@type":"ListItem","position":3,"name":"Bronzestatuen","item":"https:\/\/www.eliassen.nl\/de\/bronzestatuen\/"},{"@type":"ListItem","position":4,"name":"Urnen und Grabschmuck","item":"https:\/\/www.eliassen.nl\/de\/bilder\/bronzestatuen\/urnen-und-grabschmuck\/"},{"@type":"ListItem","position":5,"name":"Bronze Urne Bl\u00e4tter klein Gr\u00f6\u00dfe 6cm"}]},{"@type":"WebSite","@id":"https:\/\/www.eliassen.nl\/de\/#website","url":"https:\/\/www.eliassen.nl\/de\/","name":"Eliassen Home & Garden Pleasure","description":"","publisher":{"@id":"https:\/\/www.eliassen.nl\/de\/#organization"},"alternateName":"Eliassen.nl","potentialAction":[{"@type":"SearchAction","target":{"@type":"EntryPoint","urlTemplate":"https:\/\/www.eliassen.nl\/de\/?s={search_term_string}"},"query-input":{"@type":"PropertyValueSpecification","valueRequired":true,"valueName":"search_term_string"}}],"inLanguage":"de"},{"@type":["Organization","Place"],"@id":"https:\/\/www.eliassen.nl\/de\/#organization","name":"Eliassen Home & Garden Pleasure","url":"https:\/\/www.eliassen.nl\/de\/","logo":{"@id":"https:\/\/www.eliassen.nl\/de\/bronzeurnenblatter-kleine-grosse-6-cm\/#local-main-organization-logo"},"image":{"@id":"https:\/\/www.eliassen.nl\/de\/bronzeurnenblatter-kleine-grosse-6-cm\/#local-main-organization-logo"},"sameAs":["https:\/\/www.facebook.com\/TuincentrumEliassenAmmerzoden","https:\/\/www.instagram.com\/eliassenhomeandgarden\/","https:\/\/nl.pinterest.com\/eliassenhomeandgarden\/","https:\/\/www.youtube.com\/@eliassenhomegardenpleasure4558"],"telephone":[],"openingHoursSpecification":[{"@type":"OpeningHoursSpecification","dayOfWeek":["Monday","Tuesday","Wednesday","Thursday","Friday","Saturday","Sunday"],"opens":"09:00","closes":"17:00"}]},{"@type":"ImageObject","inLanguage":"de","@id":"https:\/\/www.eliassen.nl\/de\/bronzeurnenblatter-kleine-grosse-6-cm\/#local-main-organization-logo","url":"https:\/\/www.eliassen.nl\/wp-content\/uploads\/2024\/01\/logo_4nd.jpg","contentUrl":"https:\/\/www.eliassen.nl\/wp-content\/uploads\/2024\/01\/logo_4nd.jpg","width":500,"height":500,"caption":"Eliassen Home & Garden Pleasure"}]},"product_price_amount":"110.00","product_price_currency":"EUR","og_availability":"instock","product_availability":"instock","product_retailer_item_id":"Fv0670 klein","product_condition":"new"},"df_price":110,"df_sale_price":"","df_regular_price":110,"df_image_link":"https:\/\/www.eliassen.nl\/wp-content\/uploads\/2024\/01\/bronzenurnbladereneliassennl.jpg","image":"https:\/\/www.eliassen.nl\/wp-content\/uploads\/2024\/01\/bronzenurnbladereneliassennl.jpg","price_search":"<span class=\"woocommerce-Price-amount amount\"><bdi><span class=\"woocommerce-Price-currencySymbol\">&euro;<\/span>&nbsp;110,00<\/bdi><\/span>","category":"Bronzestatuen","global_unique_id":"5410807906705","_links":{"self":[{"href":"https:\/\/www.eliassen.nl\/de\/wp-json\/wp\/v2\/product\/91858","targetHints":{"allow":["GET"]}}],"collection":[{"href":"https:\/\/www.eliassen.nl\/de\/wp-json\/wp\/v2\/product"}],"about":[{"href":"https:\/\/www.eliassen.nl\/de\/wp-json\/wp\/v2\/types\/product"}],"wp:featuredmedia":[{"embeddable":true,"href":"https:\/\/www.eliassen.nl\/de\/wp-json\/wp\/v2\/media\/91855"}],"wp:attachment":[{"href":"https:\/\/www.eliassen.nl\/de\/wp-json\/wp\/v2\/media?parent=91858"}],"wp:term":[{"taxonomy":"product_brand","embeddable":true,"href":"https:\/\/www.eliassen.nl\/de\/wp-json\/wp\/v2\/product_brand?post=91858"},{"taxonomy":"product_cat","embeddable":true,"href":"https:\/\/www.eliassen.nl\/de\/wp-json\/wp\/v2\/product_cat?post=91858"},{"taxonomy":"product_tag","embeddable":true,"href":"https:\/\/www.eliassen.nl\/de\/wp-json\/wp\/v2\/product_tag?post=91858"}],"curies":[{"name":"wp","href":"https:\/\/api.w.org\/{rel}","templated":true}]}}