{"id":91354,"date":"2023-07-07T15:31:44","date_gmt":"2023-07-07T15:31:44","guid":{"rendered":"https:\/\/www.eliassen.nl\/?product=copy-of-houten-beeld-pinokkio-zittend-100cm"},"modified":"2025-12-23T09:40:14","modified_gmt":"2025-12-23T08:40:14","slug":"holzstatue-pinocchio-hangend-100cm","status":"publish","type":"product","link":"https:\/\/www.eliassen.nl\/de\/holzstatue-pinocchio-hangend-100cm\/","title":{"rendered":"Holzskulptur Pinocchio h\u00e4ngend 100cm"},"content":{"rendered":"<p>Ein wundersch\u00f6nes St\u00fcck Handwerkskunst, dieser 100 cm hohe h\u00e4ngende Pinocchio, handgefertigt aus massivem Suarholz.<br \/>\nEs ist sehr clever, wie die Form gerendert wurde. In dieses Modell sind sehr viele Arbeitsstunden geflossen, um diese Skulptur aus einem Block aus hartem Suarholz zu schaffen.<\/p>\n<p>Suar-Holz hat die Eigenschaft, dass es kontrastreiche Farben aufweist. Helles Holz kann direkt neben dunklem Holz stehen. Es ist normal, dass diese Farbunterschiede auch bei diesem St\u00fcck sichtbar sind. Leider k\u00f6nnen dazu keine Angaben gemacht werden.<\/p>\n<p>Da es handgefertigt ist, ist das Foto nur ein Beispiel, so dass Ihr erhaltenes Modell davon abweichen kann.<\/p>\n<ul>\n<li>Gr\u00f6\u00dfe: 100cm hoch<\/li>\n<li>Material: Massivholz Suar, leicht ge\u00f6lt<\/li>\n<li>Ausgenommen<\/li>\n<li>Original Schnitzereien<\/li>\n<li>Eigene Aktie<\/li>\n<li>Das Aufstellen im Freien ist erlaubt, aber das Holz wird dann grau und es k\u00f6nnen Risse entstehen.<\/li>\n<\/ul>\n","protected":false},"excerpt":{"rendered":"<p>Dieser Artikel kann Risse bekommen und eine gr\u00e4uliche Farbe annehmen, wenn er im Freien steht.<br \/>\nSch\u00f6ne holzgeschnitzte Statue.<\/p>\n","protected":false},"featured_media":91351,"template":"","meta":{"_acf_changed":false,"_genesis_title":"","_genesis_description":""},"product_brand":[7505],"product_cat":[1367,7239],"product_tag":[],"class_list":{"0":"post-91354","1":"product","2":"type-product","3":"status-publish","4":"has-post-thumbnail","6":"product_brand-sonstige","7":"product_cat-holzstatuen","8":"product_cat-bilder","10":"first","11":"outofstock","12":"taxable","13":"shipping-taxable","14":"purchasable","15":"product-type-simple"},"acf":[],"meta_all":{"total_sales":"6","wcml_sync_hash":{"postmeta_fields":"06945d9fd993f99db292cde2313b2333"},"attr_label_translations":[],"cor_restricted_countries":[]},"meta_all_flat":{"total_sales":"6","wcml_sync_hash.postmeta_fields":"06945d9fd993f99db292cde2313b2333"},"yoast_head":"<!-- This site is optimized with the Yoast SEO Premium plugin v26.2 (Yoast SEO v27.2) - https:\/\/yoast.com\/product\/yoast-seo-premium-wordpress\/ -->\n<title>Holzstatue Pinokkio h\u00e4ngend 100cm - Eliassen Home &amp; Gardenpleasure<\/title>\n<meta name=\"description\" content=\"Wundersch\u00f6n gestalteter Pinocchio aus Suarholz. Dieses h\u00e4ngende Modell ist sehr sch\u00f6n f\u00fcr den Disney-Liebhaber. \u00c4u\u00dferst dekorativ und schnell verf\u00fcgbar.\" \/>\n<meta name=\"robots\" content=\"index, follow, max-snippet:-1, max-image-preview:large, max-video-preview:-1\" \/>\n<link rel=\"canonical\" href=\"https:\/\/www.eliassen.nl\/de\/holzstatue-pinocchio-hangend-100cm\/\" \/>\n<meta property=\"og:locale\" content=\"de_DE\" \/>\n<meta property=\"og:type\" content=\"article\" \/>\n<meta property=\"og:title\" content=\"Sonstige Holzskulptur Pinocchio h\u00e4ngend 100cm - Eliassen.nl\" \/>\n<meta property=\"og:description\" content=\"Wundersch\u00f6n gestalteter Pinocchio aus Suarholz. Dieses h\u00e4ngende Modell ist sehr sch\u00f6n f\u00fcr den Disney-Liebhaber. \u00c4u\u00dferst dekorativ und schnell verf\u00fcgbar.\" \/>\n<meta property=\"og:url\" content=\"https:\/\/www.eliassen.nl\/de\/holzstatue-pinocchio-hangend-100cm\/\" \/>\n<meta property=\"og:site_name\" content=\"Eliassen.nl\" \/>\n<meta property=\"article:publisher\" content=\"https:\/\/www.facebook.com\/TuincentrumEliassenAmmerzoden\" \/>\n<meta property=\"article:modified_time\" content=\"2025-12-23T08:40:14+00:00\" \/>\n<meta property=\"og:image\" content=\"https:\/\/www.eliassen.nl\/wp-content\/uploads\/2024\/01\/houtenbeeldpinokkiohangend100cmeliassennl.jpg\" \/>\n\t<meta property=\"og:image:width\" content=\"1536\" \/>\n\t<meta property=\"og:image:height\" content=\"2048\" \/>\n\t<meta property=\"og:image:type\" content=\"image\/jpeg\" \/>\n<meta name=\"twitter:card\" content=\"summary_large_image\" \/>\n<script type=\"application\/ld+json\" class=\"yoast-schema-graph\">{\"@context\":\"https:\/\/schema.org\",\"@graph\":[{\"@type\":\"WebPage\",\"@id\":\"https:\/\/www.eliassen.nl\/de\/holzstatue-pinocchio-hangend-100cm\/\",\"url\":\"https:\/\/www.eliassen.nl\/de\/holzstatue-pinocchio-hangend-100cm\/\",\"name\":\"Holzstatue Pinokkio h\u00e4ngend 100cm - Eliassen Home & Gardenpleasure\",\"isPartOf\":{\"@id\":\"https:\/\/www.eliassen.nl\/de\/#website\"},\"primaryImageOfPage\":{\"@id\":\"https:\/\/www.eliassen.nl\/de\/holzstatue-pinocchio-hangend-100cm\/#primaryimage\"},\"image\":{\"@id\":\"https:\/\/www.eliassen.nl\/de\/holzstatue-pinocchio-hangend-100cm\/#primaryimage\"},\"thumbnailUrl\":\"https:\/\/www.eliassen.nl\/wp-content\/uploads\/2024\/01\/houtenbeeldpinokkiohangend100cmeliassennl.jpg\",\"datePublished\":\"2023-07-07T15:31:44+00:00\",\"dateModified\":\"2025-12-23T08:40:14+00:00\",\"description\":\"Wundersch\u00f6n gestalteter Pinocchio aus Suarholz. Dieses h\u00e4ngende Modell ist sehr sch\u00f6n f\u00fcr den Disney-Liebhaber. \u00c4u\u00dferst dekorativ und schnell verf\u00fcgbar.\",\"breadcrumb\":{\"@id\":\"https:\/\/www.eliassen.nl\/de\/holzstatue-pinocchio-hangend-100cm\/#breadcrumb\"},\"inLanguage\":\"de\",\"potentialAction\":[{\"@type\":\"ReadAction\",\"target\":[\"https:\/\/www.eliassen.nl\/de\/holzstatue-pinocchio-hangend-100cm\/\"]}]},{\"@type\":\"ImageObject\",\"inLanguage\":\"de\",\"@id\":\"https:\/\/www.eliassen.nl\/de\/holzstatue-pinocchio-hangend-100cm\/#primaryimage\",\"url\":\"https:\/\/www.eliassen.nl\/wp-content\/uploads\/2024\/01\/houtenbeeldpinokkiohangend100cmeliassennl.jpg\",\"contentUrl\":\"https:\/\/www.eliassen.nl\/wp-content\/uploads\/2024\/01\/houtenbeeldpinokkiohangend100cmeliassennl.jpg\",\"width\":1536,\"height\":2048,\"caption\":\"Holzstatue Pinokkio h\u00e4ngend 100cm - eliassen.nl\"},{\"@type\":\"BreadcrumbList\",\"@id\":\"https:\/\/www.eliassen.nl\/de\/holzstatue-pinocchio-hangend-100cm\/#breadcrumb\",\"itemListElement\":[{\"@type\":\"ListItem\",\"position\":1,\"name\":\"Home\",\"item\":\"https:\/\/www.eliassen.nl\/de\/\"},{\"@type\":\"ListItem\",\"position\":2,\"name\":\"Shop\",\"item\":\"https:\/\/www.eliassen.nl\/de\/shop\/\"},{\"@type\":\"ListItem\",\"position\":3,\"name\":\"Bilder\",\"item\":\"https:\/\/www.eliassen.nl\/de\/bilder\/\"},{\"@type\":\"ListItem\",\"position\":4,\"name\":\"Holzstatuen\",\"item\":\"https:\/\/www.eliassen.nl\/de\/bilder\/holzstatuen\/\"},{\"@type\":\"ListItem\",\"position\":5,\"name\":\"Holzskulptur Pinocchio h\u00e4ngend 100cm\"}]},{\"@type\":\"WebSite\",\"@id\":\"https:\/\/www.eliassen.nl\/de\/#website\",\"url\":\"https:\/\/www.eliassen.nl\/de\/\",\"name\":\"Eliassen Home & Garden Pleasure\",\"description\":\"\",\"publisher\":{\"@id\":\"https:\/\/www.eliassen.nl\/de\/#organization\"},\"alternateName\":\"Eliassen.nl\",\"potentialAction\":[{\"@type\":\"SearchAction\",\"target\":{\"@type\":\"EntryPoint\",\"urlTemplate\":\"https:\/\/www.eliassen.nl\/de\/?s={search_term_string}\"},\"query-input\":{\"@type\":\"PropertyValueSpecification\",\"valueRequired\":true,\"valueName\":\"search_term_string\"}}],\"inLanguage\":\"de\"},{\"@type\":[\"Organization\",\"Place\"],\"@id\":\"https:\/\/www.eliassen.nl\/de\/#organization\",\"name\":\"Eliassen Home & Garden Pleasure\",\"url\":\"https:\/\/www.eliassen.nl\/de\/\",\"logo\":{\"@id\":\"https:\/\/www.eliassen.nl\/de\/holzstatue-pinocchio-hangend-100cm\/#local-main-organization-logo\"},\"image\":{\"@id\":\"https:\/\/www.eliassen.nl\/de\/holzstatue-pinocchio-hangend-100cm\/#local-main-organization-logo\"},\"sameAs\":[\"https:\/\/www.facebook.com\/TuincentrumEliassenAmmerzoden\",\"https:\/\/www.instagram.com\/eliassenhomeandgarden\/\",\"https:\/\/nl.pinterest.com\/eliassenhomeandgarden\/\",\"https:\/\/www.youtube.com\/@eliassenhomegardenpleasure4558\"],\"telephone\":[],\"openingHoursSpecification\":[{\"@type\":\"OpeningHoursSpecification\",\"dayOfWeek\":[\"Monday\",\"Tuesday\",\"Wednesday\",\"Thursday\",\"Friday\",\"Saturday\",\"Sunday\"],\"opens\":\"09:00\",\"closes\":\"17:00\"}]},{\"@type\":\"ImageObject\",\"inLanguage\":\"de\",\"@id\":\"https:\/\/www.eliassen.nl\/de\/holzstatue-pinocchio-hangend-100cm\/#local-main-organization-logo\",\"url\":\"https:\/\/www.eliassen.nl\/wp-content\/uploads\/2024\/01\/logo_4nd.jpg\",\"contentUrl\":\"https:\/\/www.eliassen.nl\/wp-content\/uploads\/2024\/01\/logo_4nd.jpg\",\"width\":500,\"height\":500,\"caption\":\"Eliassen Home & Garden Pleasure\"}]}<\/script>\n<meta property=\"product:price:amount\" content=\"89.00\" \/>\n<meta property=\"product:price:currency\" content=\"EUR\" \/>\n<meta property=\"og:availability\" content=\"out of stock\" \/>\n<meta property=\"product:availability\" content=\"out of stock\" \/>\n<meta property=\"product:retailer_item_id\" content=\"183254\" \/>\n<meta property=\"product:condition\" content=\"new\" \/>\n<!-- \/ Yoast SEO Premium plugin. -->","yoast_head_json":{"title":"Holzstatue Pinokkio h\u00e4ngend 100cm - Eliassen Home & Gardenpleasure","description":"Wundersch\u00f6n gestalteter Pinocchio aus Suarholz. Dieses h\u00e4ngende Modell ist sehr sch\u00f6n f\u00fcr den Disney-Liebhaber. \u00c4u\u00dferst dekorativ und schnell verf\u00fcgbar.","robots":{"index":"index","follow":"follow","max-snippet":"max-snippet:-1","max-image-preview":"max-image-preview:large","max-video-preview":"max-video-preview:-1"},"canonical":"https:\/\/www.eliassen.nl\/de\/holzstatue-pinocchio-hangend-100cm\/","og_locale":"de_DE","og_type":"article","og_title":"Sonstige Holzskulptur Pinocchio h\u00e4ngend 100cm - Eliassen.nl","og_description":"Wundersch\u00f6n gestalteter Pinocchio aus Suarholz. Dieses h\u00e4ngende Modell ist sehr sch\u00f6n f\u00fcr den Disney-Liebhaber. \u00c4u\u00dferst dekorativ und schnell verf\u00fcgbar.","og_url":"https:\/\/www.eliassen.nl\/de\/holzstatue-pinocchio-hangend-100cm\/","og_site_name":"Eliassen.nl","article_publisher":"https:\/\/www.facebook.com\/TuincentrumEliassenAmmerzoden","article_modified_time":"2025-12-23T08:40:14+00:00","og_image":[{"width":1536,"height":2048,"url":"https:\/\/www.eliassen.nl\/wp-content\/uploads\/2024\/01\/houtenbeeldpinokkiohangend100cmeliassennl.jpg","type":"image\/jpeg"}],"twitter_card":"summary_large_image","schema":{"@context":"https:\/\/schema.org","@graph":[{"@type":"WebPage","@id":"https:\/\/www.eliassen.nl\/de\/holzstatue-pinocchio-hangend-100cm\/","url":"https:\/\/www.eliassen.nl\/de\/holzstatue-pinocchio-hangend-100cm\/","name":"Holzstatue Pinokkio h\u00e4ngend 100cm - Eliassen Home & Gardenpleasure","isPartOf":{"@id":"https:\/\/www.eliassen.nl\/de\/#website"},"primaryImageOfPage":{"@id":"https:\/\/www.eliassen.nl\/de\/holzstatue-pinocchio-hangend-100cm\/#primaryimage"},"image":{"@id":"https:\/\/www.eliassen.nl\/de\/holzstatue-pinocchio-hangend-100cm\/#primaryimage"},"thumbnailUrl":"https:\/\/www.eliassen.nl\/wp-content\/uploads\/2024\/01\/houtenbeeldpinokkiohangend100cmeliassennl.jpg","datePublished":"2023-07-07T15:31:44+00:00","dateModified":"2025-12-23T08:40:14+00:00","description":"Wundersch\u00f6n gestalteter Pinocchio aus Suarholz. Dieses h\u00e4ngende Modell ist sehr sch\u00f6n f\u00fcr den Disney-Liebhaber. \u00c4u\u00dferst dekorativ und schnell verf\u00fcgbar.","breadcrumb":{"@id":"https:\/\/www.eliassen.nl\/de\/holzstatue-pinocchio-hangend-100cm\/#breadcrumb"},"inLanguage":"de","potentialAction":[{"@type":"ReadAction","target":["https:\/\/www.eliassen.nl\/de\/holzstatue-pinocchio-hangend-100cm\/"]}]},{"@type":"ImageObject","inLanguage":"de","@id":"https:\/\/www.eliassen.nl\/de\/holzstatue-pinocchio-hangend-100cm\/#primaryimage","url":"https:\/\/www.eliassen.nl\/wp-content\/uploads\/2024\/01\/houtenbeeldpinokkiohangend100cmeliassennl.jpg","contentUrl":"https:\/\/www.eliassen.nl\/wp-content\/uploads\/2024\/01\/houtenbeeldpinokkiohangend100cmeliassennl.jpg","width":1536,"height":2048,"caption":"Holzstatue Pinokkio h\u00e4ngend 100cm - eliassen.nl"},{"@type":"BreadcrumbList","@id":"https:\/\/www.eliassen.nl\/de\/holzstatue-pinocchio-hangend-100cm\/#breadcrumb","itemListElement":[{"@type":"ListItem","position":1,"name":"Home","item":"https:\/\/www.eliassen.nl\/de\/"},{"@type":"ListItem","position":2,"name":"Shop","item":"https:\/\/www.eliassen.nl\/de\/shop\/"},{"@type":"ListItem","position":3,"name":"Bilder","item":"https:\/\/www.eliassen.nl\/de\/bilder\/"},{"@type":"ListItem","position":4,"name":"Holzstatuen","item":"https:\/\/www.eliassen.nl\/de\/bilder\/holzstatuen\/"},{"@type":"ListItem","position":5,"name":"Holzskulptur Pinocchio h\u00e4ngend 100cm"}]},{"@type":"WebSite","@id":"https:\/\/www.eliassen.nl\/de\/#website","url":"https:\/\/www.eliassen.nl\/de\/","name":"Eliassen Home & Garden Pleasure","description":"","publisher":{"@id":"https:\/\/www.eliassen.nl\/de\/#organization"},"alternateName":"Eliassen.nl","potentialAction":[{"@type":"SearchAction","target":{"@type":"EntryPoint","urlTemplate":"https:\/\/www.eliassen.nl\/de\/?s={search_term_string}"},"query-input":{"@type":"PropertyValueSpecification","valueRequired":true,"valueName":"search_term_string"}}],"inLanguage":"de"},{"@type":["Organization","Place"],"@id":"https:\/\/www.eliassen.nl\/de\/#organization","name":"Eliassen Home & Garden Pleasure","url":"https:\/\/www.eliassen.nl\/de\/","logo":{"@id":"https:\/\/www.eliassen.nl\/de\/holzstatue-pinocchio-hangend-100cm\/#local-main-organization-logo"},"image":{"@id":"https:\/\/www.eliassen.nl\/de\/holzstatue-pinocchio-hangend-100cm\/#local-main-organization-logo"},"sameAs":["https:\/\/www.facebook.com\/TuincentrumEliassenAmmerzoden","https:\/\/www.instagram.com\/eliassenhomeandgarden\/","https:\/\/nl.pinterest.com\/eliassenhomeandgarden\/","https:\/\/www.youtube.com\/@eliassenhomegardenpleasure4558"],"telephone":[],"openingHoursSpecification":[{"@type":"OpeningHoursSpecification","dayOfWeek":["Monday","Tuesday","Wednesday","Thursday","Friday","Saturday","Sunday"],"opens":"09:00","closes":"17:00"}]},{"@type":"ImageObject","inLanguage":"de","@id":"https:\/\/www.eliassen.nl\/de\/holzstatue-pinocchio-hangend-100cm\/#local-main-organization-logo","url":"https:\/\/www.eliassen.nl\/wp-content\/uploads\/2024\/01\/logo_4nd.jpg","contentUrl":"https:\/\/www.eliassen.nl\/wp-content\/uploads\/2024\/01\/logo_4nd.jpg","width":500,"height":500,"caption":"Eliassen Home & Garden Pleasure"}]},"product_price_amount":"89.00","product_price_currency":"EUR","og_availability":"out of stock","product_availability":"out of stock","product_retailer_item_id":"183254","product_condition":"new"},"df_price":89,"df_sale_price":"","df_regular_price":89,"df_image_link":"https:\/\/www.eliassen.nl\/wp-content\/uploads\/2024\/01\/houtenbeeldpinokkiohangend100cmeliassennl.jpg","image":"https:\/\/www.eliassen.nl\/wp-content\/uploads\/2024\/01\/houtenbeeldpinokkiohangend100cmeliassennl.jpg","price_search":"<span class=\"woocommerce-Price-amount amount\"><bdi><span class=\"woocommerce-Price-currencySymbol\">&euro;<\/span>&nbsp;89,00<\/bdi><\/span>","category":"Holzstatuen","global_unique_id":"8720572183254","_links":{"self":[{"href":"https:\/\/www.eliassen.nl\/de\/wp-json\/wp\/v2\/product\/91354","targetHints":{"allow":["GET"]}}],"collection":[{"href":"https:\/\/www.eliassen.nl\/de\/wp-json\/wp\/v2\/product"}],"about":[{"href":"https:\/\/www.eliassen.nl\/de\/wp-json\/wp\/v2\/types\/product"}],"wp:featuredmedia":[{"embeddable":true,"href":"https:\/\/www.eliassen.nl\/de\/wp-json\/wp\/v2\/media\/91351"}],"wp:attachment":[{"href":"https:\/\/www.eliassen.nl\/de\/wp-json\/wp\/v2\/media?parent=91354"}],"wp:term":[{"taxonomy":"product_brand","embeddable":true,"href":"https:\/\/www.eliassen.nl\/de\/wp-json\/wp\/v2\/product_brand?post=91354"},{"taxonomy":"product_cat","embeddable":true,"href":"https:\/\/www.eliassen.nl\/de\/wp-json\/wp\/v2\/product_cat?post=91354"},{"taxonomy":"product_tag","embeddable":true,"href":"https:\/\/www.eliassen.nl\/de\/wp-json\/wp\/v2\/product_tag?post=91354"}],"curies":[{"name":"wp","href":"https:\/\/api.w.org\/{rel}","templated":true}]}}