{"id":91201,"date":"2023-07-05T10:05:48","date_gmt":"2023-07-05T10:05:48","guid":{"rendered":"https:\/\/www.eliassen.nl\/?product=bronzen-staand-schaap"},"modified":"2026-01-16T14:37:04","modified_gmt":"2026-01-16T13:37:04","slug":"stehendes-schaf-aus-bronze-14-cm","status":"publish","type":"product","link":"https:\/\/www.eliassen.nl\/de\/stehendes-schaf-aus-bronze-14-cm\/","title":{"rendered":"Bronze Stehendes Schaf 14cm"},"content":{"rendered":"<p>Gestalten Sie Ihr Wohn- oder Arbeitsumfeld mit einer langlebigen Bronzeskulptur sehr stimmungsvoll. Wir k\u00f6nnen Ihnen Modelle von Skulpturen anbieten, die sowohl in klassische, zeitlose als auch moderne Umgebungen passen.<\/p>\n<p>Diese moderne Bronzestatue eines stehenden Schafes misst 14x6x10cm und wurde mit dem sogenannten Wachsausschmelzverfahren hergestellt.<\/p>\n<p>Dies geschieht folgenderma\u00dfen: Ein Wachsmodell wird in eine feuerfeste Masse wie Ton eingebettet. Danach wird das Wachs ausgeschmolzen und die Form getrocknet. In den entstandenen Hohlraum wird dann Bronze gegossen. Nach dem Abk\u00fchlen wird die Form demontiert und die \u00d6ffnung, durch die die Bronze in die Form gegossen wurde, abges\u00e4gt, so dass die Skulptur \u00fcbrig bleibt. Zum Schluss wird die Skulptur fertiggestellt, indem L\u00f6cher gestopft, Unreinheiten weggeschliffen und mit einer S\u00e4ure gef\u00e4rbt werden. Gr\u00f6\u00dfere Bronzeskulpturen werden in Teilen gegossen, dann zusammengeschwei\u00dft und anschlie\u00dfend glatt geschliffen.<\/p>\n<p>Bronze ist eine Legierung aus Kupfer und Zinn. Je h\u00f6her der Kupfergehalt ist, desto hochwertiger ist die Bronze. Diese Skulptur hat einen Mindestkupfergehalt von 75%, was eine lange Lebensdauer garantiert.<\/p>\n<p>Diese Bronzeskulptur f\u00fcr den Au\u00dfenbereich kann auf jeder ebenen Fl\u00e4che aufgestellt werden. Viele Modelle werden mit einem M8-Gewindeanschluss geliefert, mit dem die Skulptur befestigt werden kann. Falls nicht vorhanden, kann jedes Bild mit einem guten Montagesatz befestigt werden. Im Freien wird die Farbe von Bronzestatuen etwas stumpfer; Sie k\u00f6nnen sie wieder zum Gl\u00e4nzen bringen, indem Sie sie mit Bienenwachs pflegen.<\/p>\n<p>Oft werden Bronzeskulpturen auf einen passenden Sockel gestellt. Wir haben auch eine gro\u00dfe Auswahl an Sockeln und Sockelleisten, so dass Sie eine sch\u00f6ne Kombination schaffen k\u00f6nnen.<\/p>\n<ul>\n<li>Gr\u00f6\u00dfe: 14x6x10cm<\/li>\n<li>Material: Bronze<\/li>\n<li>Wird mit Zertifikat geliefert<\/li>\n<li>Schnelle Lieferung<\/li>\n<li>30 Jahre Garantie<\/li>\n<li><strong>Sehr viele aus dieser Serie von Bronzeskulpturen sind auch live in unserem Shop zu sehen<\/strong><\/li>\n<\/ul>\n","protected":false},"excerpt":{"rendered":"<p>Sch\u00f6ne Figur eines Schafes aus Bronze mit den Ma\u00dfen 14x6x10cm.<\/p>\n","protected":false},"featured_media":91198,"template":"","meta":{"_acf_changed":false,"_genesis_title":"","_genesis_description":""},"product_brand":[7505],"product_cat":[613,635,7239],"product_tag":[],"class_list":{"0":"post-91201","1":"product","2":"type-product","3":"status-publish","4":"has-post-thumbnail","6":"product_brand-sonstige","7":"product_cat-bronzestatuen","8":"product_cat-tierstatuen-aus-bronze","9":"product_cat-bilder","11":"first","12":"instock","13":"taxable","14":"shipping-taxable","15":"purchasable","16":"product-type-simple"},"acf":[],"meta_all":{"total_sales":"1","wcml_sync_hash":{"postmeta_fields":"f62fa806fcded1b8154e85f271fbe01a"},"attr_label_translations":[]},"meta_all_flat":{"total_sales":"1","wcml_sync_hash.postmeta_fields":"f62fa806fcded1b8154e85f271fbe01a"},"yoast_head":"<!-- This site is optimized with the Yoast SEO Premium plugin v26.2 (Yoast SEO v27.2) - https:\/\/yoast.com\/product\/yoast-seo-premium-wordpress\/ -->\n<title>Stehendes Schaf aus Bronze - Eliassen Home &amp; Gardenpleasure<\/title>\n<meta name=\"description\" content=\"Sch\u00f6ne Bronzefigur eines stehenden Schafes mit den Ma\u00dfen 14x6x10cm. Live-Ansicht und schnelle Lieferung online.\" \/>\n<meta name=\"robots\" content=\"index, follow, max-snippet:-1, max-image-preview:large, max-video-preview:-1\" \/>\n<link rel=\"canonical\" href=\"https:\/\/www.eliassen.nl\/de\/stehendes-schaf-aus-bronze-14-cm\/\" \/>\n<meta property=\"og:locale\" content=\"de_DE\" \/>\n<meta property=\"og:type\" content=\"article\" \/>\n<meta property=\"og:title\" content=\"Sonstige Bronze Stehendes Schaf 14cm - Eliassen.nl\" \/>\n<meta property=\"og:description\" content=\"Sch\u00f6ne Bronzefigur eines stehenden Schafes mit den Ma\u00dfen 14x6x10cm. Live-Ansicht und schnelle Lieferung online.\" \/>\n<meta property=\"og:url\" content=\"https:\/\/www.eliassen.nl\/de\/stehendes-schaf-aus-bronze-14-cm\/\" \/>\n<meta property=\"og:site_name\" content=\"Eliassen.nl\" \/>\n<meta property=\"article:publisher\" content=\"https:\/\/www.facebook.com\/TuincentrumEliassenAmmerzoden\" \/>\n<meta property=\"article:modified_time\" content=\"2026-01-16T13:37:04+00:00\" \/>\n<meta property=\"og:image\" content=\"https:\/\/www.eliassen.nl\/wp-content\/uploads\/2024\/01\/bronzenstaandschaapeliassennl.jpg\" \/>\n\t<meta property=\"og:image:width\" content=\"1200\" \/>\n\t<meta property=\"og:image:height\" content=\"900\" \/>\n\t<meta property=\"og:image:type\" content=\"image\/jpeg\" \/>\n<meta name=\"twitter:card\" content=\"summary_large_image\" \/>\n<script type=\"application\/ld+json\" class=\"yoast-schema-graph\">{\"@context\":\"https:\/\/schema.org\",\"@graph\":[{\"@type\":\"WebPage\",\"@id\":\"https:\/\/www.eliassen.nl\/de\/stehendes-schaf-aus-bronze-14-cm\/\",\"url\":\"https:\/\/www.eliassen.nl\/de\/stehendes-schaf-aus-bronze-14-cm\/\",\"name\":\"Stehendes Schaf aus Bronze - Eliassen Home & Gardenpleasure\",\"isPartOf\":{\"@id\":\"https:\/\/www.eliassen.nl\/de\/#website\"},\"primaryImageOfPage\":{\"@id\":\"https:\/\/www.eliassen.nl\/de\/stehendes-schaf-aus-bronze-14-cm\/#primaryimage\"},\"image\":{\"@id\":\"https:\/\/www.eliassen.nl\/de\/stehendes-schaf-aus-bronze-14-cm\/#primaryimage\"},\"thumbnailUrl\":\"https:\/\/www.eliassen.nl\/wp-content\/uploads\/2024\/01\/bronzenstaandschaapeliassennl.jpg\",\"datePublished\":\"2023-07-05T10:05:48+00:00\",\"dateModified\":\"2026-01-16T13:37:04+00:00\",\"description\":\"Sch\u00f6ne Bronzefigur eines stehenden Schafes mit den Ma\u00dfen 14x6x10cm. Live-Ansicht und schnelle Lieferung online.\",\"breadcrumb\":{\"@id\":\"https:\/\/www.eliassen.nl\/de\/stehendes-schaf-aus-bronze-14-cm\/#breadcrumb\"},\"inLanguage\":\"de\",\"potentialAction\":[{\"@type\":\"ReadAction\",\"target\":[\"https:\/\/www.eliassen.nl\/de\/stehendes-schaf-aus-bronze-14-cm\/\"]}]},{\"@type\":\"ImageObject\",\"inLanguage\":\"de\",\"@id\":\"https:\/\/www.eliassen.nl\/de\/stehendes-schaf-aus-bronze-14-cm\/#primaryimage\",\"url\":\"https:\/\/www.eliassen.nl\/wp-content\/uploads\/2024\/01\/bronzenstaandschaapeliassennl.jpg\",\"contentUrl\":\"https:\/\/www.eliassen.nl\/wp-content\/uploads\/2024\/01\/bronzenstaandschaapeliassennl.jpg\",\"width\":1200,\"height\":900,\"caption\":\"Bronze stehendes Schaf - eliassen.nl\"},{\"@type\":\"BreadcrumbList\",\"@id\":\"https:\/\/www.eliassen.nl\/de\/stehendes-schaf-aus-bronze-14-cm\/#breadcrumb\",\"itemListElement\":[{\"@type\":\"ListItem\",\"position\":1,\"name\":\"Home\",\"item\":\"https:\/\/www.eliassen.nl\/de\/\"},{\"@type\":\"ListItem\",\"position\":2,\"name\":\"Shop\",\"item\":\"https:\/\/www.eliassen.nl\/de\/shop\/\"},{\"@type\":\"ListItem\",\"position\":3,\"name\":\"Bronzestatuen\",\"item\":\"https:\/\/www.eliassen.nl\/de\/bronzestatuen\/\"},{\"@type\":\"ListItem\",\"position\":4,\"name\":\"Tierstatuen aus Bronze\",\"item\":\"https:\/\/www.eliassen.nl\/de\/bilder\/bronzestatuen\/tierstatuen-aus-bronze\/\"},{\"@type\":\"ListItem\",\"position\":5,\"name\":\"Bronze Stehendes Schaf 14cm\"}]},{\"@type\":\"WebSite\",\"@id\":\"https:\/\/www.eliassen.nl\/de\/#website\",\"url\":\"https:\/\/www.eliassen.nl\/de\/\",\"name\":\"Eliassen Home & Garden Pleasure\",\"description\":\"\",\"publisher\":{\"@id\":\"https:\/\/www.eliassen.nl\/de\/#organization\"},\"alternateName\":\"Eliassen.nl\",\"potentialAction\":[{\"@type\":\"SearchAction\",\"target\":{\"@type\":\"EntryPoint\",\"urlTemplate\":\"https:\/\/www.eliassen.nl\/de\/?s={search_term_string}\"},\"query-input\":{\"@type\":\"PropertyValueSpecification\",\"valueRequired\":true,\"valueName\":\"search_term_string\"}}],\"inLanguage\":\"de\"},{\"@type\":[\"Organization\",\"Place\"],\"@id\":\"https:\/\/www.eliassen.nl\/de\/#organization\",\"name\":\"Eliassen Home & Garden Pleasure\",\"url\":\"https:\/\/www.eliassen.nl\/de\/\",\"logo\":{\"@id\":\"https:\/\/www.eliassen.nl\/de\/stehendes-schaf-aus-bronze-14-cm\/#local-main-organization-logo\"},\"image\":{\"@id\":\"https:\/\/www.eliassen.nl\/de\/stehendes-schaf-aus-bronze-14-cm\/#local-main-organization-logo\"},\"sameAs\":[\"https:\/\/www.facebook.com\/TuincentrumEliassenAmmerzoden\",\"https:\/\/www.instagram.com\/eliassenhomeandgarden\/\",\"https:\/\/nl.pinterest.com\/eliassenhomeandgarden\/\",\"https:\/\/www.youtube.com\/@eliassenhomegardenpleasure4558\"],\"telephone\":[],\"openingHoursSpecification\":[{\"@type\":\"OpeningHoursSpecification\",\"dayOfWeek\":[\"Monday\",\"Tuesday\",\"Wednesday\",\"Thursday\",\"Friday\",\"Saturday\",\"Sunday\"],\"opens\":\"09:00\",\"closes\":\"17:00\"}]},{\"@type\":\"ImageObject\",\"inLanguage\":\"de\",\"@id\":\"https:\/\/www.eliassen.nl\/de\/stehendes-schaf-aus-bronze-14-cm\/#local-main-organization-logo\",\"url\":\"https:\/\/www.eliassen.nl\/wp-content\/uploads\/2024\/01\/logo_4nd.jpg\",\"contentUrl\":\"https:\/\/www.eliassen.nl\/wp-content\/uploads\/2024\/01\/logo_4nd.jpg\",\"width\":500,\"height\":500,\"caption\":\"Eliassen Home & Garden Pleasure\"}]}<\/script>\n<meta property=\"product:price:amount\" content=\"145.00\" \/>\n<meta property=\"product:price:currency\" content=\"EUR\" \/>\n<meta property=\"og:availability\" content=\"instock\" \/>\n<meta property=\"product:availability\" content=\"instock\" \/>\n<meta property=\"product:retailer_item_id\" content=\"Bs1457\" \/>\n<meta property=\"product:condition\" content=\"new\" \/>\n<!-- \/ Yoast SEO Premium plugin. -->","yoast_head_json":{"title":"Stehendes Schaf aus Bronze - Eliassen Home & Gardenpleasure","description":"Sch\u00f6ne Bronzefigur eines stehenden Schafes mit den Ma\u00dfen 14x6x10cm. Live-Ansicht und schnelle Lieferung online.","robots":{"index":"index","follow":"follow","max-snippet":"max-snippet:-1","max-image-preview":"max-image-preview:large","max-video-preview":"max-video-preview:-1"},"canonical":"https:\/\/www.eliassen.nl\/de\/stehendes-schaf-aus-bronze-14-cm\/","og_locale":"de_DE","og_type":"article","og_title":"Sonstige Bronze Stehendes Schaf 14cm - Eliassen.nl","og_description":"Sch\u00f6ne Bronzefigur eines stehenden Schafes mit den Ma\u00dfen 14x6x10cm. Live-Ansicht und schnelle Lieferung online.","og_url":"https:\/\/www.eliassen.nl\/de\/stehendes-schaf-aus-bronze-14-cm\/","og_site_name":"Eliassen.nl","article_publisher":"https:\/\/www.facebook.com\/TuincentrumEliassenAmmerzoden","article_modified_time":"2026-01-16T13:37:04+00:00","og_image":[{"width":1200,"height":900,"url":"https:\/\/www.eliassen.nl\/wp-content\/uploads\/2024\/01\/bronzenstaandschaapeliassennl.jpg","type":"image\/jpeg"}],"twitter_card":"summary_large_image","schema":{"@context":"https:\/\/schema.org","@graph":[{"@type":"WebPage","@id":"https:\/\/www.eliassen.nl\/de\/stehendes-schaf-aus-bronze-14-cm\/","url":"https:\/\/www.eliassen.nl\/de\/stehendes-schaf-aus-bronze-14-cm\/","name":"Stehendes Schaf aus Bronze - Eliassen Home & Gardenpleasure","isPartOf":{"@id":"https:\/\/www.eliassen.nl\/de\/#website"},"primaryImageOfPage":{"@id":"https:\/\/www.eliassen.nl\/de\/stehendes-schaf-aus-bronze-14-cm\/#primaryimage"},"image":{"@id":"https:\/\/www.eliassen.nl\/de\/stehendes-schaf-aus-bronze-14-cm\/#primaryimage"},"thumbnailUrl":"https:\/\/www.eliassen.nl\/wp-content\/uploads\/2024\/01\/bronzenstaandschaapeliassennl.jpg","datePublished":"2023-07-05T10:05:48+00:00","dateModified":"2026-01-16T13:37:04+00:00","description":"Sch\u00f6ne Bronzefigur eines stehenden Schafes mit den Ma\u00dfen 14x6x10cm. Live-Ansicht und schnelle Lieferung online.","breadcrumb":{"@id":"https:\/\/www.eliassen.nl\/de\/stehendes-schaf-aus-bronze-14-cm\/#breadcrumb"},"inLanguage":"de","potentialAction":[{"@type":"ReadAction","target":["https:\/\/www.eliassen.nl\/de\/stehendes-schaf-aus-bronze-14-cm\/"]}]},{"@type":"ImageObject","inLanguage":"de","@id":"https:\/\/www.eliassen.nl\/de\/stehendes-schaf-aus-bronze-14-cm\/#primaryimage","url":"https:\/\/www.eliassen.nl\/wp-content\/uploads\/2024\/01\/bronzenstaandschaapeliassennl.jpg","contentUrl":"https:\/\/www.eliassen.nl\/wp-content\/uploads\/2024\/01\/bronzenstaandschaapeliassennl.jpg","width":1200,"height":900,"caption":"Bronze stehendes Schaf - eliassen.nl"},{"@type":"BreadcrumbList","@id":"https:\/\/www.eliassen.nl\/de\/stehendes-schaf-aus-bronze-14-cm\/#breadcrumb","itemListElement":[{"@type":"ListItem","position":1,"name":"Home","item":"https:\/\/www.eliassen.nl\/de\/"},{"@type":"ListItem","position":2,"name":"Shop","item":"https:\/\/www.eliassen.nl\/de\/shop\/"},{"@type":"ListItem","position":3,"name":"Bronzestatuen","item":"https:\/\/www.eliassen.nl\/de\/bronzestatuen\/"},{"@type":"ListItem","position":4,"name":"Tierstatuen aus Bronze","item":"https:\/\/www.eliassen.nl\/de\/bilder\/bronzestatuen\/tierstatuen-aus-bronze\/"},{"@type":"ListItem","position":5,"name":"Bronze Stehendes Schaf 14cm"}]},{"@type":"WebSite","@id":"https:\/\/www.eliassen.nl\/de\/#website","url":"https:\/\/www.eliassen.nl\/de\/","name":"Eliassen Home & Garden Pleasure","description":"","publisher":{"@id":"https:\/\/www.eliassen.nl\/de\/#organization"},"alternateName":"Eliassen.nl","potentialAction":[{"@type":"SearchAction","target":{"@type":"EntryPoint","urlTemplate":"https:\/\/www.eliassen.nl\/de\/?s={search_term_string}"},"query-input":{"@type":"PropertyValueSpecification","valueRequired":true,"valueName":"search_term_string"}}],"inLanguage":"de"},{"@type":["Organization","Place"],"@id":"https:\/\/www.eliassen.nl\/de\/#organization","name":"Eliassen Home & Garden Pleasure","url":"https:\/\/www.eliassen.nl\/de\/","logo":{"@id":"https:\/\/www.eliassen.nl\/de\/stehendes-schaf-aus-bronze-14-cm\/#local-main-organization-logo"},"image":{"@id":"https:\/\/www.eliassen.nl\/de\/stehendes-schaf-aus-bronze-14-cm\/#local-main-organization-logo"},"sameAs":["https:\/\/www.facebook.com\/TuincentrumEliassenAmmerzoden","https:\/\/www.instagram.com\/eliassenhomeandgarden\/","https:\/\/nl.pinterest.com\/eliassenhomeandgarden\/","https:\/\/www.youtube.com\/@eliassenhomegardenpleasure4558"],"telephone":[],"openingHoursSpecification":[{"@type":"OpeningHoursSpecification","dayOfWeek":["Monday","Tuesday","Wednesday","Thursday","Friday","Saturday","Sunday"],"opens":"09:00","closes":"17:00"}]},{"@type":"ImageObject","inLanguage":"de","@id":"https:\/\/www.eliassen.nl\/de\/stehendes-schaf-aus-bronze-14-cm\/#local-main-organization-logo","url":"https:\/\/www.eliassen.nl\/wp-content\/uploads\/2024\/01\/logo_4nd.jpg","contentUrl":"https:\/\/www.eliassen.nl\/wp-content\/uploads\/2024\/01\/logo_4nd.jpg","width":500,"height":500,"caption":"Eliassen Home & Garden Pleasure"}]},"product_price_amount":"145.00","product_price_currency":"EUR","og_availability":"instock","product_availability":"instock","product_retailer_item_id":"Bs1457","product_condition":"new"},"df_price":145,"df_sale_price":"","df_regular_price":145,"df_image_link":"https:\/\/www.eliassen.nl\/wp-content\/uploads\/2024\/01\/bronzenstaandschaapeliassennl.jpg","image":"https:\/\/www.eliassen.nl\/wp-content\/uploads\/2024\/01\/bronzenstaandschaapeliassennl.jpg","price_search":"<span class=\"woocommerce-Price-amount amount\"><bdi><span class=\"woocommerce-Price-currencySymbol\">&euro;<\/span>&nbsp;145,00<\/bdi><\/span>","category":"Bronzestatuen","global_unique_id":"5410807014572","_links":{"self":[{"href":"https:\/\/www.eliassen.nl\/de\/wp-json\/wp\/v2\/product\/91201","targetHints":{"allow":["GET"]}}],"collection":[{"href":"https:\/\/www.eliassen.nl\/de\/wp-json\/wp\/v2\/product"}],"about":[{"href":"https:\/\/www.eliassen.nl\/de\/wp-json\/wp\/v2\/types\/product"}],"wp:featuredmedia":[{"embeddable":true,"href":"https:\/\/www.eliassen.nl\/de\/wp-json\/wp\/v2\/media\/91198"}],"wp:attachment":[{"href":"https:\/\/www.eliassen.nl\/de\/wp-json\/wp\/v2\/media?parent=91201"}],"wp:term":[{"taxonomy":"product_brand","embeddable":true,"href":"https:\/\/www.eliassen.nl\/de\/wp-json\/wp\/v2\/product_brand?post=91201"},{"taxonomy":"product_cat","embeddable":true,"href":"https:\/\/www.eliassen.nl\/de\/wp-json\/wp\/v2\/product_cat?post=91201"},{"taxonomy":"product_tag","embeddable":true,"href":"https:\/\/www.eliassen.nl\/de\/wp-json\/wp\/v2\/product_tag?post=91201"}],"curies":[{"name":"wp","href":"https:\/\/api.w.org\/{rel}","templated":true}]}}