{"id":90091,"date":"2023-05-25T17:46:13","date_gmt":"2023-05-25T17:46:13","guid":{"rendered":"https:\/\/www.eliassen.nl\/?product=zuilenset-basalt-hoekig-ina-40-60-80cm"},"modified":"2026-01-16T14:36:52","modified_gmt":"2026-01-16T13:36:52","slug":"saulenset-basalt-eckig-ina-40-60-80cm","status":"publish","type":"product","link":"https:\/\/www.eliassen.nl\/de\/saulenset-basalt-eckig-ina-40-60-80cm\/","title":{"rendered":"S\u00e4ule aus Basaltstein eckig Ina 40-60-80cm"},"content":{"rendered":"<p><strong>Dies betrifft nur das Wasserornament. Erkundigen Sie sich nach den anderen ben\u00f6tigten Teilen.<\/strong><\/p>\n<p>Wassers\u00e4ulen aus Basaltstein, mit polierter Oberfl\u00e4che. Eine LED-Leuchte kann in den S\u00e4ulen angebracht werden, aber noch sch\u00f6ner ist es, wenn sie mit einem Strahler beleuchtet wird. Diese S\u00e4ulen kommen in der Natur so vor und k\u00f6nnen daher in Dicke und Farbe variieren. Wahrlich ein Set f\u00fcr Liebhaber des nat\u00fcrlichen Looks. Wenn die S\u00e4ulen nass sind, sehen sie ein wenig dunkler aus (siehe Foto).<\/p>\n<p>Die Abmessungen der S\u00e4ulen sind: 40, 60 und 80 cm hoch.<em>  Das Set kann nur bei uns gekauft werden.<\/em><\/p>\n<p>Dieses S\u00e4ulenset bietet das Beste aus beiden Welten. Oben poliert und an den Seiten mit dem urspr\u00fcnglichen nat\u00fcrlichen Aussehen. Sind Sie auf der Suche nach einem nat\u00fcrlichen Wasserornament oder Springbrunnen? Dieses Ornament aus 3 S\u00e4ulen ist ein echtes Naturprodukt aus Basaltstein, bei dem die Sch\u00f6nheit des Steintyps unber\u00fchrt geblieben ist.<\/p>\n<ul>\n<li>Exklusives Naturprodukt<\/li>\n<li>Dicke ca. 20c-25m pro S\u00e4ule<\/li>\n<li>H\u00f6he 40, 60 bzw. 80 cm<\/li>\n<li>Ab Lager verf\u00fcgbar<\/li>\n<li>Dies ist ein loses Ornament, bitte erkundigen Sie sich nach weiteren Lieferungen.<\/li>\n<\/ul>\n","protected":false},"excerpt":{"rendered":"<p>Es handelt sich um ein loses Ornament. Erkundigen Sie sich nach den anderen ben\u00f6tigten Teilen.<\/p>\n","protected":false},"featured_media":90079,"template":"","meta":{"_acf_changed":false,"_genesis_title":"","_genesis_description":""},"product_brand":[7505],"product_cat":[539,551,536],"product_tag":[],"class_list":{"0":"post-90091","1":"product","2":"type-product","3":"status-publish","4":"has-post-thumbnail","6":"product_brand-sonstige","7":"product_cat-einzigartige-eigene-modelle-von-losen-wasserspiele","8":"product_cat-lose-wasserspiele","9":"product_cat-wassereigenschaften","11":"first","12":"instock","13":"taxable","14":"shipping-taxable","15":"purchasable","16":"product-type-simple"},"acf":[],"meta_all":{"total_sales":"0","wcml_sync_hash":{"postmeta_fields":"6d1d60c5987f8847b1e7edbc2dc9743c"},"attr_label_translations":[],"cor_restricted_countries":[]},"meta_all_flat":{"total_sales":"0","wcml_sync_hash.postmeta_fields":"6d1d60c5987f8847b1e7edbc2dc9743c"},"yoast_head":"<!-- This site is optimized with the Yoast SEO Premium plugin v26.2 (Yoast SEO v27.2) - https:\/\/yoast.com\/product\/yoast-seo-premium-wordpress\/ -->\n<title>S\u00e4ulensatz Basalt eckig Ina 40-60-80cm<\/title>\n<meta name=\"description\" content=\"Basalt-Wassers\u00e4ulen-Set, die sch\u00f6nsten und g\u00fcnstigsten, die Sie bei uns finden k\u00f6nnen !!!\" \/>\n<meta name=\"robots\" content=\"index, follow, max-snippet:-1, max-image-preview:large, max-video-preview:-1\" \/>\n<link rel=\"canonical\" href=\"https:\/\/www.eliassen.nl\/de\/saulenset-basalt-eckig-ina-40-60-80cm\/\" \/>\n<meta property=\"og:locale\" content=\"de_DE\" \/>\n<meta property=\"og:type\" content=\"article\" \/>\n<meta property=\"og:title\" content=\"Sonstige S\u00e4ule aus Basaltstein eckig Ina 40-60-80cm - Eliassen.nl\" \/>\n<meta property=\"og:description\" content=\"Basalt-Wassers\u00e4ulen-Set, die sch\u00f6nsten und g\u00fcnstigsten, die Sie bei uns finden k\u00f6nnen !!!\" \/>\n<meta property=\"og:url\" content=\"https:\/\/www.eliassen.nl\/de\/saulenset-basalt-eckig-ina-40-60-80cm\/\" \/>\n<meta property=\"og:site_name\" content=\"Eliassen.nl\" \/>\n<meta property=\"article:publisher\" content=\"https:\/\/www.facebook.com\/TuincentrumEliassenAmmerzoden\" \/>\n<meta property=\"article:modified_time\" content=\"2026-01-16T13:36:52+00:00\" \/>\n<meta property=\"og:image\" content=\"https:\/\/www.eliassen.nl\/wp-content\/uploads\/2024\/01\/myproject15.png\" \/>\n\t<meta property=\"og:image:width\" content=\"892\" \/>\n\t<meta property=\"og:image:height\" content=\"1008\" \/>\n\t<meta property=\"og:image:type\" content=\"image\/png\" \/>\n<meta name=\"twitter:card\" content=\"summary_large_image\" \/>\n<script type=\"application\/ld+json\" class=\"yoast-schema-graph\">{\"@context\":\"https:\/\/schema.org\",\"@graph\":[{\"@type\":\"WebPage\",\"@id\":\"https:\/\/www.eliassen.nl\/de\/saulenset-basalt-eckig-ina-40-60-80cm\/\",\"url\":\"https:\/\/www.eliassen.nl\/de\/saulenset-basalt-eckig-ina-40-60-80cm\/\",\"name\":\"S\u00e4ulensatz Basalt eckig Ina 40-60-80cm\",\"isPartOf\":{\"@id\":\"https:\/\/www.eliassen.nl\/de\/#website\"},\"primaryImageOfPage\":{\"@id\":\"https:\/\/www.eliassen.nl\/de\/saulenset-basalt-eckig-ina-40-60-80cm\/#primaryimage\"},\"image\":{\"@id\":\"https:\/\/www.eliassen.nl\/de\/saulenset-basalt-eckig-ina-40-60-80cm\/#primaryimage\"},\"thumbnailUrl\":\"https:\/\/www.eliassen.nl\/wp-content\/uploads\/2024\/01\/myproject15.png\",\"datePublished\":\"2023-05-25T17:46:13+00:00\",\"dateModified\":\"2026-01-16T13:36:52+00:00\",\"description\":\"Basalt-Wassers\u00e4ulen-Set, die sch\u00f6nsten und g\u00fcnstigsten, die Sie bei uns finden k\u00f6nnen !!!\",\"breadcrumb\":{\"@id\":\"https:\/\/www.eliassen.nl\/de\/saulenset-basalt-eckig-ina-40-60-80cm\/#breadcrumb\"},\"inLanguage\":\"de\",\"potentialAction\":[{\"@type\":\"ReadAction\",\"target\":[\"https:\/\/www.eliassen.nl\/de\/saulenset-basalt-eckig-ina-40-60-80cm\/\"]}]},{\"@type\":\"ImageObject\",\"inLanguage\":\"de\",\"@id\":\"https:\/\/www.eliassen.nl\/de\/saulenset-basalt-eckig-ina-40-60-80cm\/#primaryimage\",\"url\":\"https:\/\/www.eliassen.nl\/wp-content\/uploads\/2024\/01\/myproject15.png\",\"contentUrl\":\"https:\/\/www.eliassen.nl\/wp-content\/uploads\/2024\/01\/myproject15.png\",\"width\":892,\"height\":1008,\"caption\":\"Mein Projekt-1 (5)\"},{\"@type\":\"BreadcrumbList\",\"@id\":\"https:\/\/www.eliassen.nl\/de\/saulenset-basalt-eckig-ina-40-60-80cm\/#breadcrumb\",\"itemListElement\":[{\"@type\":\"ListItem\",\"position\":1,\"name\":\"Home\",\"item\":\"https:\/\/www.eliassen.nl\/de\/\"},{\"@type\":\"ListItem\",\"position\":2,\"name\":\"Shop\",\"item\":\"https:\/\/www.eliassen.nl\/de\/shop\/\"},{\"@type\":\"ListItem\",\"position\":3,\"name\":\"Wasserspiele\",\"item\":\"https:\/\/www.eliassen.nl\/de\/wassereigenschaften\/\"},{\"@type\":\"ListItem\",\"position\":4,\"name\":\"Einzigartige eigene Modelle von losen Wasserspielen\",\"item\":\"https:\/\/www.eliassen.nl\/de\/wassereigenschaften\/einzigartige-eigene-modelle-von-losen-wasserspiele\/\"},{\"@type\":\"ListItem\",\"position\":5,\"name\":\"S\u00e4ule aus Basaltstein eckig Ina 40-60-80cm\"}]},{\"@type\":\"WebSite\",\"@id\":\"https:\/\/www.eliassen.nl\/de\/#website\",\"url\":\"https:\/\/www.eliassen.nl\/de\/\",\"name\":\"Eliassen Home & Garden Pleasure\",\"description\":\"\",\"publisher\":{\"@id\":\"https:\/\/www.eliassen.nl\/de\/#organization\"},\"alternateName\":\"Eliassen.nl\",\"potentialAction\":[{\"@type\":\"SearchAction\",\"target\":{\"@type\":\"EntryPoint\",\"urlTemplate\":\"https:\/\/www.eliassen.nl\/de\/?s={search_term_string}\"},\"query-input\":{\"@type\":\"PropertyValueSpecification\",\"valueRequired\":true,\"valueName\":\"search_term_string\"}}],\"inLanguage\":\"de\"},{\"@type\":[\"Organization\",\"Place\"],\"@id\":\"https:\/\/www.eliassen.nl\/de\/#organization\",\"name\":\"Eliassen Home & Garden Pleasure\",\"url\":\"https:\/\/www.eliassen.nl\/de\/\",\"logo\":{\"@id\":\"https:\/\/www.eliassen.nl\/de\/saulenset-basalt-eckig-ina-40-60-80cm\/#local-main-organization-logo\"},\"image\":{\"@id\":\"https:\/\/www.eliassen.nl\/de\/saulenset-basalt-eckig-ina-40-60-80cm\/#local-main-organization-logo\"},\"sameAs\":[\"https:\/\/www.facebook.com\/TuincentrumEliassenAmmerzoden\",\"https:\/\/www.instagram.com\/eliassenhomeandgarden\/\",\"https:\/\/nl.pinterest.com\/eliassenhomeandgarden\/\",\"https:\/\/www.youtube.com\/@eliassenhomegardenpleasure4558\"],\"telephone\":[],\"openingHoursSpecification\":[{\"@type\":\"OpeningHoursSpecification\",\"dayOfWeek\":[\"Monday\",\"Tuesday\",\"Wednesday\",\"Thursday\",\"Friday\",\"Saturday\",\"Sunday\"],\"opens\":\"09:00\",\"closes\":\"17:00\"}]},{\"@type\":\"ImageObject\",\"inLanguage\":\"de\",\"@id\":\"https:\/\/www.eliassen.nl\/de\/saulenset-basalt-eckig-ina-40-60-80cm\/#local-main-organization-logo\",\"url\":\"https:\/\/www.eliassen.nl\/wp-content\/uploads\/2024\/01\/logo_4nd.jpg\",\"contentUrl\":\"https:\/\/www.eliassen.nl\/wp-content\/uploads\/2024\/01\/logo_4nd.jpg\",\"width\":500,\"height\":500,\"caption\":\"Eliassen Home & Garden Pleasure\"}]}<\/script>\n<meta property=\"product:price:amount\" content=\"695.00\" \/>\n<meta property=\"product:price:currency\" content=\"EUR\" \/>\n<meta property=\"og:availability\" content=\"instock\" \/>\n<meta property=\"product:availability\" content=\"instock\" \/>\n<meta property=\"product:retailer_item_id\" content=\"Zsbhi406080\" \/>\n<meta property=\"product:condition\" content=\"new\" \/>\n<!-- \/ Yoast SEO Premium plugin. -->","yoast_head_json":{"title":"S\u00e4ulensatz Basalt eckig Ina 40-60-80cm","description":"Basalt-Wassers\u00e4ulen-Set, die sch\u00f6nsten und g\u00fcnstigsten, die Sie bei uns finden k\u00f6nnen !!!","robots":{"index":"index","follow":"follow","max-snippet":"max-snippet:-1","max-image-preview":"max-image-preview:large","max-video-preview":"max-video-preview:-1"},"canonical":"https:\/\/www.eliassen.nl\/de\/saulenset-basalt-eckig-ina-40-60-80cm\/","og_locale":"de_DE","og_type":"article","og_title":"Sonstige S\u00e4ule aus Basaltstein eckig Ina 40-60-80cm - Eliassen.nl","og_description":"Basalt-Wassers\u00e4ulen-Set, die sch\u00f6nsten und g\u00fcnstigsten, die Sie bei uns finden k\u00f6nnen !!!","og_url":"https:\/\/www.eliassen.nl\/de\/saulenset-basalt-eckig-ina-40-60-80cm\/","og_site_name":"Eliassen.nl","article_publisher":"https:\/\/www.facebook.com\/TuincentrumEliassenAmmerzoden","article_modified_time":"2026-01-16T13:36:52+00:00","og_image":[{"width":892,"height":1008,"url":"https:\/\/www.eliassen.nl\/wp-content\/uploads\/2024\/01\/myproject15.png","type":"image\/png"}],"twitter_card":"summary_large_image","schema":{"@context":"https:\/\/schema.org","@graph":[{"@type":"WebPage","@id":"https:\/\/www.eliassen.nl\/de\/saulenset-basalt-eckig-ina-40-60-80cm\/","url":"https:\/\/www.eliassen.nl\/de\/saulenset-basalt-eckig-ina-40-60-80cm\/","name":"S\u00e4ulensatz Basalt eckig Ina 40-60-80cm","isPartOf":{"@id":"https:\/\/www.eliassen.nl\/de\/#website"},"primaryImageOfPage":{"@id":"https:\/\/www.eliassen.nl\/de\/saulenset-basalt-eckig-ina-40-60-80cm\/#primaryimage"},"image":{"@id":"https:\/\/www.eliassen.nl\/de\/saulenset-basalt-eckig-ina-40-60-80cm\/#primaryimage"},"thumbnailUrl":"https:\/\/www.eliassen.nl\/wp-content\/uploads\/2024\/01\/myproject15.png","datePublished":"2023-05-25T17:46:13+00:00","dateModified":"2026-01-16T13:36:52+00:00","description":"Basalt-Wassers\u00e4ulen-Set, die sch\u00f6nsten und g\u00fcnstigsten, die Sie bei uns finden k\u00f6nnen !!!","breadcrumb":{"@id":"https:\/\/www.eliassen.nl\/de\/saulenset-basalt-eckig-ina-40-60-80cm\/#breadcrumb"},"inLanguage":"de","potentialAction":[{"@type":"ReadAction","target":["https:\/\/www.eliassen.nl\/de\/saulenset-basalt-eckig-ina-40-60-80cm\/"]}]},{"@type":"ImageObject","inLanguage":"de","@id":"https:\/\/www.eliassen.nl\/de\/saulenset-basalt-eckig-ina-40-60-80cm\/#primaryimage","url":"https:\/\/www.eliassen.nl\/wp-content\/uploads\/2024\/01\/myproject15.png","contentUrl":"https:\/\/www.eliassen.nl\/wp-content\/uploads\/2024\/01\/myproject15.png","width":892,"height":1008,"caption":"Mein Projekt-1 (5)"},{"@type":"BreadcrumbList","@id":"https:\/\/www.eliassen.nl\/de\/saulenset-basalt-eckig-ina-40-60-80cm\/#breadcrumb","itemListElement":[{"@type":"ListItem","position":1,"name":"Home","item":"https:\/\/www.eliassen.nl\/de\/"},{"@type":"ListItem","position":2,"name":"Shop","item":"https:\/\/www.eliassen.nl\/de\/shop\/"},{"@type":"ListItem","position":3,"name":"Wasserspiele","item":"https:\/\/www.eliassen.nl\/de\/wassereigenschaften\/"},{"@type":"ListItem","position":4,"name":"Einzigartige eigene Modelle von losen Wasserspielen","item":"https:\/\/www.eliassen.nl\/de\/wassereigenschaften\/einzigartige-eigene-modelle-von-losen-wasserspiele\/"},{"@type":"ListItem","position":5,"name":"S\u00e4ule aus Basaltstein eckig Ina 40-60-80cm"}]},{"@type":"WebSite","@id":"https:\/\/www.eliassen.nl\/de\/#website","url":"https:\/\/www.eliassen.nl\/de\/","name":"Eliassen Home & Garden Pleasure","description":"","publisher":{"@id":"https:\/\/www.eliassen.nl\/de\/#organization"},"alternateName":"Eliassen.nl","potentialAction":[{"@type":"SearchAction","target":{"@type":"EntryPoint","urlTemplate":"https:\/\/www.eliassen.nl\/de\/?s={search_term_string}"},"query-input":{"@type":"PropertyValueSpecification","valueRequired":true,"valueName":"search_term_string"}}],"inLanguage":"de"},{"@type":["Organization","Place"],"@id":"https:\/\/www.eliassen.nl\/de\/#organization","name":"Eliassen Home & Garden Pleasure","url":"https:\/\/www.eliassen.nl\/de\/","logo":{"@id":"https:\/\/www.eliassen.nl\/de\/saulenset-basalt-eckig-ina-40-60-80cm\/#local-main-organization-logo"},"image":{"@id":"https:\/\/www.eliassen.nl\/de\/saulenset-basalt-eckig-ina-40-60-80cm\/#local-main-organization-logo"},"sameAs":["https:\/\/www.facebook.com\/TuincentrumEliassenAmmerzoden","https:\/\/www.instagram.com\/eliassenhomeandgarden\/","https:\/\/nl.pinterest.com\/eliassenhomeandgarden\/","https:\/\/www.youtube.com\/@eliassenhomegardenpleasure4558"],"telephone":[],"openingHoursSpecification":[{"@type":"OpeningHoursSpecification","dayOfWeek":["Monday","Tuesday","Wednesday","Thursday","Friday","Saturday","Sunday"],"opens":"09:00","closes":"17:00"}]},{"@type":"ImageObject","inLanguage":"de","@id":"https:\/\/www.eliassen.nl\/de\/saulenset-basalt-eckig-ina-40-60-80cm\/#local-main-organization-logo","url":"https:\/\/www.eliassen.nl\/wp-content\/uploads\/2024\/01\/logo_4nd.jpg","contentUrl":"https:\/\/www.eliassen.nl\/wp-content\/uploads\/2024\/01\/logo_4nd.jpg","width":500,"height":500,"caption":"Eliassen Home & Garden Pleasure"}]},"product_price_amount":"695.00","product_price_currency":"EUR","og_availability":"instock","product_availability":"instock","product_retailer_item_id":"Zsbhi406080","product_condition":"new"},"df_price":695,"df_sale_price":"","df_regular_price":695,"df_image_link":"https:\/\/www.eliassen.nl\/wp-content\/uploads\/2024\/01\/myproject15.png","image":"https:\/\/www.eliassen.nl\/wp-content\/uploads\/2024\/01\/myproject15.png","price_search":"<span class=\"woocommerce-Price-amount amount\"><bdi><span class=\"woocommerce-Price-currencySymbol\">&euro;<\/span>&nbsp;695,00<\/bdi><\/span>","category":"Einzigartige eigene Modelle von losen Wasserspielen","global_unique_id":"6096515186111","_links":{"self":[{"href":"https:\/\/www.eliassen.nl\/de\/wp-json\/wp\/v2\/product\/90091","targetHints":{"allow":["GET"]}}],"collection":[{"href":"https:\/\/www.eliassen.nl\/de\/wp-json\/wp\/v2\/product"}],"about":[{"href":"https:\/\/www.eliassen.nl\/de\/wp-json\/wp\/v2\/types\/product"}],"wp:featuredmedia":[{"embeddable":true,"href":"https:\/\/www.eliassen.nl\/de\/wp-json\/wp\/v2\/media\/90079"}],"wp:attachment":[{"href":"https:\/\/www.eliassen.nl\/de\/wp-json\/wp\/v2\/media?parent=90091"}],"wp:term":[{"taxonomy":"product_brand","embeddable":true,"href":"https:\/\/www.eliassen.nl\/de\/wp-json\/wp\/v2\/product_brand?post=90091"},{"taxonomy":"product_cat","embeddable":true,"href":"https:\/\/www.eliassen.nl\/de\/wp-json\/wp\/v2\/product_cat?post=90091"},{"taxonomy":"product_tag","embeddable":true,"href":"https:\/\/www.eliassen.nl\/de\/wp-json\/wp\/v2\/product_tag?post=90091"}],"curies":[{"name":"wp","href":"https:\/\/api.w.org\/{rel}","templated":true}]}}