{"id":89884,"date":"2023-05-19T14:22:28","date_gmt":"2023-05-19T14:22:28","guid":{"rendered":"https:\/\/www.eliassen.nl\/?product=tuinbank-astrid-metaal-wit-137cm-met-kussens"},"modified":"2026-01-16T14:36:36","modified_gmt":"2026-01-16T13:36:36","slug":"gartenbank-astrid-metall-weiss-137cm-mit-kissen","status":"publish","type":"product","link":"https:\/\/www.eliassen.nl\/de\/gartenbank-astrid-metall-weiss-137cm-mit-kissen\/","title":{"rendered":"Gartenbank Astrid Metall wei\u00df 137cm"},"content":{"rendered":"<p>Diese romantisch geformte Gartenbank aus Eisen ist ein klassisches und zeitloses Modell. Wundersch\u00f6n aus Metall gefertigt, in einer sch\u00f6nen alten Farbe wei\u00df lackiert und dann mit einer anderen Farbe gewachst, um einen sch\u00f6nen antiken Look zu erzielen. Der leicht konkave Sitz sorgt f\u00fcr einen guten Sitz.<\/p>\n<p>F\u00fcr den Zusammenbau dieser Bank sollten 10 Muttern verwendet werden. Sitz und R\u00fcckenlehne sind mit Scharnieren verbunden.<\/p>\n<ul>\n<li>Gr\u00f6\u00dfe: 137 breit, Tiefe 49cm und H\u00f6he 96cm, Sitzh\u00f6he 43cm<\/li>\n<li>1 Jahr Garantie<\/li>\n<li>Wir haben diesen Artikel in unserem Ausstellungsraum.<\/li>\n<\/ul>\n","protected":false},"excerpt":{"rendered":"<p>Diese romantisch geformte Gartenbank aus Eisen ist ein klassisches und zeitloses Modell. Wundersch\u00f6n aus Metall gefertigt, in einer sch\u00f6nen alten Farbe wei\u00df lackiert und dann mit einer anderen Farbe gewachst, um einen sch\u00f6nen antiken Look zu erzielen. Der leicht konkave Sitz sorgt f\u00fcr einen guten Sitz. F\u00fcr den Zusammenbau dieser Bank sollten 10 Muttern verwendet &hellip;<\/p>\n","protected":false},"featured_media":89875,"template":"","meta":{"_acf_changed":false,"_genesis_title":"","_genesis_description":""},"product_brand":[7505],"product_cat":[806,761,752],"product_tag":[],"class_list":{"0":"post-89884","1":"product","2":"type-product","3":"status-publish","4":"has-post-thumbnail","6":"product_brand-sonstige","7":"product_cat-gartenbaenke","8":"product_cat-gartenmoebel","9":"product_cat-weitere-artikel","11":"first","12":"instock","13":"taxable","14":"shipping-taxable","15":"purchasable","16":"product-type-simple"},"acf":[],"meta_all":{"total_sales":"1","wcml_sync_hash":{"postmeta_fields":"8b20b0a5ed6a0b454ee371512d5dda22"},"attr_label_translations":[],"cor_restricted_countries":[]},"meta_all_flat":{"total_sales":"1","wcml_sync_hash.postmeta_fields":"8b20b0a5ed6a0b454ee371512d5dda22"},"yoast_head":"<!-- This site is optimized with the Yoast SEO Premium plugin v26.2 (Yoast SEO v27.2) - https:\/\/yoast.com\/product\/yoast-seo-premium-wordpress\/ -->\n<title>Gartenbank Astrid Metall wei\u00df 137cm mit Kissen<\/title>\n<meta name=\"description\" content=\"Gartenb\u00e4nke; wir haben sie in vielen Modellen und Materialien. Schauen Sie sich alle in unserem Webshop an oder kommen Sie und sehen Sie sie live !!!\" \/>\n<meta name=\"robots\" content=\"index, follow, max-snippet:-1, max-image-preview:large, max-video-preview:-1\" \/>\n<link rel=\"canonical\" href=\"https:\/\/www.eliassen.nl\/de\/gartenbank-astrid-metall-weiss-137cm-mit-kissen\/\" \/>\n<meta property=\"og:locale\" content=\"de_DE\" \/>\n<meta property=\"og:type\" content=\"article\" \/>\n<meta property=\"og:title\" content=\"Sonstige Gartenbank Astrid Metall wei\u00df 137cm - Eliassen.nl\" \/>\n<meta property=\"og:description\" content=\"Gartenb\u00e4nke; wir haben sie in vielen Modellen und Materialien. Schauen Sie sich alle in unserem Webshop an oder kommen Sie und sehen Sie sie live !!!\" \/>\n<meta property=\"og:url\" content=\"https:\/\/www.eliassen.nl\/de\/gartenbank-astrid-metall-weiss-137cm-mit-kissen\/\" \/>\n<meta property=\"og:site_name\" content=\"Eliassen.nl\" \/>\n<meta property=\"article:publisher\" content=\"https:\/\/www.facebook.com\/TuincentrumEliassenAmmerzoden\" \/>\n<meta property=\"article:modified_time\" content=\"2026-01-16T13:36:36+00:00\" \/>\n<meta property=\"og:image\" content=\"https:\/\/www.eliassen.nl\/wp-content\/uploads\/2024\/01\/335003wa.jpg\" \/>\n\t<meta property=\"og:image:width\" content=\"1440\" \/>\n\t<meta property=\"og:image:height\" content=\"1080\" \/>\n\t<meta property=\"og:image:type\" content=\"image\/jpeg\" \/>\n<meta name=\"twitter:card\" content=\"summary_large_image\" \/>\n<script type=\"application\/ld+json\" class=\"yoast-schema-graph\">{\"@context\":\"https:\/\/schema.org\",\"@graph\":[{\"@type\":\"WebPage\",\"@id\":\"https:\/\/www.eliassen.nl\/de\/gartenbank-astrid-metall-weiss-137cm-mit-kissen\/\",\"url\":\"https:\/\/www.eliassen.nl\/de\/gartenbank-astrid-metall-weiss-137cm-mit-kissen\/\",\"name\":\"Gartenbank Astrid Metall wei\u00df 137cm mit Kissen\",\"isPartOf\":{\"@id\":\"https:\/\/www.eliassen.nl\/de\/#website\"},\"primaryImageOfPage\":{\"@id\":\"https:\/\/www.eliassen.nl\/de\/gartenbank-astrid-metall-weiss-137cm-mit-kissen\/#primaryimage\"},\"image\":{\"@id\":\"https:\/\/www.eliassen.nl\/de\/gartenbank-astrid-metall-weiss-137cm-mit-kissen\/#primaryimage\"},\"thumbnailUrl\":\"https:\/\/www.eliassen.nl\/wp-content\/uploads\/2024\/01\/335003wa.jpg\",\"datePublished\":\"2023-05-19T14:22:28+00:00\",\"dateModified\":\"2026-01-16T13:36:36+00:00\",\"description\":\"Gartenb\u00e4nke; wir haben sie in vielen Modellen und Materialien. Schauen Sie sich alle in unserem Webshop an oder kommen Sie und sehen Sie sie live !!!\",\"breadcrumb\":{\"@id\":\"https:\/\/www.eliassen.nl\/de\/gartenbank-astrid-metall-weiss-137cm-mit-kissen\/#breadcrumb\"},\"inLanguage\":\"de\",\"potentialAction\":[{\"@type\":\"ReadAction\",\"target\":[\"https:\/\/www.eliassen.nl\/de\/gartenbank-astrid-metall-weiss-137cm-mit-kissen\/\"]}]},{\"@type\":\"ImageObject\",\"inLanguage\":\"de\",\"@id\":\"https:\/\/www.eliassen.nl\/de\/gartenbank-astrid-metall-weiss-137cm-mit-kissen\/#primaryimage\",\"url\":\"https:\/\/www.eliassen.nl\/wp-content\/uploads\/2024\/01\/335003wa.jpg\",\"contentUrl\":\"https:\/\/www.eliassen.nl\/wp-content\/uploads\/2024\/01\/335003wa.jpg\",\"width\":1440,\"height\":1080,\"caption\":\"335003Wa\"},{\"@type\":\"BreadcrumbList\",\"@id\":\"https:\/\/www.eliassen.nl\/de\/gartenbank-astrid-metall-weiss-137cm-mit-kissen\/#breadcrumb\",\"itemListElement\":[{\"@type\":\"ListItem\",\"position\":1,\"name\":\"Home\",\"item\":\"https:\/\/www.eliassen.nl\/de\/\"},{\"@type\":\"ListItem\",\"position\":2,\"name\":\"Shop\",\"item\":\"https:\/\/www.eliassen.nl\/de\/shop\/\"},{\"@type\":\"ListItem\",\"position\":3,\"name\":\"Weitere Artikel\",\"item\":\"https:\/\/www.eliassen.nl\/de\/weitere-artikel\/\"},{\"@type\":\"ListItem\",\"position\":4,\"name\":\"Gartenm\u00f6bel\",\"item\":\"https:\/\/www.eliassen.nl\/de\/garten-andere\/gartenmoebel\/\"},{\"@type\":\"ListItem\",\"position\":5,\"name\":\"Gartenbank Astrid Metall wei\u00df 137cm\"}]},{\"@type\":\"WebSite\",\"@id\":\"https:\/\/www.eliassen.nl\/de\/#website\",\"url\":\"https:\/\/www.eliassen.nl\/de\/\",\"name\":\"Eliassen Home & Garden Pleasure\",\"description\":\"\",\"publisher\":{\"@id\":\"https:\/\/www.eliassen.nl\/de\/#organization\"},\"alternateName\":\"Eliassen.nl\",\"potentialAction\":[{\"@type\":\"SearchAction\",\"target\":{\"@type\":\"EntryPoint\",\"urlTemplate\":\"https:\/\/www.eliassen.nl\/de\/?s={search_term_string}\"},\"query-input\":{\"@type\":\"PropertyValueSpecification\",\"valueRequired\":true,\"valueName\":\"search_term_string\"}}],\"inLanguage\":\"de\"},{\"@type\":[\"Organization\",\"Place\"],\"@id\":\"https:\/\/www.eliassen.nl\/de\/#organization\",\"name\":\"Eliassen Home & Garden Pleasure\",\"url\":\"https:\/\/www.eliassen.nl\/de\/\",\"logo\":{\"@id\":\"https:\/\/www.eliassen.nl\/de\/gartenbank-astrid-metall-weiss-137cm-mit-kissen\/#local-main-organization-logo\"},\"image\":{\"@id\":\"https:\/\/www.eliassen.nl\/de\/gartenbank-astrid-metall-weiss-137cm-mit-kissen\/#local-main-organization-logo\"},\"sameAs\":[\"https:\/\/www.facebook.com\/TuincentrumEliassenAmmerzoden\",\"https:\/\/www.instagram.com\/eliassenhomeandgarden\/\",\"https:\/\/nl.pinterest.com\/eliassenhomeandgarden\/\",\"https:\/\/www.youtube.com\/@eliassenhomegardenpleasure4558\"],\"telephone\":[],\"openingHoursSpecification\":[{\"@type\":\"OpeningHoursSpecification\",\"dayOfWeek\":[\"Monday\",\"Tuesday\",\"Wednesday\",\"Thursday\",\"Friday\",\"Saturday\",\"Sunday\"],\"opens\":\"09:00\",\"closes\":\"17:00\"}]},{\"@type\":\"ImageObject\",\"inLanguage\":\"de\",\"@id\":\"https:\/\/www.eliassen.nl\/de\/gartenbank-astrid-metall-weiss-137cm-mit-kissen\/#local-main-organization-logo\",\"url\":\"https:\/\/www.eliassen.nl\/wp-content\/uploads\/2024\/01\/logo_4nd.jpg\",\"contentUrl\":\"https:\/\/www.eliassen.nl\/wp-content\/uploads\/2024\/01\/logo_4nd.jpg\",\"width\":500,\"height\":500,\"caption\":\"Eliassen Home & Garden Pleasure\"}]}<\/script>\n<meta property=\"product:price:amount\" content=\"199.00\" \/>\n<meta property=\"product:price:currency\" content=\"EUR\" \/>\n<meta property=\"og:availability\" content=\"instock\" \/>\n<meta property=\"product:availability\" content=\"instock\" \/>\n<meta property=\"product:retailer_item_id\" content=\"335.003w\" \/>\n<meta property=\"product:condition\" content=\"new\" \/>\n<!-- \/ Yoast SEO Premium plugin. -->","yoast_head_json":{"title":"Gartenbank Astrid Metall wei\u00df 137cm mit Kissen","description":"Gartenb\u00e4nke; wir haben sie in vielen Modellen und Materialien. Schauen Sie sich alle in unserem Webshop an oder kommen Sie und sehen Sie sie live !!!","robots":{"index":"index","follow":"follow","max-snippet":"max-snippet:-1","max-image-preview":"max-image-preview:large","max-video-preview":"max-video-preview:-1"},"canonical":"https:\/\/www.eliassen.nl\/de\/gartenbank-astrid-metall-weiss-137cm-mit-kissen\/","og_locale":"de_DE","og_type":"article","og_title":"Sonstige Gartenbank Astrid Metall wei\u00df 137cm - Eliassen.nl","og_description":"Gartenb\u00e4nke; wir haben sie in vielen Modellen und Materialien. Schauen Sie sich alle in unserem Webshop an oder kommen Sie und sehen Sie sie live !!!","og_url":"https:\/\/www.eliassen.nl\/de\/gartenbank-astrid-metall-weiss-137cm-mit-kissen\/","og_site_name":"Eliassen.nl","article_publisher":"https:\/\/www.facebook.com\/TuincentrumEliassenAmmerzoden","article_modified_time":"2026-01-16T13:36:36+00:00","og_image":[{"width":1440,"height":1080,"url":"https:\/\/www.eliassen.nl\/wp-content\/uploads\/2024\/01\/335003wa.jpg","type":"image\/jpeg"}],"twitter_card":"summary_large_image","schema":{"@context":"https:\/\/schema.org","@graph":[{"@type":"WebPage","@id":"https:\/\/www.eliassen.nl\/de\/gartenbank-astrid-metall-weiss-137cm-mit-kissen\/","url":"https:\/\/www.eliassen.nl\/de\/gartenbank-astrid-metall-weiss-137cm-mit-kissen\/","name":"Gartenbank Astrid Metall wei\u00df 137cm mit Kissen","isPartOf":{"@id":"https:\/\/www.eliassen.nl\/de\/#website"},"primaryImageOfPage":{"@id":"https:\/\/www.eliassen.nl\/de\/gartenbank-astrid-metall-weiss-137cm-mit-kissen\/#primaryimage"},"image":{"@id":"https:\/\/www.eliassen.nl\/de\/gartenbank-astrid-metall-weiss-137cm-mit-kissen\/#primaryimage"},"thumbnailUrl":"https:\/\/www.eliassen.nl\/wp-content\/uploads\/2024\/01\/335003wa.jpg","datePublished":"2023-05-19T14:22:28+00:00","dateModified":"2026-01-16T13:36:36+00:00","description":"Gartenb\u00e4nke; wir haben sie in vielen Modellen und Materialien. Schauen Sie sich alle in unserem Webshop an oder kommen Sie und sehen Sie sie live !!!","breadcrumb":{"@id":"https:\/\/www.eliassen.nl\/de\/gartenbank-astrid-metall-weiss-137cm-mit-kissen\/#breadcrumb"},"inLanguage":"de","potentialAction":[{"@type":"ReadAction","target":["https:\/\/www.eliassen.nl\/de\/gartenbank-astrid-metall-weiss-137cm-mit-kissen\/"]}]},{"@type":"ImageObject","inLanguage":"de","@id":"https:\/\/www.eliassen.nl\/de\/gartenbank-astrid-metall-weiss-137cm-mit-kissen\/#primaryimage","url":"https:\/\/www.eliassen.nl\/wp-content\/uploads\/2024\/01\/335003wa.jpg","contentUrl":"https:\/\/www.eliassen.nl\/wp-content\/uploads\/2024\/01\/335003wa.jpg","width":1440,"height":1080,"caption":"335003Wa"},{"@type":"BreadcrumbList","@id":"https:\/\/www.eliassen.nl\/de\/gartenbank-astrid-metall-weiss-137cm-mit-kissen\/#breadcrumb","itemListElement":[{"@type":"ListItem","position":1,"name":"Home","item":"https:\/\/www.eliassen.nl\/de\/"},{"@type":"ListItem","position":2,"name":"Shop","item":"https:\/\/www.eliassen.nl\/de\/shop\/"},{"@type":"ListItem","position":3,"name":"Weitere Artikel","item":"https:\/\/www.eliassen.nl\/de\/weitere-artikel\/"},{"@type":"ListItem","position":4,"name":"Gartenm\u00f6bel","item":"https:\/\/www.eliassen.nl\/de\/garten-andere\/gartenmoebel\/"},{"@type":"ListItem","position":5,"name":"Gartenbank Astrid Metall wei\u00df 137cm"}]},{"@type":"WebSite","@id":"https:\/\/www.eliassen.nl\/de\/#website","url":"https:\/\/www.eliassen.nl\/de\/","name":"Eliassen Home & Garden Pleasure","description":"","publisher":{"@id":"https:\/\/www.eliassen.nl\/de\/#organization"},"alternateName":"Eliassen.nl","potentialAction":[{"@type":"SearchAction","target":{"@type":"EntryPoint","urlTemplate":"https:\/\/www.eliassen.nl\/de\/?s={search_term_string}"},"query-input":{"@type":"PropertyValueSpecification","valueRequired":true,"valueName":"search_term_string"}}],"inLanguage":"de"},{"@type":["Organization","Place"],"@id":"https:\/\/www.eliassen.nl\/de\/#organization","name":"Eliassen Home & Garden Pleasure","url":"https:\/\/www.eliassen.nl\/de\/","logo":{"@id":"https:\/\/www.eliassen.nl\/de\/gartenbank-astrid-metall-weiss-137cm-mit-kissen\/#local-main-organization-logo"},"image":{"@id":"https:\/\/www.eliassen.nl\/de\/gartenbank-astrid-metall-weiss-137cm-mit-kissen\/#local-main-organization-logo"},"sameAs":["https:\/\/www.facebook.com\/TuincentrumEliassenAmmerzoden","https:\/\/www.instagram.com\/eliassenhomeandgarden\/","https:\/\/nl.pinterest.com\/eliassenhomeandgarden\/","https:\/\/www.youtube.com\/@eliassenhomegardenpleasure4558"],"telephone":[],"openingHoursSpecification":[{"@type":"OpeningHoursSpecification","dayOfWeek":["Monday","Tuesday","Wednesday","Thursday","Friday","Saturday","Sunday"],"opens":"09:00","closes":"17:00"}]},{"@type":"ImageObject","inLanguage":"de","@id":"https:\/\/www.eliassen.nl\/de\/gartenbank-astrid-metall-weiss-137cm-mit-kissen\/#local-main-organization-logo","url":"https:\/\/www.eliassen.nl\/wp-content\/uploads\/2024\/01\/logo_4nd.jpg","contentUrl":"https:\/\/www.eliassen.nl\/wp-content\/uploads\/2024\/01\/logo_4nd.jpg","width":500,"height":500,"caption":"Eliassen Home & Garden Pleasure"}]},"product_price_amount":"199.00","product_price_currency":"EUR","og_availability":"instock","product_availability":"instock","product_retailer_item_id":"335.003w","product_condition":"new"},"df_price":199,"df_sale_price":"","df_regular_price":199,"df_image_link":"https:\/\/www.eliassen.nl\/wp-content\/uploads\/2024\/01\/335003wa.jpg","image":"https:\/\/www.eliassen.nl\/wp-content\/uploads\/2024\/01\/335003wa.jpg","price_search":"<span class=\"woocommerce-Price-amount amount\"><bdi><span class=\"woocommerce-Price-currencySymbol\">&euro;<\/span>&nbsp;199,00<\/bdi><\/span>","category":"Gartenb\u00e4nke","global_unique_id":"6096521344352","_links":{"self":[{"href":"https:\/\/www.eliassen.nl\/de\/wp-json\/wp\/v2\/product\/89884","targetHints":{"allow":["GET"]}}],"collection":[{"href":"https:\/\/www.eliassen.nl\/de\/wp-json\/wp\/v2\/product"}],"about":[{"href":"https:\/\/www.eliassen.nl\/de\/wp-json\/wp\/v2\/types\/product"}],"wp:featuredmedia":[{"embeddable":true,"href":"https:\/\/www.eliassen.nl\/de\/wp-json\/wp\/v2\/media\/89875"}],"wp:attachment":[{"href":"https:\/\/www.eliassen.nl\/de\/wp-json\/wp\/v2\/media?parent=89884"}],"wp:term":[{"taxonomy":"product_brand","embeddable":true,"href":"https:\/\/www.eliassen.nl\/de\/wp-json\/wp\/v2\/product_brand?post=89884"},{"taxonomy":"product_cat","embeddable":true,"href":"https:\/\/www.eliassen.nl\/de\/wp-json\/wp\/v2\/product_cat?post=89884"},{"taxonomy":"product_tag","embeddable":true,"href":"https:\/\/www.eliassen.nl\/de\/wp-json\/wp\/v2\/product_tag?post=89884"}],"curies":[{"name":"wp","href":"https:\/\/api.w.org\/{rel}","templated":true}]}}