{"id":89791,"date":"2023-04-24T14:48:34","date_gmt":"2023-04-24T14:48:34","guid":{"rendered":"https:\/\/www.eliassen.nl\/?product=tuinbankje-metaal-wit-sofia-104cm"},"modified":"2025-11-27T13:59:02","modified_gmt":"2025-11-27T12:59:02","slug":"gartenbank-metall-weiss-sofia-104cm-mit-kostenlosen-kissen","status":"publish","type":"product","link":"https:\/\/www.eliassen.nl\/de\/gartenbank-metall-weiss-sofia-104cm-mit-kostenlosen-kissen\/","title":{"rendered":"Gartenbank Metall Wei\u00df Sofia 104cm"},"content":{"rendered":"<p>Diese Gartenbank aus Eisen ist ein klassisches und zeitloses Modell. Wundersch\u00f6n aus Metall gefertigt, in einem sch\u00f6nen alten Wei\u00df lackiert und dann gebr\u00e4unt, um einen sch\u00f6nen antiken Look zu erzeugen. Diese Bank ist <strong>aus massivem<\/strong> Eisen gefertigt. Mit &#8222;Ziernieten&#8220;.<\/p>\n<p>F\u00fcr den Zusammenbau dieser Bank sollten 10 Muttern verwendet werden. Sitz und R\u00fcckenlehne sind mit Scharnieren verbunden.<\/p>\n<ul>\n<li>Gr\u00f6\u00dfe: 104 breit, Tiefe 61cm und H\u00f6he 86cm, Sitzh\u00f6he 43cm<\/li>\n<li>Farbe: Altgr\u00fcn\/Braun<\/li>\n<li>1 Jahr Garantie<\/li>\n<li>Wir haben diesen Artikel in unserem Ausstellungsraum.<\/li>\n<\/ul>\n","protected":false},"excerpt":{"rendered":"<p>Solide Metallbank aus alten Zeiten, solide Qualit\u00e4t<\/p>\n","protected":false},"featured_media":89776,"template":"","meta":{"_acf_changed":false,"_genesis_title":"","_genesis_description":""},"product_brand":[7505],"product_cat":[761,752],"product_tag":[],"class_list":{"0":"post-89791","1":"product","2":"type-product","3":"status-publish","4":"has-post-thumbnail","6":"product_brand-sonstige","7":"product_cat-gartenmoebel","8":"product_cat-weitere-artikel","10":"first","11":"outofstock","12":"taxable","13":"shipping-taxable","14":"purchasable","15":"product-type-simple"},"acf":[],"meta_all":{"total_sales":"6","wcml_sync_hash":{"postmeta_fields":"75d2f9aa912dba5f5c53a8f2f5cc7495"},"attr_label_translations":[]},"meta_all_flat":{"total_sales":"6","wcml_sync_hash.postmeta_fields":"75d2f9aa912dba5f5c53a8f2f5cc7495"},"yoast_head":"<!-- This site is optimized with the Yoast SEO Premium plugin v26.2 (Yoast SEO v27.2) - https:\/\/yoast.com\/product\/yoast-seo-premium-wordpress\/ -->\n<title>Gartenbank Metall Wei\u00df Sofia 104cm<\/title>\n<meta name=\"description\" content=\"Gartenb\u00e4nke; wir haben sie in vielen Modellen und Materialien. Schauen Sie sich alle in unserem Webshop an oder kommen Sie und sehen Sie sie live !!!\" \/>\n<meta name=\"robots\" content=\"index, follow, max-snippet:-1, max-image-preview:large, max-video-preview:-1\" \/>\n<link rel=\"canonical\" href=\"https:\/\/www.eliassen.nl\/de\/gartenbank-metall-weiss-sofia-104cm-mit-kostenlosen-kissen\/\" \/>\n<meta property=\"og:locale\" content=\"de_DE\" \/>\n<meta property=\"og:type\" content=\"article\" \/>\n<meta property=\"og:title\" content=\"Sonstige Gartenbank Metall Wei\u00df Sofia 104cm - Eliassen.nl\" \/>\n<meta property=\"og:description\" content=\"Gartenb\u00e4nke; wir haben sie in vielen Modellen und Materialien. Schauen Sie sich alle in unserem Webshop an oder kommen Sie und sehen Sie sie live !!!\" \/>\n<meta property=\"og:url\" content=\"https:\/\/www.eliassen.nl\/de\/gartenbank-metall-weiss-sofia-104cm-mit-kostenlosen-kissen\/\" \/>\n<meta property=\"og:site_name\" content=\"Eliassen.nl\" \/>\n<meta property=\"article:publisher\" content=\"https:\/\/www.facebook.com\/TuincentrumEliassenAmmerzoden\" \/>\n<meta property=\"article:modified_time\" content=\"2025-11-27T12:59:02+00:00\" \/>\n<meta property=\"og:image\" content=\"https:\/\/www.eliassen.nl\/wp-content\/uploads\/2024\/01\/processed9bb633a54932461a951bbb35c95d3f93btc.jpg\" \/>\n\t<meta property=\"og:image:width\" content=\"2048\" \/>\n\t<meta property=\"og:image:height\" content=\"1913\" \/>\n\t<meta property=\"og:image:type\" content=\"image\/jpeg\" \/>\n<meta name=\"twitter:card\" content=\"summary_large_image\" \/>\n<script type=\"application\/ld+json\" class=\"yoast-schema-graph\">{\"@context\":\"https:\/\/schema.org\",\"@graph\":[{\"@type\":\"WebPage\",\"@id\":\"https:\/\/www.eliassen.nl\/de\/gartenbank-metall-weiss-sofia-104cm-mit-kostenlosen-kissen\/\",\"url\":\"https:\/\/www.eliassen.nl\/de\/gartenbank-metall-weiss-sofia-104cm-mit-kostenlosen-kissen\/\",\"name\":\"Gartenbank Metall Wei\u00df Sofia 104cm\",\"isPartOf\":{\"@id\":\"https:\/\/www.eliassen.nl\/de\/#website\"},\"primaryImageOfPage\":{\"@id\":\"https:\/\/www.eliassen.nl\/de\/gartenbank-metall-weiss-sofia-104cm-mit-kostenlosen-kissen\/#primaryimage\"},\"image\":{\"@id\":\"https:\/\/www.eliassen.nl\/de\/gartenbank-metall-weiss-sofia-104cm-mit-kostenlosen-kissen\/#primaryimage\"},\"thumbnailUrl\":\"https:\/\/www.eliassen.nl\/wp-content\/uploads\/2024\/01\/processed9bb633a54932461a951bbb35c95d3f93btc.jpg\",\"datePublished\":\"2023-04-24T14:48:34+00:00\",\"dateModified\":\"2025-11-27T12:59:02+00:00\",\"description\":\"Gartenb\u00e4nke; wir haben sie in vielen Modellen und Materialien. Schauen Sie sich alle in unserem Webshop an oder kommen Sie und sehen Sie sie live !!!\",\"breadcrumb\":{\"@id\":\"https:\/\/www.eliassen.nl\/de\/gartenbank-metall-weiss-sofia-104cm-mit-kostenlosen-kissen\/#breadcrumb\"},\"inLanguage\":\"de\",\"potentialAction\":[{\"@type\":\"ReadAction\",\"target\":[\"https:\/\/www.eliassen.nl\/de\/gartenbank-metall-weiss-sofia-104cm-mit-kostenlosen-kissen\/\"]}]},{\"@type\":\"ImageObject\",\"inLanguage\":\"de\",\"@id\":\"https:\/\/www.eliassen.nl\/de\/gartenbank-metall-weiss-sofia-104cm-mit-kostenlosen-kissen\/#primaryimage\",\"url\":\"https:\/\/www.eliassen.nl\/wp-content\/uploads\/2024\/01\/processed9bb633a54932461a951bbb35c95d3f93btc.jpg\",\"contentUrl\":\"https:\/\/www.eliassen.nl\/wp-content\/uploads\/2024\/01\/processed9bb633a54932461a951bbb35c95d3f93btc.jpg\",\"width\":2048,\"height\":1913,\"caption\":\"processed-9bb633a5-4932-461a-951b-bb35c95d3f93_BTco0LEf\"},{\"@type\":\"BreadcrumbList\",\"@id\":\"https:\/\/www.eliassen.nl\/de\/gartenbank-metall-weiss-sofia-104cm-mit-kostenlosen-kissen\/#breadcrumb\",\"itemListElement\":[{\"@type\":\"ListItem\",\"position\":1,\"name\":\"Home\",\"item\":\"https:\/\/www.eliassen.nl\/de\/\"},{\"@type\":\"ListItem\",\"position\":2,\"name\":\"Shop\",\"item\":\"https:\/\/www.eliassen.nl\/de\/shop\/\"},{\"@type\":\"ListItem\",\"position\":3,\"name\":\"Weitere Artikel\",\"item\":\"https:\/\/www.eliassen.nl\/de\/weitere-artikel\/\"},{\"@type\":\"ListItem\",\"position\":4,\"name\":\"Gartenm\u00f6bel\",\"item\":\"https:\/\/www.eliassen.nl\/de\/garten-andere\/gartenmoebel\/\"},{\"@type\":\"ListItem\",\"position\":5,\"name\":\"Gartenbank Metall Wei\u00df Sofia 104cm\"}]},{\"@type\":\"WebSite\",\"@id\":\"https:\/\/www.eliassen.nl\/de\/#website\",\"url\":\"https:\/\/www.eliassen.nl\/de\/\",\"name\":\"Eliassen Home & Garden Pleasure\",\"description\":\"\",\"publisher\":{\"@id\":\"https:\/\/www.eliassen.nl\/de\/#organization\"},\"alternateName\":\"Eliassen.nl\",\"potentialAction\":[{\"@type\":\"SearchAction\",\"target\":{\"@type\":\"EntryPoint\",\"urlTemplate\":\"https:\/\/www.eliassen.nl\/de\/?s={search_term_string}\"},\"query-input\":{\"@type\":\"PropertyValueSpecification\",\"valueRequired\":true,\"valueName\":\"search_term_string\"}}],\"inLanguage\":\"de\"},{\"@type\":[\"Organization\",\"Place\"],\"@id\":\"https:\/\/www.eliassen.nl\/de\/#organization\",\"name\":\"Eliassen Home & Garden Pleasure\",\"url\":\"https:\/\/www.eliassen.nl\/de\/\",\"logo\":{\"@id\":\"https:\/\/www.eliassen.nl\/de\/gartenbank-metall-weiss-sofia-104cm-mit-kostenlosen-kissen\/#local-main-organization-logo\"},\"image\":{\"@id\":\"https:\/\/www.eliassen.nl\/de\/gartenbank-metall-weiss-sofia-104cm-mit-kostenlosen-kissen\/#local-main-organization-logo\"},\"sameAs\":[\"https:\/\/www.facebook.com\/TuincentrumEliassenAmmerzoden\",\"https:\/\/www.instagram.com\/eliassenhomeandgarden\/\",\"https:\/\/nl.pinterest.com\/eliassenhomeandgarden\/\",\"https:\/\/www.youtube.com\/@eliassenhomegardenpleasure4558\"],\"telephone\":[],\"openingHoursSpecification\":[{\"@type\":\"OpeningHoursSpecification\",\"dayOfWeek\":[\"Monday\",\"Tuesday\",\"Wednesday\",\"Thursday\",\"Friday\",\"Saturday\",\"Sunday\"],\"opens\":\"09:00\",\"closes\":\"17:00\"}]},{\"@type\":\"ImageObject\",\"inLanguage\":\"de\",\"@id\":\"https:\/\/www.eliassen.nl\/de\/gartenbank-metall-weiss-sofia-104cm-mit-kostenlosen-kissen\/#local-main-organization-logo\",\"url\":\"https:\/\/www.eliassen.nl\/wp-content\/uploads\/2024\/01\/logo_4nd.jpg\",\"contentUrl\":\"https:\/\/www.eliassen.nl\/wp-content\/uploads\/2024\/01\/logo_4nd.jpg\",\"width\":500,\"height\":500,\"caption\":\"Eliassen Home & Garden Pleasure\"}]}<\/script>\n<meta property=\"product:price:amount\" content=\"159.00\" \/>\n<meta property=\"product:price:currency\" content=\"EUR\" \/>\n<meta property=\"og:availability\" content=\"out of stock\" \/>\n<meta property=\"product:availability\" content=\"out of stock\" \/>\n<meta property=\"product:retailer_item_id\" content=\"Rw-14\" \/>\n<meta property=\"product:condition\" content=\"new\" \/>\n<!-- \/ Yoast SEO Premium plugin. -->","yoast_head_json":{"title":"Gartenbank Metall Wei\u00df Sofia 104cm","description":"Gartenb\u00e4nke; wir haben sie in vielen Modellen und Materialien. Schauen Sie sich alle in unserem Webshop an oder kommen Sie und sehen Sie sie live !!!","robots":{"index":"index","follow":"follow","max-snippet":"max-snippet:-1","max-image-preview":"max-image-preview:large","max-video-preview":"max-video-preview:-1"},"canonical":"https:\/\/www.eliassen.nl\/de\/gartenbank-metall-weiss-sofia-104cm-mit-kostenlosen-kissen\/","og_locale":"de_DE","og_type":"article","og_title":"Sonstige Gartenbank Metall Wei\u00df Sofia 104cm - Eliassen.nl","og_description":"Gartenb\u00e4nke; wir haben sie in vielen Modellen und Materialien. Schauen Sie sich alle in unserem Webshop an oder kommen Sie und sehen Sie sie live !!!","og_url":"https:\/\/www.eliassen.nl\/de\/gartenbank-metall-weiss-sofia-104cm-mit-kostenlosen-kissen\/","og_site_name":"Eliassen.nl","article_publisher":"https:\/\/www.facebook.com\/TuincentrumEliassenAmmerzoden","article_modified_time":"2025-11-27T12:59:02+00:00","og_image":[{"width":2048,"height":1913,"url":"https:\/\/www.eliassen.nl\/wp-content\/uploads\/2024\/01\/processed9bb633a54932461a951bbb35c95d3f93btc.jpg","type":"image\/jpeg"}],"twitter_card":"summary_large_image","schema":{"@context":"https:\/\/schema.org","@graph":[{"@type":"WebPage","@id":"https:\/\/www.eliassen.nl\/de\/gartenbank-metall-weiss-sofia-104cm-mit-kostenlosen-kissen\/","url":"https:\/\/www.eliassen.nl\/de\/gartenbank-metall-weiss-sofia-104cm-mit-kostenlosen-kissen\/","name":"Gartenbank Metall Wei\u00df Sofia 104cm","isPartOf":{"@id":"https:\/\/www.eliassen.nl\/de\/#website"},"primaryImageOfPage":{"@id":"https:\/\/www.eliassen.nl\/de\/gartenbank-metall-weiss-sofia-104cm-mit-kostenlosen-kissen\/#primaryimage"},"image":{"@id":"https:\/\/www.eliassen.nl\/de\/gartenbank-metall-weiss-sofia-104cm-mit-kostenlosen-kissen\/#primaryimage"},"thumbnailUrl":"https:\/\/www.eliassen.nl\/wp-content\/uploads\/2024\/01\/processed9bb633a54932461a951bbb35c95d3f93btc.jpg","datePublished":"2023-04-24T14:48:34+00:00","dateModified":"2025-11-27T12:59:02+00:00","description":"Gartenb\u00e4nke; wir haben sie in vielen Modellen und Materialien. Schauen Sie sich alle in unserem Webshop an oder kommen Sie und sehen Sie sie live !!!","breadcrumb":{"@id":"https:\/\/www.eliassen.nl\/de\/gartenbank-metall-weiss-sofia-104cm-mit-kostenlosen-kissen\/#breadcrumb"},"inLanguage":"de","potentialAction":[{"@type":"ReadAction","target":["https:\/\/www.eliassen.nl\/de\/gartenbank-metall-weiss-sofia-104cm-mit-kostenlosen-kissen\/"]}]},{"@type":"ImageObject","inLanguage":"de","@id":"https:\/\/www.eliassen.nl\/de\/gartenbank-metall-weiss-sofia-104cm-mit-kostenlosen-kissen\/#primaryimage","url":"https:\/\/www.eliassen.nl\/wp-content\/uploads\/2024\/01\/processed9bb633a54932461a951bbb35c95d3f93btc.jpg","contentUrl":"https:\/\/www.eliassen.nl\/wp-content\/uploads\/2024\/01\/processed9bb633a54932461a951bbb35c95d3f93btc.jpg","width":2048,"height":1913,"caption":"processed-9bb633a5-4932-461a-951b-bb35c95d3f93_BTco0LEf"},{"@type":"BreadcrumbList","@id":"https:\/\/www.eliassen.nl\/de\/gartenbank-metall-weiss-sofia-104cm-mit-kostenlosen-kissen\/#breadcrumb","itemListElement":[{"@type":"ListItem","position":1,"name":"Home","item":"https:\/\/www.eliassen.nl\/de\/"},{"@type":"ListItem","position":2,"name":"Shop","item":"https:\/\/www.eliassen.nl\/de\/shop\/"},{"@type":"ListItem","position":3,"name":"Weitere Artikel","item":"https:\/\/www.eliassen.nl\/de\/weitere-artikel\/"},{"@type":"ListItem","position":4,"name":"Gartenm\u00f6bel","item":"https:\/\/www.eliassen.nl\/de\/garten-andere\/gartenmoebel\/"},{"@type":"ListItem","position":5,"name":"Gartenbank Metall Wei\u00df Sofia 104cm"}]},{"@type":"WebSite","@id":"https:\/\/www.eliassen.nl\/de\/#website","url":"https:\/\/www.eliassen.nl\/de\/","name":"Eliassen Home & Garden Pleasure","description":"","publisher":{"@id":"https:\/\/www.eliassen.nl\/de\/#organization"},"alternateName":"Eliassen.nl","potentialAction":[{"@type":"SearchAction","target":{"@type":"EntryPoint","urlTemplate":"https:\/\/www.eliassen.nl\/de\/?s={search_term_string}"},"query-input":{"@type":"PropertyValueSpecification","valueRequired":true,"valueName":"search_term_string"}}],"inLanguage":"de"},{"@type":["Organization","Place"],"@id":"https:\/\/www.eliassen.nl\/de\/#organization","name":"Eliassen Home & Garden Pleasure","url":"https:\/\/www.eliassen.nl\/de\/","logo":{"@id":"https:\/\/www.eliassen.nl\/de\/gartenbank-metall-weiss-sofia-104cm-mit-kostenlosen-kissen\/#local-main-organization-logo"},"image":{"@id":"https:\/\/www.eliassen.nl\/de\/gartenbank-metall-weiss-sofia-104cm-mit-kostenlosen-kissen\/#local-main-organization-logo"},"sameAs":["https:\/\/www.facebook.com\/TuincentrumEliassenAmmerzoden","https:\/\/www.instagram.com\/eliassenhomeandgarden\/","https:\/\/nl.pinterest.com\/eliassenhomeandgarden\/","https:\/\/www.youtube.com\/@eliassenhomegardenpleasure4558"],"telephone":[],"openingHoursSpecification":[{"@type":"OpeningHoursSpecification","dayOfWeek":["Monday","Tuesday","Wednesday","Thursday","Friday","Saturday","Sunday"],"opens":"09:00","closes":"17:00"}]},{"@type":"ImageObject","inLanguage":"de","@id":"https:\/\/www.eliassen.nl\/de\/gartenbank-metall-weiss-sofia-104cm-mit-kostenlosen-kissen\/#local-main-organization-logo","url":"https:\/\/www.eliassen.nl\/wp-content\/uploads\/2024\/01\/logo_4nd.jpg","contentUrl":"https:\/\/www.eliassen.nl\/wp-content\/uploads\/2024\/01\/logo_4nd.jpg","width":500,"height":500,"caption":"Eliassen Home & Garden Pleasure"}]},"product_price_amount":"159.00","product_price_currency":"EUR","og_availability":"out of stock","product_availability":"out of stock","product_retailer_item_id":"Rw-14","product_condition":"new"},"df_price":159,"df_sale_price":"","df_regular_price":159,"df_image_link":"https:\/\/www.eliassen.nl\/wp-content\/uploads\/2024\/01\/processed9bb633a54932461a951bbb35c95d3f93btc.jpg","image":"https:\/\/www.eliassen.nl\/wp-content\/uploads\/2024\/01\/processed9bb633a54932461a951bbb35c95d3f93btc.jpg","price_search":"<span class=\"woocommerce-Price-amount amount\"><bdi><span class=\"woocommerce-Price-currencySymbol\">&euro;<\/span>&nbsp;159,00<\/bdi><\/span>","category":"Gartenm\u00f6bel","global_unique_id":"6096516699610","_links":{"self":[{"href":"https:\/\/www.eliassen.nl\/de\/wp-json\/wp\/v2\/product\/89791","targetHints":{"allow":["GET"]}}],"collection":[{"href":"https:\/\/www.eliassen.nl\/de\/wp-json\/wp\/v2\/product"}],"about":[{"href":"https:\/\/www.eliassen.nl\/de\/wp-json\/wp\/v2\/types\/product"}],"wp:featuredmedia":[{"embeddable":true,"href":"https:\/\/www.eliassen.nl\/de\/wp-json\/wp\/v2\/media\/89776"}],"wp:attachment":[{"href":"https:\/\/www.eliassen.nl\/de\/wp-json\/wp\/v2\/media?parent=89791"}],"wp:term":[{"taxonomy":"product_brand","embeddable":true,"href":"https:\/\/www.eliassen.nl\/de\/wp-json\/wp\/v2\/product_brand?post=89791"},{"taxonomy":"product_cat","embeddable":true,"href":"https:\/\/www.eliassen.nl\/de\/wp-json\/wp\/v2\/product_cat?post=89791"},{"taxonomy":"product_tag","embeddable":true,"href":"https:\/\/www.eliassen.nl\/de\/wp-json\/wp\/v2\/product_tag?post=89791"}],"curies":[{"name":"wp","href":"https:\/\/api.w.org\/{rel}","templated":true}]}}