{"id":89656,"date":"2023-04-18T12:05:07","date_gmt":"2023-04-18T12:05:07","guid":{"rendered":"https:\/\/www.eliassen.nl\/?product=muurzonnewijzer-terracotta-toscaans-duister-46cm"},"modified":"2026-01-16T14:36:00","modified_gmt":"2026-01-16T13:36:00","slug":"wandsonnenuhr-terrakotta-toskanisch-dunkel-46cm","status":"publish","type":"product","link":"https:\/\/www.eliassen.nl\/de\/wandsonnenuhr-terrakotta-toskanisch-dunkel-46cm\/","title":{"rendered":"Wandsonnenuhr Terracotta Toskana Sonne, Mond und Sterne 46cm"},"content":{"rendered":"<p>Diese dicke und solide handgedrehte Terrakotta-Wanddekoration hat einen vertrauten klassischen Look. Der Mittelmeerraum definiert den Look einer sch\u00f6nen Wanddekoration. Diese Terrakotta-Wanddekoration wurde in der italienischen Region Toskana hergestellt, die f\u00fcr ihre einzigartige gr\u00fcn-braune Tonfarbe und ihre sehr hohe Qualit\u00e4t bekannt ist. Dieser Ton verf\u00e4rbt sich, nachdem er im Ofen gewesen ist. Dies und die Tatsache, dass diese Wanddekorationen bei einer sehr hohen Temperatur von 1150 Grad Celsius gebacken werden, macht diese Wanddekorationen geeignet, um viele Jahre lang im Freien zu h\u00e4ngen.<\/p>\n<ul>\n<li>Gr\u00f6\u00dfe: 46cm x 42cm.<\/li>\n<li>Gewicht: 4kg<\/li>\n<li>Von Hand gemacht<\/li>\n<li>Herkunftsland: Italien, Toskana<\/li>\n<li>Garantie: 5 Jahre, vorbehaltlich \u00e4u\u00dferer Besch\u00e4digung und bestimmungsgem\u00e4\u00dfer Verwendung<\/li>\n<\/ul>\n","protected":false},"excerpt":{"rendered":"<p>Sehr solide Terrakotta-Wandplatte 46x42cm.<\/p>\n","protected":false},"featured_media":89650,"template":"","meta":{"_acf_changed":false,"_genesis_title":"","_genesis_description":""},"product_brand":[7461],"product_cat":[533,755,509,752],"product_tag":[],"class_list":{"0":"post-89656","1":"product","2":"type-product","3":"status-publish","4":"has-post-thumbnail","6":"product_brand-anticomestiere","7":"product_cat-andere-wanddekorationen","8":"product_cat-sonnenuhren","9":"product_cat-wanddekoration","10":"product_cat-weitere-artikel","12":"first","13":"instock","14":"taxable","15":"shipping-taxable","16":"purchasable","17":"product-type-simple"},"acf":[],"meta_all":{"total_sales":"10","wcml_sync_hash":{"postmeta_fields":"b7ab2dbcbbf1e3f381d391aa794f0f74"},"attr_label_translations":[],"cor_restricted_countries":[]},"meta_all_flat":{"total_sales":"10","wcml_sync_hash.postmeta_fields":"b7ab2dbcbbf1e3f381d391aa794f0f74"},"yoast_head":"<!-- This site is optimized with the Yoast SEO Premium plugin v26.2 (Yoast SEO v27.2) - https:\/\/yoast.com\/product\/yoast-seo-premium-wordpress\/ -->\n<title>Wand-Sonnenuhr Terracotta Toskana Dunkel 46cm - Eliassen.nl<\/title>\n<meta name=\"description\" content=\"Sch\u00f6ne toskanische Sonnenuhr aus Terrakotta f\u00fcr die Wand. Sehr dekorativ an der Wand. Wundersch\u00f6n gemacht und sehr gut als Geschenk geeignet.\" \/>\n<meta name=\"robots\" content=\"index, follow, max-snippet:-1, max-image-preview:large, max-video-preview:-1\" \/>\n<link rel=\"canonical\" href=\"https:\/\/www.eliassen.nl\/de\/wandsonnenuhr-terrakotta-toskanisch-dunkel-46cm\/\" \/>\n<meta property=\"og:locale\" content=\"de_DE\" \/>\n<meta property=\"og:type\" content=\"article\" \/>\n<meta property=\"og:title\" content=\"Anticomestiere Wandsonnenuhr Terracotta Toskana Sonne, Mond und Sterne 46cm - Eliassen.nl\" \/>\n<meta property=\"og:description\" content=\"Sch\u00f6ne toskanische Sonnenuhr aus Terrakotta f\u00fcr die Wand. Sehr dekorativ an der Wand. Wundersch\u00f6n gemacht und sehr gut als Geschenk geeignet.\" \/>\n<meta property=\"og:url\" content=\"https:\/\/www.eliassen.nl\/de\/wandsonnenuhr-terrakotta-toskanisch-dunkel-46cm\/\" \/>\n<meta property=\"og:site_name\" content=\"Eliassen.nl\" \/>\n<meta property=\"article:publisher\" content=\"https:\/\/www.facebook.com\/TuincentrumEliassenAmmerzoden\" \/>\n<meta property=\"article:modified_time\" content=\"2026-01-16T13:36:00+00:00\" \/>\n<meta property=\"og:image\" content=\"https:\/\/www.eliassen.nl\/wp-content\/uploads\/2024\/01\/281655.jpg\" \/>\n\t<meta property=\"og:image:width\" content=\"649\" \/>\n\t<meta property=\"og:image:height\" content=\"591\" \/>\n\t<meta property=\"og:image:type\" content=\"image\/jpeg\" \/>\n<meta name=\"twitter:card\" content=\"summary_large_image\" \/>\n<script type=\"application\/ld+json\" class=\"yoast-schema-graph\">{\"@context\":\"https:\/\/schema.org\",\"@graph\":[{\"@type\":\"WebPage\",\"@id\":\"https:\/\/www.eliassen.nl\/de\/wandsonnenuhr-terrakotta-toskanisch-dunkel-46cm\/\",\"url\":\"https:\/\/www.eliassen.nl\/de\/wandsonnenuhr-terrakotta-toskanisch-dunkel-46cm\/\",\"name\":\"Wand-Sonnenuhr Terracotta Toskana Dunkel 46cm - Eliassen.nl\",\"isPartOf\":{\"@id\":\"https:\/\/www.eliassen.nl\/de\/#website\"},\"primaryImageOfPage\":{\"@id\":\"https:\/\/www.eliassen.nl\/de\/wandsonnenuhr-terrakotta-toskanisch-dunkel-46cm\/#primaryimage\"},\"image\":{\"@id\":\"https:\/\/www.eliassen.nl\/de\/wandsonnenuhr-terrakotta-toskanisch-dunkel-46cm\/#primaryimage\"},\"thumbnailUrl\":\"https:\/\/www.eliassen.nl\/wp-content\/uploads\/2024\/01\/281655.jpg\",\"datePublished\":\"2023-04-18T12:05:07+00:00\",\"dateModified\":\"2026-01-16T13:36:00+00:00\",\"description\":\"Sch\u00f6ne toskanische Sonnenuhr aus Terrakotta f\u00fcr die Wand. Sehr dekorativ an der Wand. Wundersch\u00f6n gemacht und sehr gut als Geschenk geeignet.\",\"breadcrumb\":{\"@id\":\"https:\/\/www.eliassen.nl\/de\/wandsonnenuhr-terrakotta-toskanisch-dunkel-46cm\/#breadcrumb\"},\"inLanguage\":\"de\",\"potentialAction\":[{\"@type\":\"ReadAction\",\"target\":[\"https:\/\/www.eliassen.nl\/de\/wandsonnenuhr-terrakotta-toskanisch-dunkel-46cm\/\"]}]},{\"@type\":\"ImageObject\",\"inLanguage\":\"de\",\"@id\":\"https:\/\/www.eliassen.nl\/de\/wandsonnenuhr-terrakotta-toskanisch-dunkel-46cm\/#primaryimage\",\"url\":\"https:\/\/www.eliassen.nl\/wp-content\/uploads\/2024\/01\/281655.jpg\",\"contentUrl\":\"https:\/\/www.eliassen.nl\/wp-content\/uploads\/2024\/01\/281655.jpg\",\"width\":649,\"height\":591,\"caption\":\"281655\"},{\"@type\":\"BreadcrumbList\",\"@id\":\"https:\/\/www.eliassen.nl\/de\/wandsonnenuhr-terrakotta-toskanisch-dunkel-46cm\/#breadcrumb\",\"itemListElement\":[{\"@type\":\"ListItem\",\"position\":1,\"name\":\"Home\",\"item\":\"https:\/\/www.eliassen.nl\/de\/\"},{\"@type\":\"ListItem\",\"position\":2,\"name\":\"Shop\",\"item\":\"https:\/\/www.eliassen.nl\/de\/shop\/\"},{\"@type\":\"ListItem\",\"position\":3,\"name\":\"Wanddekoration\",\"item\":\"https:\/\/www.eliassen.nl\/de\/wanddekoration\/\"},{\"@type\":\"ListItem\",\"position\":4,\"name\":\"Andere Wanddekorationen\",\"item\":\"https:\/\/www.eliassen.nl\/de\/wanddekoration\/andere-wanddekorationen\/\"},{\"@type\":\"ListItem\",\"position\":5,\"name\":\"Wandsonnenuhr Terracotta Toskana Sonne, Mond und Sterne 46cm\"}]},{\"@type\":\"WebSite\",\"@id\":\"https:\/\/www.eliassen.nl\/de\/#website\",\"url\":\"https:\/\/www.eliassen.nl\/de\/\",\"name\":\"Eliassen Home & Garden Pleasure\",\"description\":\"\",\"publisher\":{\"@id\":\"https:\/\/www.eliassen.nl\/de\/#organization\"},\"alternateName\":\"Eliassen.nl\",\"potentialAction\":[{\"@type\":\"SearchAction\",\"target\":{\"@type\":\"EntryPoint\",\"urlTemplate\":\"https:\/\/www.eliassen.nl\/de\/?s={search_term_string}\"},\"query-input\":{\"@type\":\"PropertyValueSpecification\",\"valueRequired\":true,\"valueName\":\"search_term_string\"}}],\"inLanguage\":\"de\"},{\"@type\":[\"Organization\",\"Place\"],\"@id\":\"https:\/\/www.eliassen.nl\/de\/#organization\",\"name\":\"Eliassen Home & Garden Pleasure\",\"url\":\"https:\/\/www.eliassen.nl\/de\/\",\"logo\":{\"@id\":\"https:\/\/www.eliassen.nl\/de\/wandsonnenuhr-terrakotta-toskanisch-dunkel-46cm\/#local-main-organization-logo\"},\"image\":{\"@id\":\"https:\/\/www.eliassen.nl\/de\/wandsonnenuhr-terrakotta-toskanisch-dunkel-46cm\/#local-main-organization-logo\"},\"sameAs\":[\"https:\/\/www.facebook.com\/TuincentrumEliassenAmmerzoden\",\"https:\/\/www.instagram.com\/eliassenhomeandgarden\/\",\"https:\/\/nl.pinterest.com\/eliassenhomeandgarden\/\",\"https:\/\/www.youtube.com\/@eliassenhomegardenpleasure4558\"],\"telephone\":[],\"openingHoursSpecification\":[{\"@type\":\"OpeningHoursSpecification\",\"dayOfWeek\":[\"Monday\",\"Tuesday\",\"Wednesday\",\"Thursday\",\"Friday\",\"Saturday\",\"Sunday\"],\"opens\":\"09:00\",\"closes\":\"17:00\"}]},{\"@type\":\"ImageObject\",\"inLanguage\":\"de\",\"@id\":\"https:\/\/www.eliassen.nl\/de\/wandsonnenuhr-terrakotta-toskanisch-dunkel-46cm\/#local-main-organization-logo\",\"url\":\"https:\/\/www.eliassen.nl\/wp-content\/uploads\/2024\/01\/logo_4nd.jpg\",\"contentUrl\":\"https:\/\/www.eliassen.nl\/wp-content\/uploads\/2024\/01\/logo_4nd.jpg\",\"width\":500,\"height\":500,\"caption\":\"Eliassen Home & Garden Pleasure\"}]}<\/script>\n<meta property=\"product:price:amount\" content=\"49.50\" \/>\n<meta property=\"product:price:currency\" content=\"EUR\" \/>\n<meta property=\"og:availability\" content=\"instock\" \/>\n<meta property=\"product:availability\" content=\"instock\" \/>\n<meta property=\"product:retailer_item_id\" content=\"281655\" \/>\n<meta property=\"product:condition\" content=\"new\" \/>\n<!-- \/ Yoast SEO Premium plugin. -->","yoast_head_json":{"title":"Wand-Sonnenuhr Terracotta Toskana Dunkel 46cm - Eliassen.nl","description":"Sch\u00f6ne toskanische Sonnenuhr aus Terrakotta f\u00fcr die Wand. Sehr dekorativ an der Wand. Wundersch\u00f6n gemacht und sehr gut als Geschenk geeignet.","robots":{"index":"index","follow":"follow","max-snippet":"max-snippet:-1","max-image-preview":"max-image-preview:large","max-video-preview":"max-video-preview:-1"},"canonical":"https:\/\/www.eliassen.nl\/de\/wandsonnenuhr-terrakotta-toskanisch-dunkel-46cm\/","og_locale":"de_DE","og_type":"article","og_title":"Anticomestiere Wandsonnenuhr Terracotta Toskana Sonne, Mond und Sterne 46cm - Eliassen.nl","og_description":"Sch\u00f6ne toskanische Sonnenuhr aus Terrakotta f\u00fcr die Wand. Sehr dekorativ an der Wand. Wundersch\u00f6n gemacht und sehr gut als Geschenk geeignet.","og_url":"https:\/\/www.eliassen.nl\/de\/wandsonnenuhr-terrakotta-toskanisch-dunkel-46cm\/","og_site_name":"Eliassen.nl","article_publisher":"https:\/\/www.facebook.com\/TuincentrumEliassenAmmerzoden","article_modified_time":"2026-01-16T13:36:00+00:00","og_image":[{"width":649,"height":591,"url":"https:\/\/www.eliassen.nl\/wp-content\/uploads\/2024\/01\/281655.jpg","type":"image\/jpeg"}],"twitter_card":"summary_large_image","schema":{"@context":"https:\/\/schema.org","@graph":[{"@type":"WebPage","@id":"https:\/\/www.eliassen.nl\/de\/wandsonnenuhr-terrakotta-toskanisch-dunkel-46cm\/","url":"https:\/\/www.eliassen.nl\/de\/wandsonnenuhr-terrakotta-toskanisch-dunkel-46cm\/","name":"Wand-Sonnenuhr Terracotta Toskana Dunkel 46cm - Eliassen.nl","isPartOf":{"@id":"https:\/\/www.eliassen.nl\/de\/#website"},"primaryImageOfPage":{"@id":"https:\/\/www.eliassen.nl\/de\/wandsonnenuhr-terrakotta-toskanisch-dunkel-46cm\/#primaryimage"},"image":{"@id":"https:\/\/www.eliassen.nl\/de\/wandsonnenuhr-terrakotta-toskanisch-dunkel-46cm\/#primaryimage"},"thumbnailUrl":"https:\/\/www.eliassen.nl\/wp-content\/uploads\/2024\/01\/281655.jpg","datePublished":"2023-04-18T12:05:07+00:00","dateModified":"2026-01-16T13:36:00+00:00","description":"Sch\u00f6ne toskanische Sonnenuhr aus Terrakotta f\u00fcr die Wand. Sehr dekorativ an der Wand. Wundersch\u00f6n gemacht und sehr gut als Geschenk geeignet.","breadcrumb":{"@id":"https:\/\/www.eliassen.nl\/de\/wandsonnenuhr-terrakotta-toskanisch-dunkel-46cm\/#breadcrumb"},"inLanguage":"de","potentialAction":[{"@type":"ReadAction","target":["https:\/\/www.eliassen.nl\/de\/wandsonnenuhr-terrakotta-toskanisch-dunkel-46cm\/"]}]},{"@type":"ImageObject","inLanguage":"de","@id":"https:\/\/www.eliassen.nl\/de\/wandsonnenuhr-terrakotta-toskanisch-dunkel-46cm\/#primaryimage","url":"https:\/\/www.eliassen.nl\/wp-content\/uploads\/2024\/01\/281655.jpg","contentUrl":"https:\/\/www.eliassen.nl\/wp-content\/uploads\/2024\/01\/281655.jpg","width":649,"height":591,"caption":"281655"},{"@type":"BreadcrumbList","@id":"https:\/\/www.eliassen.nl\/de\/wandsonnenuhr-terrakotta-toskanisch-dunkel-46cm\/#breadcrumb","itemListElement":[{"@type":"ListItem","position":1,"name":"Home","item":"https:\/\/www.eliassen.nl\/de\/"},{"@type":"ListItem","position":2,"name":"Shop","item":"https:\/\/www.eliassen.nl\/de\/shop\/"},{"@type":"ListItem","position":3,"name":"Wanddekoration","item":"https:\/\/www.eliassen.nl\/de\/wanddekoration\/"},{"@type":"ListItem","position":4,"name":"Andere Wanddekorationen","item":"https:\/\/www.eliassen.nl\/de\/wanddekoration\/andere-wanddekorationen\/"},{"@type":"ListItem","position":5,"name":"Wandsonnenuhr Terracotta Toskana Sonne, Mond und Sterne 46cm"}]},{"@type":"WebSite","@id":"https:\/\/www.eliassen.nl\/de\/#website","url":"https:\/\/www.eliassen.nl\/de\/","name":"Eliassen Home & Garden Pleasure","description":"","publisher":{"@id":"https:\/\/www.eliassen.nl\/de\/#organization"},"alternateName":"Eliassen.nl","potentialAction":[{"@type":"SearchAction","target":{"@type":"EntryPoint","urlTemplate":"https:\/\/www.eliassen.nl\/de\/?s={search_term_string}"},"query-input":{"@type":"PropertyValueSpecification","valueRequired":true,"valueName":"search_term_string"}}],"inLanguage":"de"},{"@type":["Organization","Place"],"@id":"https:\/\/www.eliassen.nl\/de\/#organization","name":"Eliassen Home & Garden Pleasure","url":"https:\/\/www.eliassen.nl\/de\/","logo":{"@id":"https:\/\/www.eliassen.nl\/de\/wandsonnenuhr-terrakotta-toskanisch-dunkel-46cm\/#local-main-organization-logo"},"image":{"@id":"https:\/\/www.eliassen.nl\/de\/wandsonnenuhr-terrakotta-toskanisch-dunkel-46cm\/#local-main-organization-logo"},"sameAs":["https:\/\/www.facebook.com\/TuincentrumEliassenAmmerzoden","https:\/\/www.instagram.com\/eliassenhomeandgarden\/","https:\/\/nl.pinterest.com\/eliassenhomeandgarden\/","https:\/\/www.youtube.com\/@eliassenhomegardenpleasure4558"],"telephone":[],"openingHoursSpecification":[{"@type":"OpeningHoursSpecification","dayOfWeek":["Monday","Tuesday","Wednesday","Thursday","Friday","Saturday","Sunday"],"opens":"09:00","closes":"17:00"}]},{"@type":"ImageObject","inLanguage":"de","@id":"https:\/\/www.eliassen.nl\/de\/wandsonnenuhr-terrakotta-toskanisch-dunkel-46cm\/#local-main-organization-logo","url":"https:\/\/www.eliassen.nl\/wp-content\/uploads\/2024\/01\/logo_4nd.jpg","contentUrl":"https:\/\/www.eliassen.nl\/wp-content\/uploads\/2024\/01\/logo_4nd.jpg","width":500,"height":500,"caption":"Eliassen Home & Garden Pleasure"}]},"product_price_amount":"49.50","product_price_currency":"EUR","og_availability":"instock","product_availability":"instock","product_retailer_item_id":"281655","product_condition":"new"},"df_price":49.5,"df_sale_price":"","df_regular_price":49.5,"df_image_link":"https:\/\/www.eliassen.nl\/wp-content\/uploads\/2024\/01\/281655.jpg","image":"https:\/\/www.eliassen.nl\/wp-content\/uploads\/2024\/01\/281655.jpg","price_search":"<span class=\"woocommerce-Price-amount amount\"><bdi><span class=\"woocommerce-Price-currencySymbol\">&euro;<\/span>&nbsp;49,50<\/bdi><\/span>","category":"Andere Wanddekorationen","global_unique_id":"8056147926804","_links":{"self":[{"href":"https:\/\/www.eliassen.nl\/de\/wp-json\/wp\/v2\/product\/89656","targetHints":{"allow":["GET"]}}],"collection":[{"href":"https:\/\/www.eliassen.nl\/de\/wp-json\/wp\/v2\/product"}],"about":[{"href":"https:\/\/www.eliassen.nl\/de\/wp-json\/wp\/v2\/types\/product"}],"wp:featuredmedia":[{"embeddable":true,"href":"https:\/\/www.eliassen.nl\/de\/wp-json\/wp\/v2\/media\/89650"}],"wp:attachment":[{"href":"https:\/\/www.eliassen.nl\/de\/wp-json\/wp\/v2\/media?parent=89656"}],"wp:term":[{"taxonomy":"product_brand","embeddable":true,"href":"https:\/\/www.eliassen.nl\/de\/wp-json\/wp\/v2\/product_brand?post=89656"},{"taxonomy":"product_cat","embeddable":true,"href":"https:\/\/www.eliassen.nl\/de\/wp-json\/wp\/v2\/product_cat?post=89656"},{"taxonomy":"product_tag","embeddable":true,"href":"https:\/\/www.eliassen.nl\/de\/wp-json\/wp\/v2\/product_tag?post=89656"}],"curies":[{"name":"wp","href":"https:\/\/api.w.org\/{rel}","templated":true}]}}