{"id":89641,"date":"2023-04-18T11:50:55","date_gmt":"2023-04-18T11:50:55","guid":{"rendered":"https:\/\/www.eliassen.nl\/?product=muurzonnewijzer-terracotta-toscaans-zon-en-maan-43"},"modified":"2026-01-16T14:36:08","modified_gmt":"2026-01-16T13:36:08","slug":"wandsonnenuhr-terrakotta-toskanische-sonne-und-mond-43cm","status":"publish","type":"product","link":"https:\/\/www.eliassen.nl\/de\/wandsonnenuhr-terrakotta-toskanische-sonne-und-mond-43cm\/","title":{"rendered":"Wand-Sonnenuhr Terracotta Toskanische Sonne und Mond 43cm"},"content":{"rendered":"<p><iframe title=\"YouTube-Video-Player\" src=\"https:\/\/www.youtube.com\/embed\/gl7xkGLzcKw\" width=\"560\" height=\"315\" frameborder=\"0\" allowfullscreen=\"allowfullscreen\"><\/iframe><\/p>\n<p>Diese dicke und solide handgedrehte Terrakotta-Wandsonnenuhr hat ein vertrautes klassisches Aussehen. Der Mittelmeerraum definiert den Look einer sch\u00f6nen Wanddekoration. Diese Terrakotta-Wanddekoration wurde in der italienischen Region Toskana hergestellt, die f\u00fcr ihre einzigartige gr\u00fcn-braune Tonfarbe und ihre sehr hohe Qualit\u00e4t bekannt ist. Dieser Ton verf\u00e4rbt sich, nachdem er im Ofen gewesen ist. Dies und die Tatsache, dass diese Wanddekorationen bei einer sehr hohen Temperatur von 1150 Grad Celsius gebacken werden, macht diese Wanddekorationen geeignet, um viele Jahre lang im Freien zu h\u00e4ngen.<\/p>\n<ul>\n<li>Gr\u00f6\u00dfe: 43cm Durchmesser<\/li>\n<li>Gewicht: 4kg<\/li>\n<li>Von Hand gemacht<\/li>\n<li>Herkunftsland: Italien, Toskana<\/li>\n<li>Garantie: 5 Jahre, vorbehaltlich \u00e4u\u00dferer Besch\u00e4digung und bestimmungsgem\u00e4\u00dfer Verwendung<\/li>\n<\/ul>\n","protected":false},"excerpt":{"rendered":"<p>Sehr solide Terrakotta Sonnenuhr Wandtafel mit 43cm Durchmesser.<\/p>\n","protected":false},"featured_media":89635,"template":"","meta":{"_acf_changed":false,"_genesis_title":"","_genesis_description":""},"product_brand":[7461],"product_cat":[533,755,509,752],"product_tag":[],"class_list":{"0":"post-89641","1":"product","2":"type-product","3":"status-publish","4":"has-post-thumbnail","6":"product_brand-anticomestiere","7":"product_cat-andere-wanddekorationen","8":"product_cat-sonnenuhren","9":"product_cat-wanddekoration","10":"product_cat-weitere-artikel","12":"first","13":"instock","14":"taxable","15":"shipping-taxable","16":"purchasable","17":"product-type-simple"},"acf":[],"meta_all":{"total_sales":"14","wcml_sync_hash":{"postmeta_fields":"35bb351c69e561e8517db581251bb104"},"attr_label_translations":[],"cor_restricted_countries":[]},"meta_all_flat":{"total_sales":"14","wcml_sync_hash.postmeta_fields":"35bb351c69e561e8517db581251bb104"},"yoast_head":"<!-- This site is optimized with the Yoast SEO Premium plugin v26.2 (Yoast SEO v27.2) - https:\/\/yoast.com\/product\/yoast-seo-premium-wordpress\/ -->\n<title>Wand-Sonnenuhr Terracotta Toskanische Sonne und Mond 43cm - Eliassen.nl<\/title>\n<meta name=\"description\" content=\"Sch\u00f6ne toskanische Terrakotta-Wandverkleidung. Sehr dekorativ an der Wand. Wundersch\u00f6n gemacht und perfekt als Geschenk.Terrakotta-Sonnenuhr f\u00fcr die Wand\" \/>\n<meta name=\"robots\" content=\"index, follow, max-snippet:-1, max-image-preview:large, max-video-preview:-1\" \/>\n<link rel=\"canonical\" href=\"https:\/\/www.eliassen.nl\/de\/wandsonnenuhr-terrakotta-toskanische-sonne-und-mond-43cm\/\" \/>\n<meta property=\"og:locale\" content=\"de_DE\" \/>\n<meta property=\"og:type\" content=\"article\" \/>\n<meta property=\"og:title\" content=\"Anticomestiere Wand-Sonnenuhr Terracotta Toskanische Sonne und Mond 43cm - Eliassen.nl\" \/>\n<meta property=\"og:description\" content=\"Sch\u00f6ne toskanische Terrakotta-Wandverkleidung. Sehr dekorativ an der Wand. Wundersch\u00f6n gemacht und perfekt als Geschenk.Terrakotta-Sonnenuhr f\u00fcr die Wand\" \/>\n<meta property=\"og:url\" content=\"https:\/\/www.eliassen.nl\/de\/wandsonnenuhr-terrakotta-toskanische-sonne-und-mond-43cm\/\" \/>\n<meta property=\"og:site_name\" content=\"Eliassen.nl\" \/>\n<meta property=\"article:publisher\" content=\"https:\/\/www.facebook.com\/TuincentrumEliassenAmmerzoden\" \/>\n<meta property=\"article:modified_time\" content=\"2026-01-16T13:36:08+00:00\" \/>\n<meta property=\"og:image\" content=\"https:\/\/www.eliassen.nl\/wp-content\/uploads\/2024\/01\/281623.jpg\" \/>\n\t<meta property=\"og:image:width\" content=\"1324\" \/>\n\t<meta property=\"og:image:height\" content=\"1500\" \/>\n\t<meta property=\"og:image:type\" content=\"image\/jpeg\" \/>\n<meta name=\"twitter:card\" content=\"summary_large_image\" \/>\n<script type=\"application\/ld+json\" class=\"yoast-schema-graph\">{\"@context\":\"https:\/\/schema.org\",\"@graph\":[{\"@type\":\"WebPage\",\"@id\":\"https:\/\/www.eliassen.nl\/de\/wandsonnenuhr-terrakotta-toskanische-sonne-und-mond-43cm\/\",\"url\":\"https:\/\/www.eliassen.nl\/de\/wandsonnenuhr-terrakotta-toskanische-sonne-und-mond-43cm\/\",\"name\":\"Wand-Sonnenuhr Terracotta Toskanische Sonne und Mond 43cm - Eliassen.nl\",\"isPartOf\":{\"@id\":\"https:\/\/www.eliassen.nl\/de\/#website\"},\"primaryImageOfPage\":{\"@id\":\"https:\/\/www.eliassen.nl\/de\/wandsonnenuhr-terrakotta-toskanische-sonne-und-mond-43cm\/#primaryimage\"},\"image\":{\"@id\":\"https:\/\/www.eliassen.nl\/de\/wandsonnenuhr-terrakotta-toskanische-sonne-und-mond-43cm\/#primaryimage\"},\"thumbnailUrl\":\"https:\/\/www.eliassen.nl\/wp-content\/uploads\/2024\/01\/281623.jpg\",\"datePublished\":\"2023-04-18T11:50:55+00:00\",\"dateModified\":\"2026-01-16T13:36:08+00:00\",\"description\":\"Sch\u00f6ne toskanische Terrakotta-Wandverkleidung. Sehr dekorativ an der Wand. Wundersch\u00f6n gemacht und perfekt als Geschenk.Terrakotta-Sonnenuhr f\u00fcr die Wand\",\"breadcrumb\":{\"@id\":\"https:\/\/www.eliassen.nl\/de\/wandsonnenuhr-terrakotta-toskanische-sonne-und-mond-43cm\/#breadcrumb\"},\"inLanguage\":\"de\",\"potentialAction\":[{\"@type\":\"ReadAction\",\"target\":[\"https:\/\/www.eliassen.nl\/de\/wandsonnenuhr-terrakotta-toskanische-sonne-und-mond-43cm\/\"]}]},{\"@type\":\"ImageObject\",\"inLanguage\":\"de\",\"@id\":\"https:\/\/www.eliassen.nl\/de\/wandsonnenuhr-terrakotta-toskanische-sonne-und-mond-43cm\/#primaryimage\",\"url\":\"https:\/\/www.eliassen.nl\/wp-content\/uploads\/2024\/01\/281623.jpg\",\"contentUrl\":\"https:\/\/www.eliassen.nl\/wp-content\/uploads\/2024\/01\/281623.jpg\",\"width\":1324,\"height\":1500,\"caption\":\"281623\"},{\"@type\":\"BreadcrumbList\",\"@id\":\"https:\/\/www.eliassen.nl\/de\/wandsonnenuhr-terrakotta-toskanische-sonne-und-mond-43cm\/#breadcrumb\",\"itemListElement\":[{\"@type\":\"ListItem\",\"position\":1,\"name\":\"Home\",\"item\":\"https:\/\/www.eliassen.nl\/de\/\"},{\"@type\":\"ListItem\",\"position\":2,\"name\":\"Shop\",\"item\":\"https:\/\/www.eliassen.nl\/de\/shop\/\"},{\"@type\":\"ListItem\",\"position\":3,\"name\":\"Wanddekoration\",\"item\":\"https:\/\/www.eliassen.nl\/de\/wanddekoration\/\"},{\"@type\":\"ListItem\",\"position\":4,\"name\":\"Andere Wanddekorationen\",\"item\":\"https:\/\/www.eliassen.nl\/de\/wanddekoration\/andere-wanddekorationen\/\"},{\"@type\":\"ListItem\",\"position\":5,\"name\":\"Wand-Sonnenuhr Terracotta Toskanische Sonne und Mond 43cm\"}]},{\"@type\":\"WebSite\",\"@id\":\"https:\/\/www.eliassen.nl\/de\/#website\",\"url\":\"https:\/\/www.eliassen.nl\/de\/\",\"name\":\"Eliassen Home & Garden Pleasure\",\"description\":\"\",\"publisher\":{\"@id\":\"https:\/\/www.eliassen.nl\/de\/#organization\"},\"alternateName\":\"Eliassen.nl\",\"potentialAction\":[{\"@type\":\"SearchAction\",\"target\":{\"@type\":\"EntryPoint\",\"urlTemplate\":\"https:\/\/www.eliassen.nl\/de\/?s={search_term_string}\"},\"query-input\":{\"@type\":\"PropertyValueSpecification\",\"valueRequired\":true,\"valueName\":\"search_term_string\"}}],\"inLanguage\":\"de\"},{\"@type\":[\"Organization\",\"Place\"],\"@id\":\"https:\/\/www.eliassen.nl\/de\/#organization\",\"name\":\"Eliassen Home & Garden Pleasure\",\"url\":\"https:\/\/www.eliassen.nl\/de\/\",\"logo\":{\"@id\":\"https:\/\/www.eliassen.nl\/de\/wandsonnenuhr-terrakotta-toskanische-sonne-und-mond-43cm\/#local-main-organization-logo\"},\"image\":{\"@id\":\"https:\/\/www.eliassen.nl\/de\/wandsonnenuhr-terrakotta-toskanische-sonne-und-mond-43cm\/#local-main-organization-logo\"},\"sameAs\":[\"https:\/\/www.facebook.com\/TuincentrumEliassenAmmerzoden\",\"https:\/\/www.instagram.com\/eliassenhomeandgarden\/\",\"https:\/\/nl.pinterest.com\/eliassenhomeandgarden\/\",\"https:\/\/www.youtube.com\/@eliassenhomegardenpleasure4558\"],\"telephone\":[],\"openingHoursSpecification\":[{\"@type\":\"OpeningHoursSpecification\",\"dayOfWeek\":[\"Monday\",\"Tuesday\",\"Wednesday\",\"Thursday\",\"Friday\",\"Saturday\",\"Sunday\"],\"opens\":\"09:00\",\"closes\":\"17:00\"}]},{\"@type\":\"ImageObject\",\"inLanguage\":\"de\",\"@id\":\"https:\/\/www.eliassen.nl\/de\/wandsonnenuhr-terrakotta-toskanische-sonne-und-mond-43cm\/#local-main-organization-logo\",\"url\":\"https:\/\/www.eliassen.nl\/wp-content\/uploads\/2024\/01\/logo_4nd.jpg\",\"contentUrl\":\"https:\/\/www.eliassen.nl\/wp-content\/uploads\/2024\/01\/logo_4nd.jpg\",\"width\":500,\"height\":500,\"caption\":\"Eliassen Home & Garden Pleasure\"}]}<\/script>\n<meta property=\"product:price:amount\" content=\"49.95\" \/>\n<meta property=\"product:price:currency\" content=\"EUR\" \/>\n<meta property=\"og:availability\" content=\"instock\" \/>\n<meta property=\"product:availability\" content=\"instock\" \/>\n<meta property=\"product:retailer_item_id\" content=\"281623\" \/>\n<meta property=\"product:condition\" content=\"new\" \/>\n<!-- \/ Yoast SEO Premium plugin. -->","yoast_head_json":{"title":"Wand-Sonnenuhr Terracotta Toskanische Sonne und Mond 43cm - Eliassen.nl","description":"Sch\u00f6ne toskanische Terrakotta-Wandverkleidung. Sehr dekorativ an der Wand. Wundersch\u00f6n gemacht und perfekt als Geschenk.Terrakotta-Sonnenuhr f\u00fcr die Wand","robots":{"index":"index","follow":"follow","max-snippet":"max-snippet:-1","max-image-preview":"max-image-preview:large","max-video-preview":"max-video-preview:-1"},"canonical":"https:\/\/www.eliassen.nl\/de\/wandsonnenuhr-terrakotta-toskanische-sonne-und-mond-43cm\/","og_locale":"de_DE","og_type":"article","og_title":"Anticomestiere Wand-Sonnenuhr Terracotta Toskanische Sonne und Mond 43cm - Eliassen.nl","og_description":"Sch\u00f6ne toskanische Terrakotta-Wandverkleidung. Sehr dekorativ an der Wand. Wundersch\u00f6n gemacht und perfekt als Geschenk.Terrakotta-Sonnenuhr f\u00fcr die Wand","og_url":"https:\/\/www.eliassen.nl\/de\/wandsonnenuhr-terrakotta-toskanische-sonne-und-mond-43cm\/","og_site_name":"Eliassen.nl","article_publisher":"https:\/\/www.facebook.com\/TuincentrumEliassenAmmerzoden","article_modified_time":"2026-01-16T13:36:08+00:00","og_image":[{"width":1324,"height":1500,"url":"https:\/\/www.eliassen.nl\/wp-content\/uploads\/2024\/01\/281623.jpg","type":"image\/jpeg"}],"twitter_card":"summary_large_image","schema":{"@context":"https:\/\/schema.org","@graph":[{"@type":"WebPage","@id":"https:\/\/www.eliassen.nl\/de\/wandsonnenuhr-terrakotta-toskanische-sonne-und-mond-43cm\/","url":"https:\/\/www.eliassen.nl\/de\/wandsonnenuhr-terrakotta-toskanische-sonne-und-mond-43cm\/","name":"Wand-Sonnenuhr Terracotta Toskanische Sonne und Mond 43cm - Eliassen.nl","isPartOf":{"@id":"https:\/\/www.eliassen.nl\/de\/#website"},"primaryImageOfPage":{"@id":"https:\/\/www.eliassen.nl\/de\/wandsonnenuhr-terrakotta-toskanische-sonne-und-mond-43cm\/#primaryimage"},"image":{"@id":"https:\/\/www.eliassen.nl\/de\/wandsonnenuhr-terrakotta-toskanische-sonne-und-mond-43cm\/#primaryimage"},"thumbnailUrl":"https:\/\/www.eliassen.nl\/wp-content\/uploads\/2024\/01\/281623.jpg","datePublished":"2023-04-18T11:50:55+00:00","dateModified":"2026-01-16T13:36:08+00:00","description":"Sch\u00f6ne toskanische Terrakotta-Wandverkleidung. Sehr dekorativ an der Wand. Wundersch\u00f6n gemacht und perfekt als Geschenk.Terrakotta-Sonnenuhr f\u00fcr die Wand","breadcrumb":{"@id":"https:\/\/www.eliassen.nl\/de\/wandsonnenuhr-terrakotta-toskanische-sonne-und-mond-43cm\/#breadcrumb"},"inLanguage":"de","potentialAction":[{"@type":"ReadAction","target":["https:\/\/www.eliassen.nl\/de\/wandsonnenuhr-terrakotta-toskanische-sonne-und-mond-43cm\/"]}]},{"@type":"ImageObject","inLanguage":"de","@id":"https:\/\/www.eliassen.nl\/de\/wandsonnenuhr-terrakotta-toskanische-sonne-und-mond-43cm\/#primaryimage","url":"https:\/\/www.eliassen.nl\/wp-content\/uploads\/2024\/01\/281623.jpg","contentUrl":"https:\/\/www.eliassen.nl\/wp-content\/uploads\/2024\/01\/281623.jpg","width":1324,"height":1500,"caption":"281623"},{"@type":"BreadcrumbList","@id":"https:\/\/www.eliassen.nl\/de\/wandsonnenuhr-terrakotta-toskanische-sonne-und-mond-43cm\/#breadcrumb","itemListElement":[{"@type":"ListItem","position":1,"name":"Home","item":"https:\/\/www.eliassen.nl\/de\/"},{"@type":"ListItem","position":2,"name":"Shop","item":"https:\/\/www.eliassen.nl\/de\/shop\/"},{"@type":"ListItem","position":3,"name":"Wanddekoration","item":"https:\/\/www.eliassen.nl\/de\/wanddekoration\/"},{"@type":"ListItem","position":4,"name":"Andere Wanddekorationen","item":"https:\/\/www.eliassen.nl\/de\/wanddekoration\/andere-wanddekorationen\/"},{"@type":"ListItem","position":5,"name":"Wand-Sonnenuhr Terracotta Toskanische Sonne und Mond 43cm"}]},{"@type":"WebSite","@id":"https:\/\/www.eliassen.nl\/de\/#website","url":"https:\/\/www.eliassen.nl\/de\/","name":"Eliassen Home & Garden Pleasure","description":"","publisher":{"@id":"https:\/\/www.eliassen.nl\/de\/#organization"},"alternateName":"Eliassen.nl","potentialAction":[{"@type":"SearchAction","target":{"@type":"EntryPoint","urlTemplate":"https:\/\/www.eliassen.nl\/de\/?s={search_term_string}"},"query-input":{"@type":"PropertyValueSpecification","valueRequired":true,"valueName":"search_term_string"}}],"inLanguage":"de"},{"@type":["Organization","Place"],"@id":"https:\/\/www.eliassen.nl\/de\/#organization","name":"Eliassen Home & Garden Pleasure","url":"https:\/\/www.eliassen.nl\/de\/","logo":{"@id":"https:\/\/www.eliassen.nl\/de\/wandsonnenuhr-terrakotta-toskanische-sonne-und-mond-43cm\/#local-main-organization-logo"},"image":{"@id":"https:\/\/www.eliassen.nl\/de\/wandsonnenuhr-terrakotta-toskanische-sonne-und-mond-43cm\/#local-main-organization-logo"},"sameAs":["https:\/\/www.facebook.com\/TuincentrumEliassenAmmerzoden","https:\/\/www.instagram.com\/eliassenhomeandgarden\/","https:\/\/nl.pinterest.com\/eliassenhomeandgarden\/","https:\/\/www.youtube.com\/@eliassenhomegardenpleasure4558"],"telephone":[],"openingHoursSpecification":[{"@type":"OpeningHoursSpecification","dayOfWeek":["Monday","Tuesday","Wednesday","Thursday","Friday","Saturday","Sunday"],"opens":"09:00","closes":"17:00"}]},{"@type":"ImageObject","inLanguage":"de","@id":"https:\/\/www.eliassen.nl\/de\/wandsonnenuhr-terrakotta-toskanische-sonne-und-mond-43cm\/#local-main-organization-logo","url":"https:\/\/www.eliassen.nl\/wp-content\/uploads\/2024\/01\/logo_4nd.jpg","contentUrl":"https:\/\/www.eliassen.nl\/wp-content\/uploads\/2024\/01\/logo_4nd.jpg","width":500,"height":500,"caption":"Eliassen Home & Garden Pleasure"}]},"product_price_amount":"49.95","product_price_currency":"EUR","og_availability":"instock","product_availability":"instock","product_retailer_item_id":"281623","product_condition":"new"},"df_price":49.95,"df_sale_price":"","df_regular_price":49.95,"df_image_link":"https:\/\/www.eliassen.nl\/wp-content\/uploads\/2024\/01\/281623.jpg","image":"https:\/\/www.eliassen.nl\/wp-content\/uploads\/2024\/01\/281623.jpg","price_search":"<span class=\"woocommerce-Price-amount amount\"><bdi><span class=\"woocommerce-Price-currencySymbol\">&euro;<\/span>&nbsp;49,95<\/bdi><\/span>","category":"Andere Wanddekorationen","global_unique_id":"8056147926798","_links":{"self":[{"href":"https:\/\/www.eliassen.nl\/de\/wp-json\/wp\/v2\/product\/89641","targetHints":{"allow":["GET"]}}],"collection":[{"href":"https:\/\/www.eliassen.nl\/de\/wp-json\/wp\/v2\/product"}],"about":[{"href":"https:\/\/www.eliassen.nl\/de\/wp-json\/wp\/v2\/types\/product"}],"wp:featuredmedia":[{"embeddable":true,"href":"https:\/\/www.eliassen.nl\/de\/wp-json\/wp\/v2\/media\/89635"}],"wp:attachment":[{"href":"https:\/\/www.eliassen.nl\/de\/wp-json\/wp\/v2\/media?parent=89641"}],"wp:term":[{"taxonomy":"product_brand","embeddable":true,"href":"https:\/\/www.eliassen.nl\/de\/wp-json\/wp\/v2\/product_brand?post=89641"},{"taxonomy":"product_cat","embeddable":true,"href":"https:\/\/www.eliassen.nl\/de\/wp-json\/wp\/v2\/product_cat?post=89641"},{"taxonomy":"product_tag","embeddable":true,"href":"https:\/\/www.eliassen.nl\/de\/wp-json\/wp\/v2\/product_tag?post=89641"}],"curies":[{"name":"wp","href":"https:\/\/api.w.org\/{rel}","templated":true}]}}