{"id":89581,"date":"2023-04-18T11:26:39","date_gmt":"2023-04-18T11:26:39","guid":{"rendered":"https:\/\/www.eliassen.nl\/?product=muurdecoratie-terracotta-toscaans-zon-32cm"},"modified":"2026-01-16T14:35:45","modified_gmt":"2026-01-16T13:35:45","slug":"wanddekoration-terrakotta-toskanische-sonne-32cm","status":"publish","type":"product","link":"https:\/\/www.eliassen.nl\/de\/wanddekoration-terrakotta-toskanische-sonne-32cm\/","title":{"rendered":"Wanddekoration Terrakotta Toskanische Sonne 32cm"},"content":{"rendered":"<p>Diese dicke und solide handgedrehte Terrakotta-Wanddekoration hat einen vertrauten klassischen Look. Der Mittelmeerraum definiert den Look einer sch\u00f6nen Wanddekoration. Diese Terrakotta-Wanddekoration wurde in der italienischen Region Toskana hergestellt, die f\u00fcr ihre einzigartige gr\u00fcn-braune Tonfarbe und ihre sehr hohe Qualit\u00e4t bekannt ist. Dieser Ton verf\u00e4rbt sich, nachdem er im Ofen gewesen ist. Dies und die Tatsache, dass diese Wanddekorationen bei einer sehr hohen Temperatur von 1150 Grad Celsius gebacken werden, macht diese Wanddekorationen geeignet, um viele Jahre lang im Freien zu h\u00e4ngen.<\/p>\n<ul>\n<li>Gr\u00f6\u00dfe: 32cm Durchmesser Durchmesser.<\/li>\n<li>Gewicht: 2kg<\/li>\n<li>Von Hand gemacht<\/li>\n<li>Herkunftsland: Italien, Toskana<\/li>\n<li>Garantie: 5 Jahre, vorbehaltlich \u00e4u\u00dferer Besch\u00e4digung und bestimmungsgem\u00e4\u00dfer Verwendung<\/li>\n<\/ul>\n","protected":false},"excerpt":{"rendered":"<p>Sehr solide Terrakotta-Wandplatte mit einem Durchmesser von 32 cm.<\/p>\n","protected":false},"featured_media":196018,"template":"","meta":{"_acf_changed":false,"_genesis_title":"","_genesis_description":""},"product_brand":[7461],"product_cat":[533,509],"product_tag":[],"class_list":{"0":"post-89581","1":"product","2":"type-product","3":"status-publish","4":"has-post-thumbnail","6":"product_brand-anticomestiere","7":"product_cat-andere-wanddekorationen","8":"product_cat-wanddekoration","10":"first","11":"instock","12":"taxable","13":"shipping-taxable","14":"purchasable","15":"product-type-simple"},"acf":[],"meta_all":{"total_sales":"14","wcml_sync_hash":{"postmeta_fields":"e7421e48dfa207d6b2f99da0f2009e09"},"attr_label_translations":[],"cor_restricted_countries":[]},"meta_all_flat":{"total_sales":"14","wcml_sync_hash.postmeta_fields":"e7421e48dfa207d6b2f99da0f2009e09"},"yoast_head":"<!-- This site is optimized with the Yoast SEO Premium plugin v26.2 (Yoast SEO v27.2) - https:\/\/yoast.com\/product\/yoast-seo-premium-wordpress\/ -->\n<title>Wanddekoration Terracotta Toskanische Sonne 32cm - Eliassen Home &amp; Garden<\/title>\n<meta name=\"description\" content=\"Sch\u00f6ne toskanische Terrakotta-Wandverkleidung. Sehr dekorativ an der Wand. Wundersch\u00f6n gemacht und sehr gut als Geschenk geeignet. Terrakotta Sonne\" \/>\n<meta name=\"robots\" content=\"index, follow, max-snippet:-1, max-image-preview:large, max-video-preview:-1\" \/>\n<link rel=\"canonical\" href=\"https:\/\/www.eliassen.nl\/de\/wanddekoration-terrakotta-toskanische-sonne-32cm\/\" \/>\n<meta property=\"og:locale\" content=\"de_DE\" \/>\n<meta property=\"og:type\" content=\"article\" \/>\n<meta property=\"og:title\" content=\"Anticomestiere Wanddekoration Terrakotta Toskanische Sonne 32cm - Eliassen.nl\" \/>\n<meta property=\"og:description\" content=\"Sch\u00f6ne toskanische Terrakotta-Wandverkleidung. Sehr dekorativ an der Wand. Wundersch\u00f6n gemacht und sehr gut als Geschenk geeignet. Terrakotta Sonne\" \/>\n<meta property=\"og:url\" content=\"https:\/\/www.eliassen.nl\/de\/wanddekoration-terrakotta-toskanische-sonne-32cm\/\" \/>\n<meta property=\"og:site_name\" content=\"Eliassen.nl\" \/>\n<meta property=\"article:publisher\" content=\"https:\/\/www.facebook.com\/TuincentrumEliassenAmmerzoden\" \/>\n<meta property=\"article:modified_time\" content=\"2026-01-16T13:35:45+00:00\" \/>\n<meta property=\"og:image\" content=\"https:\/\/www.eliassen.nl\/wp-content\/uploads\/2023\/04\/Muurdecoratie-terracotta-Toscaans-Zon-32cm-eliassen.nl_-scaled.jpg\" \/>\n\t<meta property=\"og:image:width\" content=\"2560\" \/>\n\t<meta property=\"og:image:height\" content=\"2560\" \/>\n\t<meta property=\"og:image:type\" content=\"image\/jpeg\" \/>\n<meta name=\"twitter:card\" content=\"summary_large_image\" \/>\n<script type=\"application\/ld+json\" class=\"yoast-schema-graph\">{\"@context\":\"https:\/\/schema.org\",\"@graph\":[{\"@type\":\"WebPage\",\"@id\":\"https:\/\/www.eliassen.nl\/de\/wanddekoration-terrakotta-toskanische-sonne-32cm\/\",\"url\":\"https:\/\/www.eliassen.nl\/de\/wanddekoration-terrakotta-toskanische-sonne-32cm\/\",\"name\":\"Wanddekoration Terracotta Toskanische Sonne 32cm - Eliassen Home & Garden\",\"isPartOf\":{\"@id\":\"https:\/\/www.eliassen.nl\/de\/#website\"},\"primaryImageOfPage\":{\"@id\":\"https:\/\/www.eliassen.nl\/de\/wanddekoration-terrakotta-toskanische-sonne-32cm\/#primaryimage\"},\"image\":{\"@id\":\"https:\/\/www.eliassen.nl\/de\/wanddekoration-terrakotta-toskanische-sonne-32cm\/#primaryimage\"},\"thumbnailUrl\":\"https:\/\/www.eliassen.nl\/wp-content\/uploads\/2023\/04\/Muurdecoratie-terracotta-Toscaans-Zon-32cm-eliassen.nl_-scaled.jpg\",\"datePublished\":\"2023-04-18T11:26:39+00:00\",\"dateModified\":\"2026-01-16T13:35:45+00:00\",\"description\":\"Sch\u00f6ne toskanische Terrakotta-Wandverkleidung. Sehr dekorativ an der Wand. Wundersch\u00f6n gemacht und sehr gut als Geschenk geeignet. Terrakotta Sonne\",\"breadcrumb\":{\"@id\":\"https:\/\/www.eliassen.nl\/de\/wanddekoration-terrakotta-toskanische-sonne-32cm\/#breadcrumb\"},\"inLanguage\":\"de\",\"potentialAction\":[{\"@type\":\"ReadAction\",\"target\":[\"https:\/\/www.eliassen.nl\/de\/wanddekoration-terrakotta-toskanische-sonne-32cm\/\"]}]},{\"@type\":\"ImageObject\",\"inLanguage\":\"de\",\"@id\":\"https:\/\/www.eliassen.nl\/de\/wanddekoration-terrakotta-toskanische-sonne-32cm\/#primaryimage\",\"url\":\"https:\/\/www.eliassen.nl\/wp-content\/uploads\/2023\/04\/Muurdecoratie-terracotta-Toscaans-Zon-32cm-eliassen.nl_-scaled.jpg\",\"contentUrl\":\"https:\/\/www.eliassen.nl\/wp-content\/uploads\/2023\/04\/Muurdecoratie-terracotta-Toscaans-Zon-32cm-eliassen.nl_-scaled.jpg\",\"width\":2560,\"height\":2560,\"caption\":\"Muurdecoratie terracotta Toscaans Zon 32cm eliassen.nl\"},{\"@type\":\"BreadcrumbList\",\"@id\":\"https:\/\/www.eliassen.nl\/de\/wanddekoration-terrakotta-toskanische-sonne-32cm\/#breadcrumb\",\"itemListElement\":[{\"@type\":\"ListItem\",\"position\":1,\"name\":\"Home\",\"item\":\"https:\/\/www.eliassen.nl\/de\/\"},{\"@type\":\"ListItem\",\"position\":2,\"name\":\"Shop\",\"item\":\"https:\/\/www.eliassen.nl\/de\/shop\/\"},{\"@type\":\"ListItem\",\"position\":3,\"name\":\"Wanddekoration\",\"item\":\"https:\/\/www.eliassen.nl\/de\/wanddekoration\/\"},{\"@type\":\"ListItem\",\"position\":4,\"name\":\"Andere Wanddekorationen\",\"item\":\"https:\/\/www.eliassen.nl\/de\/wanddekoration\/andere-wanddekorationen\/\"},{\"@type\":\"ListItem\",\"position\":5,\"name\":\"Wanddekoration Terrakotta Toskanische Sonne 32cm\"}]},{\"@type\":\"WebSite\",\"@id\":\"https:\/\/www.eliassen.nl\/de\/#website\",\"url\":\"https:\/\/www.eliassen.nl\/de\/\",\"name\":\"Eliassen Home & Garden Pleasure\",\"description\":\"\",\"publisher\":{\"@id\":\"https:\/\/www.eliassen.nl\/de\/#organization\"},\"alternateName\":\"Eliassen.nl\",\"potentialAction\":[{\"@type\":\"SearchAction\",\"target\":{\"@type\":\"EntryPoint\",\"urlTemplate\":\"https:\/\/www.eliassen.nl\/de\/?s={search_term_string}\"},\"query-input\":{\"@type\":\"PropertyValueSpecification\",\"valueRequired\":true,\"valueName\":\"search_term_string\"}}],\"inLanguage\":\"de\"},{\"@type\":[\"Organization\",\"Place\"],\"@id\":\"https:\/\/www.eliassen.nl\/de\/#organization\",\"name\":\"Eliassen Home & Garden Pleasure\",\"url\":\"https:\/\/www.eliassen.nl\/de\/\",\"logo\":{\"@id\":\"https:\/\/www.eliassen.nl\/de\/wanddekoration-terrakotta-toskanische-sonne-32cm\/#local-main-organization-logo\"},\"image\":{\"@id\":\"https:\/\/www.eliassen.nl\/de\/wanddekoration-terrakotta-toskanische-sonne-32cm\/#local-main-organization-logo\"},\"sameAs\":[\"https:\/\/www.facebook.com\/TuincentrumEliassenAmmerzoden\",\"https:\/\/www.instagram.com\/eliassenhomeandgarden\/\",\"https:\/\/nl.pinterest.com\/eliassenhomeandgarden\/\",\"https:\/\/www.youtube.com\/@eliassenhomegardenpleasure4558\"],\"telephone\":[],\"openingHoursSpecification\":[{\"@type\":\"OpeningHoursSpecification\",\"dayOfWeek\":[\"Monday\",\"Tuesday\",\"Wednesday\",\"Thursday\",\"Friday\",\"Saturday\",\"Sunday\"],\"opens\":\"09:00\",\"closes\":\"17:00\"}]},{\"@type\":\"ImageObject\",\"inLanguage\":\"de\",\"@id\":\"https:\/\/www.eliassen.nl\/de\/wanddekoration-terrakotta-toskanische-sonne-32cm\/#local-main-organization-logo\",\"url\":\"https:\/\/www.eliassen.nl\/wp-content\/uploads\/2024\/01\/logo_4nd.jpg\",\"contentUrl\":\"https:\/\/www.eliassen.nl\/wp-content\/uploads\/2024\/01\/logo_4nd.jpg\",\"width\":500,\"height\":500,\"caption\":\"Eliassen Home & Garden Pleasure\"}]}<\/script>\n<meta property=\"product:price:amount\" content=\"18.50\" \/>\n<meta property=\"product:price:currency\" content=\"EUR\" \/>\n<meta property=\"og:availability\" content=\"instock\" \/>\n<meta property=\"product:availability\" content=\"instock\" \/>\n<meta property=\"product:retailer_item_id\" content=\"1100132\" \/>\n<meta property=\"product:condition\" content=\"new\" \/>\n<!-- \/ Yoast SEO Premium plugin. -->","yoast_head_json":{"title":"Wanddekoration Terracotta Toskanische Sonne 32cm - Eliassen Home & Garden","description":"Sch\u00f6ne toskanische Terrakotta-Wandverkleidung. Sehr dekorativ an der Wand. Wundersch\u00f6n gemacht und sehr gut als Geschenk geeignet. Terrakotta Sonne","robots":{"index":"index","follow":"follow","max-snippet":"max-snippet:-1","max-image-preview":"max-image-preview:large","max-video-preview":"max-video-preview:-1"},"canonical":"https:\/\/www.eliassen.nl\/de\/wanddekoration-terrakotta-toskanische-sonne-32cm\/","og_locale":"de_DE","og_type":"article","og_title":"Anticomestiere Wanddekoration Terrakotta Toskanische Sonne 32cm - Eliassen.nl","og_description":"Sch\u00f6ne toskanische Terrakotta-Wandverkleidung. Sehr dekorativ an der Wand. Wundersch\u00f6n gemacht und sehr gut als Geschenk geeignet. Terrakotta Sonne","og_url":"https:\/\/www.eliassen.nl\/de\/wanddekoration-terrakotta-toskanische-sonne-32cm\/","og_site_name":"Eliassen.nl","article_publisher":"https:\/\/www.facebook.com\/TuincentrumEliassenAmmerzoden","article_modified_time":"2026-01-16T13:35:45+00:00","og_image":[{"width":2560,"height":2560,"url":"https:\/\/www.eliassen.nl\/wp-content\/uploads\/2023\/04\/Muurdecoratie-terracotta-Toscaans-Zon-32cm-eliassen.nl_-scaled.jpg","type":"image\/jpeg"}],"twitter_card":"summary_large_image","schema":{"@context":"https:\/\/schema.org","@graph":[{"@type":"WebPage","@id":"https:\/\/www.eliassen.nl\/de\/wanddekoration-terrakotta-toskanische-sonne-32cm\/","url":"https:\/\/www.eliassen.nl\/de\/wanddekoration-terrakotta-toskanische-sonne-32cm\/","name":"Wanddekoration Terracotta Toskanische Sonne 32cm - Eliassen Home & Garden","isPartOf":{"@id":"https:\/\/www.eliassen.nl\/de\/#website"},"primaryImageOfPage":{"@id":"https:\/\/www.eliassen.nl\/de\/wanddekoration-terrakotta-toskanische-sonne-32cm\/#primaryimage"},"image":{"@id":"https:\/\/www.eliassen.nl\/de\/wanddekoration-terrakotta-toskanische-sonne-32cm\/#primaryimage"},"thumbnailUrl":"https:\/\/www.eliassen.nl\/wp-content\/uploads\/2023\/04\/Muurdecoratie-terracotta-Toscaans-Zon-32cm-eliassen.nl_-scaled.jpg","datePublished":"2023-04-18T11:26:39+00:00","dateModified":"2026-01-16T13:35:45+00:00","description":"Sch\u00f6ne toskanische Terrakotta-Wandverkleidung. Sehr dekorativ an der Wand. Wundersch\u00f6n gemacht und sehr gut als Geschenk geeignet. Terrakotta Sonne","breadcrumb":{"@id":"https:\/\/www.eliassen.nl\/de\/wanddekoration-terrakotta-toskanische-sonne-32cm\/#breadcrumb"},"inLanguage":"de","potentialAction":[{"@type":"ReadAction","target":["https:\/\/www.eliassen.nl\/de\/wanddekoration-terrakotta-toskanische-sonne-32cm\/"]}]},{"@type":"ImageObject","inLanguage":"de","@id":"https:\/\/www.eliassen.nl\/de\/wanddekoration-terrakotta-toskanische-sonne-32cm\/#primaryimage","url":"https:\/\/www.eliassen.nl\/wp-content\/uploads\/2023\/04\/Muurdecoratie-terracotta-Toscaans-Zon-32cm-eliassen.nl_-scaled.jpg","contentUrl":"https:\/\/www.eliassen.nl\/wp-content\/uploads\/2023\/04\/Muurdecoratie-terracotta-Toscaans-Zon-32cm-eliassen.nl_-scaled.jpg","width":2560,"height":2560,"caption":"Muurdecoratie terracotta Toscaans Zon 32cm eliassen.nl"},{"@type":"BreadcrumbList","@id":"https:\/\/www.eliassen.nl\/de\/wanddekoration-terrakotta-toskanische-sonne-32cm\/#breadcrumb","itemListElement":[{"@type":"ListItem","position":1,"name":"Home","item":"https:\/\/www.eliassen.nl\/de\/"},{"@type":"ListItem","position":2,"name":"Shop","item":"https:\/\/www.eliassen.nl\/de\/shop\/"},{"@type":"ListItem","position":3,"name":"Wanddekoration","item":"https:\/\/www.eliassen.nl\/de\/wanddekoration\/"},{"@type":"ListItem","position":4,"name":"Andere Wanddekorationen","item":"https:\/\/www.eliassen.nl\/de\/wanddekoration\/andere-wanddekorationen\/"},{"@type":"ListItem","position":5,"name":"Wanddekoration Terrakotta Toskanische Sonne 32cm"}]},{"@type":"WebSite","@id":"https:\/\/www.eliassen.nl\/de\/#website","url":"https:\/\/www.eliassen.nl\/de\/","name":"Eliassen Home & Garden Pleasure","description":"","publisher":{"@id":"https:\/\/www.eliassen.nl\/de\/#organization"},"alternateName":"Eliassen.nl","potentialAction":[{"@type":"SearchAction","target":{"@type":"EntryPoint","urlTemplate":"https:\/\/www.eliassen.nl\/de\/?s={search_term_string}"},"query-input":{"@type":"PropertyValueSpecification","valueRequired":true,"valueName":"search_term_string"}}],"inLanguage":"de"},{"@type":["Organization","Place"],"@id":"https:\/\/www.eliassen.nl\/de\/#organization","name":"Eliassen Home & Garden Pleasure","url":"https:\/\/www.eliassen.nl\/de\/","logo":{"@id":"https:\/\/www.eliassen.nl\/de\/wanddekoration-terrakotta-toskanische-sonne-32cm\/#local-main-organization-logo"},"image":{"@id":"https:\/\/www.eliassen.nl\/de\/wanddekoration-terrakotta-toskanische-sonne-32cm\/#local-main-organization-logo"},"sameAs":["https:\/\/www.facebook.com\/TuincentrumEliassenAmmerzoden","https:\/\/www.instagram.com\/eliassenhomeandgarden\/","https:\/\/nl.pinterest.com\/eliassenhomeandgarden\/","https:\/\/www.youtube.com\/@eliassenhomegardenpleasure4558"],"telephone":[],"openingHoursSpecification":[{"@type":"OpeningHoursSpecification","dayOfWeek":["Monday","Tuesday","Wednesday","Thursday","Friday","Saturday","Sunday"],"opens":"09:00","closes":"17:00"}]},{"@type":"ImageObject","inLanguage":"de","@id":"https:\/\/www.eliassen.nl\/de\/wanddekoration-terrakotta-toskanische-sonne-32cm\/#local-main-organization-logo","url":"https:\/\/www.eliassen.nl\/wp-content\/uploads\/2024\/01\/logo_4nd.jpg","contentUrl":"https:\/\/www.eliassen.nl\/wp-content\/uploads\/2024\/01\/logo_4nd.jpg","width":500,"height":500,"caption":"Eliassen Home & Garden Pleasure"}]},"product_price_amount":"18.50","product_price_currency":"EUR","og_availability":"instock","product_availability":"instock","product_retailer_item_id":"1100132","product_condition":"new"},"df_price":18.5,"df_sale_price":"","df_regular_price":18.5,"df_image_link":"https:\/\/www.eliassen.nl\/wp-content\/uploads\/2023\/04\/Muurdecoratie-terracotta-Toscaans-Zon-32cm-eliassen.nl_-300x300.jpg","image":"https:\/\/www.eliassen.nl\/wp-content\/uploads\/2023\/04\/Muurdecoratie-terracotta-Toscaans-Zon-32cm-eliassen.nl_-150x150.jpg","price_search":"<span class=\"woocommerce-Price-amount amount\"><bdi><span class=\"woocommerce-Price-currencySymbol\">&euro;<\/span>&nbsp;18,50<\/bdi><\/span>","category":"Andere Wanddekorationen","global_unique_id":"8056147923537","_links":{"self":[{"href":"https:\/\/www.eliassen.nl\/de\/wp-json\/wp\/v2\/product\/89581","targetHints":{"allow":["GET"]}}],"collection":[{"href":"https:\/\/www.eliassen.nl\/de\/wp-json\/wp\/v2\/product"}],"about":[{"href":"https:\/\/www.eliassen.nl\/de\/wp-json\/wp\/v2\/types\/product"}],"wp:featuredmedia":[{"embeddable":true,"href":"https:\/\/www.eliassen.nl\/de\/wp-json\/wp\/v2\/media\/196018"}],"wp:attachment":[{"href":"https:\/\/www.eliassen.nl\/de\/wp-json\/wp\/v2\/media?parent=89581"}],"wp:term":[{"taxonomy":"product_brand","embeddable":true,"href":"https:\/\/www.eliassen.nl\/de\/wp-json\/wp\/v2\/product_brand?post=89581"},{"taxonomy":"product_cat","embeddable":true,"href":"https:\/\/www.eliassen.nl\/de\/wp-json\/wp\/v2\/product_cat?post=89581"},{"taxonomy":"product_tag","embeddable":true,"href":"https:\/\/www.eliassen.nl\/de\/wp-json\/wp\/v2\/product_tag?post=89581"}],"curies":[{"name":"wp","href":"https:\/\/api.w.org\/{rel}","templated":true}]}}