{"id":89482,"date":"2023-04-17T18:53:20","date_gmt":"2023-04-17T18:53:20","guid":{"rendered":"https:\/\/www.eliassen.nl\/?product=kruik-terracotta-toscaans-classico-100cm"},"modified":"2025-10-09T19:25:54","modified_gmt":"2025-10-09T17:25:54","slug":"krug-terrakotta-toskanischen-classico-100cm","status":"publish","type":"product","link":"https:\/\/www.eliassen.nl\/de\/krug-terrakotta-toskanischen-classico-100cm\/","title":{"rendered":"Krug Terrakotta Tuscan Classico 100cm"},"content":{"rendered":"<p><iframe title=\"YouTube-Video-Player\" src=\"https:\/\/www.youtube.com\/embed\/gl7xkGLzcKw\" width=\"560\" height=\"315\" frameborder=\"0\" allowfullscreen=\"allowfullscreen\"><\/iframe><\/p>\n<p>Dieser dicke und robuste, handgedrehte Terrakotta-Krug hat ein vertrautes, klassisches Aussehen. Der Mittelmeerraum bestimmt das Aussehen dieses runden, bauchigen Kruges. Dieser Terrakotta-Krug wurde in der italienischen Region Toskana hergestellt, die f\u00fcr ihre einzigartige gr\u00fcn-braune Tonfarbe und ihre sehr hohe Qualit\u00e4t bekannt ist. Dieser Ton verf\u00e4rbt sich, nachdem er im Ofen gewesen ist. Dies und die Tatsache, dass diese Serie von T\u00f6pfen bei einer sehr hohen Temperatur von 1150 Grad Celsius gebrannt wird, macht diese T\u00f6pfe geeignet, viele Jahre lang im Freien zu stehen. Die Classico-Linie zeichnet sich durch ihre &#8222;bauchige&#8220; Form, den breiten Rand an der Oberseite und ihr klassisches Aussehen aus.<\/p>\n<ul>\n<li>Gr\u00f6\u00dfe: Durchmesser 100cm, H\u00f6he 100cm<\/li>\n<li>Gewicht: 150kg<\/li>\n<li>Von Hand gemacht<\/li>\n<li>Herkunftsland: Italien, Toskana<\/li>\n<li>Garantie: 5 Jahre, vorbehaltlich \u00e4u\u00dferer Besch\u00e4digung und bestimmungsgem\u00e4\u00dfer Verwendung<\/li>\n<li>Diese Serie von T\u00f6pfen k\u00f6nnen Sie auch live bei uns sehen<\/li>\n<\/ul>\n<p>Wenn Sie Terrakotta-T\u00f6pfe besitzen und keine Ahnung haben, wie Sie sie sauber und in perfektem Zustand halten k\u00f6nnen, empfehlen wir Ihnen, unsere hilfreichen Vorschl\u00e4ge zu befolgen, um die Langlebigkeit Ihrer Terrakotta-T\u00f6pfe zu gew\u00e4hrleisten.<\/p>\n<p>Mit Wasser, Zitrone und B\u00fcrste reinigen:<\/p>\n<p>Wenn Sie am Ende der Saison gr\u00fcne Flecken auf den Terrakotta-T\u00f6pfen und eine stumpfe Farbe feststellen, f\u00fcllen Sie einen Eimer mit kaltem Wasser, f\u00fcgen Sie den Saft einer Zitrone hinzu und waschen Sie die verschmutzte Stelle vorsichtig mit dieser L\u00f6sung ab.<\/p>\n<p>Sie m\u00fcssen die Oberfl\u00e4chen mit einer B\u00fcrste mit harten Borsten kr\u00e4ftig abreiben.<\/p>\n","protected":false},"excerpt":{"rendered":"<p>Sehr solider Terrakotta-Krug aus Italien. 100x100cm hoch.<\/p>\n","protected":false},"featured_media":89470,"template":"","meta":{"_acf_changed":false,"_genesis_title":"","_genesis_description":""},"product_brand":[7461],"product_cat":[722,1430],"product_tag":[],"class_list":{"0":"post-89482","1":"product","2":"type-product","3":"status-publish","4":"has-post-thumbnail","6":"product_brand-anticomestiere","7":"product_cat-blumentoepfe-und-pflanzgefaesse","8":"product_cat-terrakotta-toepfe-und-glaeser","10":"first","11":"instock","12":"taxable","13":"shipping-taxable","14":"purchasable","15":"product-type-simple"},"acf":[],"meta_all":{"total_sales":"1","wcml_sync_hash":{"postmeta_fields":"b207ab80775f8fb6be123a2de0be9a0d"},"attr_label_translations":[]},"meta_all_flat":{"total_sales":"1","wcml_sync_hash.postmeta_fields":"b207ab80775f8fb6be123a2de0be9a0d"},"yoast_head":"<!-- This site is optimized with the Yoast SEO Premium plugin v26.2 (Yoast SEO v27.2) - https:\/\/yoast.com\/product\/yoast-seo-premium-wordpress\/ -->\n<title>Krug terracotta Tuscan Classico 100cm - Eliassen Home &amp; Garden<\/title>\n<meta name=\"description\" content=\"Entdecken Sie unsere gro\u00dfe Kollektion an gro\u00dfen Pflanzgef\u00e4\u00dfen aus verschiedenen Materialien. Kaufen Sie jetzt online mit einer 5-Jahres-Garantie oder besuchen Sie unser Gesch\u00e4ft f\u00fcr eine pers\u00f6nliche Beratung.\" \/>\n<meta name=\"robots\" content=\"index, follow, max-snippet:-1, max-image-preview:large, max-video-preview:-1\" \/>\n<link rel=\"canonical\" href=\"https:\/\/www.eliassen.nl\/de\/krug-terrakotta-toskanischen-classico-100cm\/\" \/>\n<meta property=\"og:locale\" content=\"de_DE\" \/>\n<meta property=\"og:type\" content=\"article\" \/>\n<meta property=\"og:title\" content=\"Anticomestiere Krug Terrakotta Tuscan Classico 100cm - Eliassen.nl\" \/>\n<meta property=\"og:description\" content=\"Entdecken Sie unsere gro\u00dfe Kollektion an gro\u00dfen Pflanzgef\u00e4\u00dfen aus verschiedenen Materialien. Kaufen Sie jetzt online mit einer 5-Jahres-Garantie oder besuchen Sie unser Gesch\u00e4ft f\u00fcr eine pers\u00f6nliche Beratung.\" \/>\n<meta property=\"og:url\" content=\"https:\/\/www.eliassen.nl\/de\/krug-terrakotta-toskanischen-classico-100cm\/\" \/>\n<meta property=\"og:site_name\" content=\"Eliassen.nl\" \/>\n<meta property=\"article:publisher\" content=\"https:\/\/www.facebook.com\/TuincentrumEliassenAmmerzoden\" \/>\n<meta property=\"article:modified_time\" content=\"2025-10-09T17:25:54+00:00\" \/>\n<meta property=\"og:image\" content=\"https:\/\/www.eliassen.nl\/wp-content\/uploads\/2024\/01\/230500_4nd.jpg\" \/>\n\t<meta property=\"og:image:width\" content=\"1363\" \/>\n\t<meta property=\"og:image:height\" content=\"1500\" \/>\n\t<meta property=\"og:image:type\" content=\"image\/jpeg\" \/>\n<meta name=\"twitter:card\" content=\"summary_large_image\" \/>\n<script type=\"application\/ld+json\" class=\"yoast-schema-graph\">{\"@context\":\"https:\/\/schema.org\",\"@graph\":[{\"@type\":\"WebPage\",\"@id\":\"https:\/\/www.eliassen.nl\/de\/krug-terrakotta-toskanischen-classico-100cm\/\",\"url\":\"https:\/\/www.eliassen.nl\/de\/krug-terrakotta-toskanischen-classico-100cm\/\",\"name\":\"Krug terracotta Tuscan Classico 100cm - Eliassen Home & Garden\",\"isPartOf\":{\"@id\":\"https:\/\/www.eliassen.nl\/de\/#website\"},\"primaryImageOfPage\":{\"@id\":\"https:\/\/www.eliassen.nl\/de\/krug-terrakotta-toskanischen-classico-100cm\/#primaryimage\"},\"image\":{\"@id\":\"https:\/\/www.eliassen.nl\/de\/krug-terrakotta-toskanischen-classico-100cm\/#primaryimage\"},\"thumbnailUrl\":\"https:\/\/www.eliassen.nl\/wp-content\/uploads\/2024\/01\/230500_4nd.jpg\",\"datePublished\":\"2023-04-17T18:53:20+00:00\",\"dateModified\":\"2025-10-09T17:25:54+00:00\",\"description\":\"Entdecken Sie unsere gro\u00dfe Kollektion an gro\u00dfen Pflanzgef\u00e4\u00dfen aus verschiedenen Materialien. Kaufen Sie jetzt online mit einer 5-Jahres-Garantie oder besuchen Sie unser Gesch\u00e4ft f\u00fcr eine pers\u00f6nliche Beratung.\",\"breadcrumb\":{\"@id\":\"https:\/\/www.eliassen.nl\/de\/krug-terrakotta-toskanischen-classico-100cm\/#breadcrumb\"},\"inLanguage\":\"de\",\"potentialAction\":[{\"@type\":\"ReadAction\",\"target\":[\"https:\/\/www.eliassen.nl\/de\/krug-terrakotta-toskanischen-classico-100cm\/\"]}]},{\"@type\":\"ImageObject\",\"inLanguage\":\"de\",\"@id\":\"https:\/\/www.eliassen.nl\/de\/krug-terrakotta-toskanischen-classico-100cm\/#primaryimage\",\"url\":\"https:\/\/www.eliassen.nl\/wp-content\/uploads\/2024\/01\/230500_4nd.jpg\",\"contentUrl\":\"https:\/\/www.eliassen.nl\/wp-content\/uploads\/2024\/01\/230500_4nd.jpg\",\"width\":1363,\"height\":1500,\"caption\":\"230500\"},{\"@type\":\"BreadcrumbList\",\"@id\":\"https:\/\/www.eliassen.nl\/de\/krug-terrakotta-toskanischen-classico-100cm\/#breadcrumb\",\"itemListElement\":[{\"@type\":\"ListItem\",\"position\":1,\"name\":\"Home\",\"item\":\"https:\/\/www.eliassen.nl\/de\/\"},{\"@type\":\"ListItem\",\"position\":2,\"name\":\"Shop\",\"item\":\"https:\/\/www.eliassen.nl\/de\/shop\/\"},{\"@type\":\"ListItem\",\"position\":3,\"name\":\"Blument\u00f6pfe und Pflanzgef\u00e4\u00dfe\",\"item\":\"https:\/\/www.eliassen.nl\/de\/blumentoepfe-und-pflanzgefaesse\/\"},{\"@type\":\"ListItem\",\"position\":4,\"name\":\"Terrakotta-T\u00f6pfe und -Gl\u00e4ser\",\"item\":\"https:\/\/www.eliassen.nl\/de\/blumentoepfe-und-pflanzgefaesse\/terrakotta-toepfe-und-glaeser\/\"},{\"@type\":\"ListItem\",\"position\":5,\"name\":\"Krug Terrakotta Tuscan Classico 100cm\"}]},{\"@type\":\"WebSite\",\"@id\":\"https:\/\/www.eliassen.nl\/de\/#website\",\"url\":\"https:\/\/www.eliassen.nl\/de\/\",\"name\":\"Eliassen Home & Garden Pleasure\",\"description\":\"\",\"publisher\":{\"@id\":\"https:\/\/www.eliassen.nl\/de\/#organization\"},\"alternateName\":\"Eliassen.nl\",\"potentialAction\":[{\"@type\":\"SearchAction\",\"target\":{\"@type\":\"EntryPoint\",\"urlTemplate\":\"https:\/\/www.eliassen.nl\/de\/?s={search_term_string}\"},\"query-input\":{\"@type\":\"PropertyValueSpecification\",\"valueRequired\":true,\"valueName\":\"search_term_string\"}}],\"inLanguage\":\"de\"},{\"@type\":[\"Organization\",\"Place\"],\"@id\":\"https:\/\/www.eliassen.nl\/de\/#organization\",\"name\":\"Eliassen Home & Garden Pleasure\",\"url\":\"https:\/\/www.eliassen.nl\/de\/\",\"logo\":{\"@id\":\"https:\/\/www.eliassen.nl\/de\/krug-terrakotta-toskanischen-classico-100cm\/#local-main-organization-logo\"},\"image\":{\"@id\":\"https:\/\/www.eliassen.nl\/de\/krug-terrakotta-toskanischen-classico-100cm\/#local-main-organization-logo\"},\"sameAs\":[\"https:\/\/www.facebook.com\/TuincentrumEliassenAmmerzoden\",\"https:\/\/www.instagram.com\/eliassenhomeandgarden\/\",\"https:\/\/nl.pinterest.com\/eliassenhomeandgarden\/\",\"https:\/\/www.youtube.com\/@eliassenhomegardenpleasure4558\"],\"telephone\":[],\"openingHoursSpecification\":[{\"@type\":\"OpeningHoursSpecification\",\"dayOfWeek\":[\"Monday\",\"Tuesday\",\"Wednesday\",\"Thursday\",\"Friday\",\"Saturday\",\"Sunday\"],\"opens\":\"09:00\",\"closes\":\"17:00\"}]},{\"@type\":\"ImageObject\",\"inLanguage\":\"de\",\"@id\":\"https:\/\/www.eliassen.nl\/de\/krug-terrakotta-toskanischen-classico-100cm\/#local-main-organization-logo\",\"url\":\"https:\/\/www.eliassen.nl\/wp-content\/uploads\/2024\/01\/logo_4nd.jpg\",\"contentUrl\":\"https:\/\/www.eliassen.nl\/wp-content\/uploads\/2024\/01\/logo_4nd.jpg\",\"width\":500,\"height\":500,\"caption\":\"Eliassen Home & Garden Pleasure\"}]}<\/script>\n<meta property=\"product:price:amount\" content=\"725.00\" \/>\n<meta property=\"product:price:currency\" content=\"EUR\" \/>\n<meta property=\"og:availability\" content=\"instock\" \/>\n<meta property=\"product:availability\" content=\"instock\" \/>\n<meta property=\"product:retailer_item_id\" content=\"230990\" \/>\n<meta property=\"product:condition\" content=\"new\" \/>\n<!-- \/ Yoast SEO Premium plugin. -->","yoast_head_json":{"title":"Krug terracotta Tuscan Classico 100cm - Eliassen Home & Garden","description":"Entdecken Sie unsere gro\u00dfe Kollektion an gro\u00dfen Pflanzgef\u00e4\u00dfen aus verschiedenen Materialien. Kaufen Sie jetzt online mit einer 5-Jahres-Garantie oder besuchen Sie unser Gesch\u00e4ft f\u00fcr eine pers\u00f6nliche Beratung.","robots":{"index":"index","follow":"follow","max-snippet":"max-snippet:-1","max-image-preview":"max-image-preview:large","max-video-preview":"max-video-preview:-1"},"canonical":"https:\/\/www.eliassen.nl\/de\/krug-terrakotta-toskanischen-classico-100cm\/","og_locale":"de_DE","og_type":"article","og_title":"Anticomestiere Krug Terrakotta Tuscan Classico 100cm - Eliassen.nl","og_description":"Entdecken Sie unsere gro\u00dfe Kollektion an gro\u00dfen Pflanzgef\u00e4\u00dfen aus verschiedenen Materialien. Kaufen Sie jetzt online mit einer 5-Jahres-Garantie oder besuchen Sie unser Gesch\u00e4ft f\u00fcr eine pers\u00f6nliche Beratung.","og_url":"https:\/\/www.eliassen.nl\/de\/krug-terrakotta-toskanischen-classico-100cm\/","og_site_name":"Eliassen.nl","article_publisher":"https:\/\/www.facebook.com\/TuincentrumEliassenAmmerzoden","article_modified_time":"2025-10-09T17:25:54+00:00","og_image":[{"width":1363,"height":1500,"url":"https:\/\/www.eliassen.nl\/wp-content\/uploads\/2024\/01\/230500_4nd.jpg","type":"image\/jpeg"}],"twitter_card":"summary_large_image","schema":{"@context":"https:\/\/schema.org","@graph":[{"@type":"WebPage","@id":"https:\/\/www.eliassen.nl\/de\/krug-terrakotta-toskanischen-classico-100cm\/","url":"https:\/\/www.eliassen.nl\/de\/krug-terrakotta-toskanischen-classico-100cm\/","name":"Krug terracotta Tuscan Classico 100cm - Eliassen Home & Garden","isPartOf":{"@id":"https:\/\/www.eliassen.nl\/de\/#website"},"primaryImageOfPage":{"@id":"https:\/\/www.eliassen.nl\/de\/krug-terrakotta-toskanischen-classico-100cm\/#primaryimage"},"image":{"@id":"https:\/\/www.eliassen.nl\/de\/krug-terrakotta-toskanischen-classico-100cm\/#primaryimage"},"thumbnailUrl":"https:\/\/www.eliassen.nl\/wp-content\/uploads\/2024\/01\/230500_4nd.jpg","datePublished":"2023-04-17T18:53:20+00:00","dateModified":"2025-10-09T17:25:54+00:00","description":"Entdecken Sie unsere gro\u00dfe Kollektion an gro\u00dfen Pflanzgef\u00e4\u00dfen aus verschiedenen Materialien. Kaufen Sie jetzt online mit einer 5-Jahres-Garantie oder besuchen Sie unser Gesch\u00e4ft f\u00fcr eine pers\u00f6nliche Beratung.","breadcrumb":{"@id":"https:\/\/www.eliassen.nl\/de\/krug-terrakotta-toskanischen-classico-100cm\/#breadcrumb"},"inLanguage":"de","potentialAction":[{"@type":"ReadAction","target":["https:\/\/www.eliassen.nl\/de\/krug-terrakotta-toskanischen-classico-100cm\/"]}]},{"@type":"ImageObject","inLanguage":"de","@id":"https:\/\/www.eliassen.nl\/de\/krug-terrakotta-toskanischen-classico-100cm\/#primaryimage","url":"https:\/\/www.eliassen.nl\/wp-content\/uploads\/2024\/01\/230500_4nd.jpg","contentUrl":"https:\/\/www.eliassen.nl\/wp-content\/uploads\/2024\/01\/230500_4nd.jpg","width":1363,"height":1500,"caption":"230500"},{"@type":"BreadcrumbList","@id":"https:\/\/www.eliassen.nl\/de\/krug-terrakotta-toskanischen-classico-100cm\/#breadcrumb","itemListElement":[{"@type":"ListItem","position":1,"name":"Home","item":"https:\/\/www.eliassen.nl\/de\/"},{"@type":"ListItem","position":2,"name":"Shop","item":"https:\/\/www.eliassen.nl\/de\/shop\/"},{"@type":"ListItem","position":3,"name":"Blument\u00f6pfe und Pflanzgef\u00e4\u00dfe","item":"https:\/\/www.eliassen.nl\/de\/blumentoepfe-und-pflanzgefaesse\/"},{"@type":"ListItem","position":4,"name":"Terrakotta-T\u00f6pfe und -Gl\u00e4ser","item":"https:\/\/www.eliassen.nl\/de\/blumentoepfe-und-pflanzgefaesse\/terrakotta-toepfe-und-glaeser\/"},{"@type":"ListItem","position":5,"name":"Krug Terrakotta Tuscan Classico 100cm"}]},{"@type":"WebSite","@id":"https:\/\/www.eliassen.nl\/de\/#website","url":"https:\/\/www.eliassen.nl\/de\/","name":"Eliassen Home & Garden Pleasure","description":"","publisher":{"@id":"https:\/\/www.eliassen.nl\/de\/#organization"},"alternateName":"Eliassen.nl","potentialAction":[{"@type":"SearchAction","target":{"@type":"EntryPoint","urlTemplate":"https:\/\/www.eliassen.nl\/de\/?s={search_term_string}"},"query-input":{"@type":"PropertyValueSpecification","valueRequired":true,"valueName":"search_term_string"}}],"inLanguage":"de"},{"@type":["Organization","Place"],"@id":"https:\/\/www.eliassen.nl\/de\/#organization","name":"Eliassen Home & Garden Pleasure","url":"https:\/\/www.eliassen.nl\/de\/","logo":{"@id":"https:\/\/www.eliassen.nl\/de\/krug-terrakotta-toskanischen-classico-100cm\/#local-main-organization-logo"},"image":{"@id":"https:\/\/www.eliassen.nl\/de\/krug-terrakotta-toskanischen-classico-100cm\/#local-main-organization-logo"},"sameAs":["https:\/\/www.facebook.com\/TuincentrumEliassenAmmerzoden","https:\/\/www.instagram.com\/eliassenhomeandgarden\/","https:\/\/nl.pinterest.com\/eliassenhomeandgarden\/","https:\/\/www.youtube.com\/@eliassenhomegardenpleasure4558"],"telephone":[],"openingHoursSpecification":[{"@type":"OpeningHoursSpecification","dayOfWeek":["Monday","Tuesday","Wednesday","Thursday","Friday","Saturday","Sunday"],"opens":"09:00","closes":"17:00"}]},{"@type":"ImageObject","inLanguage":"de","@id":"https:\/\/www.eliassen.nl\/de\/krug-terrakotta-toskanischen-classico-100cm\/#local-main-organization-logo","url":"https:\/\/www.eliassen.nl\/wp-content\/uploads\/2024\/01\/logo_4nd.jpg","contentUrl":"https:\/\/www.eliassen.nl\/wp-content\/uploads\/2024\/01\/logo_4nd.jpg","width":500,"height":500,"caption":"Eliassen Home & Garden Pleasure"}]},"product_price_amount":"725.00","product_price_currency":"EUR","og_availability":"instock","product_availability":"instock","product_retailer_item_id":"230990","product_condition":"new"},"df_price":725,"df_sale_price":"","df_regular_price":725,"df_image_link":"https:\/\/www.eliassen.nl\/wp-content\/uploads\/2024\/01\/230500_4nd.jpg","image":"https:\/\/www.eliassen.nl\/wp-content\/uploads\/2024\/01\/230500_4nd.jpg","price_search":"<span class=\"woocommerce-Price-amount amount\"><bdi><span class=\"woocommerce-Price-currencySymbol\">&euro;<\/span>&nbsp;725,00<\/bdi><\/span>","category":"Blument\u00f6pfe und Pflanzgef\u00e4\u00dfe","global_unique_id":"8051564750889","_links":{"self":[{"href":"https:\/\/www.eliassen.nl\/de\/wp-json\/wp\/v2\/product\/89482","targetHints":{"allow":["GET"]}}],"collection":[{"href":"https:\/\/www.eliassen.nl\/de\/wp-json\/wp\/v2\/product"}],"about":[{"href":"https:\/\/www.eliassen.nl\/de\/wp-json\/wp\/v2\/types\/product"}],"wp:featuredmedia":[{"embeddable":true,"href":"https:\/\/www.eliassen.nl\/de\/wp-json\/wp\/v2\/media\/89470"}],"wp:attachment":[{"href":"https:\/\/www.eliassen.nl\/de\/wp-json\/wp\/v2\/media?parent=89482"}],"wp:term":[{"taxonomy":"product_brand","embeddable":true,"href":"https:\/\/www.eliassen.nl\/de\/wp-json\/wp\/v2\/product_brand?post=89482"},{"taxonomy":"product_cat","embeddable":true,"href":"https:\/\/www.eliassen.nl\/de\/wp-json\/wp\/v2\/product_cat?post=89482"},{"taxonomy":"product_tag","embeddable":true,"href":"https:\/\/www.eliassen.nl\/de\/wp-json\/wp\/v2\/product_tag?post=89482"}],"curies":[{"name":"wp","href":"https:\/\/api.w.org\/{rel}","templated":true}]}}