{"id":89326,"date":"2023-04-17T16:17:54","date_gmt":"2023-04-17T16:17:54","guid":{"rendered":"https:\/\/www.eliassen.nl\/?product=pot-terracotta-toscaans-doppio-bordo-festonato-70c"},"modified":"2026-03-25T17:57:01","modified_gmt":"2026-03-25T16:57:01","slug":"topf-terrakotta-toskanischen-doppio-bordo-festonato-70cm","status":"publish","type":"product","link":"https:\/\/www.eliassen.nl\/de\/topf-terrakotta-toskanischen-doppio-bordo-festonato-70cm\/","title":{"rendered":"Topf terracotta toskanisch Doppio bordo festonato 70cm"},"content":{"rendered":"<p>Dieser dicke und robuste, handgedrehte Terrakotta-Topf hat ein vertrautes, klassisches Aussehen. Der Mittelmeerraum bestimmt das Aussehen dieses runden Topfes. Diese Gartenvase aus Terrakotta wurde in der italienischen Region Toskana hergestellt, die f\u00fcr ihre einzigartige gr\u00fcn-braune Tonfarbe und ihre sehr hohe Qualit\u00e4t bekannt ist. Dieser Ton verf\u00e4rbt sich, nachdem er im Ofen gewesen ist. Dies und die Tatsache, dass diese Serie von T\u00f6pfen bei einer sehr hohen Temperatur von 1150 Grad Celsius gebrannt wird, macht diese T\u00f6pfe geeignet, viele Jahre lang im Freien zu stehen. Die Linie Doppio bordo festonato zeichnet sich durch ihren breiten oberen Rand und die reiche Verzierung auf der Oberfl\u00e4che der Kanne aus.<\/p>\n<ul>\n<li>Gr\u00f6\u00dfe: Durchmesser \u00fcber 70cm, H\u00f6he 58cm<\/li>\n<li>Fu\u00dfgr\u00f6\u00dfe: ca. 42 cm Durchmesser<\/li>\n<li>Gewicht: 48kg<\/li>\n<li>Von Hand gemacht<\/li>\n<li>Herkunftsland: Italien, Toskana<\/li>\n<li>Garantie: 5 Jahre, vorbehaltlich \u00e4u\u00dferer Besch\u00e4digung und bestimmungsgem\u00e4\u00dfer Verwendung<\/li>\n<li>Diese Serie von T\u00f6pfen k\u00f6nnen Sie auch live bei uns sehen<\/li>\n<\/ul>\n<p>Wenn Sie Terrakotta-T\u00f6pfe besitzen und keine Ahnung haben, wie Sie sie sauber und in perfektem Zustand halten k\u00f6nnen, empfehlen wir Ihnen, unsere hilfreichen Vorschl\u00e4ge zu befolgen, um die Langlebigkeit Ihrer Terrakotta-T\u00f6pfe zu gew\u00e4hrleisten.<\/p>\n<p>Mit Wasser, Zitrone und B\u00fcrste reinigen:<\/p>\n<p>Wenn Sie am Ende der Saison gr\u00fcne Flecken auf den Terrakotta-T\u00f6pfen und eine stumpfe Farbe feststellen, f\u00fcllen Sie einen Eimer mit kaltem Wasser, f\u00fcgen Sie den Saft einer Zitrone hinzu und waschen Sie die verschmutzte Stelle vorsichtig mit dieser L\u00f6sung ab.<\/p>\n<p>Sie m\u00fcssen die Oberfl\u00e4chen mit einer B\u00fcrste mit harten Borsten kr\u00e4ftig abreiben.<\/p>\n","protected":false},"excerpt":{"rendered":"<p>Sehr solider Terrakotta-Topf aus Italien. 70x58cm hoch.<\/p>\n","protected":false},"featured_media":172905,"template":"","meta":{"_acf_changed":false,"_genesis_title":"","_genesis_description":""},"product_brand":[7461],"product_cat":[722,1430],"product_tag":[],"class_list":{"0":"post-89326","1":"product","2":"type-product","3":"status-publish","4":"has-post-thumbnail","6":"product_brand-anticomestiere","7":"product_cat-blumentoepfe-und-pflanzgefaesse","8":"product_cat-terrakotta-toepfe-und-glaeser","10":"first","11":"outofstock","12":"taxable","13":"shipping-taxable","14":"purchasable","15":"product-type-simple"},"acf":[],"meta_all":{"total_sales":"19","wcml_sync_hash":{"postmeta_fields":"3e099f77c4e635993a4e63d47d18901c"},"attr_label_translations":[],"no_of_subscribers":"1"},"meta_all_flat":{"total_sales":"19","wcml_sync_hash.postmeta_fields":"3e099f77c4e635993a4e63d47d18901c","no_of_subscribers":"1"},"yoast_head":"<!-- This site is optimized with the Yoast SEO Premium plugin v26.2 (Yoast SEO v27.2) - https:\/\/yoast.com\/product\/yoast-seo-premium-wordpress\/ -->\n<title>Topf terracotta toskanisch doppio bordo festonato 70cm - Eliassen.nl<\/title>\n<meta name=\"description\" content=\"M\u00f6chten Sie Ihren Garten oder Ihre Innenr\u00e4ume mit sch\u00f6nen, gro\u00dfen Blument\u00f6pfen versch\u00f6nern? Wir haben sie in allen Gr\u00f6\u00dfen und Farben mit einer 5-Jahres-Garantie. Besuchen Sie unseren Shop.\" \/>\n<meta name=\"robots\" content=\"index, follow, max-snippet:-1, max-image-preview:large, max-video-preview:-1\" \/>\n<link rel=\"canonical\" href=\"https:\/\/www.eliassen.nl\/de\/topf-terrakotta-toskanischen-doppio-bordo-festonato-70cm\/\" \/>\n<meta property=\"og:locale\" content=\"de_DE\" \/>\n<meta property=\"og:type\" content=\"article\" \/>\n<meta property=\"og:title\" content=\"Anticomestiere Topf terracotta toskanisch Doppio bordo festonato 70cm - Eliassen.nl\" \/>\n<meta property=\"og:description\" content=\"M\u00f6chten Sie Ihren Garten oder Ihre Innenr\u00e4ume mit sch\u00f6nen, gro\u00dfen Blument\u00f6pfen versch\u00f6nern? Wir haben sie in allen Gr\u00f6\u00dfen und Farben mit einer 5-Jahres-Garantie. Besuchen Sie unseren Shop.\" \/>\n<meta property=\"og:url\" content=\"https:\/\/www.eliassen.nl\/de\/topf-terrakotta-toskanischen-doppio-bordo-festonato-70cm\/\" \/>\n<meta property=\"og:site_name\" content=\"Eliassen.nl\" \/>\n<meta property=\"article:publisher\" content=\"https:\/\/www.facebook.com\/TuincentrumEliassenAmmerzoden\" \/>\n<meta property=\"article:modified_time\" content=\"2026-03-25T16:57:01+00:00\" \/>\n<meta property=\"og:image\" content=\"https:\/\/www.eliassen.nl\/wp-content\/uploads\/2023\/04\/Pot-terracotta-Toscaans-Doppio-bordo-festonato-Eliassen.nl_.jpg\" \/>\n\t<meta property=\"og:image:width\" content=\"682\" \/>\n\t<meta property=\"og:image:height\" content=\"586\" \/>\n\t<meta property=\"og:image:type\" content=\"image\/jpeg\" \/>\n<meta name=\"twitter:card\" content=\"summary_large_image\" \/>\n<script type=\"application\/ld+json\" class=\"yoast-schema-graph\">{\"@context\":\"https:\/\/schema.org\",\"@graph\":[{\"@type\":\"WebPage\",\"@id\":\"https:\/\/www.eliassen.nl\/de\/topf-terrakotta-toskanischen-doppio-bordo-festonato-70cm\/\",\"url\":\"https:\/\/www.eliassen.nl\/de\/topf-terrakotta-toskanischen-doppio-bordo-festonato-70cm\/\",\"name\":\"Topf terracotta toskanisch doppio bordo festonato 70cm - Eliassen.nl\",\"isPartOf\":{\"@id\":\"https:\/\/www.eliassen.nl\/de\/#website\"},\"primaryImageOfPage\":{\"@id\":\"https:\/\/www.eliassen.nl\/de\/topf-terrakotta-toskanischen-doppio-bordo-festonato-70cm\/#primaryimage\"},\"image\":{\"@id\":\"https:\/\/www.eliassen.nl\/de\/topf-terrakotta-toskanischen-doppio-bordo-festonato-70cm\/#primaryimage\"},\"thumbnailUrl\":\"https:\/\/www.eliassen.nl\/wp-content\/uploads\/2023\/04\/Pot-terracotta-Toscaans-Doppio-bordo-festonato-Eliassen.nl_.jpg\",\"datePublished\":\"2023-04-17T16:17:54+00:00\",\"dateModified\":\"2026-03-25T16:57:01+00:00\",\"description\":\"M\u00f6chten Sie Ihren Garten oder Ihre Innenr\u00e4ume mit sch\u00f6nen, gro\u00dfen Blument\u00f6pfen versch\u00f6nern? Wir haben sie in allen Gr\u00f6\u00dfen und Farben mit einer 5-Jahres-Garantie. Besuchen Sie unseren Shop.\",\"breadcrumb\":{\"@id\":\"https:\/\/www.eliassen.nl\/de\/topf-terrakotta-toskanischen-doppio-bordo-festonato-70cm\/#breadcrumb\"},\"inLanguage\":\"de\",\"potentialAction\":[{\"@type\":\"ReadAction\",\"target\":[\"https:\/\/www.eliassen.nl\/de\/topf-terrakotta-toskanischen-doppio-bordo-festonato-70cm\/\"]}]},{\"@type\":\"ImageObject\",\"inLanguage\":\"de\",\"@id\":\"https:\/\/www.eliassen.nl\/de\/topf-terrakotta-toskanischen-doppio-bordo-festonato-70cm\/#primaryimage\",\"url\":\"https:\/\/www.eliassen.nl\/wp-content\/uploads\/2023\/04\/Pot-terracotta-Toscaans-Doppio-bordo-festonato-Eliassen.nl_.jpg\",\"contentUrl\":\"https:\/\/www.eliassen.nl\/wp-content\/uploads\/2023\/04\/Pot-terracotta-Toscaans-Doppio-bordo-festonato-Eliassen.nl_.jpg\",\"width\":682,\"height\":586},{\"@type\":\"BreadcrumbList\",\"@id\":\"https:\/\/www.eliassen.nl\/de\/topf-terrakotta-toskanischen-doppio-bordo-festonato-70cm\/#breadcrumb\",\"itemListElement\":[{\"@type\":\"ListItem\",\"position\":1,\"name\":\"Home\",\"item\":\"https:\/\/www.eliassen.nl\/de\/\"},{\"@type\":\"ListItem\",\"position\":2,\"name\":\"Shop\",\"item\":\"https:\/\/www.eliassen.nl\/de\/shop\/\"},{\"@type\":\"ListItem\",\"position\":3,\"name\":\"Blument\u00f6pfe und Pflanzgef\u00e4\u00dfe\",\"item\":\"https:\/\/www.eliassen.nl\/de\/blumentoepfe-und-pflanzgefaesse\/\"},{\"@type\":\"ListItem\",\"position\":4,\"name\":\"Terrakotta-T\u00f6pfe und -Gl\u00e4ser\",\"item\":\"https:\/\/www.eliassen.nl\/de\/blumentoepfe-und-pflanzgefaesse\/terrakotta-toepfe-und-glaeser\/\"},{\"@type\":\"ListItem\",\"position\":5,\"name\":\"Topf terracotta toskanisch Doppio bordo festonato 70cm\"}]},{\"@type\":\"WebSite\",\"@id\":\"https:\/\/www.eliassen.nl\/de\/#website\",\"url\":\"https:\/\/www.eliassen.nl\/de\/\",\"name\":\"Eliassen Home & Garden Pleasure\",\"description\":\"\",\"publisher\":{\"@id\":\"https:\/\/www.eliassen.nl\/de\/#organization\"},\"alternateName\":\"Eliassen.nl\",\"potentialAction\":[{\"@type\":\"SearchAction\",\"target\":{\"@type\":\"EntryPoint\",\"urlTemplate\":\"https:\/\/www.eliassen.nl\/de\/?s={search_term_string}\"},\"query-input\":{\"@type\":\"PropertyValueSpecification\",\"valueRequired\":true,\"valueName\":\"search_term_string\"}}],\"inLanguage\":\"de\"},{\"@type\":[\"Organization\",\"Place\"],\"@id\":\"https:\/\/www.eliassen.nl\/de\/#organization\",\"name\":\"Eliassen Home & Garden Pleasure\",\"url\":\"https:\/\/www.eliassen.nl\/de\/\",\"logo\":{\"@id\":\"https:\/\/www.eliassen.nl\/de\/topf-terrakotta-toskanischen-doppio-bordo-festonato-70cm\/#local-main-organization-logo\"},\"image\":{\"@id\":\"https:\/\/www.eliassen.nl\/de\/topf-terrakotta-toskanischen-doppio-bordo-festonato-70cm\/#local-main-organization-logo\"},\"sameAs\":[\"https:\/\/www.facebook.com\/TuincentrumEliassenAmmerzoden\",\"https:\/\/www.instagram.com\/eliassenhomeandgarden\/\",\"https:\/\/nl.pinterest.com\/eliassenhomeandgarden\/\",\"https:\/\/www.youtube.com\/@eliassenhomegardenpleasure4558\"],\"telephone\":[],\"openingHoursSpecification\":[{\"@type\":\"OpeningHoursSpecification\",\"dayOfWeek\":[\"Monday\",\"Tuesday\",\"Wednesday\",\"Thursday\",\"Friday\",\"Saturday\",\"Sunday\"],\"opens\":\"09:00\",\"closes\":\"17:00\"}]},{\"@type\":\"ImageObject\",\"inLanguage\":\"de\",\"@id\":\"https:\/\/www.eliassen.nl\/de\/topf-terrakotta-toskanischen-doppio-bordo-festonato-70cm\/#local-main-organization-logo\",\"url\":\"https:\/\/www.eliassen.nl\/wp-content\/uploads\/2024\/01\/logo_4nd.jpg\",\"contentUrl\":\"https:\/\/www.eliassen.nl\/wp-content\/uploads\/2024\/01\/logo_4nd.jpg\",\"width\":500,\"height\":500,\"caption\":\"Eliassen Home & Garden Pleasure\"}]}<\/script>\n<meta property=\"product:price:amount\" content=\"225.00\" \/>\n<meta property=\"product:price:currency\" content=\"EUR\" \/>\n<meta property=\"og:availability\" content=\"out of stock\" \/>\n<meta property=\"product:availability\" content=\"out of stock\" \/>\n<meta property=\"product:retailer_item_id\" content=\"299700\" \/>\n<meta property=\"product:condition\" content=\"new\" \/>\n<!-- \/ Yoast SEO Premium plugin. -->","yoast_head_json":{"title":"Topf terracotta toskanisch doppio bordo festonato 70cm - Eliassen.nl","description":"M\u00f6chten Sie Ihren Garten oder Ihre Innenr\u00e4ume mit sch\u00f6nen, gro\u00dfen Blument\u00f6pfen versch\u00f6nern? Wir haben sie in allen Gr\u00f6\u00dfen und Farben mit einer 5-Jahres-Garantie. Besuchen Sie unseren Shop.","robots":{"index":"index","follow":"follow","max-snippet":"max-snippet:-1","max-image-preview":"max-image-preview:large","max-video-preview":"max-video-preview:-1"},"canonical":"https:\/\/www.eliassen.nl\/de\/topf-terrakotta-toskanischen-doppio-bordo-festonato-70cm\/","og_locale":"de_DE","og_type":"article","og_title":"Anticomestiere Topf terracotta toskanisch Doppio bordo festonato 70cm - Eliassen.nl","og_description":"M\u00f6chten Sie Ihren Garten oder Ihre Innenr\u00e4ume mit sch\u00f6nen, gro\u00dfen Blument\u00f6pfen versch\u00f6nern? Wir haben sie in allen Gr\u00f6\u00dfen und Farben mit einer 5-Jahres-Garantie. Besuchen Sie unseren Shop.","og_url":"https:\/\/www.eliassen.nl\/de\/topf-terrakotta-toskanischen-doppio-bordo-festonato-70cm\/","og_site_name":"Eliassen.nl","article_publisher":"https:\/\/www.facebook.com\/TuincentrumEliassenAmmerzoden","article_modified_time":"2026-03-25T16:57:01+00:00","og_image":[{"width":682,"height":586,"url":"https:\/\/www.eliassen.nl\/wp-content\/uploads\/2023\/04\/Pot-terracotta-Toscaans-Doppio-bordo-festonato-Eliassen.nl_.jpg","type":"image\/jpeg"}],"twitter_card":"summary_large_image","schema":{"@context":"https:\/\/schema.org","@graph":[{"@type":"WebPage","@id":"https:\/\/www.eliassen.nl\/de\/topf-terrakotta-toskanischen-doppio-bordo-festonato-70cm\/","url":"https:\/\/www.eliassen.nl\/de\/topf-terrakotta-toskanischen-doppio-bordo-festonato-70cm\/","name":"Topf terracotta toskanisch doppio bordo festonato 70cm - Eliassen.nl","isPartOf":{"@id":"https:\/\/www.eliassen.nl\/de\/#website"},"primaryImageOfPage":{"@id":"https:\/\/www.eliassen.nl\/de\/topf-terrakotta-toskanischen-doppio-bordo-festonato-70cm\/#primaryimage"},"image":{"@id":"https:\/\/www.eliassen.nl\/de\/topf-terrakotta-toskanischen-doppio-bordo-festonato-70cm\/#primaryimage"},"thumbnailUrl":"https:\/\/www.eliassen.nl\/wp-content\/uploads\/2023\/04\/Pot-terracotta-Toscaans-Doppio-bordo-festonato-Eliassen.nl_.jpg","datePublished":"2023-04-17T16:17:54+00:00","dateModified":"2026-03-25T16:57:01+00:00","description":"M\u00f6chten Sie Ihren Garten oder Ihre Innenr\u00e4ume mit sch\u00f6nen, gro\u00dfen Blument\u00f6pfen versch\u00f6nern? Wir haben sie in allen Gr\u00f6\u00dfen und Farben mit einer 5-Jahres-Garantie. Besuchen Sie unseren Shop.","breadcrumb":{"@id":"https:\/\/www.eliassen.nl\/de\/topf-terrakotta-toskanischen-doppio-bordo-festonato-70cm\/#breadcrumb"},"inLanguage":"de","potentialAction":[{"@type":"ReadAction","target":["https:\/\/www.eliassen.nl\/de\/topf-terrakotta-toskanischen-doppio-bordo-festonato-70cm\/"]}]},{"@type":"ImageObject","inLanguage":"de","@id":"https:\/\/www.eliassen.nl\/de\/topf-terrakotta-toskanischen-doppio-bordo-festonato-70cm\/#primaryimage","url":"https:\/\/www.eliassen.nl\/wp-content\/uploads\/2023\/04\/Pot-terracotta-Toscaans-Doppio-bordo-festonato-Eliassen.nl_.jpg","contentUrl":"https:\/\/www.eliassen.nl\/wp-content\/uploads\/2023\/04\/Pot-terracotta-Toscaans-Doppio-bordo-festonato-Eliassen.nl_.jpg","width":682,"height":586},{"@type":"BreadcrumbList","@id":"https:\/\/www.eliassen.nl\/de\/topf-terrakotta-toskanischen-doppio-bordo-festonato-70cm\/#breadcrumb","itemListElement":[{"@type":"ListItem","position":1,"name":"Home","item":"https:\/\/www.eliassen.nl\/de\/"},{"@type":"ListItem","position":2,"name":"Shop","item":"https:\/\/www.eliassen.nl\/de\/shop\/"},{"@type":"ListItem","position":3,"name":"Blument\u00f6pfe und Pflanzgef\u00e4\u00dfe","item":"https:\/\/www.eliassen.nl\/de\/blumentoepfe-und-pflanzgefaesse\/"},{"@type":"ListItem","position":4,"name":"Terrakotta-T\u00f6pfe und -Gl\u00e4ser","item":"https:\/\/www.eliassen.nl\/de\/blumentoepfe-und-pflanzgefaesse\/terrakotta-toepfe-und-glaeser\/"},{"@type":"ListItem","position":5,"name":"Topf terracotta toskanisch Doppio bordo festonato 70cm"}]},{"@type":"WebSite","@id":"https:\/\/www.eliassen.nl\/de\/#website","url":"https:\/\/www.eliassen.nl\/de\/","name":"Eliassen Home & Garden Pleasure","description":"","publisher":{"@id":"https:\/\/www.eliassen.nl\/de\/#organization"},"alternateName":"Eliassen.nl","potentialAction":[{"@type":"SearchAction","target":{"@type":"EntryPoint","urlTemplate":"https:\/\/www.eliassen.nl\/de\/?s={search_term_string}"},"query-input":{"@type":"PropertyValueSpecification","valueRequired":true,"valueName":"search_term_string"}}],"inLanguage":"de"},{"@type":["Organization","Place"],"@id":"https:\/\/www.eliassen.nl\/de\/#organization","name":"Eliassen Home & Garden Pleasure","url":"https:\/\/www.eliassen.nl\/de\/","logo":{"@id":"https:\/\/www.eliassen.nl\/de\/topf-terrakotta-toskanischen-doppio-bordo-festonato-70cm\/#local-main-organization-logo"},"image":{"@id":"https:\/\/www.eliassen.nl\/de\/topf-terrakotta-toskanischen-doppio-bordo-festonato-70cm\/#local-main-organization-logo"},"sameAs":["https:\/\/www.facebook.com\/TuincentrumEliassenAmmerzoden","https:\/\/www.instagram.com\/eliassenhomeandgarden\/","https:\/\/nl.pinterest.com\/eliassenhomeandgarden\/","https:\/\/www.youtube.com\/@eliassenhomegardenpleasure4558"],"telephone":[],"openingHoursSpecification":[{"@type":"OpeningHoursSpecification","dayOfWeek":["Monday","Tuesday","Wednesday","Thursday","Friday","Saturday","Sunday"],"opens":"09:00","closes":"17:00"}]},{"@type":"ImageObject","inLanguage":"de","@id":"https:\/\/www.eliassen.nl\/de\/topf-terrakotta-toskanischen-doppio-bordo-festonato-70cm\/#local-main-organization-logo","url":"https:\/\/www.eliassen.nl\/wp-content\/uploads\/2024\/01\/logo_4nd.jpg","contentUrl":"https:\/\/www.eliassen.nl\/wp-content\/uploads\/2024\/01\/logo_4nd.jpg","width":500,"height":500,"caption":"Eliassen Home & Garden Pleasure"}]},"product_price_amount":"225.00","product_price_currency":"EUR","og_availability":"out of stock","product_availability":"out of stock","product_retailer_item_id":"299700","product_condition":"new"},"df_price":225,"df_sale_price":"","df_regular_price":225,"df_image_link":"https:\/\/www.eliassen.nl\/wp-content\/uploads\/2023\/04\/Pot-terracotta-Toscaans-Doppio-bordo-festonato-Eliassen.nl_-300x258.jpg","image":"https:\/\/www.eliassen.nl\/wp-content\/uploads\/2023\/04\/Pot-terracotta-Toscaans-Doppio-bordo-festonato-Eliassen.nl_-150x150.jpg","price_search":"<span class=\"woocommerce-Price-amount amount\"><bdi><span class=\"woocommerce-Price-currencySymbol\">&euro;<\/span>&nbsp;225,00<\/bdi><\/span>","category":"Blument\u00f6pfe und Pflanzgef\u00e4\u00dfe","global_unique_id":"8051564752173","_links":{"self":[{"href":"https:\/\/www.eliassen.nl\/de\/wp-json\/wp\/v2\/product\/89326","targetHints":{"allow":["GET"]}}],"collection":[{"href":"https:\/\/www.eliassen.nl\/de\/wp-json\/wp\/v2\/product"}],"about":[{"href":"https:\/\/www.eliassen.nl\/de\/wp-json\/wp\/v2\/types\/product"}],"wp:featuredmedia":[{"embeddable":true,"href":"https:\/\/www.eliassen.nl\/de\/wp-json\/wp\/v2\/media\/172905"}],"wp:attachment":[{"href":"https:\/\/www.eliassen.nl\/de\/wp-json\/wp\/v2\/media?parent=89326"}],"wp:term":[{"taxonomy":"product_brand","embeddable":true,"href":"https:\/\/www.eliassen.nl\/de\/wp-json\/wp\/v2\/product_brand?post=89326"},{"taxonomy":"product_cat","embeddable":true,"href":"https:\/\/www.eliassen.nl\/de\/wp-json\/wp\/v2\/product_cat?post=89326"},{"taxonomy":"product_tag","embeddable":true,"href":"https:\/\/www.eliassen.nl\/de\/wp-json\/wp\/v2\/product_tag?post=89326"}],"curies":[{"name":"wp","href":"https:\/\/api.w.org\/{rel}","templated":true}]}}