{"id":89158,"date":"2023-04-17T11:28:59","date_gmt":"2023-04-17T11:28:59","guid":{"rendered":"https:\/\/www.eliassen.nl\/?product=pot-terracotta-toscaans-imprunetino-festonato-80cm"},"modified":"2025-10-09T14:57:09","modified_gmt":"2025-10-09T12:57:09","slug":"topf-terrakotta-toskanischen-imprunetino-festonato-80cm","status":"publish","type":"product","link":"https:\/\/www.eliassen.nl\/de\/topf-terrakotta-toskanischen-imprunetino-festonato-80cm\/","title":{"rendered":"Topf terracotta toskanisch Imprunetino festonato 80cm"},"content":{"rendered":"<p><iframe title=\"YouTube-Video-Player\" src=\"https:\/\/www.youtube.com\/embed\/gl7xkGLzcKw\" width=\"560\" height=\"315\" frameborder=\"0\" allowfullscreen=\"allowfullscreen\"><\/iframe><\/p>\n<p>Dieser dicke und robuste, handgedrehte Terrakotta-Topf hat ein vertrautes, klassisches Aussehen. Der Mittelmeerraum bestimmt das Aussehen dieses runden Topfes. Dieser Blumentopf aus Terrakotta wird in der italienischen Region Toskana hergestellt, die f\u00fcr ihre einzigartige gr\u00fcn-braune Tonfarbe und ihre sehr hohe Qualit\u00e4t bekannt ist. Dieser Ton verf\u00e4rbt sich, nachdem er im Ofen gewesen ist. Dies und die Tatsache, dass diese Serie von T\u00f6pfen bei einer sehr hohen Temperatur von 1150 Grad Celsius gebrannt wird, macht diese T\u00f6pfe geeignet, viele Jahre lang im Freien zu stehen. Die Linie Imprunetino Festonato zeichnet sich durch ihren breiten Rand und den sch\u00f6n verzierten Rand um die Kanne aus.<\/p>\n<ul>\n<li>Gr\u00f6\u00dfe: Durchmesser \u00fcber 80cm, H\u00f6he 60cm<\/li>\n<li>Gewicht: 65kg<\/li>\n<li>Von Hand gemacht<\/li>\n<li>Herkunftsland: Italien, Toskana<\/li>\n<li>Garantie: 5 Jahre, vorbehaltlich \u00e4u\u00dferer Besch\u00e4digung und bestimmungsgem\u00e4\u00dfer Verwendung<\/li>\n<li>Diese Serie von T\u00f6pfen k\u00f6nnen Sie auch live bei uns sehen<\/li>\n<\/ul>\n<p>Wenn Sie Terrakotta-T\u00f6pfe besitzen und keine Ahnung haben, wie Sie sie sauber und in perfektem Zustand halten k\u00f6nnen, empfehlen wir Ihnen, unsere hilfreichen Vorschl\u00e4ge zu befolgen, um die Langlebigkeit Ihrer Terrakotta-T\u00f6pfe zu gew\u00e4hrleisten.<\/p>\n<p>Mit Wasser, Zitrone und B\u00fcrste reinigen:<\/p>\n<p>Wenn Sie am Ende der Saison gr\u00fcne Flecken auf den Terrakotta-T\u00f6pfen und eine stumpfe Farbe feststellen, f\u00fcllen Sie einen Eimer mit kaltem Wasser, f\u00fcgen Sie den Saft einer Zitrone hinzu und waschen Sie die verschmutzte Stelle vorsichtig mit dieser L\u00f6sung ab.<\/p>\n<p>Sie m\u00fcssen die Oberfl\u00e4chen mit einer B\u00fcrste mit harten Borsten kr\u00e4ftig abreiben.<\/p>\n","protected":false},"excerpt":{"rendered":"<p>Sehr solider Terrakotta-Topf aus Italien. 80x60cm hoch.<\/p>\n","protected":false},"featured_media":89146,"template":"","meta":{"_acf_changed":false,"_genesis_title":"","_genesis_description":""},"product_brand":[7461],"product_cat":[722,1430],"product_tag":[],"class_list":{"0":"post-89158","1":"product","2":"type-product","3":"status-publish","4":"has-post-thumbnail","6":"product_brand-anticomestiere","7":"product_cat-blumentoepfe-und-pflanzgefaesse","8":"product_cat-terrakotta-toepfe-und-glaeser","10":"first","11":"instock","12":"taxable","13":"shipping-taxable","14":"purchasable","15":"product-type-simple"},"acf":[],"meta_all":{"total_sales":"3","wcml_sync_hash":{"postmeta_fields":"fc8900de0125d6d31a6ed508404716f0"},"attr_label_translations":[]},"meta_all_flat":{"total_sales":"3","wcml_sync_hash.postmeta_fields":"fc8900de0125d6d31a6ed508404716f0"},"yoast_head":"<!-- This site is optimized with the Yoast SEO Premium plugin v26.2 (Yoast SEO v27.2) - https:\/\/yoast.com\/product\/yoast-seo-premium-wordpress\/ -->\n<title>Topf terracotta toskanisch Imprunetino festonato 80cm - Eliassen.nl<\/title>\n<meta name=\"description\" content=\"M\u00f6chten Sie Ihren Garten oder Ihre Innenr\u00e4ume mit sch\u00f6nen, gro\u00dfen Blument\u00f6pfen versch\u00f6nern? Wir haben sie in allen Gr\u00f6\u00dfen und Farben mit einer 5-Jahres-Garantie. Besuchen Sie unseren Shop.\" \/>\n<meta name=\"robots\" content=\"index, follow, max-snippet:-1, max-image-preview:large, max-video-preview:-1\" \/>\n<link rel=\"canonical\" href=\"https:\/\/www.eliassen.nl\/de\/topf-terrakotta-toskanischen-imprunetino-festonato-80cm\/\" \/>\n<meta property=\"og:locale\" content=\"de_DE\" \/>\n<meta property=\"og:type\" content=\"article\" \/>\n<meta property=\"og:title\" content=\"Anticomestiere Topf terracotta toskanisch Imprunetino festonato 80cm - Eliassen.nl\" \/>\n<meta property=\"og:description\" content=\"M\u00f6chten Sie Ihren Garten oder Ihre Innenr\u00e4ume mit sch\u00f6nen, gro\u00dfen Blument\u00f6pfen versch\u00f6nern? Wir haben sie in allen Gr\u00f6\u00dfen und Farben mit einer 5-Jahres-Garantie. Besuchen Sie unseren Shop.\" \/>\n<meta property=\"og:url\" content=\"https:\/\/www.eliassen.nl\/de\/topf-terrakotta-toskanischen-imprunetino-festonato-80cm\/\" \/>\n<meta property=\"og:site_name\" content=\"Eliassen.nl\" \/>\n<meta property=\"article:publisher\" content=\"https:\/\/www.facebook.com\/TuincentrumEliassenAmmerzoden\" \/>\n<meta property=\"article:modified_time\" content=\"2025-10-09T12:57:09+00:00\" \/>\n<meta property=\"og:image\" content=\"https:\/\/www.eliassen.nl\/wp-content\/uploads\/2024\/01\/246200_4nd.jpg\" \/>\n\t<meta property=\"og:image:width\" content=\"1584\" \/>\n\t<meta property=\"og:image:height\" content=\"1500\" \/>\n\t<meta property=\"og:image:type\" content=\"image\/jpeg\" \/>\n<meta name=\"twitter:card\" content=\"summary_large_image\" \/>\n<script type=\"application\/ld+json\" class=\"yoast-schema-graph\">{\"@context\":\"https:\/\/schema.org\",\"@graph\":[{\"@type\":\"WebPage\",\"@id\":\"https:\/\/www.eliassen.nl\/de\/topf-terrakotta-toskanischen-imprunetino-festonato-80cm\/\",\"url\":\"https:\/\/www.eliassen.nl\/de\/topf-terrakotta-toskanischen-imprunetino-festonato-80cm\/\",\"name\":\"Topf terracotta toskanisch Imprunetino festonato 80cm - Eliassen.nl\",\"isPartOf\":{\"@id\":\"https:\/\/www.eliassen.nl\/de\/#website\"},\"primaryImageOfPage\":{\"@id\":\"https:\/\/www.eliassen.nl\/de\/topf-terrakotta-toskanischen-imprunetino-festonato-80cm\/#primaryimage\"},\"image\":{\"@id\":\"https:\/\/www.eliassen.nl\/de\/topf-terrakotta-toskanischen-imprunetino-festonato-80cm\/#primaryimage\"},\"thumbnailUrl\":\"https:\/\/www.eliassen.nl\/wp-content\/uploads\/2024\/01\/246200_4nd.jpg\",\"datePublished\":\"2023-04-17T11:28:59+00:00\",\"dateModified\":\"2025-10-09T12:57:09+00:00\",\"description\":\"M\u00f6chten Sie Ihren Garten oder Ihre Innenr\u00e4ume mit sch\u00f6nen, gro\u00dfen Blument\u00f6pfen versch\u00f6nern? Wir haben sie in allen Gr\u00f6\u00dfen und Farben mit einer 5-Jahres-Garantie. Besuchen Sie unseren Shop.\",\"breadcrumb\":{\"@id\":\"https:\/\/www.eliassen.nl\/de\/topf-terrakotta-toskanischen-imprunetino-festonato-80cm\/#breadcrumb\"},\"inLanguage\":\"de\",\"potentialAction\":[{\"@type\":\"ReadAction\",\"target\":[\"https:\/\/www.eliassen.nl\/de\/topf-terrakotta-toskanischen-imprunetino-festonato-80cm\/\"]}]},{\"@type\":\"ImageObject\",\"inLanguage\":\"de\",\"@id\":\"https:\/\/www.eliassen.nl\/de\/topf-terrakotta-toskanischen-imprunetino-festonato-80cm\/#primaryimage\",\"url\":\"https:\/\/www.eliassen.nl\/wp-content\/uploads\/2024\/01\/246200_4nd.jpg\",\"contentUrl\":\"https:\/\/www.eliassen.nl\/wp-content\/uploads\/2024\/01\/246200_4nd.jpg\",\"width\":1584,\"height\":1500,\"caption\":\"246200\"},{\"@type\":\"BreadcrumbList\",\"@id\":\"https:\/\/www.eliassen.nl\/de\/topf-terrakotta-toskanischen-imprunetino-festonato-80cm\/#breadcrumb\",\"itemListElement\":[{\"@type\":\"ListItem\",\"position\":1,\"name\":\"Home\",\"item\":\"https:\/\/www.eliassen.nl\/de\/\"},{\"@type\":\"ListItem\",\"position\":2,\"name\":\"Shop\",\"item\":\"https:\/\/www.eliassen.nl\/de\/shop\/\"},{\"@type\":\"ListItem\",\"position\":3,\"name\":\"Blument\u00f6pfe und Pflanzgef\u00e4\u00dfe\",\"item\":\"https:\/\/www.eliassen.nl\/de\/blumentoepfe-und-pflanzgefaesse\/\"},{\"@type\":\"ListItem\",\"position\":4,\"name\":\"Terrakotta-T\u00f6pfe und -Gl\u00e4ser\",\"item\":\"https:\/\/www.eliassen.nl\/de\/blumentoepfe-und-pflanzgefaesse\/terrakotta-toepfe-und-glaeser\/\"},{\"@type\":\"ListItem\",\"position\":5,\"name\":\"Topf terracotta toskanisch Imprunetino festonato 80cm\"}]},{\"@type\":\"WebSite\",\"@id\":\"https:\/\/www.eliassen.nl\/de\/#website\",\"url\":\"https:\/\/www.eliassen.nl\/de\/\",\"name\":\"Eliassen Home & Garden Pleasure\",\"description\":\"\",\"publisher\":{\"@id\":\"https:\/\/www.eliassen.nl\/de\/#organization\"},\"alternateName\":\"Eliassen.nl\",\"potentialAction\":[{\"@type\":\"SearchAction\",\"target\":{\"@type\":\"EntryPoint\",\"urlTemplate\":\"https:\/\/www.eliassen.nl\/de\/?s={search_term_string}\"},\"query-input\":{\"@type\":\"PropertyValueSpecification\",\"valueRequired\":true,\"valueName\":\"search_term_string\"}}],\"inLanguage\":\"de\"},{\"@type\":[\"Organization\",\"Place\"],\"@id\":\"https:\/\/www.eliassen.nl\/de\/#organization\",\"name\":\"Eliassen Home & Garden Pleasure\",\"url\":\"https:\/\/www.eliassen.nl\/de\/\",\"logo\":{\"@id\":\"https:\/\/www.eliassen.nl\/de\/topf-terrakotta-toskanischen-imprunetino-festonato-80cm\/#local-main-organization-logo\"},\"image\":{\"@id\":\"https:\/\/www.eliassen.nl\/de\/topf-terrakotta-toskanischen-imprunetino-festonato-80cm\/#local-main-organization-logo\"},\"sameAs\":[\"https:\/\/www.facebook.com\/TuincentrumEliassenAmmerzoden\",\"https:\/\/www.instagram.com\/eliassenhomeandgarden\/\",\"https:\/\/nl.pinterest.com\/eliassenhomeandgarden\/\",\"https:\/\/www.youtube.com\/@eliassenhomegardenpleasure4558\"],\"telephone\":[],\"openingHoursSpecification\":[{\"@type\":\"OpeningHoursSpecification\",\"dayOfWeek\":[\"Monday\",\"Tuesday\",\"Wednesday\",\"Thursday\",\"Friday\",\"Saturday\",\"Sunday\"],\"opens\":\"09:00\",\"closes\":\"17:00\"}]},{\"@type\":\"ImageObject\",\"inLanguage\":\"de\",\"@id\":\"https:\/\/www.eliassen.nl\/de\/topf-terrakotta-toskanischen-imprunetino-festonato-80cm\/#local-main-organization-logo\",\"url\":\"https:\/\/www.eliassen.nl\/wp-content\/uploads\/2024\/01\/logo_4nd.jpg\",\"contentUrl\":\"https:\/\/www.eliassen.nl\/wp-content\/uploads\/2024\/01\/logo_4nd.jpg\",\"width\":500,\"height\":500,\"caption\":\"Eliassen Home & Garden Pleasure\"}]}<\/script>\n<meta property=\"product:price:amount\" content=\"325.00\" \/>\n<meta property=\"product:price:currency\" content=\"EUR\" \/>\n<meta property=\"og:availability\" content=\"instock\" \/>\n<meta property=\"product:availability\" content=\"instock\" \/>\n<meta property=\"product:retailer_item_id\" content=\"246800\" \/>\n<meta property=\"product:condition\" content=\"new\" \/>\n<!-- \/ Yoast SEO Premium plugin. -->","yoast_head_json":{"title":"Topf terracotta toskanisch Imprunetino festonato 80cm - Eliassen.nl","description":"M\u00f6chten Sie Ihren Garten oder Ihre Innenr\u00e4ume mit sch\u00f6nen, gro\u00dfen Blument\u00f6pfen versch\u00f6nern? Wir haben sie in allen Gr\u00f6\u00dfen und Farben mit einer 5-Jahres-Garantie. Besuchen Sie unseren Shop.","robots":{"index":"index","follow":"follow","max-snippet":"max-snippet:-1","max-image-preview":"max-image-preview:large","max-video-preview":"max-video-preview:-1"},"canonical":"https:\/\/www.eliassen.nl\/de\/topf-terrakotta-toskanischen-imprunetino-festonato-80cm\/","og_locale":"de_DE","og_type":"article","og_title":"Anticomestiere Topf terracotta toskanisch Imprunetino festonato 80cm - Eliassen.nl","og_description":"M\u00f6chten Sie Ihren Garten oder Ihre Innenr\u00e4ume mit sch\u00f6nen, gro\u00dfen Blument\u00f6pfen versch\u00f6nern? Wir haben sie in allen Gr\u00f6\u00dfen und Farben mit einer 5-Jahres-Garantie. Besuchen Sie unseren Shop.","og_url":"https:\/\/www.eliassen.nl\/de\/topf-terrakotta-toskanischen-imprunetino-festonato-80cm\/","og_site_name":"Eliassen.nl","article_publisher":"https:\/\/www.facebook.com\/TuincentrumEliassenAmmerzoden","article_modified_time":"2025-10-09T12:57:09+00:00","og_image":[{"width":1584,"height":1500,"url":"https:\/\/www.eliassen.nl\/wp-content\/uploads\/2024\/01\/246200_4nd.jpg","type":"image\/jpeg"}],"twitter_card":"summary_large_image","schema":{"@context":"https:\/\/schema.org","@graph":[{"@type":"WebPage","@id":"https:\/\/www.eliassen.nl\/de\/topf-terrakotta-toskanischen-imprunetino-festonato-80cm\/","url":"https:\/\/www.eliassen.nl\/de\/topf-terrakotta-toskanischen-imprunetino-festonato-80cm\/","name":"Topf terracotta toskanisch Imprunetino festonato 80cm - Eliassen.nl","isPartOf":{"@id":"https:\/\/www.eliassen.nl\/de\/#website"},"primaryImageOfPage":{"@id":"https:\/\/www.eliassen.nl\/de\/topf-terrakotta-toskanischen-imprunetino-festonato-80cm\/#primaryimage"},"image":{"@id":"https:\/\/www.eliassen.nl\/de\/topf-terrakotta-toskanischen-imprunetino-festonato-80cm\/#primaryimage"},"thumbnailUrl":"https:\/\/www.eliassen.nl\/wp-content\/uploads\/2024\/01\/246200_4nd.jpg","datePublished":"2023-04-17T11:28:59+00:00","dateModified":"2025-10-09T12:57:09+00:00","description":"M\u00f6chten Sie Ihren Garten oder Ihre Innenr\u00e4ume mit sch\u00f6nen, gro\u00dfen Blument\u00f6pfen versch\u00f6nern? Wir haben sie in allen Gr\u00f6\u00dfen und Farben mit einer 5-Jahres-Garantie. Besuchen Sie unseren Shop.","breadcrumb":{"@id":"https:\/\/www.eliassen.nl\/de\/topf-terrakotta-toskanischen-imprunetino-festonato-80cm\/#breadcrumb"},"inLanguage":"de","potentialAction":[{"@type":"ReadAction","target":["https:\/\/www.eliassen.nl\/de\/topf-terrakotta-toskanischen-imprunetino-festonato-80cm\/"]}]},{"@type":"ImageObject","inLanguage":"de","@id":"https:\/\/www.eliassen.nl\/de\/topf-terrakotta-toskanischen-imprunetino-festonato-80cm\/#primaryimage","url":"https:\/\/www.eliassen.nl\/wp-content\/uploads\/2024\/01\/246200_4nd.jpg","contentUrl":"https:\/\/www.eliassen.nl\/wp-content\/uploads\/2024\/01\/246200_4nd.jpg","width":1584,"height":1500,"caption":"246200"},{"@type":"BreadcrumbList","@id":"https:\/\/www.eliassen.nl\/de\/topf-terrakotta-toskanischen-imprunetino-festonato-80cm\/#breadcrumb","itemListElement":[{"@type":"ListItem","position":1,"name":"Home","item":"https:\/\/www.eliassen.nl\/de\/"},{"@type":"ListItem","position":2,"name":"Shop","item":"https:\/\/www.eliassen.nl\/de\/shop\/"},{"@type":"ListItem","position":3,"name":"Blument\u00f6pfe und Pflanzgef\u00e4\u00dfe","item":"https:\/\/www.eliassen.nl\/de\/blumentoepfe-und-pflanzgefaesse\/"},{"@type":"ListItem","position":4,"name":"Terrakotta-T\u00f6pfe und -Gl\u00e4ser","item":"https:\/\/www.eliassen.nl\/de\/blumentoepfe-und-pflanzgefaesse\/terrakotta-toepfe-und-glaeser\/"},{"@type":"ListItem","position":5,"name":"Topf terracotta toskanisch Imprunetino festonato 80cm"}]},{"@type":"WebSite","@id":"https:\/\/www.eliassen.nl\/de\/#website","url":"https:\/\/www.eliassen.nl\/de\/","name":"Eliassen Home & Garden Pleasure","description":"","publisher":{"@id":"https:\/\/www.eliassen.nl\/de\/#organization"},"alternateName":"Eliassen.nl","potentialAction":[{"@type":"SearchAction","target":{"@type":"EntryPoint","urlTemplate":"https:\/\/www.eliassen.nl\/de\/?s={search_term_string}"},"query-input":{"@type":"PropertyValueSpecification","valueRequired":true,"valueName":"search_term_string"}}],"inLanguage":"de"},{"@type":["Organization","Place"],"@id":"https:\/\/www.eliassen.nl\/de\/#organization","name":"Eliassen Home & Garden Pleasure","url":"https:\/\/www.eliassen.nl\/de\/","logo":{"@id":"https:\/\/www.eliassen.nl\/de\/topf-terrakotta-toskanischen-imprunetino-festonato-80cm\/#local-main-organization-logo"},"image":{"@id":"https:\/\/www.eliassen.nl\/de\/topf-terrakotta-toskanischen-imprunetino-festonato-80cm\/#local-main-organization-logo"},"sameAs":["https:\/\/www.facebook.com\/TuincentrumEliassenAmmerzoden","https:\/\/www.instagram.com\/eliassenhomeandgarden\/","https:\/\/nl.pinterest.com\/eliassenhomeandgarden\/","https:\/\/www.youtube.com\/@eliassenhomegardenpleasure4558"],"telephone":[],"openingHoursSpecification":[{"@type":"OpeningHoursSpecification","dayOfWeek":["Monday","Tuesday","Wednesday","Thursday","Friday","Saturday","Sunday"],"opens":"09:00","closes":"17:00"}]},{"@type":"ImageObject","inLanguage":"de","@id":"https:\/\/www.eliassen.nl\/de\/topf-terrakotta-toskanischen-imprunetino-festonato-80cm\/#local-main-organization-logo","url":"https:\/\/www.eliassen.nl\/wp-content\/uploads\/2024\/01\/logo_4nd.jpg","contentUrl":"https:\/\/www.eliassen.nl\/wp-content\/uploads\/2024\/01\/logo_4nd.jpg","width":500,"height":500,"caption":"Eliassen Home & Garden Pleasure"}]},"product_price_amount":"325.00","product_price_currency":"EUR","og_availability":"instock","product_availability":"instock","product_retailer_item_id":"246800","product_condition":"new"},"df_price":325,"df_sale_price":"","df_regular_price":325,"df_image_link":"https:\/\/www.eliassen.nl\/wp-content\/uploads\/2024\/01\/246200_4nd.jpg","image":"https:\/\/www.eliassen.nl\/wp-content\/uploads\/2024\/01\/246200_4nd.jpg","price_search":"<span class=\"woocommerce-Price-amount amount\"><bdi><span class=\"woocommerce-Price-currencySymbol\">&euro;<\/span>&nbsp;325,00<\/bdi><\/span>","category":"Blument\u00f6pfe und Pflanzgef\u00e4\u00dfe","global_unique_id":"8051564752517","_links":{"self":[{"href":"https:\/\/www.eliassen.nl\/de\/wp-json\/wp\/v2\/product\/89158","targetHints":{"allow":["GET"]}}],"collection":[{"href":"https:\/\/www.eliassen.nl\/de\/wp-json\/wp\/v2\/product"}],"about":[{"href":"https:\/\/www.eliassen.nl\/de\/wp-json\/wp\/v2\/types\/product"}],"wp:featuredmedia":[{"embeddable":true,"href":"https:\/\/www.eliassen.nl\/de\/wp-json\/wp\/v2\/media\/89146"}],"wp:attachment":[{"href":"https:\/\/www.eliassen.nl\/de\/wp-json\/wp\/v2\/media?parent=89158"}],"wp:term":[{"taxonomy":"product_brand","embeddable":true,"href":"https:\/\/www.eliassen.nl\/de\/wp-json\/wp\/v2\/product_brand?post=89158"},{"taxonomy":"product_cat","embeddable":true,"href":"https:\/\/www.eliassen.nl\/de\/wp-json\/wp\/v2\/product_cat?post=89158"},{"taxonomy":"product_tag","embeddable":true,"href":"https:\/\/www.eliassen.nl\/de\/wp-json\/wp\/v2\/product_tag?post=89158"}],"curies":[{"name":"wp","href":"https:\/\/api.w.org\/{rel}","templated":true}]}}