{"id":89002,"date":"2023-04-13T14:54:41","date_gmt":"2023-04-13T14:54:41","guid":{"rendered":"https:\/\/www.eliassen.nl\/?product=sokkel-polystone-grijs-37cm"},"modified":"2026-02-25T11:21:08","modified_gmt":"2026-02-25T10:21:08","slug":"sockel-polystone-grau-37cm","status":"publish","type":"product","link":"https:\/\/www.eliassen.nl\/de\/sockel-polystone-grau-37cm\/","title":{"rendered":"Sockel Fibreclay grau 37cm"},"content":{"rendered":"<p>Bringen Sie mit dieser klassischen quadratischen S\u00e4ule pure Sch\u00f6nheit in Ihr Haus oder Ihren Garten.<\/p>\n<p>Hergestellt aus felsenfestem Fibreclay, wundersch\u00f6n verarbeitet mit einer superstarken Deckschicht. Fiberclay wird aus getrocknetem Ton hergestellt, der mit Polyester-Epoxidharz gemischt und mit Glasfasermatten verst\u00e4rkt wird. Dieser Sockel ist f\u00fcr die Verwendung im Innen- und Au\u00dfenbereich geeignet. Sch\u00f6n in Kombination mit z.B. einer Statue, Sonnenuhr, etc.<\/p>\n<ul>\n<li>Gr\u00f6\u00dfe: 25x25x37cm hoch<\/li>\n<li>Farbe: Grau<\/li>\n<li>Sehr stilvoll in eleganten, modernen und klassischen G\u00e4rten<\/li>\n<li>Frostbest\u00e4ndig: Ja<\/li>\n<li>Maximale Belastung: 70 kg<\/li>\n<li>Material: Fiberclay<\/li>\n<li>2 Jahre Garantie, externe Sch\u00e4den ausgeschlossen<\/li>\n<li>UV-best\u00e4ndig<\/li>\n<li>Eigener Import und Lagerbestand<\/li>\n<li>Schnelle Lieferung<\/li>\n<\/ul>\n","protected":false},"excerpt":{"rendered":"<p>Bringen Sie mit dieser klassischen quadratischen S\u00e4ule pure Sch\u00f6nheit in Ihr Haus oder Ihren Garten. Hergestellt aus felsenfestem Fibreclay, wundersch\u00f6n verarbeitet mit einer superstarken Deckschicht. Fiberclay wird aus getrocknetem Ton hergestellt, der mit Polyester-Epoxidharz gemischt und mit Glasfasermatten verst\u00e4rkt wird. Dieser Sockel ist f\u00fcr die Verwendung im Innen- und Au\u00dfenbereich geeignet. Sch\u00f6n in Kombination mit &hellip;<\/p>\n","protected":false},"featured_media":88996,"template":"","meta":{"_acf_changed":false,"_genesis_title":"","_genesis_description":""},"product_brand":[7505],"product_cat":[782,788,1427],"product_tag":[],"class_list":{"0":"post-89002","1":"product","2":"type-product","3":"status-publish","4":"has-post-thumbnail","6":"product_brand-sonstige","7":"product_cat-sockel","8":"product_cat-sockel-aus-polyester","9":"product_cat-tuinvazen-fiberclay","11":"first","12":"instock","13":"taxable","14":"shipping-taxable","15":"purchasable","16":"product-type-simple"},"acf":[],"meta_all":{"total_sales":"20","wcml_sync_hash":{"postmeta_fields":"7c3a68894f8fbfbf6931f9fdb2e26360"},"attr_label_translations":[],"cor_restricted_countries":[]},"meta_all_flat":{"total_sales":"20","wcml_sync_hash.postmeta_fields":"7c3a68894f8fbfbf6931f9fdb2e26360"},"yoast_head":"<!-- This site is optimized with the Yoast SEO Premium plugin v26.2 (Yoast SEO v27.2) - https:\/\/yoast.com\/product\/yoast-seo-premium-wordpress\/ -->\n<title>Classic Square Pedestal | Polystone grau 37cm | Eliassen.nl<\/title>\n<meta name=\"description\" content=\"Klassischer quadratischer Sockel f\u00fcr moderne und klassische G\u00e4rten. F\u00fcr den Innen- und Au\u00dfenbereich geeignet. Frostbest\u00e4ndig. 2 Jahre Garantie. LIVE-Ansicht auf unser Gesch\u00e4ft!\" \/>\n<meta name=\"robots\" content=\"index, follow, max-snippet:-1, max-image-preview:large, max-video-preview:-1\" \/>\n<link rel=\"canonical\" href=\"https:\/\/www.eliassen.nl\/de\/sockel-polystone-grau-37cm\/\" \/>\n<meta property=\"og:locale\" content=\"de_DE\" \/>\n<meta property=\"og:type\" content=\"article\" \/>\n<meta property=\"og:title\" content=\"Sonstige Sockel Fibreclay grau 37cm - Eliassen.nl\" \/>\n<meta property=\"og:description\" content=\"Klassischer quadratischer Sockel f\u00fcr moderne und klassische G\u00e4rten. F\u00fcr den Innen- und Au\u00dfenbereich geeignet. Frostbest\u00e4ndig. 2 Jahre Garantie. LIVE-Ansicht auf unser Gesch\u00e4ft!\" \/>\n<meta property=\"og:url\" content=\"https:\/\/www.eliassen.nl\/de\/sockel-polystone-grau-37cm\/\" \/>\n<meta property=\"og:site_name\" content=\"Eliassen.nl\" \/>\n<meta property=\"article:publisher\" content=\"https:\/\/www.facebook.com\/TuincentrumEliassenAmmerzoden\" \/>\n<meta property=\"article:modified_time\" content=\"2026-02-25T10:21:08+00:00\" \/>\n<meta property=\"og:image\" content=\"https:\/\/www.eliassen.nl\/wp-content\/uploads\/2024\/01\/30623.jpg\" \/>\n\t<meta property=\"og:image:width\" content=\"1772\" \/>\n\t<meta property=\"og:image:height\" content=\"1772\" \/>\n\t<meta property=\"og:image:type\" content=\"image\/jpeg\" \/>\n<meta name=\"twitter:card\" content=\"summary_large_image\" \/>\n<script type=\"application\/ld+json\" class=\"yoast-schema-graph\">{\"@context\":\"https:\/\/schema.org\",\"@graph\":[{\"@type\":\"WebPage\",\"@id\":\"https:\/\/www.eliassen.nl\/de\/sockel-polystone-grau-37cm\/\",\"url\":\"https:\/\/www.eliassen.nl\/de\/sockel-polystone-grau-37cm\/\",\"name\":\"Classic Square Pedestal | Polystone grau 37cm | Eliassen.nl\",\"isPartOf\":{\"@id\":\"https:\/\/www.eliassen.nl\/de\/#website\"},\"primaryImageOfPage\":{\"@id\":\"https:\/\/www.eliassen.nl\/de\/sockel-polystone-grau-37cm\/#primaryimage\"},\"image\":{\"@id\":\"https:\/\/www.eliassen.nl\/de\/sockel-polystone-grau-37cm\/#primaryimage\"},\"thumbnailUrl\":\"https:\/\/www.eliassen.nl\/wp-content\/uploads\/2024\/01\/30623.jpg\",\"datePublished\":\"2023-04-13T14:54:41+00:00\",\"dateModified\":\"2026-02-25T10:21:08+00:00\",\"description\":\"Klassischer quadratischer Sockel f\u00fcr moderne und klassische G\u00e4rten. F\u00fcr den Innen- und Au\u00dfenbereich geeignet. Frostbest\u00e4ndig. 2 Jahre Garantie. LIVE-Ansicht auf unser Gesch\u00e4ft!\",\"breadcrumb\":{\"@id\":\"https:\/\/www.eliassen.nl\/de\/sockel-polystone-grau-37cm\/#breadcrumb\"},\"inLanguage\":\"de\",\"potentialAction\":[{\"@type\":\"ReadAction\",\"target\":[\"https:\/\/www.eliassen.nl\/de\/sockel-polystone-grau-37cm\/\"]}]},{\"@type\":\"ImageObject\",\"inLanguage\":\"de\",\"@id\":\"https:\/\/www.eliassen.nl\/de\/sockel-polystone-grau-37cm\/#primaryimage\",\"url\":\"https:\/\/www.eliassen.nl\/wp-content\/uploads\/2024\/01\/30623.jpg\",\"contentUrl\":\"https:\/\/www.eliassen.nl\/wp-content\/uploads\/2024\/01\/30623.jpg\",\"width\":1772,\"height\":1772,\"caption\":\"30623\"},{\"@type\":\"BreadcrumbList\",\"@id\":\"https:\/\/www.eliassen.nl\/de\/sockel-polystone-grau-37cm\/#breadcrumb\",\"itemListElement\":[{\"@type\":\"ListItem\",\"position\":1,\"name\":\"Home\",\"item\":\"https:\/\/www.eliassen.nl\/de\/\"},{\"@type\":\"ListItem\",\"position\":2,\"name\":\"Shop\",\"item\":\"https:\/\/www.eliassen.nl\/de\/shop\/\"},{\"@type\":\"ListItem\",\"position\":3,\"name\":\"Blument\u00f6pfe und Pflanzgef\u00e4\u00dfe\",\"item\":\"https:\/\/www.eliassen.nl\/de\/blumentoepfe-und-pflanzgefaesse\/\"},{\"@type\":\"ListItem\",\"position\":4,\"name\":\"Klassische Gartenvasen\",\"item\":\"https:\/\/www.eliassen.nl\/de\/product-categorie\/blumentoepfe-und-pflanzgefaesse\/klassische-gartenvasen-de\/\"},{\"@type\":\"ListItem\",\"position\":5,\"name\":\"Tuinvazen fiberclay\",\"item\":\"https:\/\/www.eliassen.nl\/de\/blumentoepfe-und-pflanzgefaesse\/klassische-gartenvasen\/tuinvazen-fiberclay\/\"},{\"@type\":\"ListItem\",\"position\":6,\"name\":\"Sockel Fibreclay grau 37cm\"}]},{\"@type\":\"WebSite\",\"@id\":\"https:\/\/www.eliassen.nl\/de\/#website\",\"url\":\"https:\/\/www.eliassen.nl\/de\/\",\"name\":\"Eliassen Home & Garden Pleasure\",\"description\":\"\",\"publisher\":{\"@id\":\"https:\/\/www.eliassen.nl\/de\/#organization\"},\"alternateName\":\"Eliassen.nl\",\"potentialAction\":[{\"@type\":\"SearchAction\",\"target\":{\"@type\":\"EntryPoint\",\"urlTemplate\":\"https:\/\/www.eliassen.nl\/de\/?s={search_term_string}\"},\"query-input\":{\"@type\":\"PropertyValueSpecification\",\"valueRequired\":true,\"valueName\":\"search_term_string\"}}],\"inLanguage\":\"de\"},{\"@type\":[\"Organization\",\"Place\"],\"@id\":\"https:\/\/www.eliassen.nl\/de\/#organization\",\"name\":\"Eliassen Home & Garden Pleasure\",\"url\":\"https:\/\/www.eliassen.nl\/de\/\",\"logo\":{\"@id\":\"https:\/\/www.eliassen.nl\/de\/sockel-polystone-grau-37cm\/#local-main-organization-logo\"},\"image\":{\"@id\":\"https:\/\/www.eliassen.nl\/de\/sockel-polystone-grau-37cm\/#local-main-organization-logo\"},\"sameAs\":[\"https:\/\/www.facebook.com\/TuincentrumEliassenAmmerzoden\",\"https:\/\/www.instagram.com\/eliassenhomeandgarden\/\",\"https:\/\/nl.pinterest.com\/eliassenhomeandgarden\/\",\"https:\/\/www.youtube.com\/@eliassenhomegardenpleasure4558\"],\"telephone\":[],\"openingHoursSpecification\":[{\"@type\":\"OpeningHoursSpecification\",\"dayOfWeek\":[\"Monday\",\"Tuesday\",\"Wednesday\",\"Thursday\",\"Friday\",\"Saturday\",\"Sunday\"],\"opens\":\"09:00\",\"closes\":\"17:00\"}]},{\"@type\":\"ImageObject\",\"inLanguage\":\"de\",\"@id\":\"https:\/\/www.eliassen.nl\/de\/sockel-polystone-grau-37cm\/#local-main-organization-logo\",\"url\":\"https:\/\/www.eliassen.nl\/wp-content\/uploads\/2024\/01\/logo_4nd.jpg\",\"contentUrl\":\"https:\/\/www.eliassen.nl\/wp-content\/uploads\/2024\/01\/logo_4nd.jpg\",\"width\":500,\"height\":500,\"caption\":\"Eliassen Home & Garden Pleasure\"}]}<\/script>\n<meta property=\"product:price:amount\" content=\"44.50\" \/>\n<meta property=\"product:price:currency\" content=\"EUR\" \/>\n<meta property=\"og:availability\" content=\"instock\" \/>\n<meta property=\"product:availability\" content=\"instock\" \/>\n<meta property=\"product:retailer_item_id\" content=\"30623\" \/>\n<meta property=\"product:condition\" content=\"new\" \/>\n<!-- \/ Yoast SEO Premium plugin. -->","yoast_head_json":{"title":"Classic Square Pedestal | Polystone grau 37cm | Eliassen.nl","description":"Klassischer quadratischer Sockel f\u00fcr moderne und klassische G\u00e4rten. F\u00fcr den Innen- und Au\u00dfenbereich geeignet. Frostbest\u00e4ndig. 2 Jahre Garantie. LIVE-Ansicht auf unser Gesch\u00e4ft!","robots":{"index":"index","follow":"follow","max-snippet":"max-snippet:-1","max-image-preview":"max-image-preview:large","max-video-preview":"max-video-preview:-1"},"canonical":"https:\/\/www.eliassen.nl\/de\/sockel-polystone-grau-37cm\/","og_locale":"de_DE","og_type":"article","og_title":"Sonstige Sockel Fibreclay grau 37cm - Eliassen.nl","og_description":"Klassischer quadratischer Sockel f\u00fcr moderne und klassische G\u00e4rten. F\u00fcr den Innen- und Au\u00dfenbereich geeignet. Frostbest\u00e4ndig. 2 Jahre Garantie. LIVE-Ansicht auf unser Gesch\u00e4ft!","og_url":"https:\/\/www.eliassen.nl\/de\/sockel-polystone-grau-37cm\/","og_site_name":"Eliassen.nl","article_publisher":"https:\/\/www.facebook.com\/TuincentrumEliassenAmmerzoden","article_modified_time":"2026-02-25T10:21:08+00:00","og_image":[{"width":1772,"height":1772,"url":"https:\/\/www.eliassen.nl\/wp-content\/uploads\/2024\/01\/30623.jpg","type":"image\/jpeg"}],"twitter_card":"summary_large_image","schema":{"@context":"https:\/\/schema.org","@graph":[{"@type":"WebPage","@id":"https:\/\/www.eliassen.nl\/de\/sockel-polystone-grau-37cm\/","url":"https:\/\/www.eliassen.nl\/de\/sockel-polystone-grau-37cm\/","name":"Classic Square Pedestal | Polystone grau 37cm | Eliassen.nl","isPartOf":{"@id":"https:\/\/www.eliassen.nl\/de\/#website"},"primaryImageOfPage":{"@id":"https:\/\/www.eliassen.nl\/de\/sockel-polystone-grau-37cm\/#primaryimage"},"image":{"@id":"https:\/\/www.eliassen.nl\/de\/sockel-polystone-grau-37cm\/#primaryimage"},"thumbnailUrl":"https:\/\/www.eliassen.nl\/wp-content\/uploads\/2024\/01\/30623.jpg","datePublished":"2023-04-13T14:54:41+00:00","dateModified":"2026-02-25T10:21:08+00:00","description":"Klassischer quadratischer Sockel f\u00fcr moderne und klassische G\u00e4rten. F\u00fcr den Innen- und Au\u00dfenbereich geeignet. Frostbest\u00e4ndig. 2 Jahre Garantie. LIVE-Ansicht auf unser Gesch\u00e4ft!","breadcrumb":{"@id":"https:\/\/www.eliassen.nl\/de\/sockel-polystone-grau-37cm\/#breadcrumb"},"inLanguage":"de","potentialAction":[{"@type":"ReadAction","target":["https:\/\/www.eliassen.nl\/de\/sockel-polystone-grau-37cm\/"]}]},{"@type":"ImageObject","inLanguage":"de","@id":"https:\/\/www.eliassen.nl\/de\/sockel-polystone-grau-37cm\/#primaryimage","url":"https:\/\/www.eliassen.nl\/wp-content\/uploads\/2024\/01\/30623.jpg","contentUrl":"https:\/\/www.eliassen.nl\/wp-content\/uploads\/2024\/01\/30623.jpg","width":1772,"height":1772,"caption":"30623"},{"@type":"BreadcrumbList","@id":"https:\/\/www.eliassen.nl\/de\/sockel-polystone-grau-37cm\/#breadcrumb","itemListElement":[{"@type":"ListItem","position":1,"name":"Home","item":"https:\/\/www.eliassen.nl\/de\/"},{"@type":"ListItem","position":2,"name":"Shop","item":"https:\/\/www.eliassen.nl\/de\/shop\/"},{"@type":"ListItem","position":3,"name":"Blument\u00f6pfe und Pflanzgef\u00e4\u00dfe","item":"https:\/\/www.eliassen.nl\/de\/blumentoepfe-und-pflanzgefaesse\/"},{"@type":"ListItem","position":4,"name":"Klassische Gartenvasen","item":"https:\/\/www.eliassen.nl\/de\/product-categorie\/blumentoepfe-und-pflanzgefaesse\/klassische-gartenvasen-de\/"},{"@type":"ListItem","position":5,"name":"Tuinvazen fiberclay","item":"https:\/\/www.eliassen.nl\/de\/blumentoepfe-und-pflanzgefaesse\/klassische-gartenvasen\/tuinvazen-fiberclay\/"},{"@type":"ListItem","position":6,"name":"Sockel Fibreclay grau 37cm"}]},{"@type":"WebSite","@id":"https:\/\/www.eliassen.nl\/de\/#website","url":"https:\/\/www.eliassen.nl\/de\/","name":"Eliassen Home & Garden Pleasure","description":"","publisher":{"@id":"https:\/\/www.eliassen.nl\/de\/#organization"},"alternateName":"Eliassen.nl","potentialAction":[{"@type":"SearchAction","target":{"@type":"EntryPoint","urlTemplate":"https:\/\/www.eliassen.nl\/de\/?s={search_term_string}"},"query-input":{"@type":"PropertyValueSpecification","valueRequired":true,"valueName":"search_term_string"}}],"inLanguage":"de"},{"@type":["Organization","Place"],"@id":"https:\/\/www.eliassen.nl\/de\/#organization","name":"Eliassen Home & Garden Pleasure","url":"https:\/\/www.eliassen.nl\/de\/","logo":{"@id":"https:\/\/www.eliassen.nl\/de\/sockel-polystone-grau-37cm\/#local-main-organization-logo"},"image":{"@id":"https:\/\/www.eliassen.nl\/de\/sockel-polystone-grau-37cm\/#local-main-organization-logo"},"sameAs":["https:\/\/www.facebook.com\/TuincentrumEliassenAmmerzoden","https:\/\/www.instagram.com\/eliassenhomeandgarden\/","https:\/\/nl.pinterest.com\/eliassenhomeandgarden\/","https:\/\/www.youtube.com\/@eliassenhomegardenpleasure4558"],"telephone":[],"openingHoursSpecification":[{"@type":"OpeningHoursSpecification","dayOfWeek":["Monday","Tuesday","Wednesday","Thursday","Friday","Saturday","Sunday"],"opens":"09:00","closes":"17:00"}]},{"@type":"ImageObject","inLanguage":"de","@id":"https:\/\/www.eliassen.nl\/de\/sockel-polystone-grau-37cm\/#local-main-organization-logo","url":"https:\/\/www.eliassen.nl\/wp-content\/uploads\/2024\/01\/logo_4nd.jpg","contentUrl":"https:\/\/www.eliassen.nl\/wp-content\/uploads\/2024\/01\/logo_4nd.jpg","width":500,"height":500,"caption":"Eliassen Home & Garden Pleasure"}]},"product_price_amount":"44.50","product_price_currency":"EUR","og_availability":"instock","product_availability":"instock","product_retailer_item_id":"30623","product_condition":"new"},"df_price":44.5,"df_sale_price":"","df_regular_price":44.5,"df_image_link":"https:\/\/www.eliassen.nl\/wp-content\/uploads\/2024\/01\/30623.jpg","image":"https:\/\/www.eliassen.nl\/wp-content\/uploads\/2024\/01\/30623.jpg","price_search":"<span class=\"woocommerce-Price-amount amount\"><bdi><span class=\"woocommerce-Price-currencySymbol\">&euro;<\/span>&nbsp;44,50<\/bdi><\/span>","category":"Sockel","global_unique_id":"8714075306234","_links":{"self":[{"href":"https:\/\/www.eliassen.nl\/de\/wp-json\/wp\/v2\/product\/89002","targetHints":{"allow":["GET"]}}],"collection":[{"href":"https:\/\/www.eliassen.nl\/de\/wp-json\/wp\/v2\/product"}],"about":[{"href":"https:\/\/www.eliassen.nl\/de\/wp-json\/wp\/v2\/types\/product"}],"wp:featuredmedia":[{"embeddable":true,"href":"https:\/\/www.eliassen.nl\/de\/wp-json\/wp\/v2\/media\/88996"}],"wp:attachment":[{"href":"https:\/\/www.eliassen.nl\/de\/wp-json\/wp\/v2\/media?parent=89002"}],"wp:term":[{"taxonomy":"product_brand","embeddable":true,"href":"https:\/\/www.eliassen.nl\/de\/wp-json\/wp\/v2\/product_brand?post=89002"},{"taxonomy":"product_cat","embeddable":true,"href":"https:\/\/www.eliassen.nl\/de\/wp-json\/wp\/v2\/product_cat?post=89002"},{"taxonomy":"product_tag","embeddable":true,"href":"https:\/\/www.eliassen.nl\/de\/wp-json\/wp\/v2\/product_tag?post=89002"}],"curies":[{"name":"wp","href":"https:\/\/api.w.org\/{rel}","templated":true}]}}