{"id":88882,"date":"2023-04-04T13:49:24","date_gmt":"2023-04-04T13:49:24","guid":{"rendered":"https:\/\/www.eliassen.nl\/?product=glaslamp-arno-france-strak-blauw-50cm"},"modified":"2026-02-06T13:57:03","modified_gmt":"2026-02-06T12:57:03","slug":"glaslampe-arno-france-schlichtes-blau-50cm","status":"publish","type":"product","link":"https:\/\/www.eliassen.nl\/de\/glaslampe-arno-france-schlichtes-blau-50cm\/","title":{"rendered":"Glaslampe Arno Frankreich dicht blau 50cm"},"content":{"rendered":"<p><iframe title=\"YouTube-Video-Player\" src=\"https:\/\/www.youtube.com\/embed\/HizD6Y4wHf8\" width=\"  420\" height=\"236\" frameborder=\"0\" allowfullscreen=\"allowfullscreen\"><\/iframe><\/p>\n<p data-path-to-node=\"1\">Bringen Sie eine ruhige und moderne Atmosph\u00e4re in Ihr Interieur mit dieser sch\u00f6nen tropfenf\u00f6rmigen Glaslampe von Arno France. Dieses einzigartige Glasobjekt wird aus hochwertigem Kristallglas mit einem Bleianteil von mindestens 24% mundgeblasen, was f\u00fcr brillante Klarheit und ein luxuri\u00f6ses Aussehen sorgt. Mit einer H\u00f6he von etwa 50 cm ist dieses Modell ein raffinierter Blickfang, der m\u00fchelos auf ein Sideboard, einen Nachttisch oder einen Beistelltisch passt.<\/p>\n<p data-path-to-node=\"2\">Die Lampe zeichnet sich durch ein elegantes und wellenf\u00f6rmiges blaues Farbmuster aus, das kunstvoll durch das Glas flie\u00dft. Da jede Lampe handgefertigt ist, erhalten Sie immer ein Unikat in Ihrem Zuhause; die Details k\u00f6nnen daher leicht vom Foto abweichen. Sie hat eine E14-Fassung und steht auf einem massiven, kristallklaren Glassockel mit einem Durchmesser von 16 cm. Damit Sie sofort die richtige Atmosph\u00e4re genie\u00dfen k\u00f6nnen, wird diese Lampe mit einer <b data-path-to-node=\"2\" data-index-in-node=\"449\">kostenlosen LED-Gl\u00fchbirne mit Fernbedienung<\/b> geliefert, mit der Sie Helligkeit und Farbe ganz einfach einstellen k\u00f6nnen.<\/p>\n","protected":false},"excerpt":{"rendered":"<p>Diese 50 cm hohe, mundgeblasene, tropfenf\u00f6rmige Lampe ist aus 24%igem Bleikristall gefertigt und hat ein stilvolles, wellenf\u00f6rmiges blaues Farbmuster. Das einzigartige Kunstobjekt steht auf einem eleganten Kristallsockel und wird mit einer E14-Fassung und einer kostenlosen LED-Lampe mit Fernbedienung geliefert. Mit ihrer handgefertigten Oberfl\u00e4che und dem klaren Kristallglas ist diese Lampe eine exklusive Erg\u00e4nzung f\u00fcr jedes moderne Interieur.<\/p>\n","protected":false},"featured_media":192868,"template":"","meta":{"_acf_changed":false,"_genesis_title":"","_genesis_description":""},"product_brand":[7455],"product_cat":[800,749,809,746],"product_tag":[7338],"class_list":{"0":"post-88882","1":"product","2":"type-product","3":"status-publish","4":"has-post-thumbnail","6":"product_brand-arno-frankreich","7":"product_cat-glaskunst","8":"product_cat-glaslampen","10":"product_cat-stimmungsvolle-beleuchtung","11":"product_tag-glaskunst-zerbrechlich","13":"first","14":"instock","15":"taxable","16":"shipping-taxable","17":"purchasable","18":"product-type-simple"},"acf":[],"meta_all":{"total_sales":"0","wcml_sync_hash":{"postmeta_fields":"d5b576c034ed43db6a23f177352c70df"},"attr_label_translations":[],"cor_restricted_countries":[]},"meta_all_flat":{"total_sales":"0","wcml_sync_hash.postmeta_fields":"d5b576c034ed43db6a23f177352c70df"},"yoast_head":"<!-- This site is optimized with the Yoast SEO Premium plugin v26.2 (Yoast SEO v27.2) - https:\/\/yoast.com\/product\/yoast-seo-premium-wordpress\/ -->\n<title>Glasleuchte Arno France dicht blau 50cm - Eliassen Home &amp; Gardenpleasure<\/title>\n<meta name=\"description\" content=\"Luxuri\u00f6se blaue Glaslampe Arno France (50cm) aus 24% Kristallglas. Einzigartiges mundgeblasenes Objekt mit E14-Fassung und kostenloser LED-Birne mit Fernbedienung.\" \/>\n<meta name=\"robots\" content=\"index, follow, max-snippet:-1, max-image-preview:large, max-video-preview:-1\" \/>\n<link rel=\"canonical\" href=\"https:\/\/www.eliassen.nl\/de\/glaslampe-arno-france-schlichtes-blau-50cm\/\" \/>\n<meta property=\"og:locale\" content=\"de_DE\" \/>\n<meta property=\"og:type\" content=\"article\" \/>\n<meta property=\"og:title\" content=\"Arno Frankreich Glaslampe Arno Frankreich dicht blau 50cm - Eliassen.nl\" \/>\n<meta property=\"og:description\" content=\"Luxuri\u00f6se blaue Glaslampe Arno France (50cm) aus 24% Kristallglas. Einzigartiges mundgeblasenes Objekt mit E14-Fassung und kostenloser LED-Birne mit Fernbedienung.\" \/>\n<meta property=\"og:url\" content=\"https:\/\/www.eliassen.nl\/de\/glaslampe-arno-france-schlichtes-blau-50cm\/\" \/>\n<meta property=\"og:site_name\" content=\"Eliassen.nl\" \/>\n<meta property=\"article:publisher\" content=\"https:\/\/www.facebook.com\/TuincentrumEliassenAmmerzoden\" \/>\n<meta property=\"article:modified_time\" content=\"2026-02-06T12:57:03+00:00\" \/>\n<meta property=\"og:image\" content=\"https:\/\/www.eliassen.nl\/wp-content\/uploads\/2023\/04\/Glaslamp-strak-blauw-50cm-eliassen.nl_-scaled.jpg\" \/>\n\t<meta property=\"og:image:width\" content=\"1920\" \/>\n\t<meta property=\"og:image:height\" content=\"2560\" \/>\n\t<meta property=\"og:image:type\" content=\"image\/jpeg\" \/>\n<meta name=\"twitter:card\" content=\"summary_large_image\" \/>\n<script type=\"application\/ld+json\" class=\"yoast-schema-graph\">{\"@context\":\"https:\/\/schema.org\",\"@graph\":[{\"@type\":\"WebPage\",\"@id\":\"https:\/\/www.eliassen.nl\/de\/glaslampe-arno-france-schlichtes-blau-50cm\/\",\"url\":\"https:\/\/www.eliassen.nl\/de\/glaslampe-arno-france-schlichtes-blau-50cm\/\",\"name\":\"Glasleuchte Arno France dicht blau 50cm - Eliassen Home & Gardenpleasure\",\"isPartOf\":{\"@id\":\"https:\/\/www.eliassen.nl\/de\/#website\"},\"primaryImageOfPage\":{\"@id\":\"https:\/\/www.eliassen.nl\/de\/glaslampe-arno-france-schlichtes-blau-50cm\/#primaryimage\"},\"image\":{\"@id\":\"https:\/\/www.eliassen.nl\/de\/glaslampe-arno-france-schlichtes-blau-50cm\/#primaryimage\"},\"thumbnailUrl\":\"https:\/\/www.eliassen.nl\/wp-content\/uploads\/2023\/04\/Glaslamp-strak-blauw-50cm-eliassen.nl_-scaled.jpg\",\"datePublished\":\"2023-04-04T13:49:24+00:00\",\"dateModified\":\"2026-02-06T12:57:03+00:00\",\"description\":\"Luxuri\u00f6se blaue Glaslampe Arno France (50cm) aus 24% Kristallglas. Einzigartiges mundgeblasenes Objekt mit E14-Fassung und kostenloser LED-Birne mit Fernbedienung.\",\"breadcrumb\":{\"@id\":\"https:\/\/www.eliassen.nl\/de\/glaslampe-arno-france-schlichtes-blau-50cm\/#breadcrumb\"},\"inLanguage\":\"de\",\"potentialAction\":[{\"@type\":\"ReadAction\",\"target\":[\"https:\/\/www.eliassen.nl\/de\/glaslampe-arno-france-schlichtes-blau-50cm\/\"]}]},{\"@type\":\"ImageObject\",\"inLanguage\":\"de\",\"@id\":\"https:\/\/www.eliassen.nl\/de\/glaslampe-arno-france-schlichtes-blau-50cm\/#primaryimage\",\"url\":\"https:\/\/www.eliassen.nl\/wp-content\/uploads\/2023\/04\/Glaslamp-strak-blauw-50cm-eliassen.nl_-scaled.jpg\",\"contentUrl\":\"https:\/\/www.eliassen.nl\/wp-content\/uploads\/2023\/04\/Glaslamp-strak-blauw-50cm-eliassen.nl_-scaled.jpg\",\"width\":1920,\"height\":2560,\"caption\":\"Glaslampe eng blau 50cm eliassen.de\"},{\"@type\":\"BreadcrumbList\",\"@id\":\"https:\/\/www.eliassen.nl\/de\/glaslampe-arno-france-schlichtes-blau-50cm\/#breadcrumb\",\"itemListElement\":[{\"@type\":\"ListItem\",\"position\":1,\"name\":\"Home\",\"item\":\"https:\/\/www.eliassen.nl\/de\/\"},{\"@type\":\"ListItem\",\"position\":2,\"name\":\"Shop\",\"item\":\"https:\/\/www.eliassen.nl\/de\/shop\/\"},{\"@type\":\"ListItem\",\"position\":3,\"name\":\"Stimmungsvolle Beleuchtung\",\"item\":\"https:\/\/www.eliassen.nl\/de\/stimmungsvolle-beleuchtung\/\"},{\"@type\":\"ListItem\",\"position\":4,\"name\":\"Glaslampen\",\"item\":\"https:\/\/www.eliassen.nl\/de\/stimmungsvolle-beleuchtung\/glaslampen\/\"},{\"@type\":\"ListItem\",\"position\":5,\"name\":\"Glaslampe Arno Frankreich dicht blau 50cm\"}]},{\"@type\":\"WebSite\",\"@id\":\"https:\/\/www.eliassen.nl\/de\/#website\",\"url\":\"https:\/\/www.eliassen.nl\/de\/\",\"name\":\"Eliassen Home & Garden Pleasure\",\"description\":\"\",\"publisher\":{\"@id\":\"https:\/\/www.eliassen.nl\/de\/#organization\"},\"alternateName\":\"Eliassen.nl\",\"potentialAction\":[{\"@type\":\"SearchAction\",\"target\":{\"@type\":\"EntryPoint\",\"urlTemplate\":\"https:\/\/www.eliassen.nl\/de\/?s={search_term_string}\"},\"query-input\":{\"@type\":\"PropertyValueSpecification\",\"valueRequired\":true,\"valueName\":\"search_term_string\"}}],\"inLanguage\":\"de\"},{\"@type\":[\"Organization\",\"Place\"],\"@id\":\"https:\/\/www.eliassen.nl\/de\/#organization\",\"name\":\"Eliassen Home & Garden Pleasure\",\"url\":\"https:\/\/www.eliassen.nl\/de\/\",\"logo\":{\"@id\":\"https:\/\/www.eliassen.nl\/de\/glaslampe-arno-france-schlichtes-blau-50cm\/#local-main-organization-logo\"},\"image\":{\"@id\":\"https:\/\/www.eliassen.nl\/de\/glaslampe-arno-france-schlichtes-blau-50cm\/#local-main-organization-logo\"},\"sameAs\":[\"https:\/\/www.facebook.com\/TuincentrumEliassenAmmerzoden\",\"https:\/\/www.instagram.com\/eliassenhomeandgarden\/\",\"https:\/\/nl.pinterest.com\/eliassenhomeandgarden\/\",\"https:\/\/www.youtube.com\/@eliassenhomegardenpleasure4558\"],\"telephone\":[],\"openingHoursSpecification\":[{\"@type\":\"OpeningHoursSpecification\",\"dayOfWeek\":[\"Monday\",\"Tuesday\",\"Wednesday\",\"Thursday\",\"Friday\",\"Saturday\",\"Sunday\"],\"opens\":\"09:00\",\"closes\":\"17:00\"}]},{\"@type\":\"ImageObject\",\"inLanguage\":\"de\",\"@id\":\"https:\/\/www.eliassen.nl\/de\/glaslampe-arno-france-schlichtes-blau-50cm\/#local-main-organization-logo\",\"url\":\"https:\/\/www.eliassen.nl\/wp-content\/uploads\/2024\/01\/logo_4nd.jpg\",\"contentUrl\":\"https:\/\/www.eliassen.nl\/wp-content\/uploads\/2024\/01\/logo_4nd.jpg\",\"width\":500,\"height\":500,\"caption\":\"Eliassen Home & Garden Pleasure\"}]}<\/script>\n<meta property=\"product:price:amount\" content=\"279.00\" \/>\n<meta property=\"product:price:currency\" content=\"EUR\" \/>\n<meta property=\"og:availability\" content=\"instock\" \/>\n<meta property=\"product:availability\" content=\"instock\" \/>\n<meta property=\"product:retailer_item_id\" content=\"Lr-sk-02\" \/>\n<meta property=\"product:condition\" content=\"new\" \/>\n<!-- \/ Yoast SEO Premium plugin. -->","yoast_head_json":{"title":"Glasleuchte Arno France dicht blau 50cm - Eliassen Home & Gardenpleasure","description":"Luxuri\u00f6se blaue Glaslampe Arno France (50cm) aus 24% Kristallglas. Einzigartiges mundgeblasenes Objekt mit E14-Fassung und kostenloser LED-Birne mit Fernbedienung.","robots":{"index":"index","follow":"follow","max-snippet":"max-snippet:-1","max-image-preview":"max-image-preview:large","max-video-preview":"max-video-preview:-1"},"canonical":"https:\/\/www.eliassen.nl\/de\/glaslampe-arno-france-schlichtes-blau-50cm\/","og_locale":"de_DE","og_type":"article","og_title":"Arno Frankreich Glaslampe Arno Frankreich dicht blau 50cm - Eliassen.nl","og_description":"Luxuri\u00f6se blaue Glaslampe Arno France (50cm) aus 24% Kristallglas. Einzigartiges mundgeblasenes Objekt mit E14-Fassung und kostenloser LED-Birne mit Fernbedienung.","og_url":"https:\/\/www.eliassen.nl\/de\/glaslampe-arno-france-schlichtes-blau-50cm\/","og_site_name":"Eliassen.nl","article_publisher":"https:\/\/www.facebook.com\/TuincentrumEliassenAmmerzoden","article_modified_time":"2026-02-06T12:57:03+00:00","og_image":[{"width":1920,"height":2560,"url":"https:\/\/www.eliassen.nl\/wp-content\/uploads\/2023\/04\/Glaslamp-strak-blauw-50cm-eliassen.nl_-scaled.jpg","type":"image\/jpeg"}],"twitter_card":"summary_large_image","schema":{"@context":"https:\/\/schema.org","@graph":[{"@type":"WebPage","@id":"https:\/\/www.eliassen.nl\/de\/glaslampe-arno-france-schlichtes-blau-50cm\/","url":"https:\/\/www.eliassen.nl\/de\/glaslampe-arno-france-schlichtes-blau-50cm\/","name":"Glasleuchte Arno France dicht blau 50cm - Eliassen Home & Gardenpleasure","isPartOf":{"@id":"https:\/\/www.eliassen.nl\/de\/#website"},"primaryImageOfPage":{"@id":"https:\/\/www.eliassen.nl\/de\/glaslampe-arno-france-schlichtes-blau-50cm\/#primaryimage"},"image":{"@id":"https:\/\/www.eliassen.nl\/de\/glaslampe-arno-france-schlichtes-blau-50cm\/#primaryimage"},"thumbnailUrl":"https:\/\/www.eliassen.nl\/wp-content\/uploads\/2023\/04\/Glaslamp-strak-blauw-50cm-eliassen.nl_-scaled.jpg","datePublished":"2023-04-04T13:49:24+00:00","dateModified":"2026-02-06T12:57:03+00:00","description":"Luxuri\u00f6se blaue Glaslampe Arno France (50cm) aus 24% Kristallglas. Einzigartiges mundgeblasenes Objekt mit E14-Fassung und kostenloser LED-Birne mit Fernbedienung.","breadcrumb":{"@id":"https:\/\/www.eliassen.nl\/de\/glaslampe-arno-france-schlichtes-blau-50cm\/#breadcrumb"},"inLanguage":"de","potentialAction":[{"@type":"ReadAction","target":["https:\/\/www.eliassen.nl\/de\/glaslampe-arno-france-schlichtes-blau-50cm\/"]}]},{"@type":"ImageObject","inLanguage":"de","@id":"https:\/\/www.eliassen.nl\/de\/glaslampe-arno-france-schlichtes-blau-50cm\/#primaryimage","url":"https:\/\/www.eliassen.nl\/wp-content\/uploads\/2023\/04\/Glaslamp-strak-blauw-50cm-eliassen.nl_-scaled.jpg","contentUrl":"https:\/\/www.eliassen.nl\/wp-content\/uploads\/2023\/04\/Glaslamp-strak-blauw-50cm-eliassen.nl_-scaled.jpg","width":1920,"height":2560,"caption":"Glaslampe eng blau 50cm eliassen.de"},{"@type":"BreadcrumbList","@id":"https:\/\/www.eliassen.nl\/de\/glaslampe-arno-france-schlichtes-blau-50cm\/#breadcrumb","itemListElement":[{"@type":"ListItem","position":1,"name":"Home","item":"https:\/\/www.eliassen.nl\/de\/"},{"@type":"ListItem","position":2,"name":"Shop","item":"https:\/\/www.eliassen.nl\/de\/shop\/"},{"@type":"ListItem","position":3,"name":"Stimmungsvolle Beleuchtung","item":"https:\/\/www.eliassen.nl\/de\/stimmungsvolle-beleuchtung\/"},{"@type":"ListItem","position":4,"name":"Glaslampen","item":"https:\/\/www.eliassen.nl\/de\/stimmungsvolle-beleuchtung\/glaslampen\/"},{"@type":"ListItem","position":5,"name":"Glaslampe Arno Frankreich dicht blau 50cm"}]},{"@type":"WebSite","@id":"https:\/\/www.eliassen.nl\/de\/#website","url":"https:\/\/www.eliassen.nl\/de\/","name":"Eliassen Home & Garden Pleasure","description":"","publisher":{"@id":"https:\/\/www.eliassen.nl\/de\/#organization"},"alternateName":"Eliassen.nl","potentialAction":[{"@type":"SearchAction","target":{"@type":"EntryPoint","urlTemplate":"https:\/\/www.eliassen.nl\/de\/?s={search_term_string}"},"query-input":{"@type":"PropertyValueSpecification","valueRequired":true,"valueName":"search_term_string"}}],"inLanguage":"de"},{"@type":["Organization","Place"],"@id":"https:\/\/www.eliassen.nl\/de\/#organization","name":"Eliassen Home & Garden Pleasure","url":"https:\/\/www.eliassen.nl\/de\/","logo":{"@id":"https:\/\/www.eliassen.nl\/de\/glaslampe-arno-france-schlichtes-blau-50cm\/#local-main-organization-logo"},"image":{"@id":"https:\/\/www.eliassen.nl\/de\/glaslampe-arno-france-schlichtes-blau-50cm\/#local-main-organization-logo"},"sameAs":["https:\/\/www.facebook.com\/TuincentrumEliassenAmmerzoden","https:\/\/www.instagram.com\/eliassenhomeandgarden\/","https:\/\/nl.pinterest.com\/eliassenhomeandgarden\/","https:\/\/www.youtube.com\/@eliassenhomegardenpleasure4558"],"telephone":[],"openingHoursSpecification":[{"@type":"OpeningHoursSpecification","dayOfWeek":["Monday","Tuesday","Wednesday","Thursday","Friday","Saturday","Sunday"],"opens":"09:00","closes":"17:00"}]},{"@type":"ImageObject","inLanguage":"de","@id":"https:\/\/www.eliassen.nl\/de\/glaslampe-arno-france-schlichtes-blau-50cm\/#local-main-organization-logo","url":"https:\/\/www.eliassen.nl\/wp-content\/uploads\/2024\/01\/logo_4nd.jpg","contentUrl":"https:\/\/www.eliassen.nl\/wp-content\/uploads\/2024\/01\/logo_4nd.jpg","width":500,"height":500,"caption":"Eliassen Home & Garden Pleasure"}]},"product_price_amount":"279.00","product_price_currency":"EUR","og_availability":"instock","product_availability":"instock","product_retailer_item_id":"Lr-sk-02","product_condition":"new"},"df_price":279,"df_sale_price":"","df_regular_price":279,"df_image_link":"https:\/\/www.eliassen.nl\/wp-content\/uploads\/2023\/04\/Glaslamp-strak-blauw-50cm-eliassen.nl_-225x300.jpg","image":"https:\/\/www.eliassen.nl\/wp-content\/uploads\/2023\/04\/Glaslamp-strak-blauw-50cm-eliassen.nl_-150x150.jpg","price_search":"<span class=\"woocommerce-Price-amount amount\"><bdi><span class=\"woocommerce-Price-currencySymbol\">&euro;<\/span>&nbsp;279,00<\/bdi><\/span>","category":"Glaskunst","global_unique_id":"6096518758711","_links":{"self":[{"href":"https:\/\/www.eliassen.nl\/de\/wp-json\/wp\/v2\/product\/88882","targetHints":{"allow":["GET"]}}],"collection":[{"href":"https:\/\/www.eliassen.nl\/de\/wp-json\/wp\/v2\/product"}],"about":[{"href":"https:\/\/www.eliassen.nl\/de\/wp-json\/wp\/v2\/types\/product"}],"wp:featuredmedia":[{"embeddable":true,"href":"https:\/\/www.eliassen.nl\/de\/wp-json\/wp\/v2\/media\/192868"}],"wp:attachment":[{"href":"https:\/\/www.eliassen.nl\/de\/wp-json\/wp\/v2\/media?parent=88882"}],"wp:term":[{"taxonomy":"product_brand","embeddable":true,"href":"https:\/\/www.eliassen.nl\/de\/wp-json\/wp\/v2\/product_brand?post=88882"},{"taxonomy":"product_cat","embeddable":true,"href":"https:\/\/www.eliassen.nl\/de\/wp-json\/wp\/v2\/product_cat?post=88882"},{"taxonomy":"product_tag","embeddable":true,"href":"https:\/\/www.eliassen.nl\/de\/wp-json\/wp\/v2\/product_tag?post=88882"}],"curies":[{"name":"wp","href":"https:\/\/api.w.org\/{rel}","templated":true}]}}