{"id":88804,"date":"2023-04-03T11:58:22","date_gmt":"2023-04-03T11:58:22","guid":{"rendered":"https:\/\/www.eliassen.nl\/?product=glaslamp-arno-france-appel-anijsgroen-38cm"},"modified":"2026-02-06T13:54:28","modified_gmt":"2026-02-06T12:54:28","slug":"glaslampe-arno-france-apfelanisgrun-38cm","status":"publish","type":"product","link":"https:\/\/www.eliassen.nl\/de\/glaslampe-arno-france-apfelanisgrun-38cm\/","title":{"rendered":"Glasleuchte Arno Frankreich Apfel Anis gr\u00fcn 38cm"},"content":{"rendered":"<p><iframe title=\"YouTube-Video-Player\" src=\"https:\/\/www.youtube.com\/embed\/HizD6Y4wHf8\" width=\"  420\" height=\"236\" frameborder=\"0\" allowfullscreen=\"allowfullscreen\"><\/iframe><\/p>\n<p data-path-to-node=\"1\">Holen Sie sich eine einzigartige Kombination aus nat\u00fcrlichen Formen und modernem Design in Ihr Zuhause mit dieser sch\u00f6nen apfelf\u00f6rmigen Glaslampe von Arno France. Dieses exklusive Objekt wird nach traditionellen Methoden aus hochwertigem Kristallglas mit einem Bleigehalt von mindestens 24% mundgeblasen. Dies sorgt f\u00fcr au\u00dfergew\u00f6hnliche Helligkeit und brillante Lichtbrechung, so dass die Lampe auch tags\u00fcber wie ein brillantes Glaskunstwerk wirkt. Mit einer H\u00f6he von ca. 38 cm ist dieses Modell ein idealer Blickfang auf einem Sideboard, Beistelltisch oder in einem offenen Schrank.<\/p>\n<p data-path-to-node=\"2\">Die Lampe zeichnet sich durch ein frisches anisgr\u00fcnes Farbmuster aus, bei dem die Schirme subtil und sanft ineinander \u00fcbergehen. Da jedes Exemplar handgefertigt ist, erhalten Sie ein Unikat f\u00fcr Ihr Zuhause; kleine Abweichungen im Muster machen Ihre Lampe exklusiv. Sie hat eine E14-Fassung und steht auf einem massiven, kristallklaren Glassockel mit einem Durchmesser von 16 cm. Um sofort die gew\u00fcnschte Atmosph\u00e4re zu schaffen, wird die Lampe mit einer <b data-path-to-node=\"2\" data-index-in-node=\"453\">kostenlosen LED-Gl\u00fchbirne mit Fernbedienung<\/b> geliefert, mit der Sie Helligkeit und Farbe ganz einfach einstellen k\u00f6nnen.<\/p>\n","protected":false},"excerpt":{"rendered":"<p>Diese mundgeblasene Lampe in Form eines Apfels mit einer H\u00f6he von 38 cm ist aus 24%igem Bleikristall gefertigt und hat ein attraktives anisgr\u00fcnes Farbmuster. Das einzigartige Kunstobjekt steht auf einem eleganten Kristallsockel und wird mit einer E14-Fassung und einer kostenlosen LED-Lampe mit Fernbedienung geliefert. Mit seiner mundgeblasenen Oberfl\u00e4che ist dieses hochwertige Glasobjekt eine exklusive und stilvolle Erg\u00e4nzung f\u00fcr jede moderne Einrichtung.<\/p>\n","protected":false},"featured_media":88798,"template":"","meta":{"_acf_changed":false,"_genesis_title":"","_genesis_description":""},"product_brand":[7455],"product_cat":[800,749,809,746],"product_tag":[7338],"class_list":{"0":"post-88804","1":"product","2":"type-product","3":"status-publish","4":"has-post-thumbnail","6":"product_brand-arno-frankreich","7":"product_cat-glaskunst","8":"product_cat-glaslampen","10":"product_cat-stimmungsvolle-beleuchtung","11":"product_tag-glaskunst-zerbrechlich","13":"first","14":"instock","15":"taxable","16":"shipping-taxable","17":"purchasable","18":"product-type-simple"},"acf":[],"meta_all":{"total_sales":"0","wcml_sync_hash":{"postmeta_fields":"7da2b3079f86da0da450da1c2a5e1a47"},"attr_label_translations":[],"cor_restricted_countries":[]},"meta_all_flat":{"total_sales":"0","wcml_sync_hash.postmeta_fields":"7da2b3079f86da0da450da1c2a5e1a47"},"yoast_head":"<!-- This site is optimized with the Yoast SEO Premium plugin v26.2 (Yoast SEO v27.2) - https:\/\/yoast.com\/product\/yoast-seo-premium-wordpress\/ -->\n<title>Glasleuchte Arno France Apfel Anis gr\u00fcn 38cm - Eliassen Home &amp; Garden<\/title>\n<meta name=\"description\" content=\"Luxuri\u00f6se gr\u00fcne Glaslampe Arno France (38cm) aus 24% Kristallglas. Einzigartiges mundgeblasenes Objekt mit E14-Fassung und kostenloser LED-Birne mit Fernbedienung.\" \/>\n<meta name=\"robots\" content=\"index, follow, max-snippet:-1, max-image-preview:large, max-video-preview:-1\" \/>\n<link rel=\"canonical\" href=\"https:\/\/www.eliassen.nl\/de\/glaslampe-arno-france-apfelanisgrun-38cm\/\" \/>\n<meta property=\"og:locale\" content=\"de_DE\" \/>\n<meta property=\"og:type\" content=\"article\" \/>\n<meta property=\"og:title\" content=\"Arno Frankreich Glasleuchte Arno Frankreich Apfel Anis gr\u00fcn 38cm - Eliassen.nl\" \/>\n<meta property=\"og:description\" content=\"Luxuri\u00f6se gr\u00fcne Glaslampe Arno France (38cm) aus 24% Kristallglas. Einzigartiges mundgeblasenes Objekt mit E14-Fassung und kostenloser LED-Birne mit Fernbedienung.\" \/>\n<meta property=\"og:url\" content=\"https:\/\/www.eliassen.nl\/de\/glaslampe-arno-france-apfelanisgrun-38cm\/\" \/>\n<meta property=\"og:site_name\" content=\"Eliassen.nl\" \/>\n<meta property=\"article:publisher\" content=\"https:\/\/www.facebook.com\/TuincentrumEliassenAmmerzoden\" \/>\n<meta property=\"article:modified_time\" content=\"2026-02-06T12:54:28+00:00\" \/>\n<meta property=\"og:image\" content=\"https:\/\/www.eliassen.nl\/wp-content\/uploads\/2024\/01\/lpmcl08.jpg\" \/>\n\t<meta property=\"og:image:width\" content=\"1365\" \/>\n\t<meta property=\"og:image:height\" content=\"2048\" \/>\n\t<meta property=\"og:image:type\" content=\"image\/jpeg\" \/>\n<meta name=\"twitter:card\" content=\"summary_large_image\" \/>\n<script type=\"application\/ld+json\" class=\"yoast-schema-graph\">{\"@context\":\"https:\/\/schema.org\",\"@graph\":[{\"@type\":\"WebPage\",\"@id\":\"https:\/\/www.eliassen.nl\/de\/glaslampe-arno-france-apfelanisgrun-38cm\/\",\"url\":\"https:\/\/www.eliassen.nl\/de\/glaslampe-arno-france-apfelanisgrun-38cm\/\",\"name\":\"Glasleuchte Arno France Apfel Anis gr\u00fcn 38cm - Eliassen Home & Garden\",\"isPartOf\":{\"@id\":\"https:\/\/www.eliassen.nl\/de\/#website\"},\"primaryImageOfPage\":{\"@id\":\"https:\/\/www.eliassen.nl\/de\/glaslampe-arno-france-apfelanisgrun-38cm\/#primaryimage\"},\"image\":{\"@id\":\"https:\/\/www.eliassen.nl\/de\/glaslampe-arno-france-apfelanisgrun-38cm\/#primaryimage\"},\"thumbnailUrl\":\"https:\/\/www.eliassen.nl\/wp-content\/uploads\/2024\/01\/lpmcl08.jpg\",\"datePublished\":\"2023-04-03T11:58:22+00:00\",\"dateModified\":\"2026-02-06T12:54:28+00:00\",\"description\":\"Luxuri\u00f6se gr\u00fcne Glaslampe Arno France (38cm) aus 24% Kristallglas. Einzigartiges mundgeblasenes Objekt mit E14-Fassung und kostenloser LED-Birne mit Fernbedienung.\",\"breadcrumb\":{\"@id\":\"https:\/\/www.eliassen.nl\/de\/glaslampe-arno-france-apfelanisgrun-38cm\/#breadcrumb\"},\"inLanguage\":\"de\",\"potentialAction\":[{\"@type\":\"ReadAction\",\"target\":[\"https:\/\/www.eliassen.nl\/de\/glaslampe-arno-france-apfelanisgrun-38cm\/\"]}]},{\"@type\":\"ImageObject\",\"inLanguage\":\"de\",\"@id\":\"https:\/\/www.eliassen.nl\/de\/glaslampe-arno-france-apfelanisgrun-38cm\/#primaryimage\",\"url\":\"https:\/\/www.eliassen.nl\/wp-content\/uploads\/2024\/01\/lpmcl08.jpg\",\"contentUrl\":\"https:\/\/www.eliassen.nl\/wp-content\/uploads\/2024\/01\/lpmcl08.jpg\",\"width\":1365,\"height\":2048,\"caption\":\"LPM_CL_08\"},{\"@type\":\"BreadcrumbList\",\"@id\":\"https:\/\/www.eliassen.nl\/de\/glaslampe-arno-france-apfelanisgrun-38cm\/#breadcrumb\",\"itemListElement\":[{\"@type\":\"ListItem\",\"position\":1,\"name\":\"Home\",\"item\":\"https:\/\/www.eliassen.nl\/de\/\"},{\"@type\":\"ListItem\",\"position\":2,\"name\":\"Shop\",\"item\":\"https:\/\/www.eliassen.nl\/de\/shop\/\"},{\"@type\":\"ListItem\",\"position\":3,\"name\":\"Stimmungsvolle Beleuchtung\",\"item\":\"https:\/\/www.eliassen.nl\/de\/stimmungsvolle-beleuchtung\/\"},{\"@type\":\"ListItem\",\"position\":4,\"name\":\"Glaslampen\",\"item\":\"https:\/\/www.eliassen.nl\/de\/stimmungsvolle-beleuchtung\/glaslampen\/\"},{\"@type\":\"ListItem\",\"position\":5,\"name\":\"Glasleuchte Arno Frankreich Apfel Anis gr\u00fcn 38cm\"}]},{\"@type\":\"WebSite\",\"@id\":\"https:\/\/www.eliassen.nl\/de\/#website\",\"url\":\"https:\/\/www.eliassen.nl\/de\/\",\"name\":\"Eliassen Home & Garden Pleasure\",\"description\":\"\",\"publisher\":{\"@id\":\"https:\/\/www.eliassen.nl\/de\/#organization\"},\"alternateName\":\"Eliassen.nl\",\"potentialAction\":[{\"@type\":\"SearchAction\",\"target\":{\"@type\":\"EntryPoint\",\"urlTemplate\":\"https:\/\/www.eliassen.nl\/de\/?s={search_term_string}\"},\"query-input\":{\"@type\":\"PropertyValueSpecification\",\"valueRequired\":true,\"valueName\":\"search_term_string\"}}],\"inLanguage\":\"de\"},{\"@type\":[\"Organization\",\"Place\"],\"@id\":\"https:\/\/www.eliassen.nl\/de\/#organization\",\"name\":\"Eliassen Home & Garden Pleasure\",\"url\":\"https:\/\/www.eliassen.nl\/de\/\",\"logo\":{\"@id\":\"https:\/\/www.eliassen.nl\/de\/glaslampe-arno-france-apfelanisgrun-38cm\/#local-main-organization-logo\"},\"image\":{\"@id\":\"https:\/\/www.eliassen.nl\/de\/glaslampe-arno-france-apfelanisgrun-38cm\/#local-main-organization-logo\"},\"sameAs\":[\"https:\/\/www.facebook.com\/TuincentrumEliassenAmmerzoden\",\"https:\/\/www.instagram.com\/eliassenhomeandgarden\/\",\"https:\/\/nl.pinterest.com\/eliassenhomeandgarden\/\",\"https:\/\/www.youtube.com\/@eliassenhomegardenpleasure4558\"],\"telephone\":[],\"openingHoursSpecification\":[{\"@type\":\"OpeningHoursSpecification\",\"dayOfWeek\":[\"Monday\",\"Tuesday\",\"Wednesday\",\"Thursday\",\"Friday\",\"Saturday\",\"Sunday\"],\"opens\":\"09:00\",\"closes\":\"17:00\"}]},{\"@type\":\"ImageObject\",\"inLanguage\":\"de\",\"@id\":\"https:\/\/www.eliassen.nl\/de\/glaslampe-arno-france-apfelanisgrun-38cm\/#local-main-organization-logo\",\"url\":\"https:\/\/www.eliassen.nl\/wp-content\/uploads\/2024\/01\/logo_4nd.jpg\",\"contentUrl\":\"https:\/\/www.eliassen.nl\/wp-content\/uploads\/2024\/01\/logo_4nd.jpg\",\"width\":500,\"height\":500,\"caption\":\"Eliassen Home & Garden Pleasure\"}]}<\/script>\n<meta property=\"product:price:amount\" content=\"349.00\" \/>\n<meta property=\"product:price:currency\" content=\"EUR\" \/>\n<meta property=\"og:availability\" content=\"instock\" \/>\n<meta property=\"product:availability\" content=\"instock\" \/>\n<meta property=\"product:retailer_item_id\" content=\"Lpm-cl-08\" \/>\n<meta property=\"product:condition\" content=\"new\" \/>\n<!-- \/ Yoast SEO Premium plugin. -->","yoast_head_json":{"title":"Glasleuchte Arno France Apfel Anis gr\u00fcn 38cm - Eliassen Home & Garden","description":"Luxuri\u00f6se gr\u00fcne Glaslampe Arno France (38cm) aus 24% Kristallglas. Einzigartiges mundgeblasenes Objekt mit E14-Fassung und kostenloser LED-Birne mit Fernbedienung.","robots":{"index":"index","follow":"follow","max-snippet":"max-snippet:-1","max-image-preview":"max-image-preview:large","max-video-preview":"max-video-preview:-1"},"canonical":"https:\/\/www.eliassen.nl\/de\/glaslampe-arno-france-apfelanisgrun-38cm\/","og_locale":"de_DE","og_type":"article","og_title":"Arno Frankreich Glasleuchte Arno Frankreich Apfel Anis gr\u00fcn 38cm - Eliassen.nl","og_description":"Luxuri\u00f6se gr\u00fcne Glaslampe Arno France (38cm) aus 24% Kristallglas. Einzigartiges mundgeblasenes Objekt mit E14-Fassung und kostenloser LED-Birne mit Fernbedienung.","og_url":"https:\/\/www.eliassen.nl\/de\/glaslampe-arno-france-apfelanisgrun-38cm\/","og_site_name":"Eliassen.nl","article_publisher":"https:\/\/www.facebook.com\/TuincentrumEliassenAmmerzoden","article_modified_time":"2026-02-06T12:54:28+00:00","og_image":[{"width":1365,"height":2048,"url":"https:\/\/www.eliassen.nl\/wp-content\/uploads\/2024\/01\/lpmcl08.jpg","type":"image\/jpeg"}],"twitter_card":"summary_large_image","schema":{"@context":"https:\/\/schema.org","@graph":[{"@type":"WebPage","@id":"https:\/\/www.eliassen.nl\/de\/glaslampe-arno-france-apfelanisgrun-38cm\/","url":"https:\/\/www.eliassen.nl\/de\/glaslampe-arno-france-apfelanisgrun-38cm\/","name":"Glasleuchte Arno France Apfel Anis gr\u00fcn 38cm - Eliassen Home & Garden","isPartOf":{"@id":"https:\/\/www.eliassen.nl\/de\/#website"},"primaryImageOfPage":{"@id":"https:\/\/www.eliassen.nl\/de\/glaslampe-arno-france-apfelanisgrun-38cm\/#primaryimage"},"image":{"@id":"https:\/\/www.eliassen.nl\/de\/glaslampe-arno-france-apfelanisgrun-38cm\/#primaryimage"},"thumbnailUrl":"https:\/\/www.eliassen.nl\/wp-content\/uploads\/2024\/01\/lpmcl08.jpg","datePublished":"2023-04-03T11:58:22+00:00","dateModified":"2026-02-06T12:54:28+00:00","description":"Luxuri\u00f6se gr\u00fcne Glaslampe Arno France (38cm) aus 24% Kristallglas. Einzigartiges mundgeblasenes Objekt mit E14-Fassung und kostenloser LED-Birne mit Fernbedienung.","breadcrumb":{"@id":"https:\/\/www.eliassen.nl\/de\/glaslampe-arno-france-apfelanisgrun-38cm\/#breadcrumb"},"inLanguage":"de","potentialAction":[{"@type":"ReadAction","target":["https:\/\/www.eliassen.nl\/de\/glaslampe-arno-france-apfelanisgrun-38cm\/"]}]},{"@type":"ImageObject","inLanguage":"de","@id":"https:\/\/www.eliassen.nl\/de\/glaslampe-arno-france-apfelanisgrun-38cm\/#primaryimage","url":"https:\/\/www.eliassen.nl\/wp-content\/uploads\/2024\/01\/lpmcl08.jpg","contentUrl":"https:\/\/www.eliassen.nl\/wp-content\/uploads\/2024\/01\/lpmcl08.jpg","width":1365,"height":2048,"caption":"LPM_CL_08"},{"@type":"BreadcrumbList","@id":"https:\/\/www.eliassen.nl\/de\/glaslampe-arno-france-apfelanisgrun-38cm\/#breadcrumb","itemListElement":[{"@type":"ListItem","position":1,"name":"Home","item":"https:\/\/www.eliassen.nl\/de\/"},{"@type":"ListItem","position":2,"name":"Shop","item":"https:\/\/www.eliassen.nl\/de\/shop\/"},{"@type":"ListItem","position":3,"name":"Stimmungsvolle Beleuchtung","item":"https:\/\/www.eliassen.nl\/de\/stimmungsvolle-beleuchtung\/"},{"@type":"ListItem","position":4,"name":"Glaslampen","item":"https:\/\/www.eliassen.nl\/de\/stimmungsvolle-beleuchtung\/glaslampen\/"},{"@type":"ListItem","position":5,"name":"Glasleuchte Arno Frankreich Apfel Anis gr\u00fcn 38cm"}]},{"@type":"WebSite","@id":"https:\/\/www.eliassen.nl\/de\/#website","url":"https:\/\/www.eliassen.nl\/de\/","name":"Eliassen Home & Garden Pleasure","description":"","publisher":{"@id":"https:\/\/www.eliassen.nl\/de\/#organization"},"alternateName":"Eliassen.nl","potentialAction":[{"@type":"SearchAction","target":{"@type":"EntryPoint","urlTemplate":"https:\/\/www.eliassen.nl\/de\/?s={search_term_string}"},"query-input":{"@type":"PropertyValueSpecification","valueRequired":true,"valueName":"search_term_string"}}],"inLanguage":"de"},{"@type":["Organization","Place"],"@id":"https:\/\/www.eliassen.nl\/de\/#organization","name":"Eliassen Home & Garden Pleasure","url":"https:\/\/www.eliassen.nl\/de\/","logo":{"@id":"https:\/\/www.eliassen.nl\/de\/glaslampe-arno-france-apfelanisgrun-38cm\/#local-main-organization-logo"},"image":{"@id":"https:\/\/www.eliassen.nl\/de\/glaslampe-arno-france-apfelanisgrun-38cm\/#local-main-organization-logo"},"sameAs":["https:\/\/www.facebook.com\/TuincentrumEliassenAmmerzoden","https:\/\/www.instagram.com\/eliassenhomeandgarden\/","https:\/\/nl.pinterest.com\/eliassenhomeandgarden\/","https:\/\/www.youtube.com\/@eliassenhomegardenpleasure4558"],"telephone":[],"openingHoursSpecification":[{"@type":"OpeningHoursSpecification","dayOfWeek":["Monday","Tuesday","Wednesday","Thursday","Friday","Saturday","Sunday"],"opens":"09:00","closes":"17:00"}]},{"@type":"ImageObject","inLanguage":"de","@id":"https:\/\/www.eliassen.nl\/de\/glaslampe-arno-france-apfelanisgrun-38cm\/#local-main-organization-logo","url":"https:\/\/www.eliassen.nl\/wp-content\/uploads\/2024\/01\/logo_4nd.jpg","contentUrl":"https:\/\/www.eliassen.nl\/wp-content\/uploads\/2024\/01\/logo_4nd.jpg","width":500,"height":500,"caption":"Eliassen Home & Garden Pleasure"}]},"product_price_amount":"349.00","product_price_currency":"EUR","og_availability":"instock","product_availability":"instock","product_retailer_item_id":"Lpm-cl-08","product_condition":"new"},"df_price":349,"df_sale_price":"","df_regular_price":349,"df_image_link":"https:\/\/www.eliassen.nl\/wp-content\/uploads\/2024\/01\/lpmcl08.jpg","image":"https:\/\/www.eliassen.nl\/wp-content\/uploads\/2024\/01\/lpmcl08.jpg","price_search":"<span class=\"woocommerce-Price-amount amount\"><bdi><span class=\"woocommerce-Price-currencySymbol\">&euro;<\/span>&nbsp;349,00<\/bdi><\/span>","category":"Glaskunst","global_unique_id":"6096529061084","_links":{"self":[{"href":"https:\/\/www.eliassen.nl\/de\/wp-json\/wp\/v2\/product\/88804","targetHints":{"allow":["GET"]}}],"collection":[{"href":"https:\/\/www.eliassen.nl\/de\/wp-json\/wp\/v2\/product"}],"about":[{"href":"https:\/\/www.eliassen.nl\/de\/wp-json\/wp\/v2\/types\/product"}],"wp:featuredmedia":[{"embeddable":true,"href":"https:\/\/www.eliassen.nl\/de\/wp-json\/wp\/v2\/media\/88798"}],"wp:attachment":[{"href":"https:\/\/www.eliassen.nl\/de\/wp-json\/wp\/v2\/media?parent=88804"}],"wp:term":[{"taxonomy":"product_brand","embeddable":true,"href":"https:\/\/www.eliassen.nl\/de\/wp-json\/wp\/v2\/product_brand?post=88804"},{"taxonomy":"product_cat","embeddable":true,"href":"https:\/\/www.eliassen.nl\/de\/wp-json\/wp\/v2\/product_cat?post=88804"},{"taxonomy":"product_tag","embeddable":true,"href":"https:\/\/www.eliassen.nl\/de\/wp-json\/wp\/v2\/product_tag?post=88804"}],"curies":[{"name":"wp","href":"https:\/\/api.w.org\/{rel}","templated":true}]}}