{"id":88783,"date":"2023-04-03T11:54:08","date_gmt":"2023-04-03T11:54:08","guid":{"rendered":"https:\/\/www.eliassen.nl\/?product=glaslamp-arno-france-uil-wit-30cm"},"modified":"2026-02-06T13:54:11","modified_gmt":"2026-02-06T12:54:11","slug":"glaslampe-arno-france-eule-weiss-30cm","status":"publish","type":"product","link":"https:\/\/www.eliassen.nl\/de\/glaslampe-arno-france-eule-weiss-30cm\/","title":{"rendered":"Glasleuchte Arno France Eule wei\u00df 30cm"},"content":{"rendered":"<p><iframe title=\"YouTube-Video-Player\" src=\"https:\/\/www.youtube.com\/embed\/HizD6Y4wHf8\" width=\"  420\" height=\"236\" frameborder=\"0\" allowfullscreen=\"allowfullscreen\"><\/iframe><\/p>\n<p data-path-to-node=\"1\">Verleihen Sie Ihrer Einrichtung einen Hauch von nat\u00fcrlichem Charme und k\u00fcnstlerischer Klasse mit dieser einzigartigen Glaslampe in Form einer Eule von Arno France. Dieses exklusive Objekt wird nach traditionellen Methoden aus hochwertigem Kristallglas mit einem Bleigehalt von mindestens 24% mundgeblasen. Dieser hohe Bleigehalt sorgt f\u00fcr eine noch nie dagewesene Helligkeit und einen sch\u00f6nen Glanz, der die wei\u00dfe Eule auch tags\u00fcber zu einem beeindruckenden Dekorationsst\u00fcck macht. Mit einer H\u00f6he von ca. 26&#215;30 cm ist dieses Modell ein charaktervoller Blickfang auf einem Sideboard, Beistelltisch oder in einem stimmungsvollen F\u00e4cherschrank.<\/p>\n<p data-path-to-node=\"2\">Die Lampe zeichnet sich durch ein elegantes Wei\u00df mit subtilen Farbnuancen aus. Da jedes Exemplar handgefertigt ist, holen Sie sich ein einzigartiges Kunstwerk in Ihr Zuhause. Kleine Abweichungen in den Details machen Ihre Eule exklusiv. Sie hat eine E14-Fassung und steht auf einem massiven, kristallklaren Glassockel mit einem Durchmesser von 16 cm. F\u00fcr sofortigen Komfort wird die Lampe mit einer <b data-path-to-node=\"2\" data-index-in-node=\"411\">kostenlosen LED-Fernbedienung<\/b> geliefert, mit der Sie die Helligkeit und Farbeinstellungen ganz einfach an Ihre gew\u00fcnschte Stimmung anpassen k\u00f6nnen.<\/p>\n<p>&nbsp;<\/p>\n","protected":false},"excerpt":{"rendered":"<p>Diese mundgeblasene eulenf\u00f6rmige Lampe von 30 cm H\u00f6he ist aus hochwertigem 24%igem Bleikristall in elegantem Wei\u00df gefertigt. Das einzigartige Kunstobjekt steht auf einem Kristallsockel und wird mit einer E14-Fassung und einer kostenlosen LED-Lampe mit Fernbedienung geliefert. Dank seiner mundgeblasenen Verarbeitung ist dieses hochwertige Glasobjekt eine exklusive und stimmungsvolle Erg\u00e4nzung f\u00fcr jedes Interieur.<\/p>\n","protected":false},"featured_media":88771,"template":"","meta":{"_acf_changed":false,"_genesis_title":"","_genesis_description":""},"product_brand":[7455],"product_cat":[800,749,809,746],"product_tag":[7338],"class_list":{"0":"post-88783","1":"product","2":"type-product","3":"status-publish","4":"has-post-thumbnail","6":"product_brand-arno-frankreich","7":"product_cat-glaskunst","8":"product_cat-glaslampen","10":"product_cat-stimmungsvolle-beleuchtung","11":"product_tag-glaskunst-zerbrechlich","13":"first","14":"outofstock","15":"taxable","16":"shipping-taxable","17":"purchasable","18":"product-type-simple"},"acf":[],"meta_all":{"total_sales":"2","wcml_sync_hash":{"postmeta_fields":"ec6ab1266b8bafe3cd71ccd455ea58ae"},"attr_label_translations":[],"cor_restricted_countries":[]},"meta_all_flat":{"total_sales":"2","wcml_sync_hash.postmeta_fields":"ec6ab1266b8bafe3cd71ccd455ea58ae"},"yoast_head":"<!-- This site is optimized with the Yoast SEO Premium plugin v26.2 (Yoast SEO v27.2) - https:\/\/yoast.com\/product\/yoast-seo-premium-wordpress\/ -->\n<title>Glasleuchte Arno France Eule wei\u00df 30cm - Eliassen Home &amp; Gardenpleasure<\/title>\n<meta name=\"description\" content=\"Luxuri\u00f6se wei\u00dfe Glaslampe Arno France in Eulenform (30cm) aus 24% Kristallglas. Einzigartiges mundgeblasenes Objekt mit E14-Fassung und kostenloser LED-Birne mit Fernbedienung.\" \/>\n<meta name=\"robots\" content=\"index, follow, max-snippet:-1, max-image-preview:large, max-video-preview:-1\" \/>\n<link rel=\"canonical\" href=\"https:\/\/www.eliassen.nl\/de\/glaslampe-arno-france-eule-weiss-30cm\/\" \/>\n<meta property=\"og:locale\" content=\"de_DE\" \/>\n<meta property=\"og:type\" content=\"article\" \/>\n<meta property=\"og:title\" content=\"Arno Frankreich Glasleuchte Arno France Eule wei\u00df 30cm - Eliassen.nl\" \/>\n<meta property=\"og:description\" content=\"Luxuri\u00f6se wei\u00dfe Glaslampe Arno France in Eulenform (30cm) aus 24% Kristallglas. Einzigartiges mundgeblasenes Objekt mit E14-Fassung und kostenloser LED-Birne mit Fernbedienung.\" \/>\n<meta property=\"og:url\" content=\"https:\/\/www.eliassen.nl\/de\/glaslampe-arno-france-eule-weiss-30cm\/\" \/>\n<meta property=\"og:site_name\" content=\"Eliassen.nl\" \/>\n<meta property=\"article:publisher\" content=\"https:\/\/www.facebook.com\/TuincentrumEliassenAmmerzoden\" \/>\n<meta property=\"article:modified_time\" content=\"2026-02-06T12:54:11+00:00\" \/>\n<meta property=\"og:image\" content=\"https:\/\/www.eliassen.nl\/wp-content\/uploads\/2024\/01\/witteglazenuileliassennl.png\" \/>\n\t<meta property=\"og:image:width\" content=\"600\" \/>\n\t<meta property=\"og:image:height\" content=\"632\" \/>\n\t<meta property=\"og:image:type\" content=\"image\/png\" \/>\n<meta name=\"twitter:card\" content=\"summary_large_image\" \/>\n<script type=\"application\/ld+json\" class=\"yoast-schema-graph\">{\"@context\":\"https:\/\/schema.org\",\"@graph\":[{\"@type\":\"WebPage\",\"@id\":\"https:\/\/www.eliassen.nl\/de\/glaslampe-arno-france-eule-weiss-30cm\/\",\"url\":\"https:\/\/www.eliassen.nl\/de\/glaslampe-arno-france-eule-weiss-30cm\/\",\"name\":\"Glasleuchte Arno France Eule wei\u00df 30cm - Eliassen Home & Gardenpleasure\",\"isPartOf\":{\"@id\":\"https:\/\/www.eliassen.nl\/de\/#website\"},\"primaryImageOfPage\":{\"@id\":\"https:\/\/www.eliassen.nl\/de\/glaslampe-arno-france-eule-weiss-30cm\/#primaryimage\"},\"image\":{\"@id\":\"https:\/\/www.eliassen.nl\/de\/glaslampe-arno-france-eule-weiss-30cm\/#primaryimage\"},\"thumbnailUrl\":\"https:\/\/www.eliassen.nl\/wp-content\/uploads\/2024\/01\/witteglazenuileliassennl.png\",\"datePublished\":\"2023-04-03T11:54:08+00:00\",\"dateModified\":\"2026-02-06T12:54:11+00:00\",\"description\":\"Luxuri\u00f6se wei\u00dfe Glaslampe Arno France in Eulenform (30cm) aus 24% Kristallglas. Einzigartiges mundgeblasenes Objekt mit E14-Fassung und kostenloser LED-Birne mit Fernbedienung.\",\"breadcrumb\":{\"@id\":\"https:\/\/www.eliassen.nl\/de\/glaslampe-arno-france-eule-weiss-30cm\/#breadcrumb\"},\"inLanguage\":\"de\",\"potentialAction\":[{\"@type\":\"ReadAction\",\"target\":[\"https:\/\/www.eliassen.nl\/de\/glaslampe-arno-france-eule-weiss-30cm\/\"]}]},{\"@type\":\"ImageObject\",\"inLanguage\":\"de\",\"@id\":\"https:\/\/www.eliassen.nl\/de\/glaslampe-arno-france-eule-weiss-30cm\/#primaryimage\",\"url\":\"https:\/\/www.eliassen.nl\/wp-content\/uploads\/2024\/01\/witteglazenuileliassennl.png\",\"contentUrl\":\"https:\/\/www.eliassen.nl\/wp-content\/uploads\/2024\/01\/witteglazenuileliassennl.png\",\"width\":600,\"height\":632,\"caption\":\"Eule aus wei\u00dfem Glas - eliassen.nl\"},{\"@type\":\"BreadcrumbList\",\"@id\":\"https:\/\/www.eliassen.nl\/de\/glaslampe-arno-france-eule-weiss-30cm\/#breadcrumb\",\"itemListElement\":[{\"@type\":\"ListItem\",\"position\":1,\"name\":\"Home\",\"item\":\"https:\/\/www.eliassen.nl\/de\/\"},{\"@type\":\"ListItem\",\"position\":2,\"name\":\"Shop\",\"item\":\"https:\/\/www.eliassen.nl\/de\/shop\/\"},{\"@type\":\"ListItem\",\"position\":3,\"name\":\"Stimmungsvolle Beleuchtung\",\"item\":\"https:\/\/www.eliassen.nl\/de\/stimmungsvolle-beleuchtung\/\"},{\"@type\":\"ListItem\",\"position\":4,\"name\":\"Glaslampen\",\"item\":\"https:\/\/www.eliassen.nl\/de\/stimmungsvolle-beleuchtung\/glaslampen\/\"},{\"@type\":\"ListItem\",\"position\":5,\"name\":\"Glasleuchte Arno France Eule wei\u00df 30cm\"}]},{\"@type\":\"WebSite\",\"@id\":\"https:\/\/www.eliassen.nl\/de\/#website\",\"url\":\"https:\/\/www.eliassen.nl\/de\/\",\"name\":\"Eliassen Home & Garden Pleasure\",\"description\":\"\",\"publisher\":{\"@id\":\"https:\/\/www.eliassen.nl\/de\/#organization\"},\"alternateName\":\"Eliassen.nl\",\"potentialAction\":[{\"@type\":\"SearchAction\",\"target\":{\"@type\":\"EntryPoint\",\"urlTemplate\":\"https:\/\/www.eliassen.nl\/de\/?s={search_term_string}\"},\"query-input\":{\"@type\":\"PropertyValueSpecification\",\"valueRequired\":true,\"valueName\":\"search_term_string\"}}],\"inLanguage\":\"de\"},{\"@type\":[\"Organization\",\"Place\"],\"@id\":\"https:\/\/www.eliassen.nl\/de\/#organization\",\"name\":\"Eliassen Home & Garden Pleasure\",\"url\":\"https:\/\/www.eliassen.nl\/de\/\",\"logo\":{\"@id\":\"https:\/\/www.eliassen.nl\/de\/glaslampe-arno-france-eule-weiss-30cm\/#local-main-organization-logo\"},\"image\":{\"@id\":\"https:\/\/www.eliassen.nl\/de\/glaslampe-arno-france-eule-weiss-30cm\/#local-main-organization-logo\"},\"sameAs\":[\"https:\/\/www.facebook.com\/TuincentrumEliassenAmmerzoden\",\"https:\/\/www.instagram.com\/eliassenhomeandgarden\/\",\"https:\/\/nl.pinterest.com\/eliassenhomeandgarden\/\",\"https:\/\/www.youtube.com\/@eliassenhomegardenpleasure4558\"],\"telephone\":[],\"openingHoursSpecification\":[{\"@type\":\"OpeningHoursSpecification\",\"dayOfWeek\":[\"Monday\",\"Tuesday\",\"Wednesday\",\"Thursday\",\"Friday\",\"Saturday\",\"Sunday\"],\"opens\":\"09:00\",\"closes\":\"17:00\"}]},{\"@type\":\"ImageObject\",\"inLanguage\":\"de\",\"@id\":\"https:\/\/www.eliassen.nl\/de\/glaslampe-arno-france-eule-weiss-30cm\/#local-main-organization-logo\",\"url\":\"https:\/\/www.eliassen.nl\/wp-content\/uploads\/2024\/01\/logo_4nd.jpg\",\"contentUrl\":\"https:\/\/www.eliassen.nl\/wp-content\/uploads\/2024\/01\/logo_4nd.jpg\",\"width\":500,\"height\":500,\"caption\":\"Eliassen Home & Garden Pleasure\"}]}<\/script>\n<meta property=\"product:price:amount\" content=\"379.00\" \/>\n<meta property=\"product:price:currency\" content=\"EUR\" \/>\n<meta property=\"og:availability\" content=\"out of stock\" \/>\n<meta property=\"product:availability\" content=\"out of stock\" \/>\n<meta property=\"product:retailer_item_id\" content=\"Lh-s-00\" \/>\n<meta property=\"product:condition\" content=\"new\" \/>\n<!-- \/ Yoast SEO Premium plugin. -->","yoast_head_json":{"title":"Glasleuchte Arno France Eule wei\u00df 30cm - Eliassen Home & Gardenpleasure","description":"Luxuri\u00f6se wei\u00dfe Glaslampe Arno France in Eulenform (30cm) aus 24% Kristallglas. Einzigartiges mundgeblasenes Objekt mit E14-Fassung und kostenloser LED-Birne mit Fernbedienung.","robots":{"index":"index","follow":"follow","max-snippet":"max-snippet:-1","max-image-preview":"max-image-preview:large","max-video-preview":"max-video-preview:-1"},"canonical":"https:\/\/www.eliassen.nl\/de\/glaslampe-arno-france-eule-weiss-30cm\/","og_locale":"de_DE","og_type":"article","og_title":"Arno Frankreich Glasleuchte Arno France Eule wei\u00df 30cm - Eliassen.nl","og_description":"Luxuri\u00f6se wei\u00dfe Glaslampe Arno France in Eulenform (30cm) aus 24% Kristallglas. Einzigartiges mundgeblasenes Objekt mit E14-Fassung und kostenloser LED-Birne mit Fernbedienung.","og_url":"https:\/\/www.eliassen.nl\/de\/glaslampe-arno-france-eule-weiss-30cm\/","og_site_name":"Eliassen.nl","article_publisher":"https:\/\/www.facebook.com\/TuincentrumEliassenAmmerzoden","article_modified_time":"2026-02-06T12:54:11+00:00","og_image":[{"width":600,"height":632,"url":"https:\/\/www.eliassen.nl\/wp-content\/uploads\/2024\/01\/witteglazenuileliassennl.png","type":"image\/png"}],"twitter_card":"summary_large_image","schema":{"@context":"https:\/\/schema.org","@graph":[{"@type":"WebPage","@id":"https:\/\/www.eliassen.nl\/de\/glaslampe-arno-france-eule-weiss-30cm\/","url":"https:\/\/www.eliassen.nl\/de\/glaslampe-arno-france-eule-weiss-30cm\/","name":"Glasleuchte Arno France Eule wei\u00df 30cm - Eliassen Home & Gardenpleasure","isPartOf":{"@id":"https:\/\/www.eliassen.nl\/de\/#website"},"primaryImageOfPage":{"@id":"https:\/\/www.eliassen.nl\/de\/glaslampe-arno-france-eule-weiss-30cm\/#primaryimage"},"image":{"@id":"https:\/\/www.eliassen.nl\/de\/glaslampe-arno-france-eule-weiss-30cm\/#primaryimage"},"thumbnailUrl":"https:\/\/www.eliassen.nl\/wp-content\/uploads\/2024\/01\/witteglazenuileliassennl.png","datePublished":"2023-04-03T11:54:08+00:00","dateModified":"2026-02-06T12:54:11+00:00","description":"Luxuri\u00f6se wei\u00dfe Glaslampe Arno France in Eulenform (30cm) aus 24% Kristallglas. Einzigartiges mundgeblasenes Objekt mit E14-Fassung und kostenloser LED-Birne mit Fernbedienung.","breadcrumb":{"@id":"https:\/\/www.eliassen.nl\/de\/glaslampe-arno-france-eule-weiss-30cm\/#breadcrumb"},"inLanguage":"de","potentialAction":[{"@type":"ReadAction","target":["https:\/\/www.eliassen.nl\/de\/glaslampe-arno-france-eule-weiss-30cm\/"]}]},{"@type":"ImageObject","inLanguage":"de","@id":"https:\/\/www.eliassen.nl\/de\/glaslampe-arno-france-eule-weiss-30cm\/#primaryimage","url":"https:\/\/www.eliassen.nl\/wp-content\/uploads\/2024\/01\/witteglazenuileliassennl.png","contentUrl":"https:\/\/www.eliassen.nl\/wp-content\/uploads\/2024\/01\/witteglazenuileliassennl.png","width":600,"height":632,"caption":"Eule aus wei\u00dfem Glas - eliassen.nl"},{"@type":"BreadcrumbList","@id":"https:\/\/www.eliassen.nl\/de\/glaslampe-arno-france-eule-weiss-30cm\/#breadcrumb","itemListElement":[{"@type":"ListItem","position":1,"name":"Home","item":"https:\/\/www.eliassen.nl\/de\/"},{"@type":"ListItem","position":2,"name":"Shop","item":"https:\/\/www.eliassen.nl\/de\/shop\/"},{"@type":"ListItem","position":3,"name":"Stimmungsvolle Beleuchtung","item":"https:\/\/www.eliassen.nl\/de\/stimmungsvolle-beleuchtung\/"},{"@type":"ListItem","position":4,"name":"Glaslampen","item":"https:\/\/www.eliassen.nl\/de\/stimmungsvolle-beleuchtung\/glaslampen\/"},{"@type":"ListItem","position":5,"name":"Glasleuchte Arno France Eule wei\u00df 30cm"}]},{"@type":"WebSite","@id":"https:\/\/www.eliassen.nl\/de\/#website","url":"https:\/\/www.eliassen.nl\/de\/","name":"Eliassen Home & Garden Pleasure","description":"","publisher":{"@id":"https:\/\/www.eliassen.nl\/de\/#organization"},"alternateName":"Eliassen.nl","potentialAction":[{"@type":"SearchAction","target":{"@type":"EntryPoint","urlTemplate":"https:\/\/www.eliassen.nl\/de\/?s={search_term_string}"},"query-input":{"@type":"PropertyValueSpecification","valueRequired":true,"valueName":"search_term_string"}}],"inLanguage":"de"},{"@type":["Organization","Place"],"@id":"https:\/\/www.eliassen.nl\/de\/#organization","name":"Eliassen Home & Garden Pleasure","url":"https:\/\/www.eliassen.nl\/de\/","logo":{"@id":"https:\/\/www.eliassen.nl\/de\/glaslampe-arno-france-eule-weiss-30cm\/#local-main-organization-logo"},"image":{"@id":"https:\/\/www.eliassen.nl\/de\/glaslampe-arno-france-eule-weiss-30cm\/#local-main-organization-logo"},"sameAs":["https:\/\/www.facebook.com\/TuincentrumEliassenAmmerzoden","https:\/\/www.instagram.com\/eliassenhomeandgarden\/","https:\/\/nl.pinterest.com\/eliassenhomeandgarden\/","https:\/\/www.youtube.com\/@eliassenhomegardenpleasure4558"],"telephone":[],"openingHoursSpecification":[{"@type":"OpeningHoursSpecification","dayOfWeek":["Monday","Tuesday","Wednesday","Thursday","Friday","Saturday","Sunday"],"opens":"09:00","closes":"17:00"}]},{"@type":"ImageObject","inLanguage":"de","@id":"https:\/\/www.eliassen.nl\/de\/glaslampe-arno-france-eule-weiss-30cm\/#local-main-organization-logo","url":"https:\/\/www.eliassen.nl\/wp-content\/uploads\/2024\/01\/logo_4nd.jpg","contentUrl":"https:\/\/www.eliassen.nl\/wp-content\/uploads\/2024\/01\/logo_4nd.jpg","width":500,"height":500,"caption":"Eliassen Home & Garden Pleasure"}]},"product_price_amount":"379.00","product_price_currency":"EUR","og_availability":"out of stock","product_availability":"out of stock","product_retailer_item_id":"Lh-s-00","product_condition":"new"},"df_price":379,"df_sale_price":"","df_regular_price":379,"df_image_link":"https:\/\/www.eliassen.nl\/wp-content\/uploads\/2024\/01\/witteglazenuileliassennl.png","image":"https:\/\/www.eliassen.nl\/wp-content\/uploads\/2024\/01\/witteglazenuileliassennl.png","price_search":"<span class=\"woocommerce-Price-amount amount\"><bdi><span class=\"woocommerce-Price-currencySymbol\">&euro;<\/span>&nbsp;379,00<\/bdi><\/span>","category":"Glaskunst","global_unique_id":"6096517982957","_links":{"self":[{"href":"https:\/\/www.eliassen.nl\/de\/wp-json\/wp\/v2\/product\/88783","targetHints":{"allow":["GET"]}}],"collection":[{"href":"https:\/\/www.eliassen.nl\/de\/wp-json\/wp\/v2\/product"}],"about":[{"href":"https:\/\/www.eliassen.nl\/de\/wp-json\/wp\/v2\/types\/product"}],"wp:featuredmedia":[{"embeddable":true,"href":"https:\/\/www.eliassen.nl\/de\/wp-json\/wp\/v2\/media\/88771"}],"wp:attachment":[{"href":"https:\/\/www.eliassen.nl\/de\/wp-json\/wp\/v2\/media?parent=88783"}],"wp:term":[{"taxonomy":"product_brand","embeddable":true,"href":"https:\/\/www.eliassen.nl\/de\/wp-json\/wp\/v2\/product_brand?post=88783"},{"taxonomy":"product_cat","embeddable":true,"href":"https:\/\/www.eliassen.nl\/de\/wp-json\/wp\/v2\/product_cat?post=88783"},{"taxonomy":"product_tag","embeddable":true,"href":"https:\/\/www.eliassen.nl\/de\/wp-json\/wp\/v2\/product_tag?post=88783"}],"curies":[{"name":"wp","href":"https:\/\/api.w.org\/{rel}","templated":true}]}}