{"id":88768,"date":"2023-04-03T11:50:53","date_gmt":"2023-04-03T11:50:53","guid":{"rendered":"https:\/\/www.eliassen.nl\/?product=glaslamp-arno-france-kers-rood-70cm"},"modified":"2026-02-06T13:54:12","modified_gmt":"2026-02-06T12:54:12","slug":"glaslampe-arno-france-kirschrot-70cm","status":"publish","type":"product","link":"https:\/\/www.eliassen.nl\/de\/glaslampe-arno-france-kirschrot-70cm\/","title":{"rendered":"Glasleuchte Arno Frankreich kirschrot 70cm"},"content":{"rendered":"<p><iframe title=\"YouTube-Video-Player\" src=\"https:\/\/www.youtube.com\/embed\/HizD6Y4wHf8\" width=\"  420\" height=\"236\" frameborder=\"0\" allowfullscreen=\"allowfullscreen\"><\/iframe><\/p>\n<p data-path-to-node=\"1\">Holen Sie sich mit dieser sch\u00f6nen kirschf\u00f6rmigen Glaslampe von Arno France einen einzigartigen, k\u00fcnstlerischen Blickfang in Ihr Zuhause. Dieses exklusive Objekt wird nach traditionellen Methoden aus hochwertigem Kristallglas mit einem Bleigehalt von mindestens 24% mundgeblasen. Dies sorgt f\u00fcr au\u00dfergew\u00f6hnliche Helligkeit und einen brillanten Glanz, so dass die Lampe auch tags\u00fcber ein Genuss ist. Mit einer beeindruckenden H\u00f6he von ca. 70 cm und einem Durchmesser von 22 cm ist dieses rote Kunstwerk ein stattliches Element in Ihrer Einrichtung.<\/p>\n<p data-path-to-node=\"2\">Ein besonderes Detail ist der Stiel der Kirsche, der mit Hilfe eines Magneten abgenommen und fest auf die Glaskirsche gesetzt werden kann (Achtung: Heben Sie die Lampe niemals am Stiel an!). Die Lampe ruht auf einem massiven, kristallinen Sockel mit einem Durchmesser von 16 cm. Ausgestattet mit einer E14-Fassung und einer <b data-path-to-node=\"2\" data-index-in-node=\"309\">kostenlosen LED-Gl\u00fchbirne mit Fernbedienung<\/b> k\u00f6nnen Sie die Helligkeit und die Farbe ganz einfach selbst einstellen, um die perfekte Atmosph\u00e4re zu schaffen.<\/p>\n","protected":false},"excerpt":{"rendered":"<p>Diese 70 cm hohe, mundgeblasene Lampe in Form einer Kirsche besteht aus hochwertigem 24%igem Bleikristall in einem leuchtenden Rot. Die Lampe hat einen magnetischen Stiel und steht auf einem eleganten Kristallsockel. Inklusive E14-Fassung und einer kostenlosen LED-Gl\u00fchbirne mit Fernbedienung ist dieses einzigartige, mundgeblasene Kunstobjekt eine exklusive und warme Erg\u00e4nzung f\u00fcr jede moderne Einrichtung.<\/p>\n","protected":false},"featured_media":88741,"template":"","meta":{"_acf_changed":false,"_genesis_title":"","_genesis_description":""},"product_brand":[7455],"product_cat":[800,749,809,746],"product_tag":[7338],"class_list":{"0":"post-88768","1":"product","2":"type-product","3":"status-publish","4":"has-post-thumbnail","6":"product_brand-arno-frankreich","7":"product_cat-glaskunst","8":"product_cat-glaslampen","10":"product_cat-stimmungsvolle-beleuchtung","11":"product_tag-glaskunst-zerbrechlich","13":"first","14":"instock","15":"taxable","16":"shipping-taxable","17":"purchasable","18":"product-type-simple"},"acf":[],"meta_all":{"total_sales":"3","wcml_sync_hash":{"postmeta_fields":"ae7e3664630bca99abb7f62169dcfb27"},"attr_label_translations":[],"cor_restricted_countries":[]},"meta_all_flat":{"total_sales":"3","wcml_sync_hash.postmeta_fields":"ae7e3664630bca99abb7f62169dcfb27"},"yoast_head":"<!-- This site is optimized with the Yoast SEO Premium plugin v26.2 (Yoast SEO v27.2) - https:\/\/yoast.com\/product\/yoast-seo-premium-wordpress\/ -->\n<title>Glasleuchte Arno France kirschrot 70cm - Eliassen Home &amp; Gardenpleasure<\/title>\n<meta name=\"description\" content=\"Luxuri\u00f6se rote Glaslampe Arno France in Kirschenform (70cm) aus 24% Kristallglas. Einzigartiges mundgeblasenes Objekt mit E14-Fassung und kostenloser LED-Birne mit Fernbedienung.\" \/>\n<meta name=\"robots\" content=\"index, follow, max-snippet:-1, max-image-preview:large, max-video-preview:-1\" \/>\n<link rel=\"canonical\" href=\"https:\/\/www.eliassen.nl\/de\/glaslampe-arno-france-kirschrot-70cm\/\" \/>\n<meta property=\"og:locale\" content=\"de_DE\" \/>\n<meta property=\"og:type\" content=\"article\" \/>\n<meta property=\"og:title\" content=\"Arno Frankreich Glasleuchte Arno Frankreich kirschrot 70cm - Eliassen.nl\" \/>\n<meta property=\"og:description\" content=\"Luxuri\u00f6se rote Glaslampe Arno France in Kirschenform (70cm) aus 24% Kristallglas. Einzigartiges mundgeblasenes Objekt mit E14-Fassung und kostenloser LED-Birne mit Fernbedienung.\" \/>\n<meta property=\"og:url\" content=\"https:\/\/www.eliassen.nl\/de\/glaslampe-arno-france-kirschrot-70cm\/\" \/>\n<meta property=\"og:site_name\" content=\"Eliassen.nl\" \/>\n<meta property=\"article:publisher\" content=\"https:\/\/www.facebook.com\/TuincentrumEliassenAmmerzoden\" \/>\n<meta property=\"article:modified_time\" content=\"2026-02-06T12:54:12+00:00\" \/>\n<meta property=\"og:image\" content=\"https:\/\/www.eliassen.nl\/wp-content\/uploads\/2024\/01\/lccl04.jpg\" \/>\n\t<meta property=\"og:image:width\" content=\"1365\" \/>\n\t<meta property=\"og:image:height\" content=\"2048\" \/>\n\t<meta property=\"og:image:type\" content=\"image\/jpeg\" \/>\n<meta name=\"twitter:card\" content=\"summary_large_image\" \/>\n<script type=\"application\/ld+json\" class=\"yoast-schema-graph\">{\"@context\":\"https:\/\/schema.org\",\"@graph\":[{\"@type\":\"WebPage\",\"@id\":\"https:\/\/www.eliassen.nl\/de\/glaslampe-arno-france-kirschrot-70cm\/\",\"url\":\"https:\/\/www.eliassen.nl\/de\/glaslampe-arno-france-kirschrot-70cm\/\",\"name\":\"Glasleuchte Arno France kirschrot 70cm - Eliassen Home & Gardenpleasure\",\"isPartOf\":{\"@id\":\"https:\/\/www.eliassen.nl\/de\/#website\"},\"primaryImageOfPage\":{\"@id\":\"https:\/\/www.eliassen.nl\/de\/glaslampe-arno-france-kirschrot-70cm\/#primaryimage\"},\"image\":{\"@id\":\"https:\/\/www.eliassen.nl\/de\/glaslampe-arno-france-kirschrot-70cm\/#primaryimage\"},\"thumbnailUrl\":\"https:\/\/www.eliassen.nl\/wp-content\/uploads\/2024\/01\/lccl04.jpg\",\"datePublished\":\"2023-04-03T11:50:53+00:00\",\"dateModified\":\"2026-02-06T12:54:12+00:00\",\"description\":\"Luxuri\u00f6se rote Glaslampe Arno France in Kirschenform (70cm) aus 24% Kristallglas. Einzigartiges mundgeblasenes Objekt mit E14-Fassung und kostenloser LED-Birne mit Fernbedienung.\",\"breadcrumb\":{\"@id\":\"https:\/\/www.eliassen.nl\/de\/glaslampe-arno-france-kirschrot-70cm\/#breadcrumb\"},\"inLanguage\":\"de\",\"potentialAction\":[{\"@type\":\"ReadAction\",\"target\":[\"https:\/\/www.eliassen.nl\/de\/glaslampe-arno-france-kirschrot-70cm\/\"]}]},{\"@type\":\"ImageObject\",\"inLanguage\":\"de\",\"@id\":\"https:\/\/www.eliassen.nl\/de\/glaslampe-arno-france-kirschrot-70cm\/#primaryimage\",\"url\":\"https:\/\/www.eliassen.nl\/wp-content\/uploads\/2024\/01\/lccl04.jpg\",\"contentUrl\":\"https:\/\/www.eliassen.nl\/wp-content\/uploads\/2024\/01\/lccl04.jpg\",\"width\":1365,\"height\":2048,\"caption\":\"LC_CL_04\"},{\"@type\":\"BreadcrumbList\",\"@id\":\"https:\/\/www.eliassen.nl\/de\/glaslampe-arno-france-kirschrot-70cm\/#breadcrumb\",\"itemListElement\":[{\"@type\":\"ListItem\",\"position\":1,\"name\":\"Home\",\"item\":\"https:\/\/www.eliassen.nl\/de\/\"},{\"@type\":\"ListItem\",\"position\":2,\"name\":\"Shop\",\"item\":\"https:\/\/www.eliassen.nl\/de\/shop\/\"},{\"@type\":\"ListItem\",\"position\":3,\"name\":\"Stimmungsvolle Beleuchtung\",\"item\":\"https:\/\/www.eliassen.nl\/de\/stimmungsvolle-beleuchtung\/\"},{\"@type\":\"ListItem\",\"position\":4,\"name\":\"Glaslampen\",\"item\":\"https:\/\/www.eliassen.nl\/de\/stimmungsvolle-beleuchtung\/glaslampen\/\"},{\"@type\":\"ListItem\",\"position\":5,\"name\":\"Glasleuchte Arno Frankreich kirschrot 70cm\"}]},{\"@type\":\"WebSite\",\"@id\":\"https:\/\/www.eliassen.nl\/de\/#website\",\"url\":\"https:\/\/www.eliassen.nl\/de\/\",\"name\":\"Eliassen Home & Garden Pleasure\",\"description\":\"\",\"publisher\":{\"@id\":\"https:\/\/www.eliassen.nl\/de\/#organization\"},\"alternateName\":\"Eliassen.nl\",\"potentialAction\":[{\"@type\":\"SearchAction\",\"target\":{\"@type\":\"EntryPoint\",\"urlTemplate\":\"https:\/\/www.eliassen.nl\/de\/?s={search_term_string}\"},\"query-input\":{\"@type\":\"PropertyValueSpecification\",\"valueRequired\":true,\"valueName\":\"search_term_string\"}}],\"inLanguage\":\"de\"},{\"@type\":[\"Organization\",\"Place\"],\"@id\":\"https:\/\/www.eliassen.nl\/de\/#organization\",\"name\":\"Eliassen Home & Garden Pleasure\",\"url\":\"https:\/\/www.eliassen.nl\/de\/\",\"logo\":{\"@id\":\"https:\/\/www.eliassen.nl\/de\/glaslampe-arno-france-kirschrot-70cm\/#local-main-organization-logo\"},\"image\":{\"@id\":\"https:\/\/www.eliassen.nl\/de\/glaslampe-arno-france-kirschrot-70cm\/#local-main-organization-logo\"},\"sameAs\":[\"https:\/\/www.facebook.com\/TuincentrumEliassenAmmerzoden\",\"https:\/\/www.instagram.com\/eliassenhomeandgarden\/\",\"https:\/\/nl.pinterest.com\/eliassenhomeandgarden\/\",\"https:\/\/www.youtube.com\/@eliassenhomegardenpleasure4558\"],\"telephone\":[],\"openingHoursSpecification\":[{\"@type\":\"OpeningHoursSpecification\",\"dayOfWeek\":[\"Monday\",\"Tuesday\",\"Wednesday\",\"Thursday\",\"Friday\",\"Saturday\",\"Sunday\"],\"opens\":\"09:00\",\"closes\":\"17:00\"}]},{\"@type\":\"ImageObject\",\"inLanguage\":\"de\",\"@id\":\"https:\/\/www.eliassen.nl\/de\/glaslampe-arno-france-kirschrot-70cm\/#local-main-organization-logo\",\"url\":\"https:\/\/www.eliassen.nl\/wp-content\/uploads\/2024\/01\/logo_4nd.jpg\",\"contentUrl\":\"https:\/\/www.eliassen.nl\/wp-content\/uploads\/2024\/01\/logo_4nd.jpg\",\"width\":500,\"height\":500,\"caption\":\"Eliassen Home & Garden Pleasure\"}]}<\/script>\n<meta property=\"product:price:amount\" content=\"359.00\" \/>\n<meta property=\"product:price:currency\" content=\"EUR\" \/>\n<meta property=\"og:availability\" content=\"instock\" \/>\n<meta property=\"product:availability\" content=\"instock\" \/>\n<meta property=\"product:retailer_item_id\" content=\"Lc-cl-04\" \/>\n<meta property=\"product:condition\" content=\"new\" \/>\n<!-- \/ Yoast SEO Premium plugin. -->","yoast_head_json":{"title":"Glasleuchte Arno France kirschrot 70cm - Eliassen Home & Gardenpleasure","description":"Luxuri\u00f6se rote Glaslampe Arno France in Kirschenform (70cm) aus 24% Kristallglas. Einzigartiges mundgeblasenes Objekt mit E14-Fassung und kostenloser LED-Birne mit Fernbedienung.","robots":{"index":"index","follow":"follow","max-snippet":"max-snippet:-1","max-image-preview":"max-image-preview:large","max-video-preview":"max-video-preview:-1"},"canonical":"https:\/\/www.eliassen.nl\/de\/glaslampe-arno-france-kirschrot-70cm\/","og_locale":"de_DE","og_type":"article","og_title":"Arno Frankreich Glasleuchte Arno Frankreich kirschrot 70cm - Eliassen.nl","og_description":"Luxuri\u00f6se rote Glaslampe Arno France in Kirschenform (70cm) aus 24% Kristallglas. Einzigartiges mundgeblasenes Objekt mit E14-Fassung und kostenloser LED-Birne mit Fernbedienung.","og_url":"https:\/\/www.eliassen.nl\/de\/glaslampe-arno-france-kirschrot-70cm\/","og_site_name":"Eliassen.nl","article_publisher":"https:\/\/www.facebook.com\/TuincentrumEliassenAmmerzoden","article_modified_time":"2026-02-06T12:54:12+00:00","og_image":[{"width":1365,"height":2048,"url":"https:\/\/www.eliassen.nl\/wp-content\/uploads\/2024\/01\/lccl04.jpg","type":"image\/jpeg"}],"twitter_card":"summary_large_image","schema":{"@context":"https:\/\/schema.org","@graph":[{"@type":"WebPage","@id":"https:\/\/www.eliassen.nl\/de\/glaslampe-arno-france-kirschrot-70cm\/","url":"https:\/\/www.eliassen.nl\/de\/glaslampe-arno-france-kirschrot-70cm\/","name":"Glasleuchte Arno France kirschrot 70cm - Eliassen Home & Gardenpleasure","isPartOf":{"@id":"https:\/\/www.eliassen.nl\/de\/#website"},"primaryImageOfPage":{"@id":"https:\/\/www.eliassen.nl\/de\/glaslampe-arno-france-kirschrot-70cm\/#primaryimage"},"image":{"@id":"https:\/\/www.eliassen.nl\/de\/glaslampe-arno-france-kirschrot-70cm\/#primaryimage"},"thumbnailUrl":"https:\/\/www.eliassen.nl\/wp-content\/uploads\/2024\/01\/lccl04.jpg","datePublished":"2023-04-03T11:50:53+00:00","dateModified":"2026-02-06T12:54:12+00:00","description":"Luxuri\u00f6se rote Glaslampe Arno France in Kirschenform (70cm) aus 24% Kristallglas. Einzigartiges mundgeblasenes Objekt mit E14-Fassung und kostenloser LED-Birne mit Fernbedienung.","breadcrumb":{"@id":"https:\/\/www.eliassen.nl\/de\/glaslampe-arno-france-kirschrot-70cm\/#breadcrumb"},"inLanguage":"de","potentialAction":[{"@type":"ReadAction","target":["https:\/\/www.eliassen.nl\/de\/glaslampe-arno-france-kirschrot-70cm\/"]}]},{"@type":"ImageObject","inLanguage":"de","@id":"https:\/\/www.eliassen.nl\/de\/glaslampe-arno-france-kirschrot-70cm\/#primaryimage","url":"https:\/\/www.eliassen.nl\/wp-content\/uploads\/2024\/01\/lccl04.jpg","contentUrl":"https:\/\/www.eliassen.nl\/wp-content\/uploads\/2024\/01\/lccl04.jpg","width":1365,"height":2048,"caption":"LC_CL_04"},{"@type":"BreadcrumbList","@id":"https:\/\/www.eliassen.nl\/de\/glaslampe-arno-france-kirschrot-70cm\/#breadcrumb","itemListElement":[{"@type":"ListItem","position":1,"name":"Home","item":"https:\/\/www.eliassen.nl\/de\/"},{"@type":"ListItem","position":2,"name":"Shop","item":"https:\/\/www.eliassen.nl\/de\/shop\/"},{"@type":"ListItem","position":3,"name":"Stimmungsvolle Beleuchtung","item":"https:\/\/www.eliassen.nl\/de\/stimmungsvolle-beleuchtung\/"},{"@type":"ListItem","position":4,"name":"Glaslampen","item":"https:\/\/www.eliassen.nl\/de\/stimmungsvolle-beleuchtung\/glaslampen\/"},{"@type":"ListItem","position":5,"name":"Glasleuchte Arno Frankreich kirschrot 70cm"}]},{"@type":"WebSite","@id":"https:\/\/www.eliassen.nl\/de\/#website","url":"https:\/\/www.eliassen.nl\/de\/","name":"Eliassen Home & Garden Pleasure","description":"","publisher":{"@id":"https:\/\/www.eliassen.nl\/de\/#organization"},"alternateName":"Eliassen.nl","potentialAction":[{"@type":"SearchAction","target":{"@type":"EntryPoint","urlTemplate":"https:\/\/www.eliassen.nl\/de\/?s={search_term_string}"},"query-input":{"@type":"PropertyValueSpecification","valueRequired":true,"valueName":"search_term_string"}}],"inLanguage":"de"},{"@type":["Organization","Place"],"@id":"https:\/\/www.eliassen.nl\/de\/#organization","name":"Eliassen Home & Garden Pleasure","url":"https:\/\/www.eliassen.nl\/de\/","logo":{"@id":"https:\/\/www.eliassen.nl\/de\/glaslampe-arno-france-kirschrot-70cm\/#local-main-organization-logo"},"image":{"@id":"https:\/\/www.eliassen.nl\/de\/glaslampe-arno-france-kirschrot-70cm\/#local-main-organization-logo"},"sameAs":["https:\/\/www.facebook.com\/TuincentrumEliassenAmmerzoden","https:\/\/www.instagram.com\/eliassenhomeandgarden\/","https:\/\/nl.pinterest.com\/eliassenhomeandgarden\/","https:\/\/www.youtube.com\/@eliassenhomegardenpleasure4558"],"telephone":[],"openingHoursSpecification":[{"@type":"OpeningHoursSpecification","dayOfWeek":["Monday","Tuesday","Wednesday","Thursday","Friday","Saturday","Sunday"],"opens":"09:00","closes":"17:00"}]},{"@type":"ImageObject","inLanguage":"de","@id":"https:\/\/www.eliassen.nl\/de\/glaslampe-arno-france-kirschrot-70cm\/#local-main-organization-logo","url":"https:\/\/www.eliassen.nl\/wp-content\/uploads\/2024\/01\/logo_4nd.jpg","contentUrl":"https:\/\/www.eliassen.nl\/wp-content\/uploads\/2024\/01\/logo_4nd.jpg","width":500,"height":500,"caption":"Eliassen Home & Garden Pleasure"}]},"product_price_amount":"359.00","product_price_currency":"EUR","og_availability":"instock","product_availability":"instock","product_retailer_item_id":"Lc-cl-04","product_condition":"new"},"df_price":359,"df_sale_price":"","df_regular_price":359,"df_image_link":"https:\/\/www.eliassen.nl\/wp-content\/uploads\/2024\/01\/lccl04.jpg","image":"https:\/\/www.eliassen.nl\/wp-content\/uploads\/2024\/01\/lccl04.jpg","price_search":"<span class=\"woocommerce-Price-amount amount\"><bdi><span class=\"woocommerce-Price-currencySymbol\">&euro;<\/span>&nbsp;359,00<\/bdi><\/span>","category":"Glaskunst","global_unique_id":"6096534782707","_links":{"self":[{"href":"https:\/\/www.eliassen.nl\/de\/wp-json\/wp\/v2\/product\/88768","targetHints":{"allow":["GET"]}}],"collection":[{"href":"https:\/\/www.eliassen.nl\/de\/wp-json\/wp\/v2\/product"}],"about":[{"href":"https:\/\/www.eliassen.nl\/de\/wp-json\/wp\/v2\/types\/product"}],"wp:featuredmedia":[{"embeddable":true,"href":"https:\/\/www.eliassen.nl\/de\/wp-json\/wp\/v2\/media\/88741"}],"wp:attachment":[{"href":"https:\/\/www.eliassen.nl\/de\/wp-json\/wp\/v2\/media?parent=88768"}],"wp:term":[{"taxonomy":"product_brand","embeddable":true,"href":"https:\/\/www.eliassen.nl\/de\/wp-json\/wp\/v2\/product_brand?post=88768"},{"taxonomy":"product_cat","embeddable":true,"href":"https:\/\/www.eliassen.nl\/de\/wp-json\/wp\/v2\/product_cat?post=88768"},{"taxonomy":"product_tag","embeddable":true,"href":"https:\/\/www.eliassen.nl\/de\/wp-json\/wp\/v2\/product_tag?post=88768"}],"curies":[{"name":"wp","href":"https:\/\/api.w.org\/{rel}","templated":true}]}}