{"id":88657,"date":"2023-04-03T10:14:21","date_gmt":"2023-04-03T10:14:21","guid":{"rendered":"https:\/\/www.eliassen.nl\/?product=glaslamp-arno-france-spiraal-amber-65cm"},"modified":"2026-02-06T13:54:12","modified_gmt":"2026-02-06T12:54:12","slug":"glaslampe-arno-france-spirale-bernstein-65cm","status":"publish","type":"product","link":"https:\/\/www.eliassen.nl\/de\/glaslampe-arno-france-spirale-bernstein-65cm\/","title":{"rendered":"Glasleuchte Arno Frankreich Spirale Bernstein 65cm"},"content":{"rendered":"<p><iframe title=\"YouTube-Video-Player\" src=\"https:\/\/www.youtube.com\/embed\/HizD6Y4wHf8\" width=\"  420\" height=\"236\" frameborder=\"0\" allowfullscreen=\"allowfullscreen\"><\/iframe><\/p>\n<p data-path-to-node=\"1\">Verleihen Sie Ihrer Einrichtung ein warmes und stimmungsvolles Licht mit dieser beeindruckenden ovalen Spiralleuchte von Arno France. Dieses exklusive Objekt wird nach traditionellen Methoden aus hochwertigem Kristallglas mit einem Bleigehalt von mindestens 24% mundgeblasen. Dies sorgt f\u00fcr au\u00dfergew\u00f6hnliche Helligkeit und sch\u00f6ne Brillanz, so dass die Lampe auch tags\u00fcber wie ein einzigartiges Glaskunstwerk die Aufmerksamkeit auf sich zieht. Mit einer Gr\u00f6\u00dfe von ca. 24x10x65 cm ist es ein stattlicher Blickfang, der perfekt auf ein Sideboard oder einen Beistelltisch passt.<\/p>\n<p data-path-to-node=\"2\">Das Design zeigt ein wundersch\u00f6nes bernsteinfarbenes Muster, das in einem dynamischen, wellenf\u00f6rmigen Spiralmuster durch das Glas flie\u00dft. Da jede Lampe handgefertigt ist, holen Sie sich ein einzigartiges Kunstwerk in Ihr Zuhause; kleine Abweichungen im Muster machen Ihr Exemplar exklusiv. Sie hat eine E14-Fassung und steht auf einem massiven, kristallklaren Glassockel mit einem Durchmesser von 16 cm. F\u00fcr sofortigen Komfort und ein perfektes Ambiente wird die Lampe mit einer <b data-path-to-node=\"2\" data-index-in-node=\"463\">kostenlosen LED-Gl\u00fchbirne mit Fernbedienung<\/b> geliefert, mit der Sie Helligkeit und Farbe ganz einfach einstellen k\u00f6nnen.<\/p>\n","protected":false},"excerpt":{"rendered":"<p>Diese 65 cm hohe Lampe aus mundgeblasenem Kristall hat ein einzigartiges wellenf\u00f6rmiges Spiralmuster in einem warmen Bernsteinton. Die Lampe besteht aus 24%igem Bleikristall f\u00fcr einen luxuri\u00f6sen Glanz und steht auf einem eleganten Kristallsockel. Inklusive E14-Fassung und einer kostenlosen LED-Gl\u00fchbirne mit Fernbedienung ist dieses handwerkliche Kunstobjekt ein stimmungsvoller Blickfang f\u00fcr jede moderne Einrichtung.<\/p>\n","protected":false},"featured_media":88642,"template":"","meta":{"_acf_changed":false,"_genesis_title":"","_genesis_description":""},"product_brand":[7455],"product_cat":[800,749,809,746],"product_tag":[7338],"class_list":{"0":"post-88657","1":"product","2":"type-product","3":"status-publish","4":"has-post-thumbnail","6":"product_brand-arno-frankreich","7":"product_cat-glaskunst","8":"product_cat-glaslampen","10":"product_cat-stimmungsvolle-beleuchtung","11":"product_tag-glaskunst-zerbrechlich","13":"first","14":"outofstock","15":"taxable","16":"shipping-taxable","17":"purchasable","18":"product-type-simple"},"acf":[],"meta_all":{"total_sales":"4","wcml_sync_hash":{"postmeta_fields":"5c51d1086d339fb96b9c084864281fc6"},"attr_label_translations":[],"cor_restricted_countries":[]},"meta_all_flat":{"total_sales":"4","wcml_sync_hash.postmeta_fields":"5c51d1086d339fb96b9c084864281fc6"},"yoast_head":"<!-- This site is optimized with the Yoast SEO Premium plugin v26.2 (Yoast SEO v27.2) - https:\/\/yoast.com\/product\/yoast-seo-premium-wordpress\/ -->\n<title>Glasleuchte Arno France Spirale Bernstein 65cm - Eliassen Home &amp; Garden<\/title>\n<meta name=\"description\" content=\"Luxuri\u00f6se Braunglaslampe Arno France (65cm) aus 24% Kristallglas. Einzigartiges mundgeblasenes Objekt mit E14-Fassung und kostenloser LED-Birne mit Fernbedienung.\" \/>\n<meta name=\"robots\" content=\"index, follow, max-snippet:-1, max-image-preview:large, max-video-preview:-1\" \/>\n<link rel=\"canonical\" href=\"https:\/\/www.eliassen.nl\/de\/glaslampe-arno-france-spirale-bernstein-65cm\/\" \/>\n<meta property=\"og:locale\" content=\"de_DE\" \/>\n<meta property=\"og:type\" content=\"article\" \/>\n<meta property=\"og:title\" content=\"Arno Frankreich Glasleuchte Arno Frankreich Spirale Bernstein 65cm - Eliassen.nl\" \/>\n<meta property=\"og:description\" content=\"Luxuri\u00f6se Braunglaslampe Arno France (65cm) aus 24% Kristallglas. Einzigartiges mundgeblasenes Objekt mit E14-Fassung und kostenloser LED-Birne mit Fernbedienung.\" \/>\n<meta property=\"og:url\" content=\"https:\/\/www.eliassen.nl\/de\/glaslampe-arno-france-spirale-bernstein-65cm\/\" \/>\n<meta property=\"og:site_name\" content=\"Eliassen.nl\" \/>\n<meta property=\"article:publisher\" content=\"https:\/\/www.facebook.com\/TuincentrumEliassenAmmerzoden\" \/>\n<meta property=\"article:modified_time\" content=\"2026-02-06T12:54:12+00:00\" \/>\n<meta property=\"og:image\" content=\"https:\/\/www.eliassen.nl\/wp-content\/uploads\/2024\/01\/lfs05.jpg\" \/>\n\t<meta property=\"og:image:width\" content=\"1500\" \/>\n\t<meta property=\"og:image:height\" content=\"1500\" \/>\n\t<meta property=\"og:image:type\" content=\"image\/jpeg\" \/>\n<meta name=\"twitter:card\" content=\"summary_large_image\" \/>\n<script type=\"application\/ld+json\" class=\"yoast-schema-graph\">{\"@context\":\"https:\/\/schema.org\",\"@graph\":[{\"@type\":\"WebPage\",\"@id\":\"https:\/\/www.eliassen.nl\/de\/glaslampe-arno-france-spirale-bernstein-65cm\/\",\"url\":\"https:\/\/www.eliassen.nl\/de\/glaslampe-arno-france-spirale-bernstein-65cm\/\",\"name\":\"Glasleuchte Arno France Spirale Bernstein 65cm - Eliassen Home & Garden\",\"isPartOf\":{\"@id\":\"https:\/\/www.eliassen.nl\/de\/#website\"},\"primaryImageOfPage\":{\"@id\":\"https:\/\/www.eliassen.nl\/de\/glaslampe-arno-france-spirale-bernstein-65cm\/#primaryimage\"},\"image\":{\"@id\":\"https:\/\/www.eliassen.nl\/de\/glaslampe-arno-france-spirale-bernstein-65cm\/#primaryimage\"},\"thumbnailUrl\":\"https:\/\/www.eliassen.nl\/wp-content\/uploads\/2024\/01\/lfs05.jpg\",\"datePublished\":\"2023-04-03T10:14:21+00:00\",\"dateModified\":\"2026-02-06T12:54:12+00:00\",\"description\":\"Luxuri\u00f6se Braunglaslampe Arno France (65cm) aus 24% Kristallglas. Einzigartiges mundgeblasenes Objekt mit E14-Fassung und kostenloser LED-Birne mit Fernbedienung.\",\"breadcrumb\":{\"@id\":\"https:\/\/www.eliassen.nl\/de\/glaslampe-arno-france-spirale-bernstein-65cm\/#breadcrumb\"},\"inLanguage\":\"de\",\"potentialAction\":[{\"@type\":\"ReadAction\",\"target\":[\"https:\/\/www.eliassen.nl\/de\/glaslampe-arno-france-spirale-bernstein-65cm\/\"]}]},{\"@type\":\"ImageObject\",\"inLanguage\":\"de\",\"@id\":\"https:\/\/www.eliassen.nl\/de\/glaslampe-arno-france-spirale-bernstein-65cm\/#primaryimage\",\"url\":\"https:\/\/www.eliassen.nl\/wp-content\/uploads\/2024\/01\/lfs05.jpg\",\"contentUrl\":\"https:\/\/www.eliassen.nl\/wp-content\/uploads\/2024\/01\/lfs05.jpg\",\"width\":1500,\"height\":1500,\"caption\":\"LF_S_05\"},{\"@type\":\"BreadcrumbList\",\"@id\":\"https:\/\/www.eliassen.nl\/de\/glaslampe-arno-france-spirale-bernstein-65cm\/#breadcrumb\",\"itemListElement\":[{\"@type\":\"ListItem\",\"position\":1,\"name\":\"Home\",\"item\":\"https:\/\/www.eliassen.nl\/de\/\"},{\"@type\":\"ListItem\",\"position\":2,\"name\":\"Shop\",\"item\":\"https:\/\/www.eliassen.nl\/de\/shop\/\"},{\"@type\":\"ListItem\",\"position\":3,\"name\":\"Stimmungsvolle Beleuchtung\",\"item\":\"https:\/\/www.eliassen.nl\/de\/stimmungsvolle-beleuchtung\/\"},{\"@type\":\"ListItem\",\"position\":4,\"name\":\"Glaslampen\",\"item\":\"https:\/\/www.eliassen.nl\/de\/stimmungsvolle-beleuchtung\/glaslampen\/\"},{\"@type\":\"ListItem\",\"position\":5,\"name\":\"Glasleuchte Arno Frankreich Spirale Bernstein 65cm\"}]},{\"@type\":\"WebSite\",\"@id\":\"https:\/\/www.eliassen.nl\/de\/#website\",\"url\":\"https:\/\/www.eliassen.nl\/de\/\",\"name\":\"Eliassen Home & Garden Pleasure\",\"description\":\"\",\"publisher\":{\"@id\":\"https:\/\/www.eliassen.nl\/de\/#organization\"},\"alternateName\":\"Eliassen.nl\",\"potentialAction\":[{\"@type\":\"SearchAction\",\"target\":{\"@type\":\"EntryPoint\",\"urlTemplate\":\"https:\/\/www.eliassen.nl\/de\/?s={search_term_string}\"},\"query-input\":{\"@type\":\"PropertyValueSpecification\",\"valueRequired\":true,\"valueName\":\"search_term_string\"}}],\"inLanguage\":\"de\"},{\"@type\":[\"Organization\",\"Place\"],\"@id\":\"https:\/\/www.eliassen.nl\/de\/#organization\",\"name\":\"Eliassen Home & Garden Pleasure\",\"url\":\"https:\/\/www.eliassen.nl\/de\/\",\"logo\":{\"@id\":\"https:\/\/www.eliassen.nl\/de\/glaslampe-arno-france-spirale-bernstein-65cm\/#local-main-organization-logo\"},\"image\":{\"@id\":\"https:\/\/www.eliassen.nl\/de\/glaslampe-arno-france-spirale-bernstein-65cm\/#local-main-organization-logo\"},\"sameAs\":[\"https:\/\/www.facebook.com\/TuincentrumEliassenAmmerzoden\",\"https:\/\/www.instagram.com\/eliassenhomeandgarden\/\",\"https:\/\/nl.pinterest.com\/eliassenhomeandgarden\/\",\"https:\/\/www.youtube.com\/@eliassenhomegardenpleasure4558\"],\"telephone\":[],\"openingHoursSpecification\":[{\"@type\":\"OpeningHoursSpecification\",\"dayOfWeek\":[\"Monday\",\"Tuesday\",\"Wednesday\",\"Thursday\",\"Friday\",\"Saturday\",\"Sunday\"],\"opens\":\"09:00\",\"closes\":\"17:00\"}]},{\"@type\":\"ImageObject\",\"inLanguage\":\"de\",\"@id\":\"https:\/\/www.eliassen.nl\/de\/glaslampe-arno-france-spirale-bernstein-65cm\/#local-main-organization-logo\",\"url\":\"https:\/\/www.eliassen.nl\/wp-content\/uploads\/2024\/01\/logo_4nd.jpg\",\"contentUrl\":\"https:\/\/www.eliassen.nl\/wp-content\/uploads\/2024\/01\/logo_4nd.jpg\",\"width\":500,\"height\":500,\"caption\":\"Eliassen Home & Garden Pleasure\"}]}<\/script>\n<meta property=\"product:price:amount\" content=\"279.00\" \/>\n<meta property=\"product:price:currency\" content=\"EUR\" \/>\n<meta property=\"og:availability\" content=\"out of stock\" \/>\n<meta property=\"product:availability\" content=\"out of stock\" \/>\n<meta property=\"product:retailer_item_id\" content=\"Lf-s-05\" \/>\n<meta property=\"product:condition\" content=\"new\" \/>\n<!-- \/ Yoast SEO Premium plugin. -->","yoast_head_json":{"title":"Glasleuchte Arno France Spirale Bernstein 65cm - Eliassen Home & Garden","description":"Luxuri\u00f6se Braunglaslampe Arno France (65cm) aus 24% Kristallglas. Einzigartiges mundgeblasenes Objekt mit E14-Fassung und kostenloser LED-Birne mit Fernbedienung.","robots":{"index":"index","follow":"follow","max-snippet":"max-snippet:-1","max-image-preview":"max-image-preview:large","max-video-preview":"max-video-preview:-1"},"canonical":"https:\/\/www.eliassen.nl\/de\/glaslampe-arno-france-spirale-bernstein-65cm\/","og_locale":"de_DE","og_type":"article","og_title":"Arno Frankreich Glasleuchte Arno Frankreich Spirale Bernstein 65cm - Eliassen.nl","og_description":"Luxuri\u00f6se Braunglaslampe Arno France (65cm) aus 24% Kristallglas. Einzigartiges mundgeblasenes Objekt mit E14-Fassung und kostenloser LED-Birne mit Fernbedienung.","og_url":"https:\/\/www.eliassen.nl\/de\/glaslampe-arno-france-spirale-bernstein-65cm\/","og_site_name":"Eliassen.nl","article_publisher":"https:\/\/www.facebook.com\/TuincentrumEliassenAmmerzoden","article_modified_time":"2026-02-06T12:54:12+00:00","og_image":[{"width":1500,"height":1500,"url":"https:\/\/www.eliassen.nl\/wp-content\/uploads\/2024\/01\/lfs05.jpg","type":"image\/jpeg"}],"twitter_card":"summary_large_image","schema":{"@context":"https:\/\/schema.org","@graph":[{"@type":"WebPage","@id":"https:\/\/www.eliassen.nl\/de\/glaslampe-arno-france-spirale-bernstein-65cm\/","url":"https:\/\/www.eliassen.nl\/de\/glaslampe-arno-france-spirale-bernstein-65cm\/","name":"Glasleuchte Arno France Spirale Bernstein 65cm - Eliassen Home & Garden","isPartOf":{"@id":"https:\/\/www.eliassen.nl\/de\/#website"},"primaryImageOfPage":{"@id":"https:\/\/www.eliassen.nl\/de\/glaslampe-arno-france-spirale-bernstein-65cm\/#primaryimage"},"image":{"@id":"https:\/\/www.eliassen.nl\/de\/glaslampe-arno-france-spirale-bernstein-65cm\/#primaryimage"},"thumbnailUrl":"https:\/\/www.eliassen.nl\/wp-content\/uploads\/2024\/01\/lfs05.jpg","datePublished":"2023-04-03T10:14:21+00:00","dateModified":"2026-02-06T12:54:12+00:00","description":"Luxuri\u00f6se Braunglaslampe Arno France (65cm) aus 24% Kristallglas. Einzigartiges mundgeblasenes Objekt mit E14-Fassung und kostenloser LED-Birne mit Fernbedienung.","breadcrumb":{"@id":"https:\/\/www.eliassen.nl\/de\/glaslampe-arno-france-spirale-bernstein-65cm\/#breadcrumb"},"inLanguage":"de","potentialAction":[{"@type":"ReadAction","target":["https:\/\/www.eliassen.nl\/de\/glaslampe-arno-france-spirale-bernstein-65cm\/"]}]},{"@type":"ImageObject","inLanguage":"de","@id":"https:\/\/www.eliassen.nl\/de\/glaslampe-arno-france-spirale-bernstein-65cm\/#primaryimage","url":"https:\/\/www.eliassen.nl\/wp-content\/uploads\/2024\/01\/lfs05.jpg","contentUrl":"https:\/\/www.eliassen.nl\/wp-content\/uploads\/2024\/01\/lfs05.jpg","width":1500,"height":1500,"caption":"LF_S_05"},{"@type":"BreadcrumbList","@id":"https:\/\/www.eliassen.nl\/de\/glaslampe-arno-france-spirale-bernstein-65cm\/#breadcrumb","itemListElement":[{"@type":"ListItem","position":1,"name":"Home","item":"https:\/\/www.eliassen.nl\/de\/"},{"@type":"ListItem","position":2,"name":"Shop","item":"https:\/\/www.eliassen.nl\/de\/shop\/"},{"@type":"ListItem","position":3,"name":"Stimmungsvolle Beleuchtung","item":"https:\/\/www.eliassen.nl\/de\/stimmungsvolle-beleuchtung\/"},{"@type":"ListItem","position":4,"name":"Glaslampen","item":"https:\/\/www.eliassen.nl\/de\/stimmungsvolle-beleuchtung\/glaslampen\/"},{"@type":"ListItem","position":5,"name":"Glasleuchte Arno Frankreich Spirale Bernstein 65cm"}]},{"@type":"WebSite","@id":"https:\/\/www.eliassen.nl\/de\/#website","url":"https:\/\/www.eliassen.nl\/de\/","name":"Eliassen Home & Garden Pleasure","description":"","publisher":{"@id":"https:\/\/www.eliassen.nl\/de\/#organization"},"alternateName":"Eliassen.nl","potentialAction":[{"@type":"SearchAction","target":{"@type":"EntryPoint","urlTemplate":"https:\/\/www.eliassen.nl\/de\/?s={search_term_string}"},"query-input":{"@type":"PropertyValueSpecification","valueRequired":true,"valueName":"search_term_string"}}],"inLanguage":"de"},{"@type":["Organization","Place"],"@id":"https:\/\/www.eliassen.nl\/de\/#organization","name":"Eliassen Home & Garden Pleasure","url":"https:\/\/www.eliassen.nl\/de\/","logo":{"@id":"https:\/\/www.eliassen.nl\/de\/glaslampe-arno-france-spirale-bernstein-65cm\/#local-main-organization-logo"},"image":{"@id":"https:\/\/www.eliassen.nl\/de\/glaslampe-arno-france-spirale-bernstein-65cm\/#local-main-organization-logo"},"sameAs":["https:\/\/www.facebook.com\/TuincentrumEliassenAmmerzoden","https:\/\/www.instagram.com\/eliassenhomeandgarden\/","https:\/\/nl.pinterest.com\/eliassenhomeandgarden\/","https:\/\/www.youtube.com\/@eliassenhomegardenpleasure4558"],"telephone":[],"openingHoursSpecification":[{"@type":"OpeningHoursSpecification","dayOfWeek":["Monday","Tuesday","Wednesday","Thursday","Friday","Saturday","Sunday"],"opens":"09:00","closes":"17:00"}]},{"@type":"ImageObject","inLanguage":"de","@id":"https:\/\/www.eliassen.nl\/de\/glaslampe-arno-france-spirale-bernstein-65cm\/#local-main-organization-logo","url":"https:\/\/www.eliassen.nl\/wp-content\/uploads\/2024\/01\/logo_4nd.jpg","contentUrl":"https:\/\/www.eliassen.nl\/wp-content\/uploads\/2024\/01\/logo_4nd.jpg","width":500,"height":500,"caption":"Eliassen Home & Garden Pleasure"}]},"product_price_amount":"279.00","product_price_currency":"EUR","og_availability":"out of stock","product_availability":"out of stock","product_retailer_item_id":"Lf-s-05","product_condition":"new"},"df_price":279,"df_sale_price":"","df_regular_price":279,"df_image_link":"https:\/\/www.eliassen.nl\/wp-content\/uploads\/2024\/01\/lfs05.jpg","image":"https:\/\/www.eliassen.nl\/wp-content\/uploads\/2024\/01\/lfs05.jpg","price_search":"<span class=\"woocommerce-Price-amount amount\"><bdi><span class=\"woocommerce-Price-currencySymbol\">&euro;<\/span>&nbsp;279,00<\/bdi><\/span>","category":"Glaskunst","global_unique_id":"6096540783729","_links":{"self":[{"href":"https:\/\/www.eliassen.nl\/de\/wp-json\/wp\/v2\/product\/88657","targetHints":{"allow":["GET"]}}],"collection":[{"href":"https:\/\/www.eliassen.nl\/de\/wp-json\/wp\/v2\/product"}],"about":[{"href":"https:\/\/www.eliassen.nl\/de\/wp-json\/wp\/v2\/types\/product"}],"wp:featuredmedia":[{"embeddable":true,"href":"https:\/\/www.eliassen.nl\/de\/wp-json\/wp\/v2\/media\/88642"}],"wp:attachment":[{"href":"https:\/\/www.eliassen.nl\/de\/wp-json\/wp\/v2\/media?parent=88657"}],"wp:term":[{"taxonomy":"product_brand","embeddable":true,"href":"https:\/\/www.eliassen.nl\/de\/wp-json\/wp\/v2\/product_brand?post=88657"},{"taxonomy":"product_cat","embeddable":true,"href":"https:\/\/www.eliassen.nl\/de\/wp-json\/wp\/v2\/product_cat?post=88657"},{"taxonomy":"product_tag","embeddable":true,"href":"https:\/\/www.eliassen.nl\/de\/wp-json\/wp\/v2\/product_tag?post=88657"}],"curies":[{"name":"wp","href":"https:\/\/api.w.org\/{rel}","templated":true}]}}