{"id":87973,"date":"2023-03-10T10:00:51","date_gmt":"2023-03-10T10:00:51","guid":{"rendered":"https:\/\/www.eliassen.nl\/?product=tandwielklok-industrieel-zwart-102cm"},"modified":"2025-12-15T21:33:52","modified_gmt":"2025-12-15T20:33:52","slug":"zahnraduhr-industrie-schwarz-102cm","status":"publish","type":"product","link":"https:\/\/www.eliassen.nl\/de\/zahnraduhr-industrie-schwarz-102cm\/","title":{"rendered":"Zahnraduhr rund braun\/gr\u00fcn 80cm Bussum"},"content":{"rendered":"<p>Es wird ein Fest sein, zu sehen, wie sp\u00e4t es jetzt ist, mit dieser extra gro\u00dfen, dicken, sch\u00f6nen, runden, braun\/gr\u00fcnen Wanduhr mit rotierenden Zahnr\u00e4dern. Diese sehr h\u00fcbsche Uhr hat einen braunen Stahlrahmen mit dezenten Ziffern.<\/p>\n<p>Diese Art von Wanduhr passt zu allen Interieurs, sowohl zu l\u00e4ndlichen als auch zu industriellen.<\/p>\n<p>Das Besondere an dieser Uhr ist, dass sich in der Mitte eine Reihe von Zahnr\u00e4dern befindet, die mit 2 AA-Stiftlampen eine sehr lange Zeit laufen.<\/p>\n<p>Die Zahnr\u00e4der werden von einem hochwertigen, neuartigen Elektromotor angetrieben, so dass die Motorger\u00e4usche vernachl\u00e4ssigbar sind.<\/p>\n<ul>\n<li>Gr\u00f6\u00dfe: Durchmesser 80cm cm, <strong>Dicke 8cm<\/strong>.<\/li>\n<li>Material: Metall und Glas.<\/li>\n<li>Farbe: Braun\/Gr\u00fcn.<\/li>\n<li>robustes Eisengeh\u00e4use.<\/li>\n<li>Ausgestattet mit einem Quarzwerk.<\/li>\n<li>Industrie-Look.<\/li>\n<li>ab Lager lieferbar.<\/li>\n<li>1 Jahr Garantie.<\/li>\n<\/ul>\n","protected":false},"excerpt":{"rendered":"<p>schwarz\/grau extra-gro\u00dfe dicke Zahnraduhr<\/p>\n","protected":false},"featured_media":201449,"template":"","meta":{"_acf_changed":false,"_genesis_title":"","_genesis_description":""},"product_brand":[7481],"product_cat":[509,521],"product_tag":[7429],"class_list":{"0":"post-87973","1":"product","2":"type-product","3":"status-publish","4":"has-post-thumbnail","6":"product_brand-waren","7":"product_cat-wanddekoration","8":"product_cat-wanduhren","9":"product_tag-uhr-gros","11":"first","12":"outofstock","13":"taxable","14":"shipping-taxable","15":"purchasable","16":"product-type-simple"},"acf":[],"meta_all":{"total_sales":"4","wcml_sync_hash":{"postmeta_fields":"271d91776a01191cfeff28536e8c92b7"},"attr_label_translations":[],"cor_restricted_countries":["DE"],"cor_product_add":"ja"},"meta_all_flat":{"total_sales":"4","wcml_sync_hash.postmeta_fields":"271d91776a01191cfeff28536e8c92b7","cor_restricted_countries.0":"DE","cor_product_add":"ja"},"yoast_head":"<!-- This site is optimized with the Yoast SEO Premium plugin v26.2 (Yoast SEO v27.2) - https:\/\/yoast.com\/product\/yoast-seo-premium-wordpress\/ -->\n<title>Zahnraduhr industriell schwarz 102cm<\/title>\n<meta name=\"description\" content=\"Zahnrad-Uhren? Kommen Sie vorbei und sehen Sie sich unsere gesamte Kollektion live an !!!\" \/>\n<meta name=\"robots\" content=\"index, follow, max-snippet:-1, max-image-preview:large, max-video-preview:-1\" \/>\n<link rel=\"canonical\" href=\"https:\/\/www.eliassen.nl\/de\/zahnraduhr-industrie-schwarz-102cm\/\" \/>\n<meta property=\"og:locale\" content=\"de_DE\" \/>\n<meta property=\"og:type\" content=\"article\" \/>\n<meta property=\"og:title\" content=\"Waren Zahnraduhr rund braun\/gr\u00fcn 80cm Bussum - Eliassen.nl\" \/>\n<meta property=\"og:description\" content=\"Zahnrad-Uhren? Kommen Sie vorbei und sehen Sie sich unsere gesamte Kollektion live an !!!\" \/>\n<meta property=\"og:url\" content=\"https:\/\/www.eliassen.nl\/de\/zahnraduhr-industrie-schwarz-102cm\/\" \/>\n<meta property=\"og:site_name\" content=\"Eliassen.nl\" \/>\n<meta property=\"article:publisher\" content=\"https:\/\/www.facebook.com\/TuincentrumEliassenAmmerzoden\" \/>\n<meta property=\"article:modified_time\" content=\"2025-12-15T20:33:52+00:00\" \/>\n<meta property=\"og:image\" content=\"https:\/\/www.eliassen.nl\/wp-content\/uploads\/2023\/03\/Tandwielklok-bussum-bruin-groen-Eliassen.nl-G6218235.jpg\" \/>\n\t<meta property=\"og:image:width\" content=\"598\" \/>\n\t<meta property=\"og:image:height\" content=\"573\" \/>\n\t<meta property=\"og:image:type\" content=\"image\/jpeg\" \/>\n<meta name=\"twitter:card\" content=\"summary_large_image\" \/>\n<script type=\"application\/ld+json\" class=\"yoast-schema-graph\">{\"@context\":\"https:\/\/schema.org\",\"@graph\":[{\"@type\":\"WebPage\",\"@id\":\"https:\/\/www.eliassen.nl\/de\/zahnraduhr-industrie-schwarz-102cm\/\",\"url\":\"https:\/\/www.eliassen.nl\/de\/zahnraduhr-industrie-schwarz-102cm\/\",\"name\":\"Zahnraduhr industriell schwarz 102cm\",\"isPartOf\":{\"@id\":\"https:\/\/www.eliassen.nl\/de\/#website\"},\"primaryImageOfPage\":{\"@id\":\"https:\/\/www.eliassen.nl\/de\/zahnraduhr-industrie-schwarz-102cm\/#primaryimage\"},\"image\":{\"@id\":\"https:\/\/www.eliassen.nl\/de\/zahnraduhr-industrie-schwarz-102cm\/#primaryimage\"},\"thumbnailUrl\":\"https:\/\/www.eliassen.nl\/wp-content\/uploads\/2023\/03\/Tandwielklok-bussum-bruin-groen-Eliassen.nl-G6218235.jpg\",\"datePublished\":\"2023-03-10T10:00:51+00:00\",\"dateModified\":\"2025-12-15T20:33:52+00:00\",\"description\":\"Zahnrad-Uhren? Kommen Sie vorbei und sehen Sie sich unsere gesamte Kollektion live an !!!\",\"breadcrumb\":{\"@id\":\"https:\/\/www.eliassen.nl\/de\/zahnraduhr-industrie-schwarz-102cm\/#breadcrumb\"},\"inLanguage\":\"de\",\"potentialAction\":[{\"@type\":\"ReadAction\",\"target\":[\"https:\/\/www.eliassen.nl\/de\/zahnraduhr-industrie-schwarz-102cm\/\"]}]},{\"@type\":\"ImageObject\",\"inLanguage\":\"de\",\"@id\":\"https:\/\/www.eliassen.nl\/de\/zahnraduhr-industrie-schwarz-102cm\/#primaryimage\",\"url\":\"https:\/\/www.eliassen.nl\/wp-content\/uploads\/2023\/03\/Tandwielklok-bussum-bruin-groen-Eliassen.nl-G6218235.jpg\",\"contentUrl\":\"https:\/\/www.eliassen.nl\/wp-content\/uploads\/2023\/03\/Tandwielklok-bussum-bruin-groen-Eliassen.nl-G6218235.jpg\",\"width\":598,\"height\":573},{\"@type\":\"BreadcrumbList\",\"@id\":\"https:\/\/www.eliassen.nl\/de\/zahnraduhr-industrie-schwarz-102cm\/#breadcrumb\",\"itemListElement\":[{\"@type\":\"ListItem\",\"position\":1,\"name\":\"Home\",\"item\":\"https:\/\/www.eliassen.nl\/de\/\"},{\"@type\":\"ListItem\",\"position\":2,\"name\":\"Shop\",\"item\":\"https:\/\/www.eliassen.nl\/de\/shop\/\"},{\"@type\":\"ListItem\",\"position\":3,\"name\":\"Wanddekoration\",\"item\":\"https:\/\/www.eliassen.nl\/de\/wanddekoration\/\"},{\"@type\":\"ListItem\",\"position\":4,\"name\":\"Wanduhren\",\"item\":\"https:\/\/www.eliassen.nl\/de\/wanddekoration\/wanduhren\/\"},{\"@type\":\"ListItem\",\"position\":5,\"name\":\"Zahnraduhr rund braun\/gr\u00fcn 80cm Bussum\"}]},{\"@type\":\"WebSite\",\"@id\":\"https:\/\/www.eliassen.nl\/de\/#website\",\"url\":\"https:\/\/www.eliassen.nl\/de\/\",\"name\":\"Eliassen Home & Garden Pleasure\",\"description\":\"\",\"publisher\":{\"@id\":\"https:\/\/www.eliassen.nl\/de\/#organization\"},\"alternateName\":\"Eliassen.nl\",\"potentialAction\":[{\"@type\":\"SearchAction\",\"target\":{\"@type\":\"EntryPoint\",\"urlTemplate\":\"https:\/\/www.eliassen.nl\/de\/?s={search_term_string}\"},\"query-input\":{\"@type\":\"PropertyValueSpecification\",\"valueRequired\":true,\"valueName\":\"search_term_string\"}}],\"inLanguage\":\"de\"},{\"@type\":[\"Organization\",\"Place\"],\"@id\":\"https:\/\/www.eliassen.nl\/de\/#organization\",\"name\":\"Eliassen Home & Garden Pleasure\",\"url\":\"https:\/\/www.eliassen.nl\/de\/\",\"logo\":{\"@id\":\"https:\/\/www.eliassen.nl\/de\/zahnraduhr-industrie-schwarz-102cm\/#local-main-organization-logo\"},\"image\":{\"@id\":\"https:\/\/www.eliassen.nl\/de\/zahnraduhr-industrie-schwarz-102cm\/#local-main-organization-logo\"},\"sameAs\":[\"https:\/\/www.facebook.com\/TuincentrumEliassenAmmerzoden\",\"https:\/\/www.instagram.com\/eliassenhomeandgarden\/\",\"https:\/\/nl.pinterest.com\/eliassenhomeandgarden\/\",\"https:\/\/www.youtube.com\/@eliassenhomegardenpleasure4558\"],\"telephone\":[],\"openingHoursSpecification\":[{\"@type\":\"OpeningHoursSpecification\",\"dayOfWeek\":[\"Monday\",\"Tuesday\",\"Wednesday\",\"Thursday\",\"Friday\",\"Saturday\",\"Sunday\"],\"opens\":\"09:00\",\"closes\":\"17:00\"}]},{\"@type\":\"ImageObject\",\"inLanguage\":\"de\",\"@id\":\"https:\/\/www.eliassen.nl\/de\/zahnraduhr-industrie-schwarz-102cm\/#local-main-organization-logo\",\"url\":\"https:\/\/www.eliassen.nl\/wp-content\/uploads\/2024\/01\/logo_4nd.jpg\",\"contentUrl\":\"https:\/\/www.eliassen.nl\/wp-content\/uploads\/2024\/01\/logo_4nd.jpg\",\"width\":500,\"height\":500,\"caption\":\"Eliassen Home & Garden Pleasure\"}]}<\/script>\n<meta property=\"product:price:amount\" content=\"239.00\" \/>\n<meta property=\"product:price:currency\" content=\"EUR\" \/>\n<meta property=\"og:availability\" content=\"out of stock\" \/>\n<meta property=\"product:availability\" content=\"out of stock\" \/>\n<meta property=\"product:retailer_item_id\" content=\"G6218235\" \/>\n<meta property=\"product:condition\" content=\"new\" \/>\n<!-- \/ Yoast SEO Premium plugin. -->","yoast_head_json":{"title":"Zahnraduhr industriell schwarz 102cm","description":"Zahnrad-Uhren? Kommen Sie vorbei und sehen Sie sich unsere gesamte Kollektion live an !!!","robots":{"index":"index","follow":"follow","max-snippet":"max-snippet:-1","max-image-preview":"max-image-preview:large","max-video-preview":"max-video-preview:-1"},"canonical":"https:\/\/www.eliassen.nl\/de\/zahnraduhr-industrie-schwarz-102cm\/","og_locale":"de_DE","og_type":"article","og_title":"Waren Zahnraduhr rund braun\/gr\u00fcn 80cm Bussum - Eliassen.nl","og_description":"Zahnrad-Uhren? Kommen Sie vorbei und sehen Sie sich unsere gesamte Kollektion live an !!!","og_url":"https:\/\/www.eliassen.nl\/de\/zahnraduhr-industrie-schwarz-102cm\/","og_site_name":"Eliassen.nl","article_publisher":"https:\/\/www.facebook.com\/TuincentrumEliassenAmmerzoden","article_modified_time":"2025-12-15T20:33:52+00:00","og_image":[{"width":598,"height":573,"url":"https:\/\/www.eliassen.nl\/wp-content\/uploads\/2023\/03\/Tandwielklok-bussum-bruin-groen-Eliassen.nl-G6218235.jpg","type":"image\/jpeg"}],"twitter_card":"summary_large_image","schema":{"@context":"https:\/\/schema.org","@graph":[{"@type":"WebPage","@id":"https:\/\/www.eliassen.nl\/de\/zahnraduhr-industrie-schwarz-102cm\/","url":"https:\/\/www.eliassen.nl\/de\/zahnraduhr-industrie-schwarz-102cm\/","name":"Zahnraduhr industriell schwarz 102cm","isPartOf":{"@id":"https:\/\/www.eliassen.nl\/de\/#website"},"primaryImageOfPage":{"@id":"https:\/\/www.eliassen.nl\/de\/zahnraduhr-industrie-schwarz-102cm\/#primaryimage"},"image":{"@id":"https:\/\/www.eliassen.nl\/de\/zahnraduhr-industrie-schwarz-102cm\/#primaryimage"},"thumbnailUrl":"https:\/\/www.eliassen.nl\/wp-content\/uploads\/2023\/03\/Tandwielklok-bussum-bruin-groen-Eliassen.nl-G6218235.jpg","datePublished":"2023-03-10T10:00:51+00:00","dateModified":"2025-12-15T20:33:52+00:00","description":"Zahnrad-Uhren? Kommen Sie vorbei und sehen Sie sich unsere gesamte Kollektion live an !!!","breadcrumb":{"@id":"https:\/\/www.eliassen.nl\/de\/zahnraduhr-industrie-schwarz-102cm\/#breadcrumb"},"inLanguage":"de","potentialAction":[{"@type":"ReadAction","target":["https:\/\/www.eliassen.nl\/de\/zahnraduhr-industrie-schwarz-102cm\/"]}]},{"@type":"ImageObject","inLanguage":"de","@id":"https:\/\/www.eliassen.nl\/de\/zahnraduhr-industrie-schwarz-102cm\/#primaryimage","url":"https:\/\/www.eliassen.nl\/wp-content\/uploads\/2023\/03\/Tandwielklok-bussum-bruin-groen-Eliassen.nl-G6218235.jpg","contentUrl":"https:\/\/www.eliassen.nl\/wp-content\/uploads\/2023\/03\/Tandwielklok-bussum-bruin-groen-Eliassen.nl-G6218235.jpg","width":598,"height":573},{"@type":"BreadcrumbList","@id":"https:\/\/www.eliassen.nl\/de\/zahnraduhr-industrie-schwarz-102cm\/#breadcrumb","itemListElement":[{"@type":"ListItem","position":1,"name":"Home","item":"https:\/\/www.eliassen.nl\/de\/"},{"@type":"ListItem","position":2,"name":"Shop","item":"https:\/\/www.eliassen.nl\/de\/shop\/"},{"@type":"ListItem","position":3,"name":"Wanddekoration","item":"https:\/\/www.eliassen.nl\/de\/wanddekoration\/"},{"@type":"ListItem","position":4,"name":"Wanduhren","item":"https:\/\/www.eliassen.nl\/de\/wanddekoration\/wanduhren\/"},{"@type":"ListItem","position":5,"name":"Zahnraduhr rund braun\/gr\u00fcn 80cm Bussum"}]},{"@type":"WebSite","@id":"https:\/\/www.eliassen.nl\/de\/#website","url":"https:\/\/www.eliassen.nl\/de\/","name":"Eliassen Home & Garden Pleasure","description":"","publisher":{"@id":"https:\/\/www.eliassen.nl\/de\/#organization"},"alternateName":"Eliassen.nl","potentialAction":[{"@type":"SearchAction","target":{"@type":"EntryPoint","urlTemplate":"https:\/\/www.eliassen.nl\/de\/?s={search_term_string}"},"query-input":{"@type":"PropertyValueSpecification","valueRequired":true,"valueName":"search_term_string"}}],"inLanguage":"de"},{"@type":["Organization","Place"],"@id":"https:\/\/www.eliassen.nl\/de\/#organization","name":"Eliassen Home & Garden Pleasure","url":"https:\/\/www.eliassen.nl\/de\/","logo":{"@id":"https:\/\/www.eliassen.nl\/de\/zahnraduhr-industrie-schwarz-102cm\/#local-main-organization-logo"},"image":{"@id":"https:\/\/www.eliassen.nl\/de\/zahnraduhr-industrie-schwarz-102cm\/#local-main-organization-logo"},"sameAs":["https:\/\/www.facebook.com\/TuincentrumEliassenAmmerzoden","https:\/\/www.instagram.com\/eliassenhomeandgarden\/","https:\/\/nl.pinterest.com\/eliassenhomeandgarden\/","https:\/\/www.youtube.com\/@eliassenhomegardenpleasure4558"],"telephone":[],"openingHoursSpecification":[{"@type":"OpeningHoursSpecification","dayOfWeek":["Monday","Tuesday","Wednesday","Thursday","Friday","Saturday","Sunday"],"opens":"09:00","closes":"17:00"}]},{"@type":"ImageObject","inLanguage":"de","@id":"https:\/\/www.eliassen.nl\/de\/zahnraduhr-industrie-schwarz-102cm\/#local-main-organization-logo","url":"https:\/\/www.eliassen.nl\/wp-content\/uploads\/2024\/01\/logo_4nd.jpg","contentUrl":"https:\/\/www.eliassen.nl\/wp-content\/uploads\/2024\/01\/logo_4nd.jpg","width":500,"height":500,"caption":"Eliassen Home & Garden Pleasure"}]},"product_price_amount":"239.00","product_price_currency":"EUR","og_availability":"out of stock","product_availability":"out of stock","product_retailer_item_id":"G6218235","product_condition":"new"},"df_price":239,"df_sale_price":"","df_regular_price":239,"df_image_link":"https:\/\/www.eliassen.nl\/wp-content\/uploads\/2023\/03\/Tandwielklok-bussum-bruin-groen-Eliassen.nl-G6218235-300x287.jpg","image":"https:\/\/www.eliassen.nl\/wp-content\/uploads\/2023\/03\/Tandwielklok-bussum-bruin-groen-Eliassen.nl-G6218235-150x150.jpg","price_search":"<span class=\"woocommerce-Price-amount amount\"><bdi><span class=\"woocommerce-Price-currencySymbol\">&euro;<\/span>&nbsp;239,00<\/bdi><\/span>","category":"Wanddekoration","global_unique_id":"8719716118597","_links":{"self":[{"href":"https:\/\/www.eliassen.nl\/de\/wp-json\/wp\/v2\/product\/87973","targetHints":{"allow":["GET"]}}],"collection":[{"href":"https:\/\/www.eliassen.nl\/de\/wp-json\/wp\/v2\/product"}],"about":[{"href":"https:\/\/www.eliassen.nl\/de\/wp-json\/wp\/v2\/types\/product"}],"wp:featuredmedia":[{"embeddable":true,"href":"https:\/\/www.eliassen.nl\/de\/wp-json\/wp\/v2\/media\/201449"}],"wp:attachment":[{"href":"https:\/\/www.eliassen.nl\/de\/wp-json\/wp\/v2\/media?parent=87973"}],"wp:term":[{"taxonomy":"product_brand","embeddable":true,"href":"https:\/\/www.eliassen.nl\/de\/wp-json\/wp\/v2\/product_brand?post=87973"},{"taxonomy":"product_cat","embeddable":true,"href":"https:\/\/www.eliassen.nl\/de\/wp-json\/wp\/v2\/product_cat?post=87973"},{"taxonomy":"product_tag","embeddable":true,"href":"https:\/\/www.eliassen.nl\/de\/wp-json\/wp\/v2\/product_tag?post=87973"}],"curies":[{"name":"wp","href":"https:\/\/api.w.org\/{rel}","templated":true}]}}