{"id":86110,"date":"2023-02-27T16:08:47","date_gmt":"2023-02-27T16:08:47","guid":{"rendered":"https:\/\/www.eliassen.nl\/?product=beeld-kikker-koning-op-bal-70cm"},"modified":"2026-02-21T15:19:58","modified_gmt":"2026-02-21T14:19:58","slug":"figur-froschkonig-auf-kugel-70cm","status":"publish","type":"product","link":"https:\/\/www.eliassen.nl\/de\/figur-froschkonig-auf-kugel-70cm\/","title":{"rendered":"K\u00f6nig Frosch auf goldener Kugel 70cm"},"content":{"rendered":"<p>Mit unseren Skulpturen k\u00f6nnen Sie eine entspannende Atmosph\u00e4re in Ihrem Garten, Ihrem Gesch\u00e4ft, Ihrer Praxis oder Ihrem Zuhause schaffen.<br \/>\nDiese Statue eines Froschk\u00f6nigs mit Krone auf einer &#8222;goldenen&#8220; Kugel ist aus hochwertigem Steinguss mit einem sehr hohen Zementanteil gefertigt, so dass alle diese Statuen allen Witterungsbedingungen m\u00fchelos standhalten k\u00f6nnen. Die Farbe ist schwarz und kann immer leicht vom Foto abweichen, da die gesamte Serie von Hand gefertigt wird. Froschstatuen werden auch oft an Freunde verschenkt, denn Fr\u00f6sche symbolisieren Wohlstand, Freundschaft und \u00dcberfluss.<\/p>\n<ul>\n<li>Gr\u00f6\u00dfe der H\u00f6he: 50x70cm<\/li>\n<li>Hochwertiger Kunststein<\/li>\n<li>Handgemacht<\/li>\n<li>Schnelle Lieferung<\/li>\n<li><strong>Vieles aus dieser Serie ist auch in unserem Gesch\u00e4ft zu sehen<\/strong><\/li>\n<\/ul>\n","protected":false},"excerpt":{"rendered":"<p>\u2713 50x70cm hoch \u2713 Handgefertigt \u2713 Hochwertiger Kunststein<\/p>\n","protected":false},"featured_media":86107,"template":"","meta":{"_acf_changed":false,"_genesis_title":"","_genesis_description":""},"product_brand":[7505],"product_cat":[677,698,7239],"product_tag":[],"class_list":{"0":"post-86110","1":"product","2":"type-product","3":"status-publish","4":"has-post-thumbnail","6":"product_brand-sonstige","7":"product_cat-betonstatuen","8":"product_cat-tierbilder","9":"product_cat-bilder","11":"first","12":"instock","13":"taxable","14":"shipping-taxable","15":"purchasable","16":"product-type-simple"},"acf":[],"meta_all":{"total_sales":"6","wcml_sync_hash":{"postmeta_fields":"09696d855298376155a1d5daf815809c"},"attr_label_translations":[],"cor_restricted_countries":[]},"meta_all_flat":{"total_sales":"6","wcml_sync_hash.postmeta_fields":"09696d855298376155a1d5daf815809c"},"yoast_head":"<!-- This site is optimized with the Yoast SEO Premium plugin v26.2 (Yoast SEO v27.2) - https:\/\/yoast.com\/product\/yoast-seo-premium-wordpress\/ -->\n<title>Statue Froschk\u00f6nig auf Kugel 70cm<\/title>\n<meta name=\"description\" content=\"Frosch-Statuen: Schauen Sie sich unsere Kollektion in unserem Webshop an, oder kommen Sie vorbei und sehen Sie sie sich live an !!!\" \/>\n<meta name=\"robots\" content=\"index, follow, max-snippet:-1, max-image-preview:large, max-video-preview:-1\" \/>\n<link rel=\"canonical\" href=\"https:\/\/www.eliassen.nl\/de\/figur-froschkonig-auf-kugel-70cm\/\" \/>\n<meta property=\"og:locale\" content=\"de_DE\" \/>\n<meta property=\"og:type\" content=\"article\" \/>\n<meta property=\"og:title\" content=\"Sonstige K\u00f6nig Frosch auf goldener Kugel 70cm - Eliassen.nl\" \/>\n<meta property=\"og:description\" content=\"Frosch-Statuen: Schauen Sie sich unsere Kollektion in unserem Webshop an, oder kommen Sie vorbei und sehen Sie sie sich live an !!!\" \/>\n<meta property=\"og:url\" content=\"https:\/\/www.eliassen.nl\/de\/figur-froschkonig-auf-kugel-70cm\/\" \/>\n<meta property=\"og:site_name\" content=\"Eliassen.nl\" \/>\n<meta property=\"article:publisher\" content=\"https:\/\/www.facebook.com\/TuincentrumEliassenAmmerzoden\" \/>\n<meta property=\"article:modified_time\" content=\"2026-02-21T14:19:58+00:00\" \/>\n<meta property=\"og:image\" content=\"https:\/\/www.eliassen.nl\/wp-content\/uploads\/2024\/01\/brfrgb70.jpg\" \/>\n\t<meta property=\"og:image:width\" content=\"1536\" \/>\n\t<meta property=\"og:image:height\" content=\"2048\" \/>\n\t<meta property=\"og:image:type\" content=\"image\/jpeg\" \/>\n<meta name=\"twitter:card\" content=\"summary_large_image\" \/>\n<script type=\"application\/ld+json\" class=\"yoast-schema-graph\">{\"@context\":\"https:\/\/schema.org\",\"@graph\":[{\"@type\":\"WebPage\",\"@id\":\"https:\/\/www.eliassen.nl\/de\/figur-froschkonig-auf-kugel-70cm\/\",\"url\":\"https:\/\/www.eliassen.nl\/de\/figur-froschkonig-auf-kugel-70cm\/\",\"name\":\"Statue Froschk\u00f6nig auf Kugel 70cm\",\"isPartOf\":{\"@id\":\"https:\/\/www.eliassen.nl\/de\/#website\"},\"primaryImageOfPage\":{\"@id\":\"https:\/\/www.eliassen.nl\/de\/figur-froschkonig-auf-kugel-70cm\/#primaryimage\"},\"image\":{\"@id\":\"https:\/\/www.eliassen.nl\/de\/figur-froschkonig-auf-kugel-70cm\/#primaryimage\"},\"thumbnailUrl\":\"https:\/\/www.eliassen.nl\/wp-content\/uploads\/2024\/01\/brfrgb70.jpg\",\"datePublished\":\"2023-02-27T16:08:47+00:00\",\"dateModified\":\"2026-02-21T14:19:58+00:00\",\"description\":\"Frosch-Statuen: Schauen Sie sich unsere Kollektion in unserem Webshop an, oder kommen Sie vorbei und sehen Sie sie sich live an !!!\",\"breadcrumb\":{\"@id\":\"https:\/\/www.eliassen.nl\/de\/figur-froschkonig-auf-kugel-70cm\/#breadcrumb\"},\"inLanguage\":\"de\",\"potentialAction\":[{\"@type\":\"ReadAction\",\"target\":[\"https:\/\/www.eliassen.nl\/de\/figur-froschkonig-auf-kugel-70cm\/\"]}]},{\"@type\":\"ImageObject\",\"inLanguage\":\"de\",\"@id\":\"https:\/\/www.eliassen.nl\/de\/figur-froschkonig-auf-kugel-70cm\/#primaryimage\",\"url\":\"https:\/\/www.eliassen.nl\/wp-content\/uploads\/2024\/01\/brfrgb70.jpg\",\"contentUrl\":\"https:\/\/www.eliassen.nl\/wp-content\/uploads\/2024\/01\/brfrgb70.jpg\",\"width\":1536,\"height\":2048,\"caption\":\"BR FRGB 70\"},{\"@type\":\"BreadcrumbList\",\"@id\":\"https:\/\/www.eliassen.nl\/de\/figur-froschkonig-auf-kugel-70cm\/#breadcrumb\",\"itemListElement\":[{\"@type\":\"ListItem\",\"position\":1,\"name\":\"Home\",\"item\":\"https:\/\/www.eliassen.nl\/de\/\"},{\"@type\":\"ListItem\",\"position\":2,\"name\":\"Shop\",\"item\":\"https:\/\/www.eliassen.nl\/de\/shop\/\"},{\"@type\":\"ListItem\",\"position\":3,\"name\":\"Bilder\",\"item\":\"https:\/\/www.eliassen.nl\/de\/bilder\/\"},{\"@type\":\"ListItem\",\"position\":4,\"name\":\"Betonstatuen\",\"item\":\"https:\/\/www.eliassen.nl\/de\/bilder\/betonstatuen\/\"},{\"@type\":\"ListItem\",\"position\":5,\"name\":\"Tierstatuen aus Beton\",\"item\":\"https:\/\/www.eliassen.nl\/de\/bilder\/betonstatuen\/tierbilder\/\"},{\"@type\":\"ListItem\",\"position\":6,\"name\":\"K\u00f6nig Frosch auf goldener Kugel 70cm\"}]},{\"@type\":\"WebSite\",\"@id\":\"https:\/\/www.eliassen.nl\/de\/#website\",\"url\":\"https:\/\/www.eliassen.nl\/de\/\",\"name\":\"Eliassen Home & Garden Pleasure\",\"description\":\"\",\"publisher\":{\"@id\":\"https:\/\/www.eliassen.nl\/de\/#organization\"},\"alternateName\":\"Eliassen.nl\",\"potentialAction\":[{\"@type\":\"SearchAction\",\"target\":{\"@type\":\"EntryPoint\",\"urlTemplate\":\"https:\/\/www.eliassen.nl\/de\/?s={search_term_string}\"},\"query-input\":{\"@type\":\"PropertyValueSpecification\",\"valueRequired\":true,\"valueName\":\"search_term_string\"}}],\"inLanguage\":\"de\"},{\"@type\":[\"Organization\",\"Place\"],\"@id\":\"https:\/\/www.eliassen.nl\/de\/#organization\",\"name\":\"Eliassen Home & Garden Pleasure\",\"url\":\"https:\/\/www.eliassen.nl\/de\/\",\"logo\":{\"@id\":\"https:\/\/www.eliassen.nl\/de\/figur-froschkonig-auf-kugel-70cm\/#local-main-organization-logo\"},\"image\":{\"@id\":\"https:\/\/www.eliassen.nl\/de\/figur-froschkonig-auf-kugel-70cm\/#local-main-organization-logo\"},\"sameAs\":[\"https:\/\/www.facebook.com\/TuincentrumEliassenAmmerzoden\",\"https:\/\/www.instagram.com\/eliassenhomeandgarden\/\",\"https:\/\/nl.pinterest.com\/eliassenhomeandgarden\/\",\"https:\/\/www.youtube.com\/@eliassenhomegardenpleasure4558\"],\"telephone\":[],\"openingHoursSpecification\":[{\"@type\":\"OpeningHoursSpecification\",\"dayOfWeek\":[\"Monday\",\"Tuesday\",\"Wednesday\",\"Thursday\",\"Friday\",\"Saturday\",\"Sunday\"],\"opens\":\"09:00\",\"closes\":\"17:00\"}]},{\"@type\":\"ImageObject\",\"inLanguage\":\"de\",\"@id\":\"https:\/\/www.eliassen.nl\/de\/figur-froschkonig-auf-kugel-70cm\/#local-main-organization-logo\",\"url\":\"https:\/\/www.eliassen.nl\/wp-content\/uploads\/2024\/01\/logo_4nd.jpg\",\"contentUrl\":\"https:\/\/www.eliassen.nl\/wp-content\/uploads\/2024\/01\/logo_4nd.jpg\",\"width\":500,\"height\":500,\"caption\":\"Eliassen Home & Garden Pleasure\"}]}<\/script>\n<meta property=\"product:price:amount\" content=\"159.00\" \/>\n<meta property=\"product:price:currency\" content=\"EUR\" \/>\n<meta property=\"og:availability\" content=\"instock\" \/>\n<meta property=\"product:availability\" content=\"instock\" \/>\n<meta property=\"product:retailer_item_id\" content=\"Brfrgb70\" \/>\n<meta property=\"product:condition\" content=\"new\" \/>\n<!-- \/ Yoast SEO Premium plugin. -->","yoast_head_json":{"title":"Statue Froschk\u00f6nig auf Kugel 70cm","description":"Frosch-Statuen: Schauen Sie sich unsere Kollektion in unserem Webshop an, oder kommen Sie vorbei und sehen Sie sie sich live an !!!","robots":{"index":"index","follow":"follow","max-snippet":"max-snippet:-1","max-image-preview":"max-image-preview:large","max-video-preview":"max-video-preview:-1"},"canonical":"https:\/\/www.eliassen.nl\/de\/figur-froschkonig-auf-kugel-70cm\/","og_locale":"de_DE","og_type":"article","og_title":"Sonstige K\u00f6nig Frosch auf goldener Kugel 70cm - Eliassen.nl","og_description":"Frosch-Statuen: Schauen Sie sich unsere Kollektion in unserem Webshop an, oder kommen Sie vorbei und sehen Sie sie sich live an !!!","og_url":"https:\/\/www.eliassen.nl\/de\/figur-froschkonig-auf-kugel-70cm\/","og_site_name":"Eliassen.nl","article_publisher":"https:\/\/www.facebook.com\/TuincentrumEliassenAmmerzoden","article_modified_time":"2026-02-21T14:19:58+00:00","og_image":[{"width":1536,"height":2048,"url":"https:\/\/www.eliassen.nl\/wp-content\/uploads\/2024\/01\/brfrgb70.jpg","type":"image\/jpeg"}],"twitter_card":"summary_large_image","schema":{"@context":"https:\/\/schema.org","@graph":[{"@type":"WebPage","@id":"https:\/\/www.eliassen.nl\/de\/figur-froschkonig-auf-kugel-70cm\/","url":"https:\/\/www.eliassen.nl\/de\/figur-froschkonig-auf-kugel-70cm\/","name":"Statue Froschk\u00f6nig auf Kugel 70cm","isPartOf":{"@id":"https:\/\/www.eliassen.nl\/de\/#website"},"primaryImageOfPage":{"@id":"https:\/\/www.eliassen.nl\/de\/figur-froschkonig-auf-kugel-70cm\/#primaryimage"},"image":{"@id":"https:\/\/www.eliassen.nl\/de\/figur-froschkonig-auf-kugel-70cm\/#primaryimage"},"thumbnailUrl":"https:\/\/www.eliassen.nl\/wp-content\/uploads\/2024\/01\/brfrgb70.jpg","datePublished":"2023-02-27T16:08:47+00:00","dateModified":"2026-02-21T14:19:58+00:00","description":"Frosch-Statuen: Schauen Sie sich unsere Kollektion in unserem Webshop an, oder kommen Sie vorbei und sehen Sie sie sich live an !!!","breadcrumb":{"@id":"https:\/\/www.eliassen.nl\/de\/figur-froschkonig-auf-kugel-70cm\/#breadcrumb"},"inLanguage":"de","potentialAction":[{"@type":"ReadAction","target":["https:\/\/www.eliassen.nl\/de\/figur-froschkonig-auf-kugel-70cm\/"]}]},{"@type":"ImageObject","inLanguage":"de","@id":"https:\/\/www.eliassen.nl\/de\/figur-froschkonig-auf-kugel-70cm\/#primaryimage","url":"https:\/\/www.eliassen.nl\/wp-content\/uploads\/2024\/01\/brfrgb70.jpg","contentUrl":"https:\/\/www.eliassen.nl\/wp-content\/uploads\/2024\/01\/brfrgb70.jpg","width":1536,"height":2048,"caption":"BR FRGB 70"},{"@type":"BreadcrumbList","@id":"https:\/\/www.eliassen.nl\/de\/figur-froschkonig-auf-kugel-70cm\/#breadcrumb","itemListElement":[{"@type":"ListItem","position":1,"name":"Home","item":"https:\/\/www.eliassen.nl\/de\/"},{"@type":"ListItem","position":2,"name":"Shop","item":"https:\/\/www.eliassen.nl\/de\/shop\/"},{"@type":"ListItem","position":3,"name":"Bilder","item":"https:\/\/www.eliassen.nl\/de\/bilder\/"},{"@type":"ListItem","position":4,"name":"Betonstatuen","item":"https:\/\/www.eliassen.nl\/de\/bilder\/betonstatuen\/"},{"@type":"ListItem","position":5,"name":"Tierstatuen aus Beton","item":"https:\/\/www.eliassen.nl\/de\/bilder\/betonstatuen\/tierbilder\/"},{"@type":"ListItem","position":6,"name":"K\u00f6nig Frosch auf goldener Kugel 70cm"}]},{"@type":"WebSite","@id":"https:\/\/www.eliassen.nl\/de\/#website","url":"https:\/\/www.eliassen.nl\/de\/","name":"Eliassen Home & Garden Pleasure","description":"","publisher":{"@id":"https:\/\/www.eliassen.nl\/de\/#organization"},"alternateName":"Eliassen.nl","potentialAction":[{"@type":"SearchAction","target":{"@type":"EntryPoint","urlTemplate":"https:\/\/www.eliassen.nl\/de\/?s={search_term_string}"},"query-input":{"@type":"PropertyValueSpecification","valueRequired":true,"valueName":"search_term_string"}}],"inLanguage":"de"},{"@type":["Organization","Place"],"@id":"https:\/\/www.eliassen.nl\/de\/#organization","name":"Eliassen Home & Garden Pleasure","url":"https:\/\/www.eliassen.nl\/de\/","logo":{"@id":"https:\/\/www.eliassen.nl\/de\/figur-froschkonig-auf-kugel-70cm\/#local-main-organization-logo"},"image":{"@id":"https:\/\/www.eliassen.nl\/de\/figur-froschkonig-auf-kugel-70cm\/#local-main-organization-logo"},"sameAs":["https:\/\/www.facebook.com\/TuincentrumEliassenAmmerzoden","https:\/\/www.instagram.com\/eliassenhomeandgarden\/","https:\/\/nl.pinterest.com\/eliassenhomeandgarden\/","https:\/\/www.youtube.com\/@eliassenhomegardenpleasure4558"],"telephone":[],"openingHoursSpecification":[{"@type":"OpeningHoursSpecification","dayOfWeek":["Monday","Tuesday","Wednesday","Thursday","Friday","Saturday","Sunday"],"opens":"09:00","closes":"17:00"}]},{"@type":"ImageObject","inLanguage":"de","@id":"https:\/\/www.eliassen.nl\/de\/figur-froschkonig-auf-kugel-70cm\/#local-main-organization-logo","url":"https:\/\/www.eliassen.nl\/wp-content\/uploads\/2024\/01\/logo_4nd.jpg","contentUrl":"https:\/\/www.eliassen.nl\/wp-content\/uploads\/2024\/01\/logo_4nd.jpg","width":500,"height":500,"caption":"Eliassen Home & Garden Pleasure"}]},"product_price_amount":"159.00","product_price_currency":"EUR","og_availability":"instock","product_availability":"instock","product_retailer_item_id":"Brfrgb70","product_condition":"new"},"df_price":159,"df_sale_price":"","df_regular_price":159,"df_image_link":"https:\/\/www.eliassen.nl\/wp-content\/uploads\/2024\/01\/brfrgb70.jpg","image":"https:\/\/www.eliassen.nl\/wp-content\/uploads\/2024\/01\/brfrgb70.jpg","price_search":"<span class=\"woocommerce-Price-amount amount\"><bdi><span class=\"woocommerce-Price-currencySymbol\">&euro;<\/span>&nbsp;159,00<\/bdi><\/span>","category":"Betonstatuen","global_unique_id":"6096521454426","_links":{"self":[{"href":"https:\/\/www.eliassen.nl\/de\/wp-json\/wp\/v2\/product\/86110","targetHints":{"allow":["GET"]}}],"collection":[{"href":"https:\/\/www.eliassen.nl\/de\/wp-json\/wp\/v2\/product"}],"about":[{"href":"https:\/\/www.eliassen.nl\/de\/wp-json\/wp\/v2\/types\/product"}],"wp:featuredmedia":[{"embeddable":true,"href":"https:\/\/www.eliassen.nl\/de\/wp-json\/wp\/v2\/media\/86107"}],"wp:attachment":[{"href":"https:\/\/www.eliassen.nl\/de\/wp-json\/wp\/v2\/media?parent=86110"}],"wp:term":[{"taxonomy":"product_brand","embeddable":true,"href":"https:\/\/www.eliassen.nl\/de\/wp-json\/wp\/v2\/product_brand?post=86110"},{"taxonomy":"product_cat","embeddable":true,"href":"https:\/\/www.eliassen.nl\/de\/wp-json\/wp\/v2\/product_cat?post=86110"},{"taxonomy":"product_tag","embeddable":true,"href":"https:\/\/www.eliassen.nl\/de\/wp-json\/wp\/v2\/product_tag?post=86110"}],"curies":[{"name":"wp","href":"https:\/\/api.w.org\/{rel}","templated":true}]}}