{"id":84337,"date":"2023-02-20T16:12:23","date_gmt":"2023-02-20T16:12:23","guid":{"rendered":"https:\/\/www.eliassen.nl\/?product=bolpot-monika-80cm-breed-antraciet"},"modified":"2026-02-04T12:15:13","modified_gmt":"2026-02-04T11:15:13","slug":"bolpot-monika-80cm-breit-anthrazit","status":"publish","type":"product","link":"https:\/\/www.eliassen.nl\/de\/bolpot-monika-80cm-breit-anthrazit\/","title":{"rendered":"Kugeltopf Monika 80cm breit anthrazit"},"content":{"rendered":"<p>Wenn Sie einen gro\u00dfen, runden, modernen Blumentopf in der Farbe Anthrazit suchen, der f\u00fcr Palmen, Olivenb\u00e4ume oder andere mediterrane oder gew\u00f6hnliche Pflanzen geeignet ist, der sehr robust, farbecht und nicht superschwer ist, dann ist die Wahl f\u00fcr diesen Topf schnell getroffen.<\/p>\n<p>Dieser Blumentopf aus dem sehr starken und haltbaren Material Fibrestone Fiberstone ist ein mit Kunstharz vermischtes Steinpulver, das bei der Verarbeitung mit Glasfasermatten verst\u00e4rkt wird. Das Ergebnis ist ein sehr starkes Material, das nicht zu stark ist. Dieser Topf ist oben umgewandelt und bietet gro\u00dfe St\u00e4rke<\/p>\n<ul>\n<li>Gr\u00f6\u00dfe: Durchmesser 80cm, H\u00f6he 56cm<\/li>\n<li>Farbecht<\/li>\n<li>Leichteres Gewicht<\/li>\n<li>100% frostbest\u00e4ndig<\/li>\n<li>sehr stark<\/li>\n<li>2 Jahre Garantie<\/li>\n<\/ul>\n","protected":false},"excerpt":{"rendered":"<p>schlanker gro\u00dfer anthrazitfarbener runder Topf<\/p>\n","protected":false},"featured_media":84334,"template":"","meta":{"_acf_changed":false,"_genesis_title":"","_genesis_description":""},"product_brand":[7505],"product_cat":[722,740],"product_tag":[],"class_list":{"0":"post-84337","1":"product","2":"type-product","3":"status-publish","4":"has-post-thumbnail","6":"product_brand-sonstige","7":"product_cat-blumentoepfe-und-pflanzgefaesse","8":"product_cat-pflanzkuebel-fuer-den-aussenbereich-gross-leicht","10":"first","11":"instock","12":"sale","13":"taxable","14":"shipping-taxable","15":"purchasable","16":"product-type-simple"},"acf":[],"meta_all":{"total_sales":"3","wcml_sync_hash":{"postmeta_fields":"fb1c624a68fc009bbd8c7235c8ce10da"},"attr_label_translations":[],"cor_restricted_countries":[]},"meta_all_flat":{"total_sales":"3","wcml_sync_hash.postmeta_fields":"fb1c624a68fc009bbd8c7235c8ce10da"},"yoast_head":"<!-- This site is optimized with the Yoast SEO Premium plugin v26.2 (Yoast SEO v27.2) - https:\/\/yoast.com\/product\/yoast-seo-premium-wordpress\/ -->\n<title>Moderner gro\u00dfer runder Blumentopf Monika | 80cm breit | anthrazit<\/title>\n<meta name=\"description\" content=\"Anthrazitfarbener gro\u00dfer runder Kugeltopf, geeignet f\u00fcr gr\u00f6\u00dfere Palmen und Olivenb\u00e4ume. Farbecht, nicht schwer und 100 frostbest\u00e4ndig. Auch in unserem Ausstellungsraum zu sehen!\" \/>\n<meta name=\"robots\" content=\"index, follow, max-snippet:-1, max-image-preview:large, max-video-preview:-1\" \/>\n<link rel=\"canonical\" href=\"https:\/\/www.eliassen.nl\/de\/bolpot-monika-80cm-breit-anthrazit\/\" \/>\n<meta property=\"og:locale\" content=\"de_DE\" \/>\n<meta property=\"og:type\" content=\"article\" \/>\n<meta property=\"og:title\" content=\"Sonstige Kugeltopf Monika 80cm breit anthrazit - Eliassen.nl\" \/>\n<meta property=\"og:description\" content=\"Anthrazitfarbener gro\u00dfer runder Kugeltopf, geeignet f\u00fcr gr\u00f6\u00dfere Palmen und Olivenb\u00e4ume. Farbecht, nicht schwer und 100 frostbest\u00e4ndig. Auch in unserem Ausstellungsraum zu sehen!\" \/>\n<meta property=\"og:url\" content=\"https:\/\/www.eliassen.nl\/de\/bolpot-monika-80cm-breit-anthrazit\/\" \/>\n<meta property=\"og:site_name\" content=\"Eliassen.nl\" \/>\n<meta property=\"article:publisher\" content=\"https:\/\/www.facebook.com\/TuincentrumEliassenAmmerzoden\" \/>\n<meta property=\"article:modified_time\" content=\"2026-02-04T11:15:13+00:00\" \/>\n<meta property=\"og:image\" content=\"https:\/\/www.eliassen.nl\/wp-content\/uploads\/2024\/01\/126103.jpg\" \/>\n\t<meta property=\"og:image:width\" content=\"2048\" \/>\n\t<meta property=\"og:image:height\" content=\"1672\" \/>\n\t<meta property=\"og:image:type\" content=\"image\/jpeg\" \/>\n<meta name=\"twitter:card\" content=\"summary_large_image\" \/>\n<script type=\"application\/ld+json\" class=\"yoast-schema-graph\">{\"@context\":\"https:\/\/schema.org\",\"@graph\":[{\"@type\":\"WebPage\",\"@id\":\"https:\/\/www.eliassen.nl\/de\/bolpot-monika-80cm-breit-anthrazit\/\",\"url\":\"https:\/\/www.eliassen.nl\/de\/bolpot-monika-80cm-breit-anthrazit\/\",\"name\":\"Moderner gro\u00dfer runder Blumentopf Monika | 80cm breit | anthrazit\",\"isPartOf\":{\"@id\":\"https:\/\/www.eliassen.nl\/de\/#website\"},\"primaryImageOfPage\":{\"@id\":\"https:\/\/www.eliassen.nl\/de\/bolpot-monika-80cm-breit-anthrazit\/#primaryimage\"},\"image\":{\"@id\":\"https:\/\/www.eliassen.nl\/de\/bolpot-monika-80cm-breit-anthrazit\/#primaryimage\"},\"thumbnailUrl\":\"https:\/\/www.eliassen.nl\/wp-content\/uploads\/2024\/01\/126103.jpg\",\"datePublished\":\"2023-02-20T16:12:23+00:00\",\"dateModified\":\"2026-02-04T11:15:13+00:00\",\"description\":\"Anthrazitfarbener gro\u00dfer runder Kugeltopf, geeignet f\u00fcr gr\u00f6\u00dfere Palmen und Olivenb\u00e4ume. Farbecht, nicht schwer und 100 frostbest\u00e4ndig. Auch in unserem Ausstellungsraum zu sehen!\",\"breadcrumb\":{\"@id\":\"https:\/\/www.eliassen.nl\/de\/bolpot-monika-80cm-breit-anthrazit\/#breadcrumb\"},\"inLanguage\":\"de\",\"potentialAction\":[{\"@type\":\"ReadAction\",\"target\":[\"https:\/\/www.eliassen.nl\/de\/bolpot-monika-80cm-breit-anthrazit\/\"]}]},{\"@type\":\"ImageObject\",\"inLanguage\":\"de\",\"@id\":\"https:\/\/www.eliassen.nl\/de\/bolpot-monika-80cm-breit-anthrazit\/#primaryimage\",\"url\":\"https:\/\/www.eliassen.nl\/wp-content\/uploads\/2024\/01\/126103.jpg\",\"contentUrl\":\"https:\/\/www.eliassen.nl\/wp-content\/uploads\/2024\/01\/126103.jpg\",\"width\":2048,\"height\":1672,\"caption\":\"126103\"},{\"@type\":\"BreadcrumbList\",\"@id\":\"https:\/\/www.eliassen.nl\/de\/bolpot-monika-80cm-breit-anthrazit\/#breadcrumb\",\"itemListElement\":[{\"@type\":\"ListItem\",\"position\":1,\"name\":\"Home\",\"item\":\"https:\/\/www.eliassen.nl\/de\/\"},{\"@type\":\"ListItem\",\"position\":2,\"name\":\"Shop\",\"item\":\"https:\/\/www.eliassen.nl\/de\/shop\/\"},{\"@type\":\"ListItem\",\"position\":3,\"name\":\"Blument\u00f6pfe und Pflanzgef\u00e4\u00dfe\",\"item\":\"https:\/\/www.eliassen.nl\/de\/blumentoepfe-und-pflanzgefaesse\/\"},{\"@type\":\"ListItem\",\"position\":4,\"name\":\"Pflanzk\u00fcbel f\u00fcr den Au\u00dfenbereich gro\u00df leicht\",\"item\":\"https:\/\/www.eliassen.nl\/de\/blumentoepfe-und-pflanzgefaesse\/pflanzkuebel-fuer-den-aussenbereich-gross-leicht\/\"},{\"@type\":\"ListItem\",\"position\":5,\"name\":\"Kugeltopf Monika 80cm breit anthrazit\"}]},{\"@type\":\"WebSite\",\"@id\":\"https:\/\/www.eliassen.nl\/de\/#website\",\"url\":\"https:\/\/www.eliassen.nl\/de\/\",\"name\":\"Eliassen Home & Garden Pleasure\",\"description\":\"\",\"publisher\":{\"@id\":\"https:\/\/www.eliassen.nl\/de\/#organization\"},\"alternateName\":\"Eliassen.nl\",\"potentialAction\":[{\"@type\":\"SearchAction\",\"target\":{\"@type\":\"EntryPoint\",\"urlTemplate\":\"https:\/\/www.eliassen.nl\/de\/?s={search_term_string}\"},\"query-input\":{\"@type\":\"PropertyValueSpecification\",\"valueRequired\":true,\"valueName\":\"search_term_string\"}}],\"inLanguage\":\"de\"},{\"@type\":[\"Organization\",\"Place\"],\"@id\":\"https:\/\/www.eliassen.nl\/de\/#organization\",\"name\":\"Eliassen Home & Garden Pleasure\",\"url\":\"https:\/\/www.eliassen.nl\/de\/\",\"logo\":{\"@id\":\"https:\/\/www.eliassen.nl\/de\/bolpot-monika-80cm-breit-anthrazit\/#local-main-organization-logo\"},\"image\":{\"@id\":\"https:\/\/www.eliassen.nl\/de\/bolpot-monika-80cm-breit-anthrazit\/#local-main-organization-logo\"},\"sameAs\":[\"https:\/\/www.facebook.com\/TuincentrumEliassenAmmerzoden\",\"https:\/\/www.instagram.com\/eliassenhomeandgarden\/\",\"https:\/\/nl.pinterest.com\/eliassenhomeandgarden\/\",\"https:\/\/www.youtube.com\/@eliassenhomegardenpleasure4558\"],\"telephone\":[],\"openingHoursSpecification\":[{\"@type\":\"OpeningHoursSpecification\",\"dayOfWeek\":[\"Monday\",\"Tuesday\",\"Wednesday\",\"Thursday\",\"Friday\",\"Saturday\",\"Sunday\"],\"opens\":\"09:00\",\"closes\":\"17:00\"}]},{\"@type\":\"ImageObject\",\"inLanguage\":\"de\",\"@id\":\"https:\/\/www.eliassen.nl\/de\/bolpot-monika-80cm-breit-anthrazit\/#local-main-organization-logo\",\"url\":\"https:\/\/www.eliassen.nl\/wp-content\/uploads\/2024\/01\/logo_4nd.jpg\",\"contentUrl\":\"https:\/\/www.eliassen.nl\/wp-content\/uploads\/2024\/01\/logo_4nd.jpg\",\"width\":500,\"height\":500,\"caption\":\"Eliassen Home & Garden Pleasure\"}]}<\/script>\n<meta property=\"product:price:amount\" content=\"225.00\" \/>\n<meta property=\"product:price:currency\" content=\"EUR\" \/>\n<meta property=\"og:availability\" content=\"instock\" \/>\n<meta property=\"product:availability\" content=\"instock\" \/>\n<meta property=\"product:retailer_item_id\" content=\"126103\" \/>\n<meta property=\"product:condition\" content=\"new\" \/>\n<!-- \/ Yoast SEO Premium plugin. -->","yoast_head_json":{"title":"Moderner gro\u00dfer runder Blumentopf Monika | 80cm breit | anthrazit","description":"Anthrazitfarbener gro\u00dfer runder Kugeltopf, geeignet f\u00fcr gr\u00f6\u00dfere Palmen und Olivenb\u00e4ume. Farbecht, nicht schwer und 100 frostbest\u00e4ndig. Auch in unserem Ausstellungsraum zu sehen!","robots":{"index":"index","follow":"follow","max-snippet":"max-snippet:-1","max-image-preview":"max-image-preview:large","max-video-preview":"max-video-preview:-1"},"canonical":"https:\/\/www.eliassen.nl\/de\/bolpot-monika-80cm-breit-anthrazit\/","og_locale":"de_DE","og_type":"article","og_title":"Sonstige Kugeltopf Monika 80cm breit anthrazit - Eliassen.nl","og_description":"Anthrazitfarbener gro\u00dfer runder Kugeltopf, geeignet f\u00fcr gr\u00f6\u00dfere Palmen und Olivenb\u00e4ume. Farbecht, nicht schwer und 100 frostbest\u00e4ndig. Auch in unserem Ausstellungsraum zu sehen!","og_url":"https:\/\/www.eliassen.nl\/de\/bolpot-monika-80cm-breit-anthrazit\/","og_site_name":"Eliassen.nl","article_publisher":"https:\/\/www.facebook.com\/TuincentrumEliassenAmmerzoden","article_modified_time":"2026-02-04T11:15:13+00:00","og_image":[{"width":2048,"height":1672,"url":"https:\/\/www.eliassen.nl\/wp-content\/uploads\/2024\/01\/126103.jpg","type":"image\/jpeg"}],"twitter_card":"summary_large_image","schema":{"@context":"https:\/\/schema.org","@graph":[{"@type":"WebPage","@id":"https:\/\/www.eliassen.nl\/de\/bolpot-monika-80cm-breit-anthrazit\/","url":"https:\/\/www.eliassen.nl\/de\/bolpot-monika-80cm-breit-anthrazit\/","name":"Moderner gro\u00dfer runder Blumentopf Monika | 80cm breit | anthrazit","isPartOf":{"@id":"https:\/\/www.eliassen.nl\/de\/#website"},"primaryImageOfPage":{"@id":"https:\/\/www.eliassen.nl\/de\/bolpot-monika-80cm-breit-anthrazit\/#primaryimage"},"image":{"@id":"https:\/\/www.eliassen.nl\/de\/bolpot-monika-80cm-breit-anthrazit\/#primaryimage"},"thumbnailUrl":"https:\/\/www.eliassen.nl\/wp-content\/uploads\/2024\/01\/126103.jpg","datePublished":"2023-02-20T16:12:23+00:00","dateModified":"2026-02-04T11:15:13+00:00","description":"Anthrazitfarbener gro\u00dfer runder Kugeltopf, geeignet f\u00fcr gr\u00f6\u00dfere Palmen und Olivenb\u00e4ume. Farbecht, nicht schwer und 100 frostbest\u00e4ndig. Auch in unserem Ausstellungsraum zu sehen!","breadcrumb":{"@id":"https:\/\/www.eliassen.nl\/de\/bolpot-monika-80cm-breit-anthrazit\/#breadcrumb"},"inLanguage":"de","potentialAction":[{"@type":"ReadAction","target":["https:\/\/www.eliassen.nl\/de\/bolpot-monika-80cm-breit-anthrazit\/"]}]},{"@type":"ImageObject","inLanguage":"de","@id":"https:\/\/www.eliassen.nl\/de\/bolpot-monika-80cm-breit-anthrazit\/#primaryimage","url":"https:\/\/www.eliassen.nl\/wp-content\/uploads\/2024\/01\/126103.jpg","contentUrl":"https:\/\/www.eliassen.nl\/wp-content\/uploads\/2024\/01\/126103.jpg","width":2048,"height":1672,"caption":"126103"},{"@type":"BreadcrumbList","@id":"https:\/\/www.eliassen.nl\/de\/bolpot-monika-80cm-breit-anthrazit\/#breadcrumb","itemListElement":[{"@type":"ListItem","position":1,"name":"Home","item":"https:\/\/www.eliassen.nl\/de\/"},{"@type":"ListItem","position":2,"name":"Shop","item":"https:\/\/www.eliassen.nl\/de\/shop\/"},{"@type":"ListItem","position":3,"name":"Blument\u00f6pfe und Pflanzgef\u00e4\u00dfe","item":"https:\/\/www.eliassen.nl\/de\/blumentoepfe-und-pflanzgefaesse\/"},{"@type":"ListItem","position":4,"name":"Pflanzk\u00fcbel f\u00fcr den Au\u00dfenbereich gro\u00df leicht","item":"https:\/\/www.eliassen.nl\/de\/blumentoepfe-und-pflanzgefaesse\/pflanzkuebel-fuer-den-aussenbereich-gross-leicht\/"},{"@type":"ListItem","position":5,"name":"Kugeltopf Monika 80cm breit anthrazit"}]},{"@type":"WebSite","@id":"https:\/\/www.eliassen.nl\/de\/#website","url":"https:\/\/www.eliassen.nl\/de\/","name":"Eliassen Home & Garden Pleasure","description":"","publisher":{"@id":"https:\/\/www.eliassen.nl\/de\/#organization"},"alternateName":"Eliassen.nl","potentialAction":[{"@type":"SearchAction","target":{"@type":"EntryPoint","urlTemplate":"https:\/\/www.eliassen.nl\/de\/?s={search_term_string}"},"query-input":{"@type":"PropertyValueSpecification","valueRequired":true,"valueName":"search_term_string"}}],"inLanguage":"de"},{"@type":["Organization","Place"],"@id":"https:\/\/www.eliassen.nl\/de\/#organization","name":"Eliassen Home & Garden Pleasure","url":"https:\/\/www.eliassen.nl\/de\/","logo":{"@id":"https:\/\/www.eliassen.nl\/de\/bolpot-monika-80cm-breit-anthrazit\/#local-main-organization-logo"},"image":{"@id":"https:\/\/www.eliassen.nl\/de\/bolpot-monika-80cm-breit-anthrazit\/#local-main-organization-logo"},"sameAs":["https:\/\/www.facebook.com\/TuincentrumEliassenAmmerzoden","https:\/\/www.instagram.com\/eliassenhomeandgarden\/","https:\/\/nl.pinterest.com\/eliassenhomeandgarden\/","https:\/\/www.youtube.com\/@eliassenhomegardenpleasure4558"],"telephone":[],"openingHoursSpecification":[{"@type":"OpeningHoursSpecification","dayOfWeek":["Monday","Tuesday","Wednesday","Thursday","Friday","Saturday","Sunday"],"opens":"09:00","closes":"17:00"}]},{"@type":"ImageObject","inLanguage":"de","@id":"https:\/\/www.eliassen.nl\/de\/bolpot-monika-80cm-breit-anthrazit\/#local-main-organization-logo","url":"https:\/\/www.eliassen.nl\/wp-content\/uploads\/2024\/01\/logo_4nd.jpg","contentUrl":"https:\/\/www.eliassen.nl\/wp-content\/uploads\/2024\/01\/logo_4nd.jpg","width":500,"height":500,"caption":"Eliassen Home & Garden Pleasure"}]},"product_price_amount":"225.00","product_price_currency":"EUR","og_availability":"instock","product_availability":"instock","product_retailer_item_id":"126103","product_condition":"new"},"df_price":225,"df_sale_price":225,"df_regular_price":335,"df_image_link":"https:\/\/www.eliassen.nl\/wp-content\/uploads\/2024\/01\/126103.jpg","image":"https:\/\/www.eliassen.nl\/wp-content\/uploads\/2024\/01\/126103.jpg","price_search":"<span class=\"woocommerce-Price-amount amount\"><bdi><span class=\"woocommerce-Price-currencySymbol\">&euro;<\/span>&nbsp;225,00<\/bdi><\/span>","category":"Blument\u00f6pfe und Pflanzgef\u00e4\u00dfe","global_unique_id":"8714075283429","_links":{"self":[{"href":"https:\/\/www.eliassen.nl\/de\/wp-json\/wp\/v2\/product\/84337","targetHints":{"allow":["GET"]}}],"collection":[{"href":"https:\/\/www.eliassen.nl\/de\/wp-json\/wp\/v2\/product"}],"about":[{"href":"https:\/\/www.eliassen.nl\/de\/wp-json\/wp\/v2\/types\/product"}],"wp:featuredmedia":[{"embeddable":true,"href":"https:\/\/www.eliassen.nl\/de\/wp-json\/wp\/v2\/media\/84334"}],"wp:attachment":[{"href":"https:\/\/www.eliassen.nl\/de\/wp-json\/wp\/v2\/media?parent=84337"}],"wp:term":[{"taxonomy":"product_brand","embeddable":true,"href":"https:\/\/www.eliassen.nl\/de\/wp-json\/wp\/v2\/product_brand?post=84337"},{"taxonomy":"product_cat","embeddable":true,"href":"https:\/\/www.eliassen.nl\/de\/wp-json\/wp\/v2\/product_cat?post=84337"},{"taxonomy":"product_tag","embeddable":true,"href":"https:\/\/www.eliassen.nl\/de\/wp-json\/wp\/v2\/product_tag?post=84337"}],"curies":[{"name":"wp","href":"https:\/\/api.w.org\/{rel}","templated":true}]}}