{"id":84223,"date":"2023-02-18T15:48:31","date_gmt":"2023-02-18T15:48:31","guid":{"rendered":"https:\/\/www.eliassen.nl\/?product=bloempot-rond-groot-odeon-corfu-lichtgrijs-78cm"},"modified":"2026-02-04T12:04:56","modified_gmt":"2026-02-04T11:04:56","slug":"blumentopf-rund-gross-odeon-korfu-hellgrau-78cm","status":"publish","type":"product","link":"https:\/\/www.eliassen.nl\/de\/blumentopf-rund-gross-odeon-korfu-hellgrau-78cm\/","title":{"rendered":"Blumentopf rund gro\u00df Odeon Korfu hellgrau 78cm"},"content":{"rendered":"<p>Wenn Sie einen gro\u00dfen, runden, modernen Blumentopf in hellgrauer Farbe suchen, der f\u00fcr Palmen, Olivenb\u00e4ume oder andere mediterrane Pflanzen geeignet ist, der sehr robust, farbecht und leicht ist, dann ist dieser Topf eine gute Wahl.<\/p>\n<p>Dieser Blumentopf ist von einem echten Topf nicht zu unterscheiden. Die Farbe und das Aussehen sind genau wie bei einem Tontopf. Das liegt zum Teil daran, dass diese Kanne im so genannten Rotationsverfahren hergestellt wird, bei dem eine sch\u00f6ne Struktur entsteht. Dieser Topf ist oben umgewandelt und bietet gro\u00dfe St\u00e4rke<\/p>\n<p>Da dieser Topf viel Weichmacher enth\u00e4lt, m\u00fcssen Sie sich keine Sorgen machen, dass er spontan rei\u00dft oder in der Sonne blass wird.<\/p>\n<ul>\n<li>Gr\u00f6\u00dfe: Durchmesser unter 52cm, Durchmesser \u00fcber 78cm, H\u00f6he 68cm<\/li>\n<li>Farbecht<\/li>\n<li>Leichtgewicht<\/li>\n<li>100% frostbest\u00e4ndig<\/li>\n<li>Nicht zu unterscheiden von echten Steingut-T\u00f6pfen<\/li>\n<li>sehr stark<\/li>\n<li>10 Jahre Garantie<\/li>\n<\/ul>\n","protected":false},"excerpt":{"rendered":"<p>Gro\u00dfer moderner Blumentopf 78cm Durchmesser<\/p>\n","protected":false},"featured_media":84211,"template":"","meta":{"_acf_changed":false,"_genesis_title":"","_genesis_description":""},"product_brand":[7505],"product_cat":[722,740],"product_tag":[],"class_list":{"0":"post-84223","1":"product","2":"type-product","3":"status-publish","4":"has-post-thumbnail","6":"product_brand-sonstige","7":"product_cat-blumentoepfe-und-pflanzgefaesse","8":"product_cat-pflanzkuebel-fuer-den-aussenbereich-gross-leicht","10":"first","11":"instock","12":"taxable","13":"shipping-taxable","14":"purchasable","15":"product-type-simple"},"acf":[],"meta_all":{"total_sales":"2","wcml_sync_hash":{"postmeta_fields":"d793fa55bbd0909d6a89e1bc749411b6"},"attr_label_translations":[],"cor_restricted_countries":[]},"meta_all_flat":{"total_sales":"2","wcml_sync_hash.postmeta_fields":"d793fa55bbd0909d6a89e1bc749411b6"},"yoast_head":"<!-- This site is optimized with the Yoast SEO Premium plugin v26.2 (Yoast SEO v27.2) - https:\/\/yoast.com\/product\/yoast-seo-premium-wordpress\/ -->\n<title>Blumentopf rund gro\u00df Odeon Korfu hellgrau 78cm<\/title>\n<meta name=\"description\" content=\"Leichte T\u00f6pfe? Schauen Sie sich alle in unserem Webshop an, oder kommen Sie in unserem Gesch\u00e4ft vorbei !!!\" \/>\n<meta name=\"robots\" content=\"index, follow, max-snippet:-1, max-image-preview:large, max-video-preview:-1\" \/>\n<link rel=\"canonical\" href=\"https:\/\/www.eliassen.nl\/de\/blumentopf-rund-gross-odeon-korfu-hellgrau-78cm\/\" \/>\n<meta property=\"og:locale\" content=\"de_DE\" \/>\n<meta property=\"og:type\" content=\"article\" \/>\n<meta property=\"og:title\" content=\"Sonstige Blumentopf rund gro\u00df Odeon Korfu hellgrau 78cm - Eliassen.nl\" \/>\n<meta property=\"og:description\" content=\"Leichte T\u00f6pfe? Schauen Sie sich alle in unserem Webshop an, oder kommen Sie in unserem Gesch\u00e4ft vorbei !!!\" \/>\n<meta property=\"og:url\" content=\"https:\/\/www.eliassen.nl\/de\/blumentopf-rund-gross-odeon-korfu-hellgrau-78cm\/\" \/>\n<meta property=\"og:site_name\" content=\"Eliassen.nl\" \/>\n<meta property=\"article:publisher\" content=\"https:\/\/www.facebook.com\/TuincentrumEliassenAmmerzoden\" \/>\n<meta property=\"article:modified_time\" content=\"2026-02-04T11:04:56+00:00\" \/>\n<meta property=\"og:image\" content=\"https:\/\/www.eliassen.nl\/wp-content\/uploads\/2024\/01\/119137.jpg\" \/>\n\t<meta property=\"og:image:width\" content=\"2043\" \/>\n\t<meta property=\"og:image:height\" content=\"2048\" \/>\n\t<meta property=\"og:image:type\" content=\"image\/jpeg\" \/>\n<meta name=\"twitter:card\" content=\"summary_large_image\" \/>\n<script type=\"application\/ld+json\" class=\"yoast-schema-graph\">{\"@context\":\"https:\/\/schema.org\",\"@graph\":[{\"@type\":\"WebPage\",\"@id\":\"https:\/\/www.eliassen.nl\/de\/blumentopf-rund-gross-odeon-korfu-hellgrau-78cm\/\",\"url\":\"https:\/\/www.eliassen.nl\/de\/blumentopf-rund-gross-odeon-korfu-hellgrau-78cm\/\",\"name\":\"Blumentopf rund gro\u00df Odeon Korfu hellgrau 78cm\",\"isPartOf\":{\"@id\":\"https:\/\/www.eliassen.nl\/de\/#website\"},\"primaryImageOfPage\":{\"@id\":\"https:\/\/www.eliassen.nl\/de\/blumentopf-rund-gross-odeon-korfu-hellgrau-78cm\/#primaryimage\"},\"image\":{\"@id\":\"https:\/\/www.eliassen.nl\/de\/blumentopf-rund-gross-odeon-korfu-hellgrau-78cm\/#primaryimage\"},\"thumbnailUrl\":\"https:\/\/www.eliassen.nl\/wp-content\/uploads\/2024\/01\/119137.jpg\",\"datePublished\":\"2023-02-18T15:48:31+00:00\",\"dateModified\":\"2026-02-04T11:04:56+00:00\",\"description\":\"Leichte T\u00f6pfe? Schauen Sie sich alle in unserem Webshop an, oder kommen Sie in unserem Gesch\u00e4ft vorbei !!!\",\"breadcrumb\":{\"@id\":\"https:\/\/www.eliassen.nl\/de\/blumentopf-rund-gross-odeon-korfu-hellgrau-78cm\/#breadcrumb\"},\"inLanguage\":\"de\",\"potentialAction\":[{\"@type\":\"ReadAction\",\"target\":[\"https:\/\/www.eliassen.nl\/de\/blumentopf-rund-gross-odeon-korfu-hellgrau-78cm\/\"]}]},{\"@type\":\"ImageObject\",\"inLanguage\":\"de\",\"@id\":\"https:\/\/www.eliassen.nl\/de\/blumentopf-rund-gross-odeon-korfu-hellgrau-78cm\/#primaryimage\",\"url\":\"https:\/\/www.eliassen.nl\/wp-content\/uploads\/2024\/01\/119137.jpg\",\"contentUrl\":\"https:\/\/www.eliassen.nl\/wp-content\/uploads\/2024\/01\/119137.jpg\",\"width\":2043,\"height\":2048,\"caption\":\"119137\"},{\"@type\":\"BreadcrumbList\",\"@id\":\"https:\/\/www.eliassen.nl\/de\/blumentopf-rund-gross-odeon-korfu-hellgrau-78cm\/#breadcrumb\",\"itemListElement\":[{\"@type\":\"ListItem\",\"position\":1,\"name\":\"Home\",\"item\":\"https:\/\/www.eliassen.nl\/de\/\"},{\"@type\":\"ListItem\",\"position\":2,\"name\":\"Shop\",\"item\":\"https:\/\/www.eliassen.nl\/de\/shop\/\"},{\"@type\":\"ListItem\",\"position\":3,\"name\":\"Blument\u00f6pfe und Pflanzgef\u00e4\u00dfe\",\"item\":\"https:\/\/www.eliassen.nl\/de\/blumentoepfe-und-pflanzgefaesse\/\"},{\"@type\":\"ListItem\",\"position\":4,\"name\":\"Pflanzk\u00fcbel f\u00fcr den Au\u00dfenbereich gro\u00df leicht\",\"item\":\"https:\/\/www.eliassen.nl\/de\/blumentoepfe-und-pflanzgefaesse\/pflanzkuebel-fuer-den-aussenbereich-gross-leicht\/\"},{\"@type\":\"ListItem\",\"position\":5,\"name\":\"Blumentopf rund gro\u00df Odeon Korfu hellgrau 78cm\"}]},{\"@type\":\"WebSite\",\"@id\":\"https:\/\/www.eliassen.nl\/de\/#website\",\"url\":\"https:\/\/www.eliassen.nl\/de\/\",\"name\":\"Eliassen Home & Garden Pleasure\",\"description\":\"\",\"publisher\":{\"@id\":\"https:\/\/www.eliassen.nl\/de\/#organization\"},\"alternateName\":\"Eliassen.nl\",\"potentialAction\":[{\"@type\":\"SearchAction\",\"target\":{\"@type\":\"EntryPoint\",\"urlTemplate\":\"https:\/\/www.eliassen.nl\/de\/?s={search_term_string}\"},\"query-input\":{\"@type\":\"PropertyValueSpecification\",\"valueRequired\":true,\"valueName\":\"search_term_string\"}}],\"inLanguage\":\"de\"},{\"@type\":[\"Organization\",\"Place\"],\"@id\":\"https:\/\/www.eliassen.nl\/de\/#organization\",\"name\":\"Eliassen Home & Garden Pleasure\",\"url\":\"https:\/\/www.eliassen.nl\/de\/\",\"logo\":{\"@id\":\"https:\/\/www.eliassen.nl\/de\/blumentopf-rund-gross-odeon-korfu-hellgrau-78cm\/#local-main-organization-logo\"},\"image\":{\"@id\":\"https:\/\/www.eliassen.nl\/de\/blumentopf-rund-gross-odeon-korfu-hellgrau-78cm\/#local-main-organization-logo\"},\"sameAs\":[\"https:\/\/www.facebook.com\/TuincentrumEliassenAmmerzoden\",\"https:\/\/www.instagram.com\/eliassenhomeandgarden\/\",\"https:\/\/nl.pinterest.com\/eliassenhomeandgarden\/\",\"https:\/\/www.youtube.com\/@eliassenhomegardenpleasure4558\"],\"telephone\":[],\"openingHoursSpecification\":[{\"@type\":\"OpeningHoursSpecification\",\"dayOfWeek\":[\"Monday\",\"Tuesday\",\"Wednesday\",\"Thursday\",\"Friday\",\"Saturday\",\"Sunday\"],\"opens\":\"09:00\",\"closes\":\"17:00\"}]},{\"@type\":\"ImageObject\",\"inLanguage\":\"de\",\"@id\":\"https:\/\/www.eliassen.nl\/de\/blumentopf-rund-gross-odeon-korfu-hellgrau-78cm\/#local-main-organization-logo\",\"url\":\"https:\/\/www.eliassen.nl\/wp-content\/uploads\/2024\/01\/logo_4nd.jpg\",\"contentUrl\":\"https:\/\/www.eliassen.nl\/wp-content\/uploads\/2024\/01\/logo_4nd.jpg\",\"width\":500,\"height\":500,\"caption\":\"Eliassen Home & Garden Pleasure\"}]}<\/script>\n<meta property=\"product:price:amount\" content=\"139.00\" \/>\n<meta property=\"product:price:currency\" content=\"EUR\" \/>\n<meta property=\"og:availability\" content=\"instock\" \/>\n<meta property=\"product:availability\" content=\"instock\" \/>\n<meta property=\"product:retailer_item_id\" content=\"119136aktie\" \/>\n<meta property=\"product:condition\" content=\"new\" \/>\n<!-- \/ Yoast SEO Premium plugin. -->","yoast_head_json":{"title":"Blumentopf rund gro\u00df Odeon Korfu hellgrau 78cm","description":"Leichte T\u00f6pfe? Schauen Sie sich alle in unserem Webshop an, oder kommen Sie in unserem Gesch\u00e4ft vorbei !!!","robots":{"index":"index","follow":"follow","max-snippet":"max-snippet:-1","max-image-preview":"max-image-preview:large","max-video-preview":"max-video-preview:-1"},"canonical":"https:\/\/www.eliassen.nl\/de\/blumentopf-rund-gross-odeon-korfu-hellgrau-78cm\/","og_locale":"de_DE","og_type":"article","og_title":"Sonstige Blumentopf rund gro\u00df Odeon Korfu hellgrau 78cm - Eliassen.nl","og_description":"Leichte T\u00f6pfe? Schauen Sie sich alle in unserem Webshop an, oder kommen Sie in unserem Gesch\u00e4ft vorbei !!!","og_url":"https:\/\/www.eliassen.nl\/de\/blumentopf-rund-gross-odeon-korfu-hellgrau-78cm\/","og_site_name":"Eliassen.nl","article_publisher":"https:\/\/www.facebook.com\/TuincentrumEliassenAmmerzoden","article_modified_time":"2026-02-04T11:04:56+00:00","og_image":[{"width":2043,"height":2048,"url":"https:\/\/www.eliassen.nl\/wp-content\/uploads\/2024\/01\/119137.jpg","type":"image\/jpeg"}],"twitter_card":"summary_large_image","schema":{"@context":"https:\/\/schema.org","@graph":[{"@type":"WebPage","@id":"https:\/\/www.eliassen.nl\/de\/blumentopf-rund-gross-odeon-korfu-hellgrau-78cm\/","url":"https:\/\/www.eliassen.nl\/de\/blumentopf-rund-gross-odeon-korfu-hellgrau-78cm\/","name":"Blumentopf rund gro\u00df Odeon Korfu hellgrau 78cm","isPartOf":{"@id":"https:\/\/www.eliassen.nl\/de\/#website"},"primaryImageOfPage":{"@id":"https:\/\/www.eliassen.nl\/de\/blumentopf-rund-gross-odeon-korfu-hellgrau-78cm\/#primaryimage"},"image":{"@id":"https:\/\/www.eliassen.nl\/de\/blumentopf-rund-gross-odeon-korfu-hellgrau-78cm\/#primaryimage"},"thumbnailUrl":"https:\/\/www.eliassen.nl\/wp-content\/uploads\/2024\/01\/119137.jpg","datePublished":"2023-02-18T15:48:31+00:00","dateModified":"2026-02-04T11:04:56+00:00","description":"Leichte T\u00f6pfe? Schauen Sie sich alle in unserem Webshop an, oder kommen Sie in unserem Gesch\u00e4ft vorbei !!!","breadcrumb":{"@id":"https:\/\/www.eliassen.nl\/de\/blumentopf-rund-gross-odeon-korfu-hellgrau-78cm\/#breadcrumb"},"inLanguage":"de","potentialAction":[{"@type":"ReadAction","target":["https:\/\/www.eliassen.nl\/de\/blumentopf-rund-gross-odeon-korfu-hellgrau-78cm\/"]}]},{"@type":"ImageObject","inLanguage":"de","@id":"https:\/\/www.eliassen.nl\/de\/blumentopf-rund-gross-odeon-korfu-hellgrau-78cm\/#primaryimage","url":"https:\/\/www.eliassen.nl\/wp-content\/uploads\/2024\/01\/119137.jpg","contentUrl":"https:\/\/www.eliassen.nl\/wp-content\/uploads\/2024\/01\/119137.jpg","width":2043,"height":2048,"caption":"119137"},{"@type":"BreadcrumbList","@id":"https:\/\/www.eliassen.nl\/de\/blumentopf-rund-gross-odeon-korfu-hellgrau-78cm\/#breadcrumb","itemListElement":[{"@type":"ListItem","position":1,"name":"Home","item":"https:\/\/www.eliassen.nl\/de\/"},{"@type":"ListItem","position":2,"name":"Shop","item":"https:\/\/www.eliassen.nl\/de\/shop\/"},{"@type":"ListItem","position":3,"name":"Blument\u00f6pfe und Pflanzgef\u00e4\u00dfe","item":"https:\/\/www.eliassen.nl\/de\/blumentoepfe-und-pflanzgefaesse\/"},{"@type":"ListItem","position":4,"name":"Pflanzk\u00fcbel f\u00fcr den Au\u00dfenbereich gro\u00df leicht","item":"https:\/\/www.eliassen.nl\/de\/blumentoepfe-und-pflanzgefaesse\/pflanzkuebel-fuer-den-aussenbereich-gross-leicht\/"},{"@type":"ListItem","position":5,"name":"Blumentopf rund gro\u00df Odeon Korfu hellgrau 78cm"}]},{"@type":"WebSite","@id":"https:\/\/www.eliassen.nl\/de\/#website","url":"https:\/\/www.eliassen.nl\/de\/","name":"Eliassen Home & Garden Pleasure","description":"","publisher":{"@id":"https:\/\/www.eliassen.nl\/de\/#organization"},"alternateName":"Eliassen.nl","potentialAction":[{"@type":"SearchAction","target":{"@type":"EntryPoint","urlTemplate":"https:\/\/www.eliassen.nl\/de\/?s={search_term_string}"},"query-input":{"@type":"PropertyValueSpecification","valueRequired":true,"valueName":"search_term_string"}}],"inLanguage":"de"},{"@type":["Organization","Place"],"@id":"https:\/\/www.eliassen.nl\/de\/#organization","name":"Eliassen Home & Garden Pleasure","url":"https:\/\/www.eliassen.nl\/de\/","logo":{"@id":"https:\/\/www.eliassen.nl\/de\/blumentopf-rund-gross-odeon-korfu-hellgrau-78cm\/#local-main-organization-logo"},"image":{"@id":"https:\/\/www.eliassen.nl\/de\/blumentopf-rund-gross-odeon-korfu-hellgrau-78cm\/#local-main-organization-logo"},"sameAs":["https:\/\/www.facebook.com\/TuincentrumEliassenAmmerzoden","https:\/\/www.instagram.com\/eliassenhomeandgarden\/","https:\/\/nl.pinterest.com\/eliassenhomeandgarden\/","https:\/\/www.youtube.com\/@eliassenhomegardenpleasure4558"],"telephone":[],"openingHoursSpecification":[{"@type":"OpeningHoursSpecification","dayOfWeek":["Monday","Tuesday","Wednesday","Thursday","Friday","Saturday","Sunday"],"opens":"09:00","closes":"17:00"}]},{"@type":"ImageObject","inLanguage":"de","@id":"https:\/\/www.eliassen.nl\/de\/blumentopf-rund-gross-odeon-korfu-hellgrau-78cm\/#local-main-organization-logo","url":"https:\/\/www.eliassen.nl\/wp-content\/uploads\/2024\/01\/logo_4nd.jpg","contentUrl":"https:\/\/www.eliassen.nl\/wp-content\/uploads\/2024\/01\/logo_4nd.jpg","width":500,"height":500,"caption":"Eliassen Home & Garden Pleasure"}]},"product_price_amount":"139.00","product_price_currency":"EUR","og_availability":"instock","product_availability":"instock","product_retailer_item_id":"119136aktie","product_condition":"new"},"df_price":139,"df_sale_price":"","df_regular_price":139,"df_image_link":"https:\/\/www.eliassen.nl\/wp-content\/uploads\/2024\/01\/119137.jpg","image":"https:\/\/www.eliassen.nl\/wp-content\/uploads\/2024\/01\/119137.jpg","price_search":"<span class=\"woocommerce-Price-amount amount\"><bdi><span class=\"woocommerce-Price-currencySymbol\">&euro;<\/span>&nbsp;139,00<\/bdi><\/span>","category":"Blument\u00f6pfe und Pflanzgef\u00e4\u00dfe","global_unique_id":"8714075340320","_links":{"self":[{"href":"https:\/\/www.eliassen.nl\/de\/wp-json\/wp\/v2\/product\/84223","targetHints":{"allow":["GET"]}}],"collection":[{"href":"https:\/\/www.eliassen.nl\/de\/wp-json\/wp\/v2\/product"}],"about":[{"href":"https:\/\/www.eliassen.nl\/de\/wp-json\/wp\/v2\/types\/product"}],"wp:featuredmedia":[{"embeddable":true,"href":"https:\/\/www.eliassen.nl\/de\/wp-json\/wp\/v2\/media\/84211"}],"wp:attachment":[{"href":"https:\/\/www.eliassen.nl\/de\/wp-json\/wp\/v2\/media?parent=84223"}],"wp:term":[{"taxonomy":"product_brand","embeddable":true,"href":"https:\/\/www.eliassen.nl\/de\/wp-json\/wp\/v2\/product_brand?post=84223"},{"taxonomy":"product_cat","embeddable":true,"href":"https:\/\/www.eliassen.nl\/de\/wp-json\/wp\/v2\/product_cat?post=84223"},{"taxonomy":"product_tag","embeddable":true,"href":"https:\/\/www.eliassen.nl\/de\/wp-json\/wp\/v2\/product_tag?post=84223"}],"curies":[{"name":"wp","href":"https:\/\/api.w.org\/{rel}","templated":true}]}}