{"id":82867,"date":"2023-02-16T10:34:22","date_gmt":"2023-02-16T10:34:22","guid":{"rendered":"https:\/\/www.eliassen.nl\/?product=bronzen-beeld-modern-paard-met-ruiter-op-voet-90cm"},"modified":"2026-01-16T14:31:09","modified_gmt":"2026-01-16T13:31:09","slug":"bronzeskulptur-modernes-pferd-mit-reiter-zu-fuss-90-cm","status":"publish","type":"product","link":"https:\/\/www.eliassen.nl\/de\/bronzeskulptur-modernes-pferd-mit-reiter-zu-fuss-90-cm\/","title":{"rendered":"Bronzeskulptur modernes Pferd mit Reiter auf Sockel 90cm"},"content":{"rendered":"<p>Sch\u00f6ne Statue eines modernen Pferdes mit Reiter zu Fu\u00df aus echter Bronze. Die Bronze dieser Skulptur hat einen garantierten Kupferanteil von 75%, was ihre Langlebigkeit und ihr Aussehen erheblich verbessert.<\/p>\n<p>Diese Bronzeskulptur wurde mit der Methode des geschmolzenen Wachses hergestellt, einer antiken Technik. Eine ca. 3 mm dicke Wachsschicht wird in der Form aufgetragen, danach wird der Rest des Raums mit speziellem Ton gef\u00fcllt. Sobald die Vorbereitungen f\u00fcr die Form getroffen sind, wird fl\u00fcssige Bronze von oben in die Form gegossen, das Wachs schmilzt und l\u00e4uft ab; der entstandene Raum wird mit Bronze gef\u00fcllt. Nach dem Abk\u00fchlen wird die Form ge\u00f6ffnet. Danach wird die Skulptur bearbeitet, poliert, geschliffen, entgratet, etc. F\u00fcr gr\u00f6\u00dfere Bronzeskulpturen und Statuen wird Bronze in Teilen gegossen. Diese Teile werden dann sehr sorgf\u00e4ltig zusammengel\u00f6tet, die N\u00e4hte werden anschlie\u00dfend poliert und geschliffen, um ein vollst\u00e4ndiges Bronzeobjekt zu erhalten. Bronzeskulpturen werden mit verschiedenen S\u00e4uren behandelt, um die richtige Farbe zu erhalten. Jede Art von S\u00e4ure verursacht ihre eigene Oxidation, die dauerhaft sein wird.<\/p>\n<p>Bronzeskulpturen k\u00f6nnen auch getrost im Freien stehen, die Skulptur wird etwas matt werden, was vielen Menschen sogar gef\u00e4llt. Wenn Sie den Glanz erhalten m\u00f6chten, reiben Sie die Bronzeskulptur zweimal im Jahr mit Bienenwachs ein.<\/p>\n<p><strong>Wir haben die gr\u00f6\u00dfte Sammlung von Bronzeskulpturen, die Sie auch live besichtigen k\u00f6nnen. Kommen Sie vorbei und schauen Sie sich um!!! M\u00f6chten Sie nach einer bestimmten Bronzeskulptur suchen? Wenn ja, rufen Sie bitte an, damit wir best\u00e4tigen k\u00f6nnen, dass das Bild Ihrer Wahl bei uns ist!<\/strong><\/p>\n<ul>\n<li>Gr\u00f6\u00dfe: 26x90x90 cm hoch.<\/li>\n<li>Material: Bronze<\/li>\n<li>Schnelle Lieferung<strong>.<\/strong><\/li>\n<li>10 Jahre Garantie.<\/li>\n<\/ul>\n","protected":false},"excerpt":{"rendered":"<p>26x90x90 cm hoch.<\/p>\n","protected":false},"featured_media":82861,"template":"","meta":{"_acf_changed":false,"_genesis_title":"","_genesis_description":""},"product_brand":[7505],"product_cat":[613,620,635,7239],"product_tag":[],"class_list":{"0":"post-82867","1":"product","2":"type-product","3":"status-publish","4":"has-post-thumbnail","6":"product_brand-sonstige","7":"product_cat-bronzestatuen","8":"product_cat-moderne-bronzestatuen","9":"product_cat-tierstatuen-aus-bronze","10":"product_cat-bilder","12":"first","13":"instock","14":"taxable","15":"shipping-taxable","16":"purchasable","17":"product-type-simple"},"acf":[],"meta_all":{"total_sales":"0","wcml_sync_hash":{"postmeta_fields":"1c4191cbb76af3dd98a9c9c348727019"},"attr_label_translations":[]},"meta_all_flat":{"total_sales":"0","wcml_sync_hash.postmeta_fields":"1c4191cbb76af3dd98a9c9c348727019"},"yoast_head":"<!-- This site is optimized with the Yoast SEO Premium plugin v26.2 (Yoast SEO v27.2) - https:\/\/yoast.com\/product\/yoast-seo-premium-wordpress\/ -->\n<title>Bronzeskulptur modernes Pferd mit Reiter auf Sockel 90cm<\/title>\n<meta name=\"description\" content=\"Modernes Pferd aus Bronze mit Reiterin ? Nirgendwo sonst k\u00f6nnen Sie so viele Bronzeobjekte auch live sehen !!! \u2705 Sicher einkaufen \u2705 Faire Preise \u2705 Kostenloses Parken\" \/>\n<meta name=\"robots\" content=\"index, follow, max-snippet:-1, max-image-preview:large, max-video-preview:-1\" \/>\n<link rel=\"canonical\" href=\"https:\/\/www.eliassen.nl\/de\/bronzeskulptur-modernes-pferd-mit-reiter-zu-fuss-90-cm\/\" \/>\n<meta property=\"og:locale\" content=\"de_DE\" \/>\n<meta property=\"og:type\" content=\"article\" \/>\n<meta property=\"og:title\" content=\"Sonstige Bronzeskulptur modernes Pferd mit Reiter auf Sockel 90cm - Eliassen.nl\" \/>\n<meta property=\"og:description\" content=\"Modernes Pferd aus Bronze mit Reiterin ? Nirgendwo sonst k\u00f6nnen Sie so viele Bronzeobjekte auch live sehen !!! \u2705 Sicher einkaufen \u2705 Faire Preise \u2705 Kostenloses Parken\" \/>\n<meta property=\"og:url\" content=\"https:\/\/www.eliassen.nl\/de\/bronzeskulptur-modernes-pferd-mit-reiter-zu-fuss-90-cm\/\" \/>\n<meta property=\"og:site_name\" content=\"Eliassen.nl\" \/>\n<meta property=\"article:publisher\" content=\"https:\/\/www.facebook.com\/TuincentrumEliassenAmmerzoden\" \/>\n<meta property=\"article:modified_time\" content=\"2026-01-16T13:31:09+00:00\" \/>\n<meta property=\"og:image\" content=\"https:\/\/www.eliassen.nl\/wp-content\/uploads\/2024\/01\/bronsmodernbeeldmanoppaard40050.jpg\" \/>\n\t<meta property=\"og:image:width\" content=\"873\" \/>\n\t<meta property=\"og:image:height\" content=\"960\" \/>\n\t<meta property=\"og:image:type\" content=\"image\/jpeg\" \/>\n<meta name=\"twitter:card\" content=\"summary_large_image\" \/>\n<script type=\"application\/ld+json\" class=\"yoast-schema-graph\">{\"@context\":\"https:\/\/schema.org\",\"@graph\":[{\"@type\":\"WebPage\",\"@id\":\"https:\/\/www.eliassen.nl\/de\/bronzeskulptur-modernes-pferd-mit-reiter-zu-fuss-90-cm\/\",\"url\":\"https:\/\/www.eliassen.nl\/de\/bronzeskulptur-modernes-pferd-mit-reiter-zu-fuss-90-cm\/\",\"name\":\"Bronzeskulptur modernes Pferd mit Reiter auf Sockel 90cm\",\"isPartOf\":{\"@id\":\"https:\/\/www.eliassen.nl\/de\/#website\"},\"primaryImageOfPage\":{\"@id\":\"https:\/\/www.eliassen.nl\/de\/bronzeskulptur-modernes-pferd-mit-reiter-zu-fuss-90-cm\/#primaryimage\"},\"image\":{\"@id\":\"https:\/\/www.eliassen.nl\/de\/bronzeskulptur-modernes-pferd-mit-reiter-zu-fuss-90-cm\/#primaryimage\"},\"thumbnailUrl\":\"https:\/\/www.eliassen.nl\/wp-content\/uploads\/2024\/01\/bronsmodernbeeldmanoppaard40050.jpg\",\"datePublished\":\"2023-02-16T10:34:22+00:00\",\"dateModified\":\"2026-01-16T13:31:09+00:00\",\"description\":\"Modernes Pferd aus Bronze mit Reiterin ? Nirgendwo sonst k\u00f6nnen Sie so viele Bronzeobjekte auch live sehen !!! \u2705 Sicher einkaufen \u2705 Faire Preise \u2705 Kostenloses Parken\",\"breadcrumb\":{\"@id\":\"https:\/\/www.eliassen.nl\/de\/bronzeskulptur-modernes-pferd-mit-reiter-zu-fuss-90-cm\/#breadcrumb\"},\"inLanguage\":\"de\",\"potentialAction\":[{\"@type\":\"ReadAction\",\"target\":[\"https:\/\/www.eliassen.nl\/de\/bronzeskulptur-modernes-pferd-mit-reiter-zu-fuss-90-cm\/\"]}]},{\"@type\":\"ImageObject\",\"inLanguage\":\"de\",\"@id\":\"https:\/\/www.eliassen.nl\/de\/bronzeskulptur-modernes-pferd-mit-reiter-zu-fuss-90-cm\/#primaryimage\",\"url\":\"https:\/\/www.eliassen.nl\/wp-content\/uploads\/2024\/01\/bronsmodernbeeldmanoppaard40050.jpg\",\"contentUrl\":\"https:\/\/www.eliassen.nl\/wp-content\/uploads\/2024\/01\/bronsmodernbeeldmanoppaard40050.jpg\",\"width\":873,\"height\":960,\"caption\":\"brons-modern-beeld-man-op-paard-40050\"},{\"@type\":\"BreadcrumbList\",\"@id\":\"https:\/\/www.eliassen.nl\/de\/bronzeskulptur-modernes-pferd-mit-reiter-zu-fuss-90-cm\/#breadcrumb\",\"itemListElement\":[{\"@type\":\"ListItem\",\"position\":1,\"name\":\"Home\",\"item\":\"https:\/\/www.eliassen.nl\/de\/\"},{\"@type\":\"ListItem\",\"position\":2,\"name\":\"Shop\",\"item\":\"https:\/\/www.eliassen.nl\/de\/shop\/\"},{\"@type\":\"ListItem\",\"position\":3,\"name\":\"Bronzestatuen\",\"item\":\"https:\/\/www.eliassen.nl\/de\/bronzestatuen\/\"},{\"@type\":\"ListItem\",\"position\":4,\"name\":\"Moderne Bronzestatuen\",\"item\":\"https:\/\/www.eliassen.nl\/de\/bilder\/bronzestatuen\/moderne-bronzestatuen\/\"},{\"@type\":\"ListItem\",\"position\":5,\"name\":\"Bronzeskulptur modernes Pferd mit Reiter auf Sockel 90cm\"}]},{\"@type\":\"WebSite\",\"@id\":\"https:\/\/www.eliassen.nl\/de\/#website\",\"url\":\"https:\/\/www.eliassen.nl\/de\/\",\"name\":\"Eliassen Home & Garden Pleasure\",\"description\":\"\",\"publisher\":{\"@id\":\"https:\/\/www.eliassen.nl\/de\/#organization\"},\"alternateName\":\"Eliassen.nl\",\"potentialAction\":[{\"@type\":\"SearchAction\",\"target\":{\"@type\":\"EntryPoint\",\"urlTemplate\":\"https:\/\/www.eliassen.nl\/de\/?s={search_term_string}\"},\"query-input\":{\"@type\":\"PropertyValueSpecification\",\"valueRequired\":true,\"valueName\":\"search_term_string\"}}],\"inLanguage\":\"de\"},{\"@type\":[\"Organization\",\"Place\"],\"@id\":\"https:\/\/www.eliassen.nl\/de\/#organization\",\"name\":\"Eliassen Home & Garden Pleasure\",\"url\":\"https:\/\/www.eliassen.nl\/de\/\",\"logo\":{\"@id\":\"https:\/\/www.eliassen.nl\/de\/bronzeskulptur-modernes-pferd-mit-reiter-zu-fuss-90-cm\/#local-main-organization-logo\"},\"image\":{\"@id\":\"https:\/\/www.eliassen.nl\/de\/bronzeskulptur-modernes-pferd-mit-reiter-zu-fuss-90-cm\/#local-main-organization-logo\"},\"sameAs\":[\"https:\/\/www.facebook.com\/TuincentrumEliassenAmmerzoden\",\"https:\/\/www.instagram.com\/eliassenhomeandgarden\/\",\"https:\/\/nl.pinterest.com\/eliassenhomeandgarden\/\",\"https:\/\/www.youtube.com\/@eliassenhomegardenpleasure4558\"],\"telephone\":[],\"openingHoursSpecification\":[{\"@type\":\"OpeningHoursSpecification\",\"dayOfWeek\":[\"Monday\",\"Tuesday\",\"Wednesday\",\"Thursday\",\"Friday\",\"Saturday\",\"Sunday\"],\"opens\":\"09:00\",\"closes\":\"17:00\"}]},{\"@type\":\"ImageObject\",\"inLanguage\":\"de\",\"@id\":\"https:\/\/www.eliassen.nl\/de\/bronzeskulptur-modernes-pferd-mit-reiter-zu-fuss-90-cm\/#local-main-organization-logo\",\"url\":\"https:\/\/www.eliassen.nl\/wp-content\/uploads\/2024\/01\/logo_4nd.jpg\",\"contentUrl\":\"https:\/\/www.eliassen.nl\/wp-content\/uploads\/2024\/01\/logo_4nd.jpg\",\"width\":500,\"height\":500,\"caption\":\"Eliassen Home & Garden Pleasure\"}]}<\/script>\n<meta property=\"product:price:amount\" content=\"1575.00\" \/>\n<meta property=\"product:price:currency\" content=\"EUR\" \/>\n<meta property=\"og:availability\" content=\"instock\" \/>\n<meta property=\"product:availability\" content=\"instock\" \/>\n<meta property=\"product:retailer_item_id\" content=\"Lv0033\" \/>\n<meta property=\"product:condition\" content=\"new\" \/>\n<!-- \/ Yoast SEO Premium plugin. -->","yoast_head_json":{"title":"Bronzeskulptur modernes Pferd mit Reiter auf Sockel 90cm","description":"Modernes Pferd aus Bronze mit Reiterin ? Nirgendwo sonst k\u00f6nnen Sie so viele Bronzeobjekte auch live sehen !!! \u2705 Sicher einkaufen \u2705 Faire Preise \u2705 Kostenloses Parken","robots":{"index":"index","follow":"follow","max-snippet":"max-snippet:-1","max-image-preview":"max-image-preview:large","max-video-preview":"max-video-preview:-1"},"canonical":"https:\/\/www.eliassen.nl\/de\/bronzeskulptur-modernes-pferd-mit-reiter-zu-fuss-90-cm\/","og_locale":"de_DE","og_type":"article","og_title":"Sonstige Bronzeskulptur modernes Pferd mit Reiter auf Sockel 90cm - Eliassen.nl","og_description":"Modernes Pferd aus Bronze mit Reiterin ? Nirgendwo sonst k\u00f6nnen Sie so viele Bronzeobjekte auch live sehen !!! \u2705 Sicher einkaufen \u2705 Faire Preise \u2705 Kostenloses Parken","og_url":"https:\/\/www.eliassen.nl\/de\/bronzeskulptur-modernes-pferd-mit-reiter-zu-fuss-90-cm\/","og_site_name":"Eliassen.nl","article_publisher":"https:\/\/www.facebook.com\/TuincentrumEliassenAmmerzoden","article_modified_time":"2026-01-16T13:31:09+00:00","og_image":[{"width":873,"height":960,"url":"https:\/\/www.eliassen.nl\/wp-content\/uploads\/2024\/01\/bronsmodernbeeldmanoppaard40050.jpg","type":"image\/jpeg"}],"twitter_card":"summary_large_image","schema":{"@context":"https:\/\/schema.org","@graph":[{"@type":"WebPage","@id":"https:\/\/www.eliassen.nl\/de\/bronzeskulptur-modernes-pferd-mit-reiter-zu-fuss-90-cm\/","url":"https:\/\/www.eliassen.nl\/de\/bronzeskulptur-modernes-pferd-mit-reiter-zu-fuss-90-cm\/","name":"Bronzeskulptur modernes Pferd mit Reiter auf Sockel 90cm","isPartOf":{"@id":"https:\/\/www.eliassen.nl\/de\/#website"},"primaryImageOfPage":{"@id":"https:\/\/www.eliassen.nl\/de\/bronzeskulptur-modernes-pferd-mit-reiter-zu-fuss-90-cm\/#primaryimage"},"image":{"@id":"https:\/\/www.eliassen.nl\/de\/bronzeskulptur-modernes-pferd-mit-reiter-zu-fuss-90-cm\/#primaryimage"},"thumbnailUrl":"https:\/\/www.eliassen.nl\/wp-content\/uploads\/2024\/01\/bronsmodernbeeldmanoppaard40050.jpg","datePublished":"2023-02-16T10:34:22+00:00","dateModified":"2026-01-16T13:31:09+00:00","description":"Modernes Pferd aus Bronze mit Reiterin ? Nirgendwo sonst k\u00f6nnen Sie so viele Bronzeobjekte auch live sehen !!! \u2705 Sicher einkaufen \u2705 Faire Preise \u2705 Kostenloses Parken","breadcrumb":{"@id":"https:\/\/www.eliassen.nl\/de\/bronzeskulptur-modernes-pferd-mit-reiter-zu-fuss-90-cm\/#breadcrumb"},"inLanguage":"de","potentialAction":[{"@type":"ReadAction","target":["https:\/\/www.eliassen.nl\/de\/bronzeskulptur-modernes-pferd-mit-reiter-zu-fuss-90-cm\/"]}]},{"@type":"ImageObject","inLanguage":"de","@id":"https:\/\/www.eliassen.nl\/de\/bronzeskulptur-modernes-pferd-mit-reiter-zu-fuss-90-cm\/#primaryimage","url":"https:\/\/www.eliassen.nl\/wp-content\/uploads\/2024\/01\/bronsmodernbeeldmanoppaard40050.jpg","contentUrl":"https:\/\/www.eliassen.nl\/wp-content\/uploads\/2024\/01\/bronsmodernbeeldmanoppaard40050.jpg","width":873,"height":960,"caption":"brons-modern-beeld-man-op-paard-40050"},{"@type":"BreadcrumbList","@id":"https:\/\/www.eliassen.nl\/de\/bronzeskulptur-modernes-pferd-mit-reiter-zu-fuss-90-cm\/#breadcrumb","itemListElement":[{"@type":"ListItem","position":1,"name":"Home","item":"https:\/\/www.eliassen.nl\/de\/"},{"@type":"ListItem","position":2,"name":"Shop","item":"https:\/\/www.eliassen.nl\/de\/shop\/"},{"@type":"ListItem","position":3,"name":"Bronzestatuen","item":"https:\/\/www.eliassen.nl\/de\/bronzestatuen\/"},{"@type":"ListItem","position":4,"name":"Moderne Bronzestatuen","item":"https:\/\/www.eliassen.nl\/de\/bilder\/bronzestatuen\/moderne-bronzestatuen\/"},{"@type":"ListItem","position":5,"name":"Bronzeskulptur modernes Pferd mit Reiter auf Sockel 90cm"}]},{"@type":"WebSite","@id":"https:\/\/www.eliassen.nl\/de\/#website","url":"https:\/\/www.eliassen.nl\/de\/","name":"Eliassen Home & Garden Pleasure","description":"","publisher":{"@id":"https:\/\/www.eliassen.nl\/de\/#organization"},"alternateName":"Eliassen.nl","potentialAction":[{"@type":"SearchAction","target":{"@type":"EntryPoint","urlTemplate":"https:\/\/www.eliassen.nl\/de\/?s={search_term_string}"},"query-input":{"@type":"PropertyValueSpecification","valueRequired":true,"valueName":"search_term_string"}}],"inLanguage":"de"},{"@type":["Organization","Place"],"@id":"https:\/\/www.eliassen.nl\/de\/#organization","name":"Eliassen Home & Garden Pleasure","url":"https:\/\/www.eliassen.nl\/de\/","logo":{"@id":"https:\/\/www.eliassen.nl\/de\/bronzeskulptur-modernes-pferd-mit-reiter-zu-fuss-90-cm\/#local-main-organization-logo"},"image":{"@id":"https:\/\/www.eliassen.nl\/de\/bronzeskulptur-modernes-pferd-mit-reiter-zu-fuss-90-cm\/#local-main-organization-logo"},"sameAs":["https:\/\/www.facebook.com\/TuincentrumEliassenAmmerzoden","https:\/\/www.instagram.com\/eliassenhomeandgarden\/","https:\/\/nl.pinterest.com\/eliassenhomeandgarden\/","https:\/\/www.youtube.com\/@eliassenhomegardenpleasure4558"],"telephone":[],"openingHoursSpecification":[{"@type":"OpeningHoursSpecification","dayOfWeek":["Monday","Tuesday","Wednesday","Thursday","Friday","Saturday","Sunday"],"opens":"09:00","closes":"17:00"}]},{"@type":"ImageObject","inLanguage":"de","@id":"https:\/\/www.eliassen.nl\/de\/bronzeskulptur-modernes-pferd-mit-reiter-zu-fuss-90-cm\/#local-main-organization-logo","url":"https:\/\/www.eliassen.nl\/wp-content\/uploads\/2024\/01\/logo_4nd.jpg","contentUrl":"https:\/\/www.eliassen.nl\/wp-content\/uploads\/2024\/01\/logo_4nd.jpg","width":500,"height":500,"caption":"Eliassen Home & Garden Pleasure"}]},"product_price_amount":"1575.00","product_price_currency":"EUR","og_availability":"instock","product_availability":"instock","product_retailer_item_id":"Lv0033","product_condition":"new"},"df_price":1575,"df_sale_price":"","df_regular_price":1575,"df_image_link":"https:\/\/www.eliassen.nl\/wp-content\/uploads\/2024\/01\/bronsmodernbeeldmanoppaard40050.jpg","image":"https:\/\/www.eliassen.nl\/wp-content\/uploads\/2024\/01\/bronsmodernbeeldmanoppaard40050.jpg","price_search":"<span class=\"woocommerce-Price-amount amount\"><bdi><span class=\"woocommerce-Price-currencySymbol\">&euro;<\/span>&nbsp;1.575,00<\/bdi><\/span>","category":"Bronzestatuen","global_unique_id":"6096518948938","_links":{"self":[{"href":"https:\/\/www.eliassen.nl\/de\/wp-json\/wp\/v2\/product\/82867","targetHints":{"allow":["GET"]}}],"collection":[{"href":"https:\/\/www.eliassen.nl\/de\/wp-json\/wp\/v2\/product"}],"about":[{"href":"https:\/\/www.eliassen.nl\/de\/wp-json\/wp\/v2\/types\/product"}],"wp:featuredmedia":[{"embeddable":true,"href":"https:\/\/www.eliassen.nl\/de\/wp-json\/wp\/v2\/media\/82861"}],"wp:attachment":[{"href":"https:\/\/www.eliassen.nl\/de\/wp-json\/wp\/v2\/media?parent=82867"}],"wp:term":[{"taxonomy":"product_brand","embeddable":true,"href":"https:\/\/www.eliassen.nl\/de\/wp-json\/wp\/v2\/product_brand?post=82867"},{"taxonomy":"product_cat","embeddable":true,"href":"https:\/\/www.eliassen.nl\/de\/wp-json\/wp\/v2\/product_cat?post=82867"},{"taxonomy":"product_tag","embeddable":true,"href":"https:\/\/www.eliassen.nl\/de\/wp-json\/wp\/v2\/product_tag?post=82867"}],"curies":[{"name":"wp","href":"https:\/\/api.w.org\/{rel}","templated":true}]}}