{"id":82753,"date":"2023-02-16T10:20:37","date_gmt":"2023-02-16T10:20:37","guid":{"rendered":"https:\/\/www.eliassen.nl\/?product=bronzen-beeld-meisje-met-vogel-op-hand-58cm"},"modified":"2026-01-16T14:31:15","modified_gmt":"2026-01-16T13:31:15","slug":"bronzeskulptur-madchen-mit-vogel-an-hand-58-cm","status":"publish","type":"product","link":"https:\/\/www.eliassen.nl\/de\/bronzeskulptur-madchen-mit-vogel-an-hand-58-cm\/","title":{"rendered":"Bronzestatue M\u00e4dchen mit Vogel auf der Hand 58cm"},"content":{"rendered":"<p>Sch\u00f6ne Statue eines M\u00e4dchens mit einem Vogel auf der Hand aus echter Bronze. Die Bronze dieser Skulptur hat einen garantierten Kupferanteil von 75%, was ihre Langlebigkeit und ihr Aussehen erheblich verbessert.<\/p>\n<p>Diese Bronzeskulptur wurde mit der Methode des geschmolzenen Wachses hergestellt, einer antiken Technik. Eine ca. 3 mm dicke Wachsschicht wird in der Form aufgetragen, danach wird der Rest des Raums mit speziellem Ton gef\u00fcllt. Sobald die Vorbereitungen f\u00fcr die Form getroffen sind, wird fl\u00fcssige Bronze von oben in die Form gegossen, das Wachs schmilzt und l\u00e4uft ab; der entstandene Raum wird mit Bronze gef\u00fcllt. Nach dem Abk\u00fchlen wird die Form ge\u00f6ffnet. Danach wird die Skulptur bearbeitet, poliert, geschliffen, entgratet, etc. F\u00fcr gr\u00f6\u00dfere Bronzeskulpturen und Statuen wird Bronze in Teilen gegossen. Diese Teile werden dann sehr sorgf\u00e4ltig zusammengel\u00f6tet, die N\u00e4hte werden anschlie\u00dfend poliert und geschliffen, um ein vollst\u00e4ndiges Bronzeobjekt zu erhalten. Bronzeskulpturen werden mit verschiedenen S\u00e4uren behandelt, um die richtige Farbe zu erhalten. Jede Art von S\u00e4ure verursacht ihre eigene Oxidation, die dauerhaft sein wird.<\/p>\n<p>Bronzeskulpturen k\u00f6nnen auch getrost im Freien stehen, die Skulptur wird etwas matt werden, was vielen Menschen sogar gef\u00e4llt. Wenn Sie den Glanz erhalten m\u00f6chten, reiben Sie die Bronzeskulptur zweimal im Jahr mit Bienenwachs ein.<\/p>\n<p><strong>Wir haben die gr\u00f6\u00dfte Sammlung von Bronzeskulpturen, die Sie auch live besichtigen k\u00f6nnen. Kommen Sie vorbei und schauen Sie sich um!!! M\u00f6chten Sie nach einer bestimmten Bronzeskulptur suchen? Wenn ja, rufen Sie bitte an, damit wir best\u00e4tigen k\u00f6nnen, dass das Bild Ihrer Wahl bei uns ist!<\/strong><\/p>\n<ul>\n<li>Gr\u00f6\u00dfe: 35x50x58 cm hoch.<\/li>\n<li>Material: Bronze<\/li>\n<li>Schnelle Lieferung<strong>.<\/strong><\/li>\n<li>10 Jahre Garantie.<\/li>\n<\/ul>\n","protected":false},"excerpt":{"rendered":"<p>35x50x58 cm hoch.<\/p>\n","protected":false},"featured_media":82750,"template":"","meta":{"_acf_changed":false,"_genesis_title":"","_genesis_description":""},"product_brand":[7505],"product_cat":[626,613,7239],"product_tag":[],"class_list":{"0":"post-82753","1":"product","2":"type-product","3":"status-publish","4":"has-post-thumbnail","6":"product_brand-sonstige","7":"product_cat-bronzestatue-von-kindern","8":"product_cat-bronzestatuen","9":"product_cat-bilder","11":"first","12":"onbackorder","13":"taxable","14":"shipping-taxable","15":"purchasable","16":"product-type-simple"},"acf":[],"meta_all":{"total_sales":"0","wcml_sync_hash":{"postmeta_fields":"9a068cad411f51123c40c05fb0e1626e"},"attr_label_translations":[]},"meta_all_flat":{"total_sales":"0","wcml_sync_hash.postmeta_fields":"9a068cad411f51123c40c05fb0e1626e"},"yoast_head":"<!-- This site is optimized with the Yoast SEO Premium plugin v26.2 (Yoast SEO v27.2) - https:\/\/yoast.com\/product\/yoast-seo-premium-wordpress\/ -->\n<title>Bronzestatue M\u00e4dchen mit Vogel auf der Hand 58cm<\/title>\n<meta name=\"description\" content=\"Bronze M\u00e4dchen mit Vogel ? Nirgendwo sonst k\u00f6nnen Sie so viele Bronzeobjekte auch live sehen !!! \u2705 Sicher einkaufen \u2705 Faire Preise \u2705 Kostenloses Parken\" \/>\n<meta name=\"robots\" content=\"index, follow, max-snippet:-1, max-image-preview:large, max-video-preview:-1\" \/>\n<link rel=\"canonical\" href=\"https:\/\/www.eliassen.nl\/de\/bronzeskulptur-madchen-mit-vogel-an-hand-58-cm\/\" \/>\n<meta property=\"og:locale\" content=\"de_DE\" \/>\n<meta property=\"og:type\" content=\"article\" \/>\n<meta property=\"og:title\" content=\"Sonstige Bronzestatue M\u00e4dchen mit Vogel auf der Hand 58cm - Eliassen.nl\" \/>\n<meta property=\"og:description\" content=\"Bronze M\u00e4dchen mit Vogel ? Nirgendwo sonst k\u00f6nnen Sie so viele Bronzeobjekte auch live sehen !!! \u2705 Sicher einkaufen \u2705 Faire Preise \u2705 Kostenloses Parken\" \/>\n<meta property=\"og:url\" content=\"https:\/\/www.eliassen.nl\/de\/bronzeskulptur-madchen-mit-vogel-an-hand-58-cm\/\" \/>\n<meta property=\"og:site_name\" content=\"Eliassen.nl\" \/>\n<meta property=\"article:publisher\" content=\"https:\/\/www.facebook.com\/TuincentrumEliassenAmmerzoden\" \/>\n<meta property=\"article:modified_time\" content=\"2026-01-16T13:31:15+00:00\" \/>\n<meta property=\"og:image\" content=\"https:\/\/www.eliassen.nl\/wp-content\/uploads\/2024\/01\/meisjemetvogeleliassennl.jpg\" \/>\n\t<meta property=\"og:image:width\" content=\"1422\" \/>\n\t<meta property=\"og:image:height\" content=\"2048\" \/>\n\t<meta property=\"og:image:type\" content=\"image\/jpeg\" \/>\n<meta name=\"twitter:card\" content=\"summary_large_image\" \/>\n<script type=\"application\/ld+json\" class=\"yoast-schema-graph\">{\"@context\":\"https:\/\/schema.org\",\"@graph\":[{\"@type\":\"WebPage\",\"@id\":\"https:\/\/www.eliassen.nl\/de\/bronzeskulptur-madchen-mit-vogel-an-hand-58-cm\/\",\"url\":\"https:\/\/www.eliassen.nl\/de\/bronzeskulptur-madchen-mit-vogel-an-hand-58-cm\/\",\"name\":\"Bronzestatue M\u00e4dchen mit Vogel auf der Hand 58cm\",\"isPartOf\":{\"@id\":\"https:\/\/www.eliassen.nl\/de\/#website\"},\"primaryImageOfPage\":{\"@id\":\"https:\/\/www.eliassen.nl\/de\/bronzeskulptur-madchen-mit-vogel-an-hand-58-cm\/#primaryimage\"},\"image\":{\"@id\":\"https:\/\/www.eliassen.nl\/de\/bronzeskulptur-madchen-mit-vogel-an-hand-58-cm\/#primaryimage\"},\"thumbnailUrl\":\"https:\/\/www.eliassen.nl\/wp-content\/uploads\/2024\/01\/meisjemetvogeleliassennl.jpg\",\"datePublished\":\"2023-02-16T10:20:37+00:00\",\"dateModified\":\"2026-01-16T13:31:15+00:00\",\"description\":\"Bronze M\u00e4dchen mit Vogel ? Nirgendwo sonst k\u00f6nnen Sie so viele Bronzeobjekte auch live sehen !!! \u2705 Sicher einkaufen \u2705 Faire Preise \u2705 Kostenloses Parken\",\"breadcrumb\":{\"@id\":\"https:\/\/www.eliassen.nl\/de\/bronzeskulptur-madchen-mit-vogel-an-hand-58-cm\/#breadcrumb\"},\"inLanguage\":\"de\",\"potentialAction\":[{\"@type\":\"ReadAction\",\"target\":[\"https:\/\/www.eliassen.nl\/de\/bronzeskulptur-madchen-mit-vogel-an-hand-58-cm\/\"]}]},{\"@type\":\"ImageObject\",\"inLanguage\":\"de\",\"@id\":\"https:\/\/www.eliassen.nl\/de\/bronzeskulptur-madchen-mit-vogel-an-hand-58-cm\/#primaryimage\",\"url\":\"https:\/\/www.eliassen.nl\/wp-content\/uploads\/2024\/01\/meisjemetvogeleliassennl.jpg\",\"contentUrl\":\"https:\/\/www.eliassen.nl\/wp-content\/uploads\/2024\/01\/meisjemetvogeleliassennl.jpg\",\"width\":1422,\"height\":2048,\"caption\":\"M\u00e4dchen mit Vogel - eliassen.nl\"},{\"@type\":\"BreadcrumbList\",\"@id\":\"https:\/\/www.eliassen.nl\/de\/bronzeskulptur-madchen-mit-vogel-an-hand-58-cm\/#breadcrumb\",\"itemListElement\":[{\"@type\":\"ListItem\",\"position\":1,\"name\":\"Home\",\"item\":\"https:\/\/www.eliassen.nl\/de\/\"},{\"@type\":\"ListItem\",\"position\":2,\"name\":\"Shop\",\"item\":\"https:\/\/www.eliassen.nl\/de\/shop\/\"},{\"@type\":\"ListItem\",\"position\":3,\"name\":\"Bronzestatuen\",\"item\":\"https:\/\/www.eliassen.nl\/de\/bronzestatuen\/\"},{\"@type\":\"ListItem\",\"position\":4,\"name\":\"Bronzestatue von Kindern\",\"item\":\"https:\/\/www.eliassen.nl\/de\/bilder\/bronzestatuen\/bronzestatue-von-kindern\/\"},{\"@type\":\"ListItem\",\"position\":5,\"name\":\"Bronzestatue M\u00e4dchen mit Vogel auf der Hand 58cm\"}]},{\"@type\":\"WebSite\",\"@id\":\"https:\/\/www.eliassen.nl\/de\/#website\",\"url\":\"https:\/\/www.eliassen.nl\/de\/\",\"name\":\"Eliassen Home & Garden Pleasure\",\"description\":\"\",\"publisher\":{\"@id\":\"https:\/\/www.eliassen.nl\/de\/#organization\"},\"alternateName\":\"Eliassen.nl\",\"potentialAction\":[{\"@type\":\"SearchAction\",\"target\":{\"@type\":\"EntryPoint\",\"urlTemplate\":\"https:\/\/www.eliassen.nl\/de\/?s={search_term_string}\"},\"query-input\":{\"@type\":\"PropertyValueSpecification\",\"valueRequired\":true,\"valueName\":\"search_term_string\"}}],\"inLanguage\":\"de\"},{\"@type\":[\"Organization\",\"Place\"],\"@id\":\"https:\/\/www.eliassen.nl\/de\/#organization\",\"name\":\"Eliassen Home & Garden Pleasure\",\"url\":\"https:\/\/www.eliassen.nl\/de\/\",\"logo\":{\"@id\":\"https:\/\/www.eliassen.nl\/de\/bronzeskulptur-madchen-mit-vogel-an-hand-58-cm\/#local-main-organization-logo\"},\"image\":{\"@id\":\"https:\/\/www.eliassen.nl\/de\/bronzeskulptur-madchen-mit-vogel-an-hand-58-cm\/#local-main-organization-logo\"},\"sameAs\":[\"https:\/\/www.facebook.com\/TuincentrumEliassenAmmerzoden\",\"https:\/\/www.instagram.com\/eliassenhomeandgarden\/\",\"https:\/\/nl.pinterest.com\/eliassenhomeandgarden\/\",\"https:\/\/www.youtube.com\/@eliassenhomegardenpleasure4558\"],\"telephone\":[],\"openingHoursSpecification\":[{\"@type\":\"OpeningHoursSpecification\",\"dayOfWeek\":[\"Monday\",\"Tuesday\",\"Wednesday\",\"Thursday\",\"Friday\",\"Saturday\",\"Sunday\"],\"opens\":\"09:00\",\"closes\":\"17:00\"}]},{\"@type\":\"ImageObject\",\"inLanguage\":\"de\",\"@id\":\"https:\/\/www.eliassen.nl\/de\/bronzeskulptur-madchen-mit-vogel-an-hand-58-cm\/#local-main-organization-logo\",\"url\":\"https:\/\/www.eliassen.nl\/wp-content\/uploads\/2024\/01\/logo_4nd.jpg\",\"contentUrl\":\"https:\/\/www.eliassen.nl\/wp-content\/uploads\/2024\/01\/logo_4nd.jpg\",\"width\":500,\"height\":500,\"caption\":\"Eliassen Home & Garden Pleasure\"}]}<\/script>\n<meta property=\"product:price:amount\" content=\"1300.00\" \/>\n<meta property=\"product:price:currency\" content=\"EUR\" \/>\n<meta property=\"og:availability\" content=\"backorder\" \/>\n<meta property=\"product:availability\" content=\"available for order\" \/>\n<meta property=\"product:retailer_item_id\" content=\"Lv0028\" \/>\n<meta property=\"product:condition\" content=\"new\" \/>\n<!-- \/ Yoast SEO Premium plugin. -->","yoast_head_json":{"title":"Bronzestatue M\u00e4dchen mit Vogel auf der Hand 58cm","description":"Bronze M\u00e4dchen mit Vogel ? Nirgendwo sonst k\u00f6nnen Sie so viele Bronzeobjekte auch live sehen !!! \u2705 Sicher einkaufen \u2705 Faire Preise \u2705 Kostenloses Parken","robots":{"index":"index","follow":"follow","max-snippet":"max-snippet:-1","max-image-preview":"max-image-preview:large","max-video-preview":"max-video-preview:-1"},"canonical":"https:\/\/www.eliassen.nl\/de\/bronzeskulptur-madchen-mit-vogel-an-hand-58-cm\/","og_locale":"de_DE","og_type":"article","og_title":"Sonstige Bronzestatue M\u00e4dchen mit Vogel auf der Hand 58cm - Eliassen.nl","og_description":"Bronze M\u00e4dchen mit Vogel ? Nirgendwo sonst k\u00f6nnen Sie so viele Bronzeobjekte auch live sehen !!! \u2705 Sicher einkaufen \u2705 Faire Preise \u2705 Kostenloses Parken","og_url":"https:\/\/www.eliassen.nl\/de\/bronzeskulptur-madchen-mit-vogel-an-hand-58-cm\/","og_site_name":"Eliassen.nl","article_publisher":"https:\/\/www.facebook.com\/TuincentrumEliassenAmmerzoden","article_modified_time":"2026-01-16T13:31:15+00:00","og_image":[{"width":1422,"height":2048,"url":"https:\/\/www.eliassen.nl\/wp-content\/uploads\/2024\/01\/meisjemetvogeleliassennl.jpg","type":"image\/jpeg"}],"twitter_card":"summary_large_image","schema":{"@context":"https:\/\/schema.org","@graph":[{"@type":"WebPage","@id":"https:\/\/www.eliassen.nl\/de\/bronzeskulptur-madchen-mit-vogel-an-hand-58-cm\/","url":"https:\/\/www.eliassen.nl\/de\/bronzeskulptur-madchen-mit-vogel-an-hand-58-cm\/","name":"Bronzestatue M\u00e4dchen mit Vogel auf der Hand 58cm","isPartOf":{"@id":"https:\/\/www.eliassen.nl\/de\/#website"},"primaryImageOfPage":{"@id":"https:\/\/www.eliassen.nl\/de\/bronzeskulptur-madchen-mit-vogel-an-hand-58-cm\/#primaryimage"},"image":{"@id":"https:\/\/www.eliassen.nl\/de\/bronzeskulptur-madchen-mit-vogel-an-hand-58-cm\/#primaryimage"},"thumbnailUrl":"https:\/\/www.eliassen.nl\/wp-content\/uploads\/2024\/01\/meisjemetvogeleliassennl.jpg","datePublished":"2023-02-16T10:20:37+00:00","dateModified":"2026-01-16T13:31:15+00:00","description":"Bronze M\u00e4dchen mit Vogel ? Nirgendwo sonst k\u00f6nnen Sie so viele Bronzeobjekte auch live sehen !!! \u2705 Sicher einkaufen \u2705 Faire Preise \u2705 Kostenloses Parken","breadcrumb":{"@id":"https:\/\/www.eliassen.nl\/de\/bronzeskulptur-madchen-mit-vogel-an-hand-58-cm\/#breadcrumb"},"inLanguage":"de","potentialAction":[{"@type":"ReadAction","target":["https:\/\/www.eliassen.nl\/de\/bronzeskulptur-madchen-mit-vogel-an-hand-58-cm\/"]}]},{"@type":"ImageObject","inLanguage":"de","@id":"https:\/\/www.eliassen.nl\/de\/bronzeskulptur-madchen-mit-vogel-an-hand-58-cm\/#primaryimage","url":"https:\/\/www.eliassen.nl\/wp-content\/uploads\/2024\/01\/meisjemetvogeleliassennl.jpg","contentUrl":"https:\/\/www.eliassen.nl\/wp-content\/uploads\/2024\/01\/meisjemetvogeleliassennl.jpg","width":1422,"height":2048,"caption":"M\u00e4dchen mit Vogel - eliassen.nl"},{"@type":"BreadcrumbList","@id":"https:\/\/www.eliassen.nl\/de\/bronzeskulptur-madchen-mit-vogel-an-hand-58-cm\/#breadcrumb","itemListElement":[{"@type":"ListItem","position":1,"name":"Home","item":"https:\/\/www.eliassen.nl\/de\/"},{"@type":"ListItem","position":2,"name":"Shop","item":"https:\/\/www.eliassen.nl\/de\/shop\/"},{"@type":"ListItem","position":3,"name":"Bronzestatuen","item":"https:\/\/www.eliassen.nl\/de\/bronzestatuen\/"},{"@type":"ListItem","position":4,"name":"Bronzestatue von Kindern","item":"https:\/\/www.eliassen.nl\/de\/bilder\/bronzestatuen\/bronzestatue-von-kindern\/"},{"@type":"ListItem","position":5,"name":"Bronzestatue M\u00e4dchen mit Vogel auf der Hand 58cm"}]},{"@type":"WebSite","@id":"https:\/\/www.eliassen.nl\/de\/#website","url":"https:\/\/www.eliassen.nl\/de\/","name":"Eliassen Home & Garden Pleasure","description":"","publisher":{"@id":"https:\/\/www.eliassen.nl\/de\/#organization"},"alternateName":"Eliassen.nl","potentialAction":[{"@type":"SearchAction","target":{"@type":"EntryPoint","urlTemplate":"https:\/\/www.eliassen.nl\/de\/?s={search_term_string}"},"query-input":{"@type":"PropertyValueSpecification","valueRequired":true,"valueName":"search_term_string"}}],"inLanguage":"de"},{"@type":["Organization","Place"],"@id":"https:\/\/www.eliassen.nl\/de\/#organization","name":"Eliassen Home & Garden Pleasure","url":"https:\/\/www.eliassen.nl\/de\/","logo":{"@id":"https:\/\/www.eliassen.nl\/de\/bronzeskulptur-madchen-mit-vogel-an-hand-58-cm\/#local-main-organization-logo"},"image":{"@id":"https:\/\/www.eliassen.nl\/de\/bronzeskulptur-madchen-mit-vogel-an-hand-58-cm\/#local-main-organization-logo"},"sameAs":["https:\/\/www.facebook.com\/TuincentrumEliassenAmmerzoden","https:\/\/www.instagram.com\/eliassenhomeandgarden\/","https:\/\/nl.pinterest.com\/eliassenhomeandgarden\/","https:\/\/www.youtube.com\/@eliassenhomegardenpleasure4558"],"telephone":[],"openingHoursSpecification":[{"@type":"OpeningHoursSpecification","dayOfWeek":["Monday","Tuesday","Wednesday","Thursday","Friday","Saturday","Sunday"],"opens":"09:00","closes":"17:00"}]},{"@type":"ImageObject","inLanguage":"de","@id":"https:\/\/www.eliassen.nl\/de\/bronzeskulptur-madchen-mit-vogel-an-hand-58-cm\/#local-main-organization-logo","url":"https:\/\/www.eliassen.nl\/wp-content\/uploads\/2024\/01\/logo_4nd.jpg","contentUrl":"https:\/\/www.eliassen.nl\/wp-content\/uploads\/2024\/01\/logo_4nd.jpg","width":500,"height":500,"caption":"Eliassen Home & Garden Pleasure"}]},"product_price_amount":"1300.00","product_price_currency":"EUR","og_availability":"backorder","product_availability":"available for order","product_retailer_item_id":"Lv0028","product_condition":"new"},"df_price":1300,"df_sale_price":"","df_regular_price":1300,"df_image_link":"https:\/\/www.eliassen.nl\/wp-content\/uploads\/2024\/01\/meisjemetvogeleliassennl.jpg","image":"https:\/\/www.eliassen.nl\/wp-content\/uploads\/2024\/01\/meisjemetvogeleliassennl.jpg","price_search":"<span class=\"woocommerce-Price-amount amount\"><bdi><span class=\"woocommerce-Price-currencySymbol\">&euro;<\/span>&nbsp;1.300,00<\/bdi><\/span>","category":"Bronzestatue von Kindern","global_unique_id":"6096514290277","_links":{"self":[{"href":"https:\/\/www.eliassen.nl\/de\/wp-json\/wp\/v2\/product\/82753","targetHints":{"allow":["GET"]}}],"collection":[{"href":"https:\/\/www.eliassen.nl\/de\/wp-json\/wp\/v2\/product"}],"about":[{"href":"https:\/\/www.eliassen.nl\/de\/wp-json\/wp\/v2\/types\/product"}],"wp:featuredmedia":[{"embeddable":true,"href":"https:\/\/www.eliassen.nl\/de\/wp-json\/wp\/v2\/media\/82750"}],"wp:attachment":[{"href":"https:\/\/www.eliassen.nl\/de\/wp-json\/wp\/v2\/media?parent=82753"}],"wp:term":[{"taxonomy":"product_brand","embeddable":true,"href":"https:\/\/www.eliassen.nl\/de\/wp-json\/wp\/v2\/product_brand?post=82753"},{"taxonomy":"product_cat","embeddable":true,"href":"https:\/\/www.eliassen.nl\/de\/wp-json\/wp\/v2\/product_cat?post=82753"},{"taxonomy":"product_tag","embeddable":true,"href":"https:\/\/www.eliassen.nl\/de\/wp-json\/wp\/v2\/product_tag?post=82753"}],"curies":[{"name":"wp","href":"https:\/\/api.w.org\/{rel}","templated":true}]}}