{"id":82330,"date":"2023-02-14T16:33:30","date_gmt":"2023-02-14T15:33:30","guid":{"rendered":"https:\/\/www.eliassen.nl\/?product=tuinhaard-gietijzer-gietijzer-150cm"},"modified":"2024-12-05T16:19:31","modified_gmt":"2024-12-05T15:19:31","slug":"gartenkamin-aus-gusseisen-150-cm","status":"publish","type":"product","link":"https:\/\/www.eliassen.nl\/de\/gartenkamin-aus-gusseisen-150-cm\/","title":{"rendered":"Gartenkamin aus Gusseisen, 150 cm, extra gro\u00df"},"content":{"rendered":"<p>Sie sitzen drau\u00dfen in netter Gesellschaft, aber es wird langsam kalt, dann ist dieser Gartenkamin eine echte L\u00f6sung.<\/p>\n<p>Wenn Sie diesen robusten Terrassenkamin nach Schweizer Methode sanft mit trockenem, sauberem Holz befeuern, wird Sie der Rauch kaum st\u00f6ren. Dieser Terrassenheizer wird mit der Zeit rosten, aber das ist bei Gusseisen kein Problem. Bei richtiger Anwendung werden Sie jahrzehntelang Freude an dieser Au\u00dfenheizung haben. Die Beine und Griffe m\u00fcssen Sie selbst montieren, Schrauben sind im Lieferumfang enthalten.<\/p>\n<p>Schalten Sie diese Gartenheizung niemals mit Wasser auf einmal aus!! und beim Bewegen an den Ringen anheben, niemals ziehen!!<\/p>\n<ul>\n<li>Gr\u00f6\u00dfe 57x150cm hoch<\/li>\n<li>79kg<\/li>\n<li>Material: Gusseisen<\/li>\n<li>Schwere Qualit\u00e4t<\/li>\n<li>Mit Griffen und Feuerrost und Deckel am Rohr<\/li>\n<\/ul>\n","protected":false},"excerpt":{"rendered":"<p>gro\u00dfer, eleganter Gartenkamin aus Gusseisen<\/p>\n","protected":false},"featured_media":82315,"template":"","meta":{"_acf_changed":false,"_genesis_title":"","_genesis_description":""},"product_brand":[],"product_cat":[764,752],"product_tag":[],"class_list":{"0":"post-82330","1":"product","2":"type-product","3":"status-publish","4":"has-post-thumbnail","6":"product_cat-terrassenkamine-feuerstellen","7":"product_cat-weitere-artikel","9":"first","10":"outofstock","11":"sale","12":"taxable","13":"shipping-taxable","14":"purchasable","15":"product-type-simple"},"acf":[],"meta_all":{"total_sales":"0","wcml_sync_hash":{"postmeta_fields":"17b9b303bf9273cf73d6c2dbad0c3473"},"attr_label_translations":[],"no_of_subscribers":"2"},"meta_all_flat":{"total_sales":"0","wcml_sync_hash.postmeta_fields":"17b9b303bf9273cf73d6c2dbad0c3473","no_of_subscribers":"2"},"yoast_head":"<!-- This site is optimized with the Yoast SEO Premium plugin v26.2 (Yoast SEO v27.2) - https:\/\/yoast.com\/product\/yoast-seo-premium-wordpress\/ -->\n<title>Gartenkamin aus Gusseisen, Gusseisen, 150 cm<\/title>\n<meta name=\"description\" content=\"Gartenkamine oder -heizungen? Sehen Sie sie sich alle in unserem Webshop an oder kommen Sie vorbei und sehen Sie sie sich live an!\" \/>\n<meta name=\"robots\" content=\"index, follow, max-snippet:-1, max-image-preview:large, max-video-preview:-1\" \/>\n<link rel=\"canonical\" href=\"https:\/\/www.eliassen.nl\/de\/gartenkamin-aus-gusseisen-150-cm\/\" \/>\n<meta property=\"og:locale\" content=\"de_DE\" \/>\n<meta property=\"og:type\" content=\"article\" \/>\n<meta property=\"og:title\" content=\"Gartenkamin aus Gusseisen, 150 cm, extra gro\u00df - Eliassen.nl\" \/>\n<meta property=\"og:description\" content=\"Gartenkamine oder -heizungen? Sehen Sie sie sich alle in unserem Webshop an oder kommen Sie vorbei und sehen Sie sie sich live an!\" \/>\n<meta property=\"og:url\" content=\"https:\/\/www.eliassen.nl\/de\/gartenkamin-aus-gusseisen-150-cm\/\" \/>\n<meta property=\"og:site_name\" content=\"Eliassen.nl\" \/>\n<meta property=\"article:publisher\" content=\"https:\/\/www.facebook.com\/TuincentrumEliassenAmmerzoden\" \/>\n<meta property=\"article:modified_time\" content=\"2024-12-05T15:19:31+00:00\" \/>\n<meta property=\"og:image\" content=\"https:\/\/www.eliassen.nl\/wp-content\/uploads\/2024\/01\/45479.jpg\" \/>\n\t<meta property=\"og:image:width\" content=\"882\" \/>\n\t<meta property=\"og:image:height\" content=\"2048\" \/>\n\t<meta property=\"og:image:type\" content=\"image\/jpeg\" \/>\n<meta name=\"twitter:card\" content=\"summary_large_image\" \/>\n<script type=\"application\/ld+json\" class=\"yoast-schema-graph\">{\"@context\":\"https:\/\/schema.org\",\"@graph\":[{\"@type\":\"WebPage\",\"@id\":\"https:\/\/www.eliassen.nl\/de\/gartenkamin-aus-gusseisen-150-cm\/\",\"url\":\"https:\/\/www.eliassen.nl\/de\/gartenkamin-aus-gusseisen-150-cm\/\",\"name\":\"Gartenkamin aus Gusseisen, Gusseisen, 150 cm\",\"isPartOf\":{\"@id\":\"https:\/\/www.eliassen.nl\/de\/#website\"},\"primaryImageOfPage\":{\"@id\":\"https:\/\/www.eliassen.nl\/de\/gartenkamin-aus-gusseisen-150-cm\/#primaryimage\"},\"image\":{\"@id\":\"https:\/\/www.eliassen.nl\/de\/gartenkamin-aus-gusseisen-150-cm\/#primaryimage\"},\"thumbnailUrl\":\"https:\/\/www.eliassen.nl\/wp-content\/uploads\/2024\/01\/45479.jpg\",\"datePublished\":\"2023-02-14T15:33:30+00:00\",\"dateModified\":\"2024-12-05T15:19:31+00:00\",\"description\":\"Gartenkamine oder -heizungen? Sehen Sie sie sich alle in unserem Webshop an oder kommen Sie vorbei und sehen Sie sie sich live an!\",\"breadcrumb\":{\"@id\":\"https:\/\/www.eliassen.nl\/de\/gartenkamin-aus-gusseisen-150-cm\/#breadcrumb\"},\"inLanguage\":\"de\",\"potentialAction\":[{\"@type\":\"ReadAction\",\"target\":[\"https:\/\/www.eliassen.nl\/de\/gartenkamin-aus-gusseisen-150-cm\/\"]}]},{\"@type\":\"ImageObject\",\"inLanguage\":\"de\",\"@id\":\"https:\/\/www.eliassen.nl\/de\/gartenkamin-aus-gusseisen-150-cm\/#primaryimage\",\"url\":\"https:\/\/www.eliassen.nl\/wp-content\/uploads\/2024\/01\/45479.jpg\",\"contentUrl\":\"https:\/\/www.eliassen.nl\/wp-content\/uploads\/2024\/01\/45479.jpg\",\"width\":882,\"height\":2048,\"caption\":\"45479\"},{\"@type\":\"BreadcrumbList\",\"@id\":\"https:\/\/www.eliassen.nl\/de\/gartenkamin-aus-gusseisen-150-cm\/#breadcrumb\",\"itemListElement\":[{\"@type\":\"ListItem\",\"position\":1,\"name\":\"Home\",\"item\":\"https:\/\/www.eliassen.nl\/de\/\"},{\"@type\":\"ListItem\",\"position\":2,\"name\":\"Shop\",\"item\":\"https:\/\/www.eliassen.nl\/de\/shop\/\"},{\"@type\":\"ListItem\",\"position\":3,\"name\":\"Weitere Artikel\",\"item\":\"https:\/\/www.eliassen.nl\/de\/weitere-artikel\/\"},{\"@type\":\"ListItem\",\"position\":4,\"name\":\"Terrassenkamine Feuerstellen\",\"item\":\"https:\/\/www.eliassen.nl\/de\/garten-andere\/terrassenkamine-feuerstellen\/\"},{\"@type\":\"ListItem\",\"position\":5,\"name\":\"Gartenkamin aus Gusseisen, 150 cm, extra gro\u00df\"}]},{\"@type\":\"WebSite\",\"@id\":\"https:\/\/www.eliassen.nl\/de\/#website\",\"url\":\"https:\/\/www.eliassen.nl\/de\/\",\"name\":\"Eliassen Home & Garden Pleasure\",\"description\":\"\",\"publisher\":{\"@id\":\"https:\/\/www.eliassen.nl\/de\/#organization\"},\"alternateName\":\"Eliassen.nl\",\"potentialAction\":[{\"@type\":\"SearchAction\",\"target\":{\"@type\":\"EntryPoint\",\"urlTemplate\":\"https:\/\/www.eliassen.nl\/de\/?s={search_term_string}\"},\"query-input\":{\"@type\":\"PropertyValueSpecification\",\"valueRequired\":true,\"valueName\":\"search_term_string\"}}],\"inLanguage\":\"de\"},{\"@type\":[\"Organization\",\"Place\"],\"@id\":\"https:\/\/www.eliassen.nl\/de\/#organization\",\"name\":\"Eliassen Home & Garden Pleasure\",\"url\":\"https:\/\/www.eliassen.nl\/de\/\",\"logo\":{\"@id\":\"https:\/\/www.eliassen.nl\/de\/gartenkamin-aus-gusseisen-150-cm\/#local-main-organization-logo\"},\"image\":{\"@id\":\"https:\/\/www.eliassen.nl\/de\/gartenkamin-aus-gusseisen-150-cm\/#local-main-organization-logo\"},\"sameAs\":[\"https:\/\/www.facebook.com\/TuincentrumEliassenAmmerzoden\",\"https:\/\/www.instagram.com\/eliassenhomeandgarden\/\",\"https:\/\/nl.pinterest.com\/eliassenhomeandgarden\/\",\"https:\/\/www.youtube.com\/@eliassenhomegardenpleasure4558\"],\"telephone\":[],\"openingHoursSpecification\":[{\"@type\":\"OpeningHoursSpecification\",\"dayOfWeek\":[\"Monday\",\"Tuesday\",\"Wednesday\",\"Thursday\",\"Friday\",\"Saturday\",\"Sunday\"],\"opens\":\"09:00\",\"closes\":\"17:00\"}]},{\"@type\":\"ImageObject\",\"inLanguage\":\"de\",\"@id\":\"https:\/\/www.eliassen.nl\/de\/gartenkamin-aus-gusseisen-150-cm\/#local-main-organization-logo\",\"url\":\"https:\/\/www.eliassen.nl\/wp-content\/uploads\/2024\/01\/logo_4nd.jpg\",\"contentUrl\":\"https:\/\/www.eliassen.nl\/wp-content\/uploads\/2024\/01\/logo_4nd.jpg\",\"width\":500,\"height\":500,\"caption\":\"Eliassen Home & Garden Pleasure\"}]}<\/script>\n<meta property=\"product:price:amount\" content=\"230.00\" \/>\n<meta property=\"product:price:currency\" content=\"EUR\" \/>\n<meta property=\"og:availability\" content=\"out of stock\" \/>\n<meta property=\"product:availability\" content=\"out of stock\" \/>\n<meta property=\"product:retailer_item_id\" content=\"45479\" \/>\n<meta property=\"product:condition\" content=\"new\" \/>\n<!-- \/ Yoast SEO Premium plugin. -->","yoast_head_json":{"title":"Gartenkamin aus Gusseisen, Gusseisen, 150 cm","description":"Gartenkamine oder -heizungen? Sehen Sie sie sich alle in unserem Webshop an oder kommen Sie vorbei und sehen Sie sie sich live an!","robots":{"index":"index","follow":"follow","max-snippet":"max-snippet:-1","max-image-preview":"max-image-preview:large","max-video-preview":"max-video-preview:-1"},"canonical":"https:\/\/www.eliassen.nl\/de\/gartenkamin-aus-gusseisen-150-cm\/","og_locale":"de_DE","og_type":"article","og_title":"Gartenkamin aus Gusseisen, 150 cm, extra gro\u00df - Eliassen.nl","og_description":"Gartenkamine oder -heizungen? Sehen Sie sie sich alle in unserem Webshop an oder kommen Sie vorbei und sehen Sie sie sich live an!","og_url":"https:\/\/www.eliassen.nl\/de\/gartenkamin-aus-gusseisen-150-cm\/","og_site_name":"Eliassen.nl","article_publisher":"https:\/\/www.facebook.com\/TuincentrumEliassenAmmerzoden","article_modified_time":"2024-12-05T15:19:31+00:00","og_image":[{"width":882,"height":2048,"url":"https:\/\/www.eliassen.nl\/wp-content\/uploads\/2024\/01\/45479.jpg","type":"image\/jpeg"}],"twitter_card":"summary_large_image","schema":{"@context":"https:\/\/schema.org","@graph":[{"@type":"WebPage","@id":"https:\/\/www.eliassen.nl\/de\/gartenkamin-aus-gusseisen-150-cm\/","url":"https:\/\/www.eliassen.nl\/de\/gartenkamin-aus-gusseisen-150-cm\/","name":"Gartenkamin aus Gusseisen, Gusseisen, 150 cm","isPartOf":{"@id":"https:\/\/www.eliassen.nl\/de\/#website"},"primaryImageOfPage":{"@id":"https:\/\/www.eliassen.nl\/de\/gartenkamin-aus-gusseisen-150-cm\/#primaryimage"},"image":{"@id":"https:\/\/www.eliassen.nl\/de\/gartenkamin-aus-gusseisen-150-cm\/#primaryimage"},"thumbnailUrl":"https:\/\/www.eliassen.nl\/wp-content\/uploads\/2024\/01\/45479.jpg","datePublished":"2023-02-14T15:33:30+00:00","dateModified":"2024-12-05T15:19:31+00:00","description":"Gartenkamine oder -heizungen? Sehen Sie sie sich alle in unserem Webshop an oder kommen Sie vorbei und sehen Sie sie sich live an!","breadcrumb":{"@id":"https:\/\/www.eliassen.nl\/de\/gartenkamin-aus-gusseisen-150-cm\/#breadcrumb"},"inLanguage":"de","potentialAction":[{"@type":"ReadAction","target":["https:\/\/www.eliassen.nl\/de\/gartenkamin-aus-gusseisen-150-cm\/"]}]},{"@type":"ImageObject","inLanguage":"de","@id":"https:\/\/www.eliassen.nl\/de\/gartenkamin-aus-gusseisen-150-cm\/#primaryimage","url":"https:\/\/www.eliassen.nl\/wp-content\/uploads\/2024\/01\/45479.jpg","contentUrl":"https:\/\/www.eliassen.nl\/wp-content\/uploads\/2024\/01\/45479.jpg","width":882,"height":2048,"caption":"45479"},{"@type":"BreadcrumbList","@id":"https:\/\/www.eliassen.nl\/de\/gartenkamin-aus-gusseisen-150-cm\/#breadcrumb","itemListElement":[{"@type":"ListItem","position":1,"name":"Home","item":"https:\/\/www.eliassen.nl\/de\/"},{"@type":"ListItem","position":2,"name":"Shop","item":"https:\/\/www.eliassen.nl\/de\/shop\/"},{"@type":"ListItem","position":3,"name":"Weitere Artikel","item":"https:\/\/www.eliassen.nl\/de\/weitere-artikel\/"},{"@type":"ListItem","position":4,"name":"Terrassenkamine Feuerstellen","item":"https:\/\/www.eliassen.nl\/de\/garten-andere\/terrassenkamine-feuerstellen\/"},{"@type":"ListItem","position":5,"name":"Gartenkamin aus Gusseisen, 150 cm, extra gro\u00df"}]},{"@type":"WebSite","@id":"https:\/\/www.eliassen.nl\/de\/#website","url":"https:\/\/www.eliassen.nl\/de\/","name":"Eliassen Home & Garden Pleasure","description":"","publisher":{"@id":"https:\/\/www.eliassen.nl\/de\/#organization"},"alternateName":"Eliassen.nl","potentialAction":[{"@type":"SearchAction","target":{"@type":"EntryPoint","urlTemplate":"https:\/\/www.eliassen.nl\/de\/?s={search_term_string}"},"query-input":{"@type":"PropertyValueSpecification","valueRequired":true,"valueName":"search_term_string"}}],"inLanguage":"de"},{"@type":["Organization","Place"],"@id":"https:\/\/www.eliassen.nl\/de\/#organization","name":"Eliassen Home & Garden Pleasure","url":"https:\/\/www.eliassen.nl\/de\/","logo":{"@id":"https:\/\/www.eliassen.nl\/de\/gartenkamin-aus-gusseisen-150-cm\/#local-main-organization-logo"},"image":{"@id":"https:\/\/www.eliassen.nl\/de\/gartenkamin-aus-gusseisen-150-cm\/#local-main-organization-logo"},"sameAs":["https:\/\/www.facebook.com\/TuincentrumEliassenAmmerzoden","https:\/\/www.instagram.com\/eliassenhomeandgarden\/","https:\/\/nl.pinterest.com\/eliassenhomeandgarden\/","https:\/\/www.youtube.com\/@eliassenhomegardenpleasure4558"],"telephone":[],"openingHoursSpecification":[{"@type":"OpeningHoursSpecification","dayOfWeek":["Monday","Tuesday","Wednesday","Thursday","Friday","Saturday","Sunday"],"opens":"09:00","closes":"17:00"}]},{"@type":"ImageObject","inLanguage":"de","@id":"https:\/\/www.eliassen.nl\/de\/gartenkamin-aus-gusseisen-150-cm\/#local-main-organization-logo","url":"https:\/\/www.eliassen.nl\/wp-content\/uploads\/2024\/01\/logo_4nd.jpg","contentUrl":"https:\/\/www.eliassen.nl\/wp-content\/uploads\/2024\/01\/logo_4nd.jpg","width":500,"height":500,"caption":"Eliassen Home & Garden Pleasure"}]},"product_price_amount":"230.00","product_price_currency":"EUR","og_availability":"out of stock","product_availability":"out of stock","product_retailer_item_id":"45479","product_condition":"new"},"df_price":230,"df_sale_price":230,"df_regular_price":289,"df_image_link":"https:\/\/www.eliassen.nl\/wp-content\/uploads\/2024\/01\/45479.jpg","image":"https:\/\/www.eliassen.nl\/wp-content\/uploads\/2024\/01\/45479.jpg","price_search":"<span class=\"woocommerce-Price-amount amount\"><bdi><span class=\"woocommerce-Price-currencySymbol\">&euro;<\/span>&nbsp;230,00<\/bdi><\/span>","category":"Terrassenkamine Feuerstellen","global_unique_id":"8714075454799","_links":{"self":[{"href":"https:\/\/www.eliassen.nl\/de\/wp-json\/wp\/v2\/product\/82330","targetHints":{"allow":["GET"]}}],"collection":[{"href":"https:\/\/www.eliassen.nl\/de\/wp-json\/wp\/v2\/product"}],"about":[{"href":"https:\/\/www.eliassen.nl\/de\/wp-json\/wp\/v2\/types\/product"}],"wp:featuredmedia":[{"embeddable":true,"href":"https:\/\/www.eliassen.nl\/de\/wp-json\/wp\/v2\/media\/82315"}],"wp:attachment":[{"href":"https:\/\/www.eliassen.nl\/de\/wp-json\/wp\/v2\/media?parent=82330"}],"wp:term":[{"taxonomy":"product_brand","embeddable":true,"href":"https:\/\/www.eliassen.nl\/de\/wp-json\/wp\/v2\/product_brand?post=82330"},{"taxonomy":"product_cat","embeddable":true,"href":"https:\/\/www.eliassen.nl\/de\/wp-json\/wp\/v2\/product_cat?post=82330"},{"taxonomy":"product_tag","embeddable":true,"href":"https:\/\/www.eliassen.nl\/de\/wp-json\/wp\/v2\/product_tag?post=82330"}],"curies":[{"name":"wp","href":"https:\/\/api.w.org\/{rel}","templated":true}]}}