{"id":80659,"date":"2023-01-18T14:28:36","date_gmt":"2023-01-18T14:28:36","guid":{"rendered":"https:\/\/www.eliassen.nl\/?product=pondostar-led-rgwb-set-3-delig"},"modified":"2025-12-08T16:52:51","modified_gmt":"2025-12-08T15:52:51","slug":"pondostar-led-rgwb-set-3-delig","status":"publish","type":"product","link":"https:\/\/www.eliassen.nl\/de\/pondostar-led-rgwb-set-3-delig\/","title":{"rendered":"Pondostar led rgwb set 3 teile"},"content":{"rendered":"<p>Das Pontec PondoStar LED-Set-3 RGBW ist ein LED-Set mit 3 Scheinwerfern mit je 1 Watt. Die Teichstrahler k\u00f6nnen sowohl \u00fcber als auch unter Wasser aufgestellt werden. Sie sind um 200\u00ba schwenkbar und eignen sich daher ideal f\u00fcr die Beleuchtung von Wasserornamenten, die aus der N\u00e4he beleuchtet werden sollen, so dass der Wassereffekt sch\u00f6n zur Geltung kommt. Besonders bei Terrassenbrunnen k\u00f6nnen diese Strahler auf dem Sockel platziert werden. Aber nat\u00fcrlich auch geeignet, um andere Objekte aus der N\u00e4he hervorzuheben, wie z.B. Gartenornamente.<\/p>\n<ul>\n<li>Leistung 3x 1 Watt, 4 verschiedene Farben, einstellbar mit Fernbedienung<\/li>\n<li>wasserdicht<\/li>\n<li>380gr schwenkbar<\/li>\n<li>Durchmesser Flecken 40mm<\/li>\n<li>Sichere 12-Volt-Beleuchtung mit einer 5 Meter langen Zuleitung, die Kabell\u00e4nge zwischen den Spots betr\u00e4gt 2 Meter<\/li>\n<li>Garantie: 2 Jahre<\/li>\n<li>Pontec; hergestellt von Oase<\/li>\n<\/ul>\n<p><a href=\"https:\/\/cdn.webshopapp.com\/shops\/289658\/files\/421987417\/pontec-pondostar-led-rgb-handleidingpdf.pdf\" target=\"_blank\" rel=\"noopener\">Handbuch pondostar led RGBW<\/a><\/p>\n","protected":false},"excerpt":{"rendered":"<p>3-teiliger LED-Strahler mit Fernbedienung<\/p>\n","protected":false},"featured_media":80644,"template":"","meta":{"_acf_changed":false,"_genesis_title":"","_genesis_description":""},"product_brand":[6936],"product_cat":[545,536],"product_tag":[],"class_list":{"0":"post-80659","1":"product","2":"type-product","3":"status-publish","4":"has-post-thumbnail","6":"product_brand-pontec-de","7":"product_cat-teile-wasserspiele","8":"product_cat-wassereigenschaften","10":"first","11":"instock","12":"taxable","13":"shipping-taxable","14":"purchasable","15":"product-type-simple"},"acf":[],"meta_all":{"total_sales":"4","wcml_sync_hash":{"postmeta_fields":"78690b122d15548f73d2e91e6620aa88"},"attr_label_translations":[]},"meta_all_flat":{"total_sales":"4","wcml_sync_hash.postmeta_fields":"78690b122d15548f73d2e91e6620aa88"},"yoast_head":"<!-- This site is optimized with the Yoast SEO Premium plugin v26.2 (Yoast SEO v27.2) - https:\/\/yoast.com\/product\/yoast-seo-premium-wordpress\/ -->\n<title>Pondostar led rgwb set 3 teile<\/title>\n<meta name=\"description\" content=\"Bekannte Qualit\u00e4tsstrahler f\u00fcr den Garten, \u00fcber oder unter Wasser\" \/>\n<meta name=\"robots\" content=\"index, follow, max-snippet:-1, max-image-preview:large, max-video-preview:-1\" \/>\n<link rel=\"canonical\" href=\"https:\/\/www.eliassen.nl\/de\/pondostar-led-rgwb-set-3-delig\/\" \/>\n<meta property=\"og:locale\" content=\"de_DE\" \/>\n<meta property=\"og:type\" content=\"article\" \/>\n<meta property=\"og:title\" content=\"Pontec Pondostar led rgwb set 3 teile - Eliassen.nl\" \/>\n<meta property=\"og:description\" content=\"Bekannte Qualit\u00e4tsstrahler f\u00fcr den Garten, \u00fcber oder unter Wasser\" \/>\n<meta property=\"og:url\" content=\"https:\/\/www.eliassen.nl\/de\/pondostar-led-rgwb-set-3-delig\/\" \/>\n<meta property=\"og:site_name\" content=\"Eliassen.nl\" \/>\n<meta property=\"article:publisher\" content=\"https:\/\/www.facebook.com\/TuincentrumEliassenAmmerzoden\" \/>\n<meta property=\"article:modified_time\" content=\"2025-12-08T15:52:51+00:00\" \/>\n<meta property=\"og:image\" content=\"https:\/\/www.eliassen.nl\/wp-content\/uploads\/2024\/01\/pontecpondostarledrgbwset3.jpg\" \/>\n\t<meta property=\"og:image:width\" content=\"698\" \/>\n\t<meta property=\"og:image:height\" content=\"608\" \/>\n\t<meta property=\"og:image:type\" content=\"image\/jpeg\" \/>\n<meta name=\"twitter:card\" content=\"summary_large_image\" \/>\n<script type=\"application\/ld+json\" class=\"yoast-schema-graph\">{\"@context\":\"https:\/\/schema.org\",\"@graph\":[{\"@type\":\"WebPage\",\"@id\":\"https:\/\/www.eliassen.nl\/de\/pondostar-led-rgwb-set-3-delig\/\",\"url\":\"https:\/\/www.eliassen.nl\/de\/pondostar-led-rgwb-set-3-delig\/\",\"name\":\"Pondostar led rgwb set 3 teile\",\"isPartOf\":{\"@id\":\"https:\/\/www.eliassen.nl\/de\/#website\"},\"primaryImageOfPage\":{\"@id\":\"https:\/\/www.eliassen.nl\/de\/pondostar-led-rgwb-set-3-delig\/#primaryimage\"},\"image\":{\"@id\":\"https:\/\/www.eliassen.nl\/de\/pondostar-led-rgwb-set-3-delig\/#primaryimage\"},\"thumbnailUrl\":\"https:\/\/www.eliassen.nl\/wp-content\/uploads\/2024\/01\/pontecpondostarledrgbwset3.jpg\",\"datePublished\":\"2023-01-18T14:28:36+00:00\",\"dateModified\":\"2025-12-08T15:52:51+00:00\",\"description\":\"Bekannte Qualit\u00e4tsstrahler f\u00fcr den Garten, \u00fcber oder unter Wasser\",\"breadcrumb\":{\"@id\":\"https:\/\/www.eliassen.nl\/de\/pondostar-led-rgwb-set-3-delig\/#breadcrumb\"},\"inLanguage\":\"de\",\"potentialAction\":[{\"@type\":\"ReadAction\",\"target\":[\"https:\/\/www.eliassen.nl\/de\/pondostar-led-rgwb-set-3-delig\/\"]}]},{\"@type\":\"ImageObject\",\"inLanguage\":\"de\",\"@id\":\"https:\/\/www.eliassen.nl\/de\/pondostar-led-rgwb-set-3-delig\/#primaryimage\",\"url\":\"https:\/\/www.eliassen.nl\/wp-content\/uploads\/2024\/01\/pontecpondostarledrgbwset3.jpg\",\"contentUrl\":\"https:\/\/www.eliassen.nl\/wp-content\/uploads\/2024\/01\/pontecpondostarledrgbwset3.jpg\",\"width\":698,\"height\":608,\"caption\":\"pontec-pondostar-led-rgbw-set-3\"},{\"@type\":\"BreadcrumbList\",\"@id\":\"https:\/\/www.eliassen.nl\/de\/pondostar-led-rgwb-set-3-delig\/#breadcrumb\",\"itemListElement\":[{\"@type\":\"ListItem\",\"position\":1,\"name\":\"Home\",\"item\":\"https:\/\/www.eliassen.nl\/de\/\"},{\"@type\":\"ListItem\",\"position\":2,\"name\":\"Shop\",\"item\":\"https:\/\/www.eliassen.nl\/de\/shop\/\"},{\"@type\":\"ListItem\",\"position\":3,\"name\":\"Wasserspiele\",\"item\":\"https:\/\/www.eliassen.nl\/de\/wassereigenschaften\/\"},{\"@type\":\"ListItem\",\"position\":4,\"name\":\"Teile Wasserspiele\",\"item\":\"https:\/\/www.eliassen.nl\/de\/wassereigenschaften\/teile-wasserspiele\/\"},{\"@type\":\"ListItem\",\"position\":5,\"name\":\"Pondostar led rgwb set 3 teile\"}]},{\"@type\":\"WebSite\",\"@id\":\"https:\/\/www.eliassen.nl\/de\/#website\",\"url\":\"https:\/\/www.eliassen.nl\/de\/\",\"name\":\"Eliassen Home & Garden Pleasure\",\"description\":\"\",\"publisher\":{\"@id\":\"https:\/\/www.eliassen.nl\/de\/#organization\"},\"alternateName\":\"Eliassen.nl\",\"potentialAction\":[{\"@type\":\"SearchAction\",\"target\":{\"@type\":\"EntryPoint\",\"urlTemplate\":\"https:\/\/www.eliassen.nl\/de\/?s={search_term_string}\"},\"query-input\":{\"@type\":\"PropertyValueSpecification\",\"valueRequired\":true,\"valueName\":\"search_term_string\"}}],\"inLanguage\":\"de\"},{\"@type\":[\"Organization\",\"Place\"],\"@id\":\"https:\/\/www.eliassen.nl\/de\/#organization\",\"name\":\"Eliassen Home & Garden Pleasure\",\"url\":\"https:\/\/www.eliassen.nl\/de\/\",\"logo\":{\"@id\":\"https:\/\/www.eliassen.nl\/de\/pondostar-led-rgwb-set-3-delig\/#local-main-organization-logo\"},\"image\":{\"@id\":\"https:\/\/www.eliassen.nl\/de\/pondostar-led-rgwb-set-3-delig\/#local-main-organization-logo\"},\"sameAs\":[\"https:\/\/www.facebook.com\/TuincentrumEliassenAmmerzoden\",\"https:\/\/www.instagram.com\/eliassenhomeandgarden\/\",\"https:\/\/nl.pinterest.com\/eliassenhomeandgarden\/\",\"https:\/\/www.youtube.com\/@eliassenhomegardenpleasure4558\"],\"telephone\":[],\"openingHoursSpecification\":[{\"@type\":\"OpeningHoursSpecification\",\"dayOfWeek\":[\"Monday\",\"Tuesday\",\"Wednesday\",\"Thursday\",\"Friday\",\"Saturday\",\"Sunday\"],\"opens\":\"09:00\",\"closes\":\"17:00\"}]},{\"@type\":\"ImageObject\",\"inLanguage\":\"de\",\"@id\":\"https:\/\/www.eliassen.nl\/de\/pondostar-led-rgwb-set-3-delig\/#local-main-organization-logo\",\"url\":\"https:\/\/www.eliassen.nl\/wp-content\/uploads\/2024\/01\/logo_4nd.jpg\",\"contentUrl\":\"https:\/\/www.eliassen.nl\/wp-content\/uploads\/2024\/01\/logo_4nd.jpg\",\"width\":500,\"height\":500,\"caption\":\"Eliassen Home & Garden Pleasure\"}]}<\/script>\n<meta property=\"product:price:amount\" content=\"119.95\" \/>\n<meta property=\"product:price:currency\" content=\"EUR\" \/>\n<meta property=\"og:availability\" content=\"instock\" \/>\n<meta property=\"product:availability\" content=\"instock\" \/>\n<meta property=\"product:retailer_item_id\" content=\"73355\" \/>\n<meta property=\"product:condition\" content=\"new\" \/>\n<!-- \/ Yoast SEO Premium plugin. -->","yoast_head_json":{"title":"Pondostar led rgwb set 3 teile","description":"Bekannte Qualit\u00e4tsstrahler f\u00fcr den Garten, \u00fcber oder unter Wasser","robots":{"index":"index","follow":"follow","max-snippet":"max-snippet:-1","max-image-preview":"max-image-preview:large","max-video-preview":"max-video-preview:-1"},"canonical":"https:\/\/www.eliassen.nl\/de\/pondostar-led-rgwb-set-3-delig\/","og_locale":"de_DE","og_type":"article","og_title":"Pontec Pondostar led rgwb set 3 teile - Eliassen.nl","og_description":"Bekannte Qualit\u00e4tsstrahler f\u00fcr den Garten, \u00fcber oder unter Wasser","og_url":"https:\/\/www.eliassen.nl\/de\/pondostar-led-rgwb-set-3-delig\/","og_site_name":"Eliassen.nl","article_publisher":"https:\/\/www.facebook.com\/TuincentrumEliassenAmmerzoden","article_modified_time":"2025-12-08T15:52:51+00:00","og_image":[{"width":698,"height":608,"url":"https:\/\/www.eliassen.nl\/wp-content\/uploads\/2024\/01\/pontecpondostarledrgbwset3.jpg","type":"image\/jpeg"}],"twitter_card":"summary_large_image","schema":{"@context":"https:\/\/schema.org","@graph":[{"@type":"WebPage","@id":"https:\/\/www.eliassen.nl\/de\/pondostar-led-rgwb-set-3-delig\/","url":"https:\/\/www.eliassen.nl\/de\/pondostar-led-rgwb-set-3-delig\/","name":"Pondostar led rgwb set 3 teile","isPartOf":{"@id":"https:\/\/www.eliassen.nl\/de\/#website"},"primaryImageOfPage":{"@id":"https:\/\/www.eliassen.nl\/de\/pondostar-led-rgwb-set-3-delig\/#primaryimage"},"image":{"@id":"https:\/\/www.eliassen.nl\/de\/pondostar-led-rgwb-set-3-delig\/#primaryimage"},"thumbnailUrl":"https:\/\/www.eliassen.nl\/wp-content\/uploads\/2024\/01\/pontecpondostarledrgbwset3.jpg","datePublished":"2023-01-18T14:28:36+00:00","dateModified":"2025-12-08T15:52:51+00:00","description":"Bekannte Qualit\u00e4tsstrahler f\u00fcr den Garten, \u00fcber oder unter Wasser","breadcrumb":{"@id":"https:\/\/www.eliassen.nl\/de\/pondostar-led-rgwb-set-3-delig\/#breadcrumb"},"inLanguage":"de","potentialAction":[{"@type":"ReadAction","target":["https:\/\/www.eliassen.nl\/de\/pondostar-led-rgwb-set-3-delig\/"]}]},{"@type":"ImageObject","inLanguage":"de","@id":"https:\/\/www.eliassen.nl\/de\/pondostar-led-rgwb-set-3-delig\/#primaryimage","url":"https:\/\/www.eliassen.nl\/wp-content\/uploads\/2024\/01\/pontecpondostarledrgbwset3.jpg","contentUrl":"https:\/\/www.eliassen.nl\/wp-content\/uploads\/2024\/01\/pontecpondostarledrgbwset3.jpg","width":698,"height":608,"caption":"pontec-pondostar-led-rgbw-set-3"},{"@type":"BreadcrumbList","@id":"https:\/\/www.eliassen.nl\/de\/pondostar-led-rgwb-set-3-delig\/#breadcrumb","itemListElement":[{"@type":"ListItem","position":1,"name":"Home","item":"https:\/\/www.eliassen.nl\/de\/"},{"@type":"ListItem","position":2,"name":"Shop","item":"https:\/\/www.eliassen.nl\/de\/shop\/"},{"@type":"ListItem","position":3,"name":"Wasserspiele","item":"https:\/\/www.eliassen.nl\/de\/wassereigenschaften\/"},{"@type":"ListItem","position":4,"name":"Teile Wasserspiele","item":"https:\/\/www.eliassen.nl\/de\/wassereigenschaften\/teile-wasserspiele\/"},{"@type":"ListItem","position":5,"name":"Pondostar led rgwb set 3 teile"}]},{"@type":"WebSite","@id":"https:\/\/www.eliassen.nl\/de\/#website","url":"https:\/\/www.eliassen.nl\/de\/","name":"Eliassen Home & Garden Pleasure","description":"","publisher":{"@id":"https:\/\/www.eliassen.nl\/de\/#organization"},"alternateName":"Eliassen.nl","potentialAction":[{"@type":"SearchAction","target":{"@type":"EntryPoint","urlTemplate":"https:\/\/www.eliassen.nl\/de\/?s={search_term_string}"},"query-input":{"@type":"PropertyValueSpecification","valueRequired":true,"valueName":"search_term_string"}}],"inLanguage":"de"},{"@type":["Organization","Place"],"@id":"https:\/\/www.eliassen.nl\/de\/#organization","name":"Eliassen Home & Garden Pleasure","url":"https:\/\/www.eliassen.nl\/de\/","logo":{"@id":"https:\/\/www.eliassen.nl\/de\/pondostar-led-rgwb-set-3-delig\/#local-main-organization-logo"},"image":{"@id":"https:\/\/www.eliassen.nl\/de\/pondostar-led-rgwb-set-3-delig\/#local-main-organization-logo"},"sameAs":["https:\/\/www.facebook.com\/TuincentrumEliassenAmmerzoden","https:\/\/www.instagram.com\/eliassenhomeandgarden\/","https:\/\/nl.pinterest.com\/eliassenhomeandgarden\/","https:\/\/www.youtube.com\/@eliassenhomegardenpleasure4558"],"telephone":[],"openingHoursSpecification":[{"@type":"OpeningHoursSpecification","dayOfWeek":["Monday","Tuesday","Wednesday","Thursday","Friday","Saturday","Sunday"],"opens":"09:00","closes":"17:00"}]},{"@type":"ImageObject","inLanguage":"de","@id":"https:\/\/www.eliassen.nl\/de\/pondostar-led-rgwb-set-3-delig\/#local-main-organization-logo","url":"https:\/\/www.eliassen.nl\/wp-content\/uploads\/2024\/01\/logo_4nd.jpg","contentUrl":"https:\/\/www.eliassen.nl\/wp-content\/uploads\/2024\/01\/logo_4nd.jpg","width":500,"height":500,"caption":"Eliassen Home & Garden Pleasure"}]},"product_price_amount":"119.95","product_price_currency":"EUR","og_availability":"instock","product_availability":"instock","product_retailer_item_id":"73355","product_condition":"new"},"df_price":119.95,"df_sale_price":"","df_regular_price":119.95,"df_image_link":"https:\/\/www.eliassen.nl\/wp-content\/uploads\/2024\/01\/pontecpondostarledrgbwset3.jpg","image":"https:\/\/www.eliassen.nl\/wp-content\/uploads\/2024\/01\/pontecpondostarledrgbwset3.jpg","price_search":"<span class=\"woocommerce-Price-amount amount\"><bdi><span class=\"woocommerce-Price-currencySymbol\">&euro;<\/span>&nbsp;119,95<\/bdi><\/span>","category":"Teile Wasserspiele","global_unique_id":"4010052733555","_links":{"self":[{"href":"https:\/\/www.eliassen.nl\/de\/wp-json\/wp\/v2\/product\/80659","targetHints":{"allow":["GET"]}}],"collection":[{"href":"https:\/\/www.eliassen.nl\/de\/wp-json\/wp\/v2\/product"}],"about":[{"href":"https:\/\/www.eliassen.nl\/de\/wp-json\/wp\/v2\/types\/product"}],"wp:featuredmedia":[{"embeddable":true,"href":"https:\/\/www.eliassen.nl\/de\/wp-json\/wp\/v2\/media\/80644"}],"wp:attachment":[{"href":"https:\/\/www.eliassen.nl\/de\/wp-json\/wp\/v2\/media?parent=80659"}],"wp:term":[{"taxonomy":"product_brand","embeddable":true,"href":"https:\/\/www.eliassen.nl\/de\/wp-json\/wp\/v2\/product_brand?post=80659"},{"taxonomy":"product_cat","embeddable":true,"href":"https:\/\/www.eliassen.nl\/de\/wp-json\/wp\/v2\/product_cat?post=80659"},{"taxonomy":"product_tag","embeddable":true,"href":"https:\/\/www.eliassen.nl\/de\/wp-json\/wp\/v2\/product_tag?post=80659"}],"curies":[{"name":"wp","href":"https:\/\/api.w.org\/{rel}","templated":true}]}}