{"id":80461,"date":"2023-01-12T12:59:51","date_gmt":"2023-01-12T12:59:51","guid":{"rendered":"https:\/\/www.eliassen.nl\/?product=afrikaans-bronzen-beeld-paar-met-hangende-benen-bl"},"modified":"2026-01-16T14:30:15","modified_gmt":"2026-01-16T13:30:15","slug":"afrikaans-bronzen-beeld-paar-met-hangende-benen-blauw-13cm","status":"publish","type":"product","link":"https:\/\/www.eliassen.nl\/de\/afrikaans-bronzen-beeld-paar-met-hangende-benen-blauw-13cm\/","title":{"rendered":"Afrikanische Bronzestatue P\u00e4rchen mit h\u00e4ngenden Beinen blau 13cm"},"content":{"rendered":"<p>Sch\u00f6ne massive Bronzestatue von 2 Personen aus hochwertiger Bronze. Sch\u00f6n f\u00fcr Ihr Zuhause oder zum Verschenken. Diese Skulptur wird ohne Sockel geliefert.<\/p>\n<p>Diese Skulptur wird auf sehr primitive Weise hergestellt, so wie es schon seit Hunderten von Jahren gemacht wird. Dazu wird ein holzbefeuerter Schmelzofen verwendet und in eine Form gegossen, die jedes Mal erneuert werden muss. Nach dem Gussprozess wird die Bronzeskulptur weiter poliert, geschliffen und bemalt.<\/p>\n<p>Dieses Produkt tr\u00e4gt zur Besch\u00e4ftigung im Sahelland Burkino Faso bei. Die Menschen dort sind uns sehr dankbar f\u00fcr die Bestellungen und daf\u00fcr, dass ein fairer Preis daf\u00fcr gezahlt wird, der es den Menschen dort erm\u00f6glicht, einen angemessenen Lebensunterhalt zu verdienen.<\/p>\n<p>In unserem Gesch\u00e4ft haben wir sehr viele Sockel und S\u00e4ulen, auf denen diese Bronzeskulptur wundersch\u00f6n pr\u00e4sentiert wird. kommen Sie und sehen Sie es sich selbst an.<\/p>\n<ul>\n<li>Gr\u00f6\u00dfe: insgesamt 13 cm hoch.<\/li>\n<li>Einzigartiges Produkt aus fairem Handel.<\/li>\n<li>15 Jahre Garantie.<\/li>\n<li><strong>Sehr viele aus dieser Serie von Bronzeskulpturen k\u00f6nnen Sie auch live in unserem Shop besichtigen!<\/strong><\/li>\n<\/ul>\n","protected":false},"excerpt":{"rendered":"<p>Statue aus Bronze, insgesamt 13 cm hoch. Afrikanisch hergestellt auf klassische Weise, ein Produkt aus fairem Handel.<\/p>\n","protected":false},"featured_media":80452,"template":"","meta":{"_acf_changed":false,"_genesis_title":"","_genesis_description":""},"product_brand":[7505],"product_cat":[1373,613,1364,7239],"product_tag":[],"class_list":{"0":"post-80461","1":"product","2":"type-product","3":"status-publish","4":"has-post-thumbnail","6":"product_brand-sonstige","7":"product_cat-afrikanische-bronzestatuen","8":"product_cat-bronzestatuen","9":"product_cat-figuren-liebe","10":"product_cat-bilder","12":"first","13":"outofstock","14":"taxable","15":"shipping-taxable","16":"purchasable","17":"product-type-simple"},"acf":[],"meta_all":{"total_sales":"1","wcml_sync_hash":{"postmeta_fields":"f3be416b396b575bf43ea5551a0155e7"},"attr_label_translations":[],"cor_restricted_countries":[]},"meta_all_flat":{"total_sales":"1","wcml_sync_hash.postmeta_fields":"f3be416b396b575bf43ea5551a0155e7"},"yoast_head":"<!-- This site is optimized with the Yoast SEO Premium plugin v26.2 (Yoast SEO v27.2) - https:\/\/yoast.com\/product\/yoast-seo-premium-wordpress\/ -->\n<title>Afrikanische Bronzestatue P\u00e4rchen mit h\u00e4ngenden Beinen blau 13cm<\/title>\n<meta name=\"description\" content=\"Bronzestatuen ?? Nirgendwo sonst k\u00f6nnen Sie so viele Bronzeobjekte auch live sehen !!! \u2705 Sicher einkaufen \u2705 Faire Preise \u2705 Kostenloses Parken\" \/>\n<meta name=\"robots\" content=\"index, follow, max-snippet:-1, max-image-preview:large, max-video-preview:-1\" \/>\n<link rel=\"canonical\" href=\"https:\/\/www.eliassen.nl\/de\/afrikaans-bronzen-beeld-paar-met-hangende-benen-blauw-13cm\/\" \/>\n<meta property=\"og:locale\" content=\"de_DE\" \/>\n<meta property=\"og:type\" content=\"article\" \/>\n<meta property=\"og:title\" content=\"Sonstige Afrikanische Bronzestatue P\u00e4rchen mit h\u00e4ngenden Beinen blau 13cm - Eliassen.nl\" \/>\n<meta property=\"og:description\" content=\"Bronzestatuen ?? Nirgendwo sonst k\u00f6nnen Sie so viele Bronzeobjekte auch live sehen !!! \u2705 Sicher einkaufen \u2705 Faire Preise \u2705 Kostenloses Parken\" \/>\n<meta property=\"og:url\" content=\"https:\/\/www.eliassen.nl\/de\/afrikaans-bronzen-beeld-paar-met-hangende-benen-blauw-13cm\/\" \/>\n<meta property=\"og:site_name\" content=\"Eliassen.nl\" \/>\n<meta property=\"article:publisher\" content=\"https:\/\/www.facebook.com\/TuincentrumEliassenAmmerzoden\" \/>\n<meta property=\"article:modified_time\" content=\"2026-01-16T13:30:15+00:00\" \/>\n<meta property=\"og:image\" content=\"https:\/\/www.eliassen.nl\/wp-content\/uploads\/2024\/01\/processed440c6d6be8f54ec1be9ad6d502203a019tu.jpg\" \/>\n\t<meta property=\"og:image:width\" content=\"1152\" \/>\n\t<meta property=\"og:image:height\" content=\"2048\" \/>\n\t<meta property=\"og:image:type\" content=\"image\/jpeg\" \/>\n<meta name=\"twitter:card\" content=\"summary_large_image\" \/>\n<script type=\"application\/ld+json\" class=\"yoast-schema-graph\">{\"@context\":\"https:\/\/schema.org\",\"@graph\":[{\"@type\":\"WebPage\",\"@id\":\"https:\/\/www.eliassen.nl\/de\/afrikaans-bronzen-beeld-paar-met-hangende-benen-blauw-13cm\/\",\"url\":\"https:\/\/www.eliassen.nl\/de\/afrikaans-bronzen-beeld-paar-met-hangende-benen-blauw-13cm\/\",\"name\":\"Afrikanische Bronzestatue P\u00e4rchen mit h\u00e4ngenden Beinen blau 13cm\",\"isPartOf\":{\"@id\":\"https:\/\/www.eliassen.nl\/de\/#website\"},\"primaryImageOfPage\":{\"@id\":\"https:\/\/www.eliassen.nl\/de\/afrikaans-bronzen-beeld-paar-met-hangende-benen-blauw-13cm\/#primaryimage\"},\"image\":{\"@id\":\"https:\/\/www.eliassen.nl\/de\/afrikaans-bronzen-beeld-paar-met-hangende-benen-blauw-13cm\/#primaryimage\"},\"thumbnailUrl\":\"https:\/\/www.eliassen.nl\/wp-content\/uploads\/2024\/01\/processed440c6d6be8f54ec1be9ad6d502203a019tu.jpg\",\"datePublished\":\"2023-01-12T12:59:51+00:00\",\"dateModified\":\"2026-01-16T13:30:15+00:00\",\"description\":\"Bronzestatuen ?? Nirgendwo sonst k\u00f6nnen Sie so viele Bronzeobjekte auch live sehen !!! \u2705 Sicher einkaufen \u2705 Faire Preise \u2705 Kostenloses Parken\",\"breadcrumb\":{\"@id\":\"https:\/\/www.eliassen.nl\/de\/afrikaans-bronzen-beeld-paar-met-hangende-benen-blauw-13cm\/#breadcrumb\"},\"inLanguage\":\"de\",\"potentialAction\":[{\"@type\":\"ReadAction\",\"target\":[\"https:\/\/www.eliassen.nl\/de\/afrikaans-bronzen-beeld-paar-met-hangende-benen-blauw-13cm\/\"]}]},{\"@type\":\"ImageObject\",\"inLanguage\":\"de\",\"@id\":\"https:\/\/www.eliassen.nl\/de\/afrikaans-bronzen-beeld-paar-met-hangende-benen-blauw-13cm\/#primaryimage\",\"url\":\"https:\/\/www.eliassen.nl\/wp-content\/uploads\/2024\/01\/processed440c6d6be8f54ec1be9ad6d502203a019tu.jpg\",\"contentUrl\":\"https:\/\/www.eliassen.nl\/wp-content\/uploads\/2024\/01\/processed440c6d6be8f54ec1be9ad6d502203a019tu.jpg\",\"width\":1152,\"height\":2048,\"caption\":\"processed-440c6d6b-e8f5-4ec1-be9a-d6d502203a01_9tUummQM\"},{\"@type\":\"BreadcrumbList\",\"@id\":\"https:\/\/www.eliassen.nl\/de\/afrikaans-bronzen-beeld-paar-met-hangende-benen-blauw-13cm\/#breadcrumb\",\"itemListElement\":[{\"@type\":\"ListItem\",\"position\":1,\"name\":\"Home\",\"item\":\"https:\/\/www.eliassen.nl\/de\/\"},{\"@type\":\"ListItem\",\"position\":2,\"name\":\"Shop\",\"item\":\"https:\/\/www.eliassen.nl\/de\/shop\/\"},{\"@type\":\"ListItem\",\"position\":3,\"name\":\"Bronzestatuen\",\"item\":\"https:\/\/www.eliassen.nl\/de\/bronzestatuen\/\"},{\"@type\":\"ListItem\",\"position\":4,\"name\":\"Afrikanische Bronzestatuen\",\"item\":\"https:\/\/www.eliassen.nl\/de\/bilder\/bronzestatuen\/afrikanische-bronzestatuen\/\"},{\"@type\":\"ListItem\",\"position\":5,\"name\":\"Afrikanische Bronzestatue P\u00e4rchen mit h\u00e4ngenden Beinen blau 13cm\"}]},{\"@type\":\"WebSite\",\"@id\":\"https:\/\/www.eliassen.nl\/de\/#website\",\"url\":\"https:\/\/www.eliassen.nl\/de\/\",\"name\":\"Eliassen Home & Garden Pleasure\",\"description\":\"\",\"publisher\":{\"@id\":\"https:\/\/www.eliassen.nl\/de\/#organization\"},\"alternateName\":\"Eliassen.nl\",\"potentialAction\":[{\"@type\":\"SearchAction\",\"target\":{\"@type\":\"EntryPoint\",\"urlTemplate\":\"https:\/\/www.eliassen.nl\/de\/?s={search_term_string}\"},\"query-input\":{\"@type\":\"PropertyValueSpecification\",\"valueRequired\":true,\"valueName\":\"search_term_string\"}}],\"inLanguage\":\"de\"},{\"@type\":[\"Organization\",\"Place\"],\"@id\":\"https:\/\/www.eliassen.nl\/de\/#organization\",\"name\":\"Eliassen Home & Garden Pleasure\",\"url\":\"https:\/\/www.eliassen.nl\/de\/\",\"logo\":{\"@id\":\"https:\/\/www.eliassen.nl\/de\/afrikaans-bronzen-beeld-paar-met-hangende-benen-blauw-13cm\/#local-main-organization-logo\"},\"image\":{\"@id\":\"https:\/\/www.eliassen.nl\/de\/afrikaans-bronzen-beeld-paar-met-hangende-benen-blauw-13cm\/#local-main-organization-logo\"},\"sameAs\":[\"https:\/\/www.facebook.com\/TuincentrumEliassenAmmerzoden\",\"https:\/\/www.instagram.com\/eliassenhomeandgarden\/\",\"https:\/\/nl.pinterest.com\/eliassenhomeandgarden\/\",\"https:\/\/www.youtube.com\/@eliassenhomegardenpleasure4558\"],\"telephone\":[],\"openingHoursSpecification\":[{\"@type\":\"OpeningHoursSpecification\",\"dayOfWeek\":[\"Monday\",\"Tuesday\",\"Wednesday\",\"Thursday\",\"Friday\",\"Saturday\",\"Sunday\"],\"opens\":\"09:00\",\"closes\":\"17:00\"}]},{\"@type\":\"ImageObject\",\"inLanguage\":\"de\",\"@id\":\"https:\/\/www.eliassen.nl\/de\/afrikaans-bronzen-beeld-paar-met-hangende-benen-blauw-13cm\/#local-main-organization-logo\",\"url\":\"https:\/\/www.eliassen.nl\/wp-content\/uploads\/2024\/01\/logo_4nd.jpg\",\"contentUrl\":\"https:\/\/www.eliassen.nl\/wp-content\/uploads\/2024\/01\/logo_4nd.jpg\",\"width\":500,\"height\":500,\"caption\":\"Eliassen Home & Garden Pleasure\"}]}<\/script>\n<meta property=\"product:price:amount\" content=\"99.00\" \/>\n<meta property=\"product:price:currency\" content=\"EUR\" \/>\n<meta property=\"og:availability\" content=\"out of stock\" \/>\n<meta property=\"product:availability\" content=\"out of stock\" \/>\n<meta property=\"product:retailer_item_id\" content=\"8717202509836\" \/>\n<meta property=\"product:condition\" content=\"new\" \/>\n<!-- \/ Yoast SEO Premium plugin. -->","yoast_head_json":{"title":"Afrikanische Bronzestatue P\u00e4rchen mit h\u00e4ngenden Beinen blau 13cm","description":"Bronzestatuen ?? Nirgendwo sonst k\u00f6nnen Sie so viele Bronzeobjekte auch live sehen !!! \u2705 Sicher einkaufen \u2705 Faire Preise \u2705 Kostenloses Parken","robots":{"index":"index","follow":"follow","max-snippet":"max-snippet:-1","max-image-preview":"max-image-preview:large","max-video-preview":"max-video-preview:-1"},"canonical":"https:\/\/www.eliassen.nl\/de\/afrikaans-bronzen-beeld-paar-met-hangende-benen-blauw-13cm\/","og_locale":"de_DE","og_type":"article","og_title":"Sonstige Afrikanische Bronzestatue P\u00e4rchen mit h\u00e4ngenden Beinen blau 13cm - Eliassen.nl","og_description":"Bronzestatuen ?? Nirgendwo sonst k\u00f6nnen Sie so viele Bronzeobjekte auch live sehen !!! \u2705 Sicher einkaufen \u2705 Faire Preise \u2705 Kostenloses Parken","og_url":"https:\/\/www.eliassen.nl\/de\/afrikaans-bronzen-beeld-paar-met-hangende-benen-blauw-13cm\/","og_site_name":"Eliassen.nl","article_publisher":"https:\/\/www.facebook.com\/TuincentrumEliassenAmmerzoden","article_modified_time":"2026-01-16T13:30:15+00:00","og_image":[{"width":1152,"height":2048,"url":"https:\/\/www.eliassen.nl\/wp-content\/uploads\/2024\/01\/processed440c6d6be8f54ec1be9ad6d502203a019tu.jpg","type":"image\/jpeg"}],"twitter_card":"summary_large_image","schema":{"@context":"https:\/\/schema.org","@graph":[{"@type":"WebPage","@id":"https:\/\/www.eliassen.nl\/de\/afrikaans-bronzen-beeld-paar-met-hangende-benen-blauw-13cm\/","url":"https:\/\/www.eliassen.nl\/de\/afrikaans-bronzen-beeld-paar-met-hangende-benen-blauw-13cm\/","name":"Afrikanische Bronzestatue P\u00e4rchen mit h\u00e4ngenden Beinen blau 13cm","isPartOf":{"@id":"https:\/\/www.eliassen.nl\/de\/#website"},"primaryImageOfPage":{"@id":"https:\/\/www.eliassen.nl\/de\/afrikaans-bronzen-beeld-paar-met-hangende-benen-blauw-13cm\/#primaryimage"},"image":{"@id":"https:\/\/www.eliassen.nl\/de\/afrikaans-bronzen-beeld-paar-met-hangende-benen-blauw-13cm\/#primaryimage"},"thumbnailUrl":"https:\/\/www.eliassen.nl\/wp-content\/uploads\/2024\/01\/processed440c6d6be8f54ec1be9ad6d502203a019tu.jpg","datePublished":"2023-01-12T12:59:51+00:00","dateModified":"2026-01-16T13:30:15+00:00","description":"Bronzestatuen ?? Nirgendwo sonst k\u00f6nnen Sie so viele Bronzeobjekte auch live sehen !!! \u2705 Sicher einkaufen \u2705 Faire Preise \u2705 Kostenloses Parken","breadcrumb":{"@id":"https:\/\/www.eliassen.nl\/de\/afrikaans-bronzen-beeld-paar-met-hangende-benen-blauw-13cm\/#breadcrumb"},"inLanguage":"de","potentialAction":[{"@type":"ReadAction","target":["https:\/\/www.eliassen.nl\/de\/afrikaans-bronzen-beeld-paar-met-hangende-benen-blauw-13cm\/"]}]},{"@type":"ImageObject","inLanguage":"de","@id":"https:\/\/www.eliassen.nl\/de\/afrikaans-bronzen-beeld-paar-met-hangende-benen-blauw-13cm\/#primaryimage","url":"https:\/\/www.eliassen.nl\/wp-content\/uploads\/2024\/01\/processed440c6d6be8f54ec1be9ad6d502203a019tu.jpg","contentUrl":"https:\/\/www.eliassen.nl\/wp-content\/uploads\/2024\/01\/processed440c6d6be8f54ec1be9ad6d502203a019tu.jpg","width":1152,"height":2048,"caption":"processed-440c6d6b-e8f5-4ec1-be9a-d6d502203a01_9tUummQM"},{"@type":"BreadcrumbList","@id":"https:\/\/www.eliassen.nl\/de\/afrikaans-bronzen-beeld-paar-met-hangende-benen-blauw-13cm\/#breadcrumb","itemListElement":[{"@type":"ListItem","position":1,"name":"Home","item":"https:\/\/www.eliassen.nl\/de\/"},{"@type":"ListItem","position":2,"name":"Shop","item":"https:\/\/www.eliassen.nl\/de\/shop\/"},{"@type":"ListItem","position":3,"name":"Bronzestatuen","item":"https:\/\/www.eliassen.nl\/de\/bronzestatuen\/"},{"@type":"ListItem","position":4,"name":"Afrikanische Bronzestatuen","item":"https:\/\/www.eliassen.nl\/de\/bilder\/bronzestatuen\/afrikanische-bronzestatuen\/"},{"@type":"ListItem","position":5,"name":"Afrikanische Bronzestatue P\u00e4rchen mit h\u00e4ngenden Beinen blau 13cm"}]},{"@type":"WebSite","@id":"https:\/\/www.eliassen.nl\/de\/#website","url":"https:\/\/www.eliassen.nl\/de\/","name":"Eliassen Home & Garden Pleasure","description":"","publisher":{"@id":"https:\/\/www.eliassen.nl\/de\/#organization"},"alternateName":"Eliassen.nl","potentialAction":[{"@type":"SearchAction","target":{"@type":"EntryPoint","urlTemplate":"https:\/\/www.eliassen.nl\/de\/?s={search_term_string}"},"query-input":{"@type":"PropertyValueSpecification","valueRequired":true,"valueName":"search_term_string"}}],"inLanguage":"de"},{"@type":["Organization","Place"],"@id":"https:\/\/www.eliassen.nl\/de\/#organization","name":"Eliassen Home & Garden Pleasure","url":"https:\/\/www.eliassen.nl\/de\/","logo":{"@id":"https:\/\/www.eliassen.nl\/de\/afrikaans-bronzen-beeld-paar-met-hangende-benen-blauw-13cm\/#local-main-organization-logo"},"image":{"@id":"https:\/\/www.eliassen.nl\/de\/afrikaans-bronzen-beeld-paar-met-hangende-benen-blauw-13cm\/#local-main-organization-logo"},"sameAs":["https:\/\/www.facebook.com\/TuincentrumEliassenAmmerzoden","https:\/\/www.instagram.com\/eliassenhomeandgarden\/","https:\/\/nl.pinterest.com\/eliassenhomeandgarden\/","https:\/\/www.youtube.com\/@eliassenhomegardenpleasure4558"],"telephone":[],"openingHoursSpecification":[{"@type":"OpeningHoursSpecification","dayOfWeek":["Monday","Tuesday","Wednesday","Thursday","Friday","Saturday","Sunday"],"opens":"09:00","closes":"17:00"}]},{"@type":"ImageObject","inLanguage":"de","@id":"https:\/\/www.eliassen.nl\/de\/afrikaans-bronzen-beeld-paar-met-hangende-benen-blauw-13cm\/#local-main-organization-logo","url":"https:\/\/www.eliassen.nl\/wp-content\/uploads\/2024\/01\/logo_4nd.jpg","contentUrl":"https:\/\/www.eliassen.nl\/wp-content\/uploads\/2024\/01\/logo_4nd.jpg","width":500,"height":500,"caption":"Eliassen Home & Garden Pleasure"}]},"product_price_amount":"99.00","product_price_currency":"EUR","og_availability":"out of stock","product_availability":"out of stock","product_retailer_item_id":"8717202509836","product_condition":"new"},"df_price":99,"df_sale_price":"","df_regular_price":99,"df_image_link":"https:\/\/www.eliassen.nl\/wp-content\/uploads\/2024\/01\/processed440c6d6be8f54ec1be9ad6d502203a019tu.jpg","image":"https:\/\/www.eliassen.nl\/wp-content\/uploads\/2024\/01\/processed440c6d6be8f54ec1be9ad6d502203a019tu.jpg","price_search":"<span class=\"woocommerce-Price-amount amount\"><bdi><span class=\"woocommerce-Price-currencySymbol\">&euro;<\/span>&nbsp;99,00<\/bdi><\/span>","category":"Afrikanische Bronzestatuen","global_unique_id":"8717202509836","_links":{"self":[{"href":"https:\/\/www.eliassen.nl\/de\/wp-json\/wp\/v2\/product\/80461","targetHints":{"allow":["GET"]}}],"collection":[{"href":"https:\/\/www.eliassen.nl\/de\/wp-json\/wp\/v2\/product"}],"about":[{"href":"https:\/\/www.eliassen.nl\/de\/wp-json\/wp\/v2\/types\/product"}],"wp:featuredmedia":[{"embeddable":true,"href":"https:\/\/www.eliassen.nl\/de\/wp-json\/wp\/v2\/media\/80452"}],"wp:attachment":[{"href":"https:\/\/www.eliassen.nl\/de\/wp-json\/wp\/v2\/media?parent=80461"}],"wp:term":[{"taxonomy":"product_brand","embeddable":true,"href":"https:\/\/www.eliassen.nl\/de\/wp-json\/wp\/v2\/product_brand?post=80461"},{"taxonomy":"product_cat","embeddable":true,"href":"https:\/\/www.eliassen.nl\/de\/wp-json\/wp\/v2\/product_cat?post=80461"},{"taxonomy":"product_tag","embeddable":true,"href":"https:\/\/www.eliassen.nl\/de\/wp-json\/wp\/v2\/product_tag?post=80461"}],"curies":[{"name":"wp","href":"https:\/\/api.w.org\/{rel}","templated":true}]}}