{"id":79966,"date":"2022-12-23T10:13:43","date_gmt":"2022-12-23T10:13:43","guid":{"rendered":"https:\/\/www.eliassen.nl\/?product=bronzen-beeld-5-uilen-op-een-stronk"},"modified":"2026-01-16T14:28:30","modified_gmt":"2026-01-16T13:28:30","slug":"bronzeskulptur-5-eulen-auf-einem-baumstumpf","status":"publish","type":"product","link":"https:\/\/www.eliassen.nl\/de\/bronzeskulptur-5-eulen-auf-einem-baumstumpf\/","title":{"rendered":"Bronzeskulptur 5 Eulen auf einem Baumstumpf"},"content":{"rendered":"<p>Gestalten Sie Ihr Wohn- oder Arbeitsumfeld mit einer langlebigen Bronzeskulptur sehr stimmungsvoll. Wir k\u00f6nnen Ihnen Modelle von Skulpturen anbieten, die sowohl in klassische, zeitlose als auch moderne Umgebungen passen.<\/p>\n<p>Diese zeitlose Bronzeskulptur von f\u00fcnf Eulen auf einem Baumstumpf misst 150x50x140cm und wurde im sogenannten Wachsausschmelzverfahren hergestellt.<\/p>\n<p>Dies geschieht folgenderma\u00dfen: Ein Wachsmodell wird in eine feuerfeste Masse wie Ton eingebettet. Danach wird das Wachs ausgeschmolzen und die Form getrocknet. In den entstandenen Hohlraum wird dann Bronze gegossen. Nach dem Abk\u00fchlen wird die Form demontiert und die \u00d6ffnung, durch die die Bronze in die Form gegossen wurde, abges\u00e4gt, so dass die Skulptur \u00fcbrig bleibt. Zum Schluss wird die Skulptur fertiggestellt, indem L\u00f6cher gestopft, Unreinheiten weggeschliffen und mit einer S\u00e4ure gef\u00e4rbt werden. Gr\u00f6\u00dfere Bronzeskulpturen werden in Teilen gegossen, dann zusammengeschwei\u00dft und anschlie\u00dfend glatt geschliffen.<\/p>\n<p>Bronze ist eine Legierung aus Kupfer und Zinn. Je h\u00f6her der Kupfergehalt ist, desto hochwertiger ist die Bronze. Diese Skulptur hat einen Mindestkupfergehalt von 75%, was eine lange Lebensdauer garantiert.<\/p>\n<p>Diese Bronzeskulptur f\u00fcr den Au\u00dfenbereich kann auf jeder ebenen Fl\u00e4che aufgestellt werden. Viele Modelle werden mit einem M8-Gewindeanschluss geliefert, mit dem die Skulptur befestigt werden kann. Falls nicht vorhanden, kann jedes Bild mit einem guten Montagesatz befestigt werden. Im Freien wird die Farbe von Bronzestatuen etwas stumpfer; Sie k\u00f6nnen sie wieder zum Gl\u00e4nzen bringen, indem Sie sie mit Bienenwachs pflegen.<\/p>\n<p>Oft werden Bronzeskulpturen auf einen passenden Sockel gestellt. Wir haben auch eine gro\u00dfe Auswahl an Sockeln und Sockelleisten, so dass Sie eine sch\u00f6ne Kombination schaffen k\u00f6nnen.<\/p>\n<ul>\n<li>Gr\u00f6\u00dfe: 150x50x140cm<\/li>\n<li>Gewicht: 65kg<\/li>\n<li>Material: Bronze<\/li>\n<li>Wird mit Zertifikat geliefert<\/li>\n<li>Schnelle Lieferung<\/li>\n<li>30 Jahre Garantie<\/li>\n<li><strong>Sehr viele aus dieser Serie von Bronzeskulpturen sind auch live in unserem Shop zu sehen<\/strong><\/li>\n<\/ul>\n","protected":false},"excerpt":{"rendered":"<p>150x50x140cm<\/p>\n","protected":false},"featured_media":79951,"template":"","meta":{"_acf_changed":false,"_genesis_title":"","_genesis_description":""},"product_brand":[7505],"product_cat":[613,635,7239],"product_tag":[],"class_list":{"0":"post-79966","1":"product","2":"type-product","3":"status-publish","4":"has-post-thumbnail","6":"product_brand-sonstige","7":"product_cat-bronzestatuen","8":"product_cat-tierstatuen-aus-bronze","9":"product_cat-bilder","11":"first","12":"onbackorder","13":"taxable","14":"shipping-taxable","15":"purchasable","16":"product-type-simple"},"acf":[],"meta_all":{"total_sales":"0","wcml_sync_hash":{"postmeta_fields":"e37d356bd0dea0e075c9cf37edea8328"},"attr_label_translations":[]},"meta_all_flat":{"total_sales":"0","wcml_sync_hash.postmeta_fields":"e37d356bd0dea0e075c9cf37edea8328"},"yoast_head":"<!-- This site is optimized with the Yoast SEO Premium plugin v26.2 (Yoast SEO v27.2) - https:\/\/yoast.com\/product\/yoast-seo-premium-wordpress\/ -->\n<title>Bronzeskulptur 5 Eulen auf einem Baumstumpf - Eliassen Home &amp; Gardenpleasure<\/title>\n<meta name=\"description\" content=\"Sind Sie auf der Suche nach Eulenstatuen aus Bronze? Diese modellierte Bronzeskulptur von 5 Eulen auf einem Baumstumpf ist wundersch\u00f6n von Hand gefertigt und sehr detailliert. \u2713 Einzigartiges Modell\" \/>\n<meta name=\"robots\" content=\"index, follow, max-snippet:-1, max-image-preview:large, max-video-preview:-1\" \/>\n<link rel=\"canonical\" href=\"https:\/\/www.eliassen.nl\/de\/bronzeskulptur-5-eulen-auf-einem-baumstumpf\/\" \/>\n<meta property=\"og:locale\" content=\"de_DE\" \/>\n<meta property=\"og:type\" content=\"article\" \/>\n<meta property=\"og:title\" content=\"Sonstige Bronzeskulptur 5 Eulen auf einem Baumstumpf - Eliassen.nl\" \/>\n<meta property=\"og:description\" content=\"Sind Sie auf der Suche nach Eulenstatuen aus Bronze? Diese modellierte Bronzeskulptur von 5 Eulen auf einem Baumstumpf ist wundersch\u00f6n von Hand gefertigt und sehr detailliert. \u2713 Einzigartiges Modell\" \/>\n<meta property=\"og:url\" content=\"https:\/\/www.eliassen.nl\/de\/bronzeskulptur-5-eulen-auf-einem-baumstumpf\/\" \/>\n<meta property=\"og:site_name\" content=\"Eliassen.nl\" \/>\n<meta property=\"article:publisher\" content=\"https:\/\/www.facebook.com\/TuincentrumEliassenAmmerzoden\" \/>\n<meta property=\"article:modified_time\" content=\"2026-01-16T13:28:30+00:00\" \/>\n<meta property=\"og:image\" content=\"https:\/\/www.eliassen.nl\/wp-content\/uploads\/2024\/01\/bronzenuilenopeenstronkeliassennl.jpg\" \/>\n\t<meta property=\"og:image:width\" content=\"2048\" \/>\n\t<meta property=\"og:image:height\" content=\"1536\" \/>\n\t<meta property=\"og:image:type\" content=\"image\/jpeg\" \/>\n<meta name=\"twitter:card\" content=\"summary_large_image\" \/>\n<script type=\"application\/ld+json\" class=\"yoast-schema-graph\">{\"@context\":\"https:\/\/schema.org\",\"@graph\":[{\"@type\":\"WebPage\",\"@id\":\"https:\/\/www.eliassen.nl\/de\/bronzeskulptur-5-eulen-auf-einem-baumstumpf\/\",\"url\":\"https:\/\/www.eliassen.nl\/de\/bronzeskulptur-5-eulen-auf-einem-baumstumpf\/\",\"name\":\"Bronzeskulptur 5 Eulen auf einem Baumstumpf - Eliassen Home & Gardenpleasure\",\"isPartOf\":{\"@id\":\"https:\/\/www.eliassen.nl\/de\/#website\"},\"primaryImageOfPage\":{\"@id\":\"https:\/\/www.eliassen.nl\/de\/bronzeskulptur-5-eulen-auf-einem-baumstumpf\/#primaryimage\"},\"image\":{\"@id\":\"https:\/\/www.eliassen.nl\/de\/bronzeskulptur-5-eulen-auf-einem-baumstumpf\/#primaryimage\"},\"thumbnailUrl\":\"https:\/\/www.eliassen.nl\/wp-content\/uploads\/2024\/01\/bronzenuilenopeenstronkeliassennl.jpg\",\"datePublished\":\"2022-12-23T10:13:43+00:00\",\"dateModified\":\"2026-01-16T13:28:30+00:00\",\"description\":\"Sind Sie auf der Suche nach Eulenstatuen aus Bronze? Diese modellierte Bronzeskulptur von 5 Eulen auf einem Baumstumpf ist wundersch\u00f6n von Hand gefertigt und sehr detailliert. \u2713 Einzigartiges Modell\",\"breadcrumb\":{\"@id\":\"https:\/\/www.eliassen.nl\/de\/bronzeskulptur-5-eulen-auf-einem-baumstumpf\/#breadcrumb\"},\"inLanguage\":\"de\",\"potentialAction\":[{\"@type\":\"ReadAction\",\"target\":[\"https:\/\/www.eliassen.nl\/de\/bronzeskulptur-5-eulen-auf-einem-baumstumpf\/\"]}]},{\"@type\":\"ImageObject\",\"inLanguage\":\"de\",\"@id\":\"https:\/\/www.eliassen.nl\/de\/bronzeskulptur-5-eulen-auf-einem-baumstumpf\/#primaryimage\",\"url\":\"https:\/\/www.eliassen.nl\/wp-content\/uploads\/2024\/01\/bronzenuilenopeenstronkeliassennl.jpg\",\"contentUrl\":\"https:\/\/www.eliassen.nl\/wp-content\/uploads\/2024\/01\/bronzenuilenopeenstronkeliassennl.jpg\",\"width\":2048,\"height\":1536,\"caption\":\"Eulen aus Bronze auf einem Baumstumpf - eliassen.co.uk\"},{\"@type\":\"BreadcrumbList\",\"@id\":\"https:\/\/www.eliassen.nl\/de\/bronzeskulptur-5-eulen-auf-einem-baumstumpf\/#breadcrumb\",\"itemListElement\":[{\"@type\":\"ListItem\",\"position\":1,\"name\":\"Home\",\"item\":\"https:\/\/www.eliassen.nl\/de\/\"},{\"@type\":\"ListItem\",\"position\":2,\"name\":\"Shop\",\"item\":\"https:\/\/www.eliassen.nl\/de\/shop\/\"},{\"@type\":\"ListItem\",\"position\":3,\"name\":\"Bronzestatuen\",\"item\":\"https:\/\/www.eliassen.nl\/de\/bronzestatuen\/\"},{\"@type\":\"ListItem\",\"position\":4,\"name\":\"Tierstatuen aus Bronze\",\"item\":\"https:\/\/www.eliassen.nl\/de\/bilder\/bronzestatuen\/tierstatuen-aus-bronze\/\"},{\"@type\":\"ListItem\",\"position\":5,\"name\":\"Bronzeskulptur 5 Eulen auf einem Baumstumpf\"}]},{\"@type\":\"WebSite\",\"@id\":\"https:\/\/www.eliassen.nl\/de\/#website\",\"url\":\"https:\/\/www.eliassen.nl\/de\/\",\"name\":\"Eliassen Home & Garden Pleasure\",\"description\":\"\",\"publisher\":{\"@id\":\"https:\/\/www.eliassen.nl\/de\/#organization\"},\"alternateName\":\"Eliassen.nl\",\"potentialAction\":[{\"@type\":\"SearchAction\",\"target\":{\"@type\":\"EntryPoint\",\"urlTemplate\":\"https:\/\/www.eliassen.nl\/de\/?s={search_term_string}\"},\"query-input\":{\"@type\":\"PropertyValueSpecification\",\"valueRequired\":true,\"valueName\":\"search_term_string\"}}],\"inLanguage\":\"de\"},{\"@type\":[\"Organization\",\"Place\"],\"@id\":\"https:\/\/www.eliassen.nl\/de\/#organization\",\"name\":\"Eliassen Home & Garden Pleasure\",\"url\":\"https:\/\/www.eliassen.nl\/de\/\",\"logo\":{\"@id\":\"https:\/\/www.eliassen.nl\/de\/bronzeskulptur-5-eulen-auf-einem-baumstumpf\/#local-main-organization-logo\"},\"image\":{\"@id\":\"https:\/\/www.eliassen.nl\/de\/bronzeskulptur-5-eulen-auf-einem-baumstumpf\/#local-main-organization-logo\"},\"sameAs\":[\"https:\/\/www.facebook.com\/TuincentrumEliassenAmmerzoden\",\"https:\/\/www.instagram.com\/eliassenhomeandgarden\/\",\"https:\/\/nl.pinterest.com\/eliassenhomeandgarden\/\",\"https:\/\/www.youtube.com\/@eliassenhomegardenpleasure4558\"],\"telephone\":[],\"openingHoursSpecification\":[{\"@type\":\"OpeningHoursSpecification\",\"dayOfWeek\":[\"Monday\",\"Tuesday\",\"Wednesday\",\"Thursday\",\"Friday\",\"Saturday\",\"Sunday\"],\"opens\":\"09:00\",\"closes\":\"17:00\"}]},{\"@type\":\"ImageObject\",\"inLanguage\":\"de\",\"@id\":\"https:\/\/www.eliassen.nl\/de\/bronzeskulptur-5-eulen-auf-einem-baumstumpf\/#local-main-organization-logo\",\"url\":\"https:\/\/www.eliassen.nl\/wp-content\/uploads\/2024\/01\/logo_4nd.jpg\",\"contentUrl\":\"https:\/\/www.eliassen.nl\/wp-content\/uploads\/2024\/01\/logo_4nd.jpg\",\"width\":500,\"height\":500,\"caption\":\"Eliassen Home & Garden Pleasure\"}]}<\/script>\n<meta property=\"product:price:amount\" content=\"5780.00\" \/>\n<meta property=\"product:price:currency\" content=\"EUR\" \/>\n<meta property=\"og:availability\" content=\"backorder\" \/>\n<meta property=\"product:availability\" content=\"available for order\" \/>\n<meta property=\"product:retailer_item_id\" content=\"Pb61076\" \/>\n<meta property=\"product:condition\" content=\"new\" \/>\n<!-- \/ Yoast SEO Premium plugin. -->","yoast_head_json":{"title":"Bronzeskulptur 5 Eulen auf einem Baumstumpf - Eliassen Home & Gardenpleasure","description":"Sind Sie auf der Suche nach Eulenstatuen aus Bronze? Diese modellierte Bronzeskulptur von 5 Eulen auf einem Baumstumpf ist wundersch\u00f6n von Hand gefertigt und sehr detailliert. \u2713 Einzigartiges Modell","robots":{"index":"index","follow":"follow","max-snippet":"max-snippet:-1","max-image-preview":"max-image-preview:large","max-video-preview":"max-video-preview:-1"},"canonical":"https:\/\/www.eliassen.nl\/de\/bronzeskulptur-5-eulen-auf-einem-baumstumpf\/","og_locale":"de_DE","og_type":"article","og_title":"Sonstige Bronzeskulptur 5 Eulen auf einem Baumstumpf - Eliassen.nl","og_description":"Sind Sie auf der Suche nach Eulenstatuen aus Bronze? Diese modellierte Bronzeskulptur von 5 Eulen auf einem Baumstumpf ist wundersch\u00f6n von Hand gefertigt und sehr detailliert. \u2713 Einzigartiges Modell","og_url":"https:\/\/www.eliassen.nl\/de\/bronzeskulptur-5-eulen-auf-einem-baumstumpf\/","og_site_name":"Eliassen.nl","article_publisher":"https:\/\/www.facebook.com\/TuincentrumEliassenAmmerzoden","article_modified_time":"2026-01-16T13:28:30+00:00","og_image":[{"width":2048,"height":1536,"url":"https:\/\/www.eliassen.nl\/wp-content\/uploads\/2024\/01\/bronzenuilenopeenstronkeliassennl.jpg","type":"image\/jpeg"}],"twitter_card":"summary_large_image","schema":{"@context":"https:\/\/schema.org","@graph":[{"@type":"WebPage","@id":"https:\/\/www.eliassen.nl\/de\/bronzeskulptur-5-eulen-auf-einem-baumstumpf\/","url":"https:\/\/www.eliassen.nl\/de\/bronzeskulptur-5-eulen-auf-einem-baumstumpf\/","name":"Bronzeskulptur 5 Eulen auf einem Baumstumpf - Eliassen Home & Gardenpleasure","isPartOf":{"@id":"https:\/\/www.eliassen.nl\/de\/#website"},"primaryImageOfPage":{"@id":"https:\/\/www.eliassen.nl\/de\/bronzeskulptur-5-eulen-auf-einem-baumstumpf\/#primaryimage"},"image":{"@id":"https:\/\/www.eliassen.nl\/de\/bronzeskulptur-5-eulen-auf-einem-baumstumpf\/#primaryimage"},"thumbnailUrl":"https:\/\/www.eliassen.nl\/wp-content\/uploads\/2024\/01\/bronzenuilenopeenstronkeliassennl.jpg","datePublished":"2022-12-23T10:13:43+00:00","dateModified":"2026-01-16T13:28:30+00:00","description":"Sind Sie auf der Suche nach Eulenstatuen aus Bronze? Diese modellierte Bronzeskulptur von 5 Eulen auf einem Baumstumpf ist wundersch\u00f6n von Hand gefertigt und sehr detailliert. \u2713 Einzigartiges Modell","breadcrumb":{"@id":"https:\/\/www.eliassen.nl\/de\/bronzeskulptur-5-eulen-auf-einem-baumstumpf\/#breadcrumb"},"inLanguage":"de","potentialAction":[{"@type":"ReadAction","target":["https:\/\/www.eliassen.nl\/de\/bronzeskulptur-5-eulen-auf-einem-baumstumpf\/"]}]},{"@type":"ImageObject","inLanguage":"de","@id":"https:\/\/www.eliassen.nl\/de\/bronzeskulptur-5-eulen-auf-einem-baumstumpf\/#primaryimage","url":"https:\/\/www.eliassen.nl\/wp-content\/uploads\/2024\/01\/bronzenuilenopeenstronkeliassennl.jpg","contentUrl":"https:\/\/www.eliassen.nl\/wp-content\/uploads\/2024\/01\/bronzenuilenopeenstronkeliassennl.jpg","width":2048,"height":1536,"caption":"Eulen aus Bronze auf einem Baumstumpf - eliassen.co.uk"},{"@type":"BreadcrumbList","@id":"https:\/\/www.eliassen.nl\/de\/bronzeskulptur-5-eulen-auf-einem-baumstumpf\/#breadcrumb","itemListElement":[{"@type":"ListItem","position":1,"name":"Home","item":"https:\/\/www.eliassen.nl\/de\/"},{"@type":"ListItem","position":2,"name":"Shop","item":"https:\/\/www.eliassen.nl\/de\/shop\/"},{"@type":"ListItem","position":3,"name":"Bronzestatuen","item":"https:\/\/www.eliassen.nl\/de\/bronzestatuen\/"},{"@type":"ListItem","position":4,"name":"Tierstatuen aus Bronze","item":"https:\/\/www.eliassen.nl\/de\/bilder\/bronzestatuen\/tierstatuen-aus-bronze\/"},{"@type":"ListItem","position":5,"name":"Bronzeskulptur 5 Eulen auf einem Baumstumpf"}]},{"@type":"WebSite","@id":"https:\/\/www.eliassen.nl\/de\/#website","url":"https:\/\/www.eliassen.nl\/de\/","name":"Eliassen Home & Garden Pleasure","description":"","publisher":{"@id":"https:\/\/www.eliassen.nl\/de\/#organization"},"alternateName":"Eliassen.nl","potentialAction":[{"@type":"SearchAction","target":{"@type":"EntryPoint","urlTemplate":"https:\/\/www.eliassen.nl\/de\/?s={search_term_string}"},"query-input":{"@type":"PropertyValueSpecification","valueRequired":true,"valueName":"search_term_string"}}],"inLanguage":"de"},{"@type":["Organization","Place"],"@id":"https:\/\/www.eliassen.nl\/de\/#organization","name":"Eliassen Home & Garden Pleasure","url":"https:\/\/www.eliassen.nl\/de\/","logo":{"@id":"https:\/\/www.eliassen.nl\/de\/bronzeskulptur-5-eulen-auf-einem-baumstumpf\/#local-main-organization-logo"},"image":{"@id":"https:\/\/www.eliassen.nl\/de\/bronzeskulptur-5-eulen-auf-einem-baumstumpf\/#local-main-organization-logo"},"sameAs":["https:\/\/www.facebook.com\/TuincentrumEliassenAmmerzoden","https:\/\/www.instagram.com\/eliassenhomeandgarden\/","https:\/\/nl.pinterest.com\/eliassenhomeandgarden\/","https:\/\/www.youtube.com\/@eliassenhomegardenpleasure4558"],"telephone":[],"openingHoursSpecification":[{"@type":"OpeningHoursSpecification","dayOfWeek":["Monday","Tuesday","Wednesday","Thursday","Friday","Saturday","Sunday"],"opens":"09:00","closes":"17:00"}]},{"@type":"ImageObject","inLanguage":"de","@id":"https:\/\/www.eliassen.nl\/de\/bronzeskulptur-5-eulen-auf-einem-baumstumpf\/#local-main-organization-logo","url":"https:\/\/www.eliassen.nl\/wp-content\/uploads\/2024\/01\/logo_4nd.jpg","contentUrl":"https:\/\/www.eliassen.nl\/wp-content\/uploads\/2024\/01\/logo_4nd.jpg","width":500,"height":500,"caption":"Eliassen Home & Garden Pleasure"}]},"product_price_amount":"5780.00","product_price_currency":"EUR","og_availability":"backorder","product_availability":"available for order","product_retailer_item_id":"Pb61076","product_condition":"new"},"df_price":5780,"df_sale_price":"","df_regular_price":5780,"df_image_link":"https:\/\/www.eliassen.nl\/wp-content\/uploads\/2024\/01\/bronzenuilenopeenstronkeliassennl.jpg","image":"https:\/\/www.eliassen.nl\/wp-content\/uploads\/2024\/01\/bronzenuilenopeenstronkeliassennl.jpg","price_search":"<span class=\"woocommerce-Price-amount amount\"><bdi><span class=\"woocommerce-Price-currencySymbol\">&euro;<\/span>&nbsp;5.780,00<\/bdi><\/span>","category":"Bronzestatuen","global_unique_id":"5410807610763","_links":{"self":[{"href":"https:\/\/www.eliassen.nl\/de\/wp-json\/wp\/v2\/product\/79966","targetHints":{"allow":["GET"]}}],"collection":[{"href":"https:\/\/www.eliassen.nl\/de\/wp-json\/wp\/v2\/product"}],"about":[{"href":"https:\/\/www.eliassen.nl\/de\/wp-json\/wp\/v2\/types\/product"}],"wp:featuredmedia":[{"embeddable":true,"href":"https:\/\/www.eliassen.nl\/de\/wp-json\/wp\/v2\/media\/79951"}],"wp:attachment":[{"href":"https:\/\/www.eliassen.nl\/de\/wp-json\/wp\/v2\/media?parent=79966"}],"wp:term":[{"taxonomy":"product_brand","embeddable":true,"href":"https:\/\/www.eliassen.nl\/de\/wp-json\/wp\/v2\/product_brand?post=79966"},{"taxonomy":"product_cat","embeddable":true,"href":"https:\/\/www.eliassen.nl\/de\/wp-json\/wp\/v2\/product_cat?post=79966"},{"taxonomy":"product_tag","embeddable":true,"href":"https:\/\/www.eliassen.nl\/de\/wp-json\/wp\/v2\/product_tag?post=79966"}],"curies":[{"name":"wp","href":"https:\/\/api.w.org\/{rel}","templated":true}]}}