{"id":78925,"date":"2022-11-30T14:25:35","date_gmt":"2022-11-30T14:25:35","guid":{"rendered":"https:\/\/www.eliassen.nl\/?product=beeldje-speksteen-2-hartjes-15cm"},"modified":"2026-04-16T13:33:49","modified_gmt":"2026-04-16T11:33:49","slug":"specksteinstatue-2-herzen-aus-rohstein-18cm","status":"publish","type":"product","link":"https:\/\/www.eliassen.nl\/de\/specksteinstatue-2-herzen-aus-rohstein-18cm\/","title":{"rendered":"Figur aus Speckstein 2 Herzen in Rohstein 18cm"},"content":{"rendered":"<p>G\u00f6nnen Sie sich oder jemand anderem eine handgefertigte Skulptur aus Speckstein oder Serpentin. Diese Figuren aus Simbabwe werden mit gr\u00f6\u00dfter Sorgfalt aus 1 St\u00fcck Stein handgefertigt. St\u00fcck f\u00fcr St\u00fcck wundersch\u00f6ne Kunstwerke aus Zentralafrika.<\/p>\n<p>Serpentin oder Speckstein, aus dem diese Skulpturen hergestellt werden, sind weiche Gesteinsarten, die in verschiedenen Farben haupts\u00e4chlich in Zentralafrika gefunden werden. Wundersch\u00f6n gl\u00e4nzend, in verschiedenen Farben, aber meist dunkelgrau.<\/p>\n<p>Diese Steinbrocken werden \u00fcber viele Stunden mit verschiedenen Werkzeugen bearbeitet, dann geschliffen und poliert, bis sie die richtige Gr\u00f6\u00dfe, Form und den richtigen Glanz haben.<\/p>\n<p>Diese Modellskulptur mit 2 Herzen kann in Farbe und Form vom Foto abweichen, da sie handgefertigt ist und aus einem nat\u00fcrlichen Material besteht.<\/p>\n<ul>\n<li>Gr\u00f6\u00dfe LxBxH: 14x18cm hoch<\/li>\n<li>Jede Figur einzigartig in Form und Farbe<\/li>\n<li>Auch in unserem Gesch\u00e4ft ausgestellt<\/li>\n<\/ul>\n","protected":false},"excerpt":{"rendered":"<p>Freundschaftsfigur aus Serpentin aus Simbabwe, 15 cm hoch<\/p>\n","protected":false},"featured_media":78916,"template":"","meta":{"_acf_changed":false,"_genesis_title":"","_genesis_description":""},"product_brand":[7505],"product_cat":[1364,1382,7239],"product_tag":[],"class_list":{"0":"post-78925","1":"product","2":"type-product","3":"status-publish","4":"has-post-thumbnail","6":"product_brand-sonstige","7":"product_cat-figuren-liebe","8":"product_cat-statuen-aus-speckstein","9":"product_cat-bilder","11":"first","12":"instock","13":"taxable","14":"shipping-taxable","15":"purchasable","16":"product-type-simple"},"acf":[],"meta_all":{"total_sales":"8","wcml_sync_hash":{"postmeta_fields":"46a99545d98f9cc7894145341015f46d"},"attr_label_translations":[],"cor_restricted_countries":[]},"meta_all_flat":{"total_sales":"8","wcml_sync_hash.postmeta_fields":"46a99545d98f9cc7894145341015f46d"},"yoast_head":"<!-- This site is optimized with the Yoast SEO Premium plugin v26.2 (Yoast SEO v27.2) - https:\/\/yoast.com\/product\/yoast-seo-premium-wordpress\/ -->\n<title>Figur aus Speckstein 2 Herzen 15cm<\/title>\n<meta name=\"description\" content=\"Steinfiguren? Schauen Sie sich unser riesiges Angebot in unserem Webshop an, oder kommen Sie und sehen Sie sich alles live bei uns an!!! \u2705 Gr\u00f6\u00dfte Auswahl \u2705Nahezu alles kann auch live besichtigt werden...\" \/>\n<meta name=\"robots\" content=\"index, follow, max-snippet:-1, max-image-preview:large, max-video-preview:-1\" \/>\n<link rel=\"canonical\" href=\"https:\/\/www.eliassen.nl\/de\/specksteinstatue-2-herzen-aus-rohstein-18cm\/\" \/>\n<meta property=\"og:locale\" content=\"de_DE\" \/>\n<meta property=\"og:type\" content=\"article\" \/>\n<meta property=\"og:title\" content=\"Sonstige Figur aus Speckstein 2 Herzen in Rohstein 18cm - Eliassen.nl\" \/>\n<meta property=\"og:description\" content=\"Steinfiguren? Schauen Sie sich unser riesiges Angebot in unserem Webshop an, oder kommen Sie und sehen Sie sich alles live bei uns an!!! \u2705 Gr\u00f6\u00dfte Auswahl \u2705Nahezu alles kann auch live besichtigt werden...\" \/>\n<meta property=\"og:url\" content=\"https:\/\/www.eliassen.nl\/de\/specksteinstatue-2-herzen-aus-rohstein-18cm\/\" \/>\n<meta property=\"og:site_name\" content=\"Eliassen.nl\" \/>\n<meta property=\"article:publisher\" content=\"https:\/\/www.facebook.com\/TuincentrumEliassenAmmerzoden\" \/>\n<meta property=\"article:modified_time\" content=\"2026-04-16T11:33:49+00:00\" \/>\n<meta property=\"og:image\" content=\"https:\/\/www.eliassen.nl\/wp-content\/uploads\/2024\/01\/beeldjespeksteen2hartjesinruwesteen18cmeli.jpg\" \/>\n\t<meta property=\"og:image:width\" content=\"1151\" \/>\n\t<meta property=\"og:image:height\" content=\"1264\" \/>\n\t<meta property=\"og:image:type\" content=\"image\/jpeg\" \/>\n<meta name=\"twitter:card\" content=\"summary_large_image\" \/>\n<script type=\"application\/ld+json\" class=\"yoast-schema-graph\">{\"@context\":\"https:\/\/schema.org\",\"@graph\":[{\"@type\":\"WebPage\",\"@id\":\"https:\/\/www.eliassen.nl\/de\/specksteinstatue-2-herzen-aus-rohstein-18cm\/\",\"url\":\"https:\/\/www.eliassen.nl\/de\/specksteinstatue-2-herzen-aus-rohstein-18cm\/\",\"name\":\"Figur aus Speckstein 2 Herzen 15cm\",\"isPartOf\":{\"@id\":\"https:\/\/www.eliassen.nl\/de\/#website\"},\"primaryImageOfPage\":{\"@id\":\"https:\/\/www.eliassen.nl\/de\/specksteinstatue-2-herzen-aus-rohstein-18cm\/#primaryimage\"},\"image\":{\"@id\":\"https:\/\/www.eliassen.nl\/de\/specksteinstatue-2-herzen-aus-rohstein-18cm\/#primaryimage\"},\"thumbnailUrl\":\"https:\/\/www.eliassen.nl\/wp-content\/uploads\/2024\/01\/beeldjespeksteen2hartjesinruwesteen18cmeli.jpg\",\"datePublished\":\"2022-11-30T14:25:35+00:00\",\"dateModified\":\"2026-04-16T11:33:49+00:00\",\"description\":\"Steinfiguren? Schauen Sie sich unser riesiges Angebot in unserem Webshop an, oder kommen Sie und sehen Sie sich alles live bei uns an!!! \u2705 Gr\u00f6\u00dfte Auswahl \u2705Nahezu alles kann auch live besichtigt werden...\",\"breadcrumb\":{\"@id\":\"https:\/\/www.eliassen.nl\/de\/specksteinstatue-2-herzen-aus-rohstein-18cm\/#breadcrumb\"},\"inLanguage\":\"de\",\"potentialAction\":[{\"@type\":\"ReadAction\",\"target\":[\"https:\/\/www.eliassen.nl\/de\/specksteinstatue-2-herzen-aus-rohstein-18cm\/\"]}]},{\"@type\":\"ImageObject\",\"inLanguage\":\"de\",\"@id\":\"https:\/\/www.eliassen.nl\/de\/specksteinstatue-2-herzen-aus-rohstein-18cm\/#primaryimage\",\"url\":\"https:\/\/www.eliassen.nl\/wp-content\/uploads\/2024\/01\/beeldjespeksteen2hartjesinruwesteen18cmeli.jpg\",\"contentUrl\":\"https:\/\/www.eliassen.nl\/wp-content\/uploads\/2024\/01\/beeldjespeksteen2hartjesinruwesteen18cmeli.jpg\",\"width\":1151,\"height\":1264,\"caption\":\"Figur aus Speckstein 2 Herzen in Rohstein 18cm eliassen.nl\"},{\"@type\":\"BreadcrumbList\",\"@id\":\"https:\/\/www.eliassen.nl\/de\/specksteinstatue-2-herzen-aus-rohstein-18cm\/#breadcrumb\",\"itemListElement\":[{\"@type\":\"ListItem\",\"position\":1,\"name\":\"Home\",\"item\":\"https:\/\/www.eliassen.nl\/de\/\"},{\"@type\":\"ListItem\",\"position\":2,\"name\":\"Shop\",\"item\":\"https:\/\/www.eliassen.nl\/de\/shop\/\"},{\"@type\":\"ListItem\",\"position\":3,\"name\":\"Bilder\",\"item\":\"https:\/\/www.eliassen.nl\/de\/bilder\/\"},{\"@type\":\"ListItem\",\"position\":4,\"name\":\"Figuren Liebe\",\"item\":\"https:\/\/www.eliassen.nl\/de\/bilder\/figuren-liebe\/\"},{\"@type\":\"ListItem\",\"position\":5,\"name\":\"Figur aus Speckstein 2 Herzen in Rohstein 18cm\"}]},{\"@type\":\"WebSite\",\"@id\":\"https:\/\/www.eliassen.nl\/de\/#website\",\"url\":\"https:\/\/www.eliassen.nl\/de\/\",\"name\":\"Eliassen Home & Garden Pleasure\",\"description\":\"\",\"publisher\":{\"@id\":\"https:\/\/www.eliassen.nl\/de\/#organization\"},\"alternateName\":\"Eliassen.nl\",\"potentialAction\":[{\"@type\":\"SearchAction\",\"target\":{\"@type\":\"EntryPoint\",\"urlTemplate\":\"https:\/\/www.eliassen.nl\/de\/?s={search_term_string}\"},\"query-input\":{\"@type\":\"PropertyValueSpecification\",\"valueRequired\":true,\"valueName\":\"search_term_string\"}}],\"inLanguage\":\"de\"},{\"@type\":[\"Organization\",\"Place\"],\"@id\":\"https:\/\/www.eliassen.nl\/de\/#organization\",\"name\":\"Eliassen Home & Garden Pleasure\",\"url\":\"https:\/\/www.eliassen.nl\/de\/\",\"logo\":{\"@id\":\"https:\/\/www.eliassen.nl\/de\/specksteinstatue-2-herzen-aus-rohstein-18cm\/#local-main-organization-logo\"},\"image\":{\"@id\":\"https:\/\/www.eliassen.nl\/de\/specksteinstatue-2-herzen-aus-rohstein-18cm\/#local-main-organization-logo\"},\"sameAs\":[\"https:\/\/www.facebook.com\/TuincentrumEliassenAmmerzoden\",\"https:\/\/www.instagram.com\/eliassenhomeandgarden\/\",\"https:\/\/nl.pinterest.com\/eliassenhomeandgarden\/\",\"https:\/\/www.youtube.com\/@eliassenhomegardenpleasure4558\"],\"telephone\":[],\"openingHoursSpecification\":[{\"@type\":\"OpeningHoursSpecification\",\"dayOfWeek\":[\"Monday\",\"Tuesday\",\"Wednesday\",\"Thursday\",\"Friday\",\"Saturday\",\"Sunday\"],\"opens\":\"09:00\",\"closes\":\"17:00\"}]},{\"@type\":\"ImageObject\",\"inLanguage\":\"de\",\"@id\":\"https:\/\/www.eliassen.nl\/de\/specksteinstatue-2-herzen-aus-rohstein-18cm\/#local-main-organization-logo\",\"url\":\"https:\/\/www.eliassen.nl\/wp-content\/uploads\/2024\/01\/logo_4nd.jpg\",\"contentUrl\":\"https:\/\/www.eliassen.nl\/wp-content\/uploads\/2024\/01\/logo_4nd.jpg\",\"width\":500,\"height\":500,\"caption\":\"Eliassen Home & Garden Pleasure\"}]}<\/script>\n<meta property=\"product:price:amount\" content=\"39.50\" \/>\n<meta property=\"product:price:currency\" content=\"EUR\" \/>\n<meta property=\"og:availability\" content=\"instock\" \/>\n<meta property=\"product:availability\" content=\"instock\" \/>\n<meta property=\"product:retailer_item_id\" content=\"124613\" \/>\n<meta property=\"product:condition\" content=\"new\" \/>\n<!-- \/ Yoast SEO Premium plugin. -->","yoast_head_json":{"title":"Figur aus Speckstein 2 Herzen 15cm","description":"Steinfiguren? Schauen Sie sich unser riesiges Angebot in unserem Webshop an, oder kommen Sie und sehen Sie sich alles live bei uns an!!! \u2705 Gr\u00f6\u00dfte Auswahl \u2705Nahezu alles kann auch live besichtigt werden...","robots":{"index":"index","follow":"follow","max-snippet":"max-snippet:-1","max-image-preview":"max-image-preview:large","max-video-preview":"max-video-preview:-1"},"canonical":"https:\/\/www.eliassen.nl\/de\/specksteinstatue-2-herzen-aus-rohstein-18cm\/","og_locale":"de_DE","og_type":"article","og_title":"Sonstige Figur aus Speckstein 2 Herzen in Rohstein 18cm - Eliassen.nl","og_description":"Steinfiguren? Schauen Sie sich unser riesiges Angebot in unserem Webshop an, oder kommen Sie und sehen Sie sich alles live bei uns an!!! \u2705 Gr\u00f6\u00dfte Auswahl \u2705Nahezu alles kann auch live besichtigt werden...","og_url":"https:\/\/www.eliassen.nl\/de\/specksteinstatue-2-herzen-aus-rohstein-18cm\/","og_site_name":"Eliassen.nl","article_publisher":"https:\/\/www.facebook.com\/TuincentrumEliassenAmmerzoden","article_modified_time":"2026-04-16T11:33:49+00:00","og_image":[{"width":1151,"height":1264,"url":"https:\/\/www.eliassen.nl\/wp-content\/uploads\/2024\/01\/beeldjespeksteen2hartjesinruwesteen18cmeli.jpg","type":"image\/jpeg"}],"twitter_card":"summary_large_image","schema":{"@context":"https:\/\/schema.org","@graph":[{"@type":"WebPage","@id":"https:\/\/www.eliassen.nl\/de\/specksteinstatue-2-herzen-aus-rohstein-18cm\/","url":"https:\/\/www.eliassen.nl\/de\/specksteinstatue-2-herzen-aus-rohstein-18cm\/","name":"Figur aus Speckstein 2 Herzen 15cm","isPartOf":{"@id":"https:\/\/www.eliassen.nl\/de\/#website"},"primaryImageOfPage":{"@id":"https:\/\/www.eliassen.nl\/de\/specksteinstatue-2-herzen-aus-rohstein-18cm\/#primaryimage"},"image":{"@id":"https:\/\/www.eliassen.nl\/de\/specksteinstatue-2-herzen-aus-rohstein-18cm\/#primaryimage"},"thumbnailUrl":"https:\/\/www.eliassen.nl\/wp-content\/uploads\/2024\/01\/beeldjespeksteen2hartjesinruwesteen18cmeli.jpg","datePublished":"2022-11-30T14:25:35+00:00","dateModified":"2026-04-16T11:33:49+00:00","description":"Steinfiguren? Schauen Sie sich unser riesiges Angebot in unserem Webshop an, oder kommen Sie und sehen Sie sich alles live bei uns an!!! \u2705 Gr\u00f6\u00dfte Auswahl \u2705Nahezu alles kann auch live besichtigt werden...","breadcrumb":{"@id":"https:\/\/www.eliassen.nl\/de\/specksteinstatue-2-herzen-aus-rohstein-18cm\/#breadcrumb"},"inLanguage":"de","potentialAction":[{"@type":"ReadAction","target":["https:\/\/www.eliassen.nl\/de\/specksteinstatue-2-herzen-aus-rohstein-18cm\/"]}]},{"@type":"ImageObject","inLanguage":"de","@id":"https:\/\/www.eliassen.nl\/de\/specksteinstatue-2-herzen-aus-rohstein-18cm\/#primaryimage","url":"https:\/\/www.eliassen.nl\/wp-content\/uploads\/2024\/01\/beeldjespeksteen2hartjesinruwesteen18cmeli.jpg","contentUrl":"https:\/\/www.eliassen.nl\/wp-content\/uploads\/2024\/01\/beeldjespeksteen2hartjesinruwesteen18cmeli.jpg","width":1151,"height":1264,"caption":"Figur aus Speckstein 2 Herzen in Rohstein 18cm eliassen.nl"},{"@type":"BreadcrumbList","@id":"https:\/\/www.eliassen.nl\/de\/specksteinstatue-2-herzen-aus-rohstein-18cm\/#breadcrumb","itemListElement":[{"@type":"ListItem","position":1,"name":"Home","item":"https:\/\/www.eliassen.nl\/de\/"},{"@type":"ListItem","position":2,"name":"Shop","item":"https:\/\/www.eliassen.nl\/de\/shop\/"},{"@type":"ListItem","position":3,"name":"Bilder","item":"https:\/\/www.eliassen.nl\/de\/bilder\/"},{"@type":"ListItem","position":4,"name":"Figuren Liebe","item":"https:\/\/www.eliassen.nl\/de\/bilder\/figuren-liebe\/"},{"@type":"ListItem","position":5,"name":"Figur aus Speckstein 2 Herzen in Rohstein 18cm"}]},{"@type":"WebSite","@id":"https:\/\/www.eliassen.nl\/de\/#website","url":"https:\/\/www.eliassen.nl\/de\/","name":"Eliassen Home & Garden Pleasure","description":"","publisher":{"@id":"https:\/\/www.eliassen.nl\/de\/#organization"},"alternateName":"Eliassen.nl","potentialAction":[{"@type":"SearchAction","target":{"@type":"EntryPoint","urlTemplate":"https:\/\/www.eliassen.nl\/de\/?s={search_term_string}"},"query-input":{"@type":"PropertyValueSpecification","valueRequired":true,"valueName":"search_term_string"}}],"inLanguage":"de"},{"@type":["Organization","Place"],"@id":"https:\/\/www.eliassen.nl\/de\/#organization","name":"Eliassen Home & Garden Pleasure","url":"https:\/\/www.eliassen.nl\/de\/","logo":{"@id":"https:\/\/www.eliassen.nl\/de\/specksteinstatue-2-herzen-aus-rohstein-18cm\/#local-main-organization-logo"},"image":{"@id":"https:\/\/www.eliassen.nl\/de\/specksteinstatue-2-herzen-aus-rohstein-18cm\/#local-main-organization-logo"},"sameAs":["https:\/\/www.facebook.com\/TuincentrumEliassenAmmerzoden","https:\/\/www.instagram.com\/eliassenhomeandgarden\/","https:\/\/nl.pinterest.com\/eliassenhomeandgarden\/","https:\/\/www.youtube.com\/@eliassenhomegardenpleasure4558"],"telephone":[],"openingHoursSpecification":[{"@type":"OpeningHoursSpecification","dayOfWeek":["Monday","Tuesday","Wednesday","Thursday","Friday","Saturday","Sunday"],"opens":"09:00","closes":"17:00"}]},{"@type":"ImageObject","inLanguage":"de","@id":"https:\/\/www.eliassen.nl\/de\/specksteinstatue-2-herzen-aus-rohstein-18cm\/#local-main-organization-logo","url":"https:\/\/www.eliassen.nl\/wp-content\/uploads\/2024\/01\/logo_4nd.jpg","contentUrl":"https:\/\/www.eliassen.nl\/wp-content\/uploads\/2024\/01\/logo_4nd.jpg","width":500,"height":500,"caption":"Eliassen Home & Garden Pleasure"}]},"product_price_amount":"39.50","product_price_currency":"EUR","og_availability":"instock","product_availability":"instock","product_retailer_item_id":"124613","product_condition":"new"},"df_price":39.5,"df_sale_price":"","df_regular_price":39.5,"df_image_link":"https:\/\/www.eliassen.nl\/wp-content\/uploads\/2024\/01\/beeldjespeksteen2hartjesinruwesteen18cmeli.jpg","image":"https:\/\/www.eliassen.nl\/wp-content\/uploads\/2024\/01\/beeldjespeksteen2hartjesinruwesteen18cmeli.jpg","price_search":"<span class=\"woocommerce-Price-amount amount\"><bdi><span class=\"woocommerce-Price-currencySymbol\">&euro;<\/span>&nbsp;39,50<\/bdi><\/span>","category":"Figuren Liebe","global_unique_id":"876881124613","_links":{"self":[{"href":"https:\/\/www.eliassen.nl\/de\/wp-json\/wp\/v2\/product\/78925","targetHints":{"allow":["GET"]}}],"collection":[{"href":"https:\/\/www.eliassen.nl\/de\/wp-json\/wp\/v2\/product"}],"about":[{"href":"https:\/\/www.eliassen.nl\/de\/wp-json\/wp\/v2\/types\/product"}],"wp:featuredmedia":[{"embeddable":true,"href":"https:\/\/www.eliassen.nl\/de\/wp-json\/wp\/v2\/media\/78916"}],"wp:attachment":[{"href":"https:\/\/www.eliassen.nl\/de\/wp-json\/wp\/v2\/media?parent=78925"}],"wp:term":[{"taxonomy":"product_brand","embeddable":true,"href":"https:\/\/www.eliassen.nl\/de\/wp-json\/wp\/v2\/product_brand?post=78925"},{"taxonomy":"product_cat","embeddable":true,"href":"https:\/\/www.eliassen.nl\/de\/wp-json\/wp\/v2\/product_cat?post=78925"},{"taxonomy":"product_tag","embeddable":true,"href":"https:\/\/www.eliassen.nl\/de\/wp-json\/wp\/v2\/product_tag?post=78925"}],"curies":[{"name":"wp","href":"https:\/\/api.w.org\/{rel}","templated":true}]}}