{"id":78505,"date":"2022-11-29T13:18:26","date_gmt":"2022-11-29T13:18:26","guid":{"rendered":"https:\/\/www.eliassen.nl\/?product=bronzen-pixie-met-benen-omhoog"},"modified":"2026-01-16T14:27:25","modified_gmt":"2026-01-16T13:27:25","slug":"bronzene-pixie-mit-erhobenen-beinen","status":"publish","type":"product","link":"https:\/\/www.eliassen.nl\/de\/bronzene-pixie-mit-erhobenen-beinen\/","title":{"rendered":"Bronze Pixie mit hochgelegten Beinen"},"content":{"rendered":"<p>Wundersch\u00f6ne Skulptur eines hartn\u00e4ckig l\u00e4chelnden Kobolds, der sein Bein in die Luft streckt, aus echter Bronze. Die Bronze dieser Skulptur hat einen garantierten Kupferanteil von 75%, was ihre Langlebigkeit und ihr Aussehen erheblich verbessert.<\/p>\n<p>Diese Bronzeskulptur wurde mit der Methode des geschmolzenen Wachses hergestellt, einer antiken Technik. Eine ca. 3 mm dicke Wachsschicht wird in der Form aufgetragen, danach wird der Rest des Raums mit speziellem Ton gef\u00fcllt. Sobald die Vorbereitungen f\u00fcr die Form getroffen sind, wird fl\u00fcssige Bronze von oben in die Form gegossen, das Wachs schmilzt und l\u00e4uft ab; der entstandene Raum wird mit Bronze gef\u00fcllt. Nach dem Abk\u00fchlen wird die Form ge\u00f6ffnet. Danach wird die Skulptur bearbeitet, poliert, geschliffen, entgratet, etc. F\u00fcr gr\u00f6\u00dfere Bronzeskulpturen und Statuen wird Bronze in Teilen gegossen. Diese Teile werden dann sehr sorgf\u00e4ltig zusammengel\u00f6tet, die N\u00e4hte werden anschlie\u00dfend poliert und geschliffen, um ein vollst\u00e4ndiges Bronzeobjekt zu erhalten. Bronzeskulpturen werden mit verschiedenen S\u00e4uren behandelt, um die richtige Farbe zu erhalten. Jede Art von S\u00e4ure verursacht ihre eigene Oxidation, die dauerhaft sein wird.<\/p>\n<p>Bronzeskulpturen k\u00f6nnen auch getrost im Freien stehen, die Skulptur wird etwas matt werden, was vielen Menschen sogar gef\u00e4llt. Wenn Sie den Glanz erhalten m\u00f6chten, reiben Sie die Bronzeskulptur zweimal im Jahr mit Bienenwachs ein.<\/p>\n<p><strong>Wir haben die gr\u00f6\u00dfte Sammlung von Bronzeskulpturen, die Sie auch live besichtigen k\u00f6nnen. Kommen Sie vorbei und schauen Sie sich um!!! M\u00f6chten Sie nach einer bestimmten Bronzeskulptur suchen? Wenn ja, rufen Sie bitte an, damit wir best\u00e4tigen k\u00f6nnen, dass das Bild Ihrer Wahl bei uns ist!<\/strong><\/p>\n<ul>\n<li>Gr\u00f6\u00dfe: 55x32x68 cm hoch.<\/li>\n<li>Material: Bronze<\/li>\n<li>Schnelle Lieferung<strong>.<\/strong><\/li>\n<li>10 Jahre Garantie.<\/li>\n<\/ul>\n","protected":false},"excerpt":{"rendered":"<p>Gr\u00f6\u00dfe: 55x32x68cm hoch.<\/p>\n","protected":false},"featured_media":78499,"template":"","meta":{"_acf_changed":false,"_genesis_title":"","_genesis_description":""},"product_brand":[7505],"product_cat":[644,613,7239],"product_tag":[],"class_list":{"0":"post-78505","1":"product","2":"type-product","3":"status-publish","4":"has-post-thumbnail","6":"product_brand-sonstige","7":"product_cat-andere-bronzestatuen","8":"product_cat-bronzestatuen","9":"product_cat-bilder","11":"first","12":"instock","13":"taxable","14":"shipping-taxable","15":"purchasable","16":"product-type-simple"},"acf":[],"meta_all":{"total_sales":"0","wcml_sync_hash":{"postmeta_fields":"8b70b21c2247e5ed43617e2ae142763d"},"attr_label_translations":[]},"meta_all_flat":{"total_sales":"0","wcml_sync_hash.postmeta_fields":"8b70b21c2247e5ed43617e2ae142763d"},"yoast_head":"<!-- This site is optimized with the Yoast SEO Premium plugin v26.2 (Yoast SEO v27.2) - https:\/\/yoast.com\/product\/yoast-seo-premium-wordpress\/ -->\n<title>Bronzener Kobold mit hochgelegten Beinen - Eliassen Home &amp; Gardenpleasure<\/title>\n<meta name=\"description\" content=\"Sch\u00f6ne Bronzestatue eines hartn\u00e4ckig l\u00e4chelnden Kobolds mit hochgelegten Beinen. Fr\u00f6hliche Gartenstatue und eine Bereicherung f\u00fcr Ihren Garten.\" \/>\n<meta name=\"robots\" content=\"index, follow, max-snippet:-1, max-image-preview:large, max-video-preview:-1\" \/>\n<link rel=\"canonical\" href=\"https:\/\/www.eliassen.nl\/de\/bronzene-pixie-mit-erhobenen-beinen\/\" \/>\n<meta property=\"og:locale\" content=\"de_DE\" \/>\n<meta property=\"og:type\" content=\"article\" \/>\n<meta property=\"og:title\" content=\"Sonstige Bronze Pixie mit hochgelegten Beinen - Eliassen.nl\" \/>\n<meta property=\"og:description\" content=\"Sch\u00f6ne Bronzestatue eines hartn\u00e4ckig l\u00e4chelnden Kobolds mit hochgelegten Beinen. Fr\u00f6hliche Gartenstatue und eine Bereicherung f\u00fcr Ihren Garten.\" \/>\n<meta property=\"og:url\" content=\"https:\/\/www.eliassen.nl\/de\/bronzene-pixie-mit-erhobenen-beinen\/\" \/>\n<meta property=\"og:site_name\" content=\"Eliassen.nl\" \/>\n<meta property=\"article:publisher\" content=\"https:\/\/www.facebook.com\/TuincentrumEliassenAmmerzoden\" \/>\n<meta property=\"article:modified_time\" content=\"2026-01-16T13:27:25+00:00\" \/>\n<meta property=\"og:image\" content=\"https:\/\/www.eliassen.nl\/wp-content\/uploads\/2024\/01\/bronzenpixiebenenomhoogeliassennl.jpg\" \/>\n\t<meta property=\"og:image:width\" content=\"1200\" \/>\n\t<meta property=\"og:image:height\" content=\"900\" \/>\n\t<meta property=\"og:image:type\" content=\"image\/jpeg\" \/>\n<meta name=\"twitter:card\" content=\"summary_large_image\" \/>\n<script type=\"application\/ld+json\" class=\"yoast-schema-graph\">{\"@context\":\"https:\/\/schema.org\",\"@graph\":[{\"@type\":\"WebPage\",\"@id\":\"https:\/\/www.eliassen.nl\/de\/bronzene-pixie-mit-erhobenen-beinen\/\",\"url\":\"https:\/\/www.eliassen.nl\/de\/bronzene-pixie-mit-erhobenen-beinen\/\",\"name\":\"Bronzener Kobold mit hochgelegten Beinen - Eliassen Home & Gardenpleasure\",\"isPartOf\":{\"@id\":\"https:\/\/www.eliassen.nl\/de\/#website\"},\"primaryImageOfPage\":{\"@id\":\"https:\/\/www.eliassen.nl\/de\/bronzene-pixie-mit-erhobenen-beinen\/#primaryimage\"},\"image\":{\"@id\":\"https:\/\/www.eliassen.nl\/de\/bronzene-pixie-mit-erhobenen-beinen\/#primaryimage\"},\"thumbnailUrl\":\"https:\/\/www.eliassen.nl\/wp-content\/uploads\/2024\/01\/bronzenpixiebenenomhoogeliassennl.jpg\",\"datePublished\":\"2022-11-29T13:18:26+00:00\",\"dateModified\":\"2026-01-16T13:27:25+00:00\",\"description\":\"Sch\u00f6ne Bronzestatue eines hartn\u00e4ckig l\u00e4chelnden Kobolds mit hochgelegten Beinen. Fr\u00f6hliche Gartenstatue und eine Bereicherung f\u00fcr Ihren Garten.\",\"breadcrumb\":{\"@id\":\"https:\/\/www.eliassen.nl\/de\/bronzene-pixie-mit-erhobenen-beinen\/#breadcrumb\"},\"inLanguage\":\"de\",\"potentialAction\":[{\"@type\":\"ReadAction\",\"target\":[\"https:\/\/www.eliassen.nl\/de\/bronzene-pixie-mit-erhobenen-beinen\/\"]}]},{\"@type\":\"ImageObject\",\"inLanguage\":\"de\",\"@id\":\"https:\/\/www.eliassen.nl\/de\/bronzene-pixie-mit-erhobenen-beinen\/#primaryimage\",\"url\":\"https:\/\/www.eliassen.nl\/wp-content\/uploads\/2024\/01\/bronzenpixiebenenomhoogeliassennl.jpg\",\"contentUrl\":\"https:\/\/www.eliassen.nl\/wp-content\/uploads\/2024\/01\/bronzenpixiebenenomhoogeliassennl.jpg\",\"width\":1200,\"height\":900,\"caption\":\"Bronze Pixie Beine hoch - eliassen.de\"},{\"@type\":\"BreadcrumbList\",\"@id\":\"https:\/\/www.eliassen.nl\/de\/bronzene-pixie-mit-erhobenen-beinen\/#breadcrumb\",\"itemListElement\":[{\"@type\":\"ListItem\",\"position\":1,\"name\":\"Home\",\"item\":\"https:\/\/www.eliassen.nl\/de\/\"},{\"@type\":\"ListItem\",\"position\":2,\"name\":\"Shop\",\"item\":\"https:\/\/www.eliassen.nl\/de\/shop\/\"},{\"@type\":\"ListItem\",\"position\":3,\"name\":\"Bronzestatuen\",\"item\":\"https:\/\/www.eliassen.nl\/de\/bronzestatuen\/\"},{\"@type\":\"ListItem\",\"position\":4,\"name\":\"Andere Bronzestatuen\",\"item\":\"https:\/\/www.eliassen.nl\/de\/bilder\/bronzestatuen\/andere-bronzestatuen\/\"},{\"@type\":\"ListItem\",\"position\":5,\"name\":\"Bronze Pixie mit hochgelegten Beinen\"}]},{\"@type\":\"WebSite\",\"@id\":\"https:\/\/www.eliassen.nl\/de\/#website\",\"url\":\"https:\/\/www.eliassen.nl\/de\/\",\"name\":\"Eliassen Home & Garden Pleasure\",\"description\":\"\",\"publisher\":{\"@id\":\"https:\/\/www.eliassen.nl\/de\/#organization\"},\"alternateName\":\"Eliassen.nl\",\"potentialAction\":[{\"@type\":\"SearchAction\",\"target\":{\"@type\":\"EntryPoint\",\"urlTemplate\":\"https:\/\/www.eliassen.nl\/de\/?s={search_term_string}\"},\"query-input\":{\"@type\":\"PropertyValueSpecification\",\"valueRequired\":true,\"valueName\":\"search_term_string\"}}],\"inLanguage\":\"de\"},{\"@type\":[\"Organization\",\"Place\"],\"@id\":\"https:\/\/www.eliassen.nl\/de\/#organization\",\"name\":\"Eliassen Home & Garden Pleasure\",\"url\":\"https:\/\/www.eliassen.nl\/de\/\",\"logo\":{\"@id\":\"https:\/\/www.eliassen.nl\/de\/bronzene-pixie-mit-erhobenen-beinen\/#local-main-organization-logo\"},\"image\":{\"@id\":\"https:\/\/www.eliassen.nl\/de\/bronzene-pixie-mit-erhobenen-beinen\/#local-main-organization-logo\"},\"sameAs\":[\"https:\/\/www.facebook.com\/TuincentrumEliassenAmmerzoden\",\"https:\/\/www.instagram.com\/eliassenhomeandgarden\/\",\"https:\/\/nl.pinterest.com\/eliassenhomeandgarden\/\",\"https:\/\/www.youtube.com\/@eliassenhomegardenpleasure4558\"],\"telephone\":[],\"openingHoursSpecification\":[{\"@type\":\"OpeningHoursSpecification\",\"dayOfWeek\":[\"Monday\",\"Tuesday\",\"Wednesday\",\"Thursday\",\"Friday\",\"Saturday\",\"Sunday\"],\"opens\":\"09:00\",\"closes\":\"17:00\"}]},{\"@type\":\"ImageObject\",\"inLanguage\":\"de\",\"@id\":\"https:\/\/www.eliassen.nl\/de\/bronzene-pixie-mit-erhobenen-beinen\/#local-main-organization-logo\",\"url\":\"https:\/\/www.eliassen.nl\/wp-content\/uploads\/2024\/01\/logo_4nd.jpg\",\"contentUrl\":\"https:\/\/www.eliassen.nl\/wp-content\/uploads\/2024\/01\/logo_4nd.jpg\",\"width\":500,\"height\":500,\"caption\":\"Eliassen Home & Garden Pleasure\"}]}<\/script>\n<meta property=\"product:price:amount\" content=\"933.00\" \/>\n<meta property=\"product:price:currency\" content=\"EUR\" \/>\n<meta property=\"og:availability\" content=\"instock\" \/>\n<meta property=\"product:availability\" content=\"instock\" \/>\n<meta property=\"product:retailer_item_id\" content=\"B58810 geu\" \/>\n<meta property=\"product:condition\" content=\"new\" \/>\n<!-- \/ Yoast SEO Premium plugin. -->","yoast_head_json":{"title":"Bronzener Kobold mit hochgelegten Beinen - Eliassen Home & Gardenpleasure","description":"Sch\u00f6ne Bronzestatue eines hartn\u00e4ckig l\u00e4chelnden Kobolds mit hochgelegten Beinen. Fr\u00f6hliche Gartenstatue und eine Bereicherung f\u00fcr Ihren Garten.","robots":{"index":"index","follow":"follow","max-snippet":"max-snippet:-1","max-image-preview":"max-image-preview:large","max-video-preview":"max-video-preview:-1"},"canonical":"https:\/\/www.eliassen.nl\/de\/bronzene-pixie-mit-erhobenen-beinen\/","og_locale":"de_DE","og_type":"article","og_title":"Sonstige Bronze Pixie mit hochgelegten Beinen - Eliassen.nl","og_description":"Sch\u00f6ne Bronzestatue eines hartn\u00e4ckig l\u00e4chelnden Kobolds mit hochgelegten Beinen. Fr\u00f6hliche Gartenstatue und eine Bereicherung f\u00fcr Ihren Garten.","og_url":"https:\/\/www.eliassen.nl\/de\/bronzene-pixie-mit-erhobenen-beinen\/","og_site_name":"Eliassen.nl","article_publisher":"https:\/\/www.facebook.com\/TuincentrumEliassenAmmerzoden","article_modified_time":"2026-01-16T13:27:25+00:00","og_image":[{"width":1200,"height":900,"url":"https:\/\/www.eliassen.nl\/wp-content\/uploads\/2024\/01\/bronzenpixiebenenomhoogeliassennl.jpg","type":"image\/jpeg"}],"twitter_card":"summary_large_image","schema":{"@context":"https:\/\/schema.org","@graph":[{"@type":"WebPage","@id":"https:\/\/www.eliassen.nl\/de\/bronzene-pixie-mit-erhobenen-beinen\/","url":"https:\/\/www.eliassen.nl\/de\/bronzene-pixie-mit-erhobenen-beinen\/","name":"Bronzener Kobold mit hochgelegten Beinen - Eliassen Home & Gardenpleasure","isPartOf":{"@id":"https:\/\/www.eliassen.nl\/de\/#website"},"primaryImageOfPage":{"@id":"https:\/\/www.eliassen.nl\/de\/bronzene-pixie-mit-erhobenen-beinen\/#primaryimage"},"image":{"@id":"https:\/\/www.eliassen.nl\/de\/bronzene-pixie-mit-erhobenen-beinen\/#primaryimage"},"thumbnailUrl":"https:\/\/www.eliassen.nl\/wp-content\/uploads\/2024\/01\/bronzenpixiebenenomhoogeliassennl.jpg","datePublished":"2022-11-29T13:18:26+00:00","dateModified":"2026-01-16T13:27:25+00:00","description":"Sch\u00f6ne Bronzestatue eines hartn\u00e4ckig l\u00e4chelnden Kobolds mit hochgelegten Beinen. Fr\u00f6hliche Gartenstatue und eine Bereicherung f\u00fcr Ihren Garten.","breadcrumb":{"@id":"https:\/\/www.eliassen.nl\/de\/bronzene-pixie-mit-erhobenen-beinen\/#breadcrumb"},"inLanguage":"de","potentialAction":[{"@type":"ReadAction","target":["https:\/\/www.eliassen.nl\/de\/bronzene-pixie-mit-erhobenen-beinen\/"]}]},{"@type":"ImageObject","inLanguage":"de","@id":"https:\/\/www.eliassen.nl\/de\/bronzene-pixie-mit-erhobenen-beinen\/#primaryimage","url":"https:\/\/www.eliassen.nl\/wp-content\/uploads\/2024\/01\/bronzenpixiebenenomhoogeliassennl.jpg","contentUrl":"https:\/\/www.eliassen.nl\/wp-content\/uploads\/2024\/01\/bronzenpixiebenenomhoogeliassennl.jpg","width":1200,"height":900,"caption":"Bronze Pixie Beine hoch - eliassen.de"},{"@type":"BreadcrumbList","@id":"https:\/\/www.eliassen.nl\/de\/bronzene-pixie-mit-erhobenen-beinen\/#breadcrumb","itemListElement":[{"@type":"ListItem","position":1,"name":"Home","item":"https:\/\/www.eliassen.nl\/de\/"},{"@type":"ListItem","position":2,"name":"Shop","item":"https:\/\/www.eliassen.nl\/de\/shop\/"},{"@type":"ListItem","position":3,"name":"Bronzestatuen","item":"https:\/\/www.eliassen.nl\/de\/bronzestatuen\/"},{"@type":"ListItem","position":4,"name":"Andere Bronzestatuen","item":"https:\/\/www.eliassen.nl\/de\/bilder\/bronzestatuen\/andere-bronzestatuen\/"},{"@type":"ListItem","position":5,"name":"Bronze Pixie mit hochgelegten Beinen"}]},{"@type":"WebSite","@id":"https:\/\/www.eliassen.nl\/de\/#website","url":"https:\/\/www.eliassen.nl\/de\/","name":"Eliassen Home & Garden Pleasure","description":"","publisher":{"@id":"https:\/\/www.eliassen.nl\/de\/#organization"},"alternateName":"Eliassen.nl","potentialAction":[{"@type":"SearchAction","target":{"@type":"EntryPoint","urlTemplate":"https:\/\/www.eliassen.nl\/de\/?s={search_term_string}"},"query-input":{"@type":"PropertyValueSpecification","valueRequired":true,"valueName":"search_term_string"}}],"inLanguage":"de"},{"@type":["Organization","Place"],"@id":"https:\/\/www.eliassen.nl\/de\/#organization","name":"Eliassen Home & Garden Pleasure","url":"https:\/\/www.eliassen.nl\/de\/","logo":{"@id":"https:\/\/www.eliassen.nl\/de\/bronzene-pixie-mit-erhobenen-beinen\/#local-main-organization-logo"},"image":{"@id":"https:\/\/www.eliassen.nl\/de\/bronzene-pixie-mit-erhobenen-beinen\/#local-main-organization-logo"},"sameAs":["https:\/\/www.facebook.com\/TuincentrumEliassenAmmerzoden","https:\/\/www.instagram.com\/eliassenhomeandgarden\/","https:\/\/nl.pinterest.com\/eliassenhomeandgarden\/","https:\/\/www.youtube.com\/@eliassenhomegardenpleasure4558"],"telephone":[],"openingHoursSpecification":[{"@type":"OpeningHoursSpecification","dayOfWeek":["Monday","Tuesday","Wednesday","Thursday","Friday","Saturday","Sunday"],"opens":"09:00","closes":"17:00"}]},{"@type":"ImageObject","inLanguage":"de","@id":"https:\/\/www.eliassen.nl\/de\/bronzene-pixie-mit-erhobenen-beinen\/#local-main-organization-logo","url":"https:\/\/www.eliassen.nl\/wp-content\/uploads\/2024\/01\/logo_4nd.jpg","contentUrl":"https:\/\/www.eliassen.nl\/wp-content\/uploads\/2024\/01\/logo_4nd.jpg","width":500,"height":500,"caption":"Eliassen Home & Garden Pleasure"}]},"product_price_amount":"933.00","product_price_currency":"EUR","og_availability":"instock","product_availability":"instock","product_retailer_item_id":"B58810 geu","product_condition":"new"},"df_price":933,"df_sale_price":"","df_regular_price":933,"df_image_link":"https:\/\/www.eliassen.nl\/wp-content\/uploads\/2024\/01\/bronzenpixiebenenomhoogeliassennl.jpg","image":"https:\/\/www.eliassen.nl\/wp-content\/uploads\/2024\/01\/bronzenpixiebenenomhoogeliassennl.jpg","price_search":"<span class=\"woocommerce-Price-amount amount\"><bdi><span class=\"woocommerce-Price-currencySymbol\">&euro;<\/span>&nbsp;933,00<\/bdi><\/span>","category":"Andere Bronzestatuen","global_unique_id":"5410807588109","_links":{"self":[{"href":"https:\/\/www.eliassen.nl\/de\/wp-json\/wp\/v2\/product\/78505","targetHints":{"allow":["GET"]}}],"collection":[{"href":"https:\/\/www.eliassen.nl\/de\/wp-json\/wp\/v2\/product"}],"about":[{"href":"https:\/\/www.eliassen.nl\/de\/wp-json\/wp\/v2\/types\/product"}],"wp:featuredmedia":[{"embeddable":true,"href":"https:\/\/www.eliassen.nl\/de\/wp-json\/wp\/v2\/media\/78499"}],"wp:attachment":[{"href":"https:\/\/www.eliassen.nl\/de\/wp-json\/wp\/v2\/media?parent=78505"}],"wp:term":[{"taxonomy":"product_brand","embeddable":true,"href":"https:\/\/www.eliassen.nl\/de\/wp-json\/wp\/v2\/product_brand?post=78505"},{"taxonomy":"product_cat","embeddable":true,"href":"https:\/\/www.eliassen.nl\/de\/wp-json\/wp\/v2\/product_cat?post=78505"},{"taxonomy":"product_tag","embeddable":true,"href":"https:\/\/www.eliassen.nl\/de\/wp-json\/wp\/v2\/product_tag?post=78505"}],"curies":[{"name":"wp","href":"https:\/\/api.w.org\/{rel}","templated":true}]}}