{"id":78238,"date":"2022-11-23T09:23:12","date_gmt":"2022-11-23T09:23:12","guid":{"rendered":"https:\/\/www.eliassen.nl\/?product=beeld-hout-pelikaan-op-drijfhout"},"modified":"2026-03-09T16:33:13","modified_gmt":"2026-03-09T15:33:13","slug":"skulptur-holzpelikan-auf-treibholz","status":"publish","type":"product","link":"https:\/\/www.eliassen.nl\/de\/skulptur-holzpelikan-auf-treibholz\/","title":{"rendered":"Statue Holz Pelikan auf Treibholz 47cm"},"content":{"rendered":"<p>M\u00f6gen Sie handgefertigte Produkte? Dann wird Ihnen dieser handgeschnitzte Pelikan auf einem Poller sicher gefallen.<\/p>\n<p>Diese Holzskulptur eines Pelikans ist wundersch\u00f6n gestaltet und in sch\u00f6nen Strandfarben bemalt. Dieses dekorative St\u00fcck ist eine stimmungsvolle Erg\u00e4nzung f\u00fcr jedes Haus und jeden Garten.<\/p>\n<p>Sie sollten sich jedoch dar\u00fcber im Klaren sein, dass es manchmal zu Rissen kommt, da das Holz in feuchten und trockenen Perioden arbeitet.<\/p>\n<ul>\n<li>Echte audenthische Schnitzereien<\/li>\n<li>Gr\u00f6\u00dfe: ca. 43x47cm hoch<\/li>\n<li>Eigene Aktie<\/li>\n<li>Auch als Live-Ansicht in unserem Shop verf\u00fcgbar<\/li>\n<\/ul>\n","protected":false},"excerpt":{"rendered":"<p>Dieser Artikel kann Risse bekommen und eine gr\u00e4uliche Farbe annehmen, wenn er im Freien steht.<br \/>\nHolzschnitzerei Pelikan 47cm<\/p>\n","protected":false},"featured_media":78232,"template":"","meta":{"_acf_changed":false,"_genesis_title":"","_genesis_description":""},"product_brand":[7505],"product_cat":[1367,7239],"product_tag":[],"class_list":{"0":"post-78238","1":"product","2":"type-product","3":"status-publish","4":"has-post-thumbnail","6":"product_brand-sonstige","7":"product_cat-holzstatuen","8":"product_cat-bilder","10":"first","11":"instock","12":"taxable","13":"shipping-taxable","14":"purchasable","15":"product-type-simple"},"acf":[],"meta_all":{"total_sales":"8","wcml_sync_hash":{"postmeta_fields":"911436aade47d9877c070f61a781c636"},"attr_label_translations":[],"cor_restricted_countries":[]},"meta_all_flat":{"total_sales":"8","wcml_sync_hash.postmeta_fields":"911436aade47d9877c070f61a781c636"},"yoast_head":"<!-- This site is optimized with the Yoast SEO Premium plugin v26.2 (Yoast SEO v27.2) - https:\/\/yoast.com\/product\/yoast-seo-premium-wordpress\/ -->\n<title>Statue Holz Pelikan auf Treibholz<\/title>\n<meta name=\"description\" content=\"Statuen und Objekte aus Holz schnitzen? Schauen Sie sich alles in unserem Webshop an, oder kommen Sie und sehen Sie sich alles live in unserem Gesch\u00e4ft an!!! \u2705 Eigene Aktien \u2705 Sicher kaufen \u2705 Gra...\" \/>\n<meta name=\"robots\" content=\"index, follow, max-snippet:-1, max-image-preview:large, max-video-preview:-1\" \/>\n<link rel=\"canonical\" href=\"https:\/\/www.eliassen.nl\/de\/skulptur-holzpelikan-auf-treibholz\/\" \/>\n<meta property=\"og:locale\" content=\"de_DE\" \/>\n<meta property=\"og:type\" content=\"article\" \/>\n<meta property=\"og:title\" content=\"Sonstige Statue Holz Pelikan auf Treibholz 47cm - Eliassen.nl\" \/>\n<meta property=\"og:description\" content=\"Statuen und Objekte aus Holz schnitzen? Schauen Sie sich alles in unserem Webshop an, oder kommen Sie und sehen Sie sich alles live in unserem Gesch\u00e4ft an!!! \u2705 Eigene Aktien \u2705 Sicher kaufen \u2705 Gra...\" \/>\n<meta property=\"og:url\" content=\"https:\/\/www.eliassen.nl\/de\/skulptur-holzpelikan-auf-treibholz\/\" \/>\n<meta property=\"og:site_name\" content=\"Eliassen.nl\" \/>\n<meta property=\"article:publisher\" content=\"https:\/\/www.facebook.com\/TuincentrumEliassenAmmerzoden\" \/>\n<meta property=\"article:modified_time\" content=\"2026-03-09T15:33:13+00:00\" \/>\n<meta property=\"og:image\" content=\"https:\/\/www.eliassen.nl\/wp-content\/uploads\/2024\/01\/beeldhoutpelikaanopdrijfhouteliassennl.png\" \/>\n\t<meta property=\"og:image:width\" content=\"1536\" \/>\n\t<meta property=\"og:image:height\" content=\"2048\" \/>\n\t<meta property=\"og:image:type\" content=\"image\/png\" \/>\n<meta name=\"twitter:card\" content=\"summary_large_image\" \/>\n<script type=\"application\/ld+json\" class=\"yoast-schema-graph\">{\"@context\":\"https:\/\/schema.org\",\"@graph\":[{\"@type\":\"WebPage\",\"@id\":\"https:\/\/www.eliassen.nl\/de\/skulptur-holzpelikan-auf-treibholz\/\",\"url\":\"https:\/\/www.eliassen.nl\/de\/skulptur-holzpelikan-auf-treibholz\/\",\"name\":\"Statue Holz Pelikan auf Treibholz\",\"isPartOf\":{\"@id\":\"https:\/\/www.eliassen.nl\/de\/#website\"},\"primaryImageOfPage\":{\"@id\":\"https:\/\/www.eliassen.nl\/de\/skulptur-holzpelikan-auf-treibholz\/#primaryimage\"},\"image\":{\"@id\":\"https:\/\/www.eliassen.nl\/de\/skulptur-holzpelikan-auf-treibholz\/#primaryimage\"},\"thumbnailUrl\":\"https:\/\/www.eliassen.nl\/wp-content\/uploads\/2024\/01\/beeldhoutpelikaanopdrijfhouteliassennl.png\",\"datePublished\":\"2022-11-23T09:23:12+00:00\",\"dateModified\":\"2026-03-09T15:33:13+00:00\",\"description\":\"Statuen und Objekte aus Holz schnitzen? Schauen Sie sich alles in unserem Webshop an, oder kommen Sie und sehen Sie sich alles live in unserem Gesch\u00e4ft an!!! \u2705 Eigene Aktien \u2705 Sicher kaufen \u2705 Gra...\",\"breadcrumb\":{\"@id\":\"https:\/\/www.eliassen.nl\/de\/skulptur-holzpelikan-auf-treibholz\/#breadcrumb\"},\"inLanguage\":\"de\",\"potentialAction\":[{\"@type\":\"ReadAction\",\"target\":[\"https:\/\/www.eliassen.nl\/de\/skulptur-holzpelikan-auf-treibholz\/\"]}]},{\"@type\":\"ImageObject\",\"inLanguage\":\"de\",\"@id\":\"https:\/\/www.eliassen.nl\/de\/skulptur-holzpelikan-auf-treibholz\/#primaryimage\",\"url\":\"https:\/\/www.eliassen.nl\/wp-content\/uploads\/2024\/01\/beeldhoutpelikaanopdrijfhouteliassennl.png\",\"contentUrl\":\"https:\/\/www.eliassen.nl\/wp-content\/uploads\/2024\/01\/beeldhoutpelikaanopdrijfhouteliassennl.png\",\"width\":1536,\"height\":2048,\"caption\":\"Statue Holz Pelikan auf Treibholz - eliassen.nl\"},{\"@type\":\"BreadcrumbList\",\"@id\":\"https:\/\/www.eliassen.nl\/de\/skulptur-holzpelikan-auf-treibholz\/#breadcrumb\",\"itemListElement\":[{\"@type\":\"ListItem\",\"position\":1,\"name\":\"Home\",\"item\":\"https:\/\/www.eliassen.nl\/de\/\"},{\"@type\":\"ListItem\",\"position\":2,\"name\":\"Shop\",\"item\":\"https:\/\/www.eliassen.nl\/de\/shop\/\"},{\"@type\":\"ListItem\",\"position\":3,\"name\":\"Bilder\",\"item\":\"https:\/\/www.eliassen.nl\/de\/bilder\/\"},{\"@type\":\"ListItem\",\"position\":4,\"name\":\"Holzstatuen\",\"item\":\"https:\/\/www.eliassen.nl\/de\/bilder\/holzstatuen\/\"},{\"@type\":\"ListItem\",\"position\":5,\"name\":\"Statue Holz Pelikan auf Treibholz 47cm\"}]},{\"@type\":\"WebSite\",\"@id\":\"https:\/\/www.eliassen.nl\/de\/#website\",\"url\":\"https:\/\/www.eliassen.nl\/de\/\",\"name\":\"Eliassen Home & Garden Pleasure\",\"description\":\"\",\"publisher\":{\"@id\":\"https:\/\/www.eliassen.nl\/de\/#organization\"},\"alternateName\":\"Eliassen.nl\",\"potentialAction\":[{\"@type\":\"SearchAction\",\"target\":{\"@type\":\"EntryPoint\",\"urlTemplate\":\"https:\/\/www.eliassen.nl\/de\/?s={search_term_string}\"},\"query-input\":{\"@type\":\"PropertyValueSpecification\",\"valueRequired\":true,\"valueName\":\"search_term_string\"}}],\"inLanguage\":\"de\"},{\"@type\":[\"Organization\",\"Place\"],\"@id\":\"https:\/\/www.eliassen.nl\/de\/#organization\",\"name\":\"Eliassen Home & Garden Pleasure\",\"url\":\"https:\/\/www.eliassen.nl\/de\/\",\"logo\":{\"@id\":\"https:\/\/www.eliassen.nl\/de\/skulptur-holzpelikan-auf-treibholz\/#local-main-organization-logo\"},\"image\":{\"@id\":\"https:\/\/www.eliassen.nl\/de\/skulptur-holzpelikan-auf-treibholz\/#local-main-organization-logo\"},\"sameAs\":[\"https:\/\/www.facebook.com\/TuincentrumEliassenAmmerzoden\",\"https:\/\/www.instagram.com\/eliassenhomeandgarden\/\",\"https:\/\/nl.pinterest.com\/eliassenhomeandgarden\/\",\"https:\/\/www.youtube.com\/@eliassenhomegardenpleasure4558\"],\"telephone\":[],\"openingHoursSpecification\":[{\"@type\":\"OpeningHoursSpecification\",\"dayOfWeek\":[\"Monday\",\"Tuesday\",\"Wednesday\",\"Thursday\",\"Friday\",\"Saturday\",\"Sunday\"],\"opens\":\"09:00\",\"closes\":\"17:00\"}]},{\"@type\":\"ImageObject\",\"inLanguage\":\"de\",\"@id\":\"https:\/\/www.eliassen.nl\/de\/skulptur-holzpelikan-auf-treibholz\/#local-main-organization-logo\",\"url\":\"https:\/\/www.eliassen.nl\/wp-content\/uploads\/2024\/01\/logo_4nd.jpg\",\"contentUrl\":\"https:\/\/www.eliassen.nl\/wp-content\/uploads\/2024\/01\/logo_4nd.jpg\",\"width\":500,\"height\":500,\"caption\":\"Eliassen Home & Garden Pleasure\"}]}<\/script>\n<meta property=\"product:price:amount\" content=\"39.90\" \/>\n<meta property=\"product:price:currency\" content=\"EUR\" \/>\n<meta property=\"og:availability\" content=\"instock\" \/>\n<meta property=\"product:availability\" content=\"instock\" \/>\n<meta property=\"product:retailer_item_id\" content=\"180888\" \/>\n<meta property=\"product:condition\" content=\"new\" \/>\n<!-- \/ Yoast SEO Premium plugin. -->","yoast_head_json":{"title":"Statue Holz Pelikan auf Treibholz","description":"Statuen und Objekte aus Holz schnitzen? Schauen Sie sich alles in unserem Webshop an, oder kommen Sie und sehen Sie sich alles live in unserem Gesch\u00e4ft an!!! \u2705 Eigene Aktien \u2705 Sicher kaufen \u2705 Gra...","robots":{"index":"index","follow":"follow","max-snippet":"max-snippet:-1","max-image-preview":"max-image-preview:large","max-video-preview":"max-video-preview:-1"},"canonical":"https:\/\/www.eliassen.nl\/de\/skulptur-holzpelikan-auf-treibholz\/","og_locale":"de_DE","og_type":"article","og_title":"Sonstige Statue Holz Pelikan auf Treibholz 47cm - Eliassen.nl","og_description":"Statuen und Objekte aus Holz schnitzen? Schauen Sie sich alles in unserem Webshop an, oder kommen Sie und sehen Sie sich alles live in unserem Gesch\u00e4ft an!!! \u2705 Eigene Aktien \u2705 Sicher kaufen \u2705 Gra...","og_url":"https:\/\/www.eliassen.nl\/de\/skulptur-holzpelikan-auf-treibholz\/","og_site_name":"Eliassen.nl","article_publisher":"https:\/\/www.facebook.com\/TuincentrumEliassenAmmerzoden","article_modified_time":"2026-03-09T15:33:13+00:00","og_image":[{"width":1536,"height":2048,"url":"https:\/\/www.eliassen.nl\/wp-content\/uploads\/2024\/01\/beeldhoutpelikaanopdrijfhouteliassennl.png","type":"image\/png"}],"twitter_card":"summary_large_image","schema":{"@context":"https:\/\/schema.org","@graph":[{"@type":"WebPage","@id":"https:\/\/www.eliassen.nl\/de\/skulptur-holzpelikan-auf-treibholz\/","url":"https:\/\/www.eliassen.nl\/de\/skulptur-holzpelikan-auf-treibholz\/","name":"Statue Holz Pelikan auf Treibholz","isPartOf":{"@id":"https:\/\/www.eliassen.nl\/de\/#website"},"primaryImageOfPage":{"@id":"https:\/\/www.eliassen.nl\/de\/skulptur-holzpelikan-auf-treibholz\/#primaryimage"},"image":{"@id":"https:\/\/www.eliassen.nl\/de\/skulptur-holzpelikan-auf-treibholz\/#primaryimage"},"thumbnailUrl":"https:\/\/www.eliassen.nl\/wp-content\/uploads\/2024\/01\/beeldhoutpelikaanopdrijfhouteliassennl.png","datePublished":"2022-11-23T09:23:12+00:00","dateModified":"2026-03-09T15:33:13+00:00","description":"Statuen und Objekte aus Holz schnitzen? Schauen Sie sich alles in unserem Webshop an, oder kommen Sie und sehen Sie sich alles live in unserem Gesch\u00e4ft an!!! \u2705 Eigene Aktien \u2705 Sicher kaufen \u2705 Gra...","breadcrumb":{"@id":"https:\/\/www.eliassen.nl\/de\/skulptur-holzpelikan-auf-treibholz\/#breadcrumb"},"inLanguage":"de","potentialAction":[{"@type":"ReadAction","target":["https:\/\/www.eliassen.nl\/de\/skulptur-holzpelikan-auf-treibholz\/"]}]},{"@type":"ImageObject","inLanguage":"de","@id":"https:\/\/www.eliassen.nl\/de\/skulptur-holzpelikan-auf-treibholz\/#primaryimage","url":"https:\/\/www.eliassen.nl\/wp-content\/uploads\/2024\/01\/beeldhoutpelikaanopdrijfhouteliassennl.png","contentUrl":"https:\/\/www.eliassen.nl\/wp-content\/uploads\/2024\/01\/beeldhoutpelikaanopdrijfhouteliassennl.png","width":1536,"height":2048,"caption":"Statue Holz Pelikan auf Treibholz - eliassen.nl"},{"@type":"BreadcrumbList","@id":"https:\/\/www.eliassen.nl\/de\/skulptur-holzpelikan-auf-treibholz\/#breadcrumb","itemListElement":[{"@type":"ListItem","position":1,"name":"Home","item":"https:\/\/www.eliassen.nl\/de\/"},{"@type":"ListItem","position":2,"name":"Shop","item":"https:\/\/www.eliassen.nl\/de\/shop\/"},{"@type":"ListItem","position":3,"name":"Bilder","item":"https:\/\/www.eliassen.nl\/de\/bilder\/"},{"@type":"ListItem","position":4,"name":"Holzstatuen","item":"https:\/\/www.eliassen.nl\/de\/bilder\/holzstatuen\/"},{"@type":"ListItem","position":5,"name":"Statue Holz Pelikan auf Treibholz 47cm"}]},{"@type":"WebSite","@id":"https:\/\/www.eliassen.nl\/de\/#website","url":"https:\/\/www.eliassen.nl\/de\/","name":"Eliassen Home & Garden Pleasure","description":"","publisher":{"@id":"https:\/\/www.eliassen.nl\/de\/#organization"},"alternateName":"Eliassen.nl","potentialAction":[{"@type":"SearchAction","target":{"@type":"EntryPoint","urlTemplate":"https:\/\/www.eliassen.nl\/de\/?s={search_term_string}"},"query-input":{"@type":"PropertyValueSpecification","valueRequired":true,"valueName":"search_term_string"}}],"inLanguage":"de"},{"@type":["Organization","Place"],"@id":"https:\/\/www.eliassen.nl\/de\/#organization","name":"Eliassen Home & Garden Pleasure","url":"https:\/\/www.eliassen.nl\/de\/","logo":{"@id":"https:\/\/www.eliassen.nl\/de\/skulptur-holzpelikan-auf-treibholz\/#local-main-organization-logo"},"image":{"@id":"https:\/\/www.eliassen.nl\/de\/skulptur-holzpelikan-auf-treibholz\/#local-main-organization-logo"},"sameAs":["https:\/\/www.facebook.com\/TuincentrumEliassenAmmerzoden","https:\/\/www.instagram.com\/eliassenhomeandgarden\/","https:\/\/nl.pinterest.com\/eliassenhomeandgarden\/","https:\/\/www.youtube.com\/@eliassenhomegardenpleasure4558"],"telephone":[],"openingHoursSpecification":[{"@type":"OpeningHoursSpecification","dayOfWeek":["Monday","Tuesday","Wednesday","Thursday","Friday","Saturday","Sunday"],"opens":"09:00","closes":"17:00"}]},{"@type":"ImageObject","inLanguage":"de","@id":"https:\/\/www.eliassen.nl\/de\/skulptur-holzpelikan-auf-treibholz\/#local-main-organization-logo","url":"https:\/\/www.eliassen.nl\/wp-content\/uploads\/2024\/01\/logo_4nd.jpg","contentUrl":"https:\/\/www.eliassen.nl\/wp-content\/uploads\/2024\/01\/logo_4nd.jpg","width":500,"height":500,"caption":"Eliassen Home & Garden Pleasure"}]},"product_price_amount":"39.90","product_price_currency":"EUR","og_availability":"instock","product_availability":"instock","product_retailer_item_id":"180888","product_condition":"new"},"df_price":39.9,"df_sale_price":"","df_regular_price":39.9,"df_image_link":"https:\/\/www.eliassen.nl\/wp-content\/uploads\/2024\/01\/beeldhoutpelikaanopdrijfhouteliassennl.png","image":"https:\/\/www.eliassen.nl\/wp-content\/uploads\/2024\/01\/beeldhoutpelikaanopdrijfhouteliassennl.png","price_search":"<span class=\"woocommerce-Price-amount amount\"><bdi><span class=\"woocommerce-Price-currencySymbol\">&euro;<\/span>&nbsp;39,90<\/bdi><\/span>","category":"Holzstatuen","global_unique_id":"8720572180888","_links":{"self":[{"href":"https:\/\/www.eliassen.nl\/de\/wp-json\/wp\/v2\/product\/78238","targetHints":{"allow":["GET"]}}],"collection":[{"href":"https:\/\/www.eliassen.nl\/de\/wp-json\/wp\/v2\/product"}],"about":[{"href":"https:\/\/www.eliassen.nl\/de\/wp-json\/wp\/v2\/types\/product"}],"wp:featuredmedia":[{"embeddable":true,"href":"https:\/\/www.eliassen.nl\/de\/wp-json\/wp\/v2\/media\/78232"}],"wp:attachment":[{"href":"https:\/\/www.eliassen.nl\/de\/wp-json\/wp\/v2\/media?parent=78238"}],"wp:term":[{"taxonomy":"product_brand","embeddable":true,"href":"https:\/\/www.eliassen.nl\/de\/wp-json\/wp\/v2\/product_brand?post=78238"},{"taxonomy":"product_cat","embeddable":true,"href":"https:\/\/www.eliassen.nl\/de\/wp-json\/wp\/v2\/product_cat?post=78238"},{"taxonomy":"product_tag","embeddable":true,"href":"https:\/\/www.eliassen.nl\/de\/wp-json\/wp\/v2\/product_tag?post=78238"}],"curies":[{"name":"wp","href":"https:\/\/api.w.org\/{rel}","templated":true}]}}