{"id":77764,"date":"2022-11-17T12:22:30","date_gmt":"2022-11-17T12:22:30","guid":{"rendered":"https:\/\/www.eliassen.nl\/?product=copy-of-raamwerk-dia-40cm-3"},"modified":"2026-01-16T14:17:11","modified_gmt":"2026-01-16T13:17:11","slug":"holzwandpaneel-runder-lebensbaum-mit-blumen-40cm","status":"publish","type":"product","link":"https:\/\/www.eliassen.nl\/de\/holzwandpaneel-runder-lebensbaum-mit-blumen-40cm\/","title":{"rendered":"Wandtafel Holz rund Lebensbaum mit Blumen 40cm"},"content":{"rendered":"<p>Wundersch\u00f6nes Wandpaneel aus massivem Suar-Holz, handgefertigt. Abgebildet ist ein sch\u00f6ner Lebensbaum mit Blumen. Viele Stunden Schnitzarbeit stecken in dieser Holztafel. Alles, was Sie sehen, jede Locke und jeder Zweig, alles ist von Menschenhand gemacht.<\/p>\n<p>Suar-Holz hat die Eigenschaft, dass es kontrastreiche Farben aufweist. Helles Holz kann direkt neben dunklem Holz stehen. Es ist normal, dass diese Farbunterschiede auch auf dem Panel sichtbar sind, das leider nicht beanstandet werden kann.<\/p>\n<p>Das Symbol des Lebensbaums steht f\u00fcr Wachstum und pers\u00f6nliche Entwicklung, Gesundheit und Kraft zur Heilung. Ihr Leben ist wie die Jahreszeiten, mit denen B\u00e4ume konfrontiert sind. Es gibt Momente des Lebens wie im Fr\u00fchling, des Wachstums wie im Sommer und der temperamentvollen Herbstst\u00fcrme und der H\u00e4rte im Winter. Als Symbol ist dieser Lebensbaum daher ein wunderbares Geschenk f\u00fcr einen geliebten Menschen oder Freund(e).<\/p>\n<ul>\n<li>Gr\u00f6\u00dfe: 2 cm dick mit einem Durchmesser von 40 cm<\/li>\n<li>Material: Massivholz Suar, leicht ge\u00f6lt<\/li>\n<li>Ausgenommen<\/li>\n<li>Original Schnitzereien<\/li>\n<li>Einfach an einem Nagel\/Schraube oder mit einem St\u00fcck Schnur aufh\u00e4ngen<\/li>\n<li>Eigene Aktie<\/li>\n<li>Das Aufh\u00e4ngen im Freien ist erlaubt, aber das Holz wird grau und es k\u00f6nnen Risse entstehen.<\/li>\n<\/ul>\n","protected":false},"excerpt":{"rendered":"<p>Dieser Artikel kann Risse bekommen und eine gr\u00e4uliche Farbe annehmen, wenn er im Freien steht.<\/p>\n","protected":false},"featured_media":77758,"template":"","meta":{"_acf_changed":false,"_genesis_title":"","_genesis_description":""},"product_brand":[7505],"product_cat":[509,527],"product_tag":[],"class_list":{"0":"post-77764","1":"product","2":"type-product","3":"status-publish","4":"has-post-thumbnail","6":"product_brand-sonstige","7":"product_cat-wanddekoration","8":"product_cat-wandpaneele-aus-holz","10":"first","11":"outofstock","12":"taxable","13":"shipping-taxable","14":"purchasable","15":"product-type-simple"},"acf":[],"meta_all":{"total_sales":"2","wcml_sync_hash":{"postmeta_fields":"56e6e5198e095c310e573bfafd075d4b"},"attr_label_translations":[],"cor_restricted_countries":[]},"meta_all_flat":{"total_sales":"2","wcml_sync_hash.postmeta_fields":"56e6e5198e095c310e573bfafd075d4b"},"yoast_head":"<!-- This site is optimized with the Yoast SEO Premium plugin v26.2 (Yoast SEO v27.2) - https:\/\/yoast.com\/product\/yoast-seo-premium-wordpress\/ -->\n<title>Wandtafel Holz rund Lebensbaum mit Blumen 40cm<\/title>\n<meta name=\"description\" content=\"Wandpaneele aus Holz? Auch diese haben wir in einem gro\u00dfen Sortiment !!! \u2705 Sehen Sie sich alles im Webshop an, oder kommen Sie in unser Gesch\u00e4ft !!! \u2705 Eigene Aktien \u2705 Sicher kaufen \u2705 grati\" \/>\n<meta name=\"robots\" content=\"index, follow, max-snippet:-1, max-image-preview:large, max-video-preview:-1\" \/>\n<link rel=\"canonical\" href=\"https:\/\/www.eliassen.nl\/de\/holzwandpaneel-runder-lebensbaum-mit-blumen-40cm\/\" \/>\n<meta property=\"og:locale\" content=\"de_DE\" \/>\n<meta property=\"og:type\" content=\"article\" \/>\n<meta property=\"og:title\" content=\"Sonstige Wandtafel Holz rund Lebensbaum mit Blumen 40cm - Eliassen.nl\" \/>\n<meta property=\"og:description\" content=\"Wandpaneele aus Holz? Auch diese haben wir in einem gro\u00dfen Sortiment !!! \u2705 Sehen Sie sich alles im Webshop an, oder kommen Sie in unser Gesch\u00e4ft !!! \u2705 Eigene Aktien \u2705 Sicher kaufen \u2705 grati\" \/>\n<meta property=\"og:url\" content=\"https:\/\/www.eliassen.nl\/de\/holzwandpaneel-runder-lebensbaum-mit-blumen-40cm\/\" \/>\n<meta property=\"og:site_name\" content=\"Eliassen.nl\" \/>\n<meta property=\"article:publisher\" content=\"https:\/\/www.facebook.com\/TuincentrumEliassenAmmerzoden\" \/>\n<meta property=\"article:modified_time\" content=\"2026-01-16T13:17:11+00:00\" \/>\n<meta property=\"og:image\" content=\"https:\/\/www.eliassen.nl\/wp-content\/uploads\/2024\/01\/16687681305457226838119873473076.jpg\" \/>\n\t<meta property=\"og:image:width\" content=\"1342\" \/>\n\t<meta property=\"og:image:height\" content=\"1423\" \/>\n\t<meta property=\"og:image:type\" content=\"image\/jpeg\" \/>\n<meta name=\"twitter:card\" content=\"summary_large_image\" \/>\n<script type=\"application\/ld+json\" class=\"yoast-schema-graph\">{\"@context\":\"https:\/\/schema.org\",\"@graph\":[{\"@type\":\"WebPage\",\"@id\":\"https:\/\/www.eliassen.nl\/de\/holzwandpaneel-runder-lebensbaum-mit-blumen-40cm\/\",\"url\":\"https:\/\/www.eliassen.nl\/de\/holzwandpaneel-runder-lebensbaum-mit-blumen-40cm\/\",\"name\":\"Wandtafel Holz rund Lebensbaum mit Blumen 40cm\",\"isPartOf\":{\"@id\":\"https:\/\/www.eliassen.nl\/de\/#website\"},\"primaryImageOfPage\":{\"@id\":\"https:\/\/www.eliassen.nl\/de\/holzwandpaneel-runder-lebensbaum-mit-blumen-40cm\/#primaryimage\"},\"image\":{\"@id\":\"https:\/\/www.eliassen.nl\/de\/holzwandpaneel-runder-lebensbaum-mit-blumen-40cm\/#primaryimage\"},\"thumbnailUrl\":\"https:\/\/www.eliassen.nl\/wp-content\/uploads\/2024\/01\/16687681305457226838119873473076.jpg\",\"datePublished\":\"2022-11-17T12:22:30+00:00\",\"dateModified\":\"2026-01-16T13:17:11+00:00\",\"description\":\"Wandpaneele aus Holz? Auch diese haben wir in einem gro\u00dfen Sortiment !!! \u2705 Sehen Sie sich alles im Webshop an, oder kommen Sie in unser Gesch\u00e4ft !!! \u2705 Eigene Aktien \u2705 Sicher kaufen \u2705 grati\",\"breadcrumb\":{\"@id\":\"https:\/\/www.eliassen.nl\/de\/holzwandpaneel-runder-lebensbaum-mit-blumen-40cm\/#breadcrumb\"},\"inLanguage\":\"de\",\"potentialAction\":[{\"@type\":\"ReadAction\",\"target\":[\"https:\/\/www.eliassen.nl\/de\/holzwandpaneel-runder-lebensbaum-mit-blumen-40cm\/\"]}]},{\"@type\":\"ImageObject\",\"inLanguage\":\"de\",\"@id\":\"https:\/\/www.eliassen.nl\/de\/holzwandpaneel-runder-lebensbaum-mit-blumen-40cm\/#primaryimage\",\"url\":\"https:\/\/www.eliassen.nl\/wp-content\/uploads\/2024\/01\/16687681305457226838119873473076.jpg\",\"contentUrl\":\"https:\/\/www.eliassen.nl\/wp-content\/uploads\/2024\/01\/16687681305457226838119873473076.jpg\",\"width\":1342,\"height\":1423,\"caption\":\"16687681305457226838119873473076\"},{\"@type\":\"BreadcrumbList\",\"@id\":\"https:\/\/www.eliassen.nl\/de\/holzwandpaneel-runder-lebensbaum-mit-blumen-40cm\/#breadcrumb\",\"itemListElement\":[{\"@type\":\"ListItem\",\"position\":1,\"name\":\"Home\",\"item\":\"https:\/\/www.eliassen.nl\/de\/\"},{\"@type\":\"ListItem\",\"position\":2,\"name\":\"Shop\",\"item\":\"https:\/\/www.eliassen.nl\/de\/shop\/\"},{\"@type\":\"ListItem\",\"position\":3,\"name\":\"Wanddekoration\",\"item\":\"https:\/\/www.eliassen.nl\/de\/wanddekoration\/\"},{\"@type\":\"ListItem\",\"position\":4,\"name\":\"Wandpaneele aus Holz\",\"item\":\"https:\/\/www.eliassen.nl\/de\/wanddekoration\/wandpaneele-aus-holz\/\"},{\"@type\":\"ListItem\",\"position\":5,\"name\":\"Wandtafel Holz rund Lebensbaum mit Blumen 40cm\"}]},{\"@type\":\"WebSite\",\"@id\":\"https:\/\/www.eliassen.nl\/de\/#website\",\"url\":\"https:\/\/www.eliassen.nl\/de\/\",\"name\":\"Eliassen Home & Garden Pleasure\",\"description\":\"\",\"publisher\":{\"@id\":\"https:\/\/www.eliassen.nl\/de\/#organization\"},\"alternateName\":\"Eliassen.nl\",\"potentialAction\":[{\"@type\":\"SearchAction\",\"target\":{\"@type\":\"EntryPoint\",\"urlTemplate\":\"https:\/\/www.eliassen.nl\/de\/?s={search_term_string}\"},\"query-input\":{\"@type\":\"PropertyValueSpecification\",\"valueRequired\":true,\"valueName\":\"search_term_string\"}}],\"inLanguage\":\"de\"},{\"@type\":[\"Organization\",\"Place\"],\"@id\":\"https:\/\/www.eliassen.nl\/de\/#organization\",\"name\":\"Eliassen Home & Garden Pleasure\",\"url\":\"https:\/\/www.eliassen.nl\/de\/\",\"logo\":{\"@id\":\"https:\/\/www.eliassen.nl\/de\/holzwandpaneel-runder-lebensbaum-mit-blumen-40cm\/#local-main-organization-logo\"},\"image\":{\"@id\":\"https:\/\/www.eliassen.nl\/de\/holzwandpaneel-runder-lebensbaum-mit-blumen-40cm\/#local-main-organization-logo\"},\"sameAs\":[\"https:\/\/www.facebook.com\/TuincentrumEliassenAmmerzoden\",\"https:\/\/www.instagram.com\/eliassenhomeandgarden\/\",\"https:\/\/nl.pinterest.com\/eliassenhomeandgarden\/\",\"https:\/\/www.youtube.com\/@eliassenhomegardenpleasure4558\"],\"telephone\":[],\"openingHoursSpecification\":[{\"@type\":\"OpeningHoursSpecification\",\"dayOfWeek\":[\"Monday\",\"Tuesday\",\"Wednesday\",\"Thursday\",\"Friday\",\"Saturday\",\"Sunday\"],\"opens\":\"09:00\",\"closes\":\"17:00\"}]},{\"@type\":\"ImageObject\",\"inLanguage\":\"de\",\"@id\":\"https:\/\/www.eliassen.nl\/de\/holzwandpaneel-runder-lebensbaum-mit-blumen-40cm\/#local-main-organization-logo\",\"url\":\"https:\/\/www.eliassen.nl\/wp-content\/uploads\/2024\/01\/logo_4nd.jpg\",\"contentUrl\":\"https:\/\/www.eliassen.nl\/wp-content\/uploads\/2024\/01\/logo_4nd.jpg\",\"width\":500,\"height\":500,\"caption\":\"Eliassen Home & Garden Pleasure\"}]}<\/script>\n<meta property=\"product:price:amount\" content=\"69.00\" \/>\n<meta property=\"product:price:currency\" content=\"EUR\" \/>\n<meta property=\"og:availability\" content=\"out of stock\" \/>\n<meta property=\"product:availability\" content=\"out of stock\" \/>\n<meta property=\"product:retailer_item_id\" content=\"180598-4\" \/>\n<meta property=\"product:condition\" content=\"new\" \/>\n<!-- \/ Yoast SEO Premium plugin. -->","yoast_head_json":{"title":"Wandtafel Holz rund Lebensbaum mit Blumen 40cm","description":"Wandpaneele aus Holz? Auch diese haben wir in einem gro\u00dfen Sortiment !!! \u2705 Sehen Sie sich alles im Webshop an, oder kommen Sie in unser Gesch\u00e4ft !!! \u2705 Eigene Aktien \u2705 Sicher kaufen \u2705 grati","robots":{"index":"index","follow":"follow","max-snippet":"max-snippet:-1","max-image-preview":"max-image-preview:large","max-video-preview":"max-video-preview:-1"},"canonical":"https:\/\/www.eliassen.nl\/de\/holzwandpaneel-runder-lebensbaum-mit-blumen-40cm\/","og_locale":"de_DE","og_type":"article","og_title":"Sonstige Wandtafel Holz rund Lebensbaum mit Blumen 40cm - Eliassen.nl","og_description":"Wandpaneele aus Holz? Auch diese haben wir in einem gro\u00dfen Sortiment !!! \u2705 Sehen Sie sich alles im Webshop an, oder kommen Sie in unser Gesch\u00e4ft !!! \u2705 Eigene Aktien \u2705 Sicher kaufen \u2705 grati","og_url":"https:\/\/www.eliassen.nl\/de\/holzwandpaneel-runder-lebensbaum-mit-blumen-40cm\/","og_site_name":"Eliassen.nl","article_publisher":"https:\/\/www.facebook.com\/TuincentrumEliassenAmmerzoden","article_modified_time":"2026-01-16T13:17:11+00:00","og_image":[{"width":1342,"height":1423,"url":"https:\/\/www.eliassen.nl\/wp-content\/uploads\/2024\/01\/16687681305457226838119873473076.jpg","type":"image\/jpeg"}],"twitter_card":"summary_large_image","schema":{"@context":"https:\/\/schema.org","@graph":[{"@type":"WebPage","@id":"https:\/\/www.eliassen.nl\/de\/holzwandpaneel-runder-lebensbaum-mit-blumen-40cm\/","url":"https:\/\/www.eliassen.nl\/de\/holzwandpaneel-runder-lebensbaum-mit-blumen-40cm\/","name":"Wandtafel Holz rund Lebensbaum mit Blumen 40cm","isPartOf":{"@id":"https:\/\/www.eliassen.nl\/de\/#website"},"primaryImageOfPage":{"@id":"https:\/\/www.eliassen.nl\/de\/holzwandpaneel-runder-lebensbaum-mit-blumen-40cm\/#primaryimage"},"image":{"@id":"https:\/\/www.eliassen.nl\/de\/holzwandpaneel-runder-lebensbaum-mit-blumen-40cm\/#primaryimage"},"thumbnailUrl":"https:\/\/www.eliassen.nl\/wp-content\/uploads\/2024\/01\/16687681305457226838119873473076.jpg","datePublished":"2022-11-17T12:22:30+00:00","dateModified":"2026-01-16T13:17:11+00:00","description":"Wandpaneele aus Holz? Auch diese haben wir in einem gro\u00dfen Sortiment !!! \u2705 Sehen Sie sich alles im Webshop an, oder kommen Sie in unser Gesch\u00e4ft !!! \u2705 Eigene Aktien \u2705 Sicher kaufen \u2705 grati","breadcrumb":{"@id":"https:\/\/www.eliassen.nl\/de\/holzwandpaneel-runder-lebensbaum-mit-blumen-40cm\/#breadcrumb"},"inLanguage":"de","potentialAction":[{"@type":"ReadAction","target":["https:\/\/www.eliassen.nl\/de\/holzwandpaneel-runder-lebensbaum-mit-blumen-40cm\/"]}]},{"@type":"ImageObject","inLanguage":"de","@id":"https:\/\/www.eliassen.nl\/de\/holzwandpaneel-runder-lebensbaum-mit-blumen-40cm\/#primaryimage","url":"https:\/\/www.eliassen.nl\/wp-content\/uploads\/2024\/01\/16687681305457226838119873473076.jpg","contentUrl":"https:\/\/www.eliassen.nl\/wp-content\/uploads\/2024\/01\/16687681305457226838119873473076.jpg","width":1342,"height":1423,"caption":"16687681305457226838119873473076"},{"@type":"BreadcrumbList","@id":"https:\/\/www.eliassen.nl\/de\/holzwandpaneel-runder-lebensbaum-mit-blumen-40cm\/#breadcrumb","itemListElement":[{"@type":"ListItem","position":1,"name":"Home","item":"https:\/\/www.eliassen.nl\/de\/"},{"@type":"ListItem","position":2,"name":"Shop","item":"https:\/\/www.eliassen.nl\/de\/shop\/"},{"@type":"ListItem","position":3,"name":"Wanddekoration","item":"https:\/\/www.eliassen.nl\/de\/wanddekoration\/"},{"@type":"ListItem","position":4,"name":"Wandpaneele aus Holz","item":"https:\/\/www.eliassen.nl\/de\/wanddekoration\/wandpaneele-aus-holz\/"},{"@type":"ListItem","position":5,"name":"Wandtafel Holz rund Lebensbaum mit Blumen 40cm"}]},{"@type":"WebSite","@id":"https:\/\/www.eliassen.nl\/de\/#website","url":"https:\/\/www.eliassen.nl\/de\/","name":"Eliassen Home & Garden Pleasure","description":"","publisher":{"@id":"https:\/\/www.eliassen.nl\/de\/#organization"},"alternateName":"Eliassen.nl","potentialAction":[{"@type":"SearchAction","target":{"@type":"EntryPoint","urlTemplate":"https:\/\/www.eliassen.nl\/de\/?s={search_term_string}"},"query-input":{"@type":"PropertyValueSpecification","valueRequired":true,"valueName":"search_term_string"}}],"inLanguage":"de"},{"@type":["Organization","Place"],"@id":"https:\/\/www.eliassen.nl\/de\/#organization","name":"Eliassen Home & Garden Pleasure","url":"https:\/\/www.eliassen.nl\/de\/","logo":{"@id":"https:\/\/www.eliassen.nl\/de\/holzwandpaneel-runder-lebensbaum-mit-blumen-40cm\/#local-main-organization-logo"},"image":{"@id":"https:\/\/www.eliassen.nl\/de\/holzwandpaneel-runder-lebensbaum-mit-blumen-40cm\/#local-main-organization-logo"},"sameAs":["https:\/\/www.facebook.com\/TuincentrumEliassenAmmerzoden","https:\/\/www.instagram.com\/eliassenhomeandgarden\/","https:\/\/nl.pinterest.com\/eliassenhomeandgarden\/","https:\/\/www.youtube.com\/@eliassenhomegardenpleasure4558"],"telephone":[],"openingHoursSpecification":[{"@type":"OpeningHoursSpecification","dayOfWeek":["Monday","Tuesday","Wednesday","Thursday","Friday","Saturday","Sunday"],"opens":"09:00","closes":"17:00"}]},{"@type":"ImageObject","inLanguage":"de","@id":"https:\/\/www.eliassen.nl\/de\/holzwandpaneel-runder-lebensbaum-mit-blumen-40cm\/#local-main-organization-logo","url":"https:\/\/www.eliassen.nl\/wp-content\/uploads\/2024\/01\/logo_4nd.jpg","contentUrl":"https:\/\/www.eliassen.nl\/wp-content\/uploads\/2024\/01\/logo_4nd.jpg","width":500,"height":500,"caption":"Eliassen Home & Garden Pleasure"}]},"product_price_amount":"69.00","product_price_currency":"EUR","og_availability":"out of stock","product_availability":"out of stock","product_retailer_item_id":"180598-4","product_condition":"new"},"df_price":69,"df_sale_price":"","df_regular_price":69,"df_image_link":"https:\/\/www.eliassen.nl\/wp-content\/uploads\/2024\/01\/16687681305457226838119873473076.jpg","image":"https:\/\/www.eliassen.nl\/wp-content\/uploads\/2024\/01\/16687681305457226838119873473076.jpg","price_search":"<span class=\"woocommerce-Price-amount amount\"><bdi><span class=\"woocommerce-Price-currencySymbol\">&euro;<\/span>&nbsp;69,00<\/bdi><\/span>","category":"Wanddekoration","global_unique_id":"6096544430483","_links":{"self":[{"href":"https:\/\/www.eliassen.nl\/de\/wp-json\/wp\/v2\/product\/77764","targetHints":{"allow":["GET"]}}],"collection":[{"href":"https:\/\/www.eliassen.nl\/de\/wp-json\/wp\/v2\/product"}],"about":[{"href":"https:\/\/www.eliassen.nl\/de\/wp-json\/wp\/v2\/types\/product"}],"wp:featuredmedia":[{"embeddable":true,"href":"https:\/\/www.eliassen.nl\/de\/wp-json\/wp\/v2\/media\/77758"}],"wp:attachment":[{"href":"https:\/\/www.eliassen.nl\/de\/wp-json\/wp\/v2\/media?parent=77764"}],"wp:term":[{"taxonomy":"product_brand","embeddable":true,"href":"https:\/\/www.eliassen.nl\/de\/wp-json\/wp\/v2\/product_brand?post=77764"},{"taxonomy":"product_cat","embeddable":true,"href":"https:\/\/www.eliassen.nl\/de\/wp-json\/wp\/v2\/product_cat?post=77764"},{"taxonomy":"product_tag","embeddable":true,"href":"https:\/\/www.eliassen.nl\/de\/wp-json\/wp\/v2\/product_tag?post=77764"}],"curies":[{"name":"wp","href":"https:\/\/api.w.org\/{rel}","templated":true}]}}