{"id":77638,"date":"2022-11-14T11:30:33","date_gmt":"2022-11-14T11:30:33","guid":{"rendered":"https:\/\/www.eliassen.nl\/?product=theelichthouder-vlinder-voor-2-theelichtjes-met-pa"},"modified":"2026-01-16T12:54:10","modified_gmt":"2026-01-16T11:54:10","slug":"teelichthalter-butterfly-fur-2-teelichter-mit-perlmutt-28cm","status":"publish","type":"product","link":"https:\/\/www.eliassen.nl\/de\/teelichthalter-butterfly-fur-2-teelichter-mit-perlmutt-28cm\/","title":{"rendered":"Teelichthalter Butterfly f\u00fcr 2 Teelichter mit Perlmutt 28cm"},"content":{"rendered":"<p>Wundersch\u00f6nes Metallobjekt eines Schmetterlings, das auch als Teelichthalter f\u00fcr 2 Teelichter dient, wird Ihr Zuhause oder Ihren Arbeitsplatz stimmungsvoller machen, mit einem sch\u00f6nen Schimmer durch das Perlmutt. F\u00fcr die Anrichte, die Fensterbank, die K\u00fcche, das B\u00fcro und so weiter.<\/p>\n<p>Dieser Schmetterling aus Metall mit Perlmutt wurde komplett von Hand geschnitten, ausgeschnitten, gel\u00f6tet und dann mit verschiedenen Farben versehen. Perlmutt wurde f\u00fcr einen sch\u00f6nen Farbeffekt verwendet. Sehen Sie hier das Ergebnis, ein sch\u00f6nes Dekorationsobjekt mit warmen Farben. Da es sich um ein handgefertigtes Produkt handelt, wird jedes Exemplar eine andere Farbe haben, das Foto ist nur ein Beispiel.<\/p>\n<p>Perle ist ein organisches Schalenmaterial, das normalerweise im Inneren vieler Arten von gro\u00dfen Muscheln zu finden ist. Bei jeder Muschelart ist die Dicke des Perlmutts unterschiedlich.<br \/>Perlen werden von den Schalentieren \u00fcber Epithelzellen produziert. Das Perlmutt wird produziert, um eine glatte Oberfl\u00e4che f\u00fcr die Muscheln zu schaffen und um Parasiten abzuwehren.<br \/>Wenn eine Muschel \u00fcber einen l\u00e4ngeren Zeitraum an einem Parasiten leidet, produziert sie st\u00e4ndig Perlmutt, aus dem sich schlie\u00dflich eine Perle bilden kann.<\/p>\n<ul>\n<li>Gr\u00f6\u00dfe: 27&#215;28 cm  <\/li>\n<li>Farbe: Silber\/Wei\u00df-T\u00f6ne<\/li>\n<li>Material: Metall mit Perlmutt<\/li>\n<li>Garantie 1 Jahr<\/li>\n<\/ul>\n","protected":false},"excerpt":{"rendered":"<p>Sehr stimmungsvoller doppelter Teelichthalter mit einem Schmetterling aus Perlmutt.<\/p>\n","protected":false},"featured_media":77635,"template":"","meta":{"_acf_changed":false,"_genesis_title":"","_genesis_description":""},"product_brand":[7505],"product_cat":[665,659],"product_tag":[],"class_list":{"0":"post-77638","1":"product","2":"type-product","3":"status-publish","4":"has-post-thumbnail","6":"product_brand-sonstige","7":"product_cat-dekofiguren-aus-metall","8":"product_cat-dekoration-aus-metall","10":"first","11":"instock","12":"taxable","13":"shipping-taxable","14":"purchasable","15":"product-type-simple"},"acf":[],"meta_all":{"total_sales":"0","wcml_sync_hash":{"postmeta_fields":"206519106fcd1d011ea9f4e161dcb9de"},"attr_label_translations":[],"cor_restricted_countries":[]},"meta_all_flat":{"total_sales":"0","wcml_sync_hash.postmeta_fields":"206519106fcd1d011ea9f4e161dcb9de"},"yoast_head":"<!-- This site is optimized with the Yoast SEO Premium plugin v26.2 (Yoast SEO v27.2) - https:\/\/yoast.com\/product\/yoast-seo-premium-wordpress\/ -->\n<title>Teelichthalter Butterfly f\u00fcr 2 Teelichter mit Perlmutt 28cm<\/title>\n<meta name=\"description\" content=\"Metallfiguren? Sehen Sie sich unsere gro\u00dfe Kollektion in unserem Webshop an !!! Fast alles kann auch live betrachtet werden \u2705 Eigener Bestand \u2705 Sicher kaufen \u2705 Faire Preise\" \/>\n<meta name=\"robots\" content=\"index, follow, max-snippet:-1, max-image-preview:large, max-video-preview:-1\" \/>\n<link rel=\"canonical\" href=\"https:\/\/www.eliassen.nl\/de\/teelichthalter-butterfly-fur-2-teelichter-mit-perlmutt-28cm\/\" \/>\n<meta property=\"og:locale\" content=\"de_DE\" \/>\n<meta property=\"og:type\" content=\"article\" \/>\n<meta property=\"og:title\" content=\"Sonstige Teelichthalter Butterfly f\u00fcr 2 Teelichter mit Perlmutt 28cm - Eliassen.nl\" \/>\n<meta property=\"og:description\" content=\"Metallfiguren? Sehen Sie sich unsere gro\u00dfe Kollektion in unserem Webshop an !!! Fast alles kann auch live betrachtet werden \u2705 Eigener Bestand \u2705 Sicher kaufen \u2705 Faire Preise\" \/>\n<meta property=\"og:url\" content=\"https:\/\/www.eliassen.nl\/de\/teelichthalter-butterfly-fur-2-teelichter-mit-perlmutt-28cm\/\" \/>\n<meta property=\"og:site_name\" content=\"Eliassen.nl\" \/>\n<meta property=\"article:publisher\" content=\"https:\/\/www.facebook.com\/TuincentrumEliassenAmmerzoden\" \/>\n<meta property=\"article:modified_time\" content=\"2026-01-16T11:54:10+00:00\" \/>\n<meta property=\"og:image\" content=\"https:\/\/www.eliassen.nl\/wp-content\/uploads\/2024\/01\/mc641131200x1231.jpg\" \/>\n\t<meta property=\"og:image:width\" content=\"505\" \/>\n\t<meta property=\"og:image:height\" content=\"518\" \/>\n\t<meta property=\"og:image:type\" content=\"image\/jpeg\" \/>\n<meta name=\"twitter:card\" content=\"summary_large_image\" \/>\n<script type=\"application\/ld+json\" class=\"yoast-schema-graph\">{\"@context\":\"https:\/\/schema.org\",\"@graph\":[{\"@type\":\"WebPage\",\"@id\":\"https:\/\/www.eliassen.nl\/de\/teelichthalter-butterfly-fur-2-teelichter-mit-perlmutt-28cm\/\",\"url\":\"https:\/\/www.eliassen.nl\/de\/teelichthalter-butterfly-fur-2-teelichter-mit-perlmutt-28cm\/\",\"name\":\"Teelichthalter Butterfly f\u00fcr 2 Teelichter mit Perlmutt 28cm\",\"isPartOf\":{\"@id\":\"https:\/\/www.eliassen.nl\/de\/#website\"},\"primaryImageOfPage\":{\"@id\":\"https:\/\/www.eliassen.nl\/de\/teelichthalter-butterfly-fur-2-teelichter-mit-perlmutt-28cm\/#primaryimage\"},\"image\":{\"@id\":\"https:\/\/www.eliassen.nl\/de\/teelichthalter-butterfly-fur-2-teelichter-mit-perlmutt-28cm\/#primaryimage\"},\"thumbnailUrl\":\"https:\/\/www.eliassen.nl\/wp-content\/uploads\/2024\/01\/mc641131200x1231.jpg\",\"datePublished\":\"2022-11-14T11:30:33+00:00\",\"dateModified\":\"2026-01-16T11:54:10+00:00\",\"description\":\"Metallfiguren? Sehen Sie sich unsere gro\u00dfe Kollektion in unserem Webshop an !!! Fast alles kann auch live betrachtet werden \u2705 Eigener Bestand \u2705 Sicher kaufen \u2705 Faire Preise\",\"breadcrumb\":{\"@id\":\"https:\/\/www.eliassen.nl\/de\/teelichthalter-butterfly-fur-2-teelichter-mit-perlmutt-28cm\/#breadcrumb\"},\"inLanguage\":\"de\",\"potentialAction\":[{\"@type\":\"ReadAction\",\"target\":[\"https:\/\/www.eliassen.nl\/de\/teelichthalter-butterfly-fur-2-teelichter-mit-perlmutt-28cm\/\"]}]},{\"@type\":\"ImageObject\",\"inLanguage\":\"de\",\"@id\":\"https:\/\/www.eliassen.nl\/de\/teelichthalter-butterfly-fur-2-teelichter-mit-perlmutt-28cm\/#primaryimage\",\"url\":\"https:\/\/www.eliassen.nl\/wp-content\/uploads\/2024\/01\/mc641131200x1231.jpg\",\"contentUrl\":\"https:\/\/www.eliassen.nl\/wp-content\/uploads\/2024\/01\/mc641131200x1231.jpg\",\"width\":505,\"height\":518,\"caption\":\"MC-64113-1200x1231\"},{\"@type\":\"BreadcrumbList\",\"@id\":\"https:\/\/www.eliassen.nl\/de\/teelichthalter-butterfly-fur-2-teelichter-mit-perlmutt-28cm\/#breadcrumb\",\"itemListElement\":[{\"@type\":\"ListItem\",\"position\":1,\"name\":\"Home\",\"item\":\"https:\/\/www.eliassen.nl\/de\/\"},{\"@type\":\"ListItem\",\"position\":2,\"name\":\"Shop\",\"item\":\"https:\/\/www.eliassen.nl\/de\/shop\/\"},{\"@type\":\"ListItem\",\"position\":3,\"name\":\"Dekoration aus Metall\",\"item\":\"https:\/\/www.eliassen.nl\/de\/dekoration-aus-metall\/\"},{\"@type\":\"ListItem\",\"position\":4,\"name\":\"Dekofiguren aus Metall\",\"item\":\"https:\/\/www.eliassen.nl\/de\/dekoration-aus-metall\/dekofiguren-aus-metall\/\"},{\"@type\":\"ListItem\",\"position\":5,\"name\":\"Teelichthalter Butterfly f\u00fcr 2 Teelichter mit Perlmutt 28cm\"}]},{\"@type\":\"WebSite\",\"@id\":\"https:\/\/www.eliassen.nl\/de\/#website\",\"url\":\"https:\/\/www.eliassen.nl\/de\/\",\"name\":\"Eliassen Home & Garden Pleasure\",\"description\":\"\",\"publisher\":{\"@id\":\"https:\/\/www.eliassen.nl\/de\/#organization\"},\"alternateName\":\"Eliassen.nl\",\"potentialAction\":[{\"@type\":\"SearchAction\",\"target\":{\"@type\":\"EntryPoint\",\"urlTemplate\":\"https:\/\/www.eliassen.nl\/de\/?s={search_term_string}\"},\"query-input\":{\"@type\":\"PropertyValueSpecification\",\"valueRequired\":true,\"valueName\":\"search_term_string\"}}],\"inLanguage\":\"de\"},{\"@type\":[\"Organization\",\"Place\"],\"@id\":\"https:\/\/www.eliassen.nl\/de\/#organization\",\"name\":\"Eliassen Home & Garden Pleasure\",\"url\":\"https:\/\/www.eliassen.nl\/de\/\",\"logo\":{\"@id\":\"https:\/\/www.eliassen.nl\/de\/teelichthalter-butterfly-fur-2-teelichter-mit-perlmutt-28cm\/#local-main-organization-logo\"},\"image\":{\"@id\":\"https:\/\/www.eliassen.nl\/de\/teelichthalter-butterfly-fur-2-teelichter-mit-perlmutt-28cm\/#local-main-organization-logo\"},\"sameAs\":[\"https:\/\/www.facebook.com\/TuincentrumEliassenAmmerzoden\",\"https:\/\/www.instagram.com\/eliassenhomeandgarden\/\",\"https:\/\/nl.pinterest.com\/eliassenhomeandgarden\/\",\"https:\/\/www.youtube.com\/@eliassenhomegardenpleasure4558\"],\"telephone\":[],\"openingHoursSpecification\":[{\"@type\":\"OpeningHoursSpecification\",\"dayOfWeek\":[\"Monday\",\"Tuesday\",\"Wednesday\",\"Thursday\",\"Friday\",\"Saturday\",\"Sunday\"],\"opens\":\"09:00\",\"closes\":\"17:00\"}]},{\"@type\":\"ImageObject\",\"inLanguage\":\"de\",\"@id\":\"https:\/\/www.eliassen.nl\/de\/teelichthalter-butterfly-fur-2-teelichter-mit-perlmutt-28cm\/#local-main-organization-logo\",\"url\":\"https:\/\/www.eliassen.nl\/wp-content\/uploads\/2024\/01\/logo_4nd.jpg\",\"contentUrl\":\"https:\/\/www.eliassen.nl\/wp-content\/uploads\/2024\/01\/logo_4nd.jpg\",\"width\":500,\"height\":500,\"caption\":\"Eliassen Home & Garden Pleasure\"}]}<\/script>\n<meta property=\"product:price:amount\" content=\"39.50\" \/>\n<meta property=\"product:price:currency\" content=\"EUR\" \/>\n<meta property=\"og:availability\" content=\"instock\" \/>\n<meta property=\"product:availability\" content=\"instock\" \/>\n<meta property=\"product:retailer_item_id\" content=\"64113aktie\" \/>\n<meta property=\"product:condition\" content=\"new\" \/>\n<!-- \/ Yoast SEO Premium plugin. -->","yoast_head_json":{"title":"Teelichthalter Butterfly f\u00fcr 2 Teelichter mit Perlmutt 28cm","description":"Metallfiguren? Sehen Sie sich unsere gro\u00dfe Kollektion in unserem Webshop an !!! Fast alles kann auch live betrachtet werden \u2705 Eigener Bestand \u2705 Sicher kaufen \u2705 Faire Preise","robots":{"index":"index","follow":"follow","max-snippet":"max-snippet:-1","max-image-preview":"max-image-preview:large","max-video-preview":"max-video-preview:-1"},"canonical":"https:\/\/www.eliassen.nl\/de\/teelichthalter-butterfly-fur-2-teelichter-mit-perlmutt-28cm\/","og_locale":"de_DE","og_type":"article","og_title":"Sonstige Teelichthalter Butterfly f\u00fcr 2 Teelichter mit Perlmutt 28cm - Eliassen.nl","og_description":"Metallfiguren? Sehen Sie sich unsere gro\u00dfe Kollektion in unserem Webshop an !!! Fast alles kann auch live betrachtet werden \u2705 Eigener Bestand \u2705 Sicher kaufen \u2705 Faire Preise","og_url":"https:\/\/www.eliassen.nl\/de\/teelichthalter-butterfly-fur-2-teelichter-mit-perlmutt-28cm\/","og_site_name":"Eliassen.nl","article_publisher":"https:\/\/www.facebook.com\/TuincentrumEliassenAmmerzoden","article_modified_time":"2026-01-16T11:54:10+00:00","og_image":[{"width":505,"height":518,"url":"https:\/\/www.eliassen.nl\/wp-content\/uploads\/2024\/01\/mc641131200x1231.jpg","type":"image\/jpeg"}],"twitter_card":"summary_large_image","schema":{"@context":"https:\/\/schema.org","@graph":[{"@type":"WebPage","@id":"https:\/\/www.eliassen.nl\/de\/teelichthalter-butterfly-fur-2-teelichter-mit-perlmutt-28cm\/","url":"https:\/\/www.eliassen.nl\/de\/teelichthalter-butterfly-fur-2-teelichter-mit-perlmutt-28cm\/","name":"Teelichthalter Butterfly f\u00fcr 2 Teelichter mit Perlmutt 28cm","isPartOf":{"@id":"https:\/\/www.eliassen.nl\/de\/#website"},"primaryImageOfPage":{"@id":"https:\/\/www.eliassen.nl\/de\/teelichthalter-butterfly-fur-2-teelichter-mit-perlmutt-28cm\/#primaryimage"},"image":{"@id":"https:\/\/www.eliassen.nl\/de\/teelichthalter-butterfly-fur-2-teelichter-mit-perlmutt-28cm\/#primaryimage"},"thumbnailUrl":"https:\/\/www.eliassen.nl\/wp-content\/uploads\/2024\/01\/mc641131200x1231.jpg","datePublished":"2022-11-14T11:30:33+00:00","dateModified":"2026-01-16T11:54:10+00:00","description":"Metallfiguren? Sehen Sie sich unsere gro\u00dfe Kollektion in unserem Webshop an !!! Fast alles kann auch live betrachtet werden \u2705 Eigener Bestand \u2705 Sicher kaufen \u2705 Faire Preise","breadcrumb":{"@id":"https:\/\/www.eliassen.nl\/de\/teelichthalter-butterfly-fur-2-teelichter-mit-perlmutt-28cm\/#breadcrumb"},"inLanguage":"de","potentialAction":[{"@type":"ReadAction","target":["https:\/\/www.eliassen.nl\/de\/teelichthalter-butterfly-fur-2-teelichter-mit-perlmutt-28cm\/"]}]},{"@type":"ImageObject","inLanguage":"de","@id":"https:\/\/www.eliassen.nl\/de\/teelichthalter-butterfly-fur-2-teelichter-mit-perlmutt-28cm\/#primaryimage","url":"https:\/\/www.eliassen.nl\/wp-content\/uploads\/2024\/01\/mc641131200x1231.jpg","contentUrl":"https:\/\/www.eliassen.nl\/wp-content\/uploads\/2024\/01\/mc641131200x1231.jpg","width":505,"height":518,"caption":"MC-64113-1200x1231"},{"@type":"BreadcrumbList","@id":"https:\/\/www.eliassen.nl\/de\/teelichthalter-butterfly-fur-2-teelichter-mit-perlmutt-28cm\/#breadcrumb","itemListElement":[{"@type":"ListItem","position":1,"name":"Home","item":"https:\/\/www.eliassen.nl\/de\/"},{"@type":"ListItem","position":2,"name":"Shop","item":"https:\/\/www.eliassen.nl\/de\/shop\/"},{"@type":"ListItem","position":3,"name":"Dekoration aus Metall","item":"https:\/\/www.eliassen.nl\/de\/dekoration-aus-metall\/"},{"@type":"ListItem","position":4,"name":"Dekofiguren aus Metall","item":"https:\/\/www.eliassen.nl\/de\/dekoration-aus-metall\/dekofiguren-aus-metall\/"},{"@type":"ListItem","position":5,"name":"Teelichthalter Butterfly f\u00fcr 2 Teelichter mit Perlmutt 28cm"}]},{"@type":"WebSite","@id":"https:\/\/www.eliassen.nl\/de\/#website","url":"https:\/\/www.eliassen.nl\/de\/","name":"Eliassen Home & Garden Pleasure","description":"","publisher":{"@id":"https:\/\/www.eliassen.nl\/de\/#organization"},"alternateName":"Eliassen.nl","potentialAction":[{"@type":"SearchAction","target":{"@type":"EntryPoint","urlTemplate":"https:\/\/www.eliassen.nl\/de\/?s={search_term_string}"},"query-input":{"@type":"PropertyValueSpecification","valueRequired":true,"valueName":"search_term_string"}}],"inLanguage":"de"},{"@type":["Organization","Place"],"@id":"https:\/\/www.eliassen.nl\/de\/#organization","name":"Eliassen Home & Garden Pleasure","url":"https:\/\/www.eliassen.nl\/de\/","logo":{"@id":"https:\/\/www.eliassen.nl\/de\/teelichthalter-butterfly-fur-2-teelichter-mit-perlmutt-28cm\/#local-main-organization-logo"},"image":{"@id":"https:\/\/www.eliassen.nl\/de\/teelichthalter-butterfly-fur-2-teelichter-mit-perlmutt-28cm\/#local-main-organization-logo"},"sameAs":["https:\/\/www.facebook.com\/TuincentrumEliassenAmmerzoden","https:\/\/www.instagram.com\/eliassenhomeandgarden\/","https:\/\/nl.pinterest.com\/eliassenhomeandgarden\/","https:\/\/www.youtube.com\/@eliassenhomegardenpleasure4558"],"telephone":[],"openingHoursSpecification":[{"@type":"OpeningHoursSpecification","dayOfWeek":["Monday","Tuesday","Wednesday","Thursday","Friday","Saturday","Sunday"],"opens":"09:00","closes":"17:00"}]},{"@type":"ImageObject","inLanguage":"de","@id":"https:\/\/www.eliassen.nl\/de\/teelichthalter-butterfly-fur-2-teelichter-mit-perlmutt-28cm\/#local-main-organization-logo","url":"https:\/\/www.eliassen.nl\/wp-content\/uploads\/2024\/01\/logo_4nd.jpg","contentUrl":"https:\/\/www.eliassen.nl\/wp-content\/uploads\/2024\/01\/logo_4nd.jpg","width":500,"height":500,"caption":"Eliassen Home & Garden Pleasure"}]},"product_price_amount":"39.50","product_price_currency":"EUR","og_availability":"instock","product_availability":"instock","product_retailer_item_id":"64113aktie","product_condition":"new"},"df_price":39.5,"df_sale_price":"","df_regular_price":39.5,"df_image_link":"https:\/\/www.eliassen.nl\/wp-content\/uploads\/2024\/01\/mc641131200x1231.jpg","image":"https:\/\/www.eliassen.nl\/wp-content\/uploads\/2024\/01\/mc641131200x1231.jpg","price_search":"<span class=\"woocommerce-Price-amount amount\"><bdi><span class=\"woocommerce-Price-currencySymbol\">&euro;<\/span>&nbsp;39,50<\/bdi><\/span>","category":"Dekofiguren aus Metall","global_unique_id":"405228664113","_links":{"self":[{"href":"https:\/\/www.eliassen.nl\/de\/wp-json\/wp\/v2\/product\/77638","targetHints":{"allow":["GET"]}}],"collection":[{"href":"https:\/\/www.eliassen.nl\/de\/wp-json\/wp\/v2\/product"}],"about":[{"href":"https:\/\/www.eliassen.nl\/de\/wp-json\/wp\/v2\/types\/product"}],"wp:featuredmedia":[{"embeddable":true,"href":"https:\/\/www.eliassen.nl\/de\/wp-json\/wp\/v2\/media\/77635"}],"wp:attachment":[{"href":"https:\/\/www.eliassen.nl\/de\/wp-json\/wp\/v2\/media?parent=77638"}],"wp:term":[{"taxonomy":"product_brand","embeddable":true,"href":"https:\/\/www.eliassen.nl\/de\/wp-json\/wp\/v2\/product_brand?post=77638"},{"taxonomy":"product_cat","embeddable":true,"href":"https:\/\/www.eliassen.nl\/de\/wp-json\/wp\/v2\/product_cat?post=77638"},{"taxonomy":"product_tag","embeddable":true,"href":"https:\/\/www.eliassen.nl\/de\/wp-json\/wp\/v2\/product_tag?post=77638"}],"curies":[{"name":"wp","href":"https:\/\/api.w.org\/{rel}","templated":true}]}}