{"id":77578,"date":"2022-11-11T16:20:03","date_gmt":"2022-11-11T16:20:03","guid":{"rendered":"https:\/\/www.eliassen.nl\/?product=wanddecoratie-3d-hout-draaikolk-met-vissen-55cm-tu"},"modified":"2025-12-11T11:06:39","modified_gmt":"2025-12-11T10:06:39","slug":"wanddekoration-3d-holz-whirlpool-mit-fisch-55cm-turkis","status":"publish","type":"product","link":"https:\/\/www.eliassen.nl\/de\/wanddekoration-3d-holz-whirlpool-mit-fisch-55cm-turkis\/","title":{"rendered":"Wanddekoration 3d Holz Whirlpool mit Fisch 55cm blau"},"content":{"rendered":"<p>Diese wundersch\u00f6ne 3D-Wanddekoration mit tollem 3D-Effekt wird auch Sie gl\u00fccklich machen, nicht wahr?<\/p>\n<p>Dieses Modell hat einen Eisenrahmen, der mit 20 handgeschnitzten t\u00fcrkisfarbenen Holzfischen besetzt ist!<\/p>\n<p>Das Ganze ist etwa 15 cm tief, was einen tollen Tiefeneffekt erzeugt. Eine sch\u00f6ne Erg\u00e4nzung f\u00fcr Ihr Haus oder drau\u00dfen unter einer Veranda. Au\u00dferdem haben wir fast die gesamte Kollektion dieser Serie in unserem Gesch\u00e4ft, was in den Niederlanden einzigartig ist. Nirgendwo finden Sie eine so gro\u00dfe Sammlung. Sie sind herzlich willkommen.<\/p>\n<p>Dieser Artikel eignet sich auch hervorragend zum Verschenken!<\/p>\n<ul>\n<li>  Gr\u00f6\u00dfe: Durchmesser ca. 55 cm, Tiefe ca. 15 cm.<\/li>\n<li>  Material: Metall und Holz.<\/li>\n<li>  Farbe: Altt\u00fcrkis.<\/li>\n<li>  Einfach mit einer Schraube zu befestigen.<\/li>\n<li>  Schnelle Lieferung.<\/li>\n<li>  Die gr\u00f6\u00dfte Sammlung in den Benelux-L\u00e4ndern, die Sie auch live sehen k\u00f6nnen.<\/li>\n<li>1 Jahr Garantie.<\/li>\n<\/ul>\n","protected":false},"excerpt":{"rendered":"<p><strong>Verwendung im Freien unter Schutz nach Behandlung mit Klarlack m\u00f6glich.<\/strong><\/p>\n","protected":false},"featured_media":77572,"template":"","meta":{"_acf_changed":false,"_genesis_title":"","_genesis_description":""},"product_brand":[7505],"product_cat":[512,533,509,527],"product_tag":[],"class_list":{"0":"post-77578","1":"product","2":"type-product","3":"status-publish","4":"has-post-thumbnail","6":"product_brand-sonstige","7":"product_cat-3d-wanddekoration-ohne-rahmen","8":"product_cat-andere-wanddekorationen","9":"product_cat-wanddekoration","10":"product_cat-wandpaneele-aus-holz","12":"first","13":"instock","14":"taxable","15":"shipping-taxable","16":"purchasable","17":"product-type-simple"},"acf":[],"meta_all":{"total_sales":"4","wcml_sync_hash":{"postmeta_fields":"4763b22ea5bdd0f51b341631974d9c14"},"attr_label_translations":[],"cor_restricted_countries":[]},"meta_all_flat":{"total_sales":"4","wcml_sync_hash.postmeta_fields":"4763b22ea5bdd0f51b341631974d9c14"},"yoast_head":"<!-- This site is optimized with the Yoast SEO Premium plugin v26.2 (Yoast SEO v27.2) - https:\/\/yoast.com\/product\/yoast-seo-premium-wordpress\/ -->\n<title>3D Wanddekoration aus Holz Whirlpool mit Fischen | 55cm | T\u00fcrkis<\/title>\n<meta name=\"description\" content=\"Sch\u00f6ne 3D-Wanddekoration aus Holz mit einer Gruppe von Fischen in einem Strudel in der Farbe T\u00fcrkis. \u221a 1 Jahr Garantie \u221a LIVE-Ansicht in unserem Ausstellungsraum!\" \/>\n<meta name=\"robots\" content=\"index, follow, max-snippet:-1, max-image-preview:large, max-video-preview:-1\" \/>\n<link rel=\"canonical\" href=\"https:\/\/www.eliassen.nl\/de\/wanddekoration-3d-holz-whirlpool-mit-fisch-55cm-turkis\/\" \/>\n<meta property=\"og:locale\" content=\"de_DE\" \/>\n<meta property=\"og:type\" content=\"article\" \/>\n<meta property=\"og:title\" content=\"Sonstige Wanddekoration 3d Holz Whirlpool mit Fisch 55cm blau - Eliassen.nl\" \/>\n<meta property=\"og:description\" content=\"Sch\u00f6ne 3D-Wanddekoration aus Holz mit einer Gruppe von Fischen in einem Strudel in der Farbe T\u00fcrkis. \u221a 1 Jahr Garantie \u221a LIVE-Ansicht in unserem Ausstellungsraum!\" \/>\n<meta property=\"og:url\" content=\"https:\/\/www.eliassen.nl\/de\/wanddekoration-3d-holz-whirlpool-mit-fisch-55cm-turkis\/\" \/>\n<meta property=\"og:site_name\" content=\"Eliassen.nl\" \/>\n<meta property=\"article:publisher\" content=\"https:\/\/www.facebook.com\/TuincentrumEliassenAmmerzoden\" \/>\n<meta property=\"article:modified_time\" content=\"2025-12-11T10:06:39+00:00\" \/>\n<meta property=\"og:image\" content=\"https:\/\/www.eliassen.nl\/wp-content\/uploads\/2024\/01\/wanddecoratie3dhoutdraaikolkmetvissen55cmtu.jpg\" \/>\n\t<meta property=\"og:image:width\" content=\"2048\" \/>\n\t<meta property=\"og:image:height\" content=\"1917\" \/>\n\t<meta property=\"og:image:type\" content=\"image\/jpeg\" \/>\n<meta name=\"twitter:card\" content=\"summary_large_image\" \/>\n<script type=\"application\/ld+json\" class=\"yoast-schema-graph\">{\"@context\":\"https:\/\/schema.org\",\"@graph\":[{\"@type\":\"WebPage\",\"@id\":\"https:\/\/www.eliassen.nl\/de\/wanddekoration-3d-holz-whirlpool-mit-fisch-55cm-turkis\/\",\"url\":\"https:\/\/www.eliassen.nl\/de\/wanddekoration-3d-holz-whirlpool-mit-fisch-55cm-turkis\/\",\"name\":\"3D Wanddekoration aus Holz Whirlpool mit Fischen | 55cm | T\u00fcrkis\",\"isPartOf\":{\"@id\":\"https:\/\/www.eliassen.nl\/de\/#website\"},\"primaryImageOfPage\":{\"@id\":\"https:\/\/www.eliassen.nl\/de\/wanddekoration-3d-holz-whirlpool-mit-fisch-55cm-turkis\/#primaryimage\"},\"image\":{\"@id\":\"https:\/\/www.eliassen.nl\/de\/wanddekoration-3d-holz-whirlpool-mit-fisch-55cm-turkis\/#primaryimage\"},\"thumbnailUrl\":\"https:\/\/www.eliassen.nl\/wp-content\/uploads\/2024\/01\/wanddecoratie3dhoutdraaikolkmetvissen55cmtu.jpg\",\"datePublished\":\"2022-11-11T16:20:03+00:00\",\"dateModified\":\"2025-12-11T10:06:39+00:00\",\"description\":\"Sch\u00f6ne 3D-Wanddekoration aus Holz mit einer Gruppe von Fischen in einem Strudel in der Farbe T\u00fcrkis. \u221a 1 Jahr Garantie \u221a LIVE-Ansicht in unserem Ausstellungsraum!\",\"breadcrumb\":{\"@id\":\"https:\/\/www.eliassen.nl\/de\/wanddekoration-3d-holz-whirlpool-mit-fisch-55cm-turkis\/#breadcrumb\"},\"inLanguage\":\"de\",\"potentialAction\":[{\"@type\":\"ReadAction\",\"target\":[\"https:\/\/www.eliassen.nl\/de\/wanddekoration-3d-holz-whirlpool-mit-fisch-55cm-turkis\/\"]}]},{\"@type\":\"ImageObject\",\"inLanguage\":\"de\",\"@id\":\"https:\/\/www.eliassen.nl\/de\/wanddekoration-3d-holz-whirlpool-mit-fisch-55cm-turkis\/#primaryimage\",\"url\":\"https:\/\/www.eliassen.nl\/wp-content\/uploads\/2024\/01\/wanddecoratie3dhoutdraaikolkmetvissen55cmtu.jpg\",\"contentUrl\":\"https:\/\/www.eliassen.nl\/wp-content\/uploads\/2024\/01\/wanddecoratie3dhoutdraaikolkmetvissen55cmtu.jpg\",\"width\":2048,\"height\":1917,\"caption\":\"Wanddekoration 3d Holz Whirlpool mit Fisch 55cm t\u00fcrkis - Eliassen.nl\"},{\"@type\":\"BreadcrumbList\",\"@id\":\"https:\/\/www.eliassen.nl\/de\/wanddekoration-3d-holz-whirlpool-mit-fisch-55cm-turkis\/#breadcrumb\",\"itemListElement\":[{\"@type\":\"ListItem\",\"position\":1,\"name\":\"Home\",\"item\":\"https:\/\/www.eliassen.nl\/de\/\"},{\"@type\":\"ListItem\",\"position\":2,\"name\":\"Shop\",\"item\":\"https:\/\/www.eliassen.nl\/de\/shop\/\"},{\"@type\":\"ListItem\",\"position\":3,\"name\":\"Wanddekoration\",\"item\":\"https:\/\/www.eliassen.nl\/de\/wanddekoration\/\"},{\"@type\":\"ListItem\",\"position\":4,\"name\":\"3D-Wanddekoration ohne Rahmen\",\"item\":\"https:\/\/www.eliassen.nl\/de\/wanddekoration\/3d-wanddekoration-ohne-rahmen\/\"},{\"@type\":\"ListItem\",\"position\":5,\"name\":\"Wanddekoration 3d Holz Whirlpool mit Fisch 55cm blau\"}]},{\"@type\":\"WebSite\",\"@id\":\"https:\/\/www.eliassen.nl\/de\/#website\",\"url\":\"https:\/\/www.eliassen.nl\/de\/\",\"name\":\"Eliassen Home & Garden Pleasure\",\"description\":\"\",\"publisher\":{\"@id\":\"https:\/\/www.eliassen.nl\/de\/#organization\"},\"alternateName\":\"Eliassen.nl\",\"potentialAction\":[{\"@type\":\"SearchAction\",\"target\":{\"@type\":\"EntryPoint\",\"urlTemplate\":\"https:\/\/www.eliassen.nl\/de\/?s={search_term_string}\"},\"query-input\":{\"@type\":\"PropertyValueSpecification\",\"valueRequired\":true,\"valueName\":\"search_term_string\"}}],\"inLanguage\":\"de\"},{\"@type\":[\"Organization\",\"Place\"],\"@id\":\"https:\/\/www.eliassen.nl\/de\/#organization\",\"name\":\"Eliassen Home & Garden Pleasure\",\"url\":\"https:\/\/www.eliassen.nl\/de\/\",\"logo\":{\"@id\":\"https:\/\/www.eliassen.nl\/de\/wanddekoration-3d-holz-whirlpool-mit-fisch-55cm-turkis\/#local-main-organization-logo\"},\"image\":{\"@id\":\"https:\/\/www.eliassen.nl\/de\/wanddekoration-3d-holz-whirlpool-mit-fisch-55cm-turkis\/#local-main-organization-logo\"},\"sameAs\":[\"https:\/\/www.facebook.com\/TuincentrumEliassenAmmerzoden\",\"https:\/\/www.instagram.com\/eliassenhomeandgarden\/\",\"https:\/\/nl.pinterest.com\/eliassenhomeandgarden\/\",\"https:\/\/www.youtube.com\/@eliassenhomegardenpleasure4558\"],\"telephone\":[],\"openingHoursSpecification\":[{\"@type\":\"OpeningHoursSpecification\",\"dayOfWeek\":[\"Monday\",\"Tuesday\",\"Wednesday\",\"Thursday\",\"Friday\",\"Saturday\",\"Sunday\"],\"opens\":\"09:00\",\"closes\":\"17:00\"}]},{\"@type\":\"ImageObject\",\"inLanguage\":\"de\",\"@id\":\"https:\/\/www.eliassen.nl\/de\/wanddekoration-3d-holz-whirlpool-mit-fisch-55cm-turkis\/#local-main-organization-logo\",\"url\":\"https:\/\/www.eliassen.nl\/wp-content\/uploads\/2024\/01\/logo_4nd.jpg\",\"contentUrl\":\"https:\/\/www.eliassen.nl\/wp-content\/uploads\/2024\/01\/logo_4nd.jpg\",\"width\":500,\"height\":500,\"caption\":\"Eliassen Home & Garden Pleasure\"}]}<\/script>\n<meta property=\"product:price:amount\" content=\"79.00\" \/>\n<meta property=\"product:price:currency\" content=\"EUR\" \/>\n<meta property=\"og:availability\" content=\"instock\" \/>\n<meta property=\"product:availability\" content=\"instock\" \/>\n<meta property=\"product:retailer_item_id\" content=\"Dkkt\" \/>\n<meta property=\"product:condition\" content=\"new\" \/>\n<!-- \/ Yoast SEO Premium plugin. -->","yoast_head_json":{"title":"3D Wanddekoration aus Holz Whirlpool mit Fischen | 55cm | T\u00fcrkis","description":"Sch\u00f6ne 3D-Wanddekoration aus Holz mit einer Gruppe von Fischen in einem Strudel in der Farbe T\u00fcrkis. \u221a 1 Jahr Garantie \u221a LIVE-Ansicht in unserem Ausstellungsraum!","robots":{"index":"index","follow":"follow","max-snippet":"max-snippet:-1","max-image-preview":"max-image-preview:large","max-video-preview":"max-video-preview:-1"},"canonical":"https:\/\/www.eliassen.nl\/de\/wanddekoration-3d-holz-whirlpool-mit-fisch-55cm-turkis\/","og_locale":"de_DE","og_type":"article","og_title":"Sonstige Wanddekoration 3d Holz Whirlpool mit Fisch 55cm blau - Eliassen.nl","og_description":"Sch\u00f6ne 3D-Wanddekoration aus Holz mit einer Gruppe von Fischen in einem Strudel in der Farbe T\u00fcrkis. \u221a 1 Jahr Garantie \u221a LIVE-Ansicht in unserem Ausstellungsraum!","og_url":"https:\/\/www.eliassen.nl\/de\/wanddekoration-3d-holz-whirlpool-mit-fisch-55cm-turkis\/","og_site_name":"Eliassen.nl","article_publisher":"https:\/\/www.facebook.com\/TuincentrumEliassenAmmerzoden","article_modified_time":"2025-12-11T10:06:39+00:00","og_image":[{"width":2048,"height":1917,"url":"https:\/\/www.eliassen.nl\/wp-content\/uploads\/2024\/01\/wanddecoratie3dhoutdraaikolkmetvissen55cmtu.jpg","type":"image\/jpeg"}],"twitter_card":"summary_large_image","schema":{"@context":"https:\/\/schema.org","@graph":[{"@type":"WebPage","@id":"https:\/\/www.eliassen.nl\/de\/wanddekoration-3d-holz-whirlpool-mit-fisch-55cm-turkis\/","url":"https:\/\/www.eliassen.nl\/de\/wanddekoration-3d-holz-whirlpool-mit-fisch-55cm-turkis\/","name":"3D Wanddekoration aus Holz Whirlpool mit Fischen | 55cm | T\u00fcrkis","isPartOf":{"@id":"https:\/\/www.eliassen.nl\/de\/#website"},"primaryImageOfPage":{"@id":"https:\/\/www.eliassen.nl\/de\/wanddekoration-3d-holz-whirlpool-mit-fisch-55cm-turkis\/#primaryimage"},"image":{"@id":"https:\/\/www.eliassen.nl\/de\/wanddekoration-3d-holz-whirlpool-mit-fisch-55cm-turkis\/#primaryimage"},"thumbnailUrl":"https:\/\/www.eliassen.nl\/wp-content\/uploads\/2024\/01\/wanddecoratie3dhoutdraaikolkmetvissen55cmtu.jpg","datePublished":"2022-11-11T16:20:03+00:00","dateModified":"2025-12-11T10:06:39+00:00","description":"Sch\u00f6ne 3D-Wanddekoration aus Holz mit einer Gruppe von Fischen in einem Strudel in der Farbe T\u00fcrkis. \u221a 1 Jahr Garantie \u221a LIVE-Ansicht in unserem Ausstellungsraum!","breadcrumb":{"@id":"https:\/\/www.eliassen.nl\/de\/wanddekoration-3d-holz-whirlpool-mit-fisch-55cm-turkis\/#breadcrumb"},"inLanguage":"de","potentialAction":[{"@type":"ReadAction","target":["https:\/\/www.eliassen.nl\/de\/wanddekoration-3d-holz-whirlpool-mit-fisch-55cm-turkis\/"]}]},{"@type":"ImageObject","inLanguage":"de","@id":"https:\/\/www.eliassen.nl\/de\/wanddekoration-3d-holz-whirlpool-mit-fisch-55cm-turkis\/#primaryimage","url":"https:\/\/www.eliassen.nl\/wp-content\/uploads\/2024\/01\/wanddecoratie3dhoutdraaikolkmetvissen55cmtu.jpg","contentUrl":"https:\/\/www.eliassen.nl\/wp-content\/uploads\/2024\/01\/wanddecoratie3dhoutdraaikolkmetvissen55cmtu.jpg","width":2048,"height":1917,"caption":"Wanddekoration 3d Holz Whirlpool mit Fisch 55cm t\u00fcrkis - Eliassen.nl"},{"@type":"BreadcrumbList","@id":"https:\/\/www.eliassen.nl\/de\/wanddekoration-3d-holz-whirlpool-mit-fisch-55cm-turkis\/#breadcrumb","itemListElement":[{"@type":"ListItem","position":1,"name":"Home","item":"https:\/\/www.eliassen.nl\/de\/"},{"@type":"ListItem","position":2,"name":"Shop","item":"https:\/\/www.eliassen.nl\/de\/shop\/"},{"@type":"ListItem","position":3,"name":"Wanddekoration","item":"https:\/\/www.eliassen.nl\/de\/wanddekoration\/"},{"@type":"ListItem","position":4,"name":"3D-Wanddekoration ohne Rahmen","item":"https:\/\/www.eliassen.nl\/de\/wanddekoration\/3d-wanddekoration-ohne-rahmen\/"},{"@type":"ListItem","position":5,"name":"Wanddekoration 3d Holz Whirlpool mit Fisch 55cm blau"}]},{"@type":"WebSite","@id":"https:\/\/www.eliassen.nl\/de\/#website","url":"https:\/\/www.eliassen.nl\/de\/","name":"Eliassen Home & Garden Pleasure","description":"","publisher":{"@id":"https:\/\/www.eliassen.nl\/de\/#organization"},"alternateName":"Eliassen.nl","potentialAction":[{"@type":"SearchAction","target":{"@type":"EntryPoint","urlTemplate":"https:\/\/www.eliassen.nl\/de\/?s={search_term_string}"},"query-input":{"@type":"PropertyValueSpecification","valueRequired":true,"valueName":"search_term_string"}}],"inLanguage":"de"},{"@type":["Organization","Place"],"@id":"https:\/\/www.eliassen.nl\/de\/#organization","name":"Eliassen Home & Garden Pleasure","url":"https:\/\/www.eliassen.nl\/de\/","logo":{"@id":"https:\/\/www.eliassen.nl\/de\/wanddekoration-3d-holz-whirlpool-mit-fisch-55cm-turkis\/#local-main-organization-logo"},"image":{"@id":"https:\/\/www.eliassen.nl\/de\/wanddekoration-3d-holz-whirlpool-mit-fisch-55cm-turkis\/#local-main-organization-logo"},"sameAs":["https:\/\/www.facebook.com\/TuincentrumEliassenAmmerzoden","https:\/\/www.instagram.com\/eliassenhomeandgarden\/","https:\/\/nl.pinterest.com\/eliassenhomeandgarden\/","https:\/\/www.youtube.com\/@eliassenhomegardenpleasure4558"],"telephone":[],"openingHoursSpecification":[{"@type":"OpeningHoursSpecification","dayOfWeek":["Monday","Tuesday","Wednesday","Thursday","Friday","Saturday","Sunday"],"opens":"09:00","closes":"17:00"}]},{"@type":"ImageObject","inLanguage":"de","@id":"https:\/\/www.eliassen.nl\/de\/wanddekoration-3d-holz-whirlpool-mit-fisch-55cm-turkis\/#local-main-organization-logo","url":"https:\/\/www.eliassen.nl\/wp-content\/uploads\/2024\/01\/logo_4nd.jpg","contentUrl":"https:\/\/www.eliassen.nl\/wp-content\/uploads\/2024\/01\/logo_4nd.jpg","width":500,"height":500,"caption":"Eliassen Home & Garden Pleasure"}]},"product_price_amount":"79.00","product_price_currency":"EUR","og_availability":"instock","product_availability":"instock","product_retailer_item_id":"Dkkt","product_condition":"new"},"df_price":79,"df_sale_price":"","df_regular_price":79,"df_image_link":"https:\/\/www.eliassen.nl\/wp-content\/uploads\/2024\/01\/wanddecoratie3dhoutdraaikolkmetvissen55cmtu.jpg","image":"https:\/\/www.eliassen.nl\/wp-content\/uploads\/2024\/01\/wanddecoratie3dhoutdraaikolkmetvissen55cmtu.jpg","price_search":"<span class=\"woocommerce-Price-amount amount\"><bdi><span class=\"woocommerce-Price-currencySymbol\">&euro;<\/span>&nbsp;79,00<\/bdi><\/span>","category":"3D-Wanddekoration ohne Rahmen","global_unique_id":"6096533327381","_links":{"self":[{"href":"https:\/\/www.eliassen.nl\/de\/wp-json\/wp\/v2\/product\/77578","targetHints":{"allow":["GET"]}}],"collection":[{"href":"https:\/\/www.eliassen.nl\/de\/wp-json\/wp\/v2\/product"}],"about":[{"href":"https:\/\/www.eliassen.nl\/de\/wp-json\/wp\/v2\/types\/product"}],"wp:featuredmedia":[{"embeddable":true,"href":"https:\/\/www.eliassen.nl\/de\/wp-json\/wp\/v2\/media\/77572"}],"wp:attachment":[{"href":"https:\/\/www.eliassen.nl\/de\/wp-json\/wp\/v2\/media?parent=77578"}],"wp:term":[{"taxonomy":"product_brand","embeddable":true,"href":"https:\/\/www.eliassen.nl\/de\/wp-json\/wp\/v2\/product_brand?post=77578"},{"taxonomy":"product_cat","embeddable":true,"href":"https:\/\/www.eliassen.nl\/de\/wp-json\/wp\/v2\/product_cat?post=77578"},{"taxonomy":"product_tag","embeddable":true,"href":"https:\/\/www.eliassen.nl\/de\/wp-json\/wp\/v2\/product_tag?post=77578"}],"curies":[{"name":"wp","href":"https:\/\/api.w.org\/{rel}","templated":true}]}}