{"id":77212,"date":"2022-10-31T13:42:25","date_gmt":"2022-10-31T13:42:25","guid":{"rendered":"https:\/\/www.eliassen.nl\/?product=vaas-glas-schelpen-38cm"},"modified":"2026-03-02T14:16:56","modified_gmt":"2026-03-02T13:16:56","slug":"vase-glas-muscheloptik-38cm","status":"publish","type":"product","link":"https:\/\/www.eliassen.nl\/de\/vase-glas-muscheloptik-38cm\/","title":{"rendered":"Vase Glas Muscheloptik 38cm"},"content":{"rendered":"<p>Dieses wundersch\u00f6ne, handgefertigte Glasobjekt in Form einer sehr farbenfrohen Vase mit Fantasiemuscheln ist ein herrliches Dekorationsst\u00fcck f\u00fcr Ihr Zuhause oder B\u00fcro, aber nat\u00fcrlich auch ein sch\u00f6nes Geschenk. Die Qualit\u00e4t ist bei dieser Vase in Ordnung. Tats\u00e4chlich wurde es von handwerklichen Glasbl\u00e4sern hergestellt. Es ist jedes Mal ein Wunder, wie diese Handwerker einen Haufen Glas in eine andere sch\u00f6ne Skulptur verwandeln.<\/p>\n<p>Da diese Glasdekoration handgefertigt ist, ist jedes St\u00fcck dieser Serie einzigartig in Form und Farbe. Daher kann Ihre Glasdekoration von der Abbildung abweichen.<\/p>\n<ul>\n<li>Gr\u00f6\u00dfe: 31 x 38 cm. hoch<\/li>\n<li>Farbe: viele Farben<\/li>\n<li>Material: Glas<\/li>\n<li>Garantie 1 Jahr<\/li>\n<li>Schnelle Lieferung aus unserem eigenen Lager<\/li>\n<\/ul>\n","protected":false},"excerpt":{"rendered":"<p>Einzigartige mundgeblasene Fantasievase mit den Ma\u00dfen 31x38cm hoch.<\/p>\n","protected":false},"featured_media":77209,"template":"","meta":{"_acf_changed":false,"_genesis_title":"","_genesis_description":""},"product_brand":[7505],"product_cat":[812,800],"product_tag":[],"class_list":{"0":"post-77212","1":"product","2":"type-product","3":"status-publish","4":"has-post-thumbnail","6":"product_brand-sonstige","7":"product_cat-farbige-glasvasen","8":"product_cat-glaskunst","10":"first","11":"instock","12":"taxable","13":"shipping-taxable","14":"purchasable","15":"product-type-simple"},"acf":[],"meta_all":{"total_sales":"0","wcml_sync_hash":{"postmeta_fields":"65d17dba8758f64ecbdf48748ffc0e76"},"attr_label_translations":[],"cor_restricted_countries":[]},"meta_all_flat":{"total_sales":"0","wcml_sync_hash.postmeta_fields":"65d17dba8758f64ecbdf48748ffc0e76"},"yoast_head":"<!-- This site is optimized with the Yoast SEO Premium plugin v26.2 (Yoast SEO v27.2) - https:\/\/yoast.com\/product\/yoast-seo-premium-wordpress\/ -->\n<title>Vase Glas Muscheln 38cm<\/title>\n<meta name=\"description\" content=\"Glasobjekte? \u2705 Massives Crackle-Glas \u2705 Sehr gro\u00dfe Kollektion auf Lager \u2705 Handgefertigt \u2705 Auch live zu sehen \u2705 Vertrauensvoll kaufen\" \/>\n<meta name=\"robots\" content=\"index, follow, max-snippet:-1, max-image-preview:large, max-video-preview:-1\" \/>\n<link rel=\"canonical\" href=\"https:\/\/www.eliassen.nl\/de\/vase-glas-muscheloptik-38cm\/\" \/>\n<meta property=\"og:locale\" content=\"de_DE\" \/>\n<meta property=\"og:type\" content=\"article\" \/>\n<meta property=\"og:title\" content=\"Sonstige Vase Glas Muscheloptik 38cm - Eliassen.nl\" \/>\n<meta property=\"og:description\" content=\"Glasobjekte? \u2705 Massives Crackle-Glas \u2705 Sehr gro\u00dfe Kollektion auf Lager \u2705 Handgefertigt \u2705 Auch live zu sehen \u2705 Vertrauensvoll kaufen\" \/>\n<meta property=\"og:url\" content=\"https:\/\/www.eliassen.nl\/de\/vase-glas-muscheloptik-38cm\/\" \/>\n<meta property=\"og:site_name\" content=\"Eliassen.nl\" \/>\n<meta property=\"article:publisher\" content=\"https:\/\/www.facebook.com\/TuincentrumEliassenAmmerzoden\" \/>\n<meta property=\"article:modified_time\" content=\"2026-03-02T13:16:56+00:00\" \/>\n<meta property=\"og:image\" content=\"https:\/\/www.eliassen.nl\/wp-content\/uploads\/2024\/01\/mijnproject_238nd.png\" \/>\n\t<meta property=\"og:image:width\" content=\"750\" \/>\n\t<meta property=\"og:image:height\" content=\"1000\" \/>\n\t<meta property=\"og:image:type\" content=\"image\/png\" \/>\n<meta name=\"twitter:card\" content=\"summary_large_image\" \/>\n<script type=\"application\/ld+json\" class=\"yoast-schema-graph\">{\"@context\":\"https:\/\/schema.org\",\"@graph\":[{\"@type\":\"WebPage\",\"@id\":\"https:\/\/www.eliassen.nl\/de\/vase-glas-muscheloptik-38cm\/\",\"url\":\"https:\/\/www.eliassen.nl\/de\/vase-glas-muscheloptik-38cm\/\",\"name\":\"Vase Glas Muscheln 38cm\",\"isPartOf\":{\"@id\":\"https:\/\/www.eliassen.nl\/de\/#website\"},\"primaryImageOfPage\":{\"@id\":\"https:\/\/www.eliassen.nl\/de\/vase-glas-muscheloptik-38cm\/#primaryimage\"},\"image\":{\"@id\":\"https:\/\/www.eliassen.nl\/de\/vase-glas-muscheloptik-38cm\/#primaryimage\"},\"thumbnailUrl\":\"https:\/\/www.eliassen.nl\/wp-content\/uploads\/2024\/01\/mijnproject_238nd.png\",\"datePublished\":\"2022-10-31T13:42:25+00:00\",\"dateModified\":\"2026-03-02T13:16:56+00:00\",\"description\":\"Glasobjekte? \u2705 Massives Crackle-Glas \u2705 Sehr gro\u00dfe Kollektion auf Lager \u2705 Handgefertigt \u2705 Auch live zu sehen \u2705 Vertrauensvoll kaufen\",\"breadcrumb\":{\"@id\":\"https:\/\/www.eliassen.nl\/de\/vase-glas-muscheloptik-38cm\/#breadcrumb\"},\"inLanguage\":\"de\",\"potentialAction\":[{\"@type\":\"ReadAction\",\"target\":[\"https:\/\/www.eliassen.nl\/de\/vase-glas-muscheloptik-38cm\/\"]}]},{\"@type\":\"ImageObject\",\"inLanguage\":\"de\",\"@id\":\"https:\/\/www.eliassen.nl\/de\/vase-glas-muscheloptik-38cm\/#primaryimage\",\"url\":\"https:\/\/www.eliassen.nl\/wp-content\/uploads\/2024\/01\/mijnproject_238nd.png\",\"contentUrl\":\"https:\/\/www.eliassen.nl\/wp-content\/uploads\/2024\/01\/mijnproject_238nd.png\",\"width\":750,\"height\":1000,\"caption\":\"Mein Projekt\"},{\"@type\":\"BreadcrumbList\",\"@id\":\"https:\/\/www.eliassen.nl\/de\/vase-glas-muscheloptik-38cm\/#breadcrumb\",\"itemListElement\":[{\"@type\":\"ListItem\",\"position\":1,\"name\":\"Home\",\"item\":\"https:\/\/www.eliassen.nl\/de\/\"},{\"@type\":\"ListItem\",\"position\":2,\"name\":\"Shop\",\"item\":\"https:\/\/www.eliassen.nl\/de\/shop\/\"},{\"@type\":\"ListItem\",\"position\":3,\"name\":\"Glaskunst\",\"item\":\"https:\/\/www.eliassen.nl\/de\/glaskunst\/\"},{\"@type\":\"ListItem\",\"position\":4,\"name\":\"Farbige Glasvasen\",\"item\":\"https:\/\/www.eliassen.nl\/de\/glaskunst\/farbige-glasvasen\/\"},{\"@type\":\"ListItem\",\"position\":5,\"name\":\"Vase Glas Muscheloptik 38cm\"}]},{\"@type\":\"WebSite\",\"@id\":\"https:\/\/www.eliassen.nl\/de\/#website\",\"url\":\"https:\/\/www.eliassen.nl\/de\/\",\"name\":\"Eliassen Home & Garden Pleasure\",\"description\":\"\",\"publisher\":{\"@id\":\"https:\/\/www.eliassen.nl\/de\/#organization\"},\"alternateName\":\"Eliassen.nl\",\"potentialAction\":[{\"@type\":\"SearchAction\",\"target\":{\"@type\":\"EntryPoint\",\"urlTemplate\":\"https:\/\/www.eliassen.nl\/de\/?s={search_term_string}\"},\"query-input\":{\"@type\":\"PropertyValueSpecification\",\"valueRequired\":true,\"valueName\":\"search_term_string\"}}],\"inLanguage\":\"de\"},{\"@type\":[\"Organization\",\"Place\"],\"@id\":\"https:\/\/www.eliassen.nl\/de\/#organization\",\"name\":\"Eliassen Home & Garden Pleasure\",\"url\":\"https:\/\/www.eliassen.nl\/de\/\",\"logo\":{\"@id\":\"https:\/\/www.eliassen.nl\/de\/vase-glas-muscheloptik-38cm\/#local-main-organization-logo\"},\"image\":{\"@id\":\"https:\/\/www.eliassen.nl\/de\/vase-glas-muscheloptik-38cm\/#local-main-organization-logo\"},\"sameAs\":[\"https:\/\/www.facebook.com\/TuincentrumEliassenAmmerzoden\",\"https:\/\/www.instagram.com\/eliassenhomeandgarden\/\",\"https:\/\/nl.pinterest.com\/eliassenhomeandgarden\/\",\"https:\/\/www.youtube.com\/@eliassenhomegardenpleasure4558\"],\"telephone\":[],\"openingHoursSpecification\":[{\"@type\":\"OpeningHoursSpecification\",\"dayOfWeek\":[\"Monday\",\"Tuesday\",\"Wednesday\",\"Thursday\",\"Friday\",\"Saturday\",\"Sunday\"],\"opens\":\"09:00\",\"closes\":\"17:00\"}]},{\"@type\":\"ImageObject\",\"inLanguage\":\"de\",\"@id\":\"https:\/\/www.eliassen.nl\/de\/vase-glas-muscheloptik-38cm\/#local-main-organization-logo\",\"url\":\"https:\/\/www.eliassen.nl\/wp-content\/uploads\/2024\/01\/logo_4nd.jpg\",\"contentUrl\":\"https:\/\/www.eliassen.nl\/wp-content\/uploads\/2024\/01\/logo_4nd.jpg\",\"width\":500,\"height\":500,\"caption\":\"Eliassen Home & Garden Pleasure\"}]}<\/script>\n<meta property=\"product:price:amount\" content=\"149.00\" \/>\n<meta property=\"product:price:currency\" content=\"EUR\" \/>\n<meta property=\"og:availability\" content=\"instock\" \/>\n<meta property=\"product:availability\" content=\"instock\" \/>\n<meta property=\"product:retailer_item_id\" content=\"Gl1315\" \/>\n<meta property=\"product:condition\" content=\"new\" \/>\n<!-- \/ Yoast SEO Premium plugin. -->","yoast_head_json":{"title":"Vase Glas Muscheln 38cm","description":"Glasobjekte? \u2705 Massives Crackle-Glas \u2705 Sehr gro\u00dfe Kollektion auf Lager \u2705 Handgefertigt \u2705 Auch live zu sehen \u2705 Vertrauensvoll kaufen","robots":{"index":"index","follow":"follow","max-snippet":"max-snippet:-1","max-image-preview":"max-image-preview:large","max-video-preview":"max-video-preview:-1"},"canonical":"https:\/\/www.eliassen.nl\/de\/vase-glas-muscheloptik-38cm\/","og_locale":"de_DE","og_type":"article","og_title":"Sonstige Vase Glas Muscheloptik 38cm - Eliassen.nl","og_description":"Glasobjekte? \u2705 Massives Crackle-Glas \u2705 Sehr gro\u00dfe Kollektion auf Lager \u2705 Handgefertigt \u2705 Auch live zu sehen \u2705 Vertrauensvoll kaufen","og_url":"https:\/\/www.eliassen.nl\/de\/vase-glas-muscheloptik-38cm\/","og_site_name":"Eliassen.nl","article_publisher":"https:\/\/www.facebook.com\/TuincentrumEliassenAmmerzoden","article_modified_time":"2026-03-02T13:16:56+00:00","og_image":[{"width":750,"height":1000,"url":"https:\/\/www.eliassen.nl\/wp-content\/uploads\/2024\/01\/mijnproject_238nd.png","type":"image\/png"}],"twitter_card":"summary_large_image","schema":{"@context":"https:\/\/schema.org","@graph":[{"@type":"WebPage","@id":"https:\/\/www.eliassen.nl\/de\/vase-glas-muscheloptik-38cm\/","url":"https:\/\/www.eliassen.nl\/de\/vase-glas-muscheloptik-38cm\/","name":"Vase Glas Muscheln 38cm","isPartOf":{"@id":"https:\/\/www.eliassen.nl\/de\/#website"},"primaryImageOfPage":{"@id":"https:\/\/www.eliassen.nl\/de\/vase-glas-muscheloptik-38cm\/#primaryimage"},"image":{"@id":"https:\/\/www.eliassen.nl\/de\/vase-glas-muscheloptik-38cm\/#primaryimage"},"thumbnailUrl":"https:\/\/www.eliassen.nl\/wp-content\/uploads\/2024\/01\/mijnproject_238nd.png","datePublished":"2022-10-31T13:42:25+00:00","dateModified":"2026-03-02T13:16:56+00:00","description":"Glasobjekte? \u2705 Massives Crackle-Glas \u2705 Sehr gro\u00dfe Kollektion auf Lager \u2705 Handgefertigt \u2705 Auch live zu sehen \u2705 Vertrauensvoll kaufen","breadcrumb":{"@id":"https:\/\/www.eliassen.nl\/de\/vase-glas-muscheloptik-38cm\/#breadcrumb"},"inLanguage":"de","potentialAction":[{"@type":"ReadAction","target":["https:\/\/www.eliassen.nl\/de\/vase-glas-muscheloptik-38cm\/"]}]},{"@type":"ImageObject","inLanguage":"de","@id":"https:\/\/www.eliassen.nl\/de\/vase-glas-muscheloptik-38cm\/#primaryimage","url":"https:\/\/www.eliassen.nl\/wp-content\/uploads\/2024\/01\/mijnproject_238nd.png","contentUrl":"https:\/\/www.eliassen.nl\/wp-content\/uploads\/2024\/01\/mijnproject_238nd.png","width":750,"height":1000,"caption":"Mein Projekt"},{"@type":"BreadcrumbList","@id":"https:\/\/www.eliassen.nl\/de\/vase-glas-muscheloptik-38cm\/#breadcrumb","itemListElement":[{"@type":"ListItem","position":1,"name":"Home","item":"https:\/\/www.eliassen.nl\/de\/"},{"@type":"ListItem","position":2,"name":"Shop","item":"https:\/\/www.eliassen.nl\/de\/shop\/"},{"@type":"ListItem","position":3,"name":"Glaskunst","item":"https:\/\/www.eliassen.nl\/de\/glaskunst\/"},{"@type":"ListItem","position":4,"name":"Farbige Glasvasen","item":"https:\/\/www.eliassen.nl\/de\/glaskunst\/farbige-glasvasen\/"},{"@type":"ListItem","position":5,"name":"Vase Glas Muscheloptik 38cm"}]},{"@type":"WebSite","@id":"https:\/\/www.eliassen.nl\/de\/#website","url":"https:\/\/www.eliassen.nl\/de\/","name":"Eliassen Home & Garden Pleasure","description":"","publisher":{"@id":"https:\/\/www.eliassen.nl\/de\/#organization"},"alternateName":"Eliassen.nl","potentialAction":[{"@type":"SearchAction","target":{"@type":"EntryPoint","urlTemplate":"https:\/\/www.eliassen.nl\/de\/?s={search_term_string}"},"query-input":{"@type":"PropertyValueSpecification","valueRequired":true,"valueName":"search_term_string"}}],"inLanguage":"de"},{"@type":["Organization","Place"],"@id":"https:\/\/www.eliassen.nl\/de\/#organization","name":"Eliassen Home & Garden Pleasure","url":"https:\/\/www.eliassen.nl\/de\/","logo":{"@id":"https:\/\/www.eliassen.nl\/de\/vase-glas-muscheloptik-38cm\/#local-main-organization-logo"},"image":{"@id":"https:\/\/www.eliassen.nl\/de\/vase-glas-muscheloptik-38cm\/#local-main-organization-logo"},"sameAs":["https:\/\/www.facebook.com\/TuincentrumEliassenAmmerzoden","https:\/\/www.instagram.com\/eliassenhomeandgarden\/","https:\/\/nl.pinterest.com\/eliassenhomeandgarden\/","https:\/\/www.youtube.com\/@eliassenhomegardenpleasure4558"],"telephone":[],"openingHoursSpecification":[{"@type":"OpeningHoursSpecification","dayOfWeek":["Monday","Tuesday","Wednesday","Thursday","Friday","Saturday","Sunday"],"opens":"09:00","closes":"17:00"}]},{"@type":"ImageObject","inLanguage":"de","@id":"https:\/\/www.eliassen.nl\/de\/vase-glas-muscheloptik-38cm\/#local-main-organization-logo","url":"https:\/\/www.eliassen.nl\/wp-content\/uploads\/2024\/01\/logo_4nd.jpg","contentUrl":"https:\/\/www.eliassen.nl\/wp-content\/uploads\/2024\/01\/logo_4nd.jpg","width":500,"height":500,"caption":"Eliassen Home & Garden Pleasure"}]},"product_price_amount":"149.00","product_price_currency":"EUR","og_availability":"instock","product_availability":"instock","product_retailer_item_id":"Gl1315","product_condition":"new"},"df_price":149,"df_sale_price":"","df_regular_price":149,"df_image_link":"https:\/\/www.eliassen.nl\/wp-content\/uploads\/2024\/01\/mijnproject_238nd.png","image":"https:\/\/www.eliassen.nl\/wp-content\/uploads\/2024\/01\/mijnproject_238nd.png","price_search":"<span class=\"woocommerce-Price-amount amount\"><bdi><span class=\"woocommerce-Price-currencySymbol\">&euro;<\/span>&nbsp;149,00<\/bdi><\/span>","category":"Farbige Glasvasen","global_unique_id":"6096523451447","_links":{"self":[{"href":"https:\/\/www.eliassen.nl\/de\/wp-json\/wp\/v2\/product\/77212","targetHints":{"allow":["GET"]}}],"collection":[{"href":"https:\/\/www.eliassen.nl\/de\/wp-json\/wp\/v2\/product"}],"about":[{"href":"https:\/\/www.eliassen.nl\/de\/wp-json\/wp\/v2\/types\/product"}],"wp:featuredmedia":[{"embeddable":true,"href":"https:\/\/www.eliassen.nl\/de\/wp-json\/wp\/v2\/media\/77209"}],"wp:attachment":[{"href":"https:\/\/www.eliassen.nl\/de\/wp-json\/wp\/v2\/media?parent=77212"}],"wp:term":[{"taxonomy":"product_brand","embeddable":true,"href":"https:\/\/www.eliassen.nl\/de\/wp-json\/wp\/v2\/product_brand?post=77212"},{"taxonomy":"product_cat","embeddable":true,"href":"https:\/\/www.eliassen.nl\/de\/wp-json\/wp\/v2\/product_cat?post=77212"},{"taxonomy":"product_tag","embeddable":true,"href":"https:\/\/www.eliassen.nl\/de\/wp-json\/wp\/v2\/product_tag?post=77212"}],"curies":[{"name":"wp","href":"https:\/\/api.w.org\/{rel}","templated":true}]}}