{"id":77065,"date":"2022-10-27T11:37:01","date_gmt":"2022-10-27T11:37:01","guid":{"rendered":"https:\/\/www.eliassen.nl\/?product=beeld-liefdesringen-speksteen-13cm"},"modified":"2026-04-16T13:34:01","modified_gmt":"2026-04-16T11:34:01","slug":"bild-liebesknoten-speckstein-13cm","status":"publish","type":"product","link":"https:\/\/www.eliassen.nl\/de\/bild-liebesknoten-speckstein-13cm\/","title":{"rendered":"Statue Liebesknoten Speckstein 15cm"},"content":{"rendered":"<p>G\u00f6nnen Sie sich oder jemand anderem eine handgefertigte Skulptur aus Speckstein oder Serpentin. Diese Figuren werden mit gr\u00f6\u00dfter Sorgfalt aus 1 St\u00fcck Stein handgefertigt. St\u00fcck f\u00fcr St\u00fcck wundersch\u00f6ne Kunstwerke aus Afrika, vor allem aus Simbabwe.<\/p>\n<p>Serpentin oder Speckstein, aus dem diese Skulpturen hergestellt werden, sind weiche Gesteinsarten, die in verschiedenen Farben haupts\u00e4chlich in Zentralafrika gefunden werden. Wundersch\u00f6n gl\u00e4nzend, in verschiedenen Farben, aber meist dunkelgrau.<\/p>\n<p>Diese Steinbrocken werden \u00fcber viele Stunden mit verschiedenen Werkzeugen bearbeitet, dann geschliffen und poliert, bis sie die richtige Gr\u00f6\u00dfe, Form und den richtigen Glanz haben.<\/p>\n<p>Diese Modellstatue, die einen symbolischen Liebesknoten darstellt, kann in Farbe und Form vom Foto abweichen, da es sich um ein handgefertigtes und nat\u00fcrliches Material handelt.<\/p>\n<ul>\n<li>Gr\u00f6\u00dfe ca. 15cm hoch<\/li>\n<li>Jede Figur einzigartig in Form und Farbe<\/li>\n<li>Auch in unserem Gesch\u00e4ft ausgestellt<\/li>\n<\/ul>\n","protected":false},"excerpt":{"rendered":"<p>G\u00f6nnen Sie sich oder jemand anderem eine handgefertigte Skulptur aus Speckstein oder Serpentin. Diese Figuren werden mit gr\u00f6\u00dfter Sorgfalt aus 1 St\u00fcck Stein handgefertigt. St\u00fcck f\u00fcr St\u00fcck wundersch\u00f6ne Kunstwerke aus Afrika, vor allem aus Simbabwe. Serpentin oder Speckstein, aus dem diese Skulpturen hergestellt werden, sind weiche Gesteinsarten, die in verschiedenen Farben haupts\u00e4chlich in Zentralafrika gefunden &hellip;<\/p>\n","protected":false},"featured_media":201779,"template":"","meta":{"_acf_changed":false,"_genesis_title":"","_genesis_description":""},"product_brand":[7505],"product_cat":[1364,1382,7239],"product_tag":[],"class_list":{"0":"post-77065","1":"product","2":"type-product","3":"status-publish","4":"has-post-thumbnail","6":"product_brand-sonstige","7":"product_cat-figuren-liebe","8":"product_cat-statuen-aus-speckstein","9":"product_cat-bilder","11":"first","12":"instock","13":"taxable","14":"shipping-taxable","15":"purchasable","16":"product-type-simple"},"acf":[],"meta_all":{"total_sales":"13","wcml_sync_hash":{"postmeta_fields":"57e37eb1bd28ce0cb96874822be29c2e"},"attr_label_translations":[],"cor_restricted_countries":[]},"meta_all_flat":{"total_sales":"13","wcml_sync_hash.postmeta_fields":"57e37eb1bd28ce0cb96874822be29c2e"},"yoast_head":"<!-- This site is optimized with the Yoast SEO Premium plugin v26.2 (Yoast SEO v27.2) - https:\/\/yoast.com\/product\/yoast-seo-premium-wordpress\/ -->\n<title>Statue Liebesknoten Speckstein 15cm - Eliassen.nl<\/title>\n<meta name=\"description\" content=\"Dieser Speckstein-Liebesknopf ist eine sch\u00f6ne authentische Erg\u00e4nzung in dunklem Anthrazit und abstrakter Optik.\" \/>\n<meta name=\"robots\" content=\"index, follow, max-snippet:-1, max-image-preview:large, max-video-preview:-1\" \/>\n<link rel=\"canonical\" href=\"https:\/\/www.eliassen.nl\/de\/bild-liebesknoten-speckstein-13cm\/\" \/>\n<meta property=\"og:locale\" content=\"de_DE\" \/>\n<meta property=\"og:type\" content=\"article\" \/>\n<meta property=\"og:title\" content=\"Sonstige Statue Liebesknoten Speckstein 15cm - Eliassen.nl\" \/>\n<meta property=\"og:description\" content=\"Dieser Speckstein-Liebesknopf ist eine sch\u00f6ne authentische Erg\u00e4nzung in dunklem Anthrazit und abstrakter Optik.\" \/>\n<meta property=\"og:url\" content=\"https:\/\/www.eliassen.nl\/de\/bild-liebesknoten-speckstein-13cm\/\" \/>\n<meta property=\"og:site_name\" content=\"Eliassen.nl\" \/>\n<meta property=\"article:publisher\" content=\"https:\/\/www.facebook.com\/TuincentrumEliassenAmmerzoden\" \/>\n<meta property=\"article:modified_time\" content=\"2026-04-16T11:34:01+00:00\" \/>\n<meta property=\"og:image\" content=\"https:\/\/www.eliassen.nl\/wp-content\/uploads\/2022\/10\/1000074716-scaled.jpg\" \/>\n\t<meta property=\"og:image:width\" content=\"1920\" \/>\n\t<meta property=\"og:image:height\" content=\"2560\" \/>\n\t<meta property=\"og:image:type\" content=\"image\/jpeg\" \/>\n<meta name=\"twitter:card\" content=\"summary_large_image\" \/>\n<script type=\"application\/ld+json\" class=\"yoast-schema-graph\">{\"@context\":\"https:\/\/schema.org\",\"@graph\":[{\"@type\":\"WebPage\",\"@id\":\"https:\/\/www.eliassen.nl\/de\/bild-liebesknoten-speckstein-13cm\/\",\"url\":\"https:\/\/www.eliassen.nl\/de\/bild-liebesknoten-speckstein-13cm\/\",\"name\":\"Statue Liebesknoten Speckstein 15cm - Eliassen.nl\",\"isPartOf\":{\"@id\":\"https:\/\/www.eliassen.nl\/de\/#website\"},\"primaryImageOfPage\":{\"@id\":\"https:\/\/www.eliassen.nl\/de\/bild-liebesknoten-speckstein-13cm\/#primaryimage\"},\"image\":{\"@id\":\"https:\/\/www.eliassen.nl\/de\/bild-liebesknoten-speckstein-13cm\/#primaryimage\"},\"thumbnailUrl\":\"https:\/\/www.eliassen.nl\/wp-content\/uploads\/2022\/10\/1000074716-scaled.jpg\",\"datePublished\":\"2022-10-27T11:37:01+00:00\",\"dateModified\":\"2026-04-16T11:34:01+00:00\",\"description\":\"Dieser Speckstein-Liebesknopf ist eine sch\u00f6ne authentische Erg\u00e4nzung in dunklem Anthrazit und abstrakter Optik.\",\"breadcrumb\":{\"@id\":\"https:\/\/www.eliassen.nl\/de\/bild-liebesknoten-speckstein-13cm\/#breadcrumb\"},\"inLanguage\":\"de\",\"potentialAction\":[{\"@type\":\"ReadAction\",\"target\":[\"https:\/\/www.eliassen.nl\/de\/bild-liebesknoten-speckstein-13cm\/\"]}]},{\"@type\":\"ImageObject\",\"inLanguage\":\"de\",\"@id\":\"https:\/\/www.eliassen.nl\/de\/bild-liebesknoten-speckstein-13cm\/#primaryimage\",\"url\":\"https:\/\/www.eliassen.nl\/wp-content\/uploads\/2022\/10\/1000074716-scaled.jpg\",\"contentUrl\":\"https:\/\/www.eliassen.nl\/wp-content\/uploads\/2022\/10\/1000074716-scaled.jpg\",\"width\":1920,\"height\":2560,\"caption\":\"Statue Liebesknoten Speckstein 15cm\"},{\"@type\":\"BreadcrumbList\",\"@id\":\"https:\/\/www.eliassen.nl\/de\/bild-liebesknoten-speckstein-13cm\/#breadcrumb\",\"itemListElement\":[{\"@type\":\"ListItem\",\"position\":1,\"name\":\"Home\",\"item\":\"https:\/\/www.eliassen.nl\/de\/\"},{\"@type\":\"ListItem\",\"position\":2,\"name\":\"Shop\",\"item\":\"https:\/\/www.eliassen.nl\/de\/shop\/\"},{\"@type\":\"ListItem\",\"position\":3,\"name\":\"Bilder\",\"item\":\"https:\/\/www.eliassen.nl\/de\/bilder\/\"},{\"@type\":\"ListItem\",\"position\":4,\"name\":\"Figuren Liebe\",\"item\":\"https:\/\/www.eliassen.nl\/de\/bilder\/figuren-liebe\/\"},{\"@type\":\"ListItem\",\"position\":5,\"name\":\"Statue Liebesknoten Speckstein 15cm\"}]},{\"@type\":\"WebSite\",\"@id\":\"https:\/\/www.eliassen.nl\/de\/#website\",\"url\":\"https:\/\/www.eliassen.nl\/de\/\",\"name\":\"Eliassen Home & Garden Pleasure\",\"description\":\"\",\"publisher\":{\"@id\":\"https:\/\/www.eliassen.nl\/de\/#organization\"},\"alternateName\":\"Eliassen.nl\",\"potentialAction\":[{\"@type\":\"SearchAction\",\"target\":{\"@type\":\"EntryPoint\",\"urlTemplate\":\"https:\/\/www.eliassen.nl\/de\/?s={search_term_string}\"},\"query-input\":{\"@type\":\"PropertyValueSpecification\",\"valueRequired\":true,\"valueName\":\"search_term_string\"}}],\"inLanguage\":\"de\"},{\"@type\":[\"Organization\",\"Place\"],\"@id\":\"https:\/\/www.eliassen.nl\/de\/#organization\",\"name\":\"Eliassen Home & Garden Pleasure\",\"url\":\"https:\/\/www.eliassen.nl\/de\/\",\"logo\":{\"@id\":\"https:\/\/www.eliassen.nl\/de\/bild-liebesknoten-speckstein-13cm\/#local-main-organization-logo\"},\"image\":{\"@id\":\"https:\/\/www.eliassen.nl\/de\/bild-liebesknoten-speckstein-13cm\/#local-main-organization-logo\"},\"sameAs\":[\"https:\/\/www.facebook.com\/TuincentrumEliassenAmmerzoden\",\"https:\/\/www.instagram.com\/eliassenhomeandgarden\/\",\"https:\/\/nl.pinterest.com\/eliassenhomeandgarden\/\",\"https:\/\/www.youtube.com\/@eliassenhomegardenpleasure4558\"],\"telephone\":[],\"openingHoursSpecification\":[{\"@type\":\"OpeningHoursSpecification\",\"dayOfWeek\":[\"Monday\",\"Tuesday\",\"Wednesday\",\"Thursday\",\"Friday\",\"Saturday\",\"Sunday\"],\"opens\":\"09:00\",\"closes\":\"17:00\"}]},{\"@type\":\"ImageObject\",\"inLanguage\":\"de\",\"@id\":\"https:\/\/www.eliassen.nl\/de\/bild-liebesknoten-speckstein-13cm\/#local-main-organization-logo\",\"url\":\"https:\/\/www.eliassen.nl\/wp-content\/uploads\/2024\/01\/logo_4nd.jpg\",\"contentUrl\":\"https:\/\/www.eliassen.nl\/wp-content\/uploads\/2024\/01\/logo_4nd.jpg\",\"width\":500,\"height\":500,\"caption\":\"Eliassen Home & Garden Pleasure\"}]}<\/script>\n<meta property=\"product:price:amount\" content=\"45.50\" \/>\n<meta property=\"product:price:currency\" content=\"EUR\" \/>\n<meta property=\"og:availability\" content=\"instock\" \/>\n<meta property=\"product:availability\" content=\"instock\" \/>\n<meta property=\"product:retailer_item_id\" content=\"106268\" \/>\n<meta property=\"product:condition\" content=\"new\" \/>\n<!-- \/ Yoast SEO Premium plugin. -->","yoast_head_json":{"title":"Statue Liebesknoten Speckstein 15cm - Eliassen.nl","description":"Dieser Speckstein-Liebesknopf ist eine sch\u00f6ne authentische Erg\u00e4nzung in dunklem Anthrazit und abstrakter Optik.","robots":{"index":"index","follow":"follow","max-snippet":"max-snippet:-1","max-image-preview":"max-image-preview:large","max-video-preview":"max-video-preview:-1"},"canonical":"https:\/\/www.eliassen.nl\/de\/bild-liebesknoten-speckstein-13cm\/","og_locale":"de_DE","og_type":"article","og_title":"Sonstige Statue Liebesknoten Speckstein 15cm - Eliassen.nl","og_description":"Dieser Speckstein-Liebesknopf ist eine sch\u00f6ne authentische Erg\u00e4nzung in dunklem Anthrazit und abstrakter Optik.","og_url":"https:\/\/www.eliassen.nl\/de\/bild-liebesknoten-speckstein-13cm\/","og_site_name":"Eliassen.nl","article_publisher":"https:\/\/www.facebook.com\/TuincentrumEliassenAmmerzoden","article_modified_time":"2026-04-16T11:34:01+00:00","og_image":[{"width":1920,"height":2560,"url":"https:\/\/www.eliassen.nl\/wp-content\/uploads\/2022\/10\/1000074716-scaled.jpg","type":"image\/jpeg"}],"twitter_card":"summary_large_image","schema":{"@context":"https:\/\/schema.org","@graph":[{"@type":"WebPage","@id":"https:\/\/www.eliassen.nl\/de\/bild-liebesknoten-speckstein-13cm\/","url":"https:\/\/www.eliassen.nl\/de\/bild-liebesknoten-speckstein-13cm\/","name":"Statue Liebesknoten Speckstein 15cm - Eliassen.nl","isPartOf":{"@id":"https:\/\/www.eliassen.nl\/de\/#website"},"primaryImageOfPage":{"@id":"https:\/\/www.eliassen.nl\/de\/bild-liebesknoten-speckstein-13cm\/#primaryimage"},"image":{"@id":"https:\/\/www.eliassen.nl\/de\/bild-liebesknoten-speckstein-13cm\/#primaryimage"},"thumbnailUrl":"https:\/\/www.eliassen.nl\/wp-content\/uploads\/2022\/10\/1000074716-scaled.jpg","datePublished":"2022-10-27T11:37:01+00:00","dateModified":"2026-04-16T11:34:01+00:00","description":"Dieser Speckstein-Liebesknopf ist eine sch\u00f6ne authentische Erg\u00e4nzung in dunklem Anthrazit und abstrakter Optik.","breadcrumb":{"@id":"https:\/\/www.eliassen.nl\/de\/bild-liebesknoten-speckstein-13cm\/#breadcrumb"},"inLanguage":"de","potentialAction":[{"@type":"ReadAction","target":["https:\/\/www.eliassen.nl\/de\/bild-liebesknoten-speckstein-13cm\/"]}]},{"@type":"ImageObject","inLanguage":"de","@id":"https:\/\/www.eliassen.nl\/de\/bild-liebesknoten-speckstein-13cm\/#primaryimage","url":"https:\/\/www.eliassen.nl\/wp-content\/uploads\/2022\/10\/1000074716-scaled.jpg","contentUrl":"https:\/\/www.eliassen.nl\/wp-content\/uploads\/2022\/10\/1000074716-scaled.jpg","width":1920,"height":2560,"caption":"Statue Liebesknoten Speckstein 15cm"},{"@type":"BreadcrumbList","@id":"https:\/\/www.eliassen.nl\/de\/bild-liebesknoten-speckstein-13cm\/#breadcrumb","itemListElement":[{"@type":"ListItem","position":1,"name":"Home","item":"https:\/\/www.eliassen.nl\/de\/"},{"@type":"ListItem","position":2,"name":"Shop","item":"https:\/\/www.eliassen.nl\/de\/shop\/"},{"@type":"ListItem","position":3,"name":"Bilder","item":"https:\/\/www.eliassen.nl\/de\/bilder\/"},{"@type":"ListItem","position":4,"name":"Figuren Liebe","item":"https:\/\/www.eliassen.nl\/de\/bilder\/figuren-liebe\/"},{"@type":"ListItem","position":5,"name":"Statue Liebesknoten Speckstein 15cm"}]},{"@type":"WebSite","@id":"https:\/\/www.eliassen.nl\/de\/#website","url":"https:\/\/www.eliassen.nl\/de\/","name":"Eliassen Home & Garden Pleasure","description":"","publisher":{"@id":"https:\/\/www.eliassen.nl\/de\/#organization"},"alternateName":"Eliassen.nl","potentialAction":[{"@type":"SearchAction","target":{"@type":"EntryPoint","urlTemplate":"https:\/\/www.eliassen.nl\/de\/?s={search_term_string}"},"query-input":{"@type":"PropertyValueSpecification","valueRequired":true,"valueName":"search_term_string"}}],"inLanguage":"de"},{"@type":["Organization","Place"],"@id":"https:\/\/www.eliassen.nl\/de\/#organization","name":"Eliassen Home & Garden Pleasure","url":"https:\/\/www.eliassen.nl\/de\/","logo":{"@id":"https:\/\/www.eliassen.nl\/de\/bild-liebesknoten-speckstein-13cm\/#local-main-organization-logo"},"image":{"@id":"https:\/\/www.eliassen.nl\/de\/bild-liebesknoten-speckstein-13cm\/#local-main-organization-logo"},"sameAs":["https:\/\/www.facebook.com\/TuincentrumEliassenAmmerzoden","https:\/\/www.instagram.com\/eliassenhomeandgarden\/","https:\/\/nl.pinterest.com\/eliassenhomeandgarden\/","https:\/\/www.youtube.com\/@eliassenhomegardenpleasure4558"],"telephone":[],"openingHoursSpecification":[{"@type":"OpeningHoursSpecification","dayOfWeek":["Monday","Tuesday","Wednesday","Thursday","Friday","Saturday","Sunday"],"opens":"09:00","closes":"17:00"}]},{"@type":"ImageObject","inLanguage":"de","@id":"https:\/\/www.eliassen.nl\/de\/bild-liebesknoten-speckstein-13cm\/#local-main-organization-logo","url":"https:\/\/www.eliassen.nl\/wp-content\/uploads\/2024\/01\/logo_4nd.jpg","contentUrl":"https:\/\/www.eliassen.nl\/wp-content\/uploads\/2024\/01\/logo_4nd.jpg","width":500,"height":500,"caption":"Eliassen Home & Garden Pleasure"}]},"product_price_amount":"45.50","product_price_currency":"EUR","og_availability":"instock","product_availability":"instock","product_retailer_item_id":"106268","product_condition":"new"},"df_price":45.5,"df_sale_price":"","df_regular_price":45.5,"df_image_link":"https:\/\/www.eliassen.nl\/wp-content\/uploads\/2022\/10\/1000074716-225x300.jpg","image":"https:\/\/www.eliassen.nl\/wp-content\/uploads\/2022\/10\/1000074716-150x150.jpg","price_search":"<span class=\"woocommerce-Price-amount amount\"><bdi><span class=\"woocommerce-Price-currencySymbol\">&euro;<\/span>&nbsp;45,50<\/bdi><\/span>","category":"Figuren Liebe","global_unique_id":"8716881106268","_links":{"self":[{"href":"https:\/\/www.eliassen.nl\/de\/wp-json\/wp\/v2\/product\/77065","targetHints":{"allow":["GET"]}}],"collection":[{"href":"https:\/\/www.eliassen.nl\/de\/wp-json\/wp\/v2\/product"}],"about":[{"href":"https:\/\/www.eliassen.nl\/de\/wp-json\/wp\/v2\/types\/product"}],"wp:featuredmedia":[{"embeddable":true,"href":"https:\/\/www.eliassen.nl\/de\/wp-json\/wp\/v2\/media\/201779"}],"wp:attachment":[{"href":"https:\/\/www.eliassen.nl\/de\/wp-json\/wp\/v2\/media?parent=77065"}],"wp:term":[{"taxonomy":"product_brand","embeddable":true,"href":"https:\/\/www.eliassen.nl\/de\/wp-json\/wp\/v2\/product_brand?post=77065"},{"taxonomy":"product_cat","embeddable":true,"href":"https:\/\/www.eliassen.nl\/de\/wp-json\/wp\/v2\/product_cat?post=77065"},{"taxonomy":"product_tag","embeddable":true,"href":"https:\/\/www.eliassen.nl\/de\/wp-json\/wp\/v2\/product_tag?post=77065"}],"curies":[{"name":"wp","href":"https:\/\/api.w.org\/{rel}","templated":true}]}}