{"id":76261,"date":"2022-10-13T20:10:52","date_gmt":"2022-10-13T20:10:52","guid":{"rendered":"https:\/\/www.eliassen.nl\/?product=wandkaart-koe-64cm"},"modified":"2025-10-09T14:15:55","modified_gmt":"2025-10-09T12:15:55","slug":"schautafel-kuh-64cm","status":"publish","type":"product","link":"https:\/\/www.eliassen.nl\/de\/schautafel-kuh-64cm\/","title":{"rendered":"Wandkarte Kuh 64cm"},"content":{"rendered":"<p>Diese gro\u00dfe Wandkarte einer Kuh ist ein altes Bild von einer alten Original-Schultafel und ist ein erschwingliches St\u00fcck Wanddekoration f\u00fcr jede Einrichtung. Diese Tafel ist aus echtem Leinen, nicht aus Papier. Die Gr\u00f6\u00dfe dieser aufrollbaren Wanddekoration betr\u00e4gt 64x52cm.<\/p>\n<p><strong>Auch von dieser Serie haben wir fast die gesamte Kollektion im Shop.<\/strong><br \/><strong>Nirgendwo finden Sie eine so gro\u00dfe Kollektion an Wanddekorationen. Sie sind herzlich willkommen.<\/strong><\/p>\n<ul>\n<li>Material: Leinen mit Holzlatten und Aufh\u00e4ngeseil.<\/li>\n<li>Gr\u00f6\u00dfe: 64x52cm<\/li>\n<li>Aufrollen<\/li>\n<li>Ab Lager verf\u00fcgbar<\/li>\n<li>Nur im Innenbereich.<\/li>\n<\/ul>\n","protected":false},"excerpt":{"rendered":"<p>Wandkarte aus echtem Leinen in h\u00f6lzernen Aufh\u00e4ngelamellen.<\/p>\n","protected":false},"featured_media":76258,"template":"","meta":{"_acf_changed":false,"_genesis_title":"","_genesis_description":""},"product_brand":[6948],"product_cat":[509,530],"product_tag":[],"class_list":{"0":"post-76261","1":"product","2":"type-product","3":"status-publish","4":"has-post-thumbnail","6":"product_brand-homebound-de","7":"product_cat-wanddekoration","8":"product_cat-wandkarten-leinwand","10":"first","11":"instock","12":"taxable","13":"shipping-taxable","14":"purchasable","15":"product-type-simple"},"acf":[],"meta_all":{"total_sales":"0","wcml_sync_hash":{"postmeta_fields":"7c296deee7fb2f3ddbebf9079d50970e"},"attr_label_translations":[]},"meta_all_flat":{"total_sales":"0","wcml_sync_hash.postmeta_fields":"7c296deee7fb2f3ddbebf9079d50970e"},"yoast_head":"<!-- This site is optimized with the Yoast SEO Premium plugin v26.2 (Yoast SEO v27.2) - https:\/\/yoast.com\/product\/yoast-seo-premium-wordpress\/ -->\n<title>Wandkarte Kuh 64cm<\/title>\n<meta name=\"description\" content=\"Wandkarten und andere Wanddekorationen ? Sehen Sie sich live oder in unserem Webshop unsere gr\u00f6\u00dfte Kollektion aus den Niederlanden an! \u2705 Vertrauensw\u00fcrdige Adresse \u2705 Nachzahlung m\u00f6glich \u2705\" \/>\n<meta name=\"robots\" content=\"index, follow, max-snippet:-1, max-image-preview:large, max-video-preview:-1\" \/>\n<link rel=\"canonical\" href=\"https:\/\/www.eliassen.nl\/de\/schautafel-kuh-64cm\/\" \/>\n<meta property=\"og:locale\" content=\"de_DE\" \/>\n<meta property=\"og:type\" content=\"article\" \/>\n<meta property=\"og:title\" content=\"Homebound Wandkarte Kuh 64cm - Eliassen.nl\" \/>\n<meta property=\"og:description\" content=\"Wandkarten und andere Wanddekorationen ? Sehen Sie sich live oder in unserem Webshop unsere gr\u00f6\u00dfte Kollektion aus den Niederlanden an! \u2705 Vertrauensw\u00fcrdige Adresse \u2705 Nachzahlung m\u00f6glich \u2705\" \/>\n<meta property=\"og:url\" content=\"https:\/\/www.eliassen.nl\/de\/schautafel-kuh-64cm\/\" \/>\n<meta property=\"og:site_name\" content=\"Eliassen.nl\" \/>\n<meta property=\"article:publisher\" content=\"https:\/\/www.facebook.com\/TuincentrumEliassenAmmerzoden\" \/>\n<meta property=\"article:modified_time\" content=\"2025-10-09T12:15:55+00:00\" \/>\n<meta property=\"og:image\" content=\"https:\/\/www.eliassen.nl\/wp-content\/uploads\/2024\/01\/fk1664.jpg\" \/>\n\t<meta property=\"og:image:width\" content=\"938\" \/>\n\t<meta property=\"og:image:height\" content=\"965\" \/>\n\t<meta property=\"og:image:type\" content=\"image\/jpeg\" \/>\n<meta name=\"twitter:card\" content=\"summary_large_image\" \/>\n<script type=\"application\/ld+json\" class=\"yoast-schema-graph\">{\"@context\":\"https:\/\/schema.org\",\"@graph\":[{\"@type\":\"WebPage\",\"@id\":\"https:\/\/www.eliassen.nl\/de\/schautafel-kuh-64cm\/\",\"url\":\"https:\/\/www.eliassen.nl\/de\/schautafel-kuh-64cm\/\",\"name\":\"Wandkarte Kuh 64cm\",\"isPartOf\":{\"@id\":\"https:\/\/www.eliassen.nl\/de\/#website\"},\"primaryImageOfPage\":{\"@id\":\"https:\/\/www.eliassen.nl\/de\/schautafel-kuh-64cm\/#primaryimage\"},\"image\":{\"@id\":\"https:\/\/www.eliassen.nl\/de\/schautafel-kuh-64cm\/#primaryimage\"},\"thumbnailUrl\":\"https:\/\/www.eliassen.nl\/wp-content\/uploads\/2024\/01\/fk1664.jpg\",\"datePublished\":\"2022-10-13T20:10:52+00:00\",\"dateModified\":\"2025-10-09T12:15:55+00:00\",\"description\":\"Wandkarten und andere Wanddekorationen ? Sehen Sie sich live oder in unserem Webshop unsere gr\u00f6\u00dfte Kollektion aus den Niederlanden an! \u2705 Vertrauensw\u00fcrdige Adresse \u2705 Nachzahlung m\u00f6glich \u2705\",\"breadcrumb\":{\"@id\":\"https:\/\/www.eliassen.nl\/de\/schautafel-kuh-64cm\/#breadcrumb\"},\"inLanguage\":\"de\",\"potentialAction\":[{\"@type\":\"ReadAction\",\"target\":[\"https:\/\/www.eliassen.nl\/de\/schautafel-kuh-64cm\/\"]}]},{\"@type\":\"ImageObject\",\"inLanguage\":\"de\",\"@id\":\"https:\/\/www.eliassen.nl\/de\/schautafel-kuh-64cm\/#primaryimage\",\"url\":\"https:\/\/www.eliassen.nl\/wp-content\/uploads\/2024\/01\/fk1664.jpg\",\"contentUrl\":\"https:\/\/www.eliassen.nl\/wp-content\/uploads\/2024\/01\/fk1664.jpg\",\"width\":938,\"height\":965,\"caption\":\"fk1664\"},{\"@type\":\"BreadcrumbList\",\"@id\":\"https:\/\/www.eliassen.nl\/de\/schautafel-kuh-64cm\/#breadcrumb\",\"itemListElement\":[{\"@type\":\"ListItem\",\"position\":1,\"name\":\"Home\",\"item\":\"https:\/\/www.eliassen.nl\/de\/\"},{\"@type\":\"ListItem\",\"position\":2,\"name\":\"Shop\",\"item\":\"https:\/\/www.eliassen.nl\/de\/shop\/\"},{\"@type\":\"ListItem\",\"position\":3,\"name\":\"Wanddekoration\",\"item\":\"https:\/\/www.eliassen.nl\/de\/wanddekoration\/\"},{\"@type\":\"ListItem\",\"position\":4,\"name\":\"Wandkarten-Leinwand\",\"item\":\"https:\/\/www.eliassen.nl\/de\/wanddekoration\/wandkarten-leinwand\/\"},{\"@type\":\"ListItem\",\"position\":5,\"name\":\"Wandkarte Kuh 64cm\"}]},{\"@type\":\"WebSite\",\"@id\":\"https:\/\/www.eliassen.nl\/de\/#website\",\"url\":\"https:\/\/www.eliassen.nl\/de\/\",\"name\":\"Eliassen Home & Garden Pleasure\",\"description\":\"\",\"publisher\":{\"@id\":\"https:\/\/www.eliassen.nl\/de\/#organization\"},\"alternateName\":\"Eliassen.nl\",\"potentialAction\":[{\"@type\":\"SearchAction\",\"target\":{\"@type\":\"EntryPoint\",\"urlTemplate\":\"https:\/\/www.eliassen.nl\/de\/?s={search_term_string}\"},\"query-input\":{\"@type\":\"PropertyValueSpecification\",\"valueRequired\":true,\"valueName\":\"search_term_string\"}}],\"inLanguage\":\"de\"},{\"@type\":[\"Organization\",\"Place\"],\"@id\":\"https:\/\/www.eliassen.nl\/de\/#organization\",\"name\":\"Eliassen Home & Garden Pleasure\",\"url\":\"https:\/\/www.eliassen.nl\/de\/\",\"logo\":{\"@id\":\"https:\/\/www.eliassen.nl\/de\/schautafel-kuh-64cm\/#local-main-organization-logo\"},\"image\":{\"@id\":\"https:\/\/www.eliassen.nl\/de\/schautafel-kuh-64cm\/#local-main-organization-logo\"},\"sameAs\":[\"https:\/\/www.facebook.com\/TuincentrumEliassenAmmerzoden\",\"https:\/\/www.instagram.com\/eliassenhomeandgarden\/\",\"https:\/\/nl.pinterest.com\/eliassenhomeandgarden\/\",\"https:\/\/www.youtube.com\/@eliassenhomegardenpleasure4558\"],\"telephone\":[],\"openingHoursSpecification\":[{\"@type\":\"OpeningHoursSpecification\",\"dayOfWeek\":[\"Monday\",\"Tuesday\",\"Wednesday\",\"Thursday\",\"Friday\",\"Saturday\",\"Sunday\"],\"opens\":\"09:00\",\"closes\":\"17:00\"}]},{\"@type\":\"ImageObject\",\"inLanguage\":\"de\",\"@id\":\"https:\/\/www.eliassen.nl\/de\/schautafel-kuh-64cm\/#local-main-organization-logo\",\"url\":\"https:\/\/www.eliassen.nl\/wp-content\/uploads\/2024\/01\/logo_4nd.jpg\",\"contentUrl\":\"https:\/\/www.eliassen.nl\/wp-content\/uploads\/2024\/01\/logo_4nd.jpg\",\"width\":500,\"height\":500,\"caption\":\"Eliassen Home & Garden Pleasure\"}]}<\/script>\n<meta property=\"product:price:amount\" content=\"23.50\" \/>\n<meta property=\"product:price:currency\" content=\"EUR\" \/>\n<meta property=\"og:availability\" content=\"instock\" \/>\n<meta property=\"product:availability\" content=\"instock\" \/>\n<meta property=\"product:retailer_item_id\" content=\"Fk1664\" \/>\n<meta property=\"product:condition\" content=\"new\" \/>\n<!-- \/ Yoast SEO Premium plugin. -->","yoast_head_json":{"title":"Wandkarte Kuh 64cm","description":"Wandkarten und andere Wanddekorationen ? Sehen Sie sich live oder in unserem Webshop unsere gr\u00f6\u00dfte Kollektion aus den Niederlanden an! \u2705 Vertrauensw\u00fcrdige Adresse \u2705 Nachzahlung m\u00f6glich \u2705","robots":{"index":"index","follow":"follow","max-snippet":"max-snippet:-1","max-image-preview":"max-image-preview:large","max-video-preview":"max-video-preview:-1"},"canonical":"https:\/\/www.eliassen.nl\/de\/schautafel-kuh-64cm\/","og_locale":"de_DE","og_type":"article","og_title":"Homebound Wandkarte Kuh 64cm - Eliassen.nl","og_description":"Wandkarten und andere Wanddekorationen ? Sehen Sie sich live oder in unserem Webshop unsere gr\u00f6\u00dfte Kollektion aus den Niederlanden an! \u2705 Vertrauensw\u00fcrdige Adresse \u2705 Nachzahlung m\u00f6glich \u2705","og_url":"https:\/\/www.eliassen.nl\/de\/schautafel-kuh-64cm\/","og_site_name":"Eliassen.nl","article_publisher":"https:\/\/www.facebook.com\/TuincentrumEliassenAmmerzoden","article_modified_time":"2025-10-09T12:15:55+00:00","og_image":[{"width":938,"height":965,"url":"https:\/\/www.eliassen.nl\/wp-content\/uploads\/2024\/01\/fk1664.jpg","type":"image\/jpeg"}],"twitter_card":"summary_large_image","schema":{"@context":"https:\/\/schema.org","@graph":[{"@type":"WebPage","@id":"https:\/\/www.eliassen.nl\/de\/schautafel-kuh-64cm\/","url":"https:\/\/www.eliassen.nl\/de\/schautafel-kuh-64cm\/","name":"Wandkarte Kuh 64cm","isPartOf":{"@id":"https:\/\/www.eliassen.nl\/de\/#website"},"primaryImageOfPage":{"@id":"https:\/\/www.eliassen.nl\/de\/schautafel-kuh-64cm\/#primaryimage"},"image":{"@id":"https:\/\/www.eliassen.nl\/de\/schautafel-kuh-64cm\/#primaryimage"},"thumbnailUrl":"https:\/\/www.eliassen.nl\/wp-content\/uploads\/2024\/01\/fk1664.jpg","datePublished":"2022-10-13T20:10:52+00:00","dateModified":"2025-10-09T12:15:55+00:00","description":"Wandkarten und andere Wanddekorationen ? Sehen Sie sich live oder in unserem Webshop unsere gr\u00f6\u00dfte Kollektion aus den Niederlanden an! \u2705 Vertrauensw\u00fcrdige Adresse \u2705 Nachzahlung m\u00f6glich \u2705","breadcrumb":{"@id":"https:\/\/www.eliassen.nl\/de\/schautafel-kuh-64cm\/#breadcrumb"},"inLanguage":"de","potentialAction":[{"@type":"ReadAction","target":["https:\/\/www.eliassen.nl\/de\/schautafel-kuh-64cm\/"]}]},{"@type":"ImageObject","inLanguage":"de","@id":"https:\/\/www.eliassen.nl\/de\/schautafel-kuh-64cm\/#primaryimage","url":"https:\/\/www.eliassen.nl\/wp-content\/uploads\/2024\/01\/fk1664.jpg","contentUrl":"https:\/\/www.eliassen.nl\/wp-content\/uploads\/2024\/01\/fk1664.jpg","width":938,"height":965,"caption":"fk1664"},{"@type":"BreadcrumbList","@id":"https:\/\/www.eliassen.nl\/de\/schautafel-kuh-64cm\/#breadcrumb","itemListElement":[{"@type":"ListItem","position":1,"name":"Home","item":"https:\/\/www.eliassen.nl\/de\/"},{"@type":"ListItem","position":2,"name":"Shop","item":"https:\/\/www.eliassen.nl\/de\/shop\/"},{"@type":"ListItem","position":3,"name":"Wanddekoration","item":"https:\/\/www.eliassen.nl\/de\/wanddekoration\/"},{"@type":"ListItem","position":4,"name":"Wandkarten-Leinwand","item":"https:\/\/www.eliassen.nl\/de\/wanddekoration\/wandkarten-leinwand\/"},{"@type":"ListItem","position":5,"name":"Wandkarte Kuh 64cm"}]},{"@type":"WebSite","@id":"https:\/\/www.eliassen.nl\/de\/#website","url":"https:\/\/www.eliassen.nl\/de\/","name":"Eliassen Home & Garden Pleasure","description":"","publisher":{"@id":"https:\/\/www.eliassen.nl\/de\/#organization"},"alternateName":"Eliassen.nl","potentialAction":[{"@type":"SearchAction","target":{"@type":"EntryPoint","urlTemplate":"https:\/\/www.eliassen.nl\/de\/?s={search_term_string}"},"query-input":{"@type":"PropertyValueSpecification","valueRequired":true,"valueName":"search_term_string"}}],"inLanguage":"de"},{"@type":["Organization","Place"],"@id":"https:\/\/www.eliassen.nl\/de\/#organization","name":"Eliassen Home & Garden Pleasure","url":"https:\/\/www.eliassen.nl\/de\/","logo":{"@id":"https:\/\/www.eliassen.nl\/de\/schautafel-kuh-64cm\/#local-main-organization-logo"},"image":{"@id":"https:\/\/www.eliassen.nl\/de\/schautafel-kuh-64cm\/#local-main-organization-logo"},"sameAs":["https:\/\/www.facebook.com\/TuincentrumEliassenAmmerzoden","https:\/\/www.instagram.com\/eliassenhomeandgarden\/","https:\/\/nl.pinterest.com\/eliassenhomeandgarden\/","https:\/\/www.youtube.com\/@eliassenhomegardenpleasure4558"],"telephone":[],"openingHoursSpecification":[{"@type":"OpeningHoursSpecification","dayOfWeek":["Monday","Tuesday","Wednesday","Thursday","Friday","Saturday","Sunday"],"opens":"09:00","closes":"17:00"}]},{"@type":"ImageObject","inLanguage":"de","@id":"https:\/\/www.eliassen.nl\/de\/schautafel-kuh-64cm\/#local-main-organization-logo","url":"https:\/\/www.eliassen.nl\/wp-content\/uploads\/2024\/01\/logo_4nd.jpg","contentUrl":"https:\/\/www.eliassen.nl\/wp-content\/uploads\/2024\/01\/logo_4nd.jpg","width":500,"height":500,"caption":"Eliassen Home & Garden Pleasure"}]},"product_price_amount":"23.50","product_price_currency":"EUR","og_availability":"instock","product_availability":"instock","product_retailer_item_id":"Fk1664","product_condition":"new"},"df_price":23.5,"df_sale_price":"","df_regular_price":23.5,"df_image_link":"https:\/\/www.eliassen.nl\/wp-content\/uploads\/2024\/01\/fk1664.jpg","image":"https:\/\/www.eliassen.nl\/wp-content\/uploads\/2024\/01\/fk1664.jpg","price_search":"<span class=\"woocommerce-Price-amount amount\"><bdi><span class=\"woocommerce-Price-currencySymbol\">&euro;<\/span>&nbsp;23,50<\/bdi><\/span>","category":"Wanddekoration","global_unique_id":"8719097028294","_links":{"self":[{"href":"https:\/\/www.eliassen.nl\/de\/wp-json\/wp\/v2\/product\/76261","targetHints":{"allow":["GET"]}}],"collection":[{"href":"https:\/\/www.eliassen.nl\/de\/wp-json\/wp\/v2\/product"}],"about":[{"href":"https:\/\/www.eliassen.nl\/de\/wp-json\/wp\/v2\/types\/product"}],"wp:featuredmedia":[{"embeddable":true,"href":"https:\/\/www.eliassen.nl\/de\/wp-json\/wp\/v2\/media\/76258"}],"wp:attachment":[{"href":"https:\/\/www.eliassen.nl\/de\/wp-json\/wp\/v2\/media?parent=76261"}],"wp:term":[{"taxonomy":"product_brand","embeddable":true,"href":"https:\/\/www.eliassen.nl\/de\/wp-json\/wp\/v2\/product_brand?post=76261"},{"taxonomy":"product_cat","embeddable":true,"href":"https:\/\/www.eliassen.nl\/de\/wp-json\/wp\/v2\/product_cat?post=76261"},{"taxonomy":"product_tag","embeddable":true,"href":"https:\/\/www.eliassen.nl\/de\/wp-json\/wp\/v2\/product_tag?post=76261"}],"curies":[{"name":"wp","href":"https:\/\/api.w.org\/{rel}","templated":true}]}}