{"id":75829,"date":"2022-10-02T13:52:47","date_gmt":"2022-10-02T13:52:47","guid":{"rendered":"https:\/\/www.eliassen.nl\/?product=3-metalen-koolmeesje-op-een-tuinsteker"},"modified":"2025-10-08T14:44:27","modified_gmt":"2025-10-08T12:44:27","slug":"3-kohlmeise-aus-metall-an-einem-gartenstecker","status":"publish","type":"product","link":"https:\/\/www.eliassen.nl\/de\/3-kohlmeise-aus-metall-an-einem-gartenstecker\/","title":{"rendered":"3 Metallgro\u00dfmeisen auf einem Gartenpfahl"},"content":{"rendered":"<p>Werden Sie sich selbst oder jemand anderem mit diesem fr\u00f6hlichen Gartenhocker eine Freude machen?<br \/>Wundersch\u00f6ner Gartenst\u00e4ngel aus Metall mit 3 handgemalten Meisen, die Sie \u00fcberall im Garten aufstellen k\u00f6nnen.  <br \/>Ein Blickfang in Ihrem Garten und eine tolle Geschenkidee. Vollst\u00e4ndig handgefertigt und bemalt.<br \/>Da es sich um ein handgefertigtes Produkt handelt, kann die Abbildung geringf\u00fcgig von einer echten Abbildung abweichen.<\/p>\n<p><strong>Wir haben fast alles aus dieser Serie im Ausstellungsraum, kommen Sie doch einfach vorbei und schauen Sie sich um.<\/strong><\/p>\n<ul>\n<li>Gr\u00f6\u00dfe ca. 25 cm breit und 80 cm. hoch<\/li>\n<li>Schnelle Lieferung.<\/li>\n<li>100% handgefertigt.<\/li>\n<li>1 Jahr Garantie.<\/li>\n<\/ul>\n","protected":false},"excerpt":{"rendered":"<p>Werden Sie sich selbst oder jemand anderem mit diesem fr\u00f6hlichen Gartenhocker eine Freude machen?Wundersch\u00f6ner Gartenst\u00e4ngel aus Metall mit 3 handgemalten Meisen, die Sie \u00fcberall im Garten aufstellen k\u00f6nnen. Ein Blickfang in Ihrem Garten und eine tolle Geschenkidee. Vollst\u00e4ndig handgefertigt und bemalt.Da es sich um ein handgefertigtes Produkt handelt, kann die Abbildung geringf\u00fcgig von einer echten &hellip;<\/p>\n","protected":false},"featured_media":75823,"template":"","meta":{"_acf_changed":false,"_genesis_title":"","_genesis_description":""},"product_brand":[6960],"product_cat":[851,836],"product_tag":[],"class_list":{"0":"post-75829","1":"product","2":"type-product","3":"status-publish","4":"has-post-thumbnail","6":"product_brand-zimba-arts-de","7":"product_cat-gartenpfaehle-aus-still","8":"product_cat-gartenstecker","10":"first","11":"instock","12":"taxable","13":"shipping-taxable","14":"purchasable","15":"product-type-simple"},"acf":[],"meta_all":{"total_sales":"2","wcml_sync_hash":{"postmeta_fields":"f511f2a6c5cc403b53ff1af0d052f892"},"attr_label_translations":[]},"meta_all_flat":{"total_sales":"2","wcml_sync_hash.postmeta_fields":"f511f2a6c5cc403b53ff1af0d052f892"},"yoast_head":"<!-- This site is optimized with the Yoast SEO Premium plugin v26.2 (Yoast SEO v27.2) - https:\/\/yoast.com\/product\/yoast-seo-premium-wordpress\/ -->\n<title>3 Metallgro\u00dfmeisen auf einem Gartenpfahl<\/title>\n<meta name=\"description\" content=\"3 Metallmeisen auf einem Gartenpfahl kaufen? Eliassen bietet Ihnen eine gro\u00dfe Auswahl an Gartenpf\u00e4hlen in einem gro\u00dfen Ausstellungsraum und online schnelle Lieferzeiten.\" \/>\n<meta name=\"robots\" content=\"index, follow, max-snippet:-1, max-image-preview:large, max-video-preview:-1\" \/>\n<link rel=\"canonical\" href=\"https:\/\/www.eliassen.nl\/de\/3-kohlmeise-aus-metall-an-einem-gartenstecker\/\" \/>\n<meta property=\"og:locale\" content=\"de_DE\" \/>\n<meta property=\"og:type\" content=\"article\" \/>\n<meta property=\"og:title\" content=\"Zimba-arts 3 Metallgro\u00dfmeisen auf einem Gartenpfahl - Eliassen.nl\" \/>\n<meta property=\"og:description\" content=\"3 Metallmeisen auf einem Gartenpfahl kaufen? Eliassen bietet Ihnen eine gro\u00dfe Auswahl an Gartenpf\u00e4hlen in einem gro\u00dfen Ausstellungsraum und online schnelle Lieferzeiten.\" \/>\n<meta property=\"og:url\" content=\"https:\/\/www.eliassen.nl\/de\/3-kohlmeise-aus-metall-an-einem-gartenstecker\/\" \/>\n<meta property=\"og:site_name\" content=\"Eliassen.nl\" \/>\n<meta property=\"article:publisher\" content=\"https:\/\/www.facebook.com\/TuincentrumEliassenAmmerzoden\" \/>\n<meta property=\"article:modified_time\" content=\"2025-10-08T12:44:27+00:00\" \/>\n<meta property=\"og:image\" content=\"https:\/\/www.eliassen.nl\/wp-content\/uploads\/2024\/01\/20220927161159resized.jpg\" \/>\n\t<meta property=\"og:image:width\" content=\"2000\" \/>\n\t<meta property=\"og:image:height\" content=\"1125\" \/>\n\t<meta property=\"og:image:type\" content=\"image\/jpeg\" \/>\n<meta name=\"twitter:card\" content=\"summary_large_image\" \/>\n<script type=\"application\/ld+json\" class=\"yoast-schema-graph\">{\"@context\":\"https:\/\/schema.org\",\"@graph\":[{\"@type\":\"WebPage\",\"@id\":\"https:\/\/www.eliassen.nl\/de\/3-kohlmeise-aus-metall-an-einem-gartenstecker\/\",\"url\":\"https:\/\/www.eliassen.nl\/de\/3-kohlmeise-aus-metall-an-einem-gartenstecker\/\",\"name\":\"3 Metallgro\u00dfmeisen auf einem Gartenpfahl\",\"isPartOf\":{\"@id\":\"https:\/\/www.eliassen.nl\/de\/#website\"},\"primaryImageOfPage\":{\"@id\":\"https:\/\/www.eliassen.nl\/de\/3-kohlmeise-aus-metall-an-einem-gartenstecker\/#primaryimage\"},\"image\":{\"@id\":\"https:\/\/www.eliassen.nl\/de\/3-kohlmeise-aus-metall-an-einem-gartenstecker\/#primaryimage\"},\"thumbnailUrl\":\"https:\/\/www.eliassen.nl\/wp-content\/uploads\/2024\/01\/20220927161159resized.jpg\",\"datePublished\":\"2022-10-02T13:52:47+00:00\",\"dateModified\":\"2025-10-08T12:44:27+00:00\",\"description\":\"3 Metallmeisen auf einem Gartenpfahl kaufen? Eliassen bietet Ihnen eine gro\u00dfe Auswahl an Gartenpf\u00e4hlen in einem gro\u00dfen Ausstellungsraum und online schnelle Lieferzeiten.\",\"breadcrumb\":{\"@id\":\"https:\/\/www.eliassen.nl\/de\/3-kohlmeise-aus-metall-an-einem-gartenstecker\/#breadcrumb\"},\"inLanguage\":\"de\",\"potentialAction\":[{\"@type\":\"ReadAction\",\"target\":[\"https:\/\/www.eliassen.nl\/de\/3-kohlmeise-aus-metall-an-einem-gartenstecker\/\"]}]},{\"@type\":\"ImageObject\",\"inLanguage\":\"de\",\"@id\":\"https:\/\/www.eliassen.nl\/de\/3-kohlmeise-aus-metall-an-einem-gartenstecker\/#primaryimage\",\"url\":\"https:\/\/www.eliassen.nl\/wp-content\/uploads\/2024\/01\/20220927161159resized.jpg\",\"contentUrl\":\"https:\/\/www.eliassen.nl\/wp-content\/uploads\/2024\/01\/20220927161159resized.jpg\",\"width\":2000,\"height\":1125,\"caption\":\"20220927_161159_resized\"},{\"@type\":\"BreadcrumbList\",\"@id\":\"https:\/\/www.eliassen.nl\/de\/3-kohlmeise-aus-metall-an-einem-gartenstecker\/#breadcrumb\",\"itemListElement\":[{\"@type\":\"ListItem\",\"position\":1,\"name\":\"Home\",\"item\":\"https:\/\/www.eliassen.nl\/de\/\"},{\"@type\":\"ListItem\",\"position\":2,\"name\":\"Shop\",\"item\":\"https:\/\/www.eliassen.nl\/de\/shop\/\"},{\"@type\":\"ListItem\",\"position\":3,\"name\":\"Gartenstecker\",\"item\":\"https:\/\/www.eliassen.nl\/de\/gartenstecker\/\"},{\"@type\":\"ListItem\",\"position\":4,\"name\":\"Gartenpf\u00e4hle aus still\",\"item\":\"https:\/\/www.eliassen.nl\/de\/gartenstecker\/gartenpfaehle-aus-still\/\"},{\"@type\":\"ListItem\",\"position\":5,\"name\":\"3 Metallgro\u00dfmeisen auf einem Gartenpfahl\"}]},{\"@type\":\"WebSite\",\"@id\":\"https:\/\/www.eliassen.nl\/de\/#website\",\"url\":\"https:\/\/www.eliassen.nl\/de\/\",\"name\":\"Eliassen Home & Garden Pleasure\",\"description\":\"\",\"publisher\":{\"@id\":\"https:\/\/www.eliassen.nl\/de\/#organization\"},\"alternateName\":\"Eliassen.nl\",\"potentialAction\":[{\"@type\":\"SearchAction\",\"target\":{\"@type\":\"EntryPoint\",\"urlTemplate\":\"https:\/\/www.eliassen.nl\/de\/?s={search_term_string}\"},\"query-input\":{\"@type\":\"PropertyValueSpecification\",\"valueRequired\":true,\"valueName\":\"search_term_string\"}}],\"inLanguage\":\"de\"},{\"@type\":[\"Organization\",\"Place\"],\"@id\":\"https:\/\/www.eliassen.nl\/de\/#organization\",\"name\":\"Eliassen Home & Garden Pleasure\",\"url\":\"https:\/\/www.eliassen.nl\/de\/\",\"logo\":{\"@id\":\"https:\/\/www.eliassen.nl\/de\/3-kohlmeise-aus-metall-an-einem-gartenstecker\/#local-main-organization-logo\"},\"image\":{\"@id\":\"https:\/\/www.eliassen.nl\/de\/3-kohlmeise-aus-metall-an-einem-gartenstecker\/#local-main-organization-logo\"},\"sameAs\":[\"https:\/\/www.facebook.com\/TuincentrumEliassenAmmerzoden\",\"https:\/\/www.instagram.com\/eliassenhomeandgarden\/\",\"https:\/\/nl.pinterest.com\/eliassenhomeandgarden\/\",\"https:\/\/www.youtube.com\/@eliassenhomegardenpleasure4558\"],\"telephone\":[],\"openingHoursSpecification\":[{\"@type\":\"OpeningHoursSpecification\",\"dayOfWeek\":[\"Monday\",\"Tuesday\",\"Wednesday\",\"Thursday\",\"Friday\",\"Saturday\",\"Sunday\"],\"opens\":\"09:00\",\"closes\":\"17:00\"}]},{\"@type\":\"ImageObject\",\"inLanguage\":\"de\",\"@id\":\"https:\/\/www.eliassen.nl\/de\/3-kohlmeise-aus-metall-an-einem-gartenstecker\/#local-main-organization-logo\",\"url\":\"https:\/\/www.eliassen.nl\/wp-content\/uploads\/2024\/01\/logo_4nd.jpg\",\"contentUrl\":\"https:\/\/www.eliassen.nl\/wp-content\/uploads\/2024\/01\/logo_4nd.jpg\",\"width\":500,\"height\":500,\"caption\":\"Eliassen Home & Garden Pleasure\"}]}<\/script>\n<meta property=\"product:price:amount\" content=\"27.50\" \/>\n<meta property=\"product:price:currency\" content=\"EUR\" \/>\n<meta property=\"og:availability\" content=\"instock\" \/>\n<meta property=\"product:availability\" content=\"instock\" \/>\n<meta property=\"product:retailer_item_id\" content=\"Za404194\" \/>\n<meta property=\"product:condition\" content=\"new\" \/>\n<!-- \/ Yoast SEO Premium plugin. -->","yoast_head_json":{"title":"3 Metallgro\u00dfmeisen auf einem Gartenpfahl","description":"3 Metallmeisen auf einem Gartenpfahl kaufen? Eliassen bietet Ihnen eine gro\u00dfe Auswahl an Gartenpf\u00e4hlen in einem gro\u00dfen Ausstellungsraum und online schnelle Lieferzeiten.","robots":{"index":"index","follow":"follow","max-snippet":"max-snippet:-1","max-image-preview":"max-image-preview:large","max-video-preview":"max-video-preview:-1"},"canonical":"https:\/\/www.eliassen.nl\/de\/3-kohlmeise-aus-metall-an-einem-gartenstecker\/","og_locale":"de_DE","og_type":"article","og_title":"Zimba-arts 3 Metallgro\u00dfmeisen auf einem Gartenpfahl - Eliassen.nl","og_description":"3 Metallmeisen auf einem Gartenpfahl kaufen? Eliassen bietet Ihnen eine gro\u00dfe Auswahl an Gartenpf\u00e4hlen in einem gro\u00dfen Ausstellungsraum und online schnelle Lieferzeiten.","og_url":"https:\/\/www.eliassen.nl\/de\/3-kohlmeise-aus-metall-an-einem-gartenstecker\/","og_site_name":"Eliassen.nl","article_publisher":"https:\/\/www.facebook.com\/TuincentrumEliassenAmmerzoden","article_modified_time":"2025-10-08T12:44:27+00:00","og_image":[{"width":2000,"height":1125,"url":"https:\/\/www.eliassen.nl\/wp-content\/uploads\/2024\/01\/20220927161159resized.jpg","type":"image\/jpeg"}],"twitter_card":"summary_large_image","schema":{"@context":"https:\/\/schema.org","@graph":[{"@type":"WebPage","@id":"https:\/\/www.eliassen.nl\/de\/3-kohlmeise-aus-metall-an-einem-gartenstecker\/","url":"https:\/\/www.eliassen.nl\/de\/3-kohlmeise-aus-metall-an-einem-gartenstecker\/","name":"3 Metallgro\u00dfmeisen auf einem Gartenpfahl","isPartOf":{"@id":"https:\/\/www.eliassen.nl\/de\/#website"},"primaryImageOfPage":{"@id":"https:\/\/www.eliassen.nl\/de\/3-kohlmeise-aus-metall-an-einem-gartenstecker\/#primaryimage"},"image":{"@id":"https:\/\/www.eliassen.nl\/de\/3-kohlmeise-aus-metall-an-einem-gartenstecker\/#primaryimage"},"thumbnailUrl":"https:\/\/www.eliassen.nl\/wp-content\/uploads\/2024\/01\/20220927161159resized.jpg","datePublished":"2022-10-02T13:52:47+00:00","dateModified":"2025-10-08T12:44:27+00:00","description":"3 Metallmeisen auf einem Gartenpfahl kaufen? Eliassen bietet Ihnen eine gro\u00dfe Auswahl an Gartenpf\u00e4hlen in einem gro\u00dfen Ausstellungsraum und online schnelle Lieferzeiten.","breadcrumb":{"@id":"https:\/\/www.eliassen.nl\/de\/3-kohlmeise-aus-metall-an-einem-gartenstecker\/#breadcrumb"},"inLanguage":"de","potentialAction":[{"@type":"ReadAction","target":["https:\/\/www.eliassen.nl\/de\/3-kohlmeise-aus-metall-an-einem-gartenstecker\/"]}]},{"@type":"ImageObject","inLanguage":"de","@id":"https:\/\/www.eliassen.nl\/de\/3-kohlmeise-aus-metall-an-einem-gartenstecker\/#primaryimage","url":"https:\/\/www.eliassen.nl\/wp-content\/uploads\/2024\/01\/20220927161159resized.jpg","contentUrl":"https:\/\/www.eliassen.nl\/wp-content\/uploads\/2024\/01\/20220927161159resized.jpg","width":2000,"height":1125,"caption":"20220927_161159_resized"},{"@type":"BreadcrumbList","@id":"https:\/\/www.eliassen.nl\/de\/3-kohlmeise-aus-metall-an-einem-gartenstecker\/#breadcrumb","itemListElement":[{"@type":"ListItem","position":1,"name":"Home","item":"https:\/\/www.eliassen.nl\/de\/"},{"@type":"ListItem","position":2,"name":"Shop","item":"https:\/\/www.eliassen.nl\/de\/shop\/"},{"@type":"ListItem","position":3,"name":"Gartenstecker","item":"https:\/\/www.eliassen.nl\/de\/gartenstecker\/"},{"@type":"ListItem","position":4,"name":"Gartenpf\u00e4hle aus still","item":"https:\/\/www.eliassen.nl\/de\/gartenstecker\/gartenpfaehle-aus-still\/"},{"@type":"ListItem","position":5,"name":"3 Metallgro\u00dfmeisen auf einem Gartenpfahl"}]},{"@type":"WebSite","@id":"https:\/\/www.eliassen.nl\/de\/#website","url":"https:\/\/www.eliassen.nl\/de\/","name":"Eliassen Home & Garden Pleasure","description":"","publisher":{"@id":"https:\/\/www.eliassen.nl\/de\/#organization"},"alternateName":"Eliassen.nl","potentialAction":[{"@type":"SearchAction","target":{"@type":"EntryPoint","urlTemplate":"https:\/\/www.eliassen.nl\/de\/?s={search_term_string}"},"query-input":{"@type":"PropertyValueSpecification","valueRequired":true,"valueName":"search_term_string"}}],"inLanguage":"de"},{"@type":["Organization","Place"],"@id":"https:\/\/www.eliassen.nl\/de\/#organization","name":"Eliassen Home & Garden Pleasure","url":"https:\/\/www.eliassen.nl\/de\/","logo":{"@id":"https:\/\/www.eliassen.nl\/de\/3-kohlmeise-aus-metall-an-einem-gartenstecker\/#local-main-organization-logo"},"image":{"@id":"https:\/\/www.eliassen.nl\/de\/3-kohlmeise-aus-metall-an-einem-gartenstecker\/#local-main-organization-logo"},"sameAs":["https:\/\/www.facebook.com\/TuincentrumEliassenAmmerzoden","https:\/\/www.instagram.com\/eliassenhomeandgarden\/","https:\/\/nl.pinterest.com\/eliassenhomeandgarden\/","https:\/\/www.youtube.com\/@eliassenhomegardenpleasure4558"],"telephone":[],"openingHoursSpecification":[{"@type":"OpeningHoursSpecification","dayOfWeek":["Monday","Tuesday","Wednesday","Thursday","Friday","Saturday","Sunday"],"opens":"09:00","closes":"17:00"}]},{"@type":"ImageObject","inLanguage":"de","@id":"https:\/\/www.eliassen.nl\/de\/3-kohlmeise-aus-metall-an-einem-gartenstecker\/#local-main-organization-logo","url":"https:\/\/www.eliassen.nl\/wp-content\/uploads\/2024\/01\/logo_4nd.jpg","contentUrl":"https:\/\/www.eliassen.nl\/wp-content\/uploads\/2024\/01\/logo_4nd.jpg","width":500,"height":500,"caption":"Eliassen Home & Garden Pleasure"}]},"product_price_amount":"27.50","product_price_currency":"EUR","og_availability":"instock","product_availability":"instock","product_retailer_item_id":"Za404194","product_condition":"new"},"df_price":27.5,"df_sale_price":"","df_regular_price":27.5,"df_image_link":"https:\/\/www.eliassen.nl\/wp-content\/uploads\/2024\/01\/20220927161159resized.jpg","image":"https:\/\/www.eliassen.nl\/wp-content\/uploads\/2024\/01\/20220927161159resized.jpg","price_search":"<span class=\"woocommerce-Price-amount amount\"><bdi><span class=\"woocommerce-Price-currencySymbol\">&euro;<\/span>&nbsp;27,50<\/bdi><\/span>","category":"Gartenpf\u00e4hle aus still","global_unique_id":"8719632404194","_links":{"self":[{"href":"https:\/\/www.eliassen.nl\/de\/wp-json\/wp\/v2\/product\/75829","targetHints":{"allow":["GET"]}}],"collection":[{"href":"https:\/\/www.eliassen.nl\/de\/wp-json\/wp\/v2\/product"}],"about":[{"href":"https:\/\/www.eliassen.nl\/de\/wp-json\/wp\/v2\/types\/product"}],"wp:featuredmedia":[{"embeddable":true,"href":"https:\/\/www.eliassen.nl\/de\/wp-json\/wp\/v2\/media\/75823"}],"wp:attachment":[{"href":"https:\/\/www.eliassen.nl\/de\/wp-json\/wp\/v2\/media?parent=75829"}],"wp:term":[{"taxonomy":"product_brand","embeddable":true,"href":"https:\/\/www.eliassen.nl\/de\/wp-json\/wp\/v2\/product_brand?post=75829"},{"taxonomy":"product_cat","embeddable":true,"href":"https:\/\/www.eliassen.nl\/de\/wp-json\/wp\/v2\/product_cat?post=75829"},{"taxonomy":"product_tag","embeddable":true,"href":"https:\/\/www.eliassen.nl\/de\/wp-json\/wp\/v2\/product_tag?post=75829"}],"curies":[{"name":"wp","href":"https:\/\/api.w.org\/{rel}","templated":true}]}}