{"id":75778,"date":"2022-10-02T13:46:38","date_gmt":"2022-10-02T13:46:38","guid":{"rendered":"https:\/\/www.eliassen.nl\/?product=4-metalen-gestreepte-vogeltjes-op-een-takje"},"modified":"2026-03-30T21:09:43","modified_gmt":"2026-03-30T19:09:43","slug":"4-metallgestreifte-vogel-auf-einem-zweig","status":"publish","type":"product","link":"https:\/\/www.eliassen.nl\/de\/4-metallgestreifte-vogel-auf-einem-zweig\/","title":{"rendered":"4 gestreifte Metallv\u00f6gel auf einem Ast"},"content":{"rendered":"<p>Machen Sie sich oder jemand anderem eine Freude mit diesem dekorativen Anh\u00e4nger, der einen Zweig mit 4 handgemalten V\u00f6geln zeigt. Sehr dekorativ zum Aufh\u00e4ngen in Innenr\u00e4umen oder im Freien.<br \/>\nDa die V\u00f6gel handbemalt sind, unterscheiden sich alle Modelle leicht im Detail.<\/p>\n<ul>\n<li>Spa\u00df f\u00fcr sich selbst oder als Geschenk<\/li>\n<li>Gr\u00f6\u00dfe 15x8x8 cm hoch.<\/li>\n<\/ul>\n","protected":false},"excerpt":{"rendered":"<p>Machen Sie sich oder jemand anderem eine Freude mit diesem dekorativen Anh\u00e4nger, der einen Zweig mit 4 handgemalten V\u00f6geln zeigt. Sehr dekorativ zum Aufh\u00e4ngen in Innenr\u00e4umen oder im Freien. Da die V\u00f6gel handbemalt sind, unterscheiden sich alle Modelle leicht im Detail. Spa\u00df f\u00fcr sich selbst oder als Geschenk Gr\u00f6\u00dfe 15x8x8 cm hoch.<\/p>\n","protected":false},"featured_media":75766,"template":"","meta":{"_acf_changed":false,"_genesis_title":"","_genesis_description":""},"product_brand":[6960],"product_cat":[665,659],"product_tag":[],"class_list":{"0":"post-75778","1":"product","2":"type-product","3":"status-publish","4":"has-post-thumbnail","6":"product_brand-zimba-arts-de","7":"product_cat-dekofiguren-aus-metall","8":"product_cat-dekoration-aus-metall","10":"first","11":"instock","12":"taxable","13":"shipping-taxable","14":"purchasable","15":"product-type-simple"},"acf":[],"meta_all":{"total_sales":"1","wcml_sync_hash":{"postmeta_fields":"00e4420c56ecfa4232122ba053e30f40"},"attr_label_translations":[],"cor_restricted_countries":[]},"meta_all_flat":{"total_sales":"1","wcml_sync_hash.postmeta_fields":"00e4420c56ecfa4232122ba053e30f40"},"yoast_head":"<!-- This site is optimized with the Yoast SEO Premium plugin v26.2 (Yoast SEO v27.2) - https:\/\/yoast.com\/product\/yoast-seo-premium-wordpress\/ -->\n<title>4 gestreifte Metallv\u00f6gel auf einem Ast<\/title>\n<meta name=\"description\" content=\"4 Metallv\u00f6gel auf einem Ast kaufen? Eliassen bietet Ihnen eine gro\u00dfe Auswahl an Gartenpf\u00e4hlen in einem gro\u00dfen Ausstellungsraum und online schnelle Lieferzeiten.\" \/>\n<meta name=\"robots\" content=\"index, follow, max-snippet:-1, max-image-preview:large, max-video-preview:-1\" \/>\n<link rel=\"canonical\" href=\"https:\/\/www.eliassen.nl\/de\/4-metallgestreifte-vogel-auf-einem-zweig\/\" \/>\n<meta property=\"og:locale\" content=\"de_DE\" \/>\n<meta property=\"og:type\" content=\"article\" \/>\n<meta property=\"og:title\" content=\"Zimba-arts 4 gestreifte Metallv\u00f6gel auf einem Ast - Eliassen.nl\" \/>\n<meta property=\"og:description\" content=\"4 Metallv\u00f6gel auf einem Ast kaufen? Eliassen bietet Ihnen eine gro\u00dfe Auswahl an Gartenpf\u00e4hlen in einem gro\u00dfen Ausstellungsraum und online schnelle Lieferzeiten.\" \/>\n<meta property=\"og:url\" content=\"https:\/\/www.eliassen.nl\/de\/4-metallgestreifte-vogel-auf-einem-zweig\/\" \/>\n<meta property=\"og:site_name\" content=\"Eliassen.nl\" \/>\n<meta property=\"article:publisher\" content=\"https:\/\/www.facebook.com\/TuincentrumEliassenAmmerzoden\" \/>\n<meta property=\"article:modified_time\" content=\"2026-03-30T19:09:43+00:00\" \/>\n<meta property=\"og:image\" content=\"https:\/\/www.eliassen.nl\/wp-content\/uploads\/2024\/01\/kookaburrafamilyof4.jpg\" \/>\n\t<meta property=\"og:image:width\" content=\"2047\" \/>\n\t<meta property=\"og:image:height\" content=\"1365\" \/>\n\t<meta property=\"og:image:type\" content=\"image\/jpeg\" \/>\n<meta name=\"twitter:card\" content=\"summary_large_image\" \/>\n<script type=\"application\/ld+json\" class=\"yoast-schema-graph\">{\"@context\":\"https:\/\/schema.org\",\"@graph\":[{\"@type\":\"WebPage\",\"@id\":\"https:\/\/www.eliassen.nl\/de\/4-metallgestreifte-vogel-auf-einem-zweig\/\",\"url\":\"https:\/\/www.eliassen.nl\/de\/4-metallgestreifte-vogel-auf-einem-zweig\/\",\"name\":\"4 gestreifte Metallv\u00f6gel auf einem Ast\",\"isPartOf\":{\"@id\":\"https:\/\/www.eliassen.nl\/de\/#website\"},\"primaryImageOfPage\":{\"@id\":\"https:\/\/www.eliassen.nl\/de\/4-metallgestreifte-vogel-auf-einem-zweig\/#primaryimage\"},\"image\":{\"@id\":\"https:\/\/www.eliassen.nl\/de\/4-metallgestreifte-vogel-auf-einem-zweig\/#primaryimage\"},\"thumbnailUrl\":\"https:\/\/www.eliassen.nl\/wp-content\/uploads\/2024\/01\/kookaburrafamilyof4.jpg\",\"datePublished\":\"2022-10-02T13:46:38+00:00\",\"dateModified\":\"2026-03-30T19:09:43+00:00\",\"description\":\"4 Metallv\u00f6gel auf einem Ast kaufen? Eliassen bietet Ihnen eine gro\u00dfe Auswahl an Gartenpf\u00e4hlen in einem gro\u00dfen Ausstellungsraum und online schnelle Lieferzeiten.\",\"breadcrumb\":{\"@id\":\"https:\/\/www.eliassen.nl\/de\/4-metallgestreifte-vogel-auf-einem-zweig\/#breadcrumb\"},\"inLanguage\":\"de\",\"potentialAction\":[{\"@type\":\"ReadAction\",\"target\":[\"https:\/\/www.eliassen.nl\/de\/4-metallgestreifte-vogel-auf-einem-zweig\/\"]}]},{\"@type\":\"ImageObject\",\"inLanguage\":\"de\",\"@id\":\"https:\/\/www.eliassen.nl\/de\/4-metallgestreifte-vogel-auf-einem-zweig\/#primaryimage\",\"url\":\"https:\/\/www.eliassen.nl\/wp-content\/uploads\/2024\/01\/kookaburrafamilyof4.jpg\",\"contentUrl\":\"https:\/\/www.eliassen.nl\/wp-content\/uploads\/2024\/01\/kookaburrafamilyof4.jpg\",\"width\":2047,\"height\":1365,\"caption\":\"4-k\u00f6pfige Kookaburra-Familie\"},{\"@type\":\"BreadcrumbList\",\"@id\":\"https:\/\/www.eliassen.nl\/de\/4-metallgestreifte-vogel-auf-einem-zweig\/#breadcrumb\",\"itemListElement\":[{\"@type\":\"ListItem\",\"position\":1,\"name\":\"Home\",\"item\":\"https:\/\/www.eliassen.nl\/de\/\"},{\"@type\":\"ListItem\",\"position\":2,\"name\":\"Shop\",\"item\":\"https:\/\/www.eliassen.nl\/de\/shop\/\"},{\"@type\":\"ListItem\",\"position\":3,\"name\":\"Dekoration aus Metall\",\"item\":\"https:\/\/www.eliassen.nl\/de\/dekoration-aus-metall\/\"},{\"@type\":\"ListItem\",\"position\":4,\"name\":\"Dekofiguren aus Metall\",\"item\":\"https:\/\/www.eliassen.nl\/de\/dekoration-aus-metall\/dekofiguren-aus-metall\/\"},{\"@type\":\"ListItem\",\"position\":5,\"name\":\"4 gestreifte Metallv\u00f6gel auf einem Ast\"}]},{\"@type\":\"WebSite\",\"@id\":\"https:\/\/www.eliassen.nl\/de\/#website\",\"url\":\"https:\/\/www.eliassen.nl\/de\/\",\"name\":\"Eliassen Home & Garden Pleasure\",\"description\":\"\",\"publisher\":{\"@id\":\"https:\/\/www.eliassen.nl\/de\/#organization\"},\"alternateName\":\"Eliassen.nl\",\"potentialAction\":[{\"@type\":\"SearchAction\",\"target\":{\"@type\":\"EntryPoint\",\"urlTemplate\":\"https:\/\/www.eliassen.nl\/de\/?s={search_term_string}\"},\"query-input\":{\"@type\":\"PropertyValueSpecification\",\"valueRequired\":true,\"valueName\":\"search_term_string\"}}],\"inLanguage\":\"de\"},{\"@type\":[\"Organization\",\"Place\"],\"@id\":\"https:\/\/www.eliassen.nl\/de\/#organization\",\"name\":\"Eliassen Home & Garden Pleasure\",\"url\":\"https:\/\/www.eliassen.nl\/de\/\",\"logo\":{\"@id\":\"https:\/\/www.eliassen.nl\/de\/4-metallgestreifte-vogel-auf-einem-zweig\/#local-main-organization-logo\"},\"image\":{\"@id\":\"https:\/\/www.eliassen.nl\/de\/4-metallgestreifte-vogel-auf-einem-zweig\/#local-main-organization-logo\"},\"sameAs\":[\"https:\/\/www.facebook.com\/TuincentrumEliassenAmmerzoden\",\"https:\/\/www.instagram.com\/eliassenhomeandgarden\/\",\"https:\/\/nl.pinterest.com\/eliassenhomeandgarden\/\",\"https:\/\/www.youtube.com\/@eliassenhomegardenpleasure4558\"],\"telephone\":[],\"openingHoursSpecification\":[{\"@type\":\"OpeningHoursSpecification\",\"dayOfWeek\":[\"Monday\",\"Tuesday\",\"Wednesday\",\"Thursday\",\"Friday\",\"Saturday\",\"Sunday\"],\"opens\":\"09:00\",\"closes\":\"17:00\"}]},{\"@type\":\"ImageObject\",\"inLanguage\":\"de\",\"@id\":\"https:\/\/www.eliassen.nl\/de\/4-metallgestreifte-vogel-auf-einem-zweig\/#local-main-organization-logo\",\"url\":\"https:\/\/www.eliassen.nl\/wp-content\/uploads\/2024\/01\/logo_4nd.jpg\",\"contentUrl\":\"https:\/\/www.eliassen.nl\/wp-content\/uploads\/2024\/01\/logo_4nd.jpg\",\"width\":500,\"height\":500,\"caption\":\"Eliassen Home & Garden Pleasure\"}]}<\/script>\n<meta property=\"product:price:amount\" content=\"22.50\" \/>\n<meta property=\"product:price:currency\" content=\"EUR\" \/>\n<meta property=\"og:availability\" content=\"instock\" \/>\n<meta property=\"product:availability\" content=\"instock\" \/>\n<meta property=\"product:retailer_item_id\" content=\"Za400929\" \/>\n<meta property=\"product:condition\" content=\"new\" \/>\n<!-- \/ Yoast SEO Premium plugin. -->","yoast_head_json":{"title":"4 gestreifte Metallv\u00f6gel auf einem Ast","description":"4 Metallv\u00f6gel auf einem Ast kaufen? Eliassen bietet Ihnen eine gro\u00dfe Auswahl an Gartenpf\u00e4hlen in einem gro\u00dfen Ausstellungsraum und online schnelle Lieferzeiten.","robots":{"index":"index","follow":"follow","max-snippet":"max-snippet:-1","max-image-preview":"max-image-preview:large","max-video-preview":"max-video-preview:-1"},"canonical":"https:\/\/www.eliassen.nl\/de\/4-metallgestreifte-vogel-auf-einem-zweig\/","og_locale":"de_DE","og_type":"article","og_title":"Zimba-arts 4 gestreifte Metallv\u00f6gel auf einem Ast - Eliassen.nl","og_description":"4 Metallv\u00f6gel auf einem Ast kaufen? Eliassen bietet Ihnen eine gro\u00dfe Auswahl an Gartenpf\u00e4hlen in einem gro\u00dfen Ausstellungsraum und online schnelle Lieferzeiten.","og_url":"https:\/\/www.eliassen.nl\/de\/4-metallgestreifte-vogel-auf-einem-zweig\/","og_site_name":"Eliassen.nl","article_publisher":"https:\/\/www.facebook.com\/TuincentrumEliassenAmmerzoden","article_modified_time":"2026-03-30T19:09:43+00:00","og_image":[{"width":2047,"height":1365,"url":"https:\/\/www.eliassen.nl\/wp-content\/uploads\/2024\/01\/kookaburrafamilyof4.jpg","type":"image\/jpeg"}],"twitter_card":"summary_large_image","schema":{"@context":"https:\/\/schema.org","@graph":[{"@type":"WebPage","@id":"https:\/\/www.eliassen.nl\/de\/4-metallgestreifte-vogel-auf-einem-zweig\/","url":"https:\/\/www.eliassen.nl\/de\/4-metallgestreifte-vogel-auf-einem-zweig\/","name":"4 gestreifte Metallv\u00f6gel auf einem Ast","isPartOf":{"@id":"https:\/\/www.eliassen.nl\/de\/#website"},"primaryImageOfPage":{"@id":"https:\/\/www.eliassen.nl\/de\/4-metallgestreifte-vogel-auf-einem-zweig\/#primaryimage"},"image":{"@id":"https:\/\/www.eliassen.nl\/de\/4-metallgestreifte-vogel-auf-einem-zweig\/#primaryimage"},"thumbnailUrl":"https:\/\/www.eliassen.nl\/wp-content\/uploads\/2024\/01\/kookaburrafamilyof4.jpg","datePublished":"2022-10-02T13:46:38+00:00","dateModified":"2026-03-30T19:09:43+00:00","description":"4 Metallv\u00f6gel auf einem Ast kaufen? Eliassen bietet Ihnen eine gro\u00dfe Auswahl an Gartenpf\u00e4hlen in einem gro\u00dfen Ausstellungsraum und online schnelle Lieferzeiten.","breadcrumb":{"@id":"https:\/\/www.eliassen.nl\/de\/4-metallgestreifte-vogel-auf-einem-zweig\/#breadcrumb"},"inLanguage":"de","potentialAction":[{"@type":"ReadAction","target":["https:\/\/www.eliassen.nl\/de\/4-metallgestreifte-vogel-auf-einem-zweig\/"]}]},{"@type":"ImageObject","inLanguage":"de","@id":"https:\/\/www.eliassen.nl\/de\/4-metallgestreifte-vogel-auf-einem-zweig\/#primaryimage","url":"https:\/\/www.eliassen.nl\/wp-content\/uploads\/2024\/01\/kookaburrafamilyof4.jpg","contentUrl":"https:\/\/www.eliassen.nl\/wp-content\/uploads\/2024\/01\/kookaburrafamilyof4.jpg","width":2047,"height":1365,"caption":"4-k\u00f6pfige Kookaburra-Familie"},{"@type":"BreadcrumbList","@id":"https:\/\/www.eliassen.nl\/de\/4-metallgestreifte-vogel-auf-einem-zweig\/#breadcrumb","itemListElement":[{"@type":"ListItem","position":1,"name":"Home","item":"https:\/\/www.eliassen.nl\/de\/"},{"@type":"ListItem","position":2,"name":"Shop","item":"https:\/\/www.eliassen.nl\/de\/shop\/"},{"@type":"ListItem","position":3,"name":"Dekoration aus Metall","item":"https:\/\/www.eliassen.nl\/de\/dekoration-aus-metall\/"},{"@type":"ListItem","position":4,"name":"Dekofiguren aus Metall","item":"https:\/\/www.eliassen.nl\/de\/dekoration-aus-metall\/dekofiguren-aus-metall\/"},{"@type":"ListItem","position":5,"name":"4 gestreifte Metallv\u00f6gel auf einem Ast"}]},{"@type":"WebSite","@id":"https:\/\/www.eliassen.nl\/de\/#website","url":"https:\/\/www.eliassen.nl\/de\/","name":"Eliassen Home & Garden Pleasure","description":"","publisher":{"@id":"https:\/\/www.eliassen.nl\/de\/#organization"},"alternateName":"Eliassen.nl","potentialAction":[{"@type":"SearchAction","target":{"@type":"EntryPoint","urlTemplate":"https:\/\/www.eliassen.nl\/de\/?s={search_term_string}"},"query-input":{"@type":"PropertyValueSpecification","valueRequired":true,"valueName":"search_term_string"}}],"inLanguage":"de"},{"@type":["Organization","Place"],"@id":"https:\/\/www.eliassen.nl\/de\/#organization","name":"Eliassen Home & Garden Pleasure","url":"https:\/\/www.eliassen.nl\/de\/","logo":{"@id":"https:\/\/www.eliassen.nl\/de\/4-metallgestreifte-vogel-auf-einem-zweig\/#local-main-organization-logo"},"image":{"@id":"https:\/\/www.eliassen.nl\/de\/4-metallgestreifte-vogel-auf-einem-zweig\/#local-main-organization-logo"},"sameAs":["https:\/\/www.facebook.com\/TuincentrumEliassenAmmerzoden","https:\/\/www.instagram.com\/eliassenhomeandgarden\/","https:\/\/nl.pinterest.com\/eliassenhomeandgarden\/","https:\/\/www.youtube.com\/@eliassenhomegardenpleasure4558"],"telephone":[],"openingHoursSpecification":[{"@type":"OpeningHoursSpecification","dayOfWeek":["Monday","Tuesday","Wednesday","Thursday","Friday","Saturday","Sunday"],"opens":"09:00","closes":"17:00"}]},{"@type":"ImageObject","inLanguage":"de","@id":"https:\/\/www.eliassen.nl\/de\/4-metallgestreifte-vogel-auf-einem-zweig\/#local-main-organization-logo","url":"https:\/\/www.eliassen.nl\/wp-content\/uploads\/2024\/01\/logo_4nd.jpg","contentUrl":"https:\/\/www.eliassen.nl\/wp-content\/uploads\/2024\/01\/logo_4nd.jpg","width":500,"height":500,"caption":"Eliassen Home & Garden Pleasure"}]},"product_price_amount":"22.50","product_price_currency":"EUR","og_availability":"instock","product_availability":"instock","product_retailer_item_id":"Za400929","product_condition":"new"},"df_price":22.5,"df_sale_price":"","df_regular_price":22.5,"df_image_link":"https:\/\/www.eliassen.nl\/wp-content\/uploads\/2024\/01\/kookaburrafamilyof4.jpg","image":"https:\/\/www.eliassen.nl\/wp-content\/uploads\/2024\/01\/kookaburrafamilyof4.jpg","price_search":"<span class=\"woocommerce-Price-amount amount\"><bdi><span class=\"woocommerce-Price-currencySymbol\">&euro;<\/span>&nbsp;22,50<\/bdi><\/span>","category":"Dekofiguren aus Metall","global_unique_id":"8719632400929","_links":{"self":[{"href":"https:\/\/www.eliassen.nl\/de\/wp-json\/wp\/v2\/product\/75778","targetHints":{"allow":["GET"]}}],"collection":[{"href":"https:\/\/www.eliassen.nl\/de\/wp-json\/wp\/v2\/product"}],"about":[{"href":"https:\/\/www.eliassen.nl\/de\/wp-json\/wp\/v2\/types\/product"}],"wp:featuredmedia":[{"embeddable":true,"href":"https:\/\/www.eliassen.nl\/de\/wp-json\/wp\/v2\/media\/75766"}],"wp:attachment":[{"href":"https:\/\/www.eliassen.nl\/de\/wp-json\/wp\/v2\/media?parent=75778"}],"wp:term":[{"taxonomy":"product_brand","embeddable":true,"href":"https:\/\/www.eliassen.nl\/de\/wp-json\/wp\/v2\/product_brand?post=75778"},{"taxonomy":"product_cat","embeddable":true,"href":"https:\/\/www.eliassen.nl\/de\/wp-json\/wp\/v2\/product_cat?post=75778"},{"taxonomy":"product_tag","embeddable":true,"href":"https:\/\/www.eliassen.nl\/de\/wp-json\/wp\/v2\/product_tag?post=75778"}],"curies":[{"name":"wp","href":"https:\/\/api.w.org\/{rel}","templated":true}]}}