{"id":75349,"date":"2022-09-23T10:02:36","date_gmt":"2022-09-23T10:02:36","guid":{"rendered":"https:\/\/www.eliassen.nl\/?product=beeld-denkende-man-antraciet-38cm"},"modified":"2026-04-10T15:41:40","modified_gmt":"2026-04-10T13:41:40","slug":"statue-eines-sitzenden-mannes-mit-kopf-auf-knie-anthrazit-38cm","status":"publish","type":"product","link":"https:\/\/www.eliassen.nl\/de\/statue-eines-sitzenden-mannes-mit-kopf-auf-knie-anthrazit-38cm\/","title":{"rendered":"Statue sitzender Mann mit Kopf auf Knie anthrazit 38cm"},"content":{"rendered":"<p>Holen Sie sich pure Sch\u00f6nheit in Ihr Haus oder Ihren Garten mit dieser modern geformten Statue eines Mannes mit Kopf auf dem Knie, in anthrazitfarbener Ausf\u00fchrung.<\/p>\n<p>Mit \u00e4u\u00dferster Pr\u00e4zision gefertigt und in einer sch\u00f6nen Form gestaltet.<\/p>\n<p>Diese Steinstatue ist aus felsenfestem, grauem Fibrinstein gefertigt, der bis ins kleinste Detail wundersch\u00f6n verarbeitet ist und eine hervorragende Qualit\u00e4t aufweist. Fiberstone wird aus zerkleinertem Naturstein hergestellt, der mit Polyester-Epoxidharz gemischt und mit Glasfasermatten verst\u00e4rkt wird.<\/p>\n<p><strong>Dieses Bild k\u00f6nnen Sie sich auch in unserem Shop ansehen.<\/strong><strong> <\/strong><\/p>\n<ul>\n<li>Gr\u00f6\u00dfe: 22x38cm hoch insgesamt<\/li>\n<li>Material: Polyester-Faserstein<\/li>\n<li>Farbe: Anthrazit<\/li>\n<li>F\u00fcr den Innen- und Au\u00dfeneinsatz<\/li>\n<li>Eigene Aktie<\/li>\n<li>3 Jahre Garantie, externe Sch\u00e4den ausgeschlossen<\/li>\n<li>UV-best\u00e4ndig<\/li>\n<li>Schnelle Lieferung<\/li>\n<li>Verpackt in einem stabilen Karton.<\/li>\n<\/ul>\n","protected":false},"excerpt":{"rendered":"<p>Statue eines denkenden Mannes, Kopf auf dem Knie<\/p>\n","protected":false},"featured_media":75334,"template":"","meta":{"_acf_changed":false,"_genesis_title":"","_genesis_description":""},"product_brand":[7505],"product_cat":[1376,7239],"product_tag":[],"class_list":{"0":"post-75349","1":"product","2":"type-product","3":"status-publish","4":"has-post-thumbnail","6":"product_brand-sonstige","7":"product_cat-polystone-bilder","8":"product_cat-bilder","10":"first","11":"instock","12":"sale","13":"taxable","14":"shipping-taxable","15":"purchasable","16":"product-type-simple"},"acf":[],"meta_all":{"total_sales":"4","cor_restricted_countries":[]},"meta_all_flat":{"total_sales":"4"},"yoast_head":"<!-- This site is optimized with the Yoast SEO Premium plugin v26.2 (Yoast SEO v27.2) - https:\/\/yoast.com\/product\/yoast-seo-premium-wordpress\/ -->\n<title>Statue sitzender Mann mit Kopf auf Knie | Anthrazit | 38cm | Eliassen.nl<\/title>\n<meta name=\"description\" content=\"Statue sitzender Mann mit Kopf auf dem Knie in anthrazitfarben. Material: Polyester Fiberstone. F\u00fcr den Innen- und Au\u00dfenbereich geeignet. \u2705 3 Jahre Garantie \u2705 LIVE-Ansicht!\" \/>\n<meta name=\"robots\" content=\"index, follow, max-snippet:-1, max-image-preview:large, max-video-preview:-1\" \/>\n<link rel=\"canonical\" href=\"https:\/\/www.eliassen.nl\/de\/statue-eines-sitzenden-mannes-mit-kopf-auf-knie-anthrazit-38cm\/\" \/>\n<meta property=\"og:locale\" content=\"de_DE\" \/>\n<meta property=\"og:type\" content=\"article\" \/>\n<meta property=\"og:title\" content=\"Sonstige Statue sitzender Mann mit Kopf auf Knie anthrazit 38cm - Eliassen.nl\" \/>\n<meta property=\"og:description\" content=\"Statue sitzender Mann mit Kopf auf dem Knie in anthrazitfarben. Material: Polyester Fiberstone. F\u00fcr den Innen- und Au\u00dfenbereich geeignet. \u2705 3 Jahre Garantie \u2705 LIVE-Ansicht!\" \/>\n<meta property=\"og:url\" content=\"https:\/\/www.eliassen.nl\/de\/statue-eines-sitzenden-mannes-mit-kopf-auf-knie-anthrazit-38cm\/\" \/>\n<meta property=\"og:site_name\" content=\"Eliassen.nl\" \/>\n<meta property=\"article:publisher\" content=\"https:\/\/www.facebook.com\/TuincentrumEliassenAmmerzoden\" \/>\n<meta property=\"article:modified_time\" content=\"2026-04-10T13:41:40+00:00\" \/>\n<meta property=\"og:image\" content=\"https:\/\/www.eliassen.nl\/wp-content\/uploads\/2024\/01\/beeldzittendemanmethoofdopknieantraciet38c.jpg\" \/>\n\t<meta property=\"og:image:width\" content=\"1045\" \/>\n\t<meta property=\"og:image:height\" content=\"2006\" \/>\n\t<meta property=\"og:image:type\" content=\"image\/jpeg\" \/>\n<meta name=\"twitter:card\" content=\"summary_large_image\" \/>\n<script type=\"application\/ld+json\" class=\"yoast-schema-graph\">{\"@context\":\"https:\/\/schema.org\",\"@graph\":[{\"@type\":\"WebPage\",\"@id\":\"https:\/\/www.eliassen.nl\/de\/statue-eines-sitzenden-mannes-mit-kopf-auf-knie-anthrazit-38cm\/\",\"url\":\"https:\/\/www.eliassen.nl\/de\/statue-eines-sitzenden-mannes-mit-kopf-auf-knie-anthrazit-38cm\/\",\"name\":\"Statue sitzender Mann mit Kopf auf Knie | Anthrazit | 38cm | Eliassen.nl\",\"isPartOf\":{\"@id\":\"https:\/\/www.eliassen.nl\/de\/#website\"},\"primaryImageOfPage\":{\"@id\":\"https:\/\/www.eliassen.nl\/de\/statue-eines-sitzenden-mannes-mit-kopf-auf-knie-anthrazit-38cm\/#primaryimage\"},\"image\":{\"@id\":\"https:\/\/www.eliassen.nl\/de\/statue-eines-sitzenden-mannes-mit-kopf-auf-knie-anthrazit-38cm\/#primaryimage\"},\"thumbnailUrl\":\"https:\/\/www.eliassen.nl\/wp-content\/uploads\/2024\/01\/beeldzittendemanmethoofdopknieantraciet38c.jpg\",\"datePublished\":\"2022-09-23T10:02:36+00:00\",\"dateModified\":\"2026-04-10T13:41:40+00:00\",\"description\":\"Statue sitzender Mann mit Kopf auf dem Knie in anthrazitfarben. Material: Polyester Fiberstone. F\u00fcr den Innen- und Au\u00dfenbereich geeignet. \u2705 3 Jahre Garantie \u2705 LIVE-Ansicht!\",\"breadcrumb\":{\"@id\":\"https:\/\/www.eliassen.nl\/de\/statue-eines-sitzenden-mannes-mit-kopf-auf-knie-anthrazit-38cm\/#breadcrumb\"},\"inLanguage\":\"de\",\"potentialAction\":[{\"@type\":\"ReadAction\",\"target\":[\"https:\/\/www.eliassen.nl\/de\/statue-eines-sitzenden-mannes-mit-kopf-auf-knie-anthrazit-38cm\/\"]}]},{\"@type\":\"ImageObject\",\"inLanguage\":\"de\",\"@id\":\"https:\/\/www.eliassen.nl\/de\/statue-eines-sitzenden-mannes-mit-kopf-auf-knie-anthrazit-38cm\/#primaryimage\",\"url\":\"https:\/\/www.eliassen.nl\/wp-content\/uploads\/2024\/01\/beeldzittendemanmethoofdopknieantraciet38c.jpg\",\"contentUrl\":\"https:\/\/www.eliassen.nl\/wp-content\/uploads\/2024\/01\/beeldzittendemanmethoofdopknieantraciet38c.jpg\",\"width\":1045,\"height\":2006,\"caption\":\"Statue sitzender Mann mit Kopf auf Knie anthrazit 38cm - Eliassen.nl\"},{\"@type\":\"BreadcrumbList\",\"@id\":\"https:\/\/www.eliassen.nl\/de\/statue-eines-sitzenden-mannes-mit-kopf-auf-knie-anthrazit-38cm\/#breadcrumb\",\"itemListElement\":[{\"@type\":\"ListItem\",\"position\":1,\"name\":\"Home\",\"item\":\"https:\/\/www.eliassen.nl\/de\/\"},{\"@type\":\"ListItem\",\"position\":2,\"name\":\"Shop\",\"item\":\"https:\/\/www.eliassen.nl\/de\/shop\/\"},{\"@type\":\"ListItem\",\"position\":3,\"name\":\"Bilder\",\"item\":\"https:\/\/www.eliassen.nl\/de\/bilder\/\"},{\"@type\":\"ListItem\",\"position\":4,\"name\":\"Polystone-Bilder\",\"item\":\"https:\/\/www.eliassen.nl\/de\/bilder\/polystone-bilder\/\"},{\"@type\":\"ListItem\",\"position\":5,\"name\":\"Statue sitzender Mann mit Kopf auf Knie anthrazit 38cm\"}]},{\"@type\":\"WebSite\",\"@id\":\"https:\/\/www.eliassen.nl\/de\/#website\",\"url\":\"https:\/\/www.eliassen.nl\/de\/\",\"name\":\"Eliassen Home & Garden Pleasure\",\"description\":\"\",\"publisher\":{\"@id\":\"https:\/\/www.eliassen.nl\/de\/#organization\"},\"alternateName\":\"Eliassen.nl\",\"potentialAction\":[{\"@type\":\"SearchAction\",\"target\":{\"@type\":\"EntryPoint\",\"urlTemplate\":\"https:\/\/www.eliassen.nl\/de\/?s={search_term_string}\"},\"query-input\":{\"@type\":\"PropertyValueSpecification\",\"valueRequired\":true,\"valueName\":\"search_term_string\"}}],\"inLanguage\":\"de\"},{\"@type\":[\"Organization\",\"Place\"],\"@id\":\"https:\/\/www.eliassen.nl\/de\/#organization\",\"name\":\"Eliassen Home & Garden Pleasure\",\"url\":\"https:\/\/www.eliassen.nl\/de\/\",\"logo\":{\"@id\":\"https:\/\/www.eliassen.nl\/de\/statue-eines-sitzenden-mannes-mit-kopf-auf-knie-anthrazit-38cm\/#local-main-organization-logo\"},\"image\":{\"@id\":\"https:\/\/www.eliassen.nl\/de\/statue-eines-sitzenden-mannes-mit-kopf-auf-knie-anthrazit-38cm\/#local-main-organization-logo\"},\"sameAs\":[\"https:\/\/www.facebook.com\/TuincentrumEliassenAmmerzoden\",\"https:\/\/www.instagram.com\/eliassenhomeandgarden\/\",\"https:\/\/nl.pinterest.com\/eliassenhomeandgarden\/\",\"https:\/\/www.youtube.com\/@eliassenhomegardenpleasure4558\"],\"telephone\":[],\"openingHoursSpecification\":[{\"@type\":\"OpeningHoursSpecification\",\"dayOfWeek\":[\"Monday\",\"Tuesday\",\"Wednesday\",\"Thursday\",\"Friday\",\"Saturday\",\"Sunday\"],\"opens\":\"09:00\",\"closes\":\"17:00\"}]},{\"@type\":\"ImageObject\",\"inLanguage\":\"de\",\"@id\":\"https:\/\/www.eliassen.nl\/de\/statue-eines-sitzenden-mannes-mit-kopf-auf-knie-anthrazit-38cm\/#local-main-organization-logo\",\"url\":\"https:\/\/www.eliassen.nl\/wp-content\/uploads\/2024\/01\/logo_4nd.jpg\",\"contentUrl\":\"https:\/\/www.eliassen.nl\/wp-content\/uploads\/2024\/01\/logo_4nd.jpg\",\"width\":500,\"height\":500,\"caption\":\"Eliassen Home & Garden Pleasure\"}]}<\/script>\n<meta property=\"product:price:amount\" content=\"39.50\" \/>\n<meta property=\"product:price:currency\" content=\"EUR\" \/>\n<meta property=\"og:availability\" content=\"instock\" \/>\n<meta property=\"product:availability\" content=\"instock\" \/>\n<meta property=\"product:retailer_item_id\" content=\"3132-1-101\" \/>\n<meta property=\"product:condition\" content=\"new\" \/>\n<!-- \/ Yoast SEO Premium plugin. -->","yoast_head_json":{"title":"Statue sitzender Mann mit Kopf auf Knie | Anthrazit | 38cm | Eliassen.nl","description":"Statue sitzender Mann mit Kopf auf dem Knie in anthrazitfarben. Material: Polyester Fiberstone. F\u00fcr den Innen- und Au\u00dfenbereich geeignet. \u2705 3 Jahre Garantie \u2705 LIVE-Ansicht!","robots":{"index":"index","follow":"follow","max-snippet":"max-snippet:-1","max-image-preview":"max-image-preview:large","max-video-preview":"max-video-preview:-1"},"canonical":"https:\/\/www.eliassen.nl\/de\/statue-eines-sitzenden-mannes-mit-kopf-auf-knie-anthrazit-38cm\/","og_locale":"de_DE","og_type":"article","og_title":"Sonstige Statue sitzender Mann mit Kopf auf Knie anthrazit 38cm - Eliassen.nl","og_description":"Statue sitzender Mann mit Kopf auf dem Knie in anthrazitfarben. Material: Polyester Fiberstone. F\u00fcr den Innen- und Au\u00dfenbereich geeignet. \u2705 3 Jahre Garantie \u2705 LIVE-Ansicht!","og_url":"https:\/\/www.eliassen.nl\/de\/statue-eines-sitzenden-mannes-mit-kopf-auf-knie-anthrazit-38cm\/","og_site_name":"Eliassen.nl","article_publisher":"https:\/\/www.facebook.com\/TuincentrumEliassenAmmerzoden","article_modified_time":"2026-04-10T13:41:40+00:00","og_image":[{"width":1045,"height":2006,"url":"https:\/\/www.eliassen.nl\/wp-content\/uploads\/2024\/01\/beeldzittendemanmethoofdopknieantraciet38c.jpg","type":"image\/jpeg"}],"twitter_card":"summary_large_image","schema":{"@context":"https:\/\/schema.org","@graph":[{"@type":"WebPage","@id":"https:\/\/www.eliassen.nl\/de\/statue-eines-sitzenden-mannes-mit-kopf-auf-knie-anthrazit-38cm\/","url":"https:\/\/www.eliassen.nl\/de\/statue-eines-sitzenden-mannes-mit-kopf-auf-knie-anthrazit-38cm\/","name":"Statue sitzender Mann mit Kopf auf Knie | Anthrazit | 38cm | Eliassen.nl","isPartOf":{"@id":"https:\/\/www.eliassen.nl\/de\/#website"},"primaryImageOfPage":{"@id":"https:\/\/www.eliassen.nl\/de\/statue-eines-sitzenden-mannes-mit-kopf-auf-knie-anthrazit-38cm\/#primaryimage"},"image":{"@id":"https:\/\/www.eliassen.nl\/de\/statue-eines-sitzenden-mannes-mit-kopf-auf-knie-anthrazit-38cm\/#primaryimage"},"thumbnailUrl":"https:\/\/www.eliassen.nl\/wp-content\/uploads\/2024\/01\/beeldzittendemanmethoofdopknieantraciet38c.jpg","datePublished":"2022-09-23T10:02:36+00:00","dateModified":"2026-04-10T13:41:40+00:00","description":"Statue sitzender Mann mit Kopf auf dem Knie in anthrazitfarben. Material: Polyester Fiberstone. F\u00fcr den Innen- und Au\u00dfenbereich geeignet. \u2705 3 Jahre Garantie \u2705 LIVE-Ansicht!","breadcrumb":{"@id":"https:\/\/www.eliassen.nl\/de\/statue-eines-sitzenden-mannes-mit-kopf-auf-knie-anthrazit-38cm\/#breadcrumb"},"inLanguage":"de","potentialAction":[{"@type":"ReadAction","target":["https:\/\/www.eliassen.nl\/de\/statue-eines-sitzenden-mannes-mit-kopf-auf-knie-anthrazit-38cm\/"]}]},{"@type":"ImageObject","inLanguage":"de","@id":"https:\/\/www.eliassen.nl\/de\/statue-eines-sitzenden-mannes-mit-kopf-auf-knie-anthrazit-38cm\/#primaryimage","url":"https:\/\/www.eliassen.nl\/wp-content\/uploads\/2024\/01\/beeldzittendemanmethoofdopknieantraciet38c.jpg","contentUrl":"https:\/\/www.eliassen.nl\/wp-content\/uploads\/2024\/01\/beeldzittendemanmethoofdopknieantraciet38c.jpg","width":1045,"height":2006,"caption":"Statue sitzender Mann mit Kopf auf Knie anthrazit 38cm - Eliassen.nl"},{"@type":"BreadcrumbList","@id":"https:\/\/www.eliassen.nl\/de\/statue-eines-sitzenden-mannes-mit-kopf-auf-knie-anthrazit-38cm\/#breadcrumb","itemListElement":[{"@type":"ListItem","position":1,"name":"Home","item":"https:\/\/www.eliassen.nl\/de\/"},{"@type":"ListItem","position":2,"name":"Shop","item":"https:\/\/www.eliassen.nl\/de\/shop\/"},{"@type":"ListItem","position":3,"name":"Bilder","item":"https:\/\/www.eliassen.nl\/de\/bilder\/"},{"@type":"ListItem","position":4,"name":"Polystone-Bilder","item":"https:\/\/www.eliassen.nl\/de\/bilder\/polystone-bilder\/"},{"@type":"ListItem","position":5,"name":"Statue sitzender Mann mit Kopf auf Knie anthrazit 38cm"}]},{"@type":"WebSite","@id":"https:\/\/www.eliassen.nl\/de\/#website","url":"https:\/\/www.eliassen.nl\/de\/","name":"Eliassen Home & Garden Pleasure","description":"","publisher":{"@id":"https:\/\/www.eliassen.nl\/de\/#organization"},"alternateName":"Eliassen.nl","potentialAction":[{"@type":"SearchAction","target":{"@type":"EntryPoint","urlTemplate":"https:\/\/www.eliassen.nl\/de\/?s={search_term_string}"},"query-input":{"@type":"PropertyValueSpecification","valueRequired":true,"valueName":"search_term_string"}}],"inLanguage":"de"},{"@type":["Organization","Place"],"@id":"https:\/\/www.eliassen.nl\/de\/#organization","name":"Eliassen Home & Garden Pleasure","url":"https:\/\/www.eliassen.nl\/de\/","logo":{"@id":"https:\/\/www.eliassen.nl\/de\/statue-eines-sitzenden-mannes-mit-kopf-auf-knie-anthrazit-38cm\/#local-main-organization-logo"},"image":{"@id":"https:\/\/www.eliassen.nl\/de\/statue-eines-sitzenden-mannes-mit-kopf-auf-knie-anthrazit-38cm\/#local-main-organization-logo"},"sameAs":["https:\/\/www.facebook.com\/TuincentrumEliassenAmmerzoden","https:\/\/www.instagram.com\/eliassenhomeandgarden\/","https:\/\/nl.pinterest.com\/eliassenhomeandgarden\/","https:\/\/www.youtube.com\/@eliassenhomegardenpleasure4558"],"telephone":[],"openingHoursSpecification":[{"@type":"OpeningHoursSpecification","dayOfWeek":["Monday","Tuesday","Wednesday","Thursday","Friday","Saturday","Sunday"],"opens":"09:00","closes":"17:00"}]},{"@type":"ImageObject","inLanguage":"de","@id":"https:\/\/www.eliassen.nl\/de\/statue-eines-sitzenden-mannes-mit-kopf-auf-knie-anthrazit-38cm\/#local-main-organization-logo","url":"https:\/\/www.eliassen.nl\/wp-content\/uploads\/2024\/01\/logo_4nd.jpg","contentUrl":"https:\/\/www.eliassen.nl\/wp-content\/uploads\/2024\/01\/logo_4nd.jpg","width":500,"height":500,"caption":"Eliassen Home & Garden Pleasure"}]},"product_price_amount":"39.50","product_price_currency":"EUR","og_availability":"instock","product_availability":"instock","product_retailer_item_id":"3132-1-101","product_condition":"new"},"df_price":39.5,"df_sale_price":39.5,"df_regular_price":49.5,"df_image_link":"https:\/\/www.eliassen.nl\/wp-content\/uploads\/2024\/01\/beeldzittendemanmethoofdopknieantraciet38c.jpg","image":"https:\/\/www.eliassen.nl\/wp-content\/uploads\/2024\/01\/beeldzittendemanmethoofdopknieantraciet38c.jpg","price_search":"<span class=\"woocommerce-Price-amount amount\"><bdi><span class=\"woocommerce-Price-currencySymbol\">&euro;<\/span>&nbsp;39,50<\/bdi><\/span>","category":"Polystone-Bilder","global_unique_id":"6096516926945","_links":{"self":[{"href":"https:\/\/www.eliassen.nl\/de\/wp-json\/wp\/v2\/product\/75349","targetHints":{"allow":["GET"]}}],"collection":[{"href":"https:\/\/www.eliassen.nl\/de\/wp-json\/wp\/v2\/product"}],"about":[{"href":"https:\/\/www.eliassen.nl\/de\/wp-json\/wp\/v2\/types\/product"}],"wp:featuredmedia":[{"embeddable":true,"href":"https:\/\/www.eliassen.nl\/de\/wp-json\/wp\/v2\/media\/75334"}],"wp:attachment":[{"href":"https:\/\/www.eliassen.nl\/de\/wp-json\/wp\/v2\/media?parent=75349"}],"wp:term":[{"taxonomy":"product_brand","embeddable":true,"href":"https:\/\/www.eliassen.nl\/de\/wp-json\/wp\/v2\/product_brand?post=75349"},{"taxonomy":"product_cat","embeddable":true,"href":"https:\/\/www.eliassen.nl\/de\/wp-json\/wp\/v2\/product_cat?post=75349"},{"taxonomy":"product_tag","embeddable":true,"href":"https:\/\/www.eliassen.nl\/de\/wp-json\/wp\/v2\/product_tag?post=75349"}],"curies":[{"name":"wp","href":"https:\/\/api.w.org\/{rel}","templated":true}]}}