{"id":75157,"date":"2022-09-22T16:53:37","date_gmt":"2022-09-22T16:53:37","guid":{"rendered":"https:\/\/www.eliassen.nl\/?product=beeld-zittende-man-antraciet-28cm-met-gekruiste-be"},"modified":"2026-01-16T14:13:00","modified_gmt":"2026-01-16T13:13:00","slug":"statue-mann-yogahaltung-anthrazit-28cm","status":"publish","type":"product","link":"https:\/\/www.eliassen.nl\/de\/statue-mann-yogahaltung-anthrazit-28cm\/","title":{"rendered":"Statue Mann Yoga-Pose anthrazit 28cm"},"content":{"rendered":"<p>Holen Sie sich pure Sch\u00f6nheit in Ihr Haus oder Ihren Garten mit dieser modern geformten Yogastatue in anthrazitfarbener Ausf\u00fchrung.<\/p>\n<p>Diese Statue eines Yoga-Praktizierenden mit gekreuzten Beinen ist aus felsenfestem anthrazitfarbenem Fiberstein gefertigt, der bis ins kleinste Detail wundersch\u00f6n verarbeitet wurde und von h\u00f6chster Qualit\u00e4t ist. Fiberstone wird aus zerkleinertem Naturstein hergestellt, der mit Polyester-Epoxidharz gemischt und mit Glasfasermatten verst\u00e4rkt wird.<\/p>\n<p>Diese Skulptur verdient es, auf einem Sockel, in einem Schrank oder an einer Wand aufgestellt zu werden.<\/p>\n<p><strong>Dieses Bild k\u00f6nnen Sie sich auch in unserem Shop ansehen.<\/strong><strong> <\/strong><\/p>\n<ul>\n<li>Gr\u00f6\u00dfe: 20x28cm hoch<\/li>\n<li>Eigene Aktie<\/li>\n<li>3 Jahre Garantie, externe Sch\u00e4den ausgeschlossen<\/li>\n<li>UV-best\u00e4ndig<\/li>\n<li>Schnelle Lieferung<\/li>\n<li>Verpackt in stabilem Karton<\/li>\n<\/ul>\n","protected":false},"excerpt":{"rendered":"<p>Dekorative Figur im Yoga-St\u00e4nder<\/p>\n","protected":false},"featured_media":75142,"template":"","meta":{"_acf_changed":false,"_genesis_title":"","_genesis_description":""},"product_brand":[7505],"product_cat":[1376,7239],"product_tag":[],"class_list":{"0":"post-75157","1":"product","2":"type-product","3":"status-publish","4":"has-post-thumbnail","6":"product_brand-sonstige","7":"product_cat-polystone-bilder","8":"product_cat-bilder","10":"first","11":"instock","12":"taxable","13":"shipping-taxable","14":"purchasable","15":"product-type-simple"},"acf":[],"meta_all":{"total_sales":"1","cor_restricted_countries":[]},"meta_all_flat":{"total_sales":"1"},"yoast_head":"<!-- This site is optimized with the Yoast SEO Premium plugin v26.2 (Yoast SEO v27.2) - https:\/\/yoast.com\/product\/yoast-seo-premium-wordpress\/ -->\n<title>Statue Mann Yoga-Pose | Anthrazit | 28cm | Eliassen.nl<\/title>\n<meta name=\"description\" content=\"Statue Mann Yoga-Pose in Anthrazit. Ein sch\u00f6nes beruhigendes Objekt f\u00fcr das Wohnzimmer oder B\u00fcro. \u2705 3 Jahre Garantie \u2705 LIVE Besichtigung in unserem Ausstellungsraum!\" \/>\n<meta name=\"robots\" content=\"index, follow, max-snippet:-1, max-image-preview:large, max-video-preview:-1\" \/>\n<link rel=\"canonical\" href=\"https:\/\/www.eliassen.nl\/de\/statue-mann-yogahaltung-anthrazit-28cm\/\" \/>\n<meta property=\"og:locale\" content=\"de_DE\" \/>\n<meta property=\"og:type\" content=\"article\" \/>\n<meta property=\"og:title\" content=\"Sonstige Statue Mann Yoga-Pose anthrazit 28cm - Eliassen.nl\" \/>\n<meta property=\"og:description\" content=\"Statue Mann Yoga-Pose in Anthrazit. Ein sch\u00f6nes beruhigendes Objekt f\u00fcr das Wohnzimmer oder B\u00fcro. \u2705 3 Jahre Garantie \u2705 LIVE Besichtigung in unserem Ausstellungsraum!\" \/>\n<meta property=\"og:url\" content=\"https:\/\/www.eliassen.nl\/de\/statue-mann-yogahaltung-anthrazit-28cm\/\" \/>\n<meta property=\"og:site_name\" content=\"Eliassen.nl\" \/>\n<meta property=\"article:publisher\" content=\"https:\/\/www.facebook.com\/TuincentrumEliassenAmmerzoden\" \/>\n<meta property=\"article:modified_time\" content=\"2026-01-16T13:13:00+00:00\" \/>\n<meta property=\"og:image\" content=\"https:\/\/www.eliassen.nl\/wp-content\/uploads\/2024\/01\/beeldmanyogahoudingantraciet28cmeliassennl.jpg\" \/>\n\t<meta property=\"og:image:width\" content=\"1475\" \/>\n\t<meta property=\"og:image:height\" content=\"2048\" \/>\n\t<meta property=\"og:image:type\" content=\"image\/jpeg\" \/>\n<meta name=\"twitter:card\" content=\"summary_large_image\" \/>\n<script type=\"application\/ld+json\" class=\"yoast-schema-graph\">{\"@context\":\"https:\/\/schema.org\",\"@graph\":[{\"@type\":\"WebPage\",\"@id\":\"https:\/\/www.eliassen.nl\/de\/statue-mann-yogahaltung-anthrazit-28cm\/\",\"url\":\"https:\/\/www.eliassen.nl\/de\/statue-mann-yogahaltung-anthrazit-28cm\/\",\"name\":\"Statue Mann Yoga-Pose | Anthrazit | 28cm | Eliassen.nl\",\"isPartOf\":{\"@id\":\"https:\/\/www.eliassen.nl\/de\/#website\"},\"primaryImageOfPage\":{\"@id\":\"https:\/\/www.eliassen.nl\/de\/statue-mann-yogahaltung-anthrazit-28cm\/#primaryimage\"},\"image\":{\"@id\":\"https:\/\/www.eliassen.nl\/de\/statue-mann-yogahaltung-anthrazit-28cm\/#primaryimage\"},\"thumbnailUrl\":\"https:\/\/www.eliassen.nl\/wp-content\/uploads\/2024\/01\/beeldmanyogahoudingantraciet28cmeliassennl.jpg\",\"datePublished\":\"2022-09-22T16:53:37+00:00\",\"dateModified\":\"2026-01-16T13:13:00+00:00\",\"description\":\"Statue Mann Yoga-Pose in Anthrazit. Ein sch\u00f6nes beruhigendes Objekt f\u00fcr das Wohnzimmer oder B\u00fcro. \u2705 3 Jahre Garantie \u2705 LIVE Besichtigung in unserem Ausstellungsraum!\",\"breadcrumb\":{\"@id\":\"https:\/\/www.eliassen.nl\/de\/statue-mann-yogahaltung-anthrazit-28cm\/#breadcrumb\"},\"inLanguage\":\"de\",\"potentialAction\":[{\"@type\":\"ReadAction\",\"target\":[\"https:\/\/www.eliassen.nl\/de\/statue-mann-yogahaltung-anthrazit-28cm\/\"]}]},{\"@type\":\"ImageObject\",\"inLanguage\":\"de\",\"@id\":\"https:\/\/www.eliassen.nl\/de\/statue-mann-yogahaltung-anthrazit-28cm\/#primaryimage\",\"url\":\"https:\/\/www.eliassen.nl\/wp-content\/uploads\/2024\/01\/beeldmanyogahoudingantraciet28cmeliassennl.jpg\",\"contentUrl\":\"https:\/\/www.eliassen.nl\/wp-content\/uploads\/2024\/01\/beeldmanyogahoudingantraciet28cmeliassennl.jpg\",\"width\":1475,\"height\":2048,\"caption\":\"Statue Mann Yoga-Pose anthrazit 28cm - Eliassen.nl\"},{\"@type\":\"BreadcrumbList\",\"@id\":\"https:\/\/www.eliassen.nl\/de\/statue-mann-yogahaltung-anthrazit-28cm\/#breadcrumb\",\"itemListElement\":[{\"@type\":\"ListItem\",\"position\":1,\"name\":\"Home\",\"item\":\"https:\/\/www.eliassen.nl\/de\/\"},{\"@type\":\"ListItem\",\"position\":2,\"name\":\"Shop\",\"item\":\"https:\/\/www.eliassen.nl\/de\/shop\/\"},{\"@type\":\"ListItem\",\"position\":3,\"name\":\"Bilder\",\"item\":\"https:\/\/www.eliassen.nl\/de\/bilder\/\"},{\"@type\":\"ListItem\",\"position\":4,\"name\":\"Polystone-Bilder\",\"item\":\"https:\/\/www.eliassen.nl\/de\/bilder\/polystone-bilder\/\"},{\"@type\":\"ListItem\",\"position\":5,\"name\":\"Statue Mann Yoga-Pose anthrazit 28cm\"}]},{\"@type\":\"WebSite\",\"@id\":\"https:\/\/www.eliassen.nl\/de\/#website\",\"url\":\"https:\/\/www.eliassen.nl\/de\/\",\"name\":\"Eliassen Home & Garden Pleasure\",\"description\":\"\",\"publisher\":{\"@id\":\"https:\/\/www.eliassen.nl\/de\/#organization\"},\"alternateName\":\"Eliassen.nl\",\"potentialAction\":[{\"@type\":\"SearchAction\",\"target\":{\"@type\":\"EntryPoint\",\"urlTemplate\":\"https:\/\/www.eliassen.nl\/de\/?s={search_term_string}\"},\"query-input\":{\"@type\":\"PropertyValueSpecification\",\"valueRequired\":true,\"valueName\":\"search_term_string\"}}],\"inLanguage\":\"de\"},{\"@type\":[\"Organization\",\"Place\"],\"@id\":\"https:\/\/www.eliassen.nl\/de\/#organization\",\"name\":\"Eliassen Home & Garden Pleasure\",\"url\":\"https:\/\/www.eliassen.nl\/de\/\",\"logo\":{\"@id\":\"https:\/\/www.eliassen.nl\/de\/statue-mann-yogahaltung-anthrazit-28cm\/#local-main-organization-logo\"},\"image\":{\"@id\":\"https:\/\/www.eliassen.nl\/de\/statue-mann-yogahaltung-anthrazit-28cm\/#local-main-organization-logo\"},\"sameAs\":[\"https:\/\/www.facebook.com\/TuincentrumEliassenAmmerzoden\",\"https:\/\/www.instagram.com\/eliassenhomeandgarden\/\",\"https:\/\/nl.pinterest.com\/eliassenhomeandgarden\/\",\"https:\/\/www.youtube.com\/@eliassenhomegardenpleasure4558\"],\"telephone\":[],\"openingHoursSpecification\":[{\"@type\":\"OpeningHoursSpecification\",\"dayOfWeek\":[\"Monday\",\"Tuesday\",\"Wednesday\",\"Thursday\",\"Friday\",\"Saturday\",\"Sunday\"],\"opens\":\"09:00\",\"closes\":\"17:00\"}]},{\"@type\":\"ImageObject\",\"inLanguage\":\"de\",\"@id\":\"https:\/\/www.eliassen.nl\/de\/statue-mann-yogahaltung-anthrazit-28cm\/#local-main-organization-logo\",\"url\":\"https:\/\/www.eliassen.nl\/wp-content\/uploads\/2024\/01\/logo_4nd.jpg\",\"contentUrl\":\"https:\/\/www.eliassen.nl\/wp-content\/uploads\/2024\/01\/logo_4nd.jpg\",\"width\":500,\"height\":500,\"caption\":\"Eliassen Home & Garden Pleasure\"}]}<\/script>\n<meta property=\"product:price:amount\" content=\"24.50\" \/>\n<meta property=\"product:price:currency\" content=\"EUR\" \/>\n<meta property=\"og:availability\" content=\"instock\" \/>\n<meta property=\"product:availability\" content=\"instock\" \/>\n<meta property=\"product:retailer_item_id\" content=\"3099-1-101\" \/>\n<meta property=\"product:condition\" content=\"new\" \/>\n<!-- \/ Yoast SEO Premium plugin. -->","yoast_head_json":{"title":"Statue Mann Yoga-Pose | Anthrazit | 28cm | Eliassen.nl","description":"Statue Mann Yoga-Pose in Anthrazit. Ein sch\u00f6nes beruhigendes Objekt f\u00fcr das Wohnzimmer oder B\u00fcro. \u2705 3 Jahre Garantie \u2705 LIVE Besichtigung in unserem Ausstellungsraum!","robots":{"index":"index","follow":"follow","max-snippet":"max-snippet:-1","max-image-preview":"max-image-preview:large","max-video-preview":"max-video-preview:-1"},"canonical":"https:\/\/www.eliassen.nl\/de\/statue-mann-yogahaltung-anthrazit-28cm\/","og_locale":"de_DE","og_type":"article","og_title":"Sonstige Statue Mann Yoga-Pose anthrazit 28cm - Eliassen.nl","og_description":"Statue Mann Yoga-Pose in Anthrazit. Ein sch\u00f6nes beruhigendes Objekt f\u00fcr das Wohnzimmer oder B\u00fcro. \u2705 3 Jahre Garantie \u2705 LIVE Besichtigung in unserem Ausstellungsraum!","og_url":"https:\/\/www.eliassen.nl\/de\/statue-mann-yogahaltung-anthrazit-28cm\/","og_site_name":"Eliassen.nl","article_publisher":"https:\/\/www.facebook.com\/TuincentrumEliassenAmmerzoden","article_modified_time":"2026-01-16T13:13:00+00:00","og_image":[{"width":1475,"height":2048,"url":"https:\/\/www.eliassen.nl\/wp-content\/uploads\/2024\/01\/beeldmanyogahoudingantraciet28cmeliassennl.jpg","type":"image\/jpeg"}],"twitter_card":"summary_large_image","schema":{"@context":"https:\/\/schema.org","@graph":[{"@type":"WebPage","@id":"https:\/\/www.eliassen.nl\/de\/statue-mann-yogahaltung-anthrazit-28cm\/","url":"https:\/\/www.eliassen.nl\/de\/statue-mann-yogahaltung-anthrazit-28cm\/","name":"Statue Mann Yoga-Pose | Anthrazit | 28cm | Eliassen.nl","isPartOf":{"@id":"https:\/\/www.eliassen.nl\/de\/#website"},"primaryImageOfPage":{"@id":"https:\/\/www.eliassen.nl\/de\/statue-mann-yogahaltung-anthrazit-28cm\/#primaryimage"},"image":{"@id":"https:\/\/www.eliassen.nl\/de\/statue-mann-yogahaltung-anthrazit-28cm\/#primaryimage"},"thumbnailUrl":"https:\/\/www.eliassen.nl\/wp-content\/uploads\/2024\/01\/beeldmanyogahoudingantraciet28cmeliassennl.jpg","datePublished":"2022-09-22T16:53:37+00:00","dateModified":"2026-01-16T13:13:00+00:00","description":"Statue Mann Yoga-Pose in Anthrazit. Ein sch\u00f6nes beruhigendes Objekt f\u00fcr das Wohnzimmer oder B\u00fcro. \u2705 3 Jahre Garantie \u2705 LIVE Besichtigung in unserem Ausstellungsraum!","breadcrumb":{"@id":"https:\/\/www.eliassen.nl\/de\/statue-mann-yogahaltung-anthrazit-28cm\/#breadcrumb"},"inLanguage":"de","potentialAction":[{"@type":"ReadAction","target":["https:\/\/www.eliassen.nl\/de\/statue-mann-yogahaltung-anthrazit-28cm\/"]}]},{"@type":"ImageObject","inLanguage":"de","@id":"https:\/\/www.eliassen.nl\/de\/statue-mann-yogahaltung-anthrazit-28cm\/#primaryimage","url":"https:\/\/www.eliassen.nl\/wp-content\/uploads\/2024\/01\/beeldmanyogahoudingantraciet28cmeliassennl.jpg","contentUrl":"https:\/\/www.eliassen.nl\/wp-content\/uploads\/2024\/01\/beeldmanyogahoudingantraciet28cmeliassennl.jpg","width":1475,"height":2048,"caption":"Statue Mann Yoga-Pose anthrazit 28cm - Eliassen.nl"},{"@type":"BreadcrumbList","@id":"https:\/\/www.eliassen.nl\/de\/statue-mann-yogahaltung-anthrazit-28cm\/#breadcrumb","itemListElement":[{"@type":"ListItem","position":1,"name":"Home","item":"https:\/\/www.eliassen.nl\/de\/"},{"@type":"ListItem","position":2,"name":"Shop","item":"https:\/\/www.eliassen.nl\/de\/shop\/"},{"@type":"ListItem","position":3,"name":"Bilder","item":"https:\/\/www.eliassen.nl\/de\/bilder\/"},{"@type":"ListItem","position":4,"name":"Polystone-Bilder","item":"https:\/\/www.eliassen.nl\/de\/bilder\/polystone-bilder\/"},{"@type":"ListItem","position":5,"name":"Statue Mann Yoga-Pose anthrazit 28cm"}]},{"@type":"WebSite","@id":"https:\/\/www.eliassen.nl\/de\/#website","url":"https:\/\/www.eliassen.nl\/de\/","name":"Eliassen Home & Garden Pleasure","description":"","publisher":{"@id":"https:\/\/www.eliassen.nl\/de\/#organization"},"alternateName":"Eliassen.nl","potentialAction":[{"@type":"SearchAction","target":{"@type":"EntryPoint","urlTemplate":"https:\/\/www.eliassen.nl\/de\/?s={search_term_string}"},"query-input":{"@type":"PropertyValueSpecification","valueRequired":true,"valueName":"search_term_string"}}],"inLanguage":"de"},{"@type":["Organization","Place"],"@id":"https:\/\/www.eliassen.nl\/de\/#organization","name":"Eliassen Home & Garden Pleasure","url":"https:\/\/www.eliassen.nl\/de\/","logo":{"@id":"https:\/\/www.eliassen.nl\/de\/statue-mann-yogahaltung-anthrazit-28cm\/#local-main-organization-logo"},"image":{"@id":"https:\/\/www.eliassen.nl\/de\/statue-mann-yogahaltung-anthrazit-28cm\/#local-main-organization-logo"},"sameAs":["https:\/\/www.facebook.com\/TuincentrumEliassenAmmerzoden","https:\/\/www.instagram.com\/eliassenhomeandgarden\/","https:\/\/nl.pinterest.com\/eliassenhomeandgarden\/","https:\/\/www.youtube.com\/@eliassenhomegardenpleasure4558"],"telephone":[],"openingHoursSpecification":[{"@type":"OpeningHoursSpecification","dayOfWeek":["Monday","Tuesday","Wednesday","Thursday","Friday","Saturday","Sunday"],"opens":"09:00","closes":"17:00"}]},{"@type":"ImageObject","inLanguage":"de","@id":"https:\/\/www.eliassen.nl\/de\/statue-mann-yogahaltung-anthrazit-28cm\/#local-main-organization-logo","url":"https:\/\/www.eliassen.nl\/wp-content\/uploads\/2024\/01\/logo_4nd.jpg","contentUrl":"https:\/\/www.eliassen.nl\/wp-content\/uploads\/2024\/01\/logo_4nd.jpg","width":500,"height":500,"caption":"Eliassen Home & Garden Pleasure"}]},"product_price_amount":"24.50","product_price_currency":"EUR","og_availability":"instock","product_availability":"instock","product_retailer_item_id":"3099-1-101","product_condition":"new"},"df_price":24.5,"df_sale_price":"","df_regular_price":24.5,"df_image_link":"https:\/\/www.eliassen.nl\/wp-content\/uploads\/2024\/01\/beeldmanyogahoudingantraciet28cmeliassennl.jpg","image":"https:\/\/www.eliassen.nl\/wp-content\/uploads\/2024\/01\/beeldmanyogahoudingantraciet28cmeliassennl.jpg","price_search":"<span class=\"woocommerce-Price-amount amount\"><bdi><span class=\"woocommerce-Price-currencySymbol\">&euro;<\/span>&nbsp;24,50<\/bdi><\/span>","category":"Polystone-Bilder","global_unique_id":"6096526429429","_links":{"self":[{"href":"https:\/\/www.eliassen.nl\/de\/wp-json\/wp\/v2\/product\/75157","targetHints":{"allow":["GET"]}}],"collection":[{"href":"https:\/\/www.eliassen.nl\/de\/wp-json\/wp\/v2\/product"}],"about":[{"href":"https:\/\/www.eliassen.nl\/de\/wp-json\/wp\/v2\/types\/product"}],"wp:featuredmedia":[{"embeddable":true,"href":"https:\/\/www.eliassen.nl\/de\/wp-json\/wp\/v2\/media\/75142"}],"wp:attachment":[{"href":"https:\/\/www.eliassen.nl\/de\/wp-json\/wp\/v2\/media?parent=75157"}],"wp:term":[{"taxonomy":"product_brand","embeddable":true,"href":"https:\/\/www.eliassen.nl\/de\/wp-json\/wp\/v2\/product_brand?post=75157"},{"taxonomy":"product_cat","embeddable":true,"href":"https:\/\/www.eliassen.nl\/de\/wp-json\/wp\/v2\/product_cat?post=75157"},{"taxonomy":"product_tag","embeddable":true,"href":"https:\/\/www.eliassen.nl\/de\/wp-json\/wp\/v2\/product_tag?post=75157"}],"curies":[{"name":"wp","href":"https:\/\/api.w.org\/{rel}","templated":true}]}}