{"id":75109,"date":"2022-09-22T16:41:37","date_gmt":"2022-09-22T16:41:37","guid":{"rendered":"https:\/\/www.eliassen.nl\/?product=zuil-rond-80cm-wit-mat"},"modified":"2025-11-27T15:19:43","modified_gmt":"2025-11-27T14:19:43","slug":"saule-rund-80cm-weiss-matt","status":"publish","type":"product","link":"https:\/\/www.eliassen.nl\/de\/saule-rund-80cm-weiss-matt\/","title":{"rendered":"S\u00e4ule rund 80cm wei\u00df matt"},"content":{"rendered":"<p>Bringen Sie pure Sch\u00f6nheit in Ihr Haus oder Ihren Garten mit dieser gro\u00dfen, modernen, matten, runden, wei\u00dfen S\u00e4ule.<\/p>\n<p>Hergestellt aus felsenfestem Fiberstein, der mit einem superstarken, seidigen Lack von h\u00f6chster Qualit\u00e4t, vergleichbar mit Autolack, veredelt ist. Fiberstone wird aus zerkleinertem Naturstein hergestellt, der mit Polyester-Epoxidharz gemischt und mit Glasfasermatten verst\u00e4rkt wird. Sch\u00f6n in Kombination mit einem Codi-Topf, aber auch f\u00fcr eine Statue, Pflanze, Sonnenuhr usw.<\/p>\n<ul>\n<li>Gr\u00f6\u00dfe: 30cm Durchmesser x 80cm hoch<\/li>\n<li>Farbe Mattwei\u00df<\/li>\n<li>Sehr stilvoll in schlichten, modernen Innenr\u00e4umen<\/li>\n<li>Maximale Belastung: 100 kg<\/li>\n<li>Material: Polyester-Faserstein<\/li>\n<li>3 Jahre Garantie, externe Sch\u00e4den ausgeschlossen<\/li>\n<li>UV-best\u00e4ndig<\/li>\n<li>Schnelle Lieferung<\/li>\n<li>Verpackt in stabilem Karton<\/li>\n<\/ul>\n","protected":false},"excerpt":{"rendered":"<p>Sch\u00f6ner mattwei\u00dfer Sockel in einzigartiger runder Form.<\/p>\n","protected":false},"featured_media":75106,"template":"","meta":{"_acf_changed":false,"_genesis_title":"","_genesis_description":""},"product_brand":[7505],"product_cat":[782,788],"product_tag":[7298],"class_list":{"0":"post-75109","1":"product","2":"type-product","3":"status-publish","4":"has-post-thumbnail","6":"product_brand-sonstige","7":"product_cat-sockel","8":"product_cat-sockel-aus-polyester","9":"product_tag-groser-kunststoff","11":"first","12":"instock","13":"taxable","14":"shipping-taxable","15":"purchasable","16":"product-type-simple"},"acf":[],"meta_all":{"total_sales":"3","wcml_sync_hash":{"postmeta_fields":"5299c08b0953b92eb5982eb68ccff7b3"},"attr_label_translations":[]},"meta_all_flat":{"total_sales":"3","wcml_sync_hash.postmeta_fields":"5299c08b0953b92eb5982eb68ccff7b3"},"yoast_head":"<!-- This site is optimized with the Yoast SEO Premium plugin v26.2 (Yoast SEO v27.2) - https:\/\/yoast.com\/product\/yoast-seo-premium-wordpress\/ -->\n<title>S\u00e4ule rund | 80cm | wei\u00df matt | Polyester Fiberstone | Eliassen.nl<\/title>\n<meta name=\"description\" content=\"Runde moderne S\u00e4ule in wei\u00df matt. Wundersch\u00f6n verarbeitet. Material: Polyester Fiberstone. \u2705 3 Jahre Garantie \u2705 Besuchen Sie unseren Ausstellungsraum!\" \/>\n<meta name=\"robots\" content=\"index, follow, max-snippet:-1, max-image-preview:large, max-video-preview:-1\" \/>\n<link rel=\"canonical\" href=\"https:\/\/www.eliassen.nl\/de\/saule-rund-80cm-weiss-matt\/\" \/>\n<meta property=\"og:locale\" content=\"de_DE\" \/>\n<meta property=\"og:type\" content=\"article\" \/>\n<meta property=\"og:title\" content=\"Sonstige S\u00e4ule rund 80cm wei\u00df matt - Eliassen.nl\" \/>\n<meta property=\"og:description\" content=\"Runde moderne S\u00e4ule in wei\u00df matt. Wundersch\u00f6n verarbeitet. Material: Polyester Fiberstone. \u2705 3 Jahre Garantie \u2705 Besuchen Sie unseren Ausstellungsraum!\" \/>\n<meta property=\"og:url\" content=\"https:\/\/www.eliassen.nl\/de\/saule-rund-80cm-weiss-matt\/\" \/>\n<meta property=\"og:site_name\" content=\"Eliassen.nl\" \/>\n<meta property=\"article:publisher\" content=\"https:\/\/www.facebook.com\/TuincentrumEliassenAmmerzoden\" \/>\n<meta property=\"article:modified_time\" content=\"2025-11-27T14:19:43+00:00\" \/>\n<meta property=\"og:image\" content=\"https:\/\/www.eliassen.nl\/wp-content\/uploads\/2024\/01\/zuilrond80cmwitmateliassennl.jpg\" \/>\n\t<meta property=\"og:image:width\" content=\"873\" \/>\n\t<meta property=\"og:image:height\" content=\"1297\" \/>\n\t<meta property=\"og:image:type\" content=\"image\/jpeg\" \/>\n<meta name=\"twitter:card\" content=\"summary_large_image\" \/>\n<script type=\"application\/ld+json\" class=\"yoast-schema-graph\">{\"@context\":\"https:\/\/schema.org\",\"@graph\":[{\"@type\":\"WebPage\",\"@id\":\"https:\/\/www.eliassen.nl\/de\/saule-rund-80cm-weiss-matt\/\",\"url\":\"https:\/\/www.eliassen.nl\/de\/saule-rund-80cm-weiss-matt\/\",\"name\":\"S\u00e4ule rund | 80cm | wei\u00df matt | Polyester Fiberstone | Eliassen.nl\",\"isPartOf\":{\"@id\":\"https:\/\/www.eliassen.nl\/de\/#website\"},\"primaryImageOfPage\":{\"@id\":\"https:\/\/www.eliassen.nl\/de\/saule-rund-80cm-weiss-matt\/#primaryimage\"},\"image\":{\"@id\":\"https:\/\/www.eliassen.nl\/de\/saule-rund-80cm-weiss-matt\/#primaryimage\"},\"thumbnailUrl\":\"https:\/\/www.eliassen.nl\/wp-content\/uploads\/2024\/01\/zuilrond80cmwitmateliassennl.jpg\",\"datePublished\":\"2022-09-22T16:41:37+00:00\",\"dateModified\":\"2025-11-27T14:19:43+00:00\",\"description\":\"Runde moderne S\u00e4ule in wei\u00df matt. Wundersch\u00f6n verarbeitet. Material: Polyester Fiberstone. \u2705 3 Jahre Garantie \u2705 Besuchen Sie unseren Ausstellungsraum!\",\"breadcrumb\":{\"@id\":\"https:\/\/www.eliassen.nl\/de\/saule-rund-80cm-weiss-matt\/#breadcrumb\"},\"inLanguage\":\"de\",\"potentialAction\":[{\"@type\":\"ReadAction\",\"target\":[\"https:\/\/www.eliassen.nl\/de\/saule-rund-80cm-weiss-matt\/\"]}]},{\"@type\":\"ImageObject\",\"inLanguage\":\"de\",\"@id\":\"https:\/\/www.eliassen.nl\/de\/saule-rund-80cm-weiss-matt\/#primaryimage\",\"url\":\"https:\/\/www.eliassen.nl\/wp-content\/uploads\/2024\/01\/zuilrond80cmwitmateliassennl.jpg\",\"contentUrl\":\"https:\/\/www.eliassen.nl\/wp-content\/uploads\/2024\/01\/zuilrond80cmwitmateliassennl.jpg\",\"width\":873,\"height\":1297,\"caption\":\"S\u00e4ule rund 80cm wei\u00df matt - Eliassen.nl\"},{\"@type\":\"BreadcrumbList\",\"@id\":\"https:\/\/www.eliassen.nl\/de\/saule-rund-80cm-weiss-matt\/#breadcrumb\",\"itemListElement\":[{\"@type\":\"ListItem\",\"position\":1,\"name\":\"Home\",\"item\":\"https:\/\/www.eliassen.nl\/de\/\"},{\"@type\":\"ListItem\",\"position\":2,\"name\":\"Shop\",\"item\":\"https:\/\/www.eliassen.nl\/de\/shop\/\"},{\"@type\":\"ListItem\",\"position\":3,\"name\":\"Sockel\",\"item\":\"https:\/\/www.eliassen.nl\/de\/sockel\/\"},{\"@type\":\"ListItem\",\"position\":4,\"name\":\"Sockel aus Polyester\",\"item\":\"https:\/\/www.eliassen.nl\/de\/sockel\/sockel-aus-polyester\/\"},{\"@type\":\"ListItem\",\"position\":5,\"name\":\"S\u00e4ule rund 80cm wei\u00df matt\"}]},{\"@type\":\"WebSite\",\"@id\":\"https:\/\/www.eliassen.nl\/de\/#website\",\"url\":\"https:\/\/www.eliassen.nl\/de\/\",\"name\":\"Eliassen Home & Garden Pleasure\",\"description\":\"\",\"publisher\":{\"@id\":\"https:\/\/www.eliassen.nl\/de\/#organization\"},\"alternateName\":\"Eliassen.nl\",\"potentialAction\":[{\"@type\":\"SearchAction\",\"target\":{\"@type\":\"EntryPoint\",\"urlTemplate\":\"https:\/\/www.eliassen.nl\/de\/?s={search_term_string}\"},\"query-input\":{\"@type\":\"PropertyValueSpecification\",\"valueRequired\":true,\"valueName\":\"search_term_string\"}}],\"inLanguage\":\"de\"},{\"@type\":[\"Organization\",\"Place\"],\"@id\":\"https:\/\/www.eliassen.nl\/de\/#organization\",\"name\":\"Eliassen Home & Garden Pleasure\",\"url\":\"https:\/\/www.eliassen.nl\/de\/\",\"logo\":{\"@id\":\"https:\/\/www.eliassen.nl\/de\/saule-rund-80cm-weiss-matt\/#local-main-organization-logo\"},\"image\":{\"@id\":\"https:\/\/www.eliassen.nl\/de\/saule-rund-80cm-weiss-matt\/#local-main-organization-logo\"},\"sameAs\":[\"https:\/\/www.facebook.com\/TuincentrumEliassenAmmerzoden\",\"https:\/\/www.instagram.com\/eliassenhomeandgarden\/\",\"https:\/\/nl.pinterest.com\/eliassenhomeandgarden\/\",\"https:\/\/www.youtube.com\/@eliassenhomegardenpleasure4558\"],\"telephone\":[],\"openingHoursSpecification\":[{\"@type\":\"OpeningHoursSpecification\",\"dayOfWeek\":[\"Monday\",\"Tuesday\",\"Wednesday\",\"Thursday\",\"Friday\",\"Saturday\",\"Sunday\"],\"opens\":\"09:00\",\"closes\":\"17:00\"}]},{\"@type\":\"ImageObject\",\"inLanguage\":\"de\",\"@id\":\"https:\/\/www.eliassen.nl\/de\/saule-rund-80cm-weiss-matt\/#local-main-organization-logo\",\"url\":\"https:\/\/www.eliassen.nl\/wp-content\/uploads\/2024\/01\/logo_4nd.jpg\",\"contentUrl\":\"https:\/\/www.eliassen.nl\/wp-content\/uploads\/2024\/01\/logo_4nd.jpg\",\"width\":500,\"height\":500,\"caption\":\"Eliassen Home & Garden Pleasure\"}]}<\/script>\n<meta property=\"product:price:amount\" content=\"189.00\" \/>\n<meta property=\"product:price:currency\" content=\"EUR\" \/>\n<meta property=\"og:availability\" content=\"instock\" \/>\n<meta property=\"product:availability\" content=\"instock\" \/>\n<meta property=\"product:retailer_item_id\" content=\"3082-c-011\" \/>\n<meta property=\"product:condition\" content=\"new\" \/>\n<!-- \/ Yoast SEO Premium plugin. -->","yoast_head_json":{"title":"S\u00e4ule rund | 80cm | wei\u00df matt | Polyester Fiberstone | Eliassen.nl","description":"Runde moderne S\u00e4ule in wei\u00df matt. Wundersch\u00f6n verarbeitet. Material: Polyester Fiberstone. \u2705 3 Jahre Garantie \u2705 Besuchen Sie unseren Ausstellungsraum!","robots":{"index":"index","follow":"follow","max-snippet":"max-snippet:-1","max-image-preview":"max-image-preview:large","max-video-preview":"max-video-preview:-1"},"canonical":"https:\/\/www.eliassen.nl\/de\/saule-rund-80cm-weiss-matt\/","og_locale":"de_DE","og_type":"article","og_title":"Sonstige S\u00e4ule rund 80cm wei\u00df matt - Eliassen.nl","og_description":"Runde moderne S\u00e4ule in wei\u00df matt. Wundersch\u00f6n verarbeitet. Material: Polyester Fiberstone. \u2705 3 Jahre Garantie \u2705 Besuchen Sie unseren Ausstellungsraum!","og_url":"https:\/\/www.eliassen.nl\/de\/saule-rund-80cm-weiss-matt\/","og_site_name":"Eliassen.nl","article_publisher":"https:\/\/www.facebook.com\/TuincentrumEliassenAmmerzoden","article_modified_time":"2025-11-27T14:19:43+00:00","og_image":[{"width":873,"height":1297,"url":"https:\/\/www.eliassen.nl\/wp-content\/uploads\/2024\/01\/zuilrond80cmwitmateliassennl.jpg","type":"image\/jpeg"}],"twitter_card":"summary_large_image","schema":{"@context":"https:\/\/schema.org","@graph":[{"@type":"WebPage","@id":"https:\/\/www.eliassen.nl\/de\/saule-rund-80cm-weiss-matt\/","url":"https:\/\/www.eliassen.nl\/de\/saule-rund-80cm-weiss-matt\/","name":"S\u00e4ule rund | 80cm | wei\u00df matt | Polyester Fiberstone | Eliassen.nl","isPartOf":{"@id":"https:\/\/www.eliassen.nl\/de\/#website"},"primaryImageOfPage":{"@id":"https:\/\/www.eliassen.nl\/de\/saule-rund-80cm-weiss-matt\/#primaryimage"},"image":{"@id":"https:\/\/www.eliassen.nl\/de\/saule-rund-80cm-weiss-matt\/#primaryimage"},"thumbnailUrl":"https:\/\/www.eliassen.nl\/wp-content\/uploads\/2024\/01\/zuilrond80cmwitmateliassennl.jpg","datePublished":"2022-09-22T16:41:37+00:00","dateModified":"2025-11-27T14:19:43+00:00","description":"Runde moderne S\u00e4ule in wei\u00df matt. Wundersch\u00f6n verarbeitet. Material: Polyester Fiberstone. \u2705 3 Jahre Garantie \u2705 Besuchen Sie unseren Ausstellungsraum!","breadcrumb":{"@id":"https:\/\/www.eliassen.nl\/de\/saule-rund-80cm-weiss-matt\/#breadcrumb"},"inLanguage":"de","potentialAction":[{"@type":"ReadAction","target":["https:\/\/www.eliassen.nl\/de\/saule-rund-80cm-weiss-matt\/"]}]},{"@type":"ImageObject","inLanguage":"de","@id":"https:\/\/www.eliassen.nl\/de\/saule-rund-80cm-weiss-matt\/#primaryimage","url":"https:\/\/www.eliassen.nl\/wp-content\/uploads\/2024\/01\/zuilrond80cmwitmateliassennl.jpg","contentUrl":"https:\/\/www.eliassen.nl\/wp-content\/uploads\/2024\/01\/zuilrond80cmwitmateliassennl.jpg","width":873,"height":1297,"caption":"S\u00e4ule rund 80cm wei\u00df matt - Eliassen.nl"},{"@type":"BreadcrumbList","@id":"https:\/\/www.eliassen.nl\/de\/saule-rund-80cm-weiss-matt\/#breadcrumb","itemListElement":[{"@type":"ListItem","position":1,"name":"Home","item":"https:\/\/www.eliassen.nl\/de\/"},{"@type":"ListItem","position":2,"name":"Shop","item":"https:\/\/www.eliassen.nl\/de\/shop\/"},{"@type":"ListItem","position":3,"name":"Sockel","item":"https:\/\/www.eliassen.nl\/de\/sockel\/"},{"@type":"ListItem","position":4,"name":"Sockel aus Polyester","item":"https:\/\/www.eliassen.nl\/de\/sockel\/sockel-aus-polyester\/"},{"@type":"ListItem","position":5,"name":"S\u00e4ule rund 80cm wei\u00df matt"}]},{"@type":"WebSite","@id":"https:\/\/www.eliassen.nl\/de\/#website","url":"https:\/\/www.eliassen.nl\/de\/","name":"Eliassen Home & Garden Pleasure","description":"","publisher":{"@id":"https:\/\/www.eliassen.nl\/de\/#organization"},"alternateName":"Eliassen.nl","potentialAction":[{"@type":"SearchAction","target":{"@type":"EntryPoint","urlTemplate":"https:\/\/www.eliassen.nl\/de\/?s={search_term_string}"},"query-input":{"@type":"PropertyValueSpecification","valueRequired":true,"valueName":"search_term_string"}}],"inLanguage":"de"},{"@type":["Organization","Place"],"@id":"https:\/\/www.eliassen.nl\/de\/#organization","name":"Eliassen Home & Garden Pleasure","url":"https:\/\/www.eliassen.nl\/de\/","logo":{"@id":"https:\/\/www.eliassen.nl\/de\/saule-rund-80cm-weiss-matt\/#local-main-organization-logo"},"image":{"@id":"https:\/\/www.eliassen.nl\/de\/saule-rund-80cm-weiss-matt\/#local-main-organization-logo"},"sameAs":["https:\/\/www.facebook.com\/TuincentrumEliassenAmmerzoden","https:\/\/www.instagram.com\/eliassenhomeandgarden\/","https:\/\/nl.pinterest.com\/eliassenhomeandgarden\/","https:\/\/www.youtube.com\/@eliassenhomegardenpleasure4558"],"telephone":[],"openingHoursSpecification":[{"@type":"OpeningHoursSpecification","dayOfWeek":["Monday","Tuesday","Wednesday","Thursday","Friday","Saturday","Sunday"],"opens":"09:00","closes":"17:00"}]},{"@type":"ImageObject","inLanguage":"de","@id":"https:\/\/www.eliassen.nl\/de\/saule-rund-80cm-weiss-matt\/#local-main-organization-logo","url":"https:\/\/www.eliassen.nl\/wp-content\/uploads\/2024\/01\/logo_4nd.jpg","contentUrl":"https:\/\/www.eliassen.nl\/wp-content\/uploads\/2024\/01\/logo_4nd.jpg","width":500,"height":500,"caption":"Eliassen Home & Garden Pleasure"}]},"product_price_amount":"189.00","product_price_currency":"EUR","og_availability":"instock","product_availability":"instock","product_retailer_item_id":"3082-c-011","product_condition":"new"},"df_price":189,"df_sale_price":"","df_regular_price":189,"df_image_link":"https:\/\/www.eliassen.nl\/wp-content\/uploads\/2024\/01\/zuilrond80cmwitmateliassennl.jpg","image":"https:\/\/www.eliassen.nl\/wp-content\/uploads\/2024\/01\/zuilrond80cmwitmateliassennl.jpg","price_search":"<span class=\"woocommerce-Price-amount amount\"><bdi><span class=\"woocommerce-Price-currencySymbol\">&euro;<\/span>&nbsp;189,00<\/bdi><\/span>","category":"Sockel","global_unique_id":"6096520911944","_links":{"self":[{"href":"https:\/\/www.eliassen.nl\/de\/wp-json\/wp\/v2\/product\/75109","targetHints":{"allow":["GET"]}}],"collection":[{"href":"https:\/\/www.eliassen.nl\/de\/wp-json\/wp\/v2\/product"}],"about":[{"href":"https:\/\/www.eliassen.nl\/de\/wp-json\/wp\/v2\/types\/product"}],"wp:featuredmedia":[{"embeddable":true,"href":"https:\/\/www.eliassen.nl\/de\/wp-json\/wp\/v2\/media\/75106"}],"wp:attachment":[{"href":"https:\/\/www.eliassen.nl\/de\/wp-json\/wp\/v2\/media?parent=75109"}],"wp:term":[{"taxonomy":"product_brand","embeddable":true,"href":"https:\/\/www.eliassen.nl\/de\/wp-json\/wp\/v2\/product_brand?post=75109"},{"taxonomy":"product_cat","embeddable":true,"href":"https:\/\/www.eliassen.nl\/de\/wp-json\/wp\/v2\/product_cat?post=75109"},{"taxonomy":"product_tag","embeddable":true,"href":"https:\/\/www.eliassen.nl\/de\/wp-json\/wp\/v2\/product_tag?post=75109"}],"curies":[{"name":"wp","href":"https:\/\/api.w.org\/{rel}","templated":true}]}}