{"id":75091,"date":"2022-09-22T16:31:26","date_gmt":"2022-09-22T16:31:26","guid":{"rendered":"https:\/\/www.eliassen.nl\/?product=beeld-helpende-hand-antra-op-kubus-grijs-52cm"},"modified":"2026-03-30T21:54:32","modified_gmt":"2026-03-30T19:54:32","slug":"bild-helfende-hand-antra-auf-wurfel-grau-52cm","status":"publish","type":"product","link":"https:\/\/www.eliassen.nl\/de\/bild-helfende-hand-antra-auf-wurfel-grau-52cm\/","title":{"rendered":"Statue helfende Hand auf W\u00fcrfel grau 52cm"},"content":{"rendered":"<div class=\"main\">\n<p>Ein sch\u00f6nes Dekorationsst\u00fcck f\u00fcr Haus und Garten. Diese Statue ist mit einem W\u00fcrfel aus Polystone kombiniert. Perfekt gemacht ohne N\u00e4hte. Die Figuren sind aus dem felsenfesten Fiberstone gefertigt, der sehr stabil ist. Fibrestone wird aus zerkleinertem Marmor hergestellt, der mit Polyester-Epoxidharz gemischt wird. Dieses Modell ist ein wundersch\u00f6nes und exklusives Dekorationsst\u00fcck f\u00fcr jeden Garten, jedes Haus und jeden Arbeitsplatz. Dieser Artikel, der 2 Menschen zeigt, die sich gegenseitig helfen und die Hand reichen, wird f\u00fcr viele Menschen ein wertvolles Geschenk sein.<\/p>\n<p>Diese Figuren werden mit Schrauben am W\u00fcrfel befestigt. Ziehen Sie sie immer vorsichtig und mit leichter Hand an.<\/p>\n<p><strong>Dieses Bild k\u00f6nnen Sie sich auch in unserem Shop ansehen.<\/strong><\/p>\n<ul>\n<li>Gr\u00f6\u00dfe: 26x26x52cm hoch<\/li>\n<li>Eigene Aktie<\/li>\n<li>3 Jahre Garantie, externe Sch\u00e4den ausgeschlossen<\/li>\n<li>UV-best\u00e4ndig<\/li>\n<li>Eigene Aktie<\/li>\n<li>Schnelle Lieferung<\/li>\n<li>Verpackt in stabilem Karton<\/li>\n<\/ul>\n<\/div>\n","protected":false},"excerpt":{"rendered":"<p>Bild von 2 Menschen, die sich gegenseitig helfen<\/p>\n","protected":false},"featured_media":188974,"template":"","meta":{"_acf_changed":false,"_genesis_title":"","_genesis_description":""},"product_brand":[7505],"product_cat":[1364,1376,7239],"product_tag":[],"class_list":{"0":"post-75091","1":"product","2":"type-product","3":"status-publish","4":"has-post-thumbnail","6":"product_brand-sonstige","7":"product_cat-figuren-liebe","8":"product_cat-polystone-bilder","9":"product_cat-bilder","11":"first","12":"instock","13":"taxable","14":"shipping-taxable","15":"purchasable","16":"product-type-simple"},"acf":[],"meta_all":{"total_sales":"6","wcml_sync_hash":{"postmeta_fields":"5b883303906d5a7dbaa582229992f207"},"attr_label_translations":[],"cor_restricted_countries":[]},"meta_all_flat":{"total_sales":"6","wcml_sync_hash.postmeta_fields":"5b883303906d5a7dbaa582229992f207"},"yoast_head":"<!-- This site is optimized with the Yoast SEO Premium plugin v26.2 (Yoast SEO v27.2) - https:\/\/yoast.com\/product\/yoast-seo-premium-wordpress\/ -->\n<title>Statue helfende Hand antra auf W\u00fcrfel grau 52cm<\/title>\n<meta name=\"description\" content=\"Bilder? Schauen Sie sich unser riesiges Angebot in unserem Webshop an, oder kommen Sie zu uns und sehen Sie sich die Produkte live an !!!\" \/>\n<meta name=\"robots\" content=\"index, follow, max-snippet:-1, max-image-preview:large, max-video-preview:-1\" \/>\n<link rel=\"canonical\" href=\"https:\/\/www.eliassen.nl\/de\/bild-helfende-hand-antra-auf-wurfel-grau-52cm\/\" \/>\n<meta property=\"og:locale\" content=\"de_DE\" \/>\n<meta property=\"og:type\" content=\"article\" \/>\n<meta property=\"og:title\" content=\"Sonstige Statue helfende Hand auf W\u00fcrfel grau 52cm - Eliassen.nl\" \/>\n<meta property=\"og:description\" content=\"Bilder? Schauen Sie sich unser riesiges Angebot in unserem Webshop an, oder kommen Sie zu uns und sehen Sie sich die Produkte live an !!!\" \/>\n<meta property=\"og:url\" content=\"https:\/\/www.eliassen.nl\/de\/bild-helfende-hand-antra-auf-wurfel-grau-52cm\/\" \/>\n<meta property=\"og:site_name\" content=\"Eliassen.nl\" \/>\n<meta property=\"article:publisher\" content=\"https:\/\/www.facebook.com\/TuincentrumEliassenAmmerzoden\" \/>\n<meta property=\"article:modified_time\" content=\"2026-03-30T19:54:32+00:00\" \/>\n<meta property=\"og:image\" content=\"https:\/\/www.eliassen.nl\/wp-content\/uploads\/2022\/09\/pro-4SWJrfop-scaled.jpeg\" \/>\n\t<meta property=\"og:image:width\" content=\"1440\" \/>\n\t<meta property=\"og:image:height\" content=\"2560\" \/>\n\t<meta property=\"og:image:type\" content=\"image\/jpeg\" \/>\n<meta name=\"twitter:card\" content=\"summary_large_image\" \/>\n<script type=\"application\/ld+json\" class=\"yoast-schema-graph\">{\"@context\":\"https:\/\/schema.org\",\"@graph\":[{\"@type\":\"WebPage\",\"@id\":\"https:\/\/www.eliassen.nl\/de\/bild-helfende-hand-antra-auf-wurfel-grau-52cm\/\",\"url\":\"https:\/\/www.eliassen.nl\/de\/bild-helfende-hand-antra-auf-wurfel-grau-52cm\/\",\"name\":\"Statue helfende Hand antra auf W\u00fcrfel grau 52cm\",\"isPartOf\":{\"@id\":\"https:\/\/www.eliassen.nl\/de\/#website\"},\"primaryImageOfPage\":{\"@id\":\"https:\/\/www.eliassen.nl\/de\/bild-helfende-hand-antra-auf-wurfel-grau-52cm\/#primaryimage\"},\"image\":{\"@id\":\"https:\/\/www.eliassen.nl\/de\/bild-helfende-hand-antra-auf-wurfel-grau-52cm\/#primaryimage\"},\"thumbnailUrl\":\"https:\/\/www.eliassen.nl\/wp-content\/uploads\/2022\/09\/pro-4SWJrfop-scaled.jpeg\",\"datePublished\":\"2022-09-22T16:31:26+00:00\",\"dateModified\":\"2026-03-30T19:54:32+00:00\",\"description\":\"Bilder? Schauen Sie sich unser riesiges Angebot in unserem Webshop an, oder kommen Sie zu uns und sehen Sie sich die Produkte live an !!!\",\"breadcrumb\":{\"@id\":\"https:\/\/www.eliassen.nl\/de\/bild-helfende-hand-antra-auf-wurfel-grau-52cm\/#breadcrumb\"},\"inLanguage\":\"de\",\"potentialAction\":[{\"@type\":\"ReadAction\",\"target\":[\"https:\/\/www.eliassen.nl\/de\/bild-helfende-hand-antra-auf-wurfel-grau-52cm\/\"]}]},{\"@type\":\"ImageObject\",\"inLanguage\":\"de\",\"@id\":\"https:\/\/www.eliassen.nl\/de\/bild-helfende-hand-antra-auf-wurfel-grau-52cm\/#primaryimage\",\"url\":\"https:\/\/www.eliassen.nl\/wp-content\/uploads\/2022\/09\/pro-4SWJrfop-scaled.jpeg\",\"contentUrl\":\"https:\/\/www.eliassen.nl\/wp-content\/uploads\/2022\/09\/pro-4SWJrfop-scaled.jpeg\",\"width\":1440,\"height\":2560},{\"@type\":\"BreadcrumbList\",\"@id\":\"https:\/\/www.eliassen.nl\/de\/bild-helfende-hand-antra-auf-wurfel-grau-52cm\/#breadcrumb\",\"itemListElement\":[{\"@type\":\"ListItem\",\"position\":1,\"name\":\"Home\",\"item\":\"https:\/\/www.eliassen.nl\/de\/\"},{\"@type\":\"ListItem\",\"position\":2,\"name\":\"Shop\",\"item\":\"https:\/\/www.eliassen.nl\/de\/shop\/\"},{\"@type\":\"ListItem\",\"position\":3,\"name\":\"Bilder\",\"item\":\"https:\/\/www.eliassen.nl\/de\/bilder\/\"},{\"@type\":\"ListItem\",\"position\":4,\"name\":\"Figuren Liebe\",\"item\":\"https:\/\/www.eliassen.nl\/de\/bilder\/figuren-liebe\/\"},{\"@type\":\"ListItem\",\"position\":5,\"name\":\"Statue helfende Hand auf W\u00fcrfel grau 52cm\"}]},{\"@type\":\"WebSite\",\"@id\":\"https:\/\/www.eliassen.nl\/de\/#website\",\"url\":\"https:\/\/www.eliassen.nl\/de\/\",\"name\":\"Eliassen Home & Garden Pleasure\",\"description\":\"\",\"publisher\":{\"@id\":\"https:\/\/www.eliassen.nl\/de\/#organization\"},\"alternateName\":\"Eliassen.nl\",\"potentialAction\":[{\"@type\":\"SearchAction\",\"target\":{\"@type\":\"EntryPoint\",\"urlTemplate\":\"https:\/\/www.eliassen.nl\/de\/?s={search_term_string}\"},\"query-input\":{\"@type\":\"PropertyValueSpecification\",\"valueRequired\":true,\"valueName\":\"search_term_string\"}}],\"inLanguage\":\"de\"},{\"@type\":[\"Organization\",\"Place\"],\"@id\":\"https:\/\/www.eliassen.nl\/de\/#organization\",\"name\":\"Eliassen Home & Garden Pleasure\",\"url\":\"https:\/\/www.eliassen.nl\/de\/\",\"logo\":{\"@id\":\"https:\/\/www.eliassen.nl\/de\/bild-helfende-hand-antra-auf-wurfel-grau-52cm\/#local-main-organization-logo\"},\"image\":{\"@id\":\"https:\/\/www.eliassen.nl\/de\/bild-helfende-hand-antra-auf-wurfel-grau-52cm\/#local-main-organization-logo\"},\"sameAs\":[\"https:\/\/www.facebook.com\/TuincentrumEliassenAmmerzoden\",\"https:\/\/www.instagram.com\/eliassenhomeandgarden\/\",\"https:\/\/nl.pinterest.com\/eliassenhomeandgarden\/\",\"https:\/\/www.youtube.com\/@eliassenhomegardenpleasure4558\"],\"telephone\":[],\"openingHoursSpecification\":[{\"@type\":\"OpeningHoursSpecification\",\"dayOfWeek\":[\"Monday\",\"Tuesday\",\"Wednesday\",\"Thursday\",\"Friday\",\"Saturday\",\"Sunday\"],\"opens\":\"09:00\",\"closes\":\"17:00\"}]},{\"@type\":\"ImageObject\",\"inLanguage\":\"de\",\"@id\":\"https:\/\/www.eliassen.nl\/de\/bild-helfende-hand-antra-auf-wurfel-grau-52cm\/#local-main-organization-logo\",\"url\":\"https:\/\/www.eliassen.nl\/wp-content\/uploads\/2024\/01\/logo_4nd.jpg\",\"contentUrl\":\"https:\/\/www.eliassen.nl\/wp-content\/uploads\/2024\/01\/logo_4nd.jpg\",\"width\":500,\"height\":500,\"caption\":\"Eliassen Home & Garden Pleasure\"}]}<\/script>\n<meta property=\"product:price:amount\" content=\"89.00\" \/>\n<meta property=\"product:price:currency\" content=\"EUR\" \/>\n<meta property=\"og:availability\" content=\"instock\" \/>\n<meta property=\"product:availability\" content=\"instock\" \/>\n<meta property=\"product:retailer_item_id\" content=\"3041-1-003\" \/>\n<meta property=\"product:condition\" content=\"new\" \/>\n<!-- \/ Yoast SEO Premium plugin. -->","yoast_head_json":{"title":"Statue helfende Hand antra auf W\u00fcrfel grau 52cm","description":"Bilder? Schauen Sie sich unser riesiges Angebot in unserem Webshop an, oder kommen Sie zu uns und sehen Sie sich die Produkte live an !!!","robots":{"index":"index","follow":"follow","max-snippet":"max-snippet:-1","max-image-preview":"max-image-preview:large","max-video-preview":"max-video-preview:-1"},"canonical":"https:\/\/www.eliassen.nl\/de\/bild-helfende-hand-antra-auf-wurfel-grau-52cm\/","og_locale":"de_DE","og_type":"article","og_title":"Sonstige Statue helfende Hand auf W\u00fcrfel grau 52cm - Eliassen.nl","og_description":"Bilder? Schauen Sie sich unser riesiges Angebot in unserem Webshop an, oder kommen Sie zu uns und sehen Sie sich die Produkte live an !!!","og_url":"https:\/\/www.eliassen.nl\/de\/bild-helfende-hand-antra-auf-wurfel-grau-52cm\/","og_site_name":"Eliassen.nl","article_publisher":"https:\/\/www.facebook.com\/TuincentrumEliassenAmmerzoden","article_modified_time":"2026-03-30T19:54:32+00:00","og_image":[{"width":1440,"height":2560,"url":"https:\/\/www.eliassen.nl\/wp-content\/uploads\/2022\/09\/pro-4SWJrfop-scaled.jpeg","type":"image\/jpeg"}],"twitter_card":"summary_large_image","schema":{"@context":"https:\/\/schema.org","@graph":[{"@type":"WebPage","@id":"https:\/\/www.eliassen.nl\/de\/bild-helfende-hand-antra-auf-wurfel-grau-52cm\/","url":"https:\/\/www.eliassen.nl\/de\/bild-helfende-hand-antra-auf-wurfel-grau-52cm\/","name":"Statue helfende Hand antra auf W\u00fcrfel grau 52cm","isPartOf":{"@id":"https:\/\/www.eliassen.nl\/de\/#website"},"primaryImageOfPage":{"@id":"https:\/\/www.eliassen.nl\/de\/bild-helfende-hand-antra-auf-wurfel-grau-52cm\/#primaryimage"},"image":{"@id":"https:\/\/www.eliassen.nl\/de\/bild-helfende-hand-antra-auf-wurfel-grau-52cm\/#primaryimage"},"thumbnailUrl":"https:\/\/www.eliassen.nl\/wp-content\/uploads\/2022\/09\/pro-4SWJrfop-scaled.jpeg","datePublished":"2022-09-22T16:31:26+00:00","dateModified":"2026-03-30T19:54:32+00:00","description":"Bilder? Schauen Sie sich unser riesiges Angebot in unserem Webshop an, oder kommen Sie zu uns und sehen Sie sich die Produkte live an !!!","breadcrumb":{"@id":"https:\/\/www.eliassen.nl\/de\/bild-helfende-hand-antra-auf-wurfel-grau-52cm\/#breadcrumb"},"inLanguage":"de","potentialAction":[{"@type":"ReadAction","target":["https:\/\/www.eliassen.nl\/de\/bild-helfende-hand-antra-auf-wurfel-grau-52cm\/"]}]},{"@type":"ImageObject","inLanguage":"de","@id":"https:\/\/www.eliassen.nl\/de\/bild-helfende-hand-antra-auf-wurfel-grau-52cm\/#primaryimage","url":"https:\/\/www.eliassen.nl\/wp-content\/uploads\/2022\/09\/pro-4SWJrfop-scaled.jpeg","contentUrl":"https:\/\/www.eliassen.nl\/wp-content\/uploads\/2022\/09\/pro-4SWJrfop-scaled.jpeg","width":1440,"height":2560},{"@type":"BreadcrumbList","@id":"https:\/\/www.eliassen.nl\/de\/bild-helfende-hand-antra-auf-wurfel-grau-52cm\/#breadcrumb","itemListElement":[{"@type":"ListItem","position":1,"name":"Home","item":"https:\/\/www.eliassen.nl\/de\/"},{"@type":"ListItem","position":2,"name":"Shop","item":"https:\/\/www.eliassen.nl\/de\/shop\/"},{"@type":"ListItem","position":3,"name":"Bilder","item":"https:\/\/www.eliassen.nl\/de\/bilder\/"},{"@type":"ListItem","position":4,"name":"Figuren Liebe","item":"https:\/\/www.eliassen.nl\/de\/bilder\/figuren-liebe\/"},{"@type":"ListItem","position":5,"name":"Statue helfende Hand auf W\u00fcrfel grau 52cm"}]},{"@type":"WebSite","@id":"https:\/\/www.eliassen.nl\/de\/#website","url":"https:\/\/www.eliassen.nl\/de\/","name":"Eliassen Home & Garden Pleasure","description":"","publisher":{"@id":"https:\/\/www.eliassen.nl\/de\/#organization"},"alternateName":"Eliassen.nl","potentialAction":[{"@type":"SearchAction","target":{"@type":"EntryPoint","urlTemplate":"https:\/\/www.eliassen.nl\/de\/?s={search_term_string}"},"query-input":{"@type":"PropertyValueSpecification","valueRequired":true,"valueName":"search_term_string"}}],"inLanguage":"de"},{"@type":["Organization","Place"],"@id":"https:\/\/www.eliassen.nl\/de\/#organization","name":"Eliassen Home & Garden Pleasure","url":"https:\/\/www.eliassen.nl\/de\/","logo":{"@id":"https:\/\/www.eliassen.nl\/de\/bild-helfende-hand-antra-auf-wurfel-grau-52cm\/#local-main-organization-logo"},"image":{"@id":"https:\/\/www.eliassen.nl\/de\/bild-helfende-hand-antra-auf-wurfel-grau-52cm\/#local-main-organization-logo"},"sameAs":["https:\/\/www.facebook.com\/TuincentrumEliassenAmmerzoden","https:\/\/www.instagram.com\/eliassenhomeandgarden\/","https:\/\/nl.pinterest.com\/eliassenhomeandgarden\/","https:\/\/www.youtube.com\/@eliassenhomegardenpleasure4558"],"telephone":[],"openingHoursSpecification":[{"@type":"OpeningHoursSpecification","dayOfWeek":["Monday","Tuesday","Wednesday","Thursday","Friday","Saturday","Sunday"],"opens":"09:00","closes":"17:00"}]},{"@type":"ImageObject","inLanguage":"de","@id":"https:\/\/www.eliassen.nl\/de\/bild-helfende-hand-antra-auf-wurfel-grau-52cm\/#local-main-organization-logo","url":"https:\/\/www.eliassen.nl\/wp-content\/uploads\/2024\/01\/logo_4nd.jpg","contentUrl":"https:\/\/www.eliassen.nl\/wp-content\/uploads\/2024\/01\/logo_4nd.jpg","width":500,"height":500,"caption":"Eliassen Home & Garden Pleasure"}]},"product_price_amount":"89.00","product_price_currency":"EUR","og_availability":"instock","product_availability":"instock","product_retailer_item_id":"3041-1-003","product_condition":"new"},"df_price":89,"df_sale_price":"","df_regular_price":89,"df_image_link":"https:\/\/www.eliassen.nl\/wp-content\/uploads\/2022\/09\/pro-4SWJrfop-169x300.jpeg","image":"https:\/\/www.eliassen.nl\/wp-content\/uploads\/2022\/09\/pro-4SWJrfop-150x150.jpeg","price_search":"<span class=\"woocommerce-Price-amount amount\"><bdi><span class=\"woocommerce-Price-currencySymbol\">&euro;<\/span>&nbsp;89,00<\/bdi><\/span>","category":"Figuren Liebe","global_unique_id":"6096522546557","_links":{"self":[{"href":"https:\/\/www.eliassen.nl\/de\/wp-json\/wp\/v2\/product\/75091","targetHints":{"allow":["GET"]}}],"collection":[{"href":"https:\/\/www.eliassen.nl\/de\/wp-json\/wp\/v2\/product"}],"about":[{"href":"https:\/\/www.eliassen.nl\/de\/wp-json\/wp\/v2\/types\/product"}],"wp:featuredmedia":[{"embeddable":true,"href":"https:\/\/www.eliassen.nl\/de\/wp-json\/wp\/v2\/media\/188974"}],"wp:attachment":[{"href":"https:\/\/www.eliassen.nl\/de\/wp-json\/wp\/v2\/media?parent=75091"}],"wp:term":[{"taxonomy":"product_brand","embeddable":true,"href":"https:\/\/www.eliassen.nl\/de\/wp-json\/wp\/v2\/product_brand?post=75091"},{"taxonomy":"product_cat","embeddable":true,"href":"https:\/\/www.eliassen.nl\/de\/wp-json\/wp\/v2\/product_cat?post=75091"},{"taxonomy":"product_tag","embeddable":true,"href":"https:\/\/www.eliassen.nl\/de\/wp-json\/wp\/v2\/product_tag?post=75091"}],"curies":[{"name":"wp","href":"https:\/\/api.w.org\/{rel}","templated":true}]}}