{"id":74851,"date":"2022-09-13T13:49:04","date_gmt":"2022-09-13T13:49:04","guid":{"rendered":"https:\/\/www.eliassen.nl\/?product=buitenklok-rond-mollington-38cm-bronskleur"},"modified":"2025-11-27T15:23:58","modified_gmt":"2025-11-27T14:23:58","slug":"buitenklok-rond-mollington-38cm-bronskleur","status":"publish","type":"product","link":"https:\/\/www.eliassen.nl\/de\/buitenklok-rond-mollington-38cm-bronskleur\/","title":{"rendered":"Au\u00dfenuhr rund Mollington 38cm bronzefarben"},"content":{"rendered":"<p>Mit diesem wasserdichten Modell f\u00fcr den Au\u00dfenbereich wird Ihr Garten oder Ihre Veranda mit Sicherheit noch sch\u00f6ner. Was gibt es Sch\u00f6neres, als ein St\u00fcck Gartendekoration zu haben, an dem Sie sofort die Uhrzeit, Temperatur oder Luftfeuchtigkeit ablesen k\u00f6nnen. Diese Gartenuhr ist auch praktisch, schlie\u00dflich m\u00fcssen Sie nicht mehr mit schmutzigen H\u00e4nden auf die Uhr schauen oder pr\u00fcfen, wie warm es ist. Dieses Modell der Outdoor-Uhr hat einen sch\u00f6nen breiten kupferfarbenen Rahmen, ein Thermometer, ein Uhrwerk und ein Hygrometer und ist mit Acrylglas bedeckt.<\/p>\n<p>Diese Gartenuhr h\u00e4lt auch feuchten Bedingungen stand, so dass Sie dieses Wanduhrmodell auch in Ihrem Badezimmer aufh\u00e4ngen k\u00f6nnen.<\/p>\n<p><strong>H\u00e4ngen Sie diese Uhr im Freien nur unter einem Vordach auf, nicht bei starkem Regen oder Wind!<\/strong><\/p>\n<ul>\n<li>Gr\u00f6\u00dfe: 38cm Durchmesser, Dicke 7cm<\/li>\n<li>Material: Polyresin<\/li>\n<li>Farbe: kupferfarben<\/li>\n<li>Farbe der Zeiger: Schwarz<\/li>\n<li>Uhrwerk: Quarz<\/li>\n<li>Stromversorgung: 1x AA-Stiftlampe<\/li>\n<li>Verpackt in einer attraktiven Fensterbox<\/li>\n<li>Garantie: 2 Jahre<\/li>\n<\/ul>\n","protected":false},"excerpt":{"rendered":"<p>Gro\u00dfe Gartenuhr mit breitem Rahmen und 3 Funktionen<\/p>\n","protected":false},"featured_media":74839,"template":"","meta":{"_acf_changed":false,"_genesis_title":"","_genesis_description":""},"product_brand":[7505],"product_cat":[524,509],"product_tag":[],"class_list":{"0":"post-74851","1":"product","2":"type-product","3":"status-publish","4":"has-post-thumbnail","6":"product_brand-sonstige","7":"product_cat-outdoor-uhren","8":"product_cat-wanddekoration","10":"first","11":"instock","12":"taxable","13":"shipping-taxable","14":"purchasable","15":"product-type-simple"},"acf":[],"meta_all":{"total_sales":"3","wcml_sync_hash":{"postmeta_fields":"b5979da1d2bfb0fe1168338e913ba4c4"},"attr_label_translations":[]},"meta_all_flat":{"total_sales":"3","wcml_sync_hash.postmeta_fields":"b5979da1d2bfb0fe1168338e913ba4c4"},"yoast_head":"<!-- This site is optimized with the Yoast SEO Premium plugin v26.2 (Yoast SEO v27.2) - https:\/\/yoast.com\/product\/yoast-seo-premium-wordpress\/ -->\n<title>Au\u00dfenuhr rund Mollington 38cm bronzefarben<\/title>\n<meta name=\"description\" content=\"Suchen Sie eine Uhr f\u00fcr den Au\u00dfenbereich? Sehen Sie sich unsere gro\u00dfe Auswahl an Outdoor-Uhren in unserem Webshop oder LIVE in unserem Gesch\u00e4ft an! \u2705 2 Jahre Garantie.\" \/>\n<meta name=\"robots\" content=\"index, follow, max-snippet:-1, max-image-preview:large, max-video-preview:-1\" \/>\n<link rel=\"canonical\" href=\"https:\/\/www.eliassen.nl\/de\/buitenklok-rond-mollington-38cm-bronskleur\/\" \/>\n<meta property=\"og:locale\" content=\"de_DE\" \/>\n<meta property=\"og:type\" content=\"article\" \/>\n<meta property=\"og:title\" content=\"Sonstige Au\u00dfenuhr rund Mollington 38cm bronzefarben - Eliassen.nl\" \/>\n<meta property=\"og:description\" content=\"Suchen Sie eine Uhr f\u00fcr den Au\u00dfenbereich? Sehen Sie sich unsere gro\u00dfe Auswahl an Outdoor-Uhren in unserem Webshop oder LIVE in unserem Gesch\u00e4ft an! \u2705 2 Jahre Garantie.\" \/>\n<meta property=\"og:url\" content=\"https:\/\/www.eliassen.nl\/de\/buitenklok-rond-mollington-38cm-bronskleur\/\" \/>\n<meta property=\"og:site_name\" content=\"Eliassen.nl\" \/>\n<meta property=\"article:publisher\" content=\"https:\/\/www.facebook.com\/TuincentrumEliassenAmmerzoden\" \/>\n<meta property=\"article:modified_time\" content=\"2025-11-27T14:23:58+00:00\" \/>\n<meta property=\"og:image\" content=\"https:\/\/www.eliassen.nl\/wp-content\/uploads\/2024\/01\/5050642006255.jpg\" \/>\n\t<meta property=\"og:image:width\" content=\"1000\" \/>\n\t<meta property=\"og:image:height\" content=\"1000\" \/>\n\t<meta property=\"og:image:type\" content=\"image\/jpeg\" \/>\n<meta name=\"twitter:card\" content=\"summary_large_image\" \/>\n<script type=\"application\/ld+json\" class=\"yoast-schema-graph\">{\"@context\":\"https:\/\/schema.org\",\"@graph\":[{\"@type\":\"WebPage\",\"@id\":\"https:\/\/www.eliassen.nl\/de\/buitenklok-rond-mollington-38cm-bronskleur\/\",\"url\":\"https:\/\/www.eliassen.nl\/de\/buitenklok-rond-mollington-38cm-bronskleur\/\",\"name\":\"Au\u00dfenuhr rund Mollington 38cm bronzefarben\",\"isPartOf\":{\"@id\":\"https:\/\/www.eliassen.nl\/de\/#website\"},\"primaryImageOfPage\":{\"@id\":\"https:\/\/www.eliassen.nl\/de\/buitenklok-rond-mollington-38cm-bronskleur\/#primaryimage\"},\"image\":{\"@id\":\"https:\/\/www.eliassen.nl\/de\/buitenklok-rond-mollington-38cm-bronskleur\/#primaryimage\"},\"thumbnailUrl\":\"https:\/\/www.eliassen.nl\/wp-content\/uploads\/2024\/01\/5050642006255.jpg\",\"datePublished\":\"2022-09-13T13:49:04+00:00\",\"dateModified\":\"2025-11-27T14:23:58+00:00\",\"description\":\"Suchen Sie eine Uhr f\u00fcr den Au\u00dfenbereich? Sehen Sie sich unsere gro\u00dfe Auswahl an Outdoor-Uhren in unserem Webshop oder LIVE in unserem Gesch\u00e4ft an! \u2705 2 Jahre Garantie.\",\"breadcrumb\":{\"@id\":\"https:\/\/www.eliassen.nl\/de\/buitenklok-rond-mollington-38cm-bronskleur\/#breadcrumb\"},\"inLanguage\":\"de\",\"potentialAction\":[{\"@type\":\"ReadAction\",\"target\":[\"https:\/\/www.eliassen.nl\/de\/buitenklok-rond-mollington-38cm-bronskleur\/\"]}]},{\"@type\":\"ImageObject\",\"inLanguage\":\"de\",\"@id\":\"https:\/\/www.eliassen.nl\/de\/buitenklok-rond-mollington-38cm-bronskleur\/#primaryimage\",\"url\":\"https:\/\/www.eliassen.nl\/wp-content\/uploads\/2024\/01\/5050642006255.jpg\",\"contentUrl\":\"https:\/\/www.eliassen.nl\/wp-content\/uploads\/2024\/01\/5050642006255.jpg\",\"width\":1000,\"height\":1000,\"caption\":\"5050642006255\"},{\"@type\":\"BreadcrumbList\",\"@id\":\"https:\/\/www.eliassen.nl\/de\/buitenklok-rond-mollington-38cm-bronskleur\/#breadcrumb\",\"itemListElement\":[{\"@type\":\"ListItem\",\"position\":1,\"name\":\"Home\",\"item\":\"https:\/\/www.eliassen.nl\/de\/\"},{\"@type\":\"ListItem\",\"position\":2,\"name\":\"Shop\",\"item\":\"https:\/\/www.eliassen.nl\/de\/shop\/\"},{\"@type\":\"ListItem\",\"position\":3,\"name\":\"Wanddekoration\",\"item\":\"https:\/\/www.eliassen.nl\/de\/wanddekoration\/\"},{\"@type\":\"ListItem\",\"position\":4,\"name\":\"Outdoor-Uhren\",\"item\":\"https:\/\/www.eliassen.nl\/de\/wanddekoration\/outdoor-uhren\/\"},{\"@type\":\"ListItem\",\"position\":5,\"name\":\"Au\u00dfenuhr rund Mollington 38cm bronzefarben\"}]},{\"@type\":\"WebSite\",\"@id\":\"https:\/\/www.eliassen.nl\/de\/#website\",\"url\":\"https:\/\/www.eliassen.nl\/de\/\",\"name\":\"Eliassen Home & Garden Pleasure\",\"description\":\"\",\"publisher\":{\"@id\":\"https:\/\/www.eliassen.nl\/de\/#organization\"},\"alternateName\":\"Eliassen.nl\",\"potentialAction\":[{\"@type\":\"SearchAction\",\"target\":{\"@type\":\"EntryPoint\",\"urlTemplate\":\"https:\/\/www.eliassen.nl\/de\/?s={search_term_string}\"},\"query-input\":{\"@type\":\"PropertyValueSpecification\",\"valueRequired\":true,\"valueName\":\"search_term_string\"}}],\"inLanguage\":\"de\"},{\"@type\":[\"Organization\",\"Place\"],\"@id\":\"https:\/\/www.eliassen.nl\/de\/#organization\",\"name\":\"Eliassen Home & Garden Pleasure\",\"url\":\"https:\/\/www.eliassen.nl\/de\/\",\"logo\":{\"@id\":\"https:\/\/www.eliassen.nl\/de\/buitenklok-rond-mollington-38cm-bronskleur\/#local-main-organization-logo\"},\"image\":{\"@id\":\"https:\/\/www.eliassen.nl\/de\/buitenklok-rond-mollington-38cm-bronskleur\/#local-main-organization-logo\"},\"sameAs\":[\"https:\/\/www.facebook.com\/TuincentrumEliassenAmmerzoden\",\"https:\/\/www.instagram.com\/eliassenhomeandgarden\/\",\"https:\/\/nl.pinterest.com\/eliassenhomeandgarden\/\",\"https:\/\/www.youtube.com\/@eliassenhomegardenpleasure4558\"],\"telephone\":[],\"openingHoursSpecification\":[{\"@type\":\"OpeningHoursSpecification\",\"dayOfWeek\":[\"Monday\",\"Tuesday\",\"Wednesday\",\"Thursday\",\"Friday\",\"Saturday\",\"Sunday\"],\"opens\":\"09:00\",\"closes\":\"17:00\"}]},{\"@type\":\"ImageObject\",\"inLanguage\":\"de\",\"@id\":\"https:\/\/www.eliassen.nl\/de\/buitenklok-rond-mollington-38cm-bronskleur\/#local-main-organization-logo\",\"url\":\"https:\/\/www.eliassen.nl\/wp-content\/uploads\/2024\/01\/logo_4nd.jpg\",\"contentUrl\":\"https:\/\/www.eliassen.nl\/wp-content\/uploads\/2024\/01\/logo_4nd.jpg\",\"width\":500,\"height\":500,\"caption\":\"Eliassen Home & Garden Pleasure\"}]}<\/script>\n<meta property=\"product:price:amount\" content=\"37.50\" \/>\n<meta property=\"product:price:currency\" content=\"EUR\" \/>\n<meta property=\"og:availability\" content=\"instock\" \/>\n<meta property=\"product:availability\" content=\"instock\" \/>\n<meta property=\"product:retailer_item_id\" content=\"5062010 \/ 5836210\" \/>\n<meta property=\"product:condition\" content=\"new\" \/>\n<!-- \/ Yoast SEO Premium plugin. -->","yoast_head_json":{"title":"Au\u00dfenuhr rund Mollington 38cm bronzefarben","description":"Suchen Sie eine Uhr f\u00fcr den Au\u00dfenbereich? Sehen Sie sich unsere gro\u00dfe Auswahl an Outdoor-Uhren in unserem Webshop oder LIVE in unserem Gesch\u00e4ft an! \u2705 2 Jahre Garantie.","robots":{"index":"index","follow":"follow","max-snippet":"max-snippet:-1","max-image-preview":"max-image-preview:large","max-video-preview":"max-video-preview:-1"},"canonical":"https:\/\/www.eliassen.nl\/de\/buitenklok-rond-mollington-38cm-bronskleur\/","og_locale":"de_DE","og_type":"article","og_title":"Sonstige Au\u00dfenuhr rund Mollington 38cm bronzefarben - Eliassen.nl","og_description":"Suchen Sie eine Uhr f\u00fcr den Au\u00dfenbereich? Sehen Sie sich unsere gro\u00dfe Auswahl an Outdoor-Uhren in unserem Webshop oder LIVE in unserem Gesch\u00e4ft an! \u2705 2 Jahre Garantie.","og_url":"https:\/\/www.eliassen.nl\/de\/buitenklok-rond-mollington-38cm-bronskleur\/","og_site_name":"Eliassen.nl","article_publisher":"https:\/\/www.facebook.com\/TuincentrumEliassenAmmerzoden","article_modified_time":"2025-11-27T14:23:58+00:00","og_image":[{"width":1000,"height":1000,"url":"https:\/\/www.eliassen.nl\/wp-content\/uploads\/2024\/01\/5050642006255.jpg","type":"image\/jpeg"}],"twitter_card":"summary_large_image","schema":{"@context":"https:\/\/schema.org","@graph":[{"@type":"WebPage","@id":"https:\/\/www.eliassen.nl\/de\/buitenklok-rond-mollington-38cm-bronskleur\/","url":"https:\/\/www.eliassen.nl\/de\/buitenklok-rond-mollington-38cm-bronskleur\/","name":"Au\u00dfenuhr rund Mollington 38cm bronzefarben","isPartOf":{"@id":"https:\/\/www.eliassen.nl\/de\/#website"},"primaryImageOfPage":{"@id":"https:\/\/www.eliassen.nl\/de\/buitenklok-rond-mollington-38cm-bronskleur\/#primaryimage"},"image":{"@id":"https:\/\/www.eliassen.nl\/de\/buitenklok-rond-mollington-38cm-bronskleur\/#primaryimage"},"thumbnailUrl":"https:\/\/www.eliassen.nl\/wp-content\/uploads\/2024\/01\/5050642006255.jpg","datePublished":"2022-09-13T13:49:04+00:00","dateModified":"2025-11-27T14:23:58+00:00","description":"Suchen Sie eine Uhr f\u00fcr den Au\u00dfenbereich? Sehen Sie sich unsere gro\u00dfe Auswahl an Outdoor-Uhren in unserem Webshop oder LIVE in unserem Gesch\u00e4ft an! \u2705 2 Jahre Garantie.","breadcrumb":{"@id":"https:\/\/www.eliassen.nl\/de\/buitenklok-rond-mollington-38cm-bronskleur\/#breadcrumb"},"inLanguage":"de","potentialAction":[{"@type":"ReadAction","target":["https:\/\/www.eliassen.nl\/de\/buitenklok-rond-mollington-38cm-bronskleur\/"]}]},{"@type":"ImageObject","inLanguage":"de","@id":"https:\/\/www.eliassen.nl\/de\/buitenklok-rond-mollington-38cm-bronskleur\/#primaryimage","url":"https:\/\/www.eliassen.nl\/wp-content\/uploads\/2024\/01\/5050642006255.jpg","contentUrl":"https:\/\/www.eliassen.nl\/wp-content\/uploads\/2024\/01\/5050642006255.jpg","width":1000,"height":1000,"caption":"5050642006255"},{"@type":"BreadcrumbList","@id":"https:\/\/www.eliassen.nl\/de\/buitenklok-rond-mollington-38cm-bronskleur\/#breadcrumb","itemListElement":[{"@type":"ListItem","position":1,"name":"Home","item":"https:\/\/www.eliassen.nl\/de\/"},{"@type":"ListItem","position":2,"name":"Shop","item":"https:\/\/www.eliassen.nl\/de\/shop\/"},{"@type":"ListItem","position":3,"name":"Wanddekoration","item":"https:\/\/www.eliassen.nl\/de\/wanddekoration\/"},{"@type":"ListItem","position":4,"name":"Outdoor-Uhren","item":"https:\/\/www.eliassen.nl\/de\/wanddekoration\/outdoor-uhren\/"},{"@type":"ListItem","position":5,"name":"Au\u00dfenuhr rund Mollington 38cm bronzefarben"}]},{"@type":"WebSite","@id":"https:\/\/www.eliassen.nl\/de\/#website","url":"https:\/\/www.eliassen.nl\/de\/","name":"Eliassen Home & Garden Pleasure","description":"","publisher":{"@id":"https:\/\/www.eliassen.nl\/de\/#organization"},"alternateName":"Eliassen.nl","potentialAction":[{"@type":"SearchAction","target":{"@type":"EntryPoint","urlTemplate":"https:\/\/www.eliassen.nl\/de\/?s={search_term_string}"},"query-input":{"@type":"PropertyValueSpecification","valueRequired":true,"valueName":"search_term_string"}}],"inLanguage":"de"},{"@type":["Organization","Place"],"@id":"https:\/\/www.eliassen.nl\/de\/#organization","name":"Eliassen Home & Garden Pleasure","url":"https:\/\/www.eliassen.nl\/de\/","logo":{"@id":"https:\/\/www.eliassen.nl\/de\/buitenklok-rond-mollington-38cm-bronskleur\/#local-main-organization-logo"},"image":{"@id":"https:\/\/www.eliassen.nl\/de\/buitenklok-rond-mollington-38cm-bronskleur\/#local-main-organization-logo"},"sameAs":["https:\/\/www.facebook.com\/TuincentrumEliassenAmmerzoden","https:\/\/www.instagram.com\/eliassenhomeandgarden\/","https:\/\/nl.pinterest.com\/eliassenhomeandgarden\/","https:\/\/www.youtube.com\/@eliassenhomegardenpleasure4558"],"telephone":[],"openingHoursSpecification":[{"@type":"OpeningHoursSpecification","dayOfWeek":["Monday","Tuesday","Wednesday","Thursday","Friday","Saturday","Sunday"],"opens":"09:00","closes":"17:00"}]},{"@type":"ImageObject","inLanguage":"de","@id":"https:\/\/www.eliassen.nl\/de\/buitenklok-rond-mollington-38cm-bronskleur\/#local-main-organization-logo","url":"https:\/\/www.eliassen.nl\/wp-content\/uploads\/2024\/01\/logo_4nd.jpg","contentUrl":"https:\/\/www.eliassen.nl\/wp-content\/uploads\/2024\/01\/logo_4nd.jpg","width":500,"height":500,"caption":"Eliassen Home & Garden Pleasure"}]},"product_price_amount":"37.50","product_price_currency":"EUR","og_availability":"instock","product_availability":"instock","product_retailer_item_id":"5062010 \/ 5836210","product_condition":"new"},"df_price":37.5,"df_sale_price":"","df_regular_price":37.5,"df_image_link":"https:\/\/www.eliassen.nl\/wp-content\/uploads\/2024\/01\/5050642006255.jpg","image":"https:\/\/www.eliassen.nl\/wp-content\/uploads\/2024\/01\/5050642006255.jpg","price_search":"<span class=\"woocommerce-Price-amount amount\"><bdi><span class=\"woocommerce-Price-currencySymbol\">&euro;<\/span>&nbsp;37,50<\/bdi><\/span>","category":"Outdoor-Uhren","global_unique_id":"5050642006255","_links":{"self":[{"href":"https:\/\/www.eliassen.nl\/de\/wp-json\/wp\/v2\/product\/74851","targetHints":{"allow":["GET"]}}],"collection":[{"href":"https:\/\/www.eliassen.nl\/de\/wp-json\/wp\/v2\/product"}],"about":[{"href":"https:\/\/www.eliassen.nl\/de\/wp-json\/wp\/v2\/types\/product"}],"wp:featuredmedia":[{"embeddable":true,"href":"https:\/\/www.eliassen.nl\/de\/wp-json\/wp\/v2\/media\/74839"}],"wp:attachment":[{"href":"https:\/\/www.eliassen.nl\/de\/wp-json\/wp\/v2\/media?parent=74851"}],"wp:term":[{"taxonomy":"product_brand","embeddable":true,"href":"https:\/\/www.eliassen.nl\/de\/wp-json\/wp\/v2\/product_brand?post=74851"},{"taxonomy":"product_cat","embeddable":true,"href":"https:\/\/www.eliassen.nl\/de\/wp-json\/wp\/v2\/product_cat?post=74851"},{"taxonomy":"product_tag","embeddable":true,"href":"https:\/\/www.eliassen.nl\/de\/wp-json\/wp\/v2\/product_tag?post=74851"}],"curies":[{"name":"wp","href":"https:\/\/api.w.org\/{rel}","templated":true}]}}