{"id":74584,"date":"2022-09-05T16:15:13","date_gmt":"2022-09-05T16:15:13","guid":{"rendered":"https:\/\/www.eliassen.nl\/?product=wanddecoratie-rond-vogel-bij-druiventak-55cm"},"modified":"2026-01-16T14:11:50","modified_gmt":"2026-01-16T13:11:50","slug":"wanddekoration-rund-um-vogel-am-weinzweig-55cm","status":"publish","type":"product","link":"https:\/\/www.eliassen.nl\/de\/wanddekoration-rund-um-vogel-am-weinzweig-55cm\/","title":{"rendered":"Wanddekoration rund Vogel an Traubenzweig 55cm"},"content":{"rendered":"<p>Wenn Sie auf der Suche nach einer einzigartigen und beeindruckenden Dekoration f\u00fcr Ihr Zuhause oder Ihr B\u00fcro sind, dann ist unsere Wanddekoration Vogel am Traubenzweig genau das Richtige f\u00fcr Sie. Diese dreidimensionale Metallarbeit besteht aus einem Kreis mit einem Traubenzweig und einem Vogel und wurde vollst\u00e4ndig von Hand gefertigt. Die Farben wechseln sich ab und verleihen dem Werk einen verspielten Look. Da dieses St\u00fcck komplett handgefertigt ist, ist jedes St\u00fcck ein Unikat und das Endprodukt wird immer leicht von den Fotos abweichen.<\/p>\n<p>Diese 3-dimensionale Wanddekoration aus Metall mit einem Kreis, der einen Traubenzweig, Bl\u00e4tter und einen Vogel enth\u00e4lt, versch\u00f6nert jedes moderne Interieur oder jeden Arbeitsplatz. Dieses stimmungsvolle und zeitlose St\u00fcck Wanddekoration ist ein echter Blickfang.  <\/p>\n<ul>\n<li>  Gr\u00f6\u00dfe: 55cm Durchmesser und 5cm Dicke<\/li>\n<li>  Material: Metall<\/li>\n<li>  Farbe: Verschiedene<\/li>\n<li>  Einfaches Aufh\u00e4ngen mit Schrauben<\/li>\n<li> Schnelle Lieferung<\/li>\n<li>  Die gr\u00f6\u00dfte Sammlung in den Benelux-L\u00e4ndern, die Sie auch live sehen k\u00f6nnen.<\/li>\n<li>1 Jahr Garantie<\/li>\n<\/ul>\n","protected":false},"excerpt":{"rendered":"<p><strong>Verwendung im Freien unter Schutz nach Behandlung mit Klarlack m\u00f6glich.<\/strong><\/p>\n","protected":false},"featured_media":74578,"template":"","meta":{"_acf_changed":false,"_genesis_title":"","_genesis_description":""},"product_brand":[7505],"product_cat":[515,509],"product_tag":[],"class_list":{"0":"post-74584","1":"product","2":"type-product","3":"status-publish","4":"has-post-thumbnail","6":"product_brand-sonstige","7":"product_cat-3d-wanddekoration-mit-rahmen","8":"product_cat-wanddekoration","10":"first","11":"instock","12":"sale","13":"taxable","14":"shipping-taxable","15":"purchasable","16":"product-type-simple"},"acf":[],"meta_all":{"total_sales":"2","wcml_sync_hash":{"postmeta_fields":"45e162617dd0572168b1d8f31e3f3326"},"attr_label_translations":[]},"meta_all_flat":{"total_sales":"2","wcml_sync_hash.postmeta_fields":"45e162617dd0572168b1d8f31e3f3326"},"yoast_head":"<!-- This site is optimized with the Yoast SEO Premium plugin v26.2 (Yoast SEO v27.2) - https:\/\/yoast.com\/product\/yoast-seo-premium-wordpress\/ -->\n<title>Wanddekoration rund Vogel an Traubenzweig 55cm<\/title>\n<meta name=\"description\" content=\"Sie m\u00f6chten eine Wanddekoration aus Metall kaufen? Sehen Sie sich diese Wanddekoration Vogel auf Traubenzweig und viele andere auf unserer Website oder in unserem Ausstellungsraum an. \u2713 Schnell geliefert\" \/>\n<meta name=\"robots\" content=\"index, follow, max-snippet:-1, max-image-preview:large, max-video-preview:-1\" \/>\n<link rel=\"canonical\" href=\"https:\/\/www.eliassen.nl\/de\/wanddekoration-rund-um-vogel-am-weinzweig-55cm\/\" \/>\n<meta property=\"og:locale\" content=\"de_DE\" \/>\n<meta property=\"og:type\" content=\"article\" \/>\n<meta property=\"og:title\" content=\"Sonstige Wanddekoration rund Vogel an Traubenzweig 55cm - Eliassen.nl\" \/>\n<meta property=\"og:description\" content=\"Sie m\u00f6chten eine Wanddekoration aus Metall kaufen? Sehen Sie sich diese Wanddekoration Vogel auf Traubenzweig und viele andere auf unserer Website oder in unserem Ausstellungsraum an. \u2713 Schnell geliefert\" \/>\n<meta property=\"og:url\" content=\"https:\/\/www.eliassen.nl\/de\/wanddekoration-rund-um-vogel-am-weinzweig-55cm\/\" \/>\n<meta property=\"og:site_name\" content=\"Eliassen.nl\" \/>\n<meta property=\"article:publisher\" content=\"https:\/\/www.facebook.com\/TuincentrumEliassenAmmerzoden\" \/>\n<meta property=\"article:modified_time\" content=\"2026-01-16T13:11:50+00:00\" \/>\n<meta property=\"og:image\" content=\"https:\/\/www.eliassen.nl\/wp-content\/uploads\/2024\/01\/1280.jpg\" \/>\n\t<meta property=\"og:image:width\" content=\"2048\" \/>\n\t<meta property=\"og:image:height\" content=\"2001\" \/>\n\t<meta property=\"og:image:type\" content=\"image\/jpeg\" \/>\n<meta name=\"twitter:card\" content=\"summary_large_image\" \/>\n<script type=\"application\/ld+json\" class=\"yoast-schema-graph\">{\"@context\":\"https:\/\/schema.org\",\"@graph\":[{\"@type\":\"WebPage\",\"@id\":\"https:\/\/www.eliassen.nl\/de\/wanddekoration-rund-um-vogel-am-weinzweig-55cm\/\",\"url\":\"https:\/\/www.eliassen.nl\/de\/wanddekoration-rund-um-vogel-am-weinzweig-55cm\/\",\"name\":\"Wanddekoration rund Vogel an Traubenzweig 55cm\",\"isPartOf\":{\"@id\":\"https:\/\/www.eliassen.nl\/de\/#website\"},\"primaryImageOfPage\":{\"@id\":\"https:\/\/www.eliassen.nl\/de\/wanddekoration-rund-um-vogel-am-weinzweig-55cm\/#primaryimage\"},\"image\":{\"@id\":\"https:\/\/www.eliassen.nl\/de\/wanddekoration-rund-um-vogel-am-weinzweig-55cm\/#primaryimage\"},\"thumbnailUrl\":\"https:\/\/www.eliassen.nl\/wp-content\/uploads\/2024\/01\/1280.jpg\",\"datePublished\":\"2022-09-05T16:15:13+00:00\",\"dateModified\":\"2026-01-16T13:11:50+00:00\",\"description\":\"Sie m\u00f6chten eine Wanddekoration aus Metall kaufen? Sehen Sie sich diese Wanddekoration Vogel auf Traubenzweig und viele andere auf unserer Website oder in unserem Ausstellungsraum an. \u2713 Schnell geliefert\",\"breadcrumb\":{\"@id\":\"https:\/\/www.eliassen.nl\/de\/wanddekoration-rund-um-vogel-am-weinzweig-55cm\/#breadcrumb\"},\"inLanguage\":\"de\",\"potentialAction\":[{\"@type\":\"ReadAction\",\"target\":[\"https:\/\/www.eliassen.nl\/de\/wanddekoration-rund-um-vogel-am-weinzweig-55cm\/\"]}]},{\"@type\":\"ImageObject\",\"inLanguage\":\"de\",\"@id\":\"https:\/\/www.eliassen.nl\/de\/wanddekoration-rund-um-vogel-am-weinzweig-55cm\/#primaryimage\",\"url\":\"https:\/\/www.eliassen.nl\/wp-content\/uploads\/2024\/01\/1280.jpg\",\"contentUrl\":\"https:\/\/www.eliassen.nl\/wp-content\/uploads\/2024\/01\/1280.jpg\",\"width\":2048,\"height\":2001,\"caption\":\"1280\"},{\"@type\":\"BreadcrumbList\",\"@id\":\"https:\/\/www.eliassen.nl\/de\/wanddekoration-rund-um-vogel-am-weinzweig-55cm\/#breadcrumb\",\"itemListElement\":[{\"@type\":\"ListItem\",\"position\":1,\"name\":\"Home\",\"item\":\"https:\/\/www.eliassen.nl\/de\/\"},{\"@type\":\"ListItem\",\"position\":2,\"name\":\"Shop\",\"item\":\"https:\/\/www.eliassen.nl\/de\/shop\/\"},{\"@type\":\"ListItem\",\"position\":3,\"name\":\"Wanddekoration\",\"item\":\"https:\/\/www.eliassen.nl\/de\/wanddekoration\/\"},{\"@type\":\"ListItem\",\"position\":4,\"name\":\"3D-Wanddekoration mit Rahmen\",\"item\":\"https:\/\/www.eliassen.nl\/de\/wanddekoration\/3d-wanddekoration-mit-rahmen\/\"},{\"@type\":\"ListItem\",\"position\":5,\"name\":\"Wanddekoration rund Vogel an Traubenzweig 55cm\"}]},{\"@type\":\"WebSite\",\"@id\":\"https:\/\/www.eliassen.nl\/de\/#website\",\"url\":\"https:\/\/www.eliassen.nl\/de\/\",\"name\":\"Eliassen Home & Garden Pleasure\",\"description\":\"\",\"publisher\":{\"@id\":\"https:\/\/www.eliassen.nl\/de\/#organization\"},\"alternateName\":\"Eliassen.nl\",\"potentialAction\":[{\"@type\":\"SearchAction\",\"target\":{\"@type\":\"EntryPoint\",\"urlTemplate\":\"https:\/\/www.eliassen.nl\/de\/?s={search_term_string}\"},\"query-input\":{\"@type\":\"PropertyValueSpecification\",\"valueRequired\":true,\"valueName\":\"search_term_string\"}}],\"inLanguage\":\"de\"},{\"@type\":[\"Organization\",\"Place\"],\"@id\":\"https:\/\/www.eliassen.nl\/de\/#organization\",\"name\":\"Eliassen Home & Garden Pleasure\",\"url\":\"https:\/\/www.eliassen.nl\/de\/\",\"logo\":{\"@id\":\"https:\/\/www.eliassen.nl\/de\/wanddekoration-rund-um-vogel-am-weinzweig-55cm\/#local-main-organization-logo\"},\"image\":{\"@id\":\"https:\/\/www.eliassen.nl\/de\/wanddekoration-rund-um-vogel-am-weinzweig-55cm\/#local-main-organization-logo\"},\"sameAs\":[\"https:\/\/www.facebook.com\/TuincentrumEliassenAmmerzoden\",\"https:\/\/www.instagram.com\/eliassenhomeandgarden\/\",\"https:\/\/nl.pinterest.com\/eliassenhomeandgarden\/\",\"https:\/\/www.youtube.com\/@eliassenhomegardenpleasure4558\"],\"telephone\":[],\"openingHoursSpecification\":[{\"@type\":\"OpeningHoursSpecification\",\"dayOfWeek\":[\"Monday\",\"Tuesday\",\"Wednesday\",\"Thursday\",\"Friday\",\"Saturday\",\"Sunday\"],\"opens\":\"09:00\",\"closes\":\"17:00\"}]},{\"@type\":\"ImageObject\",\"inLanguage\":\"de\",\"@id\":\"https:\/\/www.eliassen.nl\/de\/wanddekoration-rund-um-vogel-am-weinzweig-55cm\/#local-main-organization-logo\",\"url\":\"https:\/\/www.eliassen.nl\/wp-content\/uploads\/2024\/01\/logo_4nd.jpg\",\"contentUrl\":\"https:\/\/www.eliassen.nl\/wp-content\/uploads\/2024\/01\/logo_4nd.jpg\",\"width\":500,\"height\":500,\"caption\":\"Eliassen Home & Garden Pleasure\"}]}<\/script>\n<meta property=\"product:price:amount\" content=\"47.50\" \/>\n<meta property=\"product:price:currency\" content=\"EUR\" \/>\n<meta property=\"og:availability\" content=\"instock\" \/>\n<meta property=\"product:availability\" content=\"instock\" \/>\n<meta property=\"product:retailer_item_id\" content=\"1280\" \/>\n<meta property=\"product:condition\" content=\"new\" \/>\n<!-- \/ Yoast SEO Premium plugin. -->","yoast_head_json":{"title":"Wanddekoration rund Vogel an Traubenzweig 55cm","description":"Sie m\u00f6chten eine Wanddekoration aus Metall kaufen? Sehen Sie sich diese Wanddekoration Vogel auf Traubenzweig und viele andere auf unserer Website oder in unserem Ausstellungsraum an. \u2713 Schnell geliefert","robots":{"index":"index","follow":"follow","max-snippet":"max-snippet:-1","max-image-preview":"max-image-preview:large","max-video-preview":"max-video-preview:-1"},"canonical":"https:\/\/www.eliassen.nl\/de\/wanddekoration-rund-um-vogel-am-weinzweig-55cm\/","og_locale":"de_DE","og_type":"article","og_title":"Sonstige Wanddekoration rund Vogel an Traubenzweig 55cm - Eliassen.nl","og_description":"Sie m\u00f6chten eine Wanddekoration aus Metall kaufen? Sehen Sie sich diese Wanddekoration Vogel auf Traubenzweig und viele andere auf unserer Website oder in unserem Ausstellungsraum an. \u2713 Schnell geliefert","og_url":"https:\/\/www.eliassen.nl\/de\/wanddekoration-rund-um-vogel-am-weinzweig-55cm\/","og_site_name":"Eliassen.nl","article_publisher":"https:\/\/www.facebook.com\/TuincentrumEliassenAmmerzoden","article_modified_time":"2026-01-16T13:11:50+00:00","og_image":[{"width":2048,"height":2001,"url":"https:\/\/www.eliassen.nl\/wp-content\/uploads\/2024\/01\/1280.jpg","type":"image\/jpeg"}],"twitter_card":"summary_large_image","schema":{"@context":"https:\/\/schema.org","@graph":[{"@type":"WebPage","@id":"https:\/\/www.eliassen.nl\/de\/wanddekoration-rund-um-vogel-am-weinzweig-55cm\/","url":"https:\/\/www.eliassen.nl\/de\/wanddekoration-rund-um-vogel-am-weinzweig-55cm\/","name":"Wanddekoration rund Vogel an Traubenzweig 55cm","isPartOf":{"@id":"https:\/\/www.eliassen.nl\/de\/#website"},"primaryImageOfPage":{"@id":"https:\/\/www.eliassen.nl\/de\/wanddekoration-rund-um-vogel-am-weinzweig-55cm\/#primaryimage"},"image":{"@id":"https:\/\/www.eliassen.nl\/de\/wanddekoration-rund-um-vogel-am-weinzweig-55cm\/#primaryimage"},"thumbnailUrl":"https:\/\/www.eliassen.nl\/wp-content\/uploads\/2024\/01\/1280.jpg","datePublished":"2022-09-05T16:15:13+00:00","dateModified":"2026-01-16T13:11:50+00:00","description":"Sie m\u00f6chten eine Wanddekoration aus Metall kaufen? Sehen Sie sich diese Wanddekoration Vogel auf Traubenzweig und viele andere auf unserer Website oder in unserem Ausstellungsraum an. \u2713 Schnell geliefert","breadcrumb":{"@id":"https:\/\/www.eliassen.nl\/de\/wanddekoration-rund-um-vogel-am-weinzweig-55cm\/#breadcrumb"},"inLanguage":"de","potentialAction":[{"@type":"ReadAction","target":["https:\/\/www.eliassen.nl\/de\/wanddekoration-rund-um-vogel-am-weinzweig-55cm\/"]}]},{"@type":"ImageObject","inLanguage":"de","@id":"https:\/\/www.eliassen.nl\/de\/wanddekoration-rund-um-vogel-am-weinzweig-55cm\/#primaryimage","url":"https:\/\/www.eliassen.nl\/wp-content\/uploads\/2024\/01\/1280.jpg","contentUrl":"https:\/\/www.eliassen.nl\/wp-content\/uploads\/2024\/01\/1280.jpg","width":2048,"height":2001,"caption":"1280"},{"@type":"BreadcrumbList","@id":"https:\/\/www.eliassen.nl\/de\/wanddekoration-rund-um-vogel-am-weinzweig-55cm\/#breadcrumb","itemListElement":[{"@type":"ListItem","position":1,"name":"Home","item":"https:\/\/www.eliassen.nl\/de\/"},{"@type":"ListItem","position":2,"name":"Shop","item":"https:\/\/www.eliassen.nl\/de\/shop\/"},{"@type":"ListItem","position":3,"name":"Wanddekoration","item":"https:\/\/www.eliassen.nl\/de\/wanddekoration\/"},{"@type":"ListItem","position":4,"name":"3D-Wanddekoration mit Rahmen","item":"https:\/\/www.eliassen.nl\/de\/wanddekoration\/3d-wanddekoration-mit-rahmen\/"},{"@type":"ListItem","position":5,"name":"Wanddekoration rund Vogel an Traubenzweig 55cm"}]},{"@type":"WebSite","@id":"https:\/\/www.eliassen.nl\/de\/#website","url":"https:\/\/www.eliassen.nl\/de\/","name":"Eliassen Home & Garden Pleasure","description":"","publisher":{"@id":"https:\/\/www.eliassen.nl\/de\/#organization"},"alternateName":"Eliassen.nl","potentialAction":[{"@type":"SearchAction","target":{"@type":"EntryPoint","urlTemplate":"https:\/\/www.eliassen.nl\/de\/?s={search_term_string}"},"query-input":{"@type":"PropertyValueSpecification","valueRequired":true,"valueName":"search_term_string"}}],"inLanguage":"de"},{"@type":["Organization","Place"],"@id":"https:\/\/www.eliassen.nl\/de\/#organization","name":"Eliassen Home & Garden Pleasure","url":"https:\/\/www.eliassen.nl\/de\/","logo":{"@id":"https:\/\/www.eliassen.nl\/de\/wanddekoration-rund-um-vogel-am-weinzweig-55cm\/#local-main-organization-logo"},"image":{"@id":"https:\/\/www.eliassen.nl\/de\/wanddekoration-rund-um-vogel-am-weinzweig-55cm\/#local-main-organization-logo"},"sameAs":["https:\/\/www.facebook.com\/TuincentrumEliassenAmmerzoden","https:\/\/www.instagram.com\/eliassenhomeandgarden\/","https:\/\/nl.pinterest.com\/eliassenhomeandgarden\/","https:\/\/www.youtube.com\/@eliassenhomegardenpleasure4558"],"telephone":[],"openingHoursSpecification":[{"@type":"OpeningHoursSpecification","dayOfWeek":["Monday","Tuesday","Wednesday","Thursday","Friday","Saturday","Sunday"],"opens":"09:00","closes":"17:00"}]},{"@type":"ImageObject","inLanguage":"de","@id":"https:\/\/www.eliassen.nl\/de\/wanddekoration-rund-um-vogel-am-weinzweig-55cm\/#local-main-organization-logo","url":"https:\/\/www.eliassen.nl\/wp-content\/uploads\/2024\/01\/logo_4nd.jpg","contentUrl":"https:\/\/www.eliassen.nl\/wp-content\/uploads\/2024\/01\/logo_4nd.jpg","width":500,"height":500,"caption":"Eliassen Home & Garden Pleasure"}]},"product_price_amount":"47.50","product_price_currency":"EUR","og_availability":"instock","product_availability":"instock","product_retailer_item_id":"1280","product_condition":"new"},"df_price":47.5,"df_sale_price":47.5,"df_regular_price":57.5,"df_image_link":"https:\/\/www.eliassen.nl\/wp-content\/uploads\/2024\/01\/1280.jpg","image":"https:\/\/www.eliassen.nl\/wp-content\/uploads\/2024\/01\/1280.jpg","price_search":"<span class=\"woocommerce-Price-amount amount\"><bdi><span class=\"woocommerce-Price-currencySymbol\">&euro;<\/span>&nbsp;47,50<\/bdi><\/span>","category":"3D-Wanddekoration mit Rahmen","global_unique_id":"6096524070081","_links":{"self":[{"href":"https:\/\/www.eliassen.nl\/de\/wp-json\/wp\/v2\/product\/74584","targetHints":{"allow":["GET"]}}],"collection":[{"href":"https:\/\/www.eliassen.nl\/de\/wp-json\/wp\/v2\/product"}],"about":[{"href":"https:\/\/www.eliassen.nl\/de\/wp-json\/wp\/v2\/types\/product"}],"wp:featuredmedia":[{"embeddable":true,"href":"https:\/\/www.eliassen.nl\/de\/wp-json\/wp\/v2\/media\/74578"}],"wp:attachment":[{"href":"https:\/\/www.eliassen.nl\/de\/wp-json\/wp\/v2\/media?parent=74584"}],"wp:term":[{"taxonomy":"product_brand","embeddable":true,"href":"https:\/\/www.eliassen.nl\/de\/wp-json\/wp\/v2\/product_brand?post=74584"},{"taxonomy":"product_cat","embeddable":true,"href":"https:\/\/www.eliassen.nl\/de\/wp-json\/wp\/v2\/product_cat?post=74584"},{"taxonomy":"product_tag","embeddable":true,"href":"https:\/\/www.eliassen.nl\/de\/wp-json\/wp\/v2\/product_tag?post=74584"}],"curies":[{"name":"wp","href":"https:\/\/api.w.org\/{rel}","templated":true}]}}