{"id":74362,"date":"2022-08-17T16:02:01","date_gmt":"2022-08-17T16:02:01","guid":{"rendered":"https:\/\/www.eliassen.nl\/?product=tuinsteker-balans-vlinder-bewegende-vleugels-125cm"},"modified":"2026-01-28T11:00:12","modified_gmt":"2026-01-28T10:00:12","slug":"gartensteckdose-schmetterling-mit-beweglichen-flugeln-125cm","status":"publish","type":"product","link":"https:\/\/www.eliassen.nl\/de\/gartensteckdose-schmetterling-mit-beweglichen-flugeln-125cm\/","title":{"rendered":"Gartenstab Balance Schmetterling mit beweglichen Fl\u00fcgeln 125cm"},"content":{"rendered":"<p>Wundersch\u00f6n gearbeitete Metallwaage mit einem Schmetterling, der mit den Fl\u00fcgeln im Wind flattert, die Sie \u00fcberall im Garten aufstellen k\u00f6nnen. Eine Zierde im Garten und sch\u00f6n zum Verschenken. Vollst\u00e4ndig handgefertigt und bemalt.<br \/>\nDa es sich um ein handgefertigtes Produkt handelt, kann die Abbildung geringf\u00fcgig von einer echten Abbildung abweichen.<\/p>\n<p><strong>Wir haben fast alles aus dieser Serie im Ausstellungsraum, kommen Sie doch einfach vorbei und schauen Sie sich um.<\/strong><\/p>\n<ul>\n<li>Gr\u00f6\u00dfe 45 x 45 x 125cm.<\/li>\n<li>Schnelle Lieferung.<\/li>\n<li>100% handgefertigt.<\/li>\n<li>1 Jahr Garantie.<\/li>\n<\/ul>\n<p>Bitte beachten Sie, dass dieses Produkt nicht f\u00fcr die Aufstellung bei starkem Wind geeignet ist.<\/p>\n","protected":false},"excerpt":{"rendered":"<p>Wundersch\u00f6n gearbeitete Metallwaage mit einem Schmetterling, der mit den Fl\u00fcgeln im Wind flattert, die Sie \u00fcberall im Garten aufstellen k\u00f6nnen. Eine Zierde im Garten und sch\u00f6n zum Verschenken. Vollst\u00e4ndig handgefertigt und bemalt. Da es sich um ein handgefertigtes Produkt handelt, kann die Abbildung geringf\u00fcgig von einer echten Abbildung abweichen. Wir haben fast alles aus dieser &hellip;<\/p>\n","protected":false},"featured_media":74359,"template":"","meta":{"_acf_changed":false,"_genesis_title":"","_genesis_description":""},"product_brand":[7505],"product_cat":[848,836,7064],"product_tag":[],"class_list":{"0":"post-74362","1":"product","2":"type-product","3":"status-publish","4":"has-post-thumbnail","6":"product_brand-sonstige","7":"product_cat-balance-garden-pfaehle","8":"product_cat-gartenstecker","9":"product_cat-werbeartikel","11":"first","12":"instock","13":"sale","14":"taxable","15":"shipping-taxable","16":"purchasable","17":"product-type-simple"},"acf":[],"meta_all":{"total_sales":"7","wcml_sync_hash":{"postmeta_fields":"c0072a9515fb1519d28104d3016c2d1c"},"attr_label_translations":[],"cor_restricted_countries":[]},"meta_all_flat":{"total_sales":"7","wcml_sync_hash.postmeta_fields":"c0072a9515fb1519d28104d3016c2d1c"},"yoast_head":"<!-- This site is optimized with the Yoast SEO Premium plugin v26.2 (Yoast SEO v27.2) - https:\/\/yoast.com\/product\/yoast-seo-premium-wordpress\/ -->\n<title>Gartenstab Balance Schmetterling mit beweglichen Fl\u00fcgeln 125cm<\/title>\n<meta name=\"description\" content=\"Suchen Sie einen Gartenhocker aus Metall? Bestellen Sie jetzt den Gartenstab moving butterfly. Kaufen Sie Gartendekorationen einfach auf unserer Website. Gro\u00dfe Auswahl \u2713 Schnelle Lieferung\" \/>\n<meta name=\"robots\" content=\"index, follow, max-snippet:-1, max-image-preview:large, max-video-preview:-1\" \/>\n<link rel=\"canonical\" href=\"https:\/\/www.eliassen.nl\/de\/gartensteckdose-schmetterling-mit-beweglichen-flugeln-125cm\/\" \/>\n<meta property=\"og:locale\" content=\"de_DE\" \/>\n<meta property=\"og:type\" content=\"article\" \/>\n<meta property=\"og:title\" content=\"Sonstige Gartenstab Balance Schmetterling mit beweglichen Fl\u00fcgeln 125cm - Eliassen.nl\" \/>\n<meta property=\"og:description\" content=\"Suchen Sie einen Gartenhocker aus Metall? Bestellen Sie jetzt den Gartenstab moving butterfly. Kaufen Sie Gartendekorationen einfach auf unserer Website. Gro\u00dfe Auswahl \u2713 Schnelle Lieferung\" \/>\n<meta property=\"og:url\" content=\"https:\/\/www.eliassen.nl\/de\/gartensteckdose-schmetterling-mit-beweglichen-flugeln-125cm\/\" \/>\n<meta property=\"og:site_name\" content=\"Eliassen.nl\" \/>\n<meta property=\"article:publisher\" content=\"https:\/\/www.facebook.com\/TuincentrumEliassenAmmerzoden\" \/>\n<meta property=\"article:modified_time\" content=\"2026-01-28T10:00:12+00:00\" \/>\n<meta property=\"og:image\" content=\"https:\/\/www.eliassen.nl\/wp-content\/uploads\/2024\/01\/md17358.jpg\" \/>\n\t<meta property=\"og:image:width\" content=\"2048\" \/>\n\t<meta property=\"og:image:height\" content=\"1536\" \/>\n\t<meta property=\"og:image:type\" content=\"image\/jpeg\" \/>\n<meta name=\"twitter:card\" content=\"summary_large_image\" \/>\n<script type=\"application\/ld+json\" class=\"yoast-schema-graph\">{\"@context\":\"https:\/\/schema.org\",\"@graph\":[{\"@type\":\"WebPage\",\"@id\":\"https:\/\/www.eliassen.nl\/de\/gartensteckdose-schmetterling-mit-beweglichen-flugeln-125cm\/\",\"url\":\"https:\/\/www.eliassen.nl\/de\/gartensteckdose-schmetterling-mit-beweglichen-flugeln-125cm\/\",\"name\":\"Gartenstab Balance Schmetterling mit beweglichen Fl\u00fcgeln 125cm\",\"isPartOf\":{\"@id\":\"https:\/\/www.eliassen.nl\/de\/#website\"},\"primaryImageOfPage\":{\"@id\":\"https:\/\/www.eliassen.nl\/de\/gartensteckdose-schmetterling-mit-beweglichen-flugeln-125cm\/#primaryimage\"},\"image\":{\"@id\":\"https:\/\/www.eliassen.nl\/de\/gartensteckdose-schmetterling-mit-beweglichen-flugeln-125cm\/#primaryimage\"},\"thumbnailUrl\":\"https:\/\/www.eliassen.nl\/wp-content\/uploads\/2024\/01\/md17358.jpg\",\"datePublished\":\"2022-08-17T16:02:01+00:00\",\"dateModified\":\"2026-01-28T10:00:12+00:00\",\"description\":\"Suchen Sie einen Gartenhocker aus Metall? Bestellen Sie jetzt den Gartenstab moving butterfly. Kaufen Sie Gartendekorationen einfach auf unserer Website. Gro\u00dfe Auswahl \u2713 Schnelle Lieferung\",\"breadcrumb\":{\"@id\":\"https:\/\/www.eliassen.nl\/de\/gartensteckdose-schmetterling-mit-beweglichen-flugeln-125cm\/#breadcrumb\"},\"inLanguage\":\"de\",\"potentialAction\":[{\"@type\":\"ReadAction\",\"target\":[\"https:\/\/www.eliassen.nl\/de\/gartensteckdose-schmetterling-mit-beweglichen-flugeln-125cm\/\"]}]},{\"@type\":\"ImageObject\",\"inLanguage\":\"de\",\"@id\":\"https:\/\/www.eliassen.nl\/de\/gartensteckdose-schmetterling-mit-beweglichen-flugeln-125cm\/#primaryimage\",\"url\":\"https:\/\/www.eliassen.nl\/wp-content\/uploads\/2024\/01\/md17358.jpg\",\"contentUrl\":\"https:\/\/www.eliassen.nl\/wp-content\/uploads\/2024\/01\/md17358.jpg\",\"width\":2048,\"height\":1536,\"caption\":\"MD17358\"},{\"@type\":\"BreadcrumbList\",\"@id\":\"https:\/\/www.eliassen.nl\/de\/gartensteckdose-schmetterling-mit-beweglichen-flugeln-125cm\/#breadcrumb\",\"itemListElement\":[{\"@type\":\"ListItem\",\"position\":1,\"name\":\"Home\",\"item\":\"https:\/\/www.eliassen.nl\/de\/\"},{\"@type\":\"ListItem\",\"position\":2,\"name\":\"Shop\",\"item\":\"https:\/\/www.eliassen.nl\/de\/shop\/\"},{\"@type\":\"ListItem\",\"position\":3,\"name\":\"Gartenstecker\",\"item\":\"https:\/\/www.eliassen.nl\/de\/gartenstecker\/\"},{\"@type\":\"ListItem\",\"position\":4,\"name\":\"Gartenstab Balance Schmetterling mit beweglichen Fl\u00fcgeln 125cm\"}]},{\"@type\":\"WebSite\",\"@id\":\"https:\/\/www.eliassen.nl\/de\/#website\",\"url\":\"https:\/\/www.eliassen.nl\/de\/\",\"name\":\"Eliassen Home & Garden Pleasure\",\"description\":\"\",\"publisher\":{\"@id\":\"https:\/\/www.eliassen.nl\/de\/#organization\"},\"alternateName\":\"Eliassen.nl\",\"potentialAction\":[{\"@type\":\"SearchAction\",\"target\":{\"@type\":\"EntryPoint\",\"urlTemplate\":\"https:\/\/www.eliassen.nl\/de\/?s={search_term_string}\"},\"query-input\":{\"@type\":\"PropertyValueSpecification\",\"valueRequired\":true,\"valueName\":\"search_term_string\"}}],\"inLanguage\":\"de\"},{\"@type\":[\"Organization\",\"Place\"],\"@id\":\"https:\/\/www.eliassen.nl\/de\/#organization\",\"name\":\"Eliassen Home & Garden Pleasure\",\"url\":\"https:\/\/www.eliassen.nl\/de\/\",\"logo\":{\"@id\":\"https:\/\/www.eliassen.nl\/de\/gartensteckdose-schmetterling-mit-beweglichen-flugeln-125cm\/#local-main-organization-logo\"},\"image\":{\"@id\":\"https:\/\/www.eliassen.nl\/de\/gartensteckdose-schmetterling-mit-beweglichen-flugeln-125cm\/#local-main-organization-logo\"},\"sameAs\":[\"https:\/\/www.facebook.com\/TuincentrumEliassenAmmerzoden\",\"https:\/\/www.instagram.com\/eliassenhomeandgarden\/\",\"https:\/\/nl.pinterest.com\/eliassenhomeandgarden\/\",\"https:\/\/www.youtube.com\/@eliassenhomegardenpleasure4558\"],\"telephone\":[],\"openingHoursSpecification\":[{\"@type\":\"OpeningHoursSpecification\",\"dayOfWeek\":[\"Monday\",\"Tuesday\",\"Wednesday\",\"Thursday\",\"Friday\",\"Saturday\",\"Sunday\"],\"opens\":\"09:00\",\"closes\":\"17:00\"}]},{\"@type\":\"ImageObject\",\"inLanguage\":\"de\",\"@id\":\"https:\/\/www.eliassen.nl\/de\/gartensteckdose-schmetterling-mit-beweglichen-flugeln-125cm\/#local-main-organization-logo\",\"url\":\"https:\/\/www.eliassen.nl\/wp-content\/uploads\/2024\/01\/logo_4nd.jpg\",\"contentUrl\":\"https:\/\/www.eliassen.nl\/wp-content\/uploads\/2024\/01\/logo_4nd.jpg\",\"width\":500,\"height\":500,\"caption\":\"Eliassen Home & Garden Pleasure\"}]}<\/script>\n<meta property=\"product:price:amount\" content=\"24.50\" \/>\n<meta property=\"product:price:currency\" content=\"EUR\" \/>\n<meta property=\"og:availability\" content=\"instock\" \/>\n<meta property=\"product:availability\" content=\"instock\" \/>\n<meta property=\"product:retailer_item_id\" content=\"Md17358\" \/>\n<meta property=\"product:condition\" content=\"new\" \/>\n<!-- \/ Yoast SEO Premium plugin. -->","yoast_head_json":{"title":"Gartenstab Balance Schmetterling mit beweglichen Fl\u00fcgeln 125cm","description":"Suchen Sie einen Gartenhocker aus Metall? Bestellen Sie jetzt den Gartenstab moving butterfly. Kaufen Sie Gartendekorationen einfach auf unserer Website. Gro\u00dfe Auswahl \u2713 Schnelle Lieferung","robots":{"index":"index","follow":"follow","max-snippet":"max-snippet:-1","max-image-preview":"max-image-preview:large","max-video-preview":"max-video-preview:-1"},"canonical":"https:\/\/www.eliassen.nl\/de\/gartensteckdose-schmetterling-mit-beweglichen-flugeln-125cm\/","og_locale":"de_DE","og_type":"article","og_title":"Sonstige Gartenstab Balance Schmetterling mit beweglichen Fl\u00fcgeln 125cm - Eliassen.nl","og_description":"Suchen Sie einen Gartenhocker aus Metall? Bestellen Sie jetzt den Gartenstab moving butterfly. Kaufen Sie Gartendekorationen einfach auf unserer Website. Gro\u00dfe Auswahl \u2713 Schnelle Lieferung","og_url":"https:\/\/www.eliassen.nl\/de\/gartensteckdose-schmetterling-mit-beweglichen-flugeln-125cm\/","og_site_name":"Eliassen.nl","article_publisher":"https:\/\/www.facebook.com\/TuincentrumEliassenAmmerzoden","article_modified_time":"2026-01-28T10:00:12+00:00","og_image":[{"width":2048,"height":1536,"url":"https:\/\/www.eliassen.nl\/wp-content\/uploads\/2024\/01\/md17358.jpg","type":"image\/jpeg"}],"twitter_card":"summary_large_image","schema":{"@context":"https:\/\/schema.org","@graph":[{"@type":"WebPage","@id":"https:\/\/www.eliassen.nl\/de\/gartensteckdose-schmetterling-mit-beweglichen-flugeln-125cm\/","url":"https:\/\/www.eliassen.nl\/de\/gartensteckdose-schmetterling-mit-beweglichen-flugeln-125cm\/","name":"Gartenstab Balance Schmetterling mit beweglichen Fl\u00fcgeln 125cm","isPartOf":{"@id":"https:\/\/www.eliassen.nl\/de\/#website"},"primaryImageOfPage":{"@id":"https:\/\/www.eliassen.nl\/de\/gartensteckdose-schmetterling-mit-beweglichen-flugeln-125cm\/#primaryimage"},"image":{"@id":"https:\/\/www.eliassen.nl\/de\/gartensteckdose-schmetterling-mit-beweglichen-flugeln-125cm\/#primaryimage"},"thumbnailUrl":"https:\/\/www.eliassen.nl\/wp-content\/uploads\/2024\/01\/md17358.jpg","datePublished":"2022-08-17T16:02:01+00:00","dateModified":"2026-01-28T10:00:12+00:00","description":"Suchen Sie einen Gartenhocker aus Metall? Bestellen Sie jetzt den Gartenstab moving butterfly. Kaufen Sie Gartendekorationen einfach auf unserer Website. Gro\u00dfe Auswahl \u2713 Schnelle Lieferung","breadcrumb":{"@id":"https:\/\/www.eliassen.nl\/de\/gartensteckdose-schmetterling-mit-beweglichen-flugeln-125cm\/#breadcrumb"},"inLanguage":"de","potentialAction":[{"@type":"ReadAction","target":["https:\/\/www.eliassen.nl\/de\/gartensteckdose-schmetterling-mit-beweglichen-flugeln-125cm\/"]}]},{"@type":"ImageObject","inLanguage":"de","@id":"https:\/\/www.eliassen.nl\/de\/gartensteckdose-schmetterling-mit-beweglichen-flugeln-125cm\/#primaryimage","url":"https:\/\/www.eliassen.nl\/wp-content\/uploads\/2024\/01\/md17358.jpg","contentUrl":"https:\/\/www.eliassen.nl\/wp-content\/uploads\/2024\/01\/md17358.jpg","width":2048,"height":1536,"caption":"MD17358"},{"@type":"BreadcrumbList","@id":"https:\/\/www.eliassen.nl\/de\/gartensteckdose-schmetterling-mit-beweglichen-flugeln-125cm\/#breadcrumb","itemListElement":[{"@type":"ListItem","position":1,"name":"Home","item":"https:\/\/www.eliassen.nl\/de\/"},{"@type":"ListItem","position":2,"name":"Shop","item":"https:\/\/www.eliassen.nl\/de\/shop\/"},{"@type":"ListItem","position":3,"name":"Gartenstecker","item":"https:\/\/www.eliassen.nl\/de\/gartenstecker\/"},{"@type":"ListItem","position":4,"name":"Gartenstab Balance Schmetterling mit beweglichen Fl\u00fcgeln 125cm"}]},{"@type":"WebSite","@id":"https:\/\/www.eliassen.nl\/de\/#website","url":"https:\/\/www.eliassen.nl\/de\/","name":"Eliassen Home & Garden Pleasure","description":"","publisher":{"@id":"https:\/\/www.eliassen.nl\/de\/#organization"},"alternateName":"Eliassen.nl","potentialAction":[{"@type":"SearchAction","target":{"@type":"EntryPoint","urlTemplate":"https:\/\/www.eliassen.nl\/de\/?s={search_term_string}"},"query-input":{"@type":"PropertyValueSpecification","valueRequired":true,"valueName":"search_term_string"}}],"inLanguage":"de"},{"@type":["Organization","Place"],"@id":"https:\/\/www.eliassen.nl\/de\/#organization","name":"Eliassen Home & Garden Pleasure","url":"https:\/\/www.eliassen.nl\/de\/","logo":{"@id":"https:\/\/www.eliassen.nl\/de\/gartensteckdose-schmetterling-mit-beweglichen-flugeln-125cm\/#local-main-organization-logo"},"image":{"@id":"https:\/\/www.eliassen.nl\/de\/gartensteckdose-schmetterling-mit-beweglichen-flugeln-125cm\/#local-main-organization-logo"},"sameAs":["https:\/\/www.facebook.com\/TuincentrumEliassenAmmerzoden","https:\/\/www.instagram.com\/eliassenhomeandgarden\/","https:\/\/nl.pinterest.com\/eliassenhomeandgarden\/","https:\/\/www.youtube.com\/@eliassenhomegardenpleasure4558"],"telephone":[],"openingHoursSpecification":[{"@type":"OpeningHoursSpecification","dayOfWeek":["Monday","Tuesday","Wednesday","Thursday","Friday","Saturday","Sunday"],"opens":"09:00","closes":"17:00"}]},{"@type":"ImageObject","inLanguage":"de","@id":"https:\/\/www.eliassen.nl\/de\/gartensteckdose-schmetterling-mit-beweglichen-flugeln-125cm\/#local-main-organization-logo","url":"https:\/\/www.eliassen.nl\/wp-content\/uploads\/2024\/01\/logo_4nd.jpg","contentUrl":"https:\/\/www.eliassen.nl\/wp-content\/uploads\/2024\/01\/logo_4nd.jpg","width":500,"height":500,"caption":"Eliassen Home & Garden Pleasure"}]},"product_price_amount":"24.50","product_price_currency":"EUR","og_availability":"instock","product_availability":"instock","product_retailer_item_id":"Md17358","product_condition":"new"},"df_price":24.5,"df_sale_price":24.5,"df_regular_price":47.5,"df_image_link":"https:\/\/www.eliassen.nl\/wp-content\/uploads\/2024\/01\/md17358.jpg","image":"https:\/\/www.eliassen.nl\/wp-content\/uploads\/2024\/01\/md17358.jpg","price_search":"<span class=\"woocommerce-Price-amount amount\"><bdi><span class=\"woocommerce-Price-currencySymbol\">&euro;<\/span>&nbsp;24,50<\/bdi><\/span>","category":"Balance Garden-Pf\u00e4hle","global_unique_id":"5410807173589","_links":{"self":[{"href":"https:\/\/www.eliassen.nl\/de\/wp-json\/wp\/v2\/product\/74362","targetHints":{"allow":["GET"]}}],"collection":[{"href":"https:\/\/www.eliassen.nl\/de\/wp-json\/wp\/v2\/product"}],"about":[{"href":"https:\/\/www.eliassen.nl\/de\/wp-json\/wp\/v2\/types\/product"}],"wp:featuredmedia":[{"embeddable":true,"href":"https:\/\/www.eliassen.nl\/de\/wp-json\/wp\/v2\/media\/74359"}],"wp:attachment":[{"href":"https:\/\/www.eliassen.nl\/de\/wp-json\/wp\/v2\/media?parent=74362"}],"wp:term":[{"taxonomy":"product_brand","embeddable":true,"href":"https:\/\/www.eliassen.nl\/de\/wp-json\/wp\/v2\/product_brand?post=74362"},{"taxonomy":"product_cat","embeddable":true,"href":"https:\/\/www.eliassen.nl\/de\/wp-json\/wp\/v2\/product_cat?post=74362"},{"taxonomy":"product_tag","embeddable":true,"href":"https:\/\/www.eliassen.nl\/de\/wp-json\/wp\/v2\/product_tag?post=74362"}],"curies":[{"name":"wp","href":"https:\/\/api.w.org\/{rel}","templated":true}]}}