{"id":73588,"date":"2022-07-25T14:11:15","date_gmt":"2022-07-25T14:11:15","guid":{"rendered":"https:\/\/www.eliassen.nl\/?product=zuil-blackstone-gebrand-25x25x75cm"},"modified":"2026-01-16T14:12:03","modified_gmt":"2026-01-16T13:12:03","slug":"saule-schwarzstein-gebrannt-25x25x75cm","status":"publish","type":"product","link":"https:\/\/www.eliassen.nl\/de\/saule-schwarzstein-gebrannt-25x25x75cm\/","title":{"rendered":"S\u00e4ule Blackstone gebrannt 25x25x75cm"},"content":{"rendered":"<p>Steinsockel kaufen? Dieser Sockel ist aus schwarzem Stein, mit gebrannten Seiten und gebrannter Oberseite. Diese robuste, nat\u00fcrlich geflammte S\u00e4ule l\u00e4sst sich hervorragend mit einem Blumentopf, einer Vase, einer Statue, einer Sonnenuhr oder einem anderen Objekt kombinieren, sieht aber auch in Ihrem Haus oder Gesch\u00e4ft gro\u00dfartig aus. Dieser Sockel ist ein schweres Objekt, das aus 28 mm dicken Steinplatten besteht und sehr fest steht. Diese S\u00e4ule ist an der Unterseite mit Gummi ausgestattet, um den Boden zu sch\u00fctzen.<\/p>\n<p>Wenn Sie auf der Suche nach einer S\u00e4ule aus Naturstein sind, sollten Sie diese S\u00e4ule unbedingt in Betracht ziehen.<\/p>\n<ul>\n<li>Gr\u00f6\u00dfe 25x25x75cm<\/li>\n<li>Steht sehr fest<\/li>\n<li>Unzerst\u00f6rbar<\/li>\n<li>Wandst\u00e4rke von mindestens 28 mm<\/li>\n<li>Sehr robuster, nat\u00fcrlicher Look<\/li>\n<li>Blaustein<\/li>\n<li>Gewicht ca. 60 kg<\/li>\n<\/ul>\n","protected":false},"excerpt":{"rendered":"<p>S\u00e4ule aus gebranntem Blaustein 25x25x75cm<\/p>\n","protected":false},"featured_media":73582,"template":"","meta":{"_acf_changed":false,"_genesis_title":"","_genesis_description":""},"product_brand":[7505],"product_cat":[782,785],"product_tag":[7300],"class_list":{"0":"post-73588","1":"product","2":"type-product","3":"status-publish","4":"has-post-thumbnail","6":"product_brand-sonstige","7":"product_cat-sockel","8":"product_cat-sockel-aus-naturstein","9":"product_tag-sockelstein","11":"first","12":"instock","13":"taxable","14":"shipping-taxable","15":"purchasable","16":"product-type-simple"},"acf":[],"meta_all":{"total_sales":"12","wcml_sync_hash":{"postmeta_fields":"7d119618ba36ed4115875064fb7ef8b6"},"attr_label_translations":[],"cor_restricted_countries":[]},"meta_all_flat":{"total_sales":"12","wcml_sync_hash.postmeta_fields":"7d119618ba36ed4115875064fb7ef8b6"},"yoast_head":"<!-- This site is optimized with the Yoast SEO Premium plugin v26.2 (Yoast SEO v27.2) - https:\/\/yoast.com\/product\/yoast-seo-premium-wordpress\/ -->\n<title>S\u00e4ule Blackstone gebrannt 25x25x75cm<\/title>\n<meta name=\"description\" content=\"Suchen Sie einen Sockel oder eine S\u00e4ule? Schauen Sie sich unser riesiges Angebot in unserem Webshop an, oder sehen Sie sie live in unserem Gesch\u00e4ft !!!\" \/>\n<meta name=\"robots\" content=\"index, follow, max-snippet:-1, max-image-preview:large, max-video-preview:-1\" \/>\n<link rel=\"canonical\" href=\"https:\/\/www.eliassen.nl\/de\/saule-schwarzstein-gebrannt-25x25x75cm\/\" \/>\n<meta property=\"og:locale\" content=\"de_DE\" \/>\n<meta property=\"og:type\" content=\"article\" \/>\n<meta property=\"og:title\" content=\"Sonstige S\u00e4ule Blackstone gebrannt 25x25x75cm - Eliassen.nl\" \/>\n<meta property=\"og:description\" content=\"Suchen Sie einen Sockel oder eine S\u00e4ule? Schauen Sie sich unser riesiges Angebot in unserem Webshop an, oder sehen Sie sie live in unserem Gesch\u00e4ft !!!\" \/>\n<meta property=\"og:url\" content=\"https:\/\/www.eliassen.nl\/de\/saule-schwarzstein-gebrannt-25x25x75cm\/\" \/>\n<meta property=\"og:site_name\" content=\"Eliassen.nl\" \/>\n<meta property=\"article:publisher\" content=\"https:\/\/www.facebook.com\/TuincentrumEliassenAmmerzoden\" \/>\n<meta property=\"article:modified_time\" content=\"2026-01-16T13:12:03+00:00\" \/>\n<meta property=\"og:image\" content=\"https:\/\/www.eliassen.nl\/wp-content\/uploads\/2024\/01\/mijnproject_192nd.png\" \/>\n\t<meta property=\"og:image:width\" content=\"750\" \/>\n\t<meta property=\"og:image:height\" content=\"1000\" \/>\n\t<meta property=\"og:image:type\" content=\"image\/png\" \/>\n<meta name=\"twitter:card\" content=\"summary_large_image\" \/>\n<script type=\"application\/ld+json\" class=\"yoast-schema-graph\">{\"@context\":\"https:\/\/schema.org\",\"@graph\":[{\"@type\":\"WebPage\",\"@id\":\"https:\/\/www.eliassen.nl\/de\/saule-schwarzstein-gebrannt-25x25x75cm\/\",\"url\":\"https:\/\/www.eliassen.nl\/de\/saule-schwarzstein-gebrannt-25x25x75cm\/\",\"name\":\"S\u00e4ule Blackstone gebrannt 25x25x75cm\",\"isPartOf\":{\"@id\":\"https:\/\/www.eliassen.nl\/de\/#website\"},\"primaryImageOfPage\":{\"@id\":\"https:\/\/www.eliassen.nl\/de\/saule-schwarzstein-gebrannt-25x25x75cm\/#primaryimage\"},\"image\":{\"@id\":\"https:\/\/www.eliassen.nl\/de\/saule-schwarzstein-gebrannt-25x25x75cm\/#primaryimage\"},\"thumbnailUrl\":\"https:\/\/www.eliassen.nl\/wp-content\/uploads\/2024\/01\/mijnproject_192nd.png\",\"datePublished\":\"2022-07-25T14:11:15+00:00\",\"dateModified\":\"2026-01-16T13:12:03+00:00\",\"description\":\"Suchen Sie einen Sockel oder eine S\u00e4ule? Schauen Sie sich unser riesiges Angebot in unserem Webshop an, oder sehen Sie sie live in unserem Gesch\u00e4ft !!!\",\"breadcrumb\":{\"@id\":\"https:\/\/www.eliassen.nl\/de\/saule-schwarzstein-gebrannt-25x25x75cm\/#breadcrumb\"},\"inLanguage\":\"de\",\"potentialAction\":[{\"@type\":\"ReadAction\",\"target\":[\"https:\/\/www.eliassen.nl\/de\/saule-schwarzstein-gebrannt-25x25x75cm\/\"]}]},{\"@type\":\"ImageObject\",\"inLanguage\":\"de\",\"@id\":\"https:\/\/www.eliassen.nl\/de\/saule-schwarzstein-gebrannt-25x25x75cm\/#primaryimage\",\"url\":\"https:\/\/www.eliassen.nl\/wp-content\/uploads\/2024\/01\/mijnproject_192nd.png\",\"contentUrl\":\"https:\/\/www.eliassen.nl\/wp-content\/uploads\/2024\/01\/mijnproject_192nd.png\",\"width\":750,\"height\":1000,\"caption\":\"Mein Projekt\"},{\"@type\":\"BreadcrumbList\",\"@id\":\"https:\/\/www.eliassen.nl\/de\/saule-schwarzstein-gebrannt-25x25x75cm\/#breadcrumb\",\"itemListElement\":[{\"@type\":\"ListItem\",\"position\":1,\"name\":\"Home\",\"item\":\"https:\/\/www.eliassen.nl\/de\/\"},{\"@type\":\"ListItem\",\"position\":2,\"name\":\"Shop\",\"item\":\"https:\/\/www.eliassen.nl\/de\/shop\/\"},{\"@type\":\"ListItem\",\"position\":3,\"name\":\"Sockel\",\"item\":\"https:\/\/www.eliassen.nl\/de\/sockel\/\"},{\"@type\":\"ListItem\",\"position\":4,\"name\":\"Sockel aus Naturstein\",\"item\":\"https:\/\/www.eliassen.nl\/de\/sockel\/sockel-aus-naturstein\/\"},{\"@type\":\"ListItem\",\"position\":5,\"name\":\"S\u00e4ule Blackstone gebrannt 25x25x75cm\"}]},{\"@type\":\"WebSite\",\"@id\":\"https:\/\/www.eliassen.nl\/de\/#website\",\"url\":\"https:\/\/www.eliassen.nl\/de\/\",\"name\":\"Eliassen Home & Garden Pleasure\",\"description\":\"\",\"publisher\":{\"@id\":\"https:\/\/www.eliassen.nl\/de\/#organization\"},\"alternateName\":\"Eliassen.nl\",\"potentialAction\":[{\"@type\":\"SearchAction\",\"target\":{\"@type\":\"EntryPoint\",\"urlTemplate\":\"https:\/\/www.eliassen.nl\/de\/?s={search_term_string}\"},\"query-input\":{\"@type\":\"PropertyValueSpecification\",\"valueRequired\":true,\"valueName\":\"search_term_string\"}}],\"inLanguage\":\"de\"},{\"@type\":[\"Organization\",\"Place\"],\"@id\":\"https:\/\/www.eliassen.nl\/de\/#organization\",\"name\":\"Eliassen Home & Garden Pleasure\",\"url\":\"https:\/\/www.eliassen.nl\/de\/\",\"logo\":{\"@id\":\"https:\/\/www.eliassen.nl\/de\/saule-schwarzstein-gebrannt-25x25x75cm\/#local-main-organization-logo\"},\"image\":{\"@id\":\"https:\/\/www.eliassen.nl\/de\/saule-schwarzstein-gebrannt-25x25x75cm\/#local-main-organization-logo\"},\"sameAs\":[\"https:\/\/www.facebook.com\/TuincentrumEliassenAmmerzoden\",\"https:\/\/www.instagram.com\/eliassenhomeandgarden\/\",\"https:\/\/nl.pinterest.com\/eliassenhomeandgarden\/\",\"https:\/\/www.youtube.com\/@eliassenhomegardenpleasure4558\"],\"telephone\":[],\"openingHoursSpecification\":[{\"@type\":\"OpeningHoursSpecification\",\"dayOfWeek\":[\"Monday\",\"Tuesday\",\"Wednesday\",\"Thursday\",\"Friday\",\"Saturday\",\"Sunday\"],\"opens\":\"09:00\",\"closes\":\"17:00\"}]},{\"@type\":\"ImageObject\",\"inLanguage\":\"de\",\"@id\":\"https:\/\/www.eliassen.nl\/de\/saule-schwarzstein-gebrannt-25x25x75cm\/#local-main-organization-logo\",\"url\":\"https:\/\/www.eliassen.nl\/wp-content\/uploads\/2024\/01\/logo_4nd.jpg\",\"contentUrl\":\"https:\/\/www.eliassen.nl\/wp-content\/uploads\/2024\/01\/logo_4nd.jpg\",\"width\":500,\"height\":500,\"caption\":\"Eliassen Home & Garden Pleasure\"}]}<\/script>\n<meta property=\"product:price:amount\" content=\"199.00\" \/>\n<meta property=\"product:price:currency\" content=\"EUR\" \/>\n<meta property=\"og:availability\" content=\"instock\" \/>\n<meta property=\"product:availability\" content=\"instock\" \/>\n<meta property=\"product:retailer_item_id\" content=\"Mikebs75\" \/>\n<meta property=\"product:condition\" content=\"new\" \/>\n<!-- \/ Yoast SEO Premium plugin. -->","yoast_head_json":{"title":"S\u00e4ule Blackstone gebrannt 25x25x75cm","description":"Suchen Sie einen Sockel oder eine S\u00e4ule? Schauen Sie sich unser riesiges Angebot in unserem Webshop an, oder sehen Sie sie live in unserem Gesch\u00e4ft !!!","robots":{"index":"index","follow":"follow","max-snippet":"max-snippet:-1","max-image-preview":"max-image-preview:large","max-video-preview":"max-video-preview:-1"},"canonical":"https:\/\/www.eliassen.nl\/de\/saule-schwarzstein-gebrannt-25x25x75cm\/","og_locale":"de_DE","og_type":"article","og_title":"Sonstige S\u00e4ule Blackstone gebrannt 25x25x75cm - Eliassen.nl","og_description":"Suchen Sie einen Sockel oder eine S\u00e4ule? Schauen Sie sich unser riesiges Angebot in unserem Webshop an, oder sehen Sie sie live in unserem Gesch\u00e4ft !!!","og_url":"https:\/\/www.eliassen.nl\/de\/saule-schwarzstein-gebrannt-25x25x75cm\/","og_site_name":"Eliassen.nl","article_publisher":"https:\/\/www.facebook.com\/TuincentrumEliassenAmmerzoden","article_modified_time":"2026-01-16T13:12:03+00:00","og_image":[{"width":750,"height":1000,"url":"https:\/\/www.eliassen.nl\/wp-content\/uploads\/2024\/01\/mijnproject_192nd.png","type":"image\/png"}],"twitter_card":"summary_large_image","schema":{"@context":"https:\/\/schema.org","@graph":[{"@type":"WebPage","@id":"https:\/\/www.eliassen.nl\/de\/saule-schwarzstein-gebrannt-25x25x75cm\/","url":"https:\/\/www.eliassen.nl\/de\/saule-schwarzstein-gebrannt-25x25x75cm\/","name":"S\u00e4ule Blackstone gebrannt 25x25x75cm","isPartOf":{"@id":"https:\/\/www.eliassen.nl\/de\/#website"},"primaryImageOfPage":{"@id":"https:\/\/www.eliassen.nl\/de\/saule-schwarzstein-gebrannt-25x25x75cm\/#primaryimage"},"image":{"@id":"https:\/\/www.eliassen.nl\/de\/saule-schwarzstein-gebrannt-25x25x75cm\/#primaryimage"},"thumbnailUrl":"https:\/\/www.eliassen.nl\/wp-content\/uploads\/2024\/01\/mijnproject_192nd.png","datePublished":"2022-07-25T14:11:15+00:00","dateModified":"2026-01-16T13:12:03+00:00","description":"Suchen Sie einen Sockel oder eine S\u00e4ule? Schauen Sie sich unser riesiges Angebot in unserem Webshop an, oder sehen Sie sie live in unserem Gesch\u00e4ft !!!","breadcrumb":{"@id":"https:\/\/www.eliassen.nl\/de\/saule-schwarzstein-gebrannt-25x25x75cm\/#breadcrumb"},"inLanguage":"de","potentialAction":[{"@type":"ReadAction","target":["https:\/\/www.eliassen.nl\/de\/saule-schwarzstein-gebrannt-25x25x75cm\/"]}]},{"@type":"ImageObject","inLanguage":"de","@id":"https:\/\/www.eliassen.nl\/de\/saule-schwarzstein-gebrannt-25x25x75cm\/#primaryimage","url":"https:\/\/www.eliassen.nl\/wp-content\/uploads\/2024\/01\/mijnproject_192nd.png","contentUrl":"https:\/\/www.eliassen.nl\/wp-content\/uploads\/2024\/01\/mijnproject_192nd.png","width":750,"height":1000,"caption":"Mein Projekt"},{"@type":"BreadcrumbList","@id":"https:\/\/www.eliassen.nl\/de\/saule-schwarzstein-gebrannt-25x25x75cm\/#breadcrumb","itemListElement":[{"@type":"ListItem","position":1,"name":"Home","item":"https:\/\/www.eliassen.nl\/de\/"},{"@type":"ListItem","position":2,"name":"Shop","item":"https:\/\/www.eliassen.nl\/de\/shop\/"},{"@type":"ListItem","position":3,"name":"Sockel","item":"https:\/\/www.eliassen.nl\/de\/sockel\/"},{"@type":"ListItem","position":4,"name":"Sockel aus Naturstein","item":"https:\/\/www.eliassen.nl\/de\/sockel\/sockel-aus-naturstein\/"},{"@type":"ListItem","position":5,"name":"S\u00e4ule Blackstone gebrannt 25x25x75cm"}]},{"@type":"WebSite","@id":"https:\/\/www.eliassen.nl\/de\/#website","url":"https:\/\/www.eliassen.nl\/de\/","name":"Eliassen Home & Garden Pleasure","description":"","publisher":{"@id":"https:\/\/www.eliassen.nl\/de\/#organization"},"alternateName":"Eliassen.nl","potentialAction":[{"@type":"SearchAction","target":{"@type":"EntryPoint","urlTemplate":"https:\/\/www.eliassen.nl\/de\/?s={search_term_string}"},"query-input":{"@type":"PropertyValueSpecification","valueRequired":true,"valueName":"search_term_string"}}],"inLanguage":"de"},{"@type":["Organization","Place"],"@id":"https:\/\/www.eliassen.nl\/de\/#organization","name":"Eliassen Home & Garden Pleasure","url":"https:\/\/www.eliassen.nl\/de\/","logo":{"@id":"https:\/\/www.eliassen.nl\/de\/saule-schwarzstein-gebrannt-25x25x75cm\/#local-main-organization-logo"},"image":{"@id":"https:\/\/www.eliassen.nl\/de\/saule-schwarzstein-gebrannt-25x25x75cm\/#local-main-organization-logo"},"sameAs":["https:\/\/www.facebook.com\/TuincentrumEliassenAmmerzoden","https:\/\/www.instagram.com\/eliassenhomeandgarden\/","https:\/\/nl.pinterest.com\/eliassenhomeandgarden\/","https:\/\/www.youtube.com\/@eliassenhomegardenpleasure4558"],"telephone":[],"openingHoursSpecification":[{"@type":"OpeningHoursSpecification","dayOfWeek":["Monday","Tuesday","Wednesday","Thursday","Friday","Saturday","Sunday"],"opens":"09:00","closes":"17:00"}]},{"@type":"ImageObject","inLanguage":"de","@id":"https:\/\/www.eliassen.nl\/de\/saule-schwarzstein-gebrannt-25x25x75cm\/#local-main-organization-logo","url":"https:\/\/www.eliassen.nl\/wp-content\/uploads\/2024\/01\/logo_4nd.jpg","contentUrl":"https:\/\/www.eliassen.nl\/wp-content\/uploads\/2024\/01\/logo_4nd.jpg","width":500,"height":500,"caption":"Eliassen Home & Garden Pleasure"}]},"product_price_amount":"199.00","product_price_currency":"EUR","og_availability":"instock","product_availability":"instock","product_retailer_item_id":"Mikebs75","product_condition":"new"},"df_price":199,"df_sale_price":"","df_regular_price":199,"df_image_link":"https:\/\/www.eliassen.nl\/wp-content\/uploads\/2024\/01\/mijnproject_192nd.png","image":"https:\/\/www.eliassen.nl\/wp-content\/uploads\/2024\/01\/mijnproject_192nd.png","price_search":"<span class=\"woocommerce-Price-amount amount\"><bdi><span class=\"woocommerce-Price-currencySymbol\">&euro;<\/span>&nbsp;199,00<\/bdi><\/span>","category":"Sockel","global_unique_id":"6096527646634","_links":{"self":[{"href":"https:\/\/www.eliassen.nl\/de\/wp-json\/wp\/v2\/product\/73588","targetHints":{"allow":["GET"]}}],"collection":[{"href":"https:\/\/www.eliassen.nl\/de\/wp-json\/wp\/v2\/product"}],"about":[{"href":"https:\/\/www.eliassen.nl\/de\/wp-json\/wp\/v2\/types\/product"}],"wp:featuredmedia":[{"embeddable":true,"href":"https:\/\/www.eliassen.nl\/de\/wp-json\/wp\/v2\/media\/73582"}],"wp:attachment":[{"href":"https:\/\/www.eliassen.nl\/de\/wp-json\/wp\/v2\/media?parent=73588"}],"wp:term":[{"taxonomy":"product_brand","embeddable":true,"href":"https:\/\/www.eliassen.nl\/de\/wp-json\/wp\/v2\/product_brand?post=73588"},{"taxonomy":"product_cat","embeddable":true,"href":"https:\/\/www.eliassen.nl\/de\/wp-json\/wp\/v2\/product_cat?post=73588"},{"taxonomy":"product_tag","embeddable":true,"href":"https:\/\/www.eliassen.nl\/de\/wp-json\/wp\/v2\/product_tag?post=73588"}],"curies":[{"name":"wp","href":"https:\/\/api.w.org\/{rel}","templated":true}]}}