{"id":73462,"date":"2022-07-22T16:59:24","date_gmt":"2022-07-22T14:59:24","guid":{"rendered":"https:\/\/www.eliassen.nl\/?product=glasschilderij-abstracte-vrouw-80x120cm"},"modified":"2026-01-07T13:24:25","modified_gmt":"2026-01-07T12:24:25","slug":"glasmalerei-abstrakte-frau-80x120cm","status":"publish","type":"product","link":"https:\/\/www.eliassen.nl\/de\/glasmalerei-abstrakte-frau-80x120cm\/","title":{"rendered":"Glasmalerei Abstrakte Frau 80x120cm."},"content":{"rendered":"<p>Dieses wundersch\u00f6ne Glasgem\u00e4lde mit den Ma\u00dfen 80x120cm ist eine tolle Erg\u00e4nzung f\u00fcr Ihr Wohnzimmer, Schlafzimmer oder jeden anderen Raum. Dieses Glasgem\u00e4lde mit dem abstrakt dargestellten Gesicht einer Frau ist ein messerscharfes Bild, das als Kunst an der Wand in einem schlichten\/modernen Interieur wunderbar zur Geltung kommen wird.<\/p>\n<p>Diese wundersch\u00f6ne Glasmalerei hat einen sch\u00f6nen Glanz, da das Foto auf der R\u00fcckseite in das 4 mm dicke Glas eingebrannt ist.<\/p>\n<p><strong>Wir haben fast die gesamte Gem\u00e4ldesammlung, die auf unserer Website aufgef\u00fchrt ist, in unserem Shop, was in den Niederlanden einzigartig ist!<\/strong><\/p>\n<ul>\n<li>  Gr\u00f6\u00dfe 80x120cm<\/li>\n<li> Schnelle Lieferung<\/li>\n<li> Praktisch unzerbrechlich<\/li>\n<li> Superscharfes Bild<\/li>\n<li> 4 mm dickes geh\u00e4rtetes Glas<\/li>\n<li> Praktisch unempfindlich gegen Kratzer<\/li>\n<li> Einfaches Aufh\u00e4ngen mit 2 Haken<\/li>\n<\/ul>\n","protected":false},"excerpt":{"rendered":"<p>Dieses wundersch\u00f6ne Glasgem\u00e4lde mit den Ma\u00dfen 80x120cm ist eine tolle Erg\u00e4nzung f\u00fcr Ihr Wohnzimmer, Schlafzimmer oder jeden anderen Raum. Dieses Glasgem\u00e4lde mit dem abstrakt dargestellten Gesicht einer Frau ist ein messerscharfes Bild, das als Kunst an der Wand in einem schlichten\/modernen Interieur wunderbar zur Geltung kommen wird. Diese wundersch\u00f6ne Glasmalerei hat einen sch\u00f6nen Glanz, da &hellip;<\/p>\n","protected":false},"featured_media":73459,"template":"","meta":{"_acf_changed":false,"_genesis_title":"","_genesis_description":""},"product_brand":[6940],"product_cat":[410,455,443],"product_tag":[],"class_list":{"0":"post-73462","1":"product","2":"type-product","3":"status-publish","4":"has-post-thumbnail","6":"product_brand-ter-halle-de","7":"product_cat-gemaelde","8":"product_cat-glasmalerei-im-format-80x120cm","9":"product_cat-glasmalereien","11":"first","12":"instock","13":"sale","14":"taxable","15":"shipping-taxable","16":"purchasable","17":"product-type-simple"},"acf":[],"meta_all":{"total_sales":"0","wcml_sync_hash":{"postmeta_fields":"2d4026d6011d9d4ba4dcc3a502264929"},"attr_label_translations":[]},"meta_all_flat":{"total_sales":"0","wcml_sync_hash.postmeta_fields":"2d4026d6011d9d4ba4dcc3a502264929"},"yoast_head":"<!-- This site is optimized with the Yoast SEO Premium plugin v26.2 (Yoast SEO v27.2) - https:\/\/yoast.com\/product\/yoast-seo-premium-wordpress\/ -->\n<title>Glasmalerei Abstrakte Frau 80x120cm.<\/title>\n<meta name=\"description\" content=\"Glasmalerei Abstrakte Frau kaufen ? Eliassen bietet eine gro\u00dfe Auswahl an (Glas-)Gem\u00e4lden in einem gro\u00dfen Ausstellungsraum und online schnelle Lieferzeiten.\" \/>\n<meta name=\"robots\" content=\"index, follow, max-snippet:-1, max-image-preview:large, max-video-preview:-1\" \/>\n<link rel=\"canonical\" href=\"https:\/\/www.eliassen.nl\/de\/glasmalerei-abstrakte-frau-80x120cm\/\" \/>\n<meta property=\"og:locale\" content=\"de_DE\" \/>\n<meta property=\"og:type\" content=\"article\" \/>\n<meta property=\"og:title\" content=\"Ter Halle Glasmalerei Abstrakte Frau 80x120cm. - Eliassen.nl\" \/>\n<meta property=\"og:description\" content=\"Glasmalerei Abstrakte Frau kaufen ? Eliassen bietet eine gro\u00dfe Auswahl an (Glas-)Gem\u00e4lden in einem gro\u00dfen Ausstellungsraum und online schnelle Lieferzeiten.\" \/>\n<meta property=\"og:url\" content=\"https:\/\/www.eliassen.nl\/de\/glasmalerei-abstrakte-frau-80x120cm\/\" \/>\n<meta property=\"og:site_name\" content=\"Eliassen.nl\" \/>\n<meta property=\"article:publisher\" content=\"https:\/\/www.facebook.com\/TuincentrumEliassenAmmerzoden\" \/>\n<meta property=\"article:modified_time\" content=\"2026-01-07T12:24:25+00:00\" \/>\n<meta property=\"og:image\" content=\"https:\/\/www.eliassen.nl\/wp-content\/uploads\/2024\/01\/abstractevrouweliassennl.jpg\" \/>\n\t<meta property=\"og:image:width\" content=\"800\" \/>\n\t<meta property=\"og:image:height\" content=\"1200\" \/>\n\t<meta property=\"og:image:type\" content=\"image\/jpeg\" \/>\n<meta name=\"twitter:card\" content=\"summary_large_image\" \/>\n<script type=\"application\/ld+json\" class=\"yoast-schema-graph\">{\"@context\":\"https:\/\/schema.org\",\"@graph\":[{\"@type\":\"WebPage\",\"@id\":\"https:\/\/www.eliassen.nl\/de\/glasmalerei-abstrakte-frau-80x120cm\/\",\"url\":\"https:\/\/www.eliassen.nl\/de\/glasmalerei-abstrakte-frau-80x120cm\/\",\"name\":\"Glasmalerei Abstrakte Frau 80x120cm.\",\"isPartOf\":{\"@id\":\"https:\/\/www.eliassen.nl\/de\/#website\"},\"primaryImageOfPage\":{\"@id\":\"https:\/\/www.eliassen.nl\/de\/glasmalerei-abstrakte-frau-80x120cm\/#primaryimage\"},\"image\":{\"@id\":\"https:\/\/www.eliassen.nl\/de\/glasmalerei-abstrakte-frau-80x120cm\/#primaryimage\"},\"thumbnailUrl\":\"https:\/\/www.eliassen.nl\/wp-content\/uploads\/2024\/01\/abstractevrouweliassennl.jpg\",\"datePublished\":\"2022-07-22T14:59:24+00:00\",\"dateModified\":\"2026-01-07T12:24:25+00:00\",\"description\":\"Glasmalerei Abstrakte Frau kaufen ? Eliassen bietet eine gro\u00dfe Auswahl an (Glas-)Gem\u00e4lden in einem gro\u00dfen Ausstellungsraum und online schnelle Lieferzeiten.\",\"breadcrumb\":{\"@id\":\"https:\/\/www.eliassen.nl\/de\/glasmalerei-abstrakte-frau-80x120cm\/#breadcrumb\"},\"inLanguage\":\"de\",\"potentialAction\":[{\"@type\":\"ReadAction\",\"target\":[\"https:\/\/www.eliassen.nl\/de\/glasmalerei-abstrakte-frau-80x120cm\/\"]}]},{\"@type\":\"ImageObject\",\"inLanguage\":\"de\",\"@id\":\"https:\/\/www.eliassen.nl\/de\/glasmalerei-abstrakte-frau-80x120cm\/#primaryimage\",\"url\":\"https:\/\/www.eliassen.nl\/wp-content\/uploads\/2024\/01\/abstractevrouweliassennl.jpg\",\"contentUrl\":\"https:\/\/www.eliassen.nl\/wp-content\/uploads\/2024\/01\/abstractevrouweliassennl.jpg\",\"width\":800,\"height\":1200,\"caption\":\"Abstrakte Frau - Eliassen.co.uk\"},{\"@type\":\"BreadcrumbList\",\"@id\":\"https:\/\/www.eliassen.nl\/de\/glasmalerei-abstrakte-frau-80x120cm\/#breadcrumb\",\"itemListElement\":[{\"@type\":\"ListItem\",\"position\":1,\"name\":\"Home\",\"item\":\"https:\/\/www.eliassen.nl\/de\/\"},{\"@type\":\"ListItem\",\"position\":2,\"name\":\"Shop\",\"item\":\"https:\/\/www.eliassen.nl\/de\/shop\/\"},{\"@type\":\"ListItem\",\"position\":3,\"name\":\"Glasmalereien\",\"item\":\"https:\/\/www.eliassen.nl\/de\/gemaelde\/glasmalereien\/\"},{\"@type\":\"ListItem\",\"position\":4,\"name\":\"Glasmalerei im Format 80x120cm\",\"item\":\"https:\/\/www.eliassen.nl\/de\/gemaelde\/glasmalereien\/glasmalerei-im-format-80x120cm\/\"},{\"@type\":\"ListItem\",\"position\":5,\"name\":\"Glasmalerei Abstrakte Frau 80x120cm.\"}]},{\"@type\":\"WebSite\",\"@id\":\"https:\/\/www.eliassen.nl\/de\/#website\",\"url\":\"https:\/\/www.eliassen.nl\/de\/\",\"name\":\"Eliassen Home & Garden Pleasure\",\"description\":\"\",\"publisher\":{\"@id\":\"https:\/\/www.eliassen.nl\/de\/#organization\"},\"alternateName\":\"Eliassen.nl\",\"potentialAction\":[{\"@type\":\"SearchAction\",\"target\":{\"@type\":\"EntryPoint\",\"urlTemplate\":\"https:\/\/www.eliassen.nl\/de\/?s={search_term_string}\"},\"query-input\":{\"@type\":\"PropertyValueSpecification\",\"valueRequired\":true,\"valueName\":\"search_term_string\"}}],\"inLanguage\":\"de\"},{\"@type\":[\"Organization\",\"Place\"],\"@id\":\"https:\/\/www.eliassen.nl\/de\/#organization\",\"name\":\"Eliassen Home & Garden Pleasure\",\"url\":\"https:\/\/www.eliassen.nl\/de\/\",\"logo\":{\"@id\":\"https:\/\/www.eliassen.nl\/de\/glasmalerei-abstrakte-frau-80x120cm\/#local-main-organization-logo\"},\"image\":{\"@id\":\"https:\/\/www.eliassen.nl\/de\/glasmalerei-abstrakte-frau-80x120cm\/#local-main-organization-logo\"},\"sameAs\":[\"https:\/\/www.facebook.com\/TuincentrumEliassenAmmerzoden\",\"https:\/\/www.instagram.com\/eliassenhomeandgarden\/\",\"https:\/\/nl.pinterest.com\/eliassenhomeandgarden\/\",\"https:\/\/www.youtube.com\/@eliassenhomegardenpleasure4558\"],\"telephone\":[],\"openingHoursSpecification\":[{\"@type\":\"OpeningHoursSpecification\",\"dayOfWeek\":[\"Monday\",\"Tuesday\",\"Wednesday\",\"Thursday\",\"Friday\",\"Saturday\",\"Sunday\"],\"opens\":\"09:00\",\"closes\":\"17:00\"}]},{\"@type\":\"ImageObject\",\"inLanguage\":\"de\",\"@id\":\"https:\/\/www.eliassen.nl\/de\/glasmalerei-abstrakte-frau-80x120cm\/#local-main-organization-logo\",\"url\":\"https:\/\/www.eliassen.nl\/wp-content\/uploads\/2024\/01\/logo_4nd.jpg\",\"contentUrl\":\"https:\/\/www.eliassen.nl\/wp-content\/uploads\/2024\/01\/logo_4nd.jpg\",\"width\":500,\"height\":500,\"caption\":\"Eliassen Home & Garden Pleasure\"}]}<\/script>\n<meta property=\"product:price:amount\" content=\"109.00\" \/>\n<meta property=\"product:price:currency\" content=\"EUR\" \/>\n<meta property=\"og:availability\" content=\"instock\" \/>\n<meta property=\"product:availability\" content=\"instock\" \/>\n<meta property=\"product:retailer_item_id\" content=\"Glas080120-776\" \/>\n<meta property=\"product:condition\" content=\"new\" \/>\n<!-- \/ Yoast SEO Premium plugin. -->","yoast_head_json":{"title":"Glasmalerei Abstrakte Frau 80x120cm.","description":"Glasmalerei Abstrakte Frau kaufen ? Eliassen bietet eine gro\u00dfe Auswahl an (Glas-)Gem\u00e4lden in einem gro\u00dfen Ausstellungsraum und online schnelle Lieferzeiten.","robots":{"index":"index","follow":"follow","max-snippet":"max-snippet:-1","max-image-preview":"max-image-preview:large","max-video-preview":"max-video-preview:-1"},"canonical":"https:\/\/www.eliassen.nl\/de\/glasmalerei-abstrakte-frau-80x120cm\/","og_locale":"de_DE","og_type":"article","og_title":"Ter Halle Glasmalerei Abstrakte Frau 80x120cm. - Eliassen.nl","og_description":"Glasmalerei Abstrakte Frau kaufen ? Eliassen bietet eine gro\u00dfe Auswahl an (Glas-)Gem\u00e4lden in einem gro\u00dfen Ausstellungsraum und online schnelle Lieferzeiten.","og_url":"https:\/\/www.eliassen.nl\/de\/glasmalerei-abstrakte-frau-80x120cm\/","og_site_name":"Eliassen.nl","article_publisher":"https:\/\/www.facebook.com\/TuincentrumEliassenAmmerzoden","article_modified_time":"2026-01-07T12:24:25+00:00","og_image":[{"width":800,"height":1200,"url":"https:\/\/www.eliassen.nl\/wp-content\/uploads\/2024\/01\/abstractevrouweliassennl.jpg","type":"image\/jpeg"}],"twitter_card":"summary_large_image","schema":{"@context":"https:\/\/schema.org","@graph":[{"@type":"WebPage","@id":"https:\/\/www.eliassen.nl\/de\/glasmalerei-abstrakte-frau-80x120cm\/","url":"https:\/\/www.eliassen.nl\/de\/glasmalerei-abstrakte-frau-80x120cm\/","name":"Glasmalerei Abstrakte Frau 80x120cm.","isPartOf":{"@id":"https:\/\/www.eliassen.nl\/de\/#website"},"primaryImageOfPage":{"@id":"https:\/\/www.eliassen.nl\/de\/glasmalerei-abstrakte-frau-80x120cm\/#primaryimage"},"image":{"@id":"https:\/\/www.eliassen.nl\/de\/glasmalerei-abstrakte-frau-80x120cm\/#primaryimage"},"thumbnailUrl":"https:\/\/www.eliassen.nl\/wp-content\/uploads\/2024\/01\/abstractevrouweliassennl.jpg","datePublished":"2022-07-22T14:59:24+00:00","dateModified":"2026-01-07T12:24:25+00:00","description":"Glasmalerei Abstrakte Frau kaufen ? Eliassen bietet eine gro\u00dfe Auswahl an (Glas-)Gem\u00e4lden in einem gro\u00dfen Ausstellungsraum und online schnelle Lieferzeiten.","breadcrumb":{"@id":"https:\/\/www.eliassen.nl\/de\/glasmalerei-abstrakte-frau-80x120cm\/#breadcrumb"},"inLanguage":"de","potentialAction":[{"@type":"ReadAction","target":["https:\/\/www.eliassen.nl\/de\/glasmalerei-abstrakte-frau-80x120cm\/"]}]},{"@type":"ImageObject","inLanguage":"de","@id":"https:\/\/www.eliassen.nl\/de\/glasmalerei-abstrakte-frau-80x120cm\/#primaryimage","url":"https:\/\/www.eliassen.nl\/wp-content\/uploads\/2024\/01\/abstractevrouweliassennl.jpg","contentUrl":"https:\/\/www.eliassen.nl\/wp-content\/uploads\/2024\/01\/abstractevrouweliassennl.jpg","width":800,"height":1200,"caption":"Abstrakte Frau - Eliassen.co.uk"},{"@type":"BreadcrumbList","@id":"https:\/\/www.eliassen.nl\/de\/glasmalerei-abstrakte-frau-80x120cm\/#breadcrumb","itemListElement":[{"@type":"ListItem","position":1,"name":"Home","item":"https:\/\/www.eliassen.nl\/de\/"},{"@type":"ListItem","position":2,"name":"Shop","item":"https:\/\/www.eliassen.nl\/de\/shop\/"},{"@type":"ListItem","position":3,"name":"Glasmalereien","item":"https:\/\/www.eliassen.nl\/de\/gemaelde\/glasmalereien\/"},{"@type":"ListItem","position":4,"name":"Glasmalerei im Format 80x120cm","item":"https:\/\/www.eliassen.nl\/de\/gemaelde\/glasmalereien\/glasmalerei-im-format-80x120cm\/"},{"@type":"ListItem","position":5,"name":"Glasmalerei Abstrakte Frau 80x120cm."}]},{"@type":"WebSite","@id":"https:\/\/www.eliassen.nl\/de\/#website","url":"https:\/\/www.eliassen.nl\/de\/","name":"Eliassen Home & Garden Pleasure","description":"","publisher":{"@id":"https:\/\/www.eliassen.nl\/de\/#organization"},"alternateName":"Eliassen.nl","potentialAction":[{"@type":"SearchAction","target":{"@type":"EntryPoint","urlTemplate":"https:\/\/www.eliassen.nl\/de\/?s={search_term_string}"},"query-input":{"@type":"PropertyValueSpecification","valueRequired":true,"valueName":"search_term_string"}}],"inLanguage":"de"},{"@type":["Organization","Place"],"@id":"https:\/\/www.eliassen.nl\/de\/#organization","name":"Eliassen Home & Garden Pleasure","url":"https:\/\/www.eliassen.nl\/de\/","logo":{"@id":"https:\/\/www.eliassen.nl\/de\/glasmalerei-abstrakte-frau-80x120cm\/#local-main-organization-logo"},"image":{"@id":"https:\/\/www.eliassen.nl\/de\/glasmalerei-abstrakte-frau-80x120cm\/#local-main-organization-logo"},"sameAs":["https:\/\/www.facebook.com\/TuincentrumEliassenAmmerzoden","https:\/\/www.instagram.com\/eliassenhomeandgarden\/","https:\/\/nl.pinterest.com\/eliassenhomeandgarden\/","https:\/\/www.youtube.com\/@eliassenhomegardenpleasure4558"],"telephone":[],"openingHoursSpecification":[{"@type":"OpeningHoursSpecification","dayOfWeek":["Monday","Tuesday","Wednesday","Thursday","Friday","Saturday","Sunday"],"opens":"09:00","closes":"17:00"}]},{"@type":"ImageObject","inLanguage":"de","@id":"https:\/\/www.eliassen.nl\/de\/glasmalerei-abstrakte-frau-80x120cm\/#local-main-organization-logo","url":"https:\/\/www.eliassen.nl\/wp-content\/uploads\/2024\/01\/logo_4nd.jpg","contentUrl":"https:\/\/www.eliassen.nl\/wp-content\/uploads\/2024\/01\/logo_4nd.jpg","width":500,"height":500,"caption":"Eliassen Home & Garden Pleasure"}]},"product_price_amount":"109.00","product_price_currency":"EUR","og_availability":"instock","product_availability":"instock","product_retailer_item_id":"Glas080120-776","product_condition":"new"},"df_price":109,"df_sale_price":109,"df_regular_price":139,"df_image_link":"https:\/\/www.eliassen.nl\/wp-content\/uploads\/2024\/01\/abstractevrouweliassennl.jpg","image":"https:\/\/www.eliassen.nl\/wp-content\/uploads\/2024\/01\/abstractevrouweliassennl.jpg","price_search":"<span class=\"woocommerce-Price-amount amount\"><bdi><span class=\"woocommerce-Price-currencySymbol\">&euro;<\/span>&nbsp;109,00<\/bdi><\/span>","category":"Gem\u00e4lde","global_unique_id":"8714688603904","_links":{"self":[{"href":"https:\/\/www.eliassen.nl\/de\/wp-json\/wp\/v2\/product\/73462","targetHints":{"allow":["GET"]}}],"collection":[{"href":"https:\/\/www.eliassen.nl\/de\/wp-json\/wp\/v2\/product"}],"about":[{"href":"https:\/\/www.eliassen.nl\/de\/wp-json\/wp\/v2\/types\/product"}],"wp:featuredmedia":[{"embeddable":true,"href":"https:\/\/www.eliassen.nl\/de\/wp-json\/wp\/v2\/media\/73459"}],"wp:attachment":[{"href":"https:\/\/www.eliassen.nl\/de\/wp-json\/wp\/v2\/media?parent=73462"}],"wp:term":[{"taxonomy":"product_brand","embeddable":true,"href":"https:\/\/www.eliassen.nl\/de\/wp-json\/wp\/v2\/product_brand?post=73462"},{"taxonomy":"product_cat","embeddable":true,"href":"https:\/\/www.eliassen.nl\/de\/wp-json\/wp\/v2\/product_cat?post=73462"},{"taxonomy":"product_tag","embeddable":true,"href":"https:\/\/www.eliassen.nl\/de\/wp-json\/wp\/v2\/product_tag?post=73462"}],"curies":[{"name":"wp","href":"https:\/\/api.w.org\/{rel}","templated":true}]}}